{"id":34070,"date":"2024-03-18T14:48:30","date_gmt":"2024-03-18T07:48:30","guid":{"rendered":"https:\/\/havamall.vn\/?post_type=product&#038;p=34070"},"modified":"2024-03-18T14:48:30","modified_gmt":"2024-03-18T07:48:30","slug":"thot-not-ngam-duong-dong-lon-dole-565g-toddy-palm-in-syrup","status":"publish","type":"product","link":"https:\/\/havamall.vn\/en\/shop\/thot-not-ngam-duong-dong-lon-dole-565g-toddy-palm-in-syrup\/","title":{"rendered":"Th\u1ed1t N\u1ed1t Ng\u00e2m \u0110\u01b0\u1eddng \u0110\u00f3ng Lon Dole 565g &#8211; Toddy Palm In Syrup"},"content":{"rendered":"<h2><\/h2>\n<h2><strong>TH\u00d4NG TIN CHUNG<\/strong><\/h2>\n<table>\n<tbody>\n<tr>\n<td>Th\u01b0\u01a1ng hi\u1ec7u<\/td>\n<td>Dole<\/td>\n<\/tr>\n<tr>\n<td>Xu\u1ea5t x\u1ee9<\/td>\n<td>Th\u00e1i Lan<\/td>\n<\/tr>\n<tr>\n<td>Th\u00e0nh ph\u1ea7n<\/td>\n<td>Th\u1ed1t n\u1ed1t 44%, n\u01b0\u1edbc \u0111\u01b0\u1eddng 17%,&#8230;<\/td>\n<\/tr>\n<tr>\n<td>H\u1ea1n s\u1eed d\u1ee5ng<\/td>\n<td>36 th\u00e1ng k\u1ec3 t\u1eeb ng\u00e0y s\u1ea3n xu\u1ea5t.<\/td>\n<\/tr>\n<tr>\n<td>B\u1ea3o qu\u1ea3n<\/td>\n<td>\u0110\u1ec3 n\u01a1i kh\u00f4 r\u00e1o, tho\u00e1ng m\u00e1t, tr\u00e1nh \u00e1nh n\u1eafng tr\u1ef1c ti\u1ebfp<\/td>\n<\/tr>\n<tr>\n<td>Kh\u1ed1i l\u01b0\u1ee3ng t\u1ecbnh<\/td>\n<td>565g<\/td>\n<\/tr>\n<\/tbody>\n<\/table>\n<p>Th\u1ed1t n\u1ed1t l\u00e0 lo\u00e0i th\u1ef1c v\u1eadt thu\u1ed9c h\u1ecd D\u1eeba, \u0111\u01b0\u1ee3c tr\u1ed3ng ch\u1ee7 y\u1ebfu v\u1edbi m\u1ee5c \u0111\u00edch ch\u1ebf bi\u1ebfn \u0111\u01b0\u1eddng, r\u01b0\u1ee3u.Th\u1ed1t n\u1ed1t l\u00e0 lo\u1ea1i \u0111\u1eb7c s\u1ea3n n\u1ed5i ti\u1ebfng \u0111\u01b0\u1ee3c t\u00ecm th\u1ea5y \u1edf nh\u1eefng v\u00f9ng s\u00f4ng n\u01b0\u1edbc. Th\u1ed1t n\u1ed1t c\u00f3 c\u00e2y \u0111\u1ef1c v\u00e0 c\u00e2y c\u00e1i. C\u00e2y c\u00e1i s\u1ebd ra hoa v\u00e0 k\u1ebft qu\u1ea3 c\u00f2n c\u00e2y \u0111\u1ef1c ra hoa v\u00e0 \u0111\u01b0\u1ee3c l\u1ea5y n\u01b0\u1edbc l\u00e0m \u0111\u01b0\u1eddng. T\u01b0\u01a1ng t\u1ef1 hoa th\u1ed1t n\u1ed1t c\u00e1i s\u1ebd k\u1ebft qu\u1ea3 c\u00f2n hoa th\u1ed1t n\u1ed1t \u0111\u1ef1c kh\u00f4ng th\u1ec3 k\u1ebft tr\u00e1i n\u00ean th\u01b0\u1eddng ch\u1ec9 d\u00f9ng l\u1ea5y n\u01b0\u1edbc. B\u00ean c\u1ea1nh \u0111\u00f3, lo\u1ea1i c\u00e2y n\u00e0y c\u00f2n \u0111\u01b0\u1ee3c s\u1eed d\u1ee5ng \u0111\u1ec3 \u0111i\u1ec1u ch\u1ebf m\u1ed9t s\u1ed1 v\u1ecb thu\u1ed1c trong \u0110\u00f4ng y.\u00a0<img fetchpriority=\"high\" decoding=\"async\" class=\"wp-image-34072 aligncenter\" src=\"https:\/\/havamall.vn\/wp-content\/uploads\/2024\/03\/thot-lot-dong-lon-3-300x200.jpeg\" alt=\"\" width=\"788\" height=\"525\" srcset=\"https:\/\/havamall.vn\/wp-content\/uploads\/2024\/03\/thot-lot-dong-lon-3-300x200.jpeg 300w, https:\/\/havamall.vn\/wp-content\/uploads\/2024\/03\/thot-lot-dong-lon-3-600x399.jpeg 600w, https:\/\/havamall.vn\/wp-content\/uploads\/2024\/03\/thot-lot-dong-lon-3-1200x799.jpeg 1200w, https:\/\/havamall.vn\/wp-content\/uploads\/2024\/03\/thot-lot-dong-lon-3-768x511.jpeg 768w, https:\/\/havamall.vn\/wp-content\/uploads\/2024\/03\/thot-lot-dong-lon-3-1024x682.jpeg 1024w, https:\/\/havamall.vn\/wp-content\/uploads\/2024\/03\/thot-lot-dong-lon-3.jpeg 1280w\" sizes=\"(max-width: 788px) 100vw, 788px\" \/> \u00a0\u00a0Th\u1ed1t n\u1ed1t l\u00e0 gi\u1ed1ng c\u00e2y s\u1ed1ng l\u00e2u n\u0103m, c\u00f3 kh\u1ea3 n\u0103ng ch\u1ecbu h\u1ea1n, s\u1ed1ng \u0111\u01b0\u1ee3c tr\u00ean nhi\u1ec1u lo\u1ea1i \u0111\u1ea5t, \u01b0a s\u00e1ng nh\u01b0ng kh\u00f4ng ch\u1ecbu \u0111\u01b0\u1ee3c r\u00e9t. Th\u00f4ng th\u01b0\u1eddng, c\u00e2y th\u1ed1t n\u1ed1t c\u00f3 chi\u1ec1u cao kho\u1ea3ng 20-30 m\u00e9t, l\u00e0 lo\u00e0i th\u1ef1c v\u1eadt thu\u1ed9c h\u1ecd v\u1edbi c\u00e2y d\u1eeba, c\u00f3 th\u00e2n th\u1eb3ng, to cao. M\u1eb7t l\u00e1 c\u00f3 m\u00e0u xanh \u0111\u1eadm, t\u00e1n l\u00e1 x\u00f2e ra nh\u01b0 l\u00e1 c\u1ecd.<\/p>\n<p>Qu\u1ea3 th\u1ed1t n\u1ed1t c\u00f3 h\u00ecnh tr\u00f2n, v\u1ecf c\u1ee9ng, b\u00ean ngo\u00e0i m\u00e0u \u0111en, b\u00ean trong \u0111\u01b0\u1ee3c chia th\u00e0nh 3 m\u00fai. Ph\u1ea7n th\u1ecbt c\u1ee7a th\u1ed1t n\u1ed1t c\u00f3 m\u00e0u tr\u1eafng trong, khi \u0103n c\u00f3 v\u1ecb ng\u1ecdt thanh. Ph\u1ea7n th\u1ecbt n\u00e0y c\u00f3 th\u1ec3 \u0111\u01b0\u1ee3c s\u1eed d\u1ee5ng \u0111\u1ec3 n\u1ea5u ch\u00e8 ho\u1eb7c ch\u1ebf bi\u1ebfn m\u1ed9t s\u1ed1 lo\u1ea1i th\u1ee9c u\u1ed1ng kh\u00e1c. Ph\u1ea7n n\u01b0\u1edbc thanh m\u00e1t \u0111\u01b0\u1ee3c d\u00f9ng l\u00e0m n\u01b0\u1edbc u\u1ed1ng ho\u1eb7c \u0111\u01b0\u1ee3c ch\u1ebf bi\u1ebfn th\u00e0nh s\u1ea3n ph\u1ea9m \u0111\u01b0\u1eddng th\u1ed1t n\u1ed1t.<\/p>\n<p><img decoding=\"async\" class=\"wp-image-34071 aligncenter\" src=\"https:\/\/havamall.vn\/wp-content\/uploads\/2024\/03\/50b46022-ee7e-42c8-bbe9-fc129d27dddd-300x225.jpeg\" alt=\"\" width=\"773\" height=\"580\" srcset=\"https:\/\/havamall.vn\/wp-content\/uploads\/2024\/03\/50b46022-ee7e-42c8-bbe9-fc129d27dddd-300x225.jpeg 300w, https:\/\/havamall.vn\/wp-content\/uploads\/2024\/03\/50b46022-ee7e-42c8-bbe9-fc129d27dddd-600x450.jpeg 600w, https:\/\/havamall.vn\/wp-content\/uploads\/2024\/03\/50b46022-ee7e-42c8-bbe9-fc129d27dddd-1200x900.jpeg 1200w, https:\/\/havamall.vn\/wp-content\/uploads\/2024\/03\/50b46022-ee7e-42c8-bbe9-fc129d27dddd-768x576.jpeg 768w, https:\/\/havamall.vn\/wp-content\/uploads\/2024\/03\/50b46022-ee7e-42c8-bbe9-fc129d27dddd-1024x768.jpeg 1024w\" sizes=\"(max-width: 773px) 100vw, 773px\" \/><\/p>\n<div><\/div>\n<p>Th\u1ed1t n\u1ed1t l\u00e0 lo\u1ea1i c\u00e2y mang l\u1ea1i nhi\u1ec1u l\u1ee3i \u00edch v\u1ec1 s\u1ee9c kh\u1ecfe. Trong th\u1ed1t n\u1ed1t ch\u1ee9a nhi\u1ec1u vitamin v\u00e0 c\u00e1c kho\u00e1ng ch\u1ea5t c\u00f3 l\u1ee3i cho s\u1ee9c kh\u1ecfe nh\u01b0\u00a0canxi,\u00a0vitamin C,\u00a0vitamin B1, B2, B3, s\u1eaft, ph\u1ed1t pho,\u2026 C\u00e1c b\u1ed9 ph\u1eadn t\u1eeb c\u00e2y th\u1ed1t n\u1ed1t \u0111\u1ec1u c\u00f3 th\u1ec3 d\u00f9ng l\u00e0m thu\u1ed1c theo y h\u1ecdc c\u1ed5 truy\u1ec1n, c\u00f3 c\u00f4ng d\u1ee5ng t\u1ed1t cho c\u01a1 th\u1ec3 nh\u01b0 gi\u1ea3i nhi\u1ec7t, l\u1ee3i ti\u1ec3u, ti\u00eau vi\u00eam, ki\u1ec7n t\u1ef3.<\/p>\n<p><img decoding=\"async\" class=\"wp-image-34073 aligncenter\" src=\"https:\/\/havamall.vn\/wp-content\/uploads\/2024\/03\/TNS-8-300x224.jpeg\" alt=\"\" width=\"775\" height=\"579\" srcset=\"https:\/\/havamall.vn\/wp-content\/uploads\/2024\/03\/TNS-8-300x224.jpeg 300w, https:\/\/havamall.vn\/wp-content\/uploads\/2024\/03\/TNS-8-600x449.jpeg 600w, https:\/\/havamall.vn\/wp-content\/uploads\/2024\/03\/TNS-8-768x574.jpeg 768w, https:\/\/havamall.vn\/wp-content\/uploads\/2024\/03\/TNS-8-1024x765.jpeg 1024w, https:\/\/havamall.vn\/wp-content\/uploads\/2024\/03\/TNS-8.jpeg 1200w\" sizes=\"(max-width: 775px) 100vw, 775px\" \/><\/p>\n<h2><strong>\u0110\u1eb7c \u0111i\u1ec3m n\u1ed5i b\u1eadt c\u1ee7a s\u1ea3n ph\u1ea9m<\/strong><\/h2>\n<ul>\n<li>L\u00e0m t\u1eeb th\u1ed1t n\u1ed1t t\u01b0\u01a1i, c\u01a1m v\u1eeba \u0103n, th\u01a1m ngon d\u00f9ng \u0111\u1ec3 gi\u1ea3i kh\u00e1t, tr\u00e1n mi\u1ec7ng.<\/li>\n<li>Cung c\u1ea5p nhi\u1ec1u ch\u1ea5t x\u01a1, vitamin A v\u00e0 c\u00e1c d\u01b0\u1ee1ng ch\u1ea5t cho c\u01a1 th\u1ec3. Ch\u1ed1ng m\u1ea5t ng\u1ee7, c\u0103ng th\u1eb3ng, m\u1ec7t m\u1ecfi&#8230;<\/li>\n<li>Gi\u1eef d\u01b0\u1ee3c h\u01b0\u01a1ng v\u1ecb th\u01a1m ngon c\u1ee7a nh\u1eefng nguy\u00ean li\u1ec7u t\u1ef1 nhi\u00ean.<\/li>\n<li>\u0110\u01b0\u1ee3c s\u1ea3n xu\u1ea5t b\u1eb1ng c\u00f4ng ngh\u1ec7 hi\u1ec7n \u0111\u1ea1i theo c\u00f4ng th\u1ee9c truy\u1ec1n th\u1ed1ng.<\/li>\n<li>Chu\u1ea9n v\u1ec7 sinh an to\u00e0n th\u1ef1c ph\u1ea9m v\u00e0 ti\u00eau chu\u1ea9n xu\u1ea5t kh\u1ea9u.<\/li>\n<li>D\u00f9ng ngon h\u01a1n khi l\u1ea1nh ho\u1eb7c v\u1edbi \u0111\u00e1. C\u00f3 th\u1ec3 d\u00f9ng chung v\u1edbi ch\u00e8 Th\u00e1i, s\u00e2m b\u1ed5 l\u01b0\u1ee3ng\u2026<\/li>\n<\/ul>\n<h2><img loading=\"lazy\" decoding=\"async\" class=\"wp-image-34076 aligncenter\" src=\"https:\/\/havamall.vn\/wp-content\/uploads\/2024\/03\/maxresdefault-1-300x169.jpeg\" alt=\"\" width=\"776\" height=\"437\" srcset=\"https:\/\/havamall.vn\/wp-content\/uploads\/2024\/03\/maxresdefault-1-300x169.jpeg 300w, https:\/\/havamall.vn\/wp-content\/uploads\/2024\/03\/maxresdefault-1-600x338.jpeg 600w, https:\/\/havamall.vn\/wp-content\/uploads\/2024\/03\/maxresdefault-1-1200x675.jpeg 1200w, https:\/\/havamall.vn\/wp-content\/uploads\/2024\/03\/maxresdefault-1-768x432.jpeg 768w, https:\/\/havamall.vn\/wp-content\/uploads\/2024\/03\/maxresdefault-1-1024x576.jpeg 1024w, https:\/\/havamall.vn\/wp-content\/uploads\/2024\/03\/maxresdefault-1.jpeg 1280w\" sizes=\"(max-width: 776px) 100vw, 776px\" \/><\/h2>\n<h2><strong>C\u00f4ng d\u1ee5ng c\u1ee7a s\u1ea3n ph\u1ea9m<\/strong><\/h2>\n<ul>\n<li>Ch\u1ee9a nhi\u1ec1u ch\u1ea5t dinh d\u01b0\u1ee1ng t\u1ed1t cho s\u1ee9c kh\u1ecfe, ch\u1ed1ng m\u1ea5t ng\u1ee7, c\u0103ng th\u1eb3ng, m\u1ec7t m\u1ecfi.<\/li>\n<li>\u0102n ch\u01a1i, gi\u1ea3i kh\u00e1t.<\/li>\n<li>D\u00f9ng ngon h\u01a1n khi l\u1ea1nh ho\u1eb7c v\u1edbi \u0111\u00e1.<\/li>\n<\/ul>","protected":false},"excerpt":{"rendered":"<p>TH\u00d4NG TIN CHUNG Th\u01b0\u01a1ng hi\u1ec7u Dole Xu\u1ea5t x\u1ee9 Th\u00e1i Lan Th\u00e0nh ph\u1ea7n Th\u1ed1t n\u1ed1t 44%, n\u01b0\u1edbc \u0111\u01b0\u1eddng 17%,&#8230; H\u1ea1n s\u1eed<\/p>","protected":false},"featured_media":34074,"comment_status":"open","ping_status":"closed","template":"","meta":[],"product_brand":[],"product_cat":[36,143],"product_tag":[],"class_list":{"0":"post-34070","1":"product","2":"type-product","3":"status-publish","4":"has-post-thumbnail","6":"product_cat-thuc-pham-tieu-dung","7":"product_cat-thuc-pham-dong-hop","8":"pa_brand-dole","10":"first","11":"instock","12":"sale","13":"shipping-taxable","14":"purchasable","15":"product-type-simple"},"_links":{"self":[{"href":"https:\/\/havamall.vn\/en\/wp-json\/wp\/v2\/product\/34070"}],"collection":[{"href":"https:\/\/havamall.vn\/en\/wp-json\/wp\/v2\/product"}],"about":[{"href":"https:\/\/havamall.vn\/en\/wp-json\/wp\/v2\/types\/product"}],"replies":[{"embeddable":true,"href":"https:\/\/havamall.vn\/en\/wp-json\/wp\/v2\/comments?post=34070"}],"version-history":[{"count":0,"href":"https:\/\/havamall.vn\/en\/wp-json\/wp\/v2\/product\/34070\/revisions"}],"wp:featuredmedia":[{"embeddable":true,"href":"https:\/\/havamall.vn\/en\/wp-json\/wp\/v2\/media\/34074"}],"wp:attachment":[{"href":"https:\/\/havamall.vn\/en\/wp-json\/wp\/v2\/media?parent=34070"}],"wp:term":[{"taxonomy":"product_brand","embeddable":true,"href":"https:\/\/havamall.vn\/en\/wp-json\/wp\/v2\/product_brand?post=34070"},{"taxonomy":"product_cat","embeddable":true,"href":"https:\/\/havamall.vn\/en\/wp-json\/wp\/v2\/product_cat?post=34070"},{"taxonomy":"product_tag","embeddable":true,"href":"https:\/\/havamall.vn\/en\/wp-json\/wp\/v2\/product_tag?post=34070"}],"curies":[{"name":"wp","href":"https:\/\/api.w.org\/{rel}","templated":true}]}}