{"id":34031,"date":"2024-03-13T14:29:44","date_gmt":"2024-03-13T07:29:44","guid":{"rendered":"https:\/\/havamall.vn\/?post_type=product&#038;p=34031"},"modified":"2024-03-15T15:46:25","modified_gmt":"2024-03-15T08:46:25","slug":"bot-gao-nep-thai-lan-jade-leaf-500gr","status":"publish","type":"product","link":"https:\/\/havamall.vn\/en\/shop\/bot-gao-nep-thai-lan-jade-leaf-500gr\/","title":{"rendered":"B\u1ed9t G\u1ea1o N\u1ebfp Th\u00e1i Lan Jade Leaf 500gr"},"content":{"rendered":"<h2><\/h2>\n<h2><strong>TH\u00d4NG TIN CHUNG<\/strong><\/h2>\n<table>\n<tbody>\n<tr>\n<td>Th\u01b0\u01a1ng hi\u1ec7u<\/td>\n<td>Jade Leaf<\/td>\n<\/tr>\n<tr>\n<td>Xu\u1ea5t x\u1ee9<\/td>\n<td>Th\u00e1i Lan<\/td>\n<\/tr>\n<tr>\n<td>Th\u00e0nh ph\u1ea7n<\/td>\n<td>100% b\u1ed9t g\u1ea1o n\u1ebfp nguy\u00ean ch\u1ea5t<\/td>\n<\/tr>\n<tr>\n<td>H\u1ea1n s\u1eed d\u1ee5ng<\/td>\n<td>18 th\u00e1ng k\u1ec3 t\u1eeb ng\u00e0y s\u1ea3n xu\u1ea5t.<\/td>\n<\/tr>\n<tr>\n<td>B\u1ea3o qu\u1ea3n<\/td>\n<td>\u0110\u1ec3 n\u01a1i kh\u00f4 r\u00e1o, tho\u00e1ng m\u00e1t, tr\u00e1nh \u00e1nh n\u1eafng tr\u1ef1c ti\u1ebfp<\/td>\n<\/tr>\n<tr>\n<td>Kh\u1ed1i l\u01b0\u1ee3ng t\u1ecbnh<\/td>\n<td>500g<\/td>\n<\/tr>\n<\/tbody>\n<\/table>\n<p><img fetchpriority=\"high\" decoding=\"async\" class=\"wp-image-34033 aligncenter\" src=\"https:\/\/havamall.vn\/wp-content\/uploads\/2024\/03\/393357164_875915017870957_5729385727702211381_n-300x300.jpeg\" alt=\"\" width=\"719\" height=\"719\" srcset=\"https:\/\/havamall.vn\/wp-content\/uploads\/2024\/03\/393357164_875915017870957_5729385727702211381_n-300x300.jpeg 300w, https:\/\/havamall.vn\/wp-content\/uploads\/2024\/03\/393357164_875915017870957_5729385727702211381_n-600x600.jpeg 600w, https:\/\/havamall.vn\/wp-content\/uploads\/2024\/03\/393357164_875915017870957_5729385727702211381_n-150x150.jpeg 150w, https:\/\/havamall.vn\/wp-content\/uploads\/2024\/03\/393357164_875915017870957_5729385727702211381_n-768x768.jpeg 768w, https:\/\/havamall.vn\/wp-content\/uploads\/2024\/03\/393357164_875915017870957_5729385727702211381_n-1024x1024.jpeg 1024w, https:\/\/havamall.vn\/wp-content\/uploads\/2024\/03\/393357164_875915017870957_5729385727702211381_n-100x100.jpeg 100w, https:\/\/havamall.vn\/wp-content\/uploads\/2024\/03\/393357164_875915017870957_5729385727702211381_n.jpeg 1040w\" sizes=\"(max-width: 719px) 100vw, 719px\" \/><\/p>\n<p>B\u1ed9t n\u1ebfp Jade Leaf\u00a0\u0111\u01b0\u1ee3c l\u00e0m t\u1eeb 100% g\u1ea1o n\u1ebfp nguy\u00ean ch\u1ea5t, gi\u00e0u dinh d\u01b0\u1ee1ng, an to\u00e0n cho s\u1ee9c kh\u1ecfe. S\u1ea3n ph\u1ea9m \u0111\u01b0\u1ee3c nhi\u1ec1u ng\u01b0\u1eddi n\u1ed9i tr\u1ee3 l\u1ef1a ch\u1ecdn \u0111\u1ec3 ch\u1ebf bi\u1ebfn m\u00f3n \u0103n.\u00a0B\u1ed9t n\u1ebfp Jade Leaf\u00a0\u0111\u01b0\u1ee3c ch\u1ebf bi\u1ebfn theo c\u00f4ng ngh\u1ec7 hi\u1ec7n \u0111\u1ea1i, kh\u00f4ng ch\u1ea5t b\u1ea3o qu\u1ea3n, an to\u00e0n cho s\u1ee9c kh\u1ecfe ng\u01b0\u1eddi ti\u00eau d\u00f9ng.<\/p>\n<p>B\u1ed9t n\u1ebfp Jade Leaf\u00a0c\u00f3 \u0111\u1eb7c t\u00ednh d\u1ebbo, dai v\u00e0 c\u00f3 m\u00e0u tr\u1eafng, d\u00f9ng l\u00e0m nguy\u00ean li\u1ec7u ch\u1ebf bi\u1ebfn c\u00e1c lo\u1ea1i b\u00e1nh n\u1ebfp, b\u00e1nh ch\u00e8 tr\u00f4i n\u01b0\u1edbc, t\u1ea9m chi\u00ean&#8230; \u0110\u00e2y s\u1ebd l\u00e0 s\u1ea3n ph\u1ea9m gi\u00fap b\u1ea1n ch\u1ebf bi\u1ebfn nh\u1eefng m\u00f3n \u0103n ngon v\u00e0 b\u1ed5 d\u01b0\u1ee1ng cho c\u1ea3 gia \u0111\u00ecnh.\u00a0Ngo\u00e0i ra, s\u1ea3n ph\u1ea9m \u0111\u01b0\u1ee3c \u0111\u00f3ng t\u00fai d\u00e0y d\u1eb7n, k\u00edn \u0111\u00e1o r\u1ea5t\u00a0ti\u1ec7n l\u1ee3i cho vi\u1ec7c s\u1eed d\u1ee5ng c\u0169ng nh\u01b0 b\u1ea3o qu\u1ea3n.<\/p>\n<p><img decoding=\"async\" class=\"wp-image-34032 aligncenter\" src=\"https:\/\/havamall.vn\/wp-content\/uploads\/2024\/03\/243812168_1960493970781745_1762728700944756804_n-300x300.jpeg\" alt=\"\" width=\"719\" height=\"719\" srcset=\"https:\/\/havamall.vn\/wp-content\/uploads\/2024\/03\/243812168_1960493970781745_1762728700944756804_n-300x300.jpeg 300w, https:\/\/havamall.vn\/wp-content\/uploads\/2024\/03\/243812168_1960493970781745_1762728700944756804_n-600x600.jpeg 600w, https:\/\/havamall.vn\/wp-content\/uploads\/2024\/03\/243812168_1960493970781745_1762728700944756804_n-1200x1200.jpeg 1200w, https:\/\/havamall.vn\/wp-content\/uploads\/2024\/03\/243812168_1960493970781745_1762728700944756804_n-150x150.jpeg 150w, https:\/\/havamall.vn\/wp-content\/uploads\/2024\/03\/243812168_1960493970781745_1762728700944756804_n-768x768.jpeg 768w, https:\/\/havamall.vn\/wp-content\/uploads\/2024\/03\/243812168_1960493970781745_1762728700944756804_n-1024x1024.jpeg 1024w, https:\/\/havamall.vn\/wp-content\/uploads\/2024\/03\/243812168_1960493970781745_1762728700944756804_n-100x100.jpeg 100w, https:\/\/havamall.vn\/wp-content\/uploads\/2024\/03\/243812168_1960493970781745_1762728700944756804_n.jpeg 2048w\" sizes=\"(max-width: 719px) 100vw, 719px\" \/><\/p>\n<p>Tinh b\u1ed9t n\u1ebfp gi\u00fap b\u1ea1n ch\u1ebf bi\u1ebfn nh\u1eefng m\u00f3n b\u00e1nh th\u01a1m ngon, h\u1ea5p d\u1eabn, c\u00f9ng gia \u0111\u00ecnh qu\u00e2y qu\u1ea7n b\u00ean nhau. Tinh b\u1ed9t g\u1ea1o n\u1ebfp Jade Leaf g\u00f3i 400g ti\u1ec7n l\u1ee3i, ch\u1ea5t l\u01b0\u1ee3ng t\u1ea1o n\u00ean h\u01b0\u01a1ng v\u1ecb th\u01a1m ngon \u0111\u1eb7c tr\u01b0ng. Tinh b\u1ed9t n\u1ebfp Jade Leaf t\u1eeb Th\u00e1i Lan cho b\u1ea1n c\u1ea3m nh\u1eadn m\u1edbi l\u1ea1, h\u01b0\u01a1ng n\u1ebfp th\u01a1m v\u00e0 d\u1ebbo h\u01a1n.<\/p>\n<p>Th\u00e0nh ph\u1ea7n ch\u00ednh c\u1ee7a s\u1ea3n ph\u1ea9m ch\u00ednh l\u00e0 g\u1ea1o n\u1ebfp nguy\u00ean ch\u1ea5t \u0111\u01b0\u1ee3c ch\u1ecdn l\u1ecdc. S\u1ea3n ph\u1ea9m s\u1ebd cung c\u1ea5p cho c\u01a1 th\u1ec3 n\u0103ng l\u01b0\u1ee3ng, ch\u1ea5t b\u00e9o, ch\u1ea5t \u0111\u1ea1m, carbohydrate v\u00e0 m\u1ed9t s\u1ed1 ch\u1ea5t kh\u00e1c. Trong 100g b\u1ed9t s\u1ebd cung c\u1ea5p kho\u1ea3ng 350 kcal cho c\u01a1 th\u1ec3.<\/p>\n<p><img decoding=\"async\" class=\"wp-image-34034 aligncenter\" src=\"https:\/\/havamall.vn\/wp-content\/uploads\/2024\/03\/408650665_908412601287865_852484738524741238_n-300x300.jpeg\" alt=\"\" width=\"719\" height=\"719\" srcset=\"https:\/\/havamall.vn\/wp-content\/uploads\/2024\/03\/408650665_908412601287865_852484738524741238_n-300x300.jpeg 300w, https:\/\/havamall.vn\/wp-content\/uploads\/2024\/03\/408650665_908412601287865_852484738524741238_n-600x600.jpeg 600w, https:\/\/havamall.vn\/wp-content\/uploads\/2024\/03\/408650665_908412601287865_852484738524741238_n-150x150.jpeg 150w, https:\/\/havamall.vn\/wp-content\/uploads\/2024\/03\/408650665_908412601287865_852484738524741238_n-768x768.jpeg 768w, https:\/\/havamall.vn\/wp-content\/uploads\/2024\/03\/408650665_908412601287865_852484738524741238_n-1024x1024.jpeg 1024w, https:\/\/havamall.vn\/wp-content\/uploads\/2024\/03\/408650665_908412601287865_852484738524741238_n-100x100.jpeg 100w, https:\/\/havamall.vn\/wp-content\/uploads\/2024\/03\/408650665_908412601287865_852484738524741238_n.jpeg 1040w\" sizes=\"(max-width: 719px) 100vw, 719px\" \/><\/p>\n<h2><strong>T\u00e1c d\u1ee5ng c\u1ee7a s\u1ea3n ph\u1ea9m v\u1edbi s\u1ee9c kh\u1ecfe<\/strong><\/h2>\n<ul>\n<li>Cung c\u1ea5p n\u0103ng l\u01b0\u1ee3ng<\/li>\n<li>B\u1ed5 sung c\u00e1c ch\u1ea5t<\/li>\n<li>T\u1ea1o c\u1ea3m gi\u00e1c ngon mi\u1ec7ng<\/li>\n<li>C\u1ea3i thi\u1ec7n tinh th\u1ea7n v\u00e0 t\u00e2m tr\u1ea1ng<\/li>\n<li>Nhu\u1eadn tr\u00e0ng<\/li>\n<\/ul>\n<h2><strong>H\u01b0\u1edbng d\u1eabn s\u1eed d\u1ee5ng s\u1ea3n ph\u1ea9m<\/strong><\/h2>\n<p>Lo\u1ea1i b\u1ed9t g\u1ea1o n\u1ebfp n\u00e0y l\u00e0 gi\u00fap b\u00e1nh c\u00f3 \u0111\u1ed9 m\u1ec1m m\u1ecbn v\u00e0 kh\u00f4ng b\u1ecb kh\u00f4 khi ch\u1ebf bi\u1ebfn, b\u00ean c\u1ea1nh \u0111\u00f3 b\u00e1nh c\u00f2n c\u00f3 t\u00ednh d\u1ebbo v\u00e0 ngon mi\u1ec7ng h\u01a1n. \u0110\u00e2y l\u00e0 nguy\u00ean li\u1ec7u \u0111\u1ec3 ch\u1ebf bi\u1ebfn c\u00e1c m\u00f3n tr\u00e1ng mi\u1ec7ng, l\u00e0m b\u00e1nh,&#8230;. T\u00f9y theo m\u1ed7i lo\u1ea1i b\u00e1nh m\u00e0 c\u00e1ch pha b\u1ed9t s\u1ebd kh\u00e1c nhau.<\/p>\n<p><img loading=\"lazy\" decoding=\"async\" class=\"wp-image-34035 aligncenter\" src=\"https:\/\/havamall.vn\/wp-content\/uploads\/2024\/03\/410274093_918019190327206_4302626958005484743_n-300x234.jpeg\" alt=\"\" width=\"719\" height=\"560\" srcset=\"https:\/\/havamall.vn\/wp-content\/uploads\/2024\/03\/410274093_918019190327206_4302626958005484743_n-300x234.jpeg 300w, https:\/\/havamall.vn\/wp-content\/uploads\/2024\/03\/410274093_918019190327206_4302626958005484743_n-600x467.jpeg 600w, https:\/\/havamall.vn\/wp-content\/uploads\/2024\/03\/410274093_918019190327206_4302626958005484743_n-768x598.jpeg 768w, https:\/\/havamall.vn\/wp-content\/uploads\/2024\/03\/410274093_918019190327206_4302626958005484743_n-1024x798.jpeg 1024w, https:\/\/havamall.vn\/wp-content\/uploads\/2024\/03\/410274093_918019190327206_4302626958005484743_n.jpeg 1040w\" sizes=\"(max-width: 719px) 100vw, 719px\" \/><\/p>","protected":false},"excerpt":{"rendered":"<p>TH\u00d4NG TIN CHUNG Th\u01b0\u01a1ng hi\u1ec7u Jade Leaf Xu\u1ea5t x\u1ee9 Th\u00e1i Lan Th\u00e0nh ph\u1ea7n 100% b\u1ed9t g\u1ea1o n\u1ebfp nguy\u00ean ch\u1ea5t H\u1ea1n<\/p>","protected":false},"featured_media":34036,"comment_status":"open","ping_status":"closed","template":"","meta":[],"product_brand":[],"product_cat":[36],"product_tag":[],"class_list":{"0":"post-34031","1":"product","2":"type-product","3":"status-publish","4":"has-post-thumbnail","6":"product_cat-thuc-pham-tieu-dung","8":"first","9":"instock","10":"sale","11":"shipping-taxable","12":"purchasable","13":"product-type-simple"},"_links":{"self":[{"href":"https:\/\/havamall.vn\/en\/wp-json\/wp\/v2\/product\/34031"}],"collection":[{"href":"https:\/\/havamall.vn\/en\/wp-json\/wp\/v2\/product"}],"about":[{"href":"https:\/\/havamall.vn\/en\/wp-json\/wp\/v2\/types\/product"}],"replies":[{"embeddable":true,"href":"https:\/\/havamall.vn\/en\/wp-json\/wp\/v2\/comments?post=34031"}],"version-history":[{"count":0,"href":"https:\/\/havamall.vn\/en\/wp-json\/wp\/v2\/product\/34031\/revisions"}],"wp:featuredmedia":[{"embeddable":true,"href":"https:\/\/havamall.vn\/en\/wp-json\/wp\/v2\/media\/34036"}],"wp:attachment":[{"href":"https:\/\/havamall.vn\/en\/wp-json\/wp\/v2\/media?parent=34031"}],"wp:term":[{"taxonomy":"product_brand","embeddable":true,"href":"https:\/\/havamall.vn\/en\/wp-json\/wp\/v2\/product_brand?post=34031"},{"taxonomy":"product_cat","embeddable":true,"href":"https:\/\/havamall.vn\/en\/wp-json\/wp\/v2\/product_cat?post=34031"},{"taxonomy":"product_tag","embeddable":true,"href":"https:\/\/havamall.vn\/en\/wp-json\/wp\/v2\/product_tag?post=34031"}],"curies":[{"name":"wp","href":"https:\/\/api.w.org\/{rel}","templated":true}]}}