{"id":33972,"date":"2024-03-11T16:47:33","date_gmt":"2024-03-11T09:47:33","guid":{"rendered":"https:\/\/havamall.vn\/?post_type=product&#038;p=33972"},"modified":"2025-07-11T17:55:55","modified_gmt":"2025-07-11T10:55:55","slug":"pho-mai-tuoi-dong-lanh-mozzarella-chesee-granarolo-125g","status":"publish","type":"product","link":"https:\/\/havamall.vn\/en\/shop\/pho-mai-tuoi-dong-lanh-mozzarella-chesee-granarolo-125g\/","title":{"rendered":"Ph\u00f4 Mai T\u01b0\u01a1i \u0110\u00f4ng L\u1ea1nh Mozzarella Cheese Granarolo 125g"},"content":{"rendered":"<p>&nbsp;<\/p>\n<h3><strong>TH\u00d4NG TIN S\u1ea2N PH\u1ea8M<\/strong><\/h3>\n<table>\n<tbody>\n<tr>\n<td>Th\u01b0\u01a1ng hi\u1ec7u<\/td>\n<td>Granarola<\/td>\n<\/tr>\n<tr>\n<td>Xu\u1ea5t x\u1ee9<\/td>\n<td>\u00dd<\/td>\n<\/tr>\n<tr>\n<td>Th\u00e0nh ph\u1ea7n<\/td>\n<td>\n<div class=\"noidungchitiet dtct\">\n<p>S\u1eefa, mu\u1ed1i, men, \u0111i\u1ec1u ch\u1ec9nh nhi\u1ec7t \u0111\u1ed9 acid 330<\/p>\n<\/div>\n<\/td>\n<\/tr>\n<tr>\n<td>H\u1ea1n s\u1eed d\u1ee5ng<\/td>\n<td>Xem tr\u00ean bao b\u00ec<\/td>\n<\/tr>\n<tr>\n<td>B\u1ea3o qu\u1ea3n<\/td>\n<td>Tr\u1eef \u0111\u00f4ng \u1edf nhi\u1ec7t \u0111\u1ed9 -18\u00b0C<\/td>\n<\/tr>\n<tr>\n<td>Kh\u1ed1i l\u01b0\u1ee3ng<\/td>\n<td>125g<\/td>\n<\/tr>\n<\/tbody>\n<\/table>\n<p>Ph\u00f4 mai Mozzarella\u00a0t\u01b0\u01a1i\u00a0Granarolo 125g\u00a0l\u00e0 m\u1ed9t lo\u1ea1i ph\u00f4 mai s\u1eefa \u0111\u00f4ng ngu\u1ed3n g\u1ed1c t\u1eeb \u00dd. Ph\u00f4 mai t\u01b0\u01a1i m\u1ec1m, m\u1ecbn, c\u00f3 m\u00e0u tr\u1eafng \u0111\u1ee5c v\u00e0 h\u01b0\u01a1ng v\u1ecb nh\u1eb9 \u0111\u01b0\u1ee3c \u0111\u00e1nh gi\u00e1 cao. Ph\u00f4 mai t\u01b0\u01a1i \u0111\u01b0\u1ee3c coi l\u00e0 m\u1ed9t trong nh\u1eefng lo\u1ea1i ph\u00f4 mai t\u1ed1t cho s\u1ee9c kh\u1ecfe do h\u00e0m l\u01b0\u1ee3ng ch\u1ea5t b\u00e9o v\u00e0 natri th\u1ea5p.<\/p>\n<p>C\u00f4ng ngh\u1ec7 IQF\u00a0\u0111\u01b0\u1ee3c s\u1eed d\u1ee5ng cho\u00a0Ph\u00f4 mai mozzarella Granarolo 125g \u0111\u00f4ng l\u1ea1nh\u00a0cung c\u1ea5p cho b\u1ea1n c\u00e1c mi\u1ebfng ph\u00f4 mai ngon tuy\u1ec7t v\u1eddi t\u1ed1t cho s\u1ee9c kh\u1ecfe c\u1ea3 gia \u0111\u00ecnh, ti\u1ec7n b\u1ea3o qu\u1ea3n trong th\u1eddi h\u1ea1n s\u1eed d\u1ee5ng d\u00e0i.<img fetchpriority=\"high\" decoding=\"async\" class=\"wp-image-33977 aligncenter\" src=\"https:\/\/havamall.com\/wp-content\/uploads\/2025\/07\/22137326_1956421614368329_6438571540368779075_o-300x300.png\" alt=\"\" width=\"791\" height=\"791\" \/><\/p>\n<p>SALAD CAPRESE\u00a0l\u00e0 m\u1ed9t m\u00f3n salad \u0111\u1eb7c tr\u01b0ng, mang \u0111\u1eadm h\u01b0\u01a1ng v\u1ecb \u00dd. C\u00e1ch l\u00e0m r\u1ea5t \u0111\u01a1n gi\u1ea3n g\u1ed3m c\u00f3 ph\u00f4 mai t\u01b0\u01a1i, c\u00e0 chua c\u1eaft l\u00e1t, l\u00e1 h\u00fang qu\u1ebf, d\u1ea7u olive v\u00e0 gi\u1ea5m balsamic, do \u0111\u00f3 n\u00ean l\u1ef1a ch\u1ecdn nh\u1eefng th\u1ef1c ph\u1ea9m ch\u1ea5t l\u01b0\u1ee3ng \u0111\u1ec3 m\u00f3n salad c\u00f3 h\u01b0\u01a1ng v\u1ecb tuy\u1ec7t v\u1eddi.<\/p>\n<p><img decoding=\"async\" class=\"wp-image-33973 aligncenter\" src=\"https:\/\/havamall.com\/wp-content\/uploads\/2025\/07\/16299685_1585606521449842_8185371621673423172_o-300x300.jpg\" alt=\"\" width=\"796\" height=\"796\" \/><\/p>\n<p>Ph\u00f4 mai mozzarella th\u01b0\u1eddng \u0111\u01b0\u1ee3c s\u1eed d\u1ee5ng cho h\u1ea7u h\u1ebft c\u00e1c lo\u1ea1i b\u00e1nh pizza v\u00e0 c\u00e1c m\u00f3n \u0103n \u0111\u1eb7c tr\u01b0ng c\u1ee7a \u00dd nh\u01b0 m\u00ec \u1ed1ng hay c\u00e1c lo\u1ea1i salad. Ngo\u00e0i ra, c\u00f3 th\u1ec3 k\u1ec3 \u0111\u1ebfn m\u1ed9t s\u1ed1 m\u00f3n \u0103n t\u1ea1o n\u00ean h\u01b0\u01a1ng v\u1ecb tuy\u1ec7t v\u1eddi nh\u1edd s\u1ef1 g\u00f3p m\u1eb7t c\u1ee7a lo\u1ea1i ph\u00f4 mai mozzarella c\u00f3 th\u1ec3 k\u1ec3 \u0111\u1ebfn nh\u01b0: b\u00e1nh m\u00ec n\u01b0\u1edbng ph\u00f4 mai v\u00e0 pepperoni, Bolognese lasagna pasta l\u00e1 v\u1edbi s\u1ed1t kem th\u1ecbt b\u00f2 , khoai t\u00e2y cu\u1ed1n t\u00f4m phomai chi\u00ean, C\u00e0 t\u00edm phomai Mozzarella \u0111\u00fat l\u00f2,\u2026<\/p>\n<p><img decoding=\"async\" class=\"wp-image-33974 aligncenter\" src=\"https:\/\/havamall.com\/wp-content\/uploads\/2025\/07\/18891744_1787804597896699_1580986113526739501_o-300x300.jpg\" alt=\"\" width=\"795\" height=\"795\" \/><\/p>\n<h2 id=\"toctoc-2\"><strong>C\u00e1ch b\u1ea3o qu\u1ea3n ph\u00f4 mai Mozzarella<\/strong><\/h2>\n<p>Do \u0111\u1ed9 \u1ea9m cao c\u1ee7a n\u00f3, n\u00f3 truy\u1ec1n th\u1ed1ng \u0111\u01b0\u1ee3c d\u00f9ng v\u00e0o ng\u00e0y h\u00f4m sau khi n\u00f3 \u0111\u01b0\u1ee3c l\u00e0m ra,\u00a0nh\u01b0ng c\u00f3 th\u1ec3 \u0111\u01b0\u1ee3c gi\u1eef trong n\u01b0\u1edbc mu\u1ed1i cho \u0111\u1ebfn m\u1ed9t tu\u1ea7n\u00a0ho\u1eb7c l\u00e2u h\u01a1n khi \u0111\u01b0\u1ee3c b\u00e1n trong c\u00e1c g\u00f3i ni\u00eam phong ch\u00e2n kh\u00f4ng. Mozzarella \u0111\u1ed9 \u1ea9m th\u1ea5p c\u00f3 th\u1ec3 \u0111\u01b0\u1ee3c gi\u1eef trong t\u1ee7 l\u1ea1nh cho \u0111\u1ebfn m\u1ed9t th\u00e1ng,\u00a0m\u1eb7c d\u00f9 m\u1ed9t s\u1ed1 mozzarella c\u1eaft nh\u1ecf c\u00f3 \u0111\u1ed9 \u1ea9m th\u1ea5p \u0111\u01b0\u1ee3c b\u00e1n tr\u00ean k\u1ec7 \u0111\u1ec3 c\u1ea3 \u0111\u1ebfn s\u00e1u th\u00e1ng.<\/p>\n<h2><strong>T\u00c1C D\u1ee4NG TUY\u1ec6T V\u1edcI C\u1ee6A PH\u00d4 MAI MOZZARELLA<\/strong><\/h2>\n<p>So v\u1edbi c\u00e1c lo\u1ea1i th\u1ef1c ph\u1ea9m c\u00f9ng nh\u00f3m, ph\u00f4 mai c\u00f3 l\u01b0\u1ee3ng ch\u1ea5t b\u00e9o nhi\u1ec1u g\u1ea5p 3 l\u1ea7n, do v\u1eady n\u0103ng l\u01b0\u1ee3ng cung c\u1ea5p c\u0169ng nhi\u1ec1u h\u01a1n. Ch\u00ednh l\u00fd do n\u00e0y gi\u00fap ph\u00f4 mai tr\u1edf th\u00e0nh lo\u1ea1i th\u1ef1c ph\u1ea9m \u0111\u1eb7c bi\u1ec7t c\u00f3 t\u00e1c d\u1ee5ng r\u1ea5t t\u1ed1t v\u1edbi s\u1ef1 ph\u00e1t tri\u1ec3n c\u1ee7a tr\u1ebb em.<\/p>\n<p><img loading=\"lazy\" decoding=\"async\" class=\"wp-image-33976 aligncenter\" src=\"https:\/\/havamall.com\/wp-content\/uploads\/2025\/07\/23000024_1995793430431147_4992489137478897895_o-300x300.jpg\" alt=\"\" width=\"793\" height=\"793\" \/><\/p>\n<p>Ngo\u00e0i ra, ph\u00f4 mai Mozzarella b\u00e0o\u00a0th\u01b0\u1eddng \u0111\u01b0\u1ee3c s\u1eed d\u1ee5ng ph\u1ed5 bi\u1ebfn trong c\u00e1c lo\u1ea1i pizza hay trong c\u00e1c m\u00f3n \u00c2u, nh\u01b0ng kh\u00f4ng ph\u1ea3i t\u1ef1 nhi\u00ean m\u00e0 ch\u00fang \u0111\u01b0\u1ee3c \u01b0u \u00e1i nhi\u1ec1u \u0111\u1ebfn th\u1ebf. Nguy\u00ean nh\u00e2n v\u00ec nh\u1eefng l\u1ee3i \u00edch tuy\u1ec7t v\u1eddi m\u00e0 ch\u00fang mang l\u1ea1i:<\/p>\n<ul>\n<li>\n<h5><em><strong>Ngu\u1ed3n biotin<\/strong><\/em><\/h5>\n<\/li>\n<\/ul>\n<p><span class=\"text_exposed_show\">Hay c\u00f2n g\u1ecdi l\u00e0 vitamin B7. Theo nhi\u1ec1u nghi\u00ean c\u1ee9u, biotin gi\u00fap gi\u1ea3m m\u1ee9c \u0111\u01b0\u1eddng huy\u1ebft \u1edf b\u1ec7nh nh\u00e2n ti\u1ec3u \u0111\u01b0\u1eddng. Vitamin n\u00e0y c\u0169ng ng\u0103n m\u00f3ng tay tr\u1edf n\u00ean gi\u00f2n v\u00e0 d\u1ec5 g\u00e3y. Ph\u1ee5 n\u1eef mang thai c\u0169ng c\u00f3 th\u1ec3 \u0103n ph\u00f4 mai \u0111\u1ec3 \u0111\u1ed1i ph\u00f3 v\u1edbi t\u00ecnh tr\u1ea1ng thi\u1ebfu biotin c\u00f3 th\u1ec3 x\u1ea3y ra.<\/span><\/p>\n<div class=\"text_exposed_show\">\n<ul>\n<li>\n<h5><em><strong>Ngu\u1ed3n riboflavin<\/strong><\/em><\/h5>\n<\/li>\n<\/ul>\n<p>Mozzarella gi\u00e0u vitamin B2 v\u00e0 riboflavin. L\u00e0 m\u1ed9t ph\u1ea7n c\u1ee7a vitamin B, n\u00f3 c\u00f3 th\u1ec3 s\u1eed d\u1ee5ng h\u00e0ng ng\u00e0y, gi\u00fap c\u01a1 th\u1ec3 ch\u1ed1ng l\u1ea1i c\u00e1c b\u1ec7nh v\u00e0 t\u00ecnh tr\u1ea1ng kh\u00e1c nhau nh\u01b0 \u0111au n\u1eeda \u0111\u1ea7u, thi\u1ebfu m\u00e1u. N\u00f3 c\u0169ng \u0111\u00e3 \u0111\u01b0\u1ee3c ch\u1ee9ng minh t\u00ednh ch\u1ea5t ch\u1ed1ng oxy h\u00f3a.<\/p>\n<p><img loading=\"lazy\" decoding=\"async\" class=\"wp-image-33978 aligncenter\" src=\"https:\/\/havamall.com\/wp-content\/uploads\/2025\/07\/10549210_834427049901130_6494703698951559741_o-300x300.jpg\" alt=\"\" width=\"797\" height=\"797\" \/><\/p>\n<ul>\n<li>\n<h5><em><strong>Ngu\u1ed3n niacin<\/strong><\/em><\/h5>\n<\/li>\n<\/ul>\n<p>S\u1ea3n ph\u1ea9m ch\u1ee9a vitamin B3 ho\u1eb7c niacin; gi\u00fap ki\u1ec3m so\u00e1t cholesterol, ng\u0103n ng\u1eeba s\u1ef1 xu\u1ea5t hi\u1ec7n c\u1ee7a c\u00e1c b\u1ec7nh nh\u01b0 ti\u1ec3u \u0111\u01b0\u1eddng v\u00e0 vi\u00eam kh\u1edbp.<\/p>\n<ul>\n<li>\n<h5><em><strong>Ho\u00e0n thi\u1ec7n v\u1edbi c\u00e1c vitamin tan trong ch\u1ea5t b\u00e9o<\/strong><\/em><\/h5>\n<\/li>\n<\/ul>\n<p>Ch\u1ee9a c\u00e1c vitamin tan trong ch\u1ea5t b\u00e9o nh\u01b0 vitamin D, E, A c\u1ea7n thi\u1ebft cho s\u1ef1 h\u1ea5p th\u1ee5 canxi, s\u1ee9c kh\u1ecfe c\u1ee7a x\u01b0\u01a1ng v\u00e0 b\u1ea3o v\u1ec7 m\u00e0ng t\u1ebf b\u00e0o<\/p>\n<ul>\n<li>\n<h5><em><strong>Gi\u00fap x\u01b0\u01a1ng ch\u1eafc kh\u1ecfe h\u01a1n<\/strong><\/em><\/h5>\n<\/li>\n<\/ul>\n<p>Mozzarella ch\u1ee9a l\u01b0\u1ee3ng l\u1edbn canxi c\u1ea7n thi\u1ebft cho x\u01b0\u01a1ng v\u00e0 rang. Ngo\u00e0i ra, n\u00f3 \u0111\u00f3ng vai tr\u00f2 quan tr\u1ecdng trong vi\u1ec7c b\u1ea3o v\u1ec7 c\u01a1 tim v\u00e0 gi\u1ea3m nguy c\u01a1 ung th\u01b0 ru\u1ed9t k\u1ebft. N\u00f3 c\u0169ng c\u00f3 th\u1ebb g\u00f3p ph\u1ea7n h\u1ed7 tr\u1ee3 gi\u1ea3m c\u00e2n.<\/p>\n<p><img loading=\"lazy\" decoding=\"async\" class=\"wp-image-33975 aligncenter\" src=\"https:\/\/havamall.com\/wp-content\/uploads\/2025\/07\/51640187_2807250409285441_6502897497680117760_n-300x300.png\" alt=\"\" width=\"801\" height=\"801\" \/><\/p>\n<ul>\n<li>\n<h5><em><strong>Ngu\u1ed3n photpho t\u1ed1t<\/strong><\/em><\/h5>\n<\/li>\n<\/ul>\n<p>Mozzarella c\u00f3 l\u01b0\u1ee3ng ph\u1ed1t pho cao, gi\u00fap c\u01a1 th\u1ec3 con ng\u01b0\u1eddi h\u1ea5p th\u1ee5 canxi t\u1eeb th\u1ef1c ph\u1ea9m t\u1ed1t h\u01a1n.<\/p>\n<ul>\n<li>\n<h5><em><strong>Ngu\u1ed3n cung c\u1ea5p k\u1ebdm<\/strong><\/em><\/h5>\n<\/li>\n<\/ul>\n<p>L\u00e0 kho\u00e1ng ch\u1ea5t quan tr\u1ecdng trong ph\u00f4 mai n\u00e0y, gi\u00fap ch\u1ed1ng l\u1ea1i c\u00e1c v\u1ea5n \u0111\u1ec1 v\u1ec1 da v\u00e0 tang s\u1ed1 l\u01b0\u1ee3ng b\u1ea1ch c\u1ea7u. N\u00f3 c\u0169ng gi\u00fap tuy\u1ebfn ti\u1ec1n li\u1ec7t ho\u1ea1t \u0111\u1ed9ng t\u1ed1t v\u00e0 h\u1ed7 tr\u1ee3 gi\u1ea3m c\u00e2n th\u1eeba.<\/p>\n<ul>\n<li>\n<h5><em><strong>Ngu\u1ed3n protein<\/strong><\/em><\/h5>\n<\/li>\n<\/ul>\n<p>Mozzarella l\u00e0 s\u1ef1 l\u1ef1a ch\u1ecdn tuy\u1ec7t v\u1eddi n\u1ebfu b\u1ea1n mu\u1ed1n c\u00f3 ngu\u1ed3n protein t\u1ed1t. \u0102n phomai gi\u00fap b\u1ea1n tr\u00e0n \u0111\u1ea7y n\u0103ng l\u01b0\u1ee3ng v\u00e0 t\u0103ng s\u1ee9c m\u1ea1nh c\u01a1 b\u1eafp.<\/p>\n<ul>\n<li>\n<h5><em><strong>Ngu\u1ed3n kali<\/strong><\/em><\/h5>\n<\/li>\n<\/ul>\n<p>Kali l\u00e0 ngu\u1ed3n kho\u00e1ng ch\u1ea5t quan tr\u1ecdng trong phomai Mozzarela, gi\u00fap ch\u1ed1ng l\u1ea1i c\u00e1c t\u00e1c \u0111\u1ed9ng b\u1ea5t l\u1ee3i do ti\u00eau th\u1ee5 natri. Ngo\u00e0i ra, h\u1ed7 tr\u1ee3 trong vi\u1ec7c h\u1ea1 huy\u1ebft \u00e1p v\u00e0 \u0111i\u1ec1u ch\u1ec9nh nh\u1ecbp tim th\u1ea5t th\u01b0\u1eddng.<\/p>\n<\/div>","protected":false},"excerpt":{"rendered":"<p>&nbsp; TH\u00d4NG TIN S\u1ea2N PH\u1ea8M Th\u01b0\u01a1ng hi\u1ec7u Granarola Xu\u1ea5t x\u1ee9 \u00dd Th\u00e0nh ph\u1ea7n S\u1eefa, mu\u1ed1i, men, \u0111i\u1ec1u ch\u1ec9nh nhi\u1ec7t \u0111\u1ed9<\/p>","protected":false},"featured_media":33980,"comment_status":"open","ping_status":"closed","template":"","meta":[],"product_brand":[],"product_cat":[275,36],"product_tag":[],"class_list":{"0":"post-33972","1":"product","2":"type-product","3":"status-publish","4":"has-post-thumbnail","6":"product_cat-thuc-pham-dong-lanh","7":"product_cat-thuc-pham-tieu-dung","9":"first","10":"instock","11":"sale","12":"shipping-taxable","13":"purchasable","14":"product-type-simple"},"_links":{"self":[{"href":"https:\/\/havamall.vn\/en\/wp-json\/wp\/v2\/product\/33972"}],"collection":[{"href":"https:\/\/havamall.vn\/en\/wp-json\/wp\/v2\/product"}],"about":[{"href":"https:\/\/havamall.vn\/en\/wp-json\/wp\/v2\/types\/product"}],"replies":[{"embeddable":true,"href":"https:\/\/havamall.vn\/en\/wp-json\/wp\/v2\/comments?post=33972"}],"version-history":[{"count":0,"href":"https:\/\/havamall.vn\/en\/wp-json\/wp\/v2\/product\/33972\/revisions"}],"wp:featuredmedia":[{"embeddable":true,"href":"https:\/\/havamall.vn\/en\/wp-json\/wp\/v2\/media\/33980"}],"wp:attachment":[{"href":"https:\/\/havamall.vn\/en\/wp-json\/wp\/v2\/media?parent=33972"}],"wp:term":[{"taxonomy":"product_brand","embeddable":true,"href":"https:\/\/havamall.vn\/en\/wp-json\/wp\/v2\/product_brand?post=33972"},{"taxonomy":"product_cat","embeddable":true,"href":"https:\/\/havamall.vn\/en\/wp-json\/wp\/v2\/product_cat?post=33972"},{"taxonomy":"product_tag","embeddable":true,"href":"https:\/\/havamall.vn\/en\/wp-json\/wp\/v2\/product_tag?post=33972"}],"curies":[{"name":"wp","href":"https:\/\/api.w.org\/{rel}","templated":true}]}}