{"id":33958,"date":"2024-03-09T16:50:03","date_gmt":"2024-03-09T09:50:03","guid":{"rendered":"https:\/\/havamall.vn\/?post_type=product&#038;p=33958"},"modified":"2024-03-13T15:24:56","modified_gmt":"2024-03-13T08:24:56","slug":"kem-lam-banh-richs-whip-topping-base-hop-907g","status":"publish","type":"product","link":"https:\/\/havamall.vn\/en\/shop\/kem-lam-banh-richs-whip-topping-base-hop-907g\/","title":{"rendered":"Kem L\u00e0m B\u00e1nh Rich&#8217;s Whip Topping Base H\u1ed9p 907g"},"content":{"rendered":"<h3><strong>TH\u00d4NG TIN S\u1ea2N PH\u1ea8M<\/strong><\/h3>\n<table>\n<tbody>\n<tr>\n<td>Th\u01b0\u01a1ng hi\u1ec7u<\/td>\n<td>Rich&#8217;s<\/td>\n<\/tr>\n<tr>\n<td>Xu\u1ea5t x\u1ee9<\/td>\n<td>Vi\u1ec7t Nam<\/td>\n<\/tr>\n<tr>\n<td>Th\u00e0nh ph\u1ea7n<\/td>\n<td>N\u01b0\u1edbc, D\u1ea7u Th\u1ef1c V\u1eadt (D\u1ea7u H\u1ea1t C\u1ecd Tinh Ch\u1ebf Hydro H\u00f3a To\u00e0n Ph\u1ea7n, D\u1ea7u H\u1ea1t C\u1ecd Tinh Ch\u1ebf, Ch\u1ea5t Nh\u0169 H\u00f3a, Siro B\u1eafp Ch\u1ee9a H\u00e0m L\u01b0\u1ee3ng Fructose Cao, Ch\u1ea5t Nh\u0169 H\u00f3a, Ch\u1ea5t \u1ed4n \u0110\u1ecbnh, Mu\u1ed1i, Ch\u1ea5t \u0110i\u1ec1u Ch\u1ec9nh \u0110\u1ed9 Axit, H\u01b0\u01a1ng (Vani Nh\u00e2n T\u1ea1o, H\u1ed7n H\u1ee3p Kem Nh\u00e2n T\u1ea1o, H\u01b0\u01a1ng H\u01b0\u01a1ng Th\u1ea3o T\u1ef1 Nhi\u00ean)<\/td>\n<\/tr>\n<tr>\n<td>H\u1ea1n s\u1eed d\u1ee5ng<\/td>\n<td>9 th\u00e1ng k\u1ec3 t\u1eeb ng\u00e0y s\u1ea3n xu\u1ea5t<\/td>\n<\/tr>\n<tr>\n<td>B\u1ea3o qu\u1ea3n<\/td>\n<td>Tr\u1eef \u0111\u00f4ng \u1edf nhi\u1ec7t \u0111\u1ed9 -18\u00b0C<\/td>\n<\/tr>\n<tr>\n<td>Kh\u1ed1i l\u01b0\u1ee3ng<\/td>\n<td>907g<\/td>\n<\/tr>\n<\/tbody>\n<\/table>\n<p>Whip Topping Base l\u00e0 lo\u1ea1i kem c\u00f4 \u0111\u1eb7c nguy\u00ean ch\u1ea5t d\u01b0\u1edbi d\u1ea1ng dung d\u1ecbch l\u1ecfng \u0111\u00f4ng l\u1ea1nh c\u00f3 th\u1ec3 kh\u00e1ng acid, l\u00e0m nguy\u00ean li\u1ec7u b\u00e1nh mousse, kem ganache s\u00f4 c\u00f4 la v\u00e0 c\u00e1c m\u00f3n tr\u00e1ng mi\u1ec7ng. Kem c\u0169ng d\u00f9ng \u0111\u1ec3 trang tr\u00ed, l\u00e0m nh\u00e2n v\u00e0 ch\u00e0 l\u00e1ng cho c\u00e1c lo\u1ea1i b\u00e1nh v\u00e0 m\u00f3n tr\u00e1ng mi\u1ec7ng. Kem c\u00f3 th\u1ec3 k\u1ebft h\u1ee3p v\u1edbi h\u1ea7u h\u1ebft c\u00e1c h\u01b0\u01a1ng li\u1ec7u, m\u00e0u t\u1ed5ng h\u1ee3p v\u00e0 ch\u1ea5t l\u00e0m ng\u1ecdt m\u00e0 kh\u00f4ng gi\u1ea3m \u0111\u1ed9 \u1ed5n \u0111\u1ecbnh. \u0110\u00e2y l\u00e0 l\u1ef1a ch\u1ecdn kinh t\u1ebf cho c\u00e1c nh\u00e0 s\u1ea3n xu\u1ea5t b\u00e1nh v\u1edbi s\u1ed1 l\u01b0\u1ee3ng l\u1edbn.<\/p>\n<p><img fetchpriority=\"high\" decoding=\"async\" class=\"wp-image-33963 aligncenter\" src=\"https:\/\/havamall.vn\/wp-content\/uploads\/2024\/03\/wtb-300x169.png\" alt=\"\" width=\"697\" height=\"393\" srcset=\"https:\/\/havamall.vn\/wp-content\/uploads\/2024\/03\/wtb-300x169.png 300w, https:\/\/havamall.vn\/wp-content\/uploads\/2024\/03\/wtb-600x338.png 600w, https:\/\/havamall.vn\/wp-content\/uploads\/2024\/03\/wtb-1200x675.png 1200w, https:\/\/havamall.vn\/wp-content\/uploads\/2024\/03\/wtb-768x432.png 768w, https:\/\/havamall.vn\/wp-content\/uploads\/2024\/03\/wtb-1024x576.png 1024w, https:\/\/havamall.vn\/wp-content\/uploads\/2024\/03\/wtb.png 1280w\" sizes=\"(max-width: 697px) 100vw, 697px\" \/><\/p>\n<h2><strong>\u1ee8NG D\u1ee4NG C\u1ee6A S\u1ea2N PH\u1ea8M<\/strong><\/h2>\n<p>&#8211; Pha ch\u1ebf \u0111\u1ed3 u\u1ed1ng (\u0111\u1ed3 \u0111\u00e1 xay, l\u00e0m b\u00f4ng kem dollop, l\u00e0m milkfoam\u2026)<\/p>\n<p>&#8211; \u1ee8ng d\u1ee5ng trong c\u00e1c m\u00f3n tr\u00e1ng mi\u1ec7ng, kem<\/p>\n<p>&#8211; L\u00e0m b\u00e1nh mousse, b\u00e1nh c\u00f4ng th\u1ee9c<\/p>\n<h2><img decoding=\"async\" class=\"wp-image-33960 aligncenter\" src=\"https:\/\/havamall.vn\/wp-content\/uploads\/2024\/03\/321243144_1007789930028463_6965892933590993916_n-300x300.jpeg\" alt=\"\" width=\"699\" height=\"699\" srcset=\"https:\/\/havamall.vn\/wp-content\/uploads\/2024\/03\/321243144_1007789930028463_6965892933590993916_n-300x300.jpeg 300w, https:\/\/havamall.vn\/wp-content\/uploads\/2024\/03\/321243144_1007789930028463_6965892933590993916_n-600x600.jpeg 600w, https:\/\/havamall.vn\/wp-content\/uploads\/2024\/03\/321243144_1007789930028463_6965892933590993916_n-1200x1200.jpeg 1200w, https:\/\/havamall.vn\/wp-content\/uploads\/2024\/03\/321243144_1007789930028463_6965892933590993916_n-150x150.jpeg 150w, https:\/\/havamall.vn\/wp-content\/uploads\/2024\/03\/321243144_1007789930028463_6965892933590993916_n-768x768.jpeg 768w, https:\/\/havamall.vn\/wp-content\/uploads\/2024\/03\/321243144_1007789930028463_6965892933590993916_n-1024x1024.jpeg 1024w, https:\/\/havamall.vn\/wp-content\/uploads\/2024\/03\/321243144_1007789930028463_6965892933590993916_n-100x100.jpeg 100w, https:\/\/havamall.vn\/wp-content\/uploads\/2024\/03\/321243144_1007789930028463_6965892933590993916_n.jpeg 2048w\" sizes=\"(max-width: 699px) 100vw, 699px\" \/><\/h2>\n<h2><strong>\u0110\u1eb6C \u0110I\u1ec2M N\u1ed4I B\u1eacT C\u1ee6A S\u1ea2N PH\u1ea8M<\/strong><\/h2>\n<p>&#8211; \u0110\u1ed9 \u1ed5n \u0111\u1ecbnh t\u1ed1t, kem kh\u00f4ng ch\u1ea3y ho\u1eb7c m\u1ec1m.<\/p>\n<p>&#8211; \u0110\u1ed9 \u1ed5n \u0111\u1ecbnh kh\u00f4ng b\u1ecb \u1ea3nh h\u01b0\u1edfng khi pha tr\u1ed9n kem v\u1edbi tr\u00e1i c\u00e2y t\u01b0\u01a1i hay n\u01b0\u1edbc tr\u00e1i c\u00e2y.<\/p>\n<p>&#8211; \u0110\u1ed9 n\u1edf 400% cho s\u1ea3n l\u01b0\u1ee3ng cao h\u01a1n.<\/p>\n<p>&#8211; Kem c\u00f3 th\u1ec3 pha tr\u1ed9n v\u1edbi h\u1ea7u h\u1ebft c\u00e1c dung d\u1ecbch l\u1ecfng nh\u01b0 n\u01b0\u1edbc tr\u00e1i c\u00e2y, n\u01b0\u1edbc v\u00e0 s\u1eefa.<\/p>\n<p>&#8211; Kem c\u00f4 \u0111\u1eb7c nguy\u00ean ch\u1ea5t n\u00ean ti\u1ebft ki\u1ec7m h\u01a1n v\u1ec1 gi\u00e1 th\u00e0nh v\u00e0 kh\u00f4ng gian l\u01b0u tr\u1eef.<\/p>\n<p><img decoding=\"async\" class=\"wp-image-33959 aligncenter\" src=\"https:\/\/havamall.vn\/wp-content\/uploads\/2024\/03\/321101027_700381418452970_3000541145535313508_n-300x300.jpeg\" alt=\"\" width=\"695\" height=\"695\" srcset=\"https:\/\/havamall.vn\/wp-content\/uploads\/2024\/03\/321101027_700381418452970_3000541145535313508_n-300x300.jpeg 300w, https:\/\/havamall.vn\/wp-content\/uploads\/2024\/03\/321101027_700381418452970_3000541145535313508_n-600x600.jpeg 600w, https:\/\/havamall.vn\/wp-content\/uploads\/2024\/03\/321101027_700381418452970_3000541145535313508_n-1200x1200.jpeg 1200w, https:\/\/havamall.vn\/wp-content\/uploads\/2024\/03\/321101027_700381418452970_3000541145535313508_n-150x150.jpeg 150w, https:\/\/havamall.vn\/wp-content\/uploads\/2024\/03\/321101027_700381418452970_3000541145535313508_n-768x768.jpeg 768w, https:\/\/havamall.vn\/wp-content\/uploads\/2024\/03\/321101027_700381418452970_3000541145535313508_n-1024x1024.jpeg 1024w, https:\/\/havamall.vn\/wp-content\/uploads\/2024\/03\/321101027_700381418452970_3000541145535313508_n-100x100.jpeg 100w, https:\/\/havamall.vn\/wp-content\/uploads\/2024\/03\/321101027_700381418452970_3000541145535313508_n.jpeg 2048w\" sizes=\"(max-width: 695px) 100vw, 695px\" \/><\/p>\n<h2><strong>H\u01af\u1edaNG D\u1eaaN S\u1eec D\u1ee4NG<\/strong><\/h2>\n<ul>\n<li>L\u1eafc \u0111\u1ec1u tr\u01b0\u1edbc khi s\u1eed d\u1ee5ng<\/li>\n<li>2 ph\u1ea7n kem Base + 1 ph\u1ea7n dung d\u1ecbch l\u1ea1nh kh\u00e1c<\/li>\n<li>Cho 2 ph\u1ea7n kem Rich\u2019s Whip Topping Base v\u00e0 1 ph\u1ea7n dung d\u1ecbch l\u1ea1nh (\u1edf nhi\u1ec7t \u0111\u1ed9 th\u1ea5p h\u01a1n 100C\/500F)(nh\u01b0 n\u01b0\u1edbc, n\u01b0\u1edbc tr\u00e1i c\u00e2y, s\u1eefa kh\u00f4ng b\u00e9o hay kem \u00edt b\u00e9o) v\u00e0o th\u1ed1 \u0111\u00e3 l\u00e0m l\u1ea1nh.<\/li>\n<li>\u0110\u00e1nh kem b\u1eb1ng m\u00e1y \u1edf t\u1ed1c \u0111\u1ed9 trung b\u00ecnh cho \u0111\u1ebfn khi s\u1ea3n ph\u1ea9m \u0111\u1ea1t \u0111\u01b0\u1ee3c \u0111\u1ed9 n\u1ed5i v\u1eeba \u00fd nh\u1ea5t.<\/li>\n<\/ul>\n<h2><strong>H\u01af\u1edaNG D\u1eaaN B\u1ea2O QU\u1ea2N<\/strong><\/h2>\n<p>&#8211; Tr\u1eef \u0111\u00f4ng \u1edf nhi\u1ec7t \u0111\u1ed9 -18oC<\/p>\n<p>&#8211; B\u1ea3o qu\u1ea3n l\u1ea1nh sau khi r\u00e3 \u0111\u00f4ng<\/p>\n<p>&#8211; Kh\u00f4ng t\u00e1i c\u1ea5p \u0111\u00f4ng s\u1ea3n ph\u1ea9m \u0111\u00e3 r\u00e3 \u0111\u00f4ng<\/p>","protected":false},"excerpt":{"rendered":"<p>TH\u00d4NG TIN S\u1ea2N PH\u1ea8M Th\u01b0\u01a1ng hi\u1ec7u Rich&#8217;s Xu\u1ea5t x\u1ee9 Vi\u1ec7t Nam Th\u00e0nh ph\u1ea7n N\u01b0\u1edbc, D\u1ea7u Th\u1ef1c V\u1eadt (D\u1ea7u H\u1ea1t C\u1ecd<\/p>","protected":false},"featured_media":33964,"comment_status":"open","ping_status":"closed","template":"","meta":[],"product_brand":[],"product_cat":[275,36],"product_tag":[],"class_list":{"0":"post-33958","1":"product","2":"type-product","3":"status-publish","4":"has-post-thumbnail","6":"product_cat-thuc-pham-dong-lanh","7":"product_cat-thuc-pham-tieu-dung","9":"first","10":"instock","11":"sale","12":"shipping-taxable","13":"purchasable","14":"product-type-simple"},"_links":{"self":[{"href":"https:\/\/havamall.vn\/en\/wp-json\/wp\/v2\/product\/33958"}],"collection":[{"href":"https:\/\/havamall.vn\/en\/wp-json\/wp\/v2\/product"}],"about":[{"href":"https:\/\/havamall.vn\/en\/wp-json\/wp\/v2\/types\/product"}],"replies":[{"embeddable":true,"href":"https:\/\/havamall.vn\/en\/wp-json\/wp\/v2\/comments?post=33958"}],"version-history":[{"count":0,"href":"https:\/\/havamall.vn\/en\/wp-json\/wp\/v2\/product\/33958\/revisions"}],"wp:featuredmedia":[{"embeddable":true,"href":"https:\/\/havamall.vn\/en\/wp-json\/wp\/v2\/media\/33964"}],"wp:attachment":[{"href":"https:\/\/havamall.vn\/en\/wp-json\/wp\/v2\/media?parent=33958"}],"wp:term":[{"taxonomy":"product_brand","embeddable":true,"href":"https:\/\/havamall.vn\/en\/wp-json\/wp\/v2\/product_brand?post=33958"},{"taxonomy":"product_cat","embeddable":true,"href":"https:\/\/havamall.vn\/en\/wp-json\/wp\/v2\/product_cat?post=33958"},{"taxonomy":"product_tag","embeddable":true,"href":"https:\/\/havamall.vn\/en\/wp-json\/wp\/v2\/product_tag?post=33958"}],"curies":[{"name":"wp","href":"https:\/\/api.w.org\/{rel}","templated":true}]}}