{"id":33955,"date":"2024-03-08T16:28:08","date_gmt":"2024-03-08T09:28:08","guid":{"rendered":"https:\/\/havamall.vn\/?post_type=product&#038;p=33955"},"modified":"2025-03-21T11:27:23","modified_gmt":"2025-03-21T04:27:23","slug":"viet-quat-dong-lanh-havafoodies-1kg-frozen-blueberries","status":"publish","type":"product","link":"https:\/\/havamall.vn\/en\/shop\/viet-quat-dong-lanh-havafoodies-1kg-frozen-blueberries\/","title":{"rendered":"Vi\u1ec7t Qu\u1ea5t \u0110\u00f4ng L\u1ea1nh Havafoodies 1kg \u2013 Frozen Blueberries"},"content":{"rendered":"<h2><\/h2>\n<h2><strong>TH\u00d4NG TIN CHUNG<\/strong><\/h2>\n<table width=\"1130\">\n<tbody>\n<tr>\n<td>Th\u01b0\u01a1ng hi\u1ec7u<\/td>\n<td>Havafoodies<\/td>\n<\/tr>\n<tr>\n<td>Xu\u1ea5t x\u1ee9<\/td>\n<td>Vi\u1ec7t Nam<\/td>\n<\/tr>\n<tr>\n<td>Th\u00e0nh ph\u1ea7n<\/td>\n<td>100% qu\u1ea3 vi\u1ec7t qu\u1ea5t \u0111\u00f4ng l\u1ea1nh<\/td>\n<\/tr>\n<tr>\n<td>H\u1ea1n s\u1eed d\u1ee5ng<\/td>\n<td>24 th\u00e1ng k\u1ec3 t\u1eeb ng\u00e0y s\u1ea3n xu\u1ea5t<\/td>\n<\/tr>\n<tr>\n<td>B\u1ea3o qu\u1ea3n<\/td>\n<td>B\u1ea3o qu\u1ea3n \u0111\u00f4ng l\u1ea1nh<\/td>\n<\/tr>\n<tr>\n<td>Kh\u1ed1i l\u01b0\u1ee3ng<\/td>\n<td>1kg<\/td>\n<\/tr>\n<\/tbody>\n<\/table>\n<p>Vi\u1ec7t qu\u1ea5t \u0111\u00f4ng l\u1ea1nh \u0111\u01b0\u1ee3c \u0111\u00f4ng l\u1ea1nh ngay trong ng\u00e0y thu ho\u1ea1ch, b\u1ea3o to\u00e0n c\u00e1c ch\u1ea5t dinh d\u01b0\u1ee1ng t\u1ef1 nhi\u00ean v\u00e0 ch\u1ea5t ch\u1ed1ng oxy h\u00f3a m\u1ed9t c\u00e1ch tr\u1ecdn v\u1eb9n nh\u1ea5t. T\u1eebng qu\u1ea3 s\u1ebd \u0111\u01b0\u1ee3c h\u00e1i xu\u1ed1ng khi \u0111\u1ea1t \u0111\u1ed9 ch\u00ednh ho\u00e0n h\u1ea3o nh\u1ea5t v\u00e0 \u0111\u01b0\u1ee3c \u0111\u01b0a v\u00e0o quy tr\u00ecnh b\u1ea3o qu\u1ea3n c\u1ea5p t\u1ed1c trong 48 gi\u1edd \u0111\u1ec3 gi\u1eef \u0111\u01b0\u1ee3c h\u01b0\u01a1ng v\u1ecb tuy\u1ec7t v\u1eddi c\u1ee7a tr\u00e1i c\u00e2y t\u01b0\u01a1i.<\/p>\n<p><img fetchpriority=\"high\" decoding=\"async\" class=\"wp-image-33956 aligncenter\" src=\"https:\/\/havamall.vn\/wp-content\/uploads\/2025\/03\/98b824626e1ec2409b0f-294x300.jpg\" alt=\"\" width=\"678\" height=\"692\" \/><\/p>\n<p>Vi\u1ec7t qu\u1ea5t l\u00e0 d\u00f2ng tr\u00e1i c\u00e2y c\u00f3 ngu\u1ed3n dinh d\u01b0\u1ee1ng d\u1ed3i d\u00e0o v\u1edbi Vitamin A &amp; C, Kali, S\u1eaft, Ch\u1ea5t x\u01a1, Canxi v\u00e0 K\u1ebdm gi\u00fap t\u0103ng c\u01b0\u1eddng m\u1ea1ch m\u00e1u, t\u0103ng c\u01b0\u1eddng tr\u00ed nh\u1edb v\u00e0 c\u1ea3i thi\u1ec7n th\u1ecb l\u1ef1c.<\/p>\n<p>Theo c\u00e1c nghi\u00ean c\u1ee9u \u0111\u01b0\u1ee3c th\u1ef1c hi\u1ec7n b\u1edfi \u0110\u1ea1i h\u1ecdc John Hopkins, qu\u00e1 tr\u00ecnh \u0111\u00f4ng l\u1ea1nh vi\u1ec7t qu\u1ea5t v\u1eeba thu ho\u1ea1ch gi\u00fap vi\u1ec7t qu\u1ea5t duy tr\u00ec m\u1ee9c dinh d\u01b0\u1ee1ng t\u1ed1i \u01b0u trong nhi\u1ec1u th\u00e1ng. \u0110i\u1ec1u n\u00e0y gi\u00fap b\u1ea1n c\u00f3 th\u1ec3 th\u01b0\u1edfng th\u1ee9c nh\u1eefng tr\u00e1i vi\u1ec7t qu\u1ea5t ngon v\u00e0o b\u1ea5t c\u1ee9 l\u00fac n\u00e0o trong n\u0103m.<\/p>\n<p><img decoding=\"async\" class=\"wp-image-28491 aligncenter\" src=\"https:\/\/havamall.vn\/wp-content\/uploads\/2025\/03\/219401158-300x300.png\" alt=\"\" width=\"670\" height=\"670\" \/><\/p>\n<p>Ngo\u00e0i ra, c\u00e1c nghi\u00ean c\u1ee9u \u0111\u01b0\u1ee3c th\u1ef1c hi\u1ec7n t\u1ea1i \u0110\u1ea1i h\u1ecdc Bang Nam Dakota cho th\u1ea5y, vi\u1ec7c \u0111\u00f4ng l\u1ea1nh qu\u1ea3 vi\u1ec7t qu\u1ea5t gi\u00fap c\u01a1 th\u1ec3 con ng\u01b0\u1eddi d\u1ec5 h\u1ea5p thu c\u00e1c ch\u1ea5t ch\u1ed1ng oxy h\u00f3a trong vi\u1ec7t qu\u1ea5t h\u01a1n. \u0110i\u1ec1u n\u00e0y l\u00e0 do ch\u1ea5t anthocyanins, h\u1ee3p ch\u1ea5t ch\u1ed1ng oxy h\u00f3a t\u1ea1o n\u00ean m\u00e0u xanh c\u1ee7a qu\u1ea3 vi\u1ec7t qu\u1ea5t, \u0111\u01b0\u1ee3c t\u00ecm th\u1ea5y trong v\u1ecf c\u1ee7a qu\u1ea3 m\u1ecdng. Vi\u1ec7c \u0111\u00f4ng l\u1ea1nh t\u1ea1o n\u00ean c\u00e1c tinh th\u1ec3 b\u0103ng nh\u1ecf ph\u00e1 v\u1ee1 c\u1ea5u tr\u00fac c\u1ee7a t\u1ebf b\u00e0o, gi\u00fap h\u1ec7 th\u1ed1ng ti\u00eau h\u00f3a c\u1ee7a ch\u00fang ta d\u1ec5 d\u00e0ng h\u1ea5p thu ch\u1ea5t anthocyanins.<\/p>\n<p><img decoding=\"async\" class=\"wp-image-24273 aligncenter\" src=\"https:\/\/havamall.vn\/wp-content\/uploads\/2025\/03\/delish-bluebe-300x169.png\" alt=\"\" width=\"657\" height=\"370\" \/><\/p>\n<p>Tr\u00e1i c\u00e2y v\u00e0 rau qu\u1ea3 t\u01b0\u01a1i s\u1edf h\u1eefu h\u1ea1n s\u1eed d\u1ee5ng r\u1ea5t ng\u1eafn ng\u00e0y, v\u00e0 qu\u1ea3 vi\u1ec7t qu\u1ea5t c\u0169ng v\u1eady. Tuy nhi\u00ean, vi\u1ec7t qu\u1ea5t \u0111\u00f4ng l\u1ea1nh c\u00f3 th\u1ec3 \u0111\u1ec3 \u0111\u01b0\u1ee3c nhi\u1ec1u th\u00e1ng m\u00e0 kh\u00f4ng b\u1ecb h\u1ecfng hay nh\u0169n, v\u00e0 gi\u1eef \u0111\u01b0\u1ee3c ch\u1ea5t dinh d\u01b0\u1ee1ng trong nhi\u1ec1u th\u00e1ng khi \u0111\u01b0\u1ee3c b\u1ea3o qu\u1ea3n trong ng\u0103n \u0111\u00e1.<\/p>\n<h2><strong>H\u01b0\u1edbng d\u1eabn s\u01b0 d\u1ee5ng:<\/strong><\/h2>\n<p>&#8211; L\u1ea5y l\u01b0\u1ee3ng v\u1eeba \u0111\u1ee7 d\u00f9ng \u0111\u1ec3 ra ngo\u00e0i cho gi\u00e3 \u0111\u00f4ng r\u1ed3i d\u00f9ng ngay. Ho\u1eb7c c\u00f3 th\u1ec3 \u0111\u1ec3 xu\u1ed1ng ng\u0103n m\u00e1t t\u1ee7 l\u1ea1nh (kho\u1ea3ng 1-3 \u0111\u1ed9 C) r\u1ed3i d\u00f9ng d\u1ea7n trong v\u00f2ng 3 ng\u00e0y sau \u0111\u00f3.<\/p>\n<p>&#8211; Vi\u1ec7t qu\u1ea5t \u0111\u00f4ng l\u1ea1nh \u0111\u01b0\u1ee3c d\u00f9ng nh\u01b0 tr\u00e1i c\u00e2y t\u01b0\u01a1i b\u00ecnh th\u01b0\u1eddng: \u0103n k\u00e8m s\u1eefa chua, xay sinh t\u1ed1, l\u00e0m m\u1ee9t, l\u00e0m b\u00e1nh,&#8230;ho\u1eb7c d\u00f9ng l\u00e0m n\u01b0\u1edbc s\u1ed1t cho c\u00e1c m\u00f3n \u0103n T\u00e2y \u0111\u1ec1u r\u1ea5t ngon v\u00e0 b\u1ed5 d\u01b0\u1ee1ng.<\/p>\n<p><img loading=\"lazy\" decoding=\"async\" class=\"wp-image-28492 aligncenter\" src=\"https:\/\/havamall.vn\/wp-content\/uploads\/2025\/03\/17587571-300x300.png\" alt=\"\" width=\"649\" height=\"649\" \/><\/p>\n<h2><strong>Nh\u1eefng c\u00f4ng d\u1ee5ng tuy\u1ec7t v\u1eddi c\u1ee7a qu\u1ea3 vi\u1ec7t qu\u1ea5t:<\/strong><\/h2>\n<p>&gt; Tr\u00e1i vi\u1ec7t qu\u1ea5t c\u00f3 t\u00e1c d\u1ee5ng v\u00f4 hi\u1ec7u h\u00f3a c\u00e1c g\u1ed1c t\u1ef1 do<\/p>\n<p>&gt; Tr\u00e1i vi\u1ec7t qu\u1ea5t c\u00f3 t\u00e1c d\u1ee5ng c\u1ea3i thi\u1ec7n tr\u00ed nh\u1edb<\/p>\n<p>&gt; Tr\u00e1i vi\u1ec7t qu\u1ea5t c\u00f3 t\u00e1c d\u1ee5ng duy tr\u00ec th\u1ecb l\u1ef1c t\u1ed1t<\/p>\n<p>&gt; Tr\u00e1i vi\u1ec7t qu\u1ea5t c\u00f3 t\u00e1c d\u1ee5ng h\u1ea1 cholesterol<\/p>\n<p>&gt; Qu\u1ea5t c\u00f3 t\u00e1c d\u1ee5ng ng\u0103n ng\u1eeba b\u1ec7nh tim<\/p>\n<p>&gt; Tr\u00e1i vi\u1ec7t qu\u1ea5t c\u00f3 t\u00e1c d\u1ee5ng ng\u0103n ng\u1eeba nhi\u1ec5m tr\u00f9ng \u0111\u01b0\u1eddng ti\u1ebft ni\u1ec7u (UTIs)<\/p>\n<p>&gt; Tr\u00e1i vi\u1ec7t qu\u1ea5t c\u00f3 t\u00e1c d\u1ee5ng ng\u0103n ng\u1eeba t\u00e1o b\u00f3n<\/p>\n<p><img loading=\"lazy\" decoding=\"async\" class=\"wp-image-24275 aligncenter\" src=\"https:\/\/havamall.vn\/wp-content\/uploads\/2025\/03\/blueberry-300x200.png\" alt=\"\" width=\"668\" height=\"445\" \/><\/p>\n<p>&gt; Tr\u00e1i vi\u1ec7t qu\u1ea5t c\u00f3 t\u00e1c d\u1ee5ng gi\u1ea3m m\u1ee1 b\u1ee5ng:<\/p>\n<p>&gt; Tr\u00e1i vi\u1ec7t qu\u1ea5t c\u00f3 t\u00e1c d\u1ee5ng l\u00e0m ch\u1eadm qu\u00e1 tr\u00ecnh l\u00e3o h\u00f3a:<\/p>\n<p>&gt; Tr\u00e1i vi\u1ec7t qu\u1ea5t c\u00f3 t\u00e1c d\u1ee5ng t\u0103ng c\u01b0\u1eddng h\u1ec7 th\u1ed1ng mi\u1ec5n d\u1ecbch:<\/p>\n<p>&gt; Gi\u1ea3m vi\u00eam nhi\u1ec5m<\/p>\n<p>&gt; Ng\u0103n ng\u1eeba ung th\u01b0<\/p>\n<p>&gt; T\u1ed1t cho da v\u00e0 t\u00f3c<\/p>\n<p>&gt; C\u1ea3i thi\u1ec7n h\u1ec7 ti\u00eau h\u00f3a<\/p>\n<p>&gt; Gi\u00e0u ch\u1ea5t ch\u1ed1ng oxy h\u00f3a, t\u1ed1t cho ch\u1ecb em<\/p>\n<p>&gt; T\u0103ng c\u01b0\u1eddng s\u1ee9c m\u1ea1nh tr\u00ed n\u00e3o<\/p>\n<p>&gt; T\u1ed1t cho s\u1ee9c kh\u1ecfe b\u00e0 b\u1ea7u<\/p>\n<p>S\u1ea3n ph\u1ea9m hi\u1ec7n \u0111\u00e3 c\u00f3 m\u1eb7t t\u1ea1i Havamall.<\/p>\n<p><img loading=\"lazy\" decoding=\"async\" class=\"wp-image-24276 aligncenter\" src=\"https:\/\/havamall.vn\/wp-content\/uploads\/2025\/03\/no-churn-296x300.png\" alt=\"\" width=\"663\" height=\"672\" \/><\/p>","protected":false},"excerpt":{"rendered":"<p>TH\u00d4NG TIN CHUNG Th\u01b0\u01a1ng hi\u1ec7u Havafoodies Xu\u1ea5t x\u1ee9 Vi\u1ec7t Nam Th\u00e0nh ph\u1ea7n 100% qu\u1ea3 vi\u1ec7t qu\u1ea5t \u0111\u00f4ng l\u1ea1nh H\u1ea1n s\u1eed<\/p>","protected":false},"featured_media":33957,"comment_status":"open","ping_status":"closed","template":"","meta":[],"product_brand":[],"product_cat":[677,678,36],"product_tag":[],"class_list":{"0":"post-33955","1":"product","2":"type-product","3":"status-publish","4":"has-post-thumbnail","6":"product_cat-cac-nuoc-khac","7":"product_cat-trai-cay-dong-lanh","8":"product_cat-thuc-pham-tieu-dung","9":"pa_brand-skx","11":"first","12":"instock","13":"sale","14":"shipping-taxable","15":"purchasable","16":"product-type-simple"},"_links":{"self":[{"href":"https:\/\/havamall.vn\/en\/wp-json\/wp\/v2\/product\/33955"}],"collection":[{"href":"https:\/\/havamall.vn\/en\/wp-json\/wp\/v2\/product"}],"about":[{"href":"https:\/\/havamall.vn\/en\/wp-json\/wp\/v2\/types\/product"}],"replies":[{"embeddable":true,"href":"https:\/\/havamall.vn\/en\/wp-json\/wp\/v2\/comments?post=33955"}],"version-history":[{"count":0,"href":"https:\/\/havamall.vn\/en\/wp-json\/wp\/v2\/product\/33955\/revisions"}],"wp:featuredmedia":[{"embeddable":true,"href":"https:\/\/havamall.vn\/en\/wp-json\/wp\/v2\/media\/33957"}],"wp:attachment":[{"href":"https:\/\/havamall.vn\/en\/wp-json\/wp\/v2\/media?parent=33955"}],"wp:term":[{"taxonomy":"product_brand","embeddable":true,"href":"https:\/\/havamall.vn\/en\/wp-json\/wp\/v2\/product_brand?post=33955"},{"taxonomy":"product_cat","embeddable":true,"href":"https:\/\/havamall.vn\/en\/wp-json\/wp\/v2\/product_cat?post=33955"},{"taxonomy":"product_tag","embeddable":true,"href":"https:\/\/havamall.vn\/en\/wp-json\/wp\/v2\/product_tag?post=33955"}],"curies":[{"name":"wp","href":"https:\/\/api.w.org\/{rel}","templated":true}]}}