{"id":33923,"date":"2024-03-05T15:56:03","date_gmt":"2024-03-05T08:56:03","guid":{"rendered":"https:\/\/havamall.vn\/?post_type=product&#038;p=33923"},"modified":"2025-03-18T16:46:19","modified_gmt":"2025-03-18T09:46:19","slug":"sot-mayonnaise-mu-tat-dijonnaise-la-cuisine-dautrefois-185g","status":"publish","type":"product","link":"https:\/\/havamall.vn\/en\/shop\/sot-mayonnaise-mu-tat-dijonnaise-la-cuisine-dautrefois-185g\/","title":{"rendered":"S\u1ed1t Mayonnaise M\u00f9 T\u1ea1t Dijonnaise La Cuisine D&#8217;Autrefois 185g"},"content":{"rendered":"<h2><\/h2>\n<h2><strong>TH\u00d4NG TIN S\u1ea2N PH\u1ea8M<\/strong><\/h2>\n<table>\n<tbody>\n<tr>\n<td>Th\u01b0\u01a1ng hi\u1ec7u<\/td>\n<td>La Cuisine d&#8217;Autrefois<\/td>\n<\/tr>\n<tr>\n<td>Xu\u1ea5t x\u1ee9<\/td>\n<td>Ph\u00e1p<\/td>\n<\/tr>\n<tr>\n<td>Th\u00e0nh ph\u1ea7n<\/td>\n<td>D\u1ea7u h\u01b0\u1edbng d\u01b0\u01a1ng, m\u00f9 t\u1ea1t, l\u00f2ng \u0111\u1ecf tr\u1ee9ng, gi\u1ea5m t\u00e1o, n\u01b0\u1edbc, n\u01b0\u1edbc chanh c\u00f4 \u0111\u1eb7c,&#8230;<\/td>\n<\/tr>\n<tr>\n<td>H\u1ea1n s\u1eed d\u1ee5ng<\/td>\n<td>14 th\u00e1ng k\u1ec3 t\u1eeb ng\u00e0y s\u1ea3n xu\u1ea5t.<\/td>\n<\/tr>\n<tr>\n<td>B\u1ea3o qu\u1ea3n<\/td>\n<td>N\u01a1i kh\u00f4 r\u00e1o, s\u1ea1ch s\u1ebd, tho\u00e1ng m\u00e1t, tr\u00e1nh \u00e1nh n\u1eafng tr\u1ef1c ti\u1ebfp<\/td>\n<\/tr>\n<tr>\n<td>Kh\u1ed1i l\u01b0\u1ee3ng t\u1ecbnh<\/td>\n<td>185g<\/td>\n<\/tr>\n<\/tbody>\n<\/table>\n<p>S\u1ed1t mayonnaise m\u00f9 t\u1ea1t\u00a0La Cuisine d&#8217;Autrefois l\u00e0 m\u1ed9t lo\u1ea1i s\u1ed1t gia v\u1ecb \u0111a n\u0103ng gi\u00fap l\u00e0m t\u0103ng m\u00f9i v\u1ecb cho c\u00e1c m\u00f3n rau c\u1ee7, h\u1ea3i s\u1ea3n, chi\u00ean v\u00e0 n\u01b0\u1edbng s\u1ea3n ph\u1ea9m \u0111\u01b0\u1ee3c l\u00e0m t\u1eeb c\u00e1c nguy\u00ean li\u1ec7u t\u01b0\u01a1i, nguy\u00ean ch\u1ea5t mang \u0111\u1ebfn h\u01b0\u01a1ng v\u1ecb th\u01a1m ngon cho c\u00e1c m\u00f3n \u0103n khi s\u1eed d\u1ee5ng. V\u1ecb chua b\u00e9o h\u00e0i h\u00f2a c\u1ee7a s\u1ed1t kh\u00f4ng nh\u1eefng h\u1ee3p kh\u1ea9u v\u1ecb c\u1ee7a nhi\u1ec1u ng\u01b0\u1eddi m\u00e0 c\u00f2n mang \u0111\u1ebfn v\u1ecb ngon tuy\u1ec7t v\u1eddi cho c\u00e1c m\u00f3n rau, gi\u00fap c\u00e1c th\u00e0nh vi\u00ean trong gia \u0111\u00ecnh b\u1ea1n \u0103n th\u1eadt nhi\u1ec1u rau m\u1ed7i ng\u00e0y.<\/p>\n<p><img fetchpriority=\"high\" decoding=\"async\" class=\"wp-image-33932 aligncenter\" src=\"https:\/\/havamall.vn\/wp-content\/uploads\/2025\/03\/Screen-Shot-2024-03-05-at-4.02.35-PM-300x300.png\" alt=\"\" width=\"626\" height=\"626\" \/><\/p>\n<p>S\u1ed1t mayonnaise m\u00f9 t\u1ea1t\u00a0La Cuisine d&#8217;Autrefois \u0111\u01b0\u1ee3c s\u1ea3n xu\u1ea5t tr\u00ean d\u00e2y chuy\u1ec1n hi\u1ec7n \u0111\u1ea1i v\u00e0 kh\u00e9p k\u00edn t\u1ea1i Ph\u00e1p mang \u0111\u1ebfn cho c\u01a1 th\u1ec3 c\u00e1c d\u01b0\u1ee1ng ch\u1ea5t t\u1eeb c\u00e1c th\u00e0nh ph\u1ea7n t\u1ef1 nhi\u00ean. Ngo\u00e0i ra, s\u1ea3n ph\u1ea9m c\u00f2n k\u00edch th\u00edch kh\u1ea9u v\u1ecb c\u1ee7a ng\u01b0\u1eddi d\u00f9ng gi\u00fap cho ngon mi\u1ec7ng h\u01a1n.<\/p>\n<p>S\u1ea3n ph\u1ea9m \u0111\u01b0\u1ee3c l\u00e0m t\u1eeb l\u00f2ng \u0111\u1ecf tr\u1ee9ng g\u00e0 t\u01b0\u01a1i ngon \u0111em \u0111\u1ebfn h\u01b0\u01a1ng v\u1ecb \u0111\u1eadm \u0111\u00e0, th\u01a1m ngon khi d\u00f9ng chung v\u1edbi c\u00e1c m\u00f3n \u0103n chi\u00ean, n\u01b0\u1edbng, h\u1ea3i s\u1ea3n cho b\u1eefa \u0103n c\u1ee7a b\u1ea1n th\u00eam phong ph\u00fa.<\/p>\n<p><img decoding=\"async\" class=\"wp-image-33925 aligncenter\" src=\"https:\/\/havamall.vn\/wp-content\/uploads\/2025\/03\/IMG_0297-banh-mi-op-la-ca-moi-300x300.jpg\" alt=\"\" width=\"625\" height=\"625\" \/><\/p>\n<div>S\u1ed1t mayonnaise m\u00f9 t\u1ea1t\u00a0La Cuisine d&#8217;Autrefois nh\u1eadp kh\u1ea9u t\u1eeb Ph\u00e1p l\u00e0m t\u1eeb nh\u1eefng nguy\u00ean li\u1ec7u \u0111\u01b0\u1ee3c ch\u1ecdn l\u1ecdc k\u0129 c\u00e0ng, s\u1ea3n xu\u1ea5t tr\u00ean d\u00e2y chuy\u1ec1n c\u00f4ng ngh\u1ec7 hi\u1ec7n \u0111\u1ea1i, quy tr\u00ecnh ki\u1ec3m so\u00e1t ch\u1ea5t l\u01b0\u1ee3ng nghi\u00eam ng\u1eb7t \u0111\u1ea3m b\u1ea3o v\u1ec7 sinh an to\u00e0n th\u1ef1c ph\u1ea9m. S\u1ea3n ph\u1ea9m \u0111\u01b0\u1ee3c \u0111\u00f3ng l\u1ecd th\u1ee7y tinh nh\u1ecf g\u1ecdn, ti\u1ec7n l\u1ee3i s\u1eed d\u1ee5ng trong gia \u0111\u00ecnh ho\u1eb7c mang \u0111i du l\u1ecbch, d\u00e3 ngo\u1ea1i.<\/div>\n<div><img decoding=\"async\" class=\"wp-image-33928 aligncenter\" src=\"https:\/\/havamall.vn\/wp-content\/uploads\/2025\/03\/295966438_5123456931037517_1603938633892153797_n-300x262.jpg\" alt=\"\" width=\"625\" height=\"546\" \/><\/div>\n<p>S\u1ed1t mayonnaise m\u00f9 t\u1ea1t\u00a0La Cuisine d&#8217;Autrefois \u0111\u01b0\u1ee3c \u0111\u00f3ng h\u1ee7 ti\u1ec7n d\u1ee5ng, ti\u1ec7n l\u1ee3i cho vi\u1ec7c s\u1eed d\u1ee5ng v\u00e0 b\u1ea3o qu\u1ea3n, \u0111\u1ea3m b\u1ea3o v\u1ec7 sinh an to\u00e0n th\u1ef1c ph\u1ea9m v\u00e0 tuy\u1ec7t \u0111\u1ed1i an to\u00e0n khi s\u1eed d\u1ee5ng.<\/p>\n<div>S\u1ed1t mayonnaise m\u00f9 t\u1ea1t\u00a0La Cuisine d&#8217;Autrefois d\u1ea1ng kem c\u00f3 k\u1ebft c\u1ea5u \u0111\u1eb7c, s\u00e1nh m\u1ecbn. S\u1ed1t c\u00f3 h\u01b0\u01a1ng th\u01a1m b\u00e9o ng\u1eady, v\u1ecb chua ng\u1ecdt h\u00e0i h\u00f2a l\u00e0m t\u0103ng h\u01b0\u01a1ng v\u1ecb h\u1ea5p d\u1eabn cho m\u00f3n \u0103n. S\u1ed1t mayonnaise m\u00f9 t\u1ea1t\u00a0La Cuisine d&#8217;Autrefois r\u1ea5t d\u1ec5 \u0103n, th\u01b0\u1eddng \u0111\u01b0\u1ee3c s\u1eed d\u1ee5ng \u0111\u1ec3 ch\u1ea5m nem, ch\u1ea3 hay \u0103n k\u00e8m v\u1edbi c\u00e1c lo\u1ea1i h\u1ea3i s\u1ea3n, b\u00e1nh sandwich, khoai chi\u00ean,\u2026 S\u1ed1t c\u00f2n l\u00e0 nguy\u00ean li\u1ec7u ch\u1ebf bi\u1ebfn salad, sushi, b\u00e1nh, c\u00e1c lo\u1ea1i n\u01b0\u1edbc s\u1ed1t hay c\u00e1c m\u00f3n chi\u00ean, x\u00e0o, n\u01b0\u1edbng, h\u1ea5p, lu\u1ed9c\u2026<\/div>\n<div><img loading=\"lazy\" decoding=\"async\" class=\"wp-image-33927 aligncenter\" src=\"https:\/\/havamall.vn\/wp-content\/uploads\/2025\/03\/Aji-mayo_SANDWICH-TRUNG-KHUAY-PHOMAI-300x175.png\" alt=\"\" width=\"621\" height=\"362\" \/><\/div>\n<div>\n<h2><strong>C\u00d4NG D\u1ee4NG<\/strong><\/h2>\n<p>\u2013 S\u1ed1t mayonnaise m\u00f9 t\u1ea1t\u00a0La Cuisine d&#8217;Autrefois d\u00f9ng \u0111\u1ec3 l\u00e0m gia v\u1ecb \u0103n k\u00e8m c\u00e1c m\u00f3n \u0103n nh\u01b0 chi\u00ean, x\u00e0o.<\/p>\n<p>\u2013 Tr\u1ed9n salad cho m\u00f3n \u0103n th\u00eam h\u1ea5p d\u1eabn, k\u00edch th\u1ecb v\u1ecb gi\u00e1c ng\u01b0\u1eddi d\u00f9ng.<\/p>\n<p>\u2013 Ch\u1ee9a nhi\u1ec1u gi\u00e1 tr\u1ecb dinh d\u01b0\u1ee1ng c\u1ea7n thi\u1ebft cho c\u01a1 th\u1ec3.<\/p>\n<\/div>\n<p><img loading=\"lazy\" decoding=\"async\" class=\"wp-image-33926 aligncenter\" src=\"https:\/\/havamall.vn\/wp-content\/uploads\/2025\/03\/40360261353_981db88750_b-300x200.jpg\" alt=\"\" width=\"620\" height=\"413\" \/><\/p>","protected":false},"excerpt":{"rendered":"<p>TH\u00d4NG TIN S\u1ea2N PH\u1ea8M Th\u01b0\u01a1ng hi\u1ec7u La Cuisine d&#8217;Autrefois Xu\u1ea5t x\u1ee9 Ph\u00e1p Th\u00e0nh ph\u1ea7n D\u1ea7u h\u01b0\u1edbng d\u01b0\u01a1ng, m\u00f9 t\u1ea1t, l\u00f2ng<\/p>","protected":false},"featured_media":33924,"comment_status":"open","ping_status":"closed","template":"","meta":[],"product_brand":[],"product_cat":[671,36],"product_tag":[],"class_list":{"0":"post-33923","1":"product","2":"type-product","3":"status-publish","4":"has-post-thumbnail","6":"product_cat-nhap-khau-phap","7":"product_cat-thuc-pham-tieu-dung","9":"first","10":"instock","11":"sale","12":"shipping-taxable","13":"purchasable","14":"product-type-simple"},"_links":{"self":[{"href":"https:\/\/havamall.vn\/en\/wp-json\/wp\/v2\/product\/33923"}],"collection":[{"href":"https:\/\/havamall.vn\/en\/wp-json\/wp\/v2\/product"}],"about":[{"href":"https:\/\/havamall.vn\/en\/wp-json\/wp\/v2\/types\/product"}],"replies":[{"embeddable":true,"href":"https:\/\/havamall.vn\/en\/wp-json\/wp\/v2\/comments?post=33923"}],"version-history":[{"count":0,"href":"https:\/\/havamall.vn\/en\/wp-json\/wp\/v2\/product\/33923\/revisions"}],"wp:featuredmedia":[{"embeddable":true,"href":"https:\/\/havamall.vn\/en\/wp-json\/wp\/v2\/media\/33924"}],"wp:attachment":[{"href":"https:\/\/havamall.vn\/en\/wp-json\/wp\/v2\/media?parent=33923"}],"wp:term":[{"taxonomy":"product_brand","embeddable":true,"href":"https:\/\/havamall.vn\/en\/wp-json\/wp\/v2\/product_brand?post=33923"},{"taxonomy":"product_cat","embeddable":true,"href":"https:\/\/havamall.vn\/en\/wp-json\/wp\/v2\/product_cat?post=33923"},{"taxonomy":"product_tag","embeddable":true,"href":"https:\/\/havamall.vn\/en\/wp-json\/wp\/v2\/product_tag?post=33923"}],"curies":[{"name":"wp","href":"https:\/\/api.w.org\/{rel}","templated":true}]}}