{"id":33917,"date":"2024-03-05T15:00:07","date_gmt":"2024-03-05T08:00:07","guid":{"rendered":"https:\/\/havamall.vn\/?post_type=product&#038;p=33917"},"modified":"2024-03-05T15:00:08","modified_gmt":"2024-03-05T08:00:08","slug":"sot-pesto-madama-olive-190g-pesto-basil-pine-nut","status":"publish","type":"product","link":"https:\/\/havamall.vn\/en\/shop\/sot-pesto-madama-olive-190g-pesto-basil-pine-nut\/","title":{"rendered":"S\u1ed1t Pesto Madama Olive 190g &#8211; Pesto Basil &amp; Pine Nut"},"content":{"rendered":"<h3><\/h3>\n<h3><strong>TH\u00d4NG TIN S\u1ea2N PH\u1ea8M<\/strong><\/h3>\n<table>\n<tbody>\n<tr>\n<td>Th\u01b0\u01a1ng hi\u1ec7u<\/td>\n<td>Madama Oliva<\/td>\n<\/tr>\n<tr>\n<td>Xu\u1ea5t x\u1ee9<\/td>\n<td>\u00dd<\/td>\n<\/tr>\n<tr>\n<td>Th\u00e0nh ph\u1ea7n<\/td>\n<td>H\u00fang qu\u1ebf, d\u1ea7u oliu nguy\u00ean ch\u1ea5t, d\u1ea7u h\u01b0\u1edbng d\u01b0\u01a1ng, h\u1ea1t th\u00f4ng, khoai t\u00e2y, mu\u1ed1i, gia v\u1ecb,&#8230;<\/td>\n<\/tr>\n<tr>\n<td>H\u1ea1n s\u1eed d\u1ee5ng<\/td>\n<td>24 th\u00e1ng k\u1ec3 t\u1eeb ng\u00e0y s\u1ea3n xu\u1ea5t.<\/td>\n<\/tr>\n<tr>\n<td>B\u1ea3o qu\u1ea3n<\/td>\n<td>\u0110\u1ec3 n\u01a1i kh\u00f4 r\u00e1o, tho\u00e1ng m\u00e1t, tr\u00e1nh \u00e1nh n\u1eafng tr\u1ef1c ti\u1ebfp<\/td>\n<\/tr>\n<tr>\n<td>Kh\u1ed1i l\u01b0\u1ee3ng<\/td>\n<td>190g<\/td>\n<\/tr>\n<\/tbody>\n<\/table>\n<p>S\u1ed1t Pesto l\u00e0 m\u1ed9t lo\u1ea1i s\u1ed1t c\u00f3 ngu\u1ed3n g\u1ed1c t\u1eeb Genova c\u1ee7a n\u01b0\u1edbc \u00dd.S\u1ed1t Pesto c\u00f3 v\u1ecb b\u00e9o ng\u1eady c\u1ee7a ph\u00f4 mai, m\u00f9i th\u01a1m \u0111\u1eb7c tr\u01b0ng t\u1eeb h\u00fang qu\u1ebf ho\u1eb7c ng\u00f2 r\u00ed v\u00e0 cu\u1ed1i c\u00f9ng l\u00e0 v\u1ecb m\u1eb7n nh\u1eb9 c\u1ee7a mu\u1ed1i.<\/p>\n<p dir=\"auto\">B\u00ean c\u1ea1nh \u0111\u1ed9 ngon kh\u00f3 t\u1ea3, Pesto c\u00f2n ch\u1ee9a l\u01b0\u1ee3ng calo \u0111\u1ebfn t\u1eeb ch\u1ea5t b\u00e9o kh\u00f4ng b\u00e3o h\u00f2a, \u201cch\u1ea5t b\u00e9o l\u00e0nh m\u1ea1nh\u201d h\u1ed7 tr\u1ee3 s\u1ee9c kh\u1ecfe tim m\u1ea1ch.<img fetchpriority=\"high\" decoding=\"async\" class=\"wp-image-33919 aligncenter\" src=\"https:\/\/havamall.vn\/wp-content\/uploads\/2024\/03\/140865536_1811231309025850_3465610561251489365_n-300x300.jpeg\" alt=\"\" width=\"672\" height=\"672\" srcset=\"https:\/\/havamall.vn\/wp-content\/uploads\/2024\/03\/140865536_1811231309025850_3465610561251489365_n-300x300.jpeg 300w, https:\/\/havamall.vn\/wp-content\/uploads\/2024\/03\/140865536_1811231309025850_3465610561251489365_n-600x600.jpeg 600w, https:\/\/havamall.vn\/wp-content\/uploads\/2024\/03\/140865536_1811231309025850_3465610561251489365_n-1200x1200.jpeg 1200w, https:\/\/havamall.vn\/wp-content\/uploads\/2024\/03\/140865536_1811231309025850_3465610561251489365_n-150x150.jpeg 150w, https:\/\/havamall.vn\/wp-content\/uploads\/2024\/03\/140865536_1811231309025850_3465610561251489365_n-768x768.jpeg 768w, https:\/\/havamall.vn\/wp-content\/uploads\/2024\/03\/140865536_1811231309025850_3465610561251489365_n-1024x1024.jpeg 1024w, https:\/\/havamall.vn\/wp-content\/uploads\/2024\/03\/140865536_1811231309025850_3465610561251489365_n-100x100.jpeg 100w, https:\/\/havamall.vn\/wp-content\/uploads\/2024\/03\/140865536_1811231309025850_3465610561251489365_n.jpeg 2000w\" sizes=\"(max-width: 672px) 100vw, 672px\" \/>\u00a0S\u1ed1t Pesto c\u0169ng ch\u1ee9a nhi\u1ec1u ch\u1ea5t ch\u1ed1ng oxy h\u00f3a, Vitamin E, Vitamin C, Ch\u1ea5t b\u00e9o kh\u00f4ng b\u00e3o h\u00f2a \u0111\u01a1n, Pesto Ch\u1ee9a Vitamin v\u00e0 Kho\u00e1ng ch\u1ea5t C\u01a1 th\u1ec3 B\u1ea1n C\u1ea7n nh\u01b0 canxi, ch\u1ea5t s\u1eaft, kali, phospho, selen, mangan L\u1ee3i \u00edch s\u1ee9c kh\u1ecfe th\u1ef1c s\u1ef1 \u0111\u1ebfn t\u1eeb th\u1ef1c t\u1ebf l\u00e0 s\u1ed1t Pesto \u0111\u01b0\u1ee3c s\u1eed d\u1ee5ng thay th\u1ebf cho nh\u1eefng lo\u1ea1i s\u1ed1t kh\u00e1c nh\u01b0 nh\u01b0 mayo, n\u01b0\u1edbc s\u1ed1t kem m\u00ec \u1ed1ng v\u00e0 s\u1ed1t c\u00e0 chua. S\u1eed d\u1ee5ng pesto nh\u01b0 m\u1ed9t m\u00f3n nh\u00fang \u0111\u1ea7y h\u01b0\u01a1ng v\u1ecb cho c\u00e0 r\u1ed1t, b\u00f4ng c\u1ea3i xanh hay c\u00e1c lo\u1ea1i rau c\u1ee7 kh\u00e1c.<\/p>\n<p dir=\"auto\"><img decoding=\"async\" class=\"wp-image-33918 aligncenter\" src=\"https:\/\/havamall.vn\/wp-content\/uploads\/2024\/03\/128879491_1768297076652607_828845741807889730_n-300x200.jpeg\" alt=\"\" width=\"676\" height=\"451\" srcset=\"https:\/\/havamall.vn\/wp-content\/uploads\/2024\/03\/128879491_1768297076652607_828845741807889730_n-300x200.jpeg 300w, https:\/\/havamall.vn\/wp-content\/uploads\/2024\/03\/128879491_1768297076652607_828845741807889730_n-600x400.jpeg 600w, https:\/\/havamall.vn\/wp-content\/uploads\/2024\/03\/128879491_1768297076652607_828845741807889730_n-1200x800.jpeg 1200w, https:\/\/havamall.vn\/wp-content\/uploads\/2024\/03\/128879491_1768297076652607_828845741807889730_n-768x512.jpeg 768w, https:\/\/havamall.vn\/wp-content\/uploads\/2024\/03\/128879491_1768297076652607_828845741807889730_n-1024x683.jpeg 1024w, https:\/\/havamall.vn\/wp-content\/uploads\/2024\/03\/128879491_1768297076652607_828845741807889730_n.jpeg 2048w\" sizes=\"(max-width: 676px) 100vw, 676px\" \/><\/p>\n<p dir=\"auto\">Thay v\u00ec \u0103n pesto v\u1edbi carbs nh\u01b0 m\u00ec \u1ed1ng, h\u00e3y th\u1eed n\u00f3 v\u1edbi th\u1ecbt g\u00e0 ho\u1eb7c \u0111\u1eadu ph\u1ee5. Th\u1ecbt g\u00e0 b\u1ed5 sung \u00edt ch\u1ea5t b\u00e9o, protein cao v\u00e0o ch\u1ebf \u0111\u1ed9 \u0103n u\u1ed1ng c\u1ee7a b\u1ea1n.<\/p>\n<p dir=\"auto\">Ngo\u00e0i ra, s\u1eed d\u1ee5ng pesto nh\u01b0 m\u1ed9t m\u00f3n nh\u00fang \u0111\u1ea7y h\u01b0\u01a1ng v\u1ecb cho c\u00e0 r\u1ed1t, d\u01b0a chu\u1ed9t, c\u00e0 chua ho\u1eb7c b\u00f4ng c\u1ea3i xanh N\u1ebfu b\u1ea1n \u0111\u1ecbnh \u0103n m\u00ec \u1ed1ng pesto, h\u00e3y nh\u1edb mua m\u00ec \u1ed1ng l\u00e0m t\u1eeb ng\u0169 c\u1ed1c nguy\u00ean c\u00e1m Pesto c\u00f3 nhi\u1ec1u ch\u1ea5t b\u00e9o v\u00e0 calo, nh\u01b0ng c\u0169ng ch\u1ee9a nhi\u1ec1u th\u00e0nh ph\u1ea7n b\u1ed5 d\u01b0\u1ee1ng. Gi\u00e0u vitamin, kho\u00e1ng ch\u1ea5t v\u00e0 ch\u1ea5t b\u00e9o kh\u00f4ng b\u00e3o h\u00f2a \u0111\u01a1n, pesto cung c\u1ea5p cho c\u01a1 th\u1ec3 b\u1ea1n c\u00e1c ch\u1ea5t dinh d\u01b0\u1ee1ng \u0111\u1ec3 duy tr\u00ec s\u1ee9c kh\u1ecfe v\u00e0 gi\u1eef cho tr\u00e1i tim c\u1ee7a b\u1ea1n kh\u1ecfe m\u1ea1nh.<\/p>\n<p dir=\"auto\"><img decoding=\"async\" class=\"wp-image-33920 aligncenter\" src=\"https:\/\/havamall.vn\/wp-content\/uploads\/2024\/03\/167613436_1864920346990279_7606654396702297534_n-300x300.jpeg\" alt=\"\" width=\"684\" height=\"684\" srcset=\"https:\/\/havamall.vn\/wp-content\/uploads\/2024\/03\/167613436_1864920346990279_7606654396702297534_n-300x300.jpeg 300w, https:\/\/havamall.vn\/wp-content\/uploads\/2024\/03\/167613436_1864920346990279_7606654396702297534_n-600x600.jpeg 600w, https:\/\/havamall.vn\/wp-content\/uploads\/2024\/03\/167613436_1864920346990279_7606654396702297534_n-1200x1200.jpeg 1200w, https:\/\/havamall.vn\/wp-content\/uploads\/2024\/03\/167613436_1864920346990279_7606654396702297534_n-150x150.jpeg 150w, https:\/\/havamall.vn\/wp-content\/uploads\/2024\/03\/167613436_1864920346990279_7606654396702297534_n-768x768.jpeg 768w, https:\/\/havamall.vn\/wp-content\/uploads\/2024\/03\/167613436_1864920346990279_7606654396702297534_n-1024x1024.jpeg 1024w, https:\/\/havamall.vn\/wp-content\/uploads\/2024\/03\/167613436_1864920346990279_7606654396702297534_n-100x100.jpeg 100w, https:\/\/havamall.vn\/wp-content\/uploads\/2024\/03\/167613436_1864920346990279_7606654396702297534_n.jpeg 2000w\" sizes=\"(max-width: 684px) 100vw, 684px\" \/><\/p>\n<div class=\"o9v6fnle cxmmr5t8 oygrvhab hcukyx3x c1et5uql ii04i59q\">\n<p dir=\"auto\">Lu\u1ed9c m\u1ef3 v\u00e0 tr\u1ed9n c\u00f9ng v\u1edbi s\u1ed1t Pesto \u0111\u1ec3 c\u00f3 m\u1ed9t m\u00f3n m\u1ef3 \u00fd \u0111\u1eadm \u0111\u00e0, b\u00e9o ng\u1eady. Chu\u1ea9n b\u1ecb s\u1ed1t Pesto c\u00f9ng v\u1edbi b\u00e1nh m\u00ec \u0111\u00e3 n\u01b0\u1edbng qua. Ch\u1ea5m b\u00e1nh m\u00ec v\u1edbi s\u1ed1t Pesto th\u00ec \u0111\u00fang tuy\u1ec7t v\u1eddi.\u00a0N\u1ebfu b\u1ea1n \u0111ang trong ch\u1ebf \u0111\u1ed9 \u0103n gi\u1ea3m c\u00e2n th\u00ec h\u00e3y chu\u1ea9n b\u1ecb m\u1ed9t \u00edt salad nh\u01b0 b\u01a1, c\u00e0 chua bi, \u1ee9c g\u00e0,&#8230; v\u00e0 \u0111\u1eebng qu\u00ean th\u00eam m\u1ed9t \u00edt s\u1ed1t Pesto v\u00e0o \u0111\u1ec3 t\u0103ng gi\u00e1 tr\u1ecb dinh d\u01b0\u1ee1ng.<\/p>\n<p dir=\"auto\"><img loading=\"lazy\" decoding=\"async\" class=\"wp-image-33921 aligncenter\" src=\"https:\/\/havamall.vn\/wp-content\/uploads\/2024\/03\/278951311_2153977244751253_8983136252190398885_n-300x300.jpeg\" alt=\"\" width=\"694\" height=\"694\" srcset=\"https:\/\/havamall.vn\/wp-content\/uploads\/2024\/03\/278951311_2153977244751253_8983136252190398885_n-300x300.jpeg 300w, https:\/\/havamall.vn\/wp-content\/uploads\/2024\/03\/278951311_2153977244751253_8983136252190398885_n-600x600.jpeg 600w, https:\/\/havamall.vn\/wp-content\/uploads\/2024\/03\/278951311_2153977244751253_8983136252190398885_n-150x150.jpeg 150w, https:\/\/havamall.vn\/wp-content\/uploads\/2024\/03\/278951311_2153977244751253_8983136252190398885_n-768x768.jpeg 768w, https:\/\/havamall.vn\/wp-content\/uploads\/2024\/03\/278951311_2153977244751253_8983136252190398885_n-1024x1024.jpeg 1024w, https:\/\/havamall.vn\/wp-content\/uploads\/2024\/03\/278951311_2153977244751253_8983136252190398885_n-100x100.jpeg 100w, https:\/\/havamall.vn\/wp-content\/uploads\/2024\/03\/278951311_2153977244751253_8983136252190398885_n.jpeg 1080w\" sizes=\"(max-width: 694px) 100vw, 694px\" \/><\/p>\n<h2><strong>H\u01b0\u1edbng d\u1eabn s\u1eed d\u1ee5ng:<\/strong><\/h2>\n<p dir=\"auto\">&#8211; Lu\u1ed9c m\u1ef3 v\u00e0 tr\u1ed9n c\u00f9ng v\u1edbi s\u1ed1t Pesto \u0111\u1ec3 c\u00f3 m\u1ed9t m\u00f3n m\u1ef3 \u00fd \u0111\u1eadm \u0111\u00e0, b\u00e9o ng\u1eady.<\/p>\n<p dir=\"auto\">&#8211; Chu\u1ea9n b\u1ecb s\u1ed1t Pesto c\u00f9ng v\u1edbi b\u00e1nh m\u00ec \u0111\u00e3 n\u01b0\u1edbng qua. Ch\u1ea5m b\u00e1nh m\u00ec v\u1edbi s\u1ed1t Pesto th\u00ec \u0111\u00fang tuy\u1ec7t v\u1eddi.<\/p>\n<p dir=\"auto\">S\u1ea3n ph\u1ea9m hi\u1ec7n \u0111\u00e3 c\u00f3 m\u1eb7t t\u1ea1i Havamall.<\/p>\n<\/div>","protected":false},"excerpt":{"rendered":"<p>TH\u00d4NG TIN S\u1ea2N PH\u1ea8M Th\u01b0\u01a1ng hi\u1ec7u Madama Oliva Xu\u1ea5t x\u1ee9 \u00dd Th\u00e0nh ph\u1ea7n H\u00fang qu\u1ebf, d\u1ea7u oliu nguy\u00ean ch\u1ea5t, d\u1ea7u<\/p>","protected":false},"featured_media":33922,"comment_status":"open","ping_status":"closed","template":"","meta":[],"product_brand":[],"product_cat":[36],"product_tag":[],"class_list":{"0":"post-33917","1":"product","2":"type-product","3":"status-publish","4":"has-post-thumbnail","6":"product_cat-thuc-pham-tieu-dung","8":"first","9":"instock","10":"sale","11":"shipping-taxable","12":"purchasable","13":"product-type-simple"},"_links":{"self":[{"href":"https:\/\/havamall.vn\/en\/wp-json\/wp\/v2\/product\/33917"}],"collection":[{"href":"https:\/\/havamall.vn\/en\/wp-json\/wp\/v2\/product"}],"about":[{"href":"https:\/\/havamall.vn\/en\/wp-json\/wp\/v2\/types\/product"}],"replies":[{"embeddable":true,"href":"https:\/\/havamall.vn\/en\/wp-json\/wp\/v2\/comments?post=33917"}],"version-history":[{"count":0,"href":"https:\/\/havamall.vn\/en\/wp-json\/wp\/v2\/product\/33917\/revisions"}],"wp:featuredmedia":[{"embeddable":true,"href":"https:\/\/havamall.vn\/en\/wp-json\/wp\/v2\/media\/33922"}],"wp:attachment":[{"href":"https:\/\/havamall.vn\/en\/wp-json\/wp\/v2\/media?parent=33917"}],"wp:term":[{"taxonomy":"product_brand","embeddable":true,"href":"https:\/\/havamall.vn\/en\/wp-json\/wp\/v2\/product_brand?post=33917"},{"taxonomy":"product_cat","embeddable":true,"href":"https:\/\/havamall.vn\/en\/wp-json\/wp\/v2\/product_cat?post=33917"},{"taxonomy":"product_tag","embeddable":true,"href":"https:\/\/havamall.vn\/en\/wp-json\/wp\/v2\/product_tag?post=33917"}],"curies":[{"name":"wp","href":"https:\/\/api.w.org\/{rel}","templated":true}]}}