{"id":33914,"date":"2024-03-05T11:47:02","date_gmt":"2024-03-05T04:47:02","guid":{"rendered":"https:\/\/havamall.vn\/?post_type=product&#038;p=33914"},"modified":"2026-02-25T09:53:55","modified_gmt":"2026-02-25T02:53:55","slug":"muoi-bac-lieu-fleur-de-sel-1kg-sea-salt-flakes","status":"publish","type":"product","link":"https:\/\/havamall.vn\/en\/shop\/muoi-bac-lieu-fleur-de-sel-1kg-sea-salt-flakes\/","title":{"rendered":"Mu\u1ed1i B\u1ea1c Li\u00eau Fleur De Sel 1kg \u2013 Sea-Salt Flakes"},"content":{"rendered":"<h2><\/h2>\n<h2><strong>TH\u00d4NG TIN CHUNG<\/strong><\/h2>\n<table>\n<tbody>\n<tr>\n<td>Th\u01b0\u01a1ng hi\u1ec7u<\/td>\n<td>Sel De Bac Lieu<\/td>\n<\/tr>\n<tr>\n<td>Xu\u1ea5t x\u1ee9<\/td>\n<td>Vi\u1ec7t Nam<\/td>\n<\/tr>\n<tr>\n<td>Th\u00e0nh ph\u1ea7n<\/td>\n<td>100% mu\u1ed1i bi\u1ec3n ch\u1ee9a kho\u00e1ng ch\u1ea5t v\u00e0 vi l\u01b0\u1ee3ng t\u1ef1 nhi\u00ean, \u0111\u01b0\u1ee3c thu ho\u1ea1ch t\u1eeb c\u00e1c ru\u1ed9ng mu\u1ed1i B\u1ea1c Li\u00eau<\/td>\n<\/tr>\n<tr>\n<td>H\u1ea1n s\u1eed d\u1ee5ng<\/td>\n<td>24 th\u00e1ng k\u1ec3 t\u1eeb ng\u00e0y s\u1ea3n xu\u1ea5t.<\/td>\n<\/tr>\n<tr>\n<td>B\u1ea3o qu\u1ea3n<\/td>\n<td>N\u01a1i kh\u00f4 r\u00e1o, tho\u00e1ng m\u00e1t, \u0111\u1ea3m b\u1ea3o v\u1ec7 sinh an to\u00e0n th\u1ef1c ph\u1ea9m, tr\u00e1nh \u00e1nh s\u00e1ng m\u1eb7t tr\u1eddi chi\u1ebfu tr\u1ef1c ti\u1ebfp<\/td>\n<\/tr>\n<tr>\n<td>\u00a0Kh\u1ed1i l\u01b0\u1ee3ng<\/td>\n<td>1kg<\/td>\n<\/tr>\n<\/tbody>\n<\/table>\n<p>Mu\u1ed1i bi\u1ec3n Sea-Salt Flakes B\u1ea1c Li\u00eau\u00a0gi\u00fap c\u00f4ng vi\u1ec7c n\u1ea5u n\u01b0\u1edbng c\u1ee7a b\u1ea1n l\u00ean m\u1ed9t t\u1ea7m cao m\u1edbi. H\u0169 Mu\u1ed1i bi\u1ec3n Sea-Salt Flakes B\u1ea1c Li\u00eau 250G mang t\u00ednh bi\u1ec3u t\u01b0\u1ee3ng n\u00e0y s\u1ebd khi\u1ebfn b\u1ea1n v\u00f4 c\u00f9ng h\u00e0i l\u00f2ng khi n\u1ea5u \u0103n v\u00e0 \u0111\u1ea3m b\u1ea3o r\u1eb1ng m\u1ecdi m\u00f3n \u0103n b\u1ea1n l\u00e0m \u0111\u1ec1u mang m\u1ed9t h\u01b0\u01a1ng v\u1ecb, ph\u01b0\u01a1ng ph\u00e1p m\u1edbi m\u00e0 b\u1ea1n s\u1ebd y\u00eau th\u00edch.<\/p>\n<p><img fetchpriority=\"high\" decoding=\"async\" class=\"wp-image-33302 aligncenter\" src=\"https:\/\/havamall.com\/wp-content\/uploads\/2025\/08\/286077031_569286631491619_3767853560626079838_n-300x300.jpg\" alt=\"\" width=\"704\" height=\"704\" \/> \u00a0\u00a0\u00a0Mu\u1ed1i bi\u1ec3n Sea-Salt Flakes B\u1ea1c Li\u00eau\u00a0\u0111\u01b0\u1ee3c c\u00e1c \u0111\u1ea7u b\u1ebfp \u1edf Vi\u1ec7t Nam y\u00eau th\u00edch v\u00ec l\u00e0 lo\u1ea1i mu\u1ed1i bi\u1ec3n t\u1ed1t \u0111\u1ea1t ti\u00eau chu\u1ea9n v\u1ec1 an to\u00e0n v\u1ec7 sinh th\u1ef1c ph\u1ea9m v\u00e0 qu\u1ea3n l\u00fd theo QCVN 9-1: 2011\/BYT \u0111\u1ed1i v\u1edbi mu\u1ed1i I\u1ed1t.<\/p>\n<p>Mu\u1ed1i bi\u1ec3n Sea-Salt Flakes B\u1ea1c Li\u00eau \u0111\u01b0\u1ee3c l\u00e0m b\u1eb1ng ph\u01b0\u01a1ng ph\u00e1p thu ho\u1ea1ch truy\u1ec1n th\u1ed1ng t\u1ea1i B\u1ea1c Li\u00eau, \u0111\u1eb7c tr\u01b0ng cho \u0111\u1ed9 t\u01b0\u01a1i v\u00e0 h\u01b0\u01a1ng v\u1ecb s\u1ea1ch tinh khi\u1ebft. Nh\u1eefng h\u1ea1t mu\u1ed1i m\u1ecbn, nhanh ch\u00f3ng h\u00f2a tan d\u1ec5 n\u00eam n\u1ebfm v\u1edbi h\u1ea7u h\u1ebft c\u00e1c m\u00f3n \u0103n l\u00e0 s\u1ea3n ph\u1ea9m kh\u00f4ng th\u1ec3 thi\u1ebfu cho m\u1ed9t cu\u1ed9c s\u1ed1ng kh\u1ecfe m\u1ea1nh.<\/p>\n<h2><img decoding=\"async\" class=\"wp-image-33303 aligncenter\" src=\"https:\/\/havamall.com\/wp-content\/uploads\/2025\/08\/108003844_140445734375713_1695648107379475124_n-300x300.jpg\" alt=\"\" width=\"707\" height=\"707\" \/><\/h2>\n<h2><strong>\u0110\u1eb7c \u0111i\u1ec3m s\u1ea3n ph\u1ea9m<\/strong><\/h2>\n<ul>\n<li>100% mu\u1ed1i bi\u1ec3n B\u1ea1c Li\u00eau ch\u1ee9a c\u00e1c kho\u00e1ng ch\u1ea5t, c\u00f9ng h\u01b0\u01a1ng v\u1ecb t\u1ef1 nhi\u00ean thu ho\u1ea1ch ch\u00ednh t\u1eeb ru\u1ed9ng mu\u1ed1i B\u1ea1c Li\u00eau.<\/li>\n<li>T\u0103ng h\u01b0\u01a1ng v\u1ecb c\u1ee7a th\u1ee9c \u0103n m\u1ed9t c\u00e1ch t\u1ef1 nhi\u00ean<\/li>\n<li>L\u00fd t\u01b0\u1edfng \u0111\u1ec3 n\u1ea5u c\u00e1c m\u00f3n \u0103n ho\u1eb7c l\u00e0m gia v\u1ecb<\/li>\n<li>S\u1ea1ch, t\u01b0\u01a1i, kh\u00f4ng c\u00f3 v\u1ecb \u0111\u1eafng<\/li>\n<li>\u0110\u01b0\u1ee3c ch\u1ebf t\u1ea1o kh\u00f4ng c\u00f3 ch\u1ea5t ph\u1ee5 gia.<\/li>\n<li>\u0110\u01b0\u1ee3c s\u1ea3n xu\u1ea5t t\u1ea1i B\u1ea1c Li\u00eau \u0111\u1ea1t ti\u00eau chu\u1ea9n ch\u1ea5t l\u01b0\u1ee3ng theo QCVN 9-1: 2011\/BYT \u0111\u1ed1i v\u1edbi mu\u1ed1i I\u1ed1t.<\/li>\n<\/ul>\n<h2><img decoding=\"async\" class=\"wp-image-33304 aligncenter\" src=\"https:\/\/havamall.com\/wp-content\/uploads\/2025\/08\/185667252_316543043432647_7242384755228967056_n-300x300.jpg\" alt=\"\" width=\"734\" height=\"734\" \/><\/h2>\n<h2><strong>L\u1ee3i \u00edch c\u1ee7a mu\u1ed1i bi\u1ec3n<\/strong><\/h2>\n<ul>\n<li><strong>Gi\u00fap ki\u1ec3m so\u00e1t b\u1ec7nh ti\u1ec3u \u0111\u01b0\u1eddng:\u00a0<\/strong>M\u1ed9t c\u01a1 th\u1ec3 kh\u1ecfe m\u1ea1nh c\u1ea7n c\u00f3 m\u1ee9c insulin th\u00edch h\u1ee3p. Khi ch\u1ebf \u0111\u1ed9 \u0103n h\u00e0ng ng\u00e0y c\u1ee7a b\u1ea1n ch\u1ee9a \u00edt mu\u1ed1i h\u01a1n, c\u01a1 th\u1ec3 s\u1ebd \u00edt nh\u1ea1y c\u1ea3m h\u01a1n v\u1edbi insulin. \u0110i\u1ec1u n\u00e0y c\u00f3 th\u1ec3 d\u1eabn \u0111\u1ebfn gi\u1ea3m kh\u1ea3 n\u0103ng chuy\u1ec3n h\u00f3a glucose c\u1ee7a c\u01a1 th\u1ec3, d\u1eabn \u0111\u1ebfn b\u1ec7nh ti\u1ec3u \u0111\u01b0\u1eddng lo\u1ea1i 2. Do \u0111\u00f3, nh\u1eefng ng\u01b0\u1eddi m\u1eafc b\u1ec7nh ti\u1ec3u \u0111\u01b0\u1eddng lo\u1ea1i 2 t\u1eeb tr\u01b0\u1edbc \u0111\u01b0\u1ee3c khuy\u00ean n\u00ean ti\u00eau th\u1ee5 mu\u1ed1i v\u1eeba ph\u1ea3i, m\u1ed7i ng\u00e0y \u0111\u1ec1u r\u1ea5t quan tr\u1ecdng.<\/li>\n<li><strong>Ph\u00f2ng ch\u1ed1ng thi\u1ebfu i\u1ed1t<\/strong>: M\u1ed9t trong nh\u1eefng ngu\u1ed3n i\u1ed1t ph\u1ed5 bi\u1ebfn nh\u1ea5t l\u00e0 mu\u1ed1i i\u1ed1t. C\u01a1 th\u1ec3 c\u1ea7n m\u1ed9t l\u01b0\u1ee3ng i\u1ed1t \u0111\u1ec3 s\u1ea3n xu\u1ea5t hormone tuy\u1ebfn gi\u00e1p. Theo khoa h\u1ecdc, c\u01a1 th\u1ec3 con ng\u01b0\u1eddi kh\u00f4ng t\u1ef1 s\u1ea3n sinh ra i-\u1ed1t, \u0111i\u1ec1u n\u00e0y l\u00e0m cho vi\u1ec7c h\u1ea5p th\u1ee5 i-\u1ed1t t\u1eeb mu\u1ed1i i-\u1ed1t c\u00e0ng tr\u1edf n\u00ean quan tr\u1ecdng. N\u1ebfu kh\u00f4ng c\u00f3 \u0111\u1ee7 i-\u1ed1t trong c\u01a1 th\u1ec3, tuy\u1ebfn gi\u00e1p s\u1ebd s\u01b0ng l\u00ean \u0111\u1ec3 \u0111\u00e1p \u1ee9ng nhu c\u1ea7u c\u1ee7a c\u01a1 th\u1ec3 \u0111\u1ed1i v\u1edbi hormone tuy\u1ebfn gi\u00e1p v\u00e0 g\u00e2y ra c\u00e1c b\u1ec7nh nh\u01b0 suy gi\u00e1p.<\/li>\n<li><strong>\u0110\u1ea3m b\u1ea3o b\u1ea1n lu\u00f4n \u0111\u1ee7 n\u01b0\u1edbc:\u00a0<\/strong>C\u00e1c nghi\u00ean c\u1ee9u cho th\u1ea5y r\u1eb1ng \u0103n mu\u1ed1i gi\u00fap gi\u1eef l\u1ea1i l\u01b0\u1ee3ng n\u01b0\u1edbc th\u00edch h\u1ee3p trong c\u01a1 th\u1ec3. C\u00e2n b\u1eb1ng \u0111i\u1ec7n gi\u1ea3i ph\u1ea3i \u0111\u01b0\u1ee3c duy tr\u00ec \u0111\u1ec3 gi\u1eef cho c\u00e1c c\u01a1 quan trong c\u01a1 th\u1ec3 ho\u1ea1t \u0111\u1ed9ng tr\u01a1n tru. Nh\u1eefng ng\u01b0\u1eddi ho\u1ea1t \u0111\u1ed9ng g\u1eafng s\u1ee9c g\u00e2y ra m\u1ed3 h\u00f4i c\u1ea7n ch\u00fa \u00fd b\u00f9 l\u1ea1i l\u01b0\u1ee3ng n\u01b0\u1edbc v\u00e0 mu\u1ed1i do m\u1ed3 h\u00f4i m\u1ea5t \u0111i.<\/li>\n<\/ul>\n<p><img loading=\"lazy\" decoding=\"async\" class=\"wp-image-33305 aligncenter\" src=\"https:\/\/havamall.com\/wp-content\/uploads\/2025\/08\/240528473_393640259056258_5702652085957730844_n-300x300.jpg\" alt=\"\" width=\"735\" height=\"735\" \/><\/p>","protected":false},"excerpt":{"rendered":"<p>TH\u00d4NG TIN CHUNG Th\u01b0\u01a1ng hi\u1ec7u Sel De Bac Lieu Xu\u1ea5t x\u1ee9 Vi\u1ec7t Nam Th\u00e0nh ph\u1ea7n 100% mu\u1ed1i bi\u1ec3n ch\u1ee9a kho\u00e1ng<\/p>","protected":false},"featured_media":33916,"comment_status":"open","ping_status":"closed","template":"","meta":[],"product_brand":[],"product_cat":[595,36,134],"product_tag":[],"class_list":{"0":"post-33914","1":"product","2":"type-product","3":"status-publish","4":"has-post-thumbnail","6":"product_cat-gia-vi-va-che-bien","7":"product_cat-thuc-pham-tieu-dung","8":"product_cat-thucpham-saykho","10":"first","11":"instock","12":"sale","13":"shipping-taxable","14":"purchasable","15":"product-type-variable"},"_links":{"self":[{"href":"https:\/\/havamall.vn\/en\/wp-json\/wp\/v2\/product\/33914"}],"collection":[{"href":"https:\/\/havamall.vn\/en\/wp-json\/wp\/v2\/product"}],"about":[{"href":"https:\/\/havamall.vn\/en\/wp-json\/wp\/v2\/types\/product"}],"replies":[{"embeddable":true,"href":"https:\/\/havamall.vn\/en\/wp-json\/wp\/v2\/comments?post=33914"}],"version-history":[{"count":0,"href":"https:\/\/havamall.vn\/en\/wp-json\/wp\/v2\/product\/33914\/revisions"}],"wp:featuredmedia":[{"embeddable":true,"href":"https:\/\/havamall.vn\/en\/wp-json\/wp\/v2\/media\/33916"}],"wp:attachment":[{"href":"https:\/\/havamall.vn\/en\/wp-json\/wp\/v2\/media?parent=33914"}],"wp:term":[{"taxonomy":"product_brand","embeddable":true,"href":"https:\/\/havamall.vn\/en\/wp-json\/wp\/v2\/product_brand?post=33914"},{"taxonomy":"product_cat","embeddable":true,"href":"https:\/\/havamall.vn\/en\/wp-json\/wp\/v2\/product_cat?post=33914"},{"taxonomy":"product_tag","embeddable":true,"href":"https:\/\/havamall.vn\/en\/wp-json\/wp\/v2\/product_tag?post=33914"}],"curies":[{"name":"wp","href":"https:\/\/api.w.org\/{rel}","templated":true}]}}