{"id":33883,"date":"2024-02-29T15:16:00","date_gmt":"2024-02-29T08:16:00","guid":{"rendered":"https:\/\/havamall.vn\/?post_type=product&#038;p=33883"},"modified":"2024-03-01T14:21:26","modified_gmt":"2024-03-01T07:21:26","slug":"sa-te-so-diep-ong-cha-va-hu-thuy-tinh-180g","status":"publish","type":"product","link":"https:\/\/havamall.vn\/en\/shop\/sa-te-so-diep-ong-cha-va-hu-thuy-tinh-180g\/","title":{"rendered":"Sa T\u1ebf S\u00f2 \u0110i\u1ec7p \u00d4ng Ch\u00e0 V\u00e0 H\u1ee7 Thu\u1ef7 Tinh 180g"},"content":{"rendered":"<h2><\/h2>\n<h2><strong>TH\u00d4NG TIN CHUNG<\/strong><\/h2>\n<table>\n<tbody>\n<tr>\n<td>Th\u01b0\u01a1ng hi\u1ec7u<\/td>\n<td>\u00d4ng Ch\u00e0 V\u00e0<\/td>\n<\/tr>\n<tr>\n<td>Xu\u1ea5t x\u1ee9<\/td>\n<td>Vi\u1ec7t Nam<\/td>\n<\/tr>\n<tr>\n<td>Th\u00e0nh ph\u1ea7n<\/td>\n<td>\u1edat, d\u1ea7u n\u00e0nh, \u0111\u01b0\u1eddng, t\u1ecfi, h\u00e0nh t\u00edm, h\u00e0nh t\u00e2y, ti\u00eau, h\u1ea1t \u0111i\u1ec1u m\u00e0u, c\u00e0 chua, t\u00f4m, s\u00f2 \u0111i\u1ec7p (8%), mu\u1ed1i h\u1ed3ng Himalaya, \u2026<\/td>\n<\/tr>\n<tr>\n<td>H\u1ea1n s\u1eed d\u1ee5ng<\/td>\n<td>6 th\u00e1ng k\u1ec3 t\u1eeb ng\u00e0y s\u1ea3n xu\u1ea5t.<\/td>\n<\/tr>\n<tr>\n<td>B\u1ea3o qu\u1ea3n<\/td>\n<td>B\u1ea3o qu\u1ea3n n\u01a1i kh\u00f4 r\u00e1o, tho\u00e1ng<\/td>\n<\/tr>\n<tr>\n<td>\u00a0Kh\u1ed1i l\u01b0\u1ee3ng<\/td>\n<td>180gr<\/td>\n<\/tr>\n<\/tbody>\n<\/table>\n<p>Sa t\u1ebf s\u00f2 \u0111i\u1ec7p \u00d4ng Ch\u00e0 V\u00e0 180g\u00a0v\u1edbi h\u01b0\u01a1ng \u1edbt cay n\u1ed3ng k\u1ebft h\u1ee3p c\u00f9ng m\u00f9i th\u01a1m v\u00e0 h\u01b0\u01a1ng v\u1ecb s\u00f2 \u0111i\u1ec7p th\u01a1m ngon kh\u00f3 c\u01b0\u1ee1ng, r\u1ea5t th\u00edch h\u1ee3p d\u00f9ng l\u00e0m gia v\u1ecb, ch\u1ea5m m\u00f3n \u0103n nh\u01b0 b\u00fan b\u00f2 hu\u1ebf, h\u1ea3i s\u1ea3n, n\u1ea5u l\u1ea9u, \u2026\u00a0Sa t\u1ebf \u00d4ng Ch\u00e0 V\u00e0\u00a0l\u00e0 lo\u1ea1i\u00a0sa t\u1ebf\u00a0l\u00e0m t\u1eeb 100% \u1edbt s\u1ea1ch c\u00f9ng s\u00f2 \u0111i\u1ec7p t\u01b0\u01a1i ngon, b\u1ed5 d\u01b0\u1ee1ng.<\/p>\n<p><strong>Sa t\u1ebf s\u00f2 \u0111i\u1ec7p \u00d4ng Ch\u00e0 V\u00e0<\/strong>\u00a0d\u1ea1ng h\u0169, ti\u1ec7n d\u1ee5ng cho nh\u1eefng gia \u0111\u00ecnh c\u00f3 nhu c\u1ea7u cao ho\u1eb7c c\u00e1c qu\u00e1n \u0103n, nh\u00e0 h\u00e0ng. S\u1ea3n ph\u1ea9m \u0111\u01b0\u1ee3c l\u00e0m t\u1eeb 100% c\u00e1c nguy\u00ean li\u1ec7u t\u1ef1 nhi\u00ean \u0111\u01b0\u1ee3c ch\u1ecdn l\u1ecdc k\u0129, c\u00f3 m\u00f9i h\u01b0\u01a1ng th\u01a1m ngon v\u00e0 h\u1ea5p d\u1eabn.<\/p>\n<p><img fetchpriority=\"high\" decoding=\"async\" class=\"wp-image-33885 aligncenter\" src=\"https:\/\/havamall.vn\/wp-content\/uploads\/2024\/02\/a44e027fd5370d5d4df160563810185a-300x300.jpeg\" alt=\"\" width=\"694\" height=\"694\" srcset=\"https:\/\/havamall.vn\/wp-content\/uploads\/2024\/02\/a44e027fd5370d5d4df160563810185a-300x300.jpeg 300w, https:\/\/havamall.vn\/wp-content\/uploads\/2024\/02\/a44e027fd5370d5d4df160563810185a-600x600.jpeg 600w, https:\/\/havamall.vn\/wp-content\/uploads\/2024\/02\/a44e027fd5370d5d4df160563810185a-150x150.jpeg 150w, https:\/\/havamall.vn\/wp-content\/uploads\/2024\/02\/a44e027fd5370d5d4df160563810185a-768x768.jpeg 768w, https:\/\/havamall.vn\/wp-content\/uploads\/2024\/02\/a44e027fd5370d5d4df160563810185a-100x100.jpeg 100w, https:\/\/havamall.vn\/wp-content\/uploads\/2024\/02\/a44e027fd5370d5d4df160563810185a.jpeg 1024w\" sizes=\"(max-width: 694px) 100vw, 694px\" \/> \u00a0\u00a0S\u1ea3n xu\u1ea5t b\u1eb1ng c\u00f4ng ngh\u1ec7 hi\u1ec7n \u0111\u1ea1i gi\u1eef l\u1ea1i h\u01b0\u01a1ng v\u1ecb th\u01a1m cay v\u00e0 tr\u1ea1ng th\u00e1i m\u00e0u s\u1eafc t\u1ef1 nhi\u00ean c\u1ee7a s\u1ea3n ph\u1ea9m m\u00e0 v\u1eabn \u0111\u1ea3m b\u1ea3o v\u1ec7 sinh an to\u00e0n th\u1ef1c ph\u1ea9m.<\/p>\n<p>S\u1ea3n ph\u1ea9m th\u00edch h\u1ee3p d\u00f9ng l\u00e0m gia v\u1ecb t\u1ea9m \u01b0\u1edbp c\u00e1c m\u00f3n \u0103n nh\u01b0: b\u00f2 n\u01b0\u1edbng sa t\u1ebf, m\u00ec qu\u1ea3ng sa t\u1ebf, v\u1ecbt n\u01b0\u1edbng sa t\u1ebf, m\u1ef1c n\u01b0\u1edbng sa t\u1ebf, c\u00e1 kho sa t\u1ebf, s\u00fap t\u00f4m sa t\u1ebf, g\u00e0 r\u00e1n s\u1ed1t sa t\u1ebf, chim c\u00fat n\u01b0\u1edbng sa t\u1ebf, canh m\u1ef1c sa t\u1ebf, th\u1ecbt ba ch\u1ec9 x\u00e0o sa t\u1ebf, l\u1ea9u sa t\u1ebf h\u1ea3i s\u1ea3n,\u2026<\/p>\n<p><img decoding=\"async\" class=\"wp-image-33889 aligncenter\" src=\"https:\/\/havamall.vn\/wp-content\/uploads\/2024\/02\/sg-11134201-22100-hxyfwbii8biv4f-300x300.jpeg\" alt=\"\" width=\"680\" height=\"680\" srcset=\"https:\/\/havamall.vn\/wp-content\/uploads\/2024\/02\/sg-11134201-22100-hxyfwbii8biv4f-300x300.jpeg 300w, https:\/\/havamall.vn\/wp-content\/uploads\/2024\/02\/sg-11134201-22100-hxyfwbii8biv4f-600x600.jpeg 600w, https:\/\/havamall.vn\/wp-content\/uploads\/2024\/02\/sg-11134201-22100-hxyfwbii8biv4f-150x150.jpeg 150w, https:\/\/havamall.vn\/wp-content\/uploads\/2024\/02\/sg-11134201-22100-hxyfwbii8biv4f-768x768.jpeg 768w, https:\/\/havamall.vn\/wp-content\/uploads\/2024\/02\/sg-11134201-22100-hxyfwbii8biv4f-100x100.jpeg 100w, https:\/\/havamall.vn\/wp-content\/uploads\/2024\/02\/sg-11134201-22100-hxyfwbii8biv4f.jpeg 800w\" sizes=\"(max-width: 680px) 100vw, 680px\" \/><\/p>\n<p><strong>Sa t\u1ebf \u00d4ng Ch\u00e0 V\u00e0<\/strong>\u00a0kh\u00f4ng ch\u1ec9 gi\u00fap m\u00f3n \u0103n c\u1ee7a b\u1ea1n c\u00f3 th\u00eam m\u00e0u s\u1eafc h\u1ea5p d\u1eabn, m\u00e0 c\u00f2n mang \u0111\u1ebfn h\u01b0\u01a1ng v\u1ecb cay n\u1ed3ng, th\u01a1m ngon, \u0111\u1eadm \u0111\u00e0, m\u1edbi l\u1ea1. Sa\u0309n ph\u00e2\u0309m s\u1eed d\u1ee5ng c\u00e1c nguy\u00ean li\u1ec7u ho\u00e0n to\u00e0n t\u1ef1 nhi\u00ean v\u00e0 \u0111\u00e3 \u0111\u01b0\u1ee3c ch\u1ecdn l\u1ecdc k\u0129 l\u01b0\u1ee1ng n\u00ean b\u1ea3o \u0111\u1ea3m kh\u00f4ng l\u1eabn c\u00e1c t\u1ea1p ch\u1ea5t \u0111\u1ed9c h\u1ea1i, g\u00e2y \u1ea3nh h\u01b0\u1edfng cho s\u1ee9c kh\u1ecfe ng\u01b0\u1eddi ti\u00eau d\u00f9ng.<\/p>\n<p><img decoding=\"async\" class=\"wp-image-33888 aligncenter\" src=\"https:\/\/havamall.vn\/wp-content\/uploads\/2024\/02\/nam-dui-ga-sot-sa-te-4-300x225.jpeg\" alt=\"\" width=\"683\" height=\"513\" srcset=\"https:\/\/havamall.vn\/wp-content\/uploads\/2024\/02\/nam-dui-ga-sot-sa-te-4-300x225.jpeg 300w, https:\/\/havamall.vn\/wp-content\/uploads\/2024\/02\/nam-dui-ga-sot-sa-te-4-600x450.jpeg 600w, https:\/\/havamall.vn\/wp-content\/uploads\/2024\/02\/nam-dui-ga-sot-sa-te-4-768x576.jpeg 768w, https:\/\/havamall.vn\/wp-content\/uploads\/2024\/02\/nam-dui-ga-sot-sa-te-4.jpeg 800w\" sizes=\"(max-width: 683px) 100vw, 683px\" \/><\/p>\n<h2><strong>\u01afu \u0111i\u1ec3m khi s\u1eed d\u1ee5ng sa t\u1ebf\u00a0\u00d4ng Ch\u00e0 V\u00e0<\/strong><\/h2>\n<ul>\n<li>\u0110\u01b0\u1ee3c l\u00e0m t\u1eeb nh\u1eefng nguy\u00ean li\u1ec7u \u0111\u00e3 qua qu\u00e1 tr\u00ecnh ch\u1ecdn l\u1ecdc nghi\u00eam ng\u1eb7t, \u0111\u1ea3m b\u1ea3o ch\u1ea5t l\u01b0\u1ee3ng theo ti\u00eau chu\u1ea9n ng\u00e0nh.<\/li>\n<li>C\u00f3 nhi\u1ec1u dung t\u00edch, d\u1ec5 d\u00e0ng l\u1ef1a ch\u1ecdn.<\/li>\n<li>Ph\u00f9 h\u1ee3p cho c\u00e1c nh\u00e0 h\u00e0ng, qu\u00e1n \u0103n.<\/li>\n<li>H\u01b0\u01a1ng v\u1ecb: m\u00f9i th\u01a1m \u0111\u1eb7c tr\u01b0ng d\u1ef1a tr\u00ean t\u1eebng d\u00f2ng s\u1ea3n ph\u1ea9m.<\/li>\n<\/ul>\n<p><img loading=\"lazy\" decoding=\"async\" class=\"wp-image-33890 aligncenter\" src=\"https:\/\/havamall.vn\/wp-content\/uploads\/2024\/02\/Screen-Shot-2024-02-29-at-3.11.45-PM-264x300.png\" alt=\"\" width=\"662\" height=\"752\" srcset=\"https:\/\/havamall.vn\/wp-content\/uploads\/2024\/02\/Screen-Shot-2024-02-29-at-3.11.45-PM-264x300.png 264w, https:\/\/havamall.vn\/wp-content\/uploads\/2024\/02\/Screen-Shot-2024-02-29-at-3.11.45-PM-600x682.png 600w, https:\/\/havamall.vn\/wp-content\/uploads\/2024\/02\/Screen-Shot-2024-02-29-at-3.11.45-PM.png 632w\" sizes=\"(max-width: 662px) 100vw, 662px\" \/><\/p>","protected":false},"excerpt":{"rendered":"<p>TH\u00d4NG TIN CHUNG Th\u01b0\u01a1ng hi\u1ec7u \u00d4ng Ch\u00e0 V\u00e0 Xu\u1ea5t x\u1ee9 Vi\u1ec7t Nam Th\u00e0nh ph\u1ea7n \u1edat, d\u1ea7u n\u00e0nh, \u0111\u01b0\u1eddng, t\u1ecfi, h\u00e0nh<\/p>","protected":false},"featured_media":33891,"comment_status":"open","ping_status":"closed","template":"","meta":[],"product_brand":[],"product_cat":[36],"product_tag":[],"class_list":{"0":"post-33883","1":"product","2":"type-product","3":"status-publish","4":"has-post-thumbnail","6":"product_cat-thuc-pham-tieu-dung","7":"pa_brand-ong-cha-va","9":"first","10":"instock","11":"sale","12":"shipping-taxable","13":"purchasable","14":"product-type-simple"},"_links":{"self":[{"href":"https:\/\/havamall.vn\/en\/wp-json\/wp\/v2\/product\/33883"}],"collection":[{"href":"https:\/\/havamall.vn\/en\/wp-json\/wp\/v2\/product"}],"about":[{"href":"https:\/\/havamall.vn\/en\/wp-json\/wp\/v2\/types\/product"}],"replies":[{"embeddable":true,"href":"https:\/\/havamall.vn\/en\/wp-json\/wp\/v2\/comments?post=33883"}],"version-history":[{"count":0,"href":"https:\/\/havamall.vn\/en\/wp-json\/wp\/v2\/product\/33883\/revisions"}],"wp:featuredmedia":[{"embeddable":true,"href":"https:\/\/havamall.vn\/en\/wp-json\/wp\/v2\/media\/33891"}],"wp:attachment":[{"href":"https:\/\/havamall.vn\/en\/wp-json\/wp\/v2\/media?parent=33883"}],"wp:term":[{"taxonomy":"product_brand","embeddable":true,"href":"https:\/\/havamall.vn\/en\/wp-json\/wp\/v2\/product_brand?post=33883"},{"taxonomy":"product_cat","embeddable":true,"href":"https:\/\/havamall.vn\/en\/wp-json\/wp\/v2\/product_cat?post=33883"},{"taxonomy":"product_tag","embeddable":true,"href":"https:\/\/havamall.vn\/en\/wp-json\/wp\/v2\/product_tag?post=33883"}],"curies":[{"name":"wp","href":"https:\/\/api.w.org\/{rel}","templated":true}]}}