{"id":33877,"date":"2024-02-29T12:00:44","date_gmt":"2024-02-29T05:00:44","guid":{"rendered":"https:\/\/havamall.vn\/?post_type=product&#038;p=33877"},"modified":"2024-03-01T14:19:31","modified_gmt":"2024-03-01T07:19:31","slug":"tuong-ot-tieu-cay-ong-cha-va-chai-270g","status":"publish","type":"product","link":"https:\/\/havamall.vn\/en\/shop\/tuong-ot-tieu-cay-ong-cha-va-chai-270g\/","title":{"rendered":"T\u01b0\u01a1ng \u1edat Si\u00eau Cay \u00d4ng Ch\u00e0 V\u00e0 Chai 270g"},"content":{"rendered":"<div>\n<div dir=\"auto\">\n<div>\n<div>\n<div dir=\"auto\">\n<h2><\/h2>\n<h2><strong>TH\u00d4NG TIN CHUNG<\/strong><\/h2>\n<table>\n<tbody>\n<tr>\n<td>Th\u01b0\u01a1ng hi\u1ec7u<\/td>\n<td>\u00d4ng Ch\u00e0 V\u00e0<\/td>\n<\/tr>\n<tr>\n<td>Xu\u1ea5t x\u1ee9<\/td>\n<td>Vi\u1ec7t Nam<\/td>\n<\/tr>\n<tr>\n<td>Th\u00e0nh ph\u1ea7n<\/td>\n<td>Gi\u1ea5m g\u1ea1o, \u1edbt, c\u00e0 chua, \u0111\u01b0\u1eddng, n\u01b0\u1edbc, ti\u00eau, t\u1ecfi, mu\u1ed1i i-\u1ed1t (Mu\u1ed1i KIO3), b\u1ed9t n\u01b0\u1edbc m\u1eafm, chi\u1ebft xu\u1ea5t n\u1ea5m men, ch\u1ea5t \u0111i\u1ec1u v\u1ecb (621), ch\u1ea5t l\u00e0m d\u00e0y (1422), nguy\u00ean li\u1ec7u th\u1ef1c ph\u1ea9m parika oleoresin 20000 w\/s, ch\u1ea5t b\u1ea3o qu\u1ea3n (211, 202), ch\u1ea5t \u0111i\u1ec1u ch\u1ec9nh \u0111\u1ed9 acid (330).<\/td>\n<\/tr>\n<tr>\n<td>H\u1ea1n s\u1eed d\u1ee5ng<\/td>\n<td>12 th\u00e1ng k\u1ec3 t\u1eeb ng\u00e0y s\u1ea3n xu\u1ea5t.<\/td>\n<\/tr>\n<tr>\n<td>B\u1ea3o qu\u1ea3n<\/td>\n<td>B\u1ea3o qu\u1ea3n n\u01a1i kh\u00f4 r\u00e1o, tho\u00e1ng<\/td>\n<\/tr>\n<tr>\n<td>\u00a0Kh\u1ed1i l\u01b0\u1ee3ng<\/td>\n<td>270g<\/td>\n<\/tr>\n<\/tbody>\n<\/table>\n<\/div>\n<div dir=\"auto\">Th\u01b0\u01a1ng hi\u1ec7u \u00d4ng Ch\u00e0 V\u00e0 \u0111\u00e3 c\u00f3 r\u1ea5t l\u00e2u t\u1eeb nh\u1eefng n\u0103m 1939 trong gi\u1edbi \u0111\u1ea7u b\u1ebfp t\u1ea1i S\u00e0i G\u00f2n v\u00e0 tr\u1edf n\u00ean ch\u00ednh th\u1ed1ng b\u1edfi Nosafood. V\u1edbi \u1ea9m th\u1ef1c Vi\u1ec7t nam, gia v\u1ecb \u00d4ng Ch\u00e0 V\u00e0 l\u00e0 y\u1ebfu t\u1ed1 kh\u00f4ng th\u1ec3 thi\u1ebfu cho c\u00e1c \u0111\u1ea7u b\u1ebfp chuy\u00ean nghi\u1ec7p khi ch\u1ebf bi\u1ebfn c\u00e1c m\u00f3n \u0103n ngon. Theo th\u1eddi gian h\u00ecnh th\u00e0nh v\u00e0 ph\u00e1t tri\u1ec3n, \u00d4ng Ch\u00e0 V\u00e0 lu\u00f4n s\u1eed d\u1ee5ng ngu\u1ed3n nguy\u00ean li\u1ec7u t\u1ed1t nh\u1ea5t \u0111\u1ec3 t\u1ed1i \u01b0u ch\u1ea5t l\u01b0\u1ee3ng v\u00e0 kh\u00f4ng ng\u1eebng \u0111a d\u1ea1ng s\u1ea3n ph\u1ea9m.<\/div>\n<div dir=\"auto\"><img fetchpriority=\"high\" decoding=\"async\" class=\"wp-image-33878 aligncenter\" src=\"https:\/\/havamall.vn\/wp-content\/uploads\/2024\/02\/tuong-ot-sieu-cay-chitas-ong-cha-va-chai-270g-201908131457045162-300x225.jpeg\" alt=\"\" width=\"708\" height=\"531\" srcset=\"https:\/\/havamall.vn\/wp-content\/uploads\/2024\/02\/tuong-ot-sieu-cay-chitas-ong-cha-va-chai-270g-201908131457045162-300x225.jpeg 300w, https:\/\/havamall.vn\/wp-content\/uploads\/2024\/02\/tuong-ot-sieu-cay-chitas-ong-cha-va-chai-270g-201908131457045162-600x450.jpeg 600w, https:\/\/havamall.vn\/wp-content\/uploads\/2024\/02\/tuong-ot-sieu-cay-chitas-ong-cha-va-chai-270g-201908131457045162-768x576.jpeg 768w, https:\/\/havamall.vn\/wp-content\/uploads\/2024\/02\/tuong-ot-sieu-cay-chitas-ong-cha-va-chai-270g-201908131457045162.jpeg 1024w\" sizes=\"(max-width: 708px) 100vw, 708px\" \/><\/div>\n<\/div>\n<div class=\"kvgmc6g5 cxmmr5t8 oygrvhab hcukyx3x c1et5uql ii04i59q\">\n<p>T\u01b0\u01a1ng \u1edbt l\u00e0 m\u1ed9t lo\u1ea1i gia v\u1ecb ch\u1ea5m quen thu\u1ed9c \u0111\u01b0\u1ee3c nhi\u1ec1u ng\u01b0\u1eddi y\u00eau th\u00edch nh\u1ea5t hi\u1ec7n nay. S\u1ea3n ph\u1ea9m mang h\u01b0\u01a1ng v\u1ecb \u1edbt th\u01a1m ngon. \u0110\u01b0\u1ee3c k\u1ebft h\u1ee3p v\u1edbi c\u00e1c gia v\u1ecb kh\u00e1c ph\u00f9 h\u1ee3p v\u1edbi nhi\u1ec1u m\u00f3n \u0103n kh\u00e1c nhau. \u0110\u00f3ng vai tr\u00f2 quan tr\u1ecdng trong vi\u1ec7c gi\u00fap m\u00f3n \u0103n \u0111\u01b0\u1ee3c ngon v\u00e0 h\u1ea5p d\u1eabn th\u1ef1c kh\u00e1ch h\u01a1n. H\u01b0\u01a1ng v\u1ecb t\u01b0\u01a1ng \u1edbt \u00d4ng Ch\u00e0 V\u00e0 l\u00e0 s\u1ef1 h\u00e0i h\u00f2a gi\u1eef chua v\u00e0 cay. Th\u00edch h\u1ee3p \u0111\u1ec3 \u0103n k\u00e8m v\u1edbi g\u00e0 r\u00e1n, khoai t\u00e2y chi\u00ean\u2026\u0110\u1eb7c bi\u1ec7t l\u00e0 s\u1eed d\u1ee5ng \u0111\u1ec3 l\u00e0m n\u01b0\u1edbc s\u1ed1t cho c\u00e1c m\u00f3n nh\u01b0: m\u00ec \u00dd, nui x\u00e0o, m\u00ec x\u00e0o,\u2026<\/p>\n<p><img decoding=\"async\" class=\"wp-image-33881 aligncenter\" src=\"https:\/\/havamall.vn\/wp-content\/uploads\/2024\/02\/ef985838d34e90a43e59c3f722922e9c-300x202.png\" alt=\"\" width=\"692\" height=\"466\" srcset=\"https:\/\/havamall.vn\/wp-content\/uploads\/2024\/02\/ef985838d34e90a43e59c3f722922e9c-300x202.png 300w, https:\/\/havamall.vn\/wp-content\/uploads\/2024\/02\/ef985838d34e90a43e59c3f722922e9c-600x404.png 600w, https:\/\/havamall.vn\/wp-content\/uploads\/2024\/02\/ef985838d34e90a43e59c3f722922e9c-768x517.png 768w, https:\/\/havamall.vn\/wp-content\/uploads\/2024\/02\/ef985838d34e90a43e59c3f722922e9c.png 876w\" sizes=\"(max-width: 692px) 100vw, 692px\" \/><\/p>\n<\/div>\n<div class=\"kvgmc6g5 cxmmr5t8 oygrvhab hcukyx3x c1et5uql ii04i59q\">\n<p dir=\"auto\">V\u1edbi T\u01b0\u01a1ng \u1edat b\u1ea1n s\u1ebd ti\u1ebft ki\u1ec7m \u0111\u01b0\u1ee3c th\u1eddi gian v\u00e0 c\u00f4ng s\u1ee9c m\u00e0 v\u1eabn gi\u1eef \u0111\u01b0\u1ee3c v\u1ecb ngon truy\u1ec1n th\u1ed1ng. S\u1ea3n ph\u1ea9m l\u00e0 gia v\u1ecb an to\u00e0n cho s\u1ee9c kho\u1ebb con ng\u01b0\u1eddi, ho\u00e0n to\u00e0n kh\u00f4ng ch\u1ee9a ch\u1ea5t t\u1ea1o m\u00e0u, kh\u00f4ng ch\u1ea5t b\u1ea3o qu\u1ea3n. Ngo\u00e0i ra, s\u1ea3n ph\u1ea9m c\u00f2n k\u00edch th\u00edch kh\u1ea9u v\u1ecb c\u1ee7a ng\u01b0\u1eddi d\u00f9ng gi\u00fap cho c\u00e1c b\u1eefa \u0103n th\u00eam ngon mi\u1ec7ng h\u01a1n.<\/p>\n<\/div>\n<\/div>\n<div class=\"text-14 leading-5\">T\u01b0\u01a1ng \u1edbt \u00d4ng Ch\u00e0 V\u00e0\u00a0gi\u00fap c\u00e1c m\u00f3n \u0103n th\u00eam \u0111\u1eadm \u0111\u00e0 v\u00e0 mang \u0111\u1ebfn cho b\u1ea1n nh\u1eefng b\u1eefa \u0103n ngon mi\u1ec7ng.\u00a0T\u01b0\u01a1ng \u1edbt si\u00eau cay \u00d4ng Ch\u00e0 V\u00e0 Chitas chai 270g\u00a0\u0111\u01b0\u1ee3c l\u00e0m t\u1eeb nh\u1eefng nguy\u00ean li\u1ec7u ho\u00e0n to\u00e0n t\u1ef1 nhi\u00ean, b\u00f9ng v\u1ecb cay h\u00edt h\u00e0, k\u00edch th\u00edch v\u1ecb gi\u00e1c.\u00a0T\u01b0\u01a1ng \u1edbt\u00a0d\u00f9ng \u0111\u1ec3 ch\u1ea5m, n\u00eam, t\u1ea9m \u01b0\u1edbt cho c\u00e1c m\u00f3n \u0103n.<\/div>\n<div class=\"text-14 leading-5\">\n<h2><strong>Th\u00e0nh ph\u1ea7n dinh d\u01b0\u1ee1ng trong s\u1ea3n ph\u1ea9m<\/strong><\/h2>\n<p>T\u01b0\u01a1ng \u1edbt si\u00eau cay \u00d4ng Ch\u00e0 V\u00e0 Chitas chai 270g l\u00e0m t\u1eeb c\u00e1c th\u00e0nh ph\u1ea7n: Gi\u1ea5m g\u1ea1o, \u1edbt, c\u00e0 chua, \u0111\u01b0\u1eddng, n\u01b0\u1edbc, ti\u00eau, t\u1ecfi, mu\u1ed1i i-\u1ed1t (Mu\u1ed1i KIO3), b\u1ed9t n\u01b0\u1edbc m\u1eafm, chi\u1ebft xu\u1ea5t n\u1ea5m men,&#8230; \u0110\u1ea3m b\u1ea3o cung c\u1ea5p \u0111\u01b0\u1ee3c c\u00e1c gi\u00e1 tr\u1ecb dinh d\u01b0\u1ee1ng nh\u01b0: n\u0103ng l\u01b0\u1ee3ng, ch\u1ea5t \u0111\u1ea1m, carbohydrate, canxi,&#8230; ph\u00f9 h\u1ee3p cho s\u1ee9c kh\u1ecfe ng\u01b0\u1eddi d\u00f9ng.<\/p>\n<h2><img decoding=\"async\" class=\"wp-image-33880 aligncenter\" src=\"https:\/\/havamall.vn\/wp-content\/uploads\/2024\/02\/vn-11134208-7r98o-lnie9ccc6ph65d-300x300.png\" alt=\"\" width=\"710\" height=\"710\" srcset=\"https:\/\/havamall.vn\/wp-content\/uploads\/2024\/02\/vn-11134208-7r98o-lnie9ccc6ph65d-300x300.png 300w, https:\/\/havamall.vn\/wp-content\/uploads\/2024\/02\/vn-11134208-7r98o-lnie9ccc6ph65d-600x600.png 600w, https:\/\/havamall.vn\/wp-content\/uploads\/2024\/02\/vn-11134208-7r98o-lnie9ccc6ph65d-150x150.png 150w, https:\/\/havamall.vn\/wp-content\/uploads\/2024\/02\/vn-11134208-7r98o-lnie9ccc6ph65d-100x100.png 100w, https:\/\/havamall.vn\/wp-content\/uploads\/2024\/02\/vn-11134208-7r98o-lnie9ccc6ph65d.png 720w\" sizes=\"(max-width: 710px) 100vw, 710px\" \/><\/h2>\n<h2><strong>T\u00e1c d\u1ee5ng c\u1ee7a s\u1ea3n ph\u1ea9m v\u1edbi s\u1ee9c kh\u1ecfe<\/strong><\/h2>\n<p>&gt; T\u01b0\u01a1ng \u1edbt si\u00eau cay \u00d4ng Ch\u00e0 V\u00e0 Chitas chai 270g, s\u1ea3n ph\u1ea9m c\u00f3 c\u00e1c t\u00e1c d\u1ee5ng n\u1ed5i b\u1eadt v\u1edbi s\u1ee9c kh\u1ecfe c\u1ee7a kh\u00e1ch h\u00e0ng nh\u01b0:<\/p>\n<\/div>\n<p class=\"text-14 leading-5\">&gt; T\u01b0\u01a1ng \u1edbt si\u00eau cay k\u00edch th\u00edch v\u1ecb gi\u00e1c t\u1ed1t, k\u1ebft h\u1ee3p v\u1edbi nhi\u1ec1u m\u00f3n \u0103n ngon b\u1eaft v\u1ecb, ch\u1ee9a c\u00e1c d\u01b0\u1ee1ng ch\u1ea5t an to\u00e0n v\u00e0 ph\u00f9 h\u1ee3p cho s\u1ef1 ph\u00e1t tri\u1ec3n c\u1ee7a c\u01a1 th\u1ec3.<\/p>\n<p class=\"text-14 leading-5\">&gt; C\u1ea3i thi\u1ec7n ti\u00eau h\u00f3a, gi\u1ea3i ph\u00f3ng endorphins, th\u00f4ng m\u0169i, gi\u1ea3m huy\u1ebft \u00e1p cao, t\u0103ng c\u01b0\u1eddng t\u1ed1c \u0111\u1ed9 trao \u0111\u1ed5i ch\u1ea5t,&#8230;<\/p>\n<\/div>\n<\/div>\n<h2><strong>H\u01b0\u1edbng d\u1eabn s\u1eed d\u1ee5ng<\/strong><\/h2>\n<p>\u2013 \u0102n tr\u1ef1c ti\u1ebfp, b\u1ea3o qu\u1ea3n t\u1ee7 m\u00e1t sau khi s\u1eed d\u1ee5ng.<\/p>\n<p>\u2013 D\u00f9ng l\u00e0m gia v\u1ecb \u0111\u1ec3 \u01b0\u1edbp th\u1ecbt n\u01b0\u1edbng ho\u1eb7c x\u00e0o.<\/p>\n<p>\u2013 T\u1ea1o m\u00f9i th\u01a1m, h\u01b0\u01a1ng v\u1ecb \u0111\u0103c tr\u01b0ng, m\u00e0u s\u1eafc \u0111\u1eb9p m\u1eaft cho s\u1ea3n ph\u1ea9m.<\/p>\n<p>S\u1ea3n ph\u1ea9m hi\u1ec7n \u0111\u00e3 c\u00f3 m\u1eb7t t\u1ea1i Havamall<\/p>","protected":false},"excerpt":{"rendered":"<p>TH\u00d4NG TIN CHUNG Th\u01b0\u01a1ng hi\u1ec7u \u00d4ng Ch\u00e0 V\u00e0 Xu\u1ea5t x\u1ee9 Vi\u1ec7t Nam Th\u00e0nh ph\u1ea7n Gi\u1ea5m g\u1ea1o, \u1edbt, c\u00e0 chua, \u0111\u01b0\u1eddng,<\/p>","protected":false},"featured_media":33882,"comment_status":"open","ping_status":"closed","template":"","meta":[],"product_brand":[],"product_cat":[36],"product_tag":[],"class_list":{"0":"post-33877","1":"product","2":"type-product","3":"status-publish","4":"has-post-thumbnail","6":"product_cat-thuc-pham-tieu-dung","7":"pa_brand-ong-cha-va","9":"first","10":"instock","11":"sale","12":"shipping-taxable","13":"purchasable","14":"product-type-simple"},"_links":{"self":[{"href":"https:\/\/havamall.vn\/en\/wp-json\/wp\/v2\/product\/33877"}],"collection":[{"href":"https:\/\/havamall.vn\/en\/wp-json\/wp\/v2\/product"}],"about":[{"href":"https:\/\/havamall.vn\/en\/wp-json\/wp\/v2\/types\/product"}],"replies":[{"embeddable":true,"href":"https:\/\/havamall.vn\/en\/wp-json\/wp\/v2\/comments?post=33877"}],"version-history":[{"count":0,"href":"https:\/\/havamall.vn\/en\/wp-json\/wp\/v2\/product\/33877\/revisions"}],"wp:featuredmedia":[{"embeddable":true,"href":"https:\/\/havamall.vn\/en\/wp-json\/wp\/v2\/media\/33882"}],"wp:attachment":[{"href":"https:\/\/havamall.vn\/en\/wp-json\/wp\/v2\/media?parent=33877"}],"wp:term":[{"taxonomy":"product_brand","embeddable":true,"href":"https:\/\/havamall.vn\/en\/wp-json\/wp\/v2\/product_brand?post=33877"},{"taxonomy":"product_cat","embeddable":true,"href":"https:\/\/havamall.vn\/en\/wp-json\/wp\/v2\/product_cat?post=33877"},{"taxonomy":"product_tag","embeddable":true,"href":"https:\/\/havamall.vn\/en\/wp-json\/wp\/v2\/product_tag?post=33877"}],"curies":[{"name":"wp","href":"https:\/\/api.w.org\/{rel}","templated":true}]}}