{"id":33814,"date":"2024-02-20T16:51:50","date_gmt":"2024-02-20T09:51:50","guid":{"rendered":"https:\/\/havamall.vn\/?post_type=product&#038;p=33814"},"modified":"2025-10-02T10:19:38","modified_gmt":"2025-10-02T03:19:38","slug":"bot-noi-lam-banh-mauri-tui-1kg-baking-powder","status":"publish","type":"product","link":"https:\/\/havamall.vn\/en\/shop\/bot-noi-lam-banh-mauri-tui-1kg-baking-powder\/","title":{"rendered":"B\u1ed9t N\u1ed5i L\u00e0m B\u00e1nh Mauri T\u00fai 1kg &#8211; Baking Powder"},"content":{"rendered":"<h2><\/h2>\n<h2><strong>TH\u00d4NG TIN CHUNG<\/strong><\/h2>\n<table>\n<tbody>\n<tr>\n<td>Th\u01b0\u01a1ng hi\u1ec7u<\/td>\n<td>Mauripan<\/td>\n<\/tr>\n<tr>\n<td>Xu\u1ea5t x\u1ee9<\/td>\n<td>Vi\u1ec7t Nam<\/td>\n<\/tr>\n<tr>\n<td>Th\u00e0nh ph\u1ea7n<\/td>\n<td>Xem tr\u00ean bao b\u00ec<\/td>\n<\/tr>\n<tr>\n<td>H\u1ea1n s\u1eed d\u1ee5ng<\/td>\n<td>24 th\u00e1ng k\u1ec3 t\u1eeb ng\u00e0y s\u1ea3n xu\u1ea5t.<\/td>\n<\/tr>\n<tr>\n<td>B\u1ea3o qu\u1ea3n<\/td>\n<td>B\u1ea3o qu\u1ea3n n\u01a1i kh\u00f4 r\u00e1o, tho\u00e1ng m\u00e1t, tr\u00e1nh \u00e1nh n\u1eafn tr\u1ef1c ti\u1ebfp<\/td>\n<\/tr>\n<tr>\n<td>\u00a0Kh\u1ed1i l\u01b0\u1ee3ng<\/td>\n<td>1kg<\/td>\n<\/tr>\n<\/tbody>\n<\/table>\n<p>B\u1ed9t n\u1edf hay c\u00f2n \u0111\u01b0\u1ee3c g\u1ecdi l\u00e0 b\u1ed9t n\u1ed5i Mauri \u0111\u01b0\u1ee3c s\u1ea3n xu\u1ea5t tr\u00ean d\u00e2y chuy\u1ec1n c\u00f4ng ngh\u1ec7 hi\u1ec7n \u0111\u1ea1i, \u0111\u1ea3m b\u1ea3o ch\u1ea5t l\u01b0\u1ee3ng t\u1ed1t nh\u1ea5t khi \u0111\u1ebfn tay ng\u01b0\u1eddi ti\u00eau d\u00f9ng. B\u1ed9t n\u1edf MAURI th\u01b0\u1eddng \u0111\u01b0\u1ee3c s\u1eed d\u1ee5ng l\u00e0m c\u00e1c lo\u1ea1i b\u00e1nh c\u00f3 h\u1ed7n h\u1ee3p kh\u00f4 v\u00e0 ch\u1eafc nh\u01b0 cookies, lo\u1ea1i \u0111\u1eb7c, n\u1eb7ng nh\u01b0 muffin, cupcake, brownies, c\u00e1c lo\u1ea1i b\u00e1nh bao, b\u00e1nh m\u00ec, c\u00e1c lo\u1ea1i butter cake. B\u1ed9t n\u1edf c\u0169ng d\u00f9ng trong c\u00e1c lo\u1ea1i b\u00e1nh c\u00f3 tr\u1ee9ng v\u00e0 b\u01a1 \u0111\u00e3 c\u00f3 \u0111\u1ed9 n\u1edf x\u1ed1p nh\u1ea5t \u0111\u1ecbnh \u0111\u1ec3 h\u1ed7 tr\u1ee3 b\u00e1nh n\u1edf l\u1edbn h\u01a1n.<\/p>\n<p><img fetchpriority=\"high\" decoding=\"async\" class=\"wp-image-28765 aligncenter\" src=\"https:\/\/havamall.com\/wp-content\/uploads\/2025\/10\/1-222-300x150.jpg\" alt=\"\" width=\"588\" height=\"294\" \/><\/p>\n<p>B\u1ed9t n\u1edf \u0111\u01b0\u1ee3c s\u1eed d\u1ee5ng \u0111\u1ec3 t\u0103ng kh\u1ed1i l\u01b0\u1ee3ng v\u00e0 l\u00e0m s\u00e1ng k\u1ebft c\u1ea5u c\u1ee7a b\u00e1nh n\u01b0\u1edbng. B\u1ed9t n\u1edf ho\u1ea1t \u0111\u1ed9ng b\u1eb1ng c\u00e1ch gi\u1ea3i ph\u00f3ng kh\u00ed carbon dioxide v\u00e0o b\u1ed9t ho\u1eb7c b\u1ed9t nh\u00e0o th\u00f4ng qua ph\u1ea3n \u1ee9ng axit-baz\u01a1, l\u00e0m cho c\u00e1c bong b\u00f3ng trong h\u1ed7n h\u1ee3p \u01b0\u1edbt n\u1edf ra v\u00e0 do \u0111\u00f3 t\u1ea1o men cho h\u1ed7n h\u1ee3p.<\/p>\n<p><img decoding=\"async\" class=\"wp-image-28766 aligncenter\" src=\"https:\/\/havamall.com\/wp-content\/uploads\/2025\/10\/a2f7a580f983f371f6109d8089744fee3ab0387c-300x200.png\" alt=\"\" width=\"590\" height=\"393\" \/><\/p>\n<p>B\u1ed9t n\u1edf Mauri l\u00e0 m\u1ed9t trong nh\u1eefng nguy\u00ean li\u1ec7u quan tr\u1ecdng trong \u201c\u0111\u1ea1i gia \u0111\u00ecnh\u201d c\u00e1c nguy\u00ean li\u1ec7u l\u00e0m b\u00e1nh. Baking powder n\u1eafm gi\u1eef nh\u1eefng b\u00ed m\u1eadt khi\u1ebfn nh\u1eefng chi\u1ebfc b\u00e1nh n\u1edf x\u1ed1p, m\u1ec1m th\u01a1m.<\/p>\n<p><img decoding=\"async\" class=\"wp-image-28767 aligncenter\" src=\"https:\/\/havamall.com\/wp-content\/uploads\/2025\/10\/shutterstock_576353752-300x200.jpg\" alt=\"\" width=\"593\" height=\"395\" \/><\/p>\n<h2><strong>C\u00f4ng d\u1ee5ng c\u1ee7a b\u1ed9t n\u1edf Mauri Baking Powder:<\/strong><\/h2>\n<p>Ngo\u00e0i c\u00f4ng d\u1ee5ng l\u00e0m b\u00e1nh tr\u1edf n\u00ean ngon v\u00e0 h\u1ea5p d\u1eabn, b\u1ed9t n\u1edf baking powder c\u00f2n c\u00f3 r\u1ea5t nhi\u1ec1u c\u00f4ng d\u1ee5ng trong vi\u1ec7c l\u00e0m \u0111\u1eb9p v\u00e0 b\u1ea3o v\u1ec7 s\u1ee9c kh\u1ecfe.<\/p>\n<p>\u2013\u00a0 Kh\u00f4i ph\u1ee5c s\u1ee9c s\u1ed1ng cho l\u00e0n da<\/p>\n<p>\u2013\u00a0 Ch\u0103m s\u00f3c g\u00f3t ch\u00e2n<\/p>\n<p>\u2013 S\u1eefa t\u1eafm<\/p>\n<p>\u2013 S\u1eefa r\u1eeda m\u1eb7t<\/p>\n<p>\u2013 Ch\u0103m s\u00f3c t\u00f3c<\/p>\n<p>\u2013 L\u00e0m d\u1ecbu v\u1ebft ban v\u00e0 da b\u1ecb ch\u00e1y n\u1eafng<\/p>\n<p>\u2013 Tr\u1eafng r\u0103ng<\/p>\n<p>S\u1ea3n ph\u1ea9m hi\u1ec7n \u0111\u00e3 c\u00f3 m\u1eb7t t\u1ea1i Havamall.<\/p>","protected":false},"excerpt":{"rendered":"<p>TH\u00d4NG TIN CHUNG Th\u01b0\u01a1ng hi\u1ec7u Mauripan Xu\u1ea5t x\u1ee9 Vi\u1ec7t Nam Th\u00e0nh ph\u1ea7n Xem tr\u00ean bao b\u00ec H\u1ea1n s\u1eed d\u1ee5ng 24<\/p>","protected":false},"featured_media":42454,"comment_status":"open","ping_status":"closed","template":"","meta":[],"product_brand":[],"product_cat":[36],"product_tag":[],"class_list":{"0":"post-33814","1":"product","2":"type-product","3":"status-publish","4":"has-post-thumbnail","6":"product_cat-thuc-pham-tieu-dung","8":"first","9":"instock","10":"sale","11":"shipping-taxable","12":"purchasable","13":"product-type-simple"},"_links":{"self":[{"href":"https:\/\/havamall.vn\/en\/wp-json\/wp\/v2\/product\/33814"}],"collection":[{"href":"https:\/\/havamall.vn\/en\/wp-json\/wp\/v2\/product"}],"about":[{"href":"https:\/\/havamall.vn\/en\/wp-json\/wp\/v2\/types\/product"}],"replies":[{"embeddable":true,"href":"https:\/\/havamall.vn\/en\/wp-json\/wp\/v2\/comments?post=33814"}],"version-history":[{"count":0,"href":"https:\/\/havamall.vn\/en\/wp-json\/wp\/v2\/product\/33814\/revisions"}],"wp:featuredmedia":[{"embeddable":true,"href":"https:\/\/havamall.vn\/en\/wp-json\/wp\/v2\/media\/42454"}],"wp:attachment":[{"href":"https:\/\/havamall.vn\/en\/wp-json\/wp\/v2\/media?parent=33814"}],"wp:term":[{"taxonomy":"product_brand","embeddable":true,"href":"https:\/\/havamall.vn\/en\/wp-json\/wp\/v2\/product_brand?post=33814"},{"taxonomy":"product_cat","embeddable":true,"href":"https:\/\/havamall.vn\/en\/wp-json\/wp\/v2\/product_cat?post=33814"},{"taxonomy":"product_tag","embeddable":true,"href":"https:\/\/havamall.vn\/en\/wp-json\/wp\/v2\/product_tag?post=33814"}],"curies":[{"name":"wp","href":"https:\/\/api.w.org\/{rel}","templated":true}]}}