{"id":33807,"date":"2024-02-20T11:52:48","date_gmt":"2024-02-20T04:52:48","guid":{"rendered":"https:\/\/havamall.vn\/?post_type=product&#038;p=33807"},"modified":"2024-02-21T10:43:53","modified_gmt":"2024-02-21T03:43:53","slug":"pho-mai-hun-khoi-nga-sole-xe-soi-san-goi-50g-smoked-cheese","status":"publish","type":"product","link":"https:\/\/havamall.vn\/en\/shop\/pho-mai-hun-khoi-nga-sole-xe-soi-san-goi-50g-smoked-cheese\/","title":{"rendered":"Ph\u00f4 Mai Hun Kh\u00f3i Nga Sole X\u00e9 S\u1ee3i S\u1eb5n G\u00f3i 50g &#8211;  Smoked Cheese"},"content":{"rendered":"<h2><\/h2>\n<h2><strong>TH\u00d4NG TIN CHUNG<\/strong><\/h2>\n<table>\n<tbody>\n<tr>\n<td>Th\u01b0\u01a1ng hi\u1ec7u<\/td>\n<td>Sole<\/td>\n<\/tr>\n<tr>\n<td>Xu\u1ea5t x\u1ee9<\/td>\n<td>Vi\u1ec7t Nam<\/td>\n<\/tr>\n<tr>\n<td>Th\u00e0nh ph\u1ea7n<\/td>\n<td>S\u1eefa t\u01b0\u01a1i, mu\u1ed1i \u0103n, men s\u1eefa.<\/td>\n<\/tr>\n<tr>\n<td>H\u1ea1n s\u1eed d\u1ee5ng<\/td>\n<td>3 th\u00e1ng k\u1ec3 t\u1eeb ng\u00e0y s\u1ea3n xu\u1ea5t.<\/td>\n<\/tr>\n<tr>\n<td>B\u1ea3o qu\u1ea3n<\/td>\n<td>4 \u0111\u1ed9 C \u2013\u00a016 \u0111\u1ed9 C<\/td>\n<\/tr>\n<tr>\n<td>\u00a0Kh\u1ed1i l\u01b0\u1ee3ng<\/td>\n<td>50g<\/td>\n<\/tr>\n<\/tbody>\n<\/table>\n<p class=\"p1\">Ph\u00f4 mai hun kh\u00f3i Nga Sole \u0111\u01b0\u1ee3c l\u00e0m t\u1eeb th\u00e0nh ph\u1ea7n s\u1eefa, men, enzyme, mu\u1ed1i, \u0111\u01b0\u1ee3c ch\u1ecdn l\u1ecdc k\u1ef9 l\u01b0\u1ee1ng cho ra th\u00e0nh ph\u1ea9m v\u1edbi ch\u1ea5t l\u01b0\u1ee3ng cao, \u0111\u00e1p \u1ee9ng y\u00eau c\u1ea7u kh\u1eaft khe c\u1ee7a ng\u01b0\u1eddi ti\u00eau d\u00f9ng. Kh\u00f4ng ch\u1ec9 c\u00f3 h\u01b0\u01a1ng v\u1ecb th\u01a1m ngon, trong ph\u00f4 mai c\u00f2n c\u00f3 l\u01b0\u1ee3ng \u0111\u1ea1m r\u1ea5t cao, chi\u1ebfm g\u1ea7n 25% t\u1ed5ng gi\u00e1 tr\u1ecb dinh d\u01b0\u1ee1ng n\u00ean ph\u00f4 mai l\u00e0 ngu\u1ed3n cung c\u1ea5p \u0111\u1ea1m d\u1ed3i d\u00e0o cho kh\u1ea9u ph\u1ea7n \u0103n, t\u01b0\u01a1ng \u0111\u01b0\u01a1ng v\u1edbi th\u1ecbt, c\u00e1, tr\u1ee9ng. S\u1ea3n ph\u1ea9m s\u1ebd l\u00e0 m\u00f3n \u0103n v\u1eb7t dinh d\u01b0\u1ee1ng v\u00e0 ph\u00f9 h\u1ee3p kh\u1ea9u v\u1ecb c\u1ee7a nhi\u1ec1u th\u00e0nh vi\u00ean trong gia \u0111\u00ecnh.<\/p>\n<p class=\"p1\"><img fetchpriority=\"high\" decoding=\"async\" class=\"wp-image-33808 aligncenter\" src=\"https:\/\/havamall.vn\/wp-content\/uploads\/2024\/02\/305962589_449359010549462_1064514179315284297_n-300x251.jpeg\" alt=\"\" width=\"895\" height=\"749\" srcset=\"https:\/\/havamall.vn\/wp-content\/uploads\/2024\/02\/305962589_449359010549462_1064514179315284297_n-300x251.jpeg 300w, https:\/\/havamall.vn\/wp-content\/uploads\/2024\/02\/305962589_449359010549462_1064514179315284297_n-600x503.jpeg 600w, https:\/\/havamall.vn\/wp-content\/uploads\/2024\/02\/305962589_449359010549462_1064514179315284297_n-768x644.jpeg 768w, https:\/\/havamall.vn\/wp-content\/uploads\/2024\/02\/305962589_449359010549462_1064514179315284297_n.jpeg 940w\" sizes=\"(max-width: 895px) 100vw, 895px\" \/><\/p>\n<p class=\"p1\">Ngo\u00e0i vi\u1ec7c \u0103n li\u1ec1n (\u0103n kh\u00f4ng \u2013 gi\u1ed1ng ki\u1ec3u \u0103n v\u1eb7t, nh\u00e2m nhi c\u00f9ng v\u1edbi th\u1ecbt b\u00f2 kh\u00f4, bia, r\u01b0\u1ee3u vodka,\u2026) b\u1ea1n c\u00f3 th\u1ec3 \u0103n phomai d\u00e2y x\u00f4ng kh\u00f3i v\u1edbi salad, ho\u1eb7c cho v\u00e0o n\u01b0\u1edbng pizza, hay c\u1ea7u k\u1ef3 h\u01a1n c\u00f3 th\u1ec3 l\u00e0m m\u00f3n \u201cCarpaccio c\u00e1 h\u1ed3i v\u1edbi ph\u00f4 mai x\u00f4ng kh\u00f3i\u201d<\/p>\n<h2><strong>\u0110\u1eb6C \u0110I\u1ec2M N\u1ed4I B\u1eacT C\u1ee6A S\u1ea2N PH\u1ea8M<\/strong><\/h2>\n<p>&gt; L\u00e0 m\u00f3n \u0103n truy\u1ec1n th\u1ed1ng c\u1ee7a Nga<\/p>\n<p>&gt; S\u1ea3n ph\u1ea9m \u0111\u01b0\u1ee3c ch\u1ebf bi\u1ebfn t\u1eeb s\u1eefa d\u00ea v\u00e0 s\u1eefa b\u00f2 t\u01b0\u01a1i\u2026 k\u1ebft \u0111\u00f4ng, l\u00ean men v\u00e0 cu\u1ed1i c\u00f9ng l\u00e0 hun kh\u00f3i. Ph\u00f4 mai hun kh\u00f3i c\u00f3 ch\u1ee9a h\u1ea7u nh\u01b0 \u0111\u1ea7y \u0111\u1ee7 c\u00e1c ch\u1ea5t dinh d\u01b0\u1ee1ng c\u00f3 l\u1ee3i cho s\u1ee9c kh\u1ecfe m\u00e0 s\u1eefa mang l\u1ea1i: protein, canxi, photpho,\u2026<\/p>\n<p>&gt; S\u1ee3i ph\u00f4 mai hun kh\u00f3i dai dai m\u1eb7n m\u1eb7n, v\u1eeba c\u00f3 v\u1ecb b\u00e9o c\u1ee7a ph\u00f4 mai, r\u1ea5t th\u00edch h\u1ee3p l\u00e0m m\u00f3n nh\u1eafm, \u0103n v\u1eb7t.<\/p>\n<p><img decoding=\"async\" class=\"aligncenter\" src=\"https:\/\/havamall.vn\/wp-content\/uploads\/-000\/\/1\/900x600.jpg\" alt=\"\u0410\u043b\u0442\u0430\u0439\u0441\u043a\u0438\u0439 \u043c\u043e\u043b\u043e\u0447\u043d\u044b\u0439 \u0437\u0430\u0432\u043e\u0434 \u043e\u0441\u0432\u0430\u0438\u0432\u0430\u0435\u0442 \u043d\u043e\u0432\u043e\u0435 \u043f\u0440\u043e\u0438\u0437\u0432\u043e\u0434\u0441\u0442\u0432\u043e\" \/><\/p>\n<p>&gt; Khi d\u00f9ng, \u0111em ph\u00f4 mai t\u00e1ch s\u1ee3i \u0111\u00e3 \u0111\u01b0\u1ee3c xo\u1eafn th\u1eebng, x\u00e9 nh\u1ecf, \u0111\u1ec3 ngo\u00e0i kh\u00f4ng kh\u00ed 2-4 ti\u1ebfng \u0111\u1ec3 ph\u00f4 mai se l\u1ea1i, l\u00fac \u0111\u1ea5y s\u1ebd \u0103n r\u1ea5t ngon, \u0111\u1ec3 t\u0103ng th\u00eam v\u1ecb ngon n\u00ean \u0103n k\u00e8m v\u1edbi t\u01b0\u01a1ng \u1edbt. C\u00f3 th\u1ec3 \u0103n chung v\u1edbi h\u1ea3i s\u1ea3n, c\u00e1c m\u00f3n ch\u1ebf bi\u1ebfn c\u00f9ng h\u1ea3i s\u1ea3n nh\u01b0 m\u00ec \u1ed1ng, b\u00e1nh pizza\u2026<\/p>\n<p>&gt; Ngo\u00e0i vi\u1ec7c \u0103n li\u1ec1n (\u0103n kh\u00f4ng \u2013 gi\u1ed1ng ki\u1ec3u \u0103n v\u1eb7t, nh\u00e2m nhi c\u00f9ng v\u1edbi th\u1ecbt b\u00f2 kh\u00f4, bia, r\u01b0\u1ee3u vodka,\u2026) b\u1ea1n c\u00f3 th\u1ec3 \u0103n phomai d\u00e2y x\u00f4ng kh\u00f3i v\u1edbi salad, ho\u1eb7c cho v\u00e0o n\u01b0\u1edbng pizza, hay c\u1ea7u k\u1ef3 h\u01a1n c\u00f3 th\u1ec3 l\u00e0m m\u00f3n \u201cCarpaccio c\u00e1 h\u1ed3i v\u1edbi ph\u00f4 mai x\u00f4ng kh\u00f3i\u201d<\/p>\n<p><img decoding=\"async\" class=\"wp-image-33809 aligncenter\" src=\"https:\/\/havamall.vn\/wp-content\/uploads\/2024\/02\/Screen-Shot-2024-02-20-at-11.50.05-AM-300x286.png\" alt=\"\" width=\"894\" height=\"853\" srcset=\"https:\/\/havamall.vn\/wp-content\/uploads\/2024\/02\/Screen-Shot-2024-02-20-at-11.50.05-AM-300x286.png 300w, https:\/\/havamall.vn\/wp-content\/uploads\/2024\/02\/Screen-Shot-2024-02-20-at-11.50.05-AM-600x572.png 600w, https:\/\/havamall.vn\/wp-content\/uploads\/2024\/02\/Screen-Shot-2024-02-20-at-11.50.05-AM.png 714w\" sizes=\"(max-width: 894px) 100vw, 894px\" \/><\/p>\n<h2 class=\"p1\"><strong>H\u01af\u1edaNG D\u1eaaN B\u1ea2O QU\u1ea2N<\/strong><\/h2>\n<p class=\"p1\">\u2013 Khi mua phomai d\u00e2y v\u1ec1 n\u1ebfu kh\u00f4ng c\u00f3 \u00fd \u0111\u1ecbnh \u0111\u1ec3 l\u00e2u th\u00ec b\u1ea1n n\u00ean \u0111\u1ec3 1 v\u00e0i d\u00e2y phomai \u1edf ngo\u00e0i kh\u00f4ng kh\u00ed tho\u00e1ng \u0111\u00e3ng , khi d\u00f9ng b\u1ea1n t\u00e1ch t\u1eebng s\u1ee3i phomai \u0111\u00e3 \u0111\u01b0\u1ee3c xo\u1eafn th\u1eebng ra (l\u01b0u \u00fd t\u00e1ch c\u00e0ng nh\u1ecf c\u00e0ng t\u1ed1t), \u0111\u1ec3 \u1edf ngo\u00e0i kh\u00f4ng kh\u00ed n\u01a1i kh\u00f4 r\u00e1o kho\u1ea3ng 2-4 ti\u1ebfng \u0111\u1ec3 phomai h\u01a1i kh\u00f4 se se l\u1ea1i . L\u00fac \u0111\u1ea5y l\u00e0 th\u1eddi \u0111i\u1ec3m phomai \u0103n ngon nh\u1ea5t.<\/p>\n<p class=\"p1\">\u2013 N\u1ebfu t\u00e1ch ra \u0103n kh\u00f4ng h\u1ebft, b\u1ea1n \u0111\u1ec3 phomai v\u00e0o t\u00fai nilon r\u1ed3i bu\u1ed9c k\u00edn v\u00e0 gi\u1eef l\u1ea1i trong ng\u0103n m\u00e1t t\u1ee7 l\u1ea1nh. (Phomai s\u1ebd b\u1ecb kh\u00f4 n\u1ebfu \u0111\u1ec3 \u1edf ngo\u00e0i qu\u00e1 l\u00e2u, tr\u00ean 12 ti\u1ebfng \u0111\u1ed3ng h\u1ed3)<\/p>","protected":false},"excerpt":{"rendered":"<p>TH\u00d4NG TIN CHUNG Th\u01b0\u01a1ng hi\u1ec7u Sole Xu\u1ea5t x\u1ee9 Vi\u1ec7t Nam Th\u00e0nh ph\u1ea7n S\u1eefa t\u01b0\u01a1i, mu\u1ed1i \u0103n, men s\u1eefa. H\u1ea1n s\u1eed<\/p>","protected":false},"featured_media":33813,"comment_status":"open","ping_status":"closed","template":"","meta":[],"product_brand":[],"product_cat":[36],"product_tag":[],"class_list":{"0":"post-33807","1":"product","2":"type-product","3":"status-publish","4":"has-post-thumbnail","6":"product_cat-thuc-pham-tieu-dung","8":"first","9":"instock","10":"sale","11":"shipping-taxable","12":"purchasable","13":"product-type-simple"},"_links":{"self":[{"href":"https:\/\/havamall.vn\/en\/wp-json\/wp\/v2\/product\/33807"}],"collection":[{"href":"https:\/\/havamall.vn\/en\/wp-json\/wp\/v2\/product"}],"about":[{"href":"https:\/\/havamall.vn\/en\/wp-json\/wp\/v2\/types\/product"}],"replies":[{"embeddable":true,"href":"https:\/\/havamall.vn\/en\/wp-json\/wp\/v2\/comments?post=33807"}],"version-history":[{"count":0,"href":"https:\/\/havamall.vn\/en\/wp-json\/wp\/v2\/product\/33807\/revisions"}],"wp:featuredmedia":[{"embeddable":true,"href":"https:\/\/havamall.vn\/en\/wp-json\/wp\/v2\/media\/33813"}],"wp:attachment":[{"href":"https:\/\/havamall.vn\/en\/wp-json\/wp\/v2\/media?parent=33807"}],"wp:term":[{"taxonomy":"product_brand","embeddable":true,"href":"https:\/\/havamall.vn\/en\/wp-json\/wp\/v2\/product_brand?post=33807"},{"taxonomy":"product_cat","embeddable":true,"href":"https:\/\/havamall.vn\/en\/wp-json\/wp\/v2\/product_cat?post=33807"},{"taxonomy":"product_tag","embeddable":true,"href":"https:\/\/havamall.vn\/en\/wp-json\/wp\/v2\/product_tag?post=33807"}],"curies":[{"name":"wp","href":"https:\/\/api.w.org\/{rel}","templated":true}]}}