{"id":33766,"date":"2024-02-03T14:24:45","date_gmt":"2024-02-03T07:24:45","guid":{"rendered":"https:\/\/havamall.vn\/?post_type=product&#038;p=33766"},"modified":"2025-09-29T15:23:43","modified_gmt":"2025-09-29T08:23:43","slug":"duong-dua-huu-co-thai-lan-cocugar-450g-organic-thai-pure-coconut-sugar","status":"publish","type":"product","link":"https:\/\/havamall.vn\/en\/shop\/duong-dua-huu-co-thai-lan-cocugar-450g-organic-thai-pure-coconut-sugar\/","title":{"rendered":"\u0110\u01b0\u1eddng D\u1eeba H\u1eefu C\u01a1 Th\u00e1i Lan Cocugar 450g &#8211; Organic Thai Pure Coconut Sugar"},"content":{"rendered":"<h2><\/h2>\n<h2><strong>TH\u00d4NG TIN CHUNG<\/strong><\/h2>\n<table>\n<tbody>\n<tr>\n<td>Th\u01b0\u01a1ng hi\u1ec7u<\/td>\n<td><strong>Cocugar<\/strong><\/td>\n<\/tr>\n<tr>\n<td>Xu\u1ea5t x\u1ee9<\/td>\n<td><strong>Th\u00e1i Lan<\/strong><\/td>\n<\/tr>\n<tr>\n<td>Th\u00e0nh ph\u1ea7n<\/td>\n<td>100% \u0111\u01b0\u1eddng d\u1eeba h\u1eefu c\u01a1 Th\u00e1i Lan, kh\u00f4ng ch\u1ea5t b\u1ea3o qu\u1ea3n, ch\u1ea5t t\u1ea1o m\u00e0u hay m\u00f9i v\u1ecb v\u00e0 b\u1ea5t k\u1ef3 h\u00f3a ch\u1ea5t kh\u00e1c.<\/td>\n<\/tr>\n<tr>\n<td>H\u1ea1n s\u1eed d\u1ee5ng<\/td>\n<td>24 th\u00e1ng k\u1ec3 t\u1eeb ng\u00e0y s\u1ea3n xu\u1ea5t.<\/td>\n<\/tr>\n<tr>\n<td>B\u1ea3o qu\u1ea3n<\/td>\n<td>B\u1ea3o qu\u1ea3n n\u01a1i kh\u00f4 r\u00e1o tho\u00e1ng m\u00e1t<\/td>\n<\/tr>\n<tr>\n<td>\u00a0Kh\u1ed1i l\u01b0\u1ee3ng<\/td>\n<td>450g<\/td>\n<\/tr>\n<\/tbody>\n<\/table>\n<p><strong>\u0110\u01b0\u1eddng d\u1eeba h\u1eefu c\u01a1 Th\u00e1i Lan Cocugar<\/strong>\u00a0l\u00e0 \u0111\u01b0\u1eddng d\u1eeba c\u00f3 ch\u1ee9ng nh\u1eadn h\u1eefu c\u01a1 USDA, ch\u1ee9ng nh\u1eadn organic ch\u00e2u \u00c2u \u0111\u01b0\u1ee3c s\u1ea3n xu\u1ea5t t\u1eeb ch\u1ed3i hoa d\u1eeba canh t\u00e1c h\u1eefu c\u01a1 t\u1ea1i Th\u00e1i Lan. V\u1edbi ch\u1ec9 s\u1ed1 GI th\u1ea5p, c\u00f9ng c\u00e1c kho\u00e1ng ch\u1ea5t t\u1ef1 nhi\u00ean nh\u01b0 canxi, s\u1eaft, kali..<strong>\u0111\u01b0\u1eddng d\u1eeba h\u1eefu c\u01a1 Cocugar<\/strong>\u00a0l\u00e0 l\u1ef1a ch\u1ecdn l\u00e0nh m\u1ea1nh v\u00e0 tuy\u1ec7t v\u1eddi \u0111\u1ec3 d\u00f9ng cho c\u00e1c m\u1ee5c \u0111\u00edch kh\u00e1c nhau.<\/p>\n<p><img fetchpriority=\"high\" decoding=\"async\" class=\"wp-image-33767 aligncenter\" src=\"https:\/\/havamall.com\/wp-content\/uploads\/2025\/09\/3c41b1018848f9462dd4c406589effef-300x300.jpg\" alt=\"\" width=\"744\" height=\"744\" \/> \u00a0\u00a0<span style=\"font-weight: 400\">Hi\u1ec7n nay, v\u00ec n\u1ed7i lo v\u1ec1 c\u00e1c v\u1ea5n \u0111\u1ec1 an ninh th\u1ef1c ph\u1ea9m, s\u1ee9c kh\u1ecfe c\u1ee7a con ng\u01b0\u1eddi \u0111\u01b0\u1ee3c \u0111\u1eb7t l\u00ean h\u00e0ng \u0111\u1ea7u n\u00ean vi\u1ec7c l\u1ef1a ch\u1ecdn th\u1ef1c ph\u1ea9m s\u1ea1ch, th\u1ef1c ph\u1ea9m h\u1eefu c\u01a1, th\u1ef1c ph\u1ea9m t\u1ef1 nhi\u00ean \u0111ang l\u00e0 xu h\u01b0\u1edbng t\u1ea5t y\u1ebfu. \u0110\u01b0\u1eddng v\u1ed1n l\u00e0 gia v\u1ecb thi\u1ebft y\u1ebfu trong cu\u1ed9c s\u1ed1ng h\u00e0ng ng\u00e0y. Ngo\u00e0i \u0111\u01b0\u1eddng \u0111\u01b0\u1ee3c l\u00e0m t\u1eeb c\u00e2y m\u00eda th\u00ec c\u00f2n c\u00f3 nhi\u1ec1u lo\u1ea1i \u0111\u01b0\u1eddng t\u1ef1 nhi\u00ean \u0111\u01b0\u1ee3c l\u00e0m t\u1eeb m\u1eadt hoa th\u1ed1t n\u1ed1t, m\u1eadt hoa d\u1eeba th\u1eadm ch\u00ed l\u00e0 \u0111\u01b0\u1ee3c l\u00e0m t\u1eeb c\u1ecd d\u1eeba hay nh\u1ef1a d\u1eeba.<\/span><\/p>\n<p><img decoding=\"async\" class=\"wp-image-33768 aligncenter\" src=\"https:\/\/havamall.com\/wp-content\/uploads\/2025\/09\/68707503_2443623979036420_3327957062868008960_n-300x256.png\" alt=\"\" width=\"738\" height=\"630\" \/><\/p>\n<p><span style=\"font-weight: 400\">T\u1eeb x\u01b0a ng\u01b0\u1eddi d\u00e2n \u1edf c\u00e1c ch\u00e2u l\u1ee5c: M\u1ef9, \u00c1, Phi \u0111\u00e3 bi\u1ebft c\u00e1ch l\u00e0m \u0111\u01b0\u1eddng t\u1eeb c\u00e2y d\u1eeba, c\u1ee5 th\u1ec3 l\u00e0 t\u1eeb m\u1eadt hoa d\u1eeba. H\u1ecd tr\u00e8o l\u00ean c\u00e2y d\u1eeba r\u1ed3i d\u00f9ng dao kh\u1ee9a nh\u1eb9 l\u00ean nh\u00e1nh hoa d\u1eeba t\u01b0\u01a1i \u0111\u1ec3 m\u1eadt hoa ch\u1ea3y v\u00e0o th\u00f9ng ch\u1ee9a. M\u1eadt hoa d\u1eeba l\u00fac n\u00e0y l\u00e0 m\u1ed9t lo\u1ea1i dung d\u1ecbch trong v\u1eaft c\u00f3 v\u1ecb ng\u1ecdt, ch\u1ee9a kho\u1ea3ng 80% l\u00e0 n\u01b0\u1edbc. Sau \u0111\u00f3, dung d\u1ecbch m\u1eadt hoa d\u1eeba \u0111\u01b0\u1ee3c n\u1ea5u\u00a0 l\u00ean cho th\u1eadt s\u00f4i \u0111\u1ec3 n\u01b0\u1edbc b\u1ed1c h\u01a1i \u0111i h\u1ebft v\u00e0 ph\u1ea7n s\u1ea3n ph\u1ea9m c\u00f4 \u0111\u1eb7c c\u00f2n l\u1ea1i cu\u1ed1i c\u00f9ng ch\u00ednh l\u00e0 \u0111\u01b0\u1eddng m\u1eadt hoa d\u1eeba.<\/span><\/p>\n<p><span style=\"font-weight: 400\">So v\u1edbi c\u00e1c lo\u1ea1i \u0111\u01b0\u1eddng m\u00eda tinh luy\u1ec7n, th\u00ec \u0111\u01b0\u1eddng m\u1eadt hoa d\u1eeba c\u1ee5 th\u1ec3 l\u00e0 s\u1ea3n ph\u1ea9m \u0111\u01b0\u1eddng d\u1eeba h\u1eefu c\u01a1 Th\u00e1i Lan Cocugar c\u00f3 v\u1ecb ng\u1ecdt d\u1ecbu, thanh thanh, m\u1ecbn, c\u00f3 m\u00e0u n\u00e2u nh\u1ea1t v\u00e0 m\u00f9i th\u01a1m g\u1ea7n gi\u1ed1ng v\u1edbi caramel. Ngo\u00e0i ra, kh\u00e2u ch\u1ebf bi\u1ebfn \u0111\u01b0\u1eddng d\u1eeba c\u0169ng kh\u00f4ng ph\u1ee9c t\u1ea1p v\u00e0 ho\u00e0n to\u00e0n kh\u00f4ng s\u1eed d\u1ee5ng c\u00e1c lo\u1ea1i h\u00f3a ch\u1ea5t nh\u01b0 \u0111\u01b0\u1eddng m\u00eda tinh luy\u1ec7n n\u00ean \u0111\u01b0\u1eddng d\u1eeba \u0111\u01b0\u1ee3c xem s\u1ea3n ph\u1ea9m h\u1eefu c\u01a1\u00a0 an to\u00e0n cho s\u1ee9c kh\u1ecfe con ng\u01b0\u1eddi.<\/span><\/p>\n<p><img decoding=\"async\" class=\"wp-image-33769 aligncenter\" src=\"https:\/\/havamall.com\/wp-content\/uploads\/2025\/09\/234115017_4377302399001892_2113721601971356846_n-300x300.jpg\" alt=\"\" width=\"737\" height=\"737\" \/><\/p>\n<p><span style=\"font-weight: 400\">Trong qu\u00e1 tr\u00ecnh ch\u1ebf bi\u1ebfn s\u1ea3n ph\u1ea9m, ho\u00e0n to\u00e0n kh\u00f4ng s\u1eed d\u1ee5ng c\u00e1c lo\u1ea1i h\u00f3a ch\u1ea5t v\u00e0 kh\u00f4ng th\u1ef1c hi\u1ec7n c\u00f4ng \u0111o\u1ea1n tinh luy\u1ec7n, kh\u00f4ng t\u1ea9y tr\u1eafng v\u00e0 s\u1ea3n ph\u1ea9m c\u0169ng kh\u00f4ng c\u00f3 ch\u1ea5t b\u1ea3o qu\u1ea3n.\u00a0\u0110\u01b0\u1eddng d\u1eeba h\u1eefu c\u01a1 Th\u00e1i Lan Cocugar l\u00e0 s\u1ea3n ph\u1ea9m \u0111\u01b0\u1ee3c ch\u1ee9ng nh\u1eadn \u0111\u1ea1t ti\u00eau chu\u1ea9n h\u1eefu c\u01a1 qu\u1ed1c t\u1ebf c\u1ee7a USDA (M\u1ef9), EU (Ch\u00e2u \u00c2u) v\u00e0 JAS (Nh\u1eadt B\u1ea3n). \u0110\u00e2y \u0111\u1ec1u nh\u1eefng t\u1ed5 ch\u1ee9c c\u00f3 quy\u1ec1n h\u1ea1n \u0111\u00e1nh gi\u00e1 v\u00e0 c\u1ea5p ch\u1ee9ng nh\u1eadn h\u1eefu c\u01a1 cho c\u00e1c s\u1ea3n ph\u1ea9m \u0111\u01b0\u1ee3c s\u1ea3n xu\u1ea5t \u0111\u1ea3m b\u1ea3o c\u00e1c ti\u00eau ch\u00ed \u201ch\u1eefu c\u01a1\u201d r\u1ea5t nghi\u00eam ng\u1eb7t nh\u1eb1m kh\u1eb3ng \u0111\u1ecbnh \u0111\u00f3 l\u00e0 nh\u1eefng s\u1ea3n ph\u1ea9m h\u1eefu c\u01a1 \u0111\u00fang ngh\u0129a, an to\u00e0n cho s\u1ee9c kh\u1ecfe v\u00e0 ng\u01b0\u1eddi ti\u00eau d\u00f9ng tin t\u01b0\u1edfng, an t\u00e2m s\u1eed d\u1ee5ng.<\/span><\/p>\n<p><img loading=\"lazy\" decoding=\"async\" class=\"aligncenter\" src=\"https:\/\/havamall.com\/wp-content\/uploads\/2025\/09\/article_36280.jpg\" alt=\"What is Coconut Sugar? | Nourished Life Australia\" width=\"735\" height=\"490\" \/><\/p>\n<p><span style=\"font-weight: 400\">\u0110\u01b0\u1eddng d\u1eeba c\u0169ng l\u00e0 gia v\u1ecb t\u1ef1 nhi\u00ean r\u1ea5t gi\u00e0u c\u00e1c vitamin B1, B2, B3, B6 v\u00e0 axit amin. C\u00e1c nghi\u00ean c\u1ee9u c\u0169ng cho th\u1ea5y trong \u0111\u01b0\u1eddng d\u1eeba c\u00f2n c\u00f3 m\u1ed9t lo\u1ea1i vitamin B8 (inositol) c\u00f3\u00a0 t\u00e1c d\u1ee5ng ch\u1ea5t c\u1ea3i thi\u1ec7n t\u00e2m tr\u1ea1ng c\u1ee7a ng\u01b0\u1eddi s\u1eed d\u1ee5ng.<\/span><\/p>\n<p><span style=\"font-weight: 400\">Ch\u00ednh v\u00ec l\u1ebd \u0111\u00f3 m\u00e0 ch\u00fang ta c\u00f3 th\u1ec3 d\u00f9ng \u0111\u01b0\u1eddng d\u1eeba \u0111\u1ec3 thay th\u1ebf \u0111\u01b0\u1eddng m\u00eda tinh luy\u1ec7n m\u00e0 kh\u00f4ng ph\u1ea3i thay \u0111\u1ed5i b\u1ea5t k\u00ec c\u00f4ng th\u1ee9c ch\u1ebf bi\u1ebfn, n\u1ea5u n\u01b0\u1edbng n\u00e0o c\u1ea3 r\u1ea5t thu\u1eadn ti\u1ec7n.<\/span><\/p>\n<p><img loading=\"lazy\" decoding=\"async\" class=\"wp-image-33770 aligncenter\" src=\"https:\/\/havamall.com\/wp-content\/uploads\/2025\/09\/Misconceptions-of-Coconut-Sugar_1644233925-300x168.jpg\" alt=\"\" width=\"734\" height=\"411\" \/><\/p>\n<h2><strong>H\u01b0\u1edbng d\u1eabn s\u1eed d\u1ee5ng<\/strong><\/h2>\n<p>&#8211; Th\u00edch h\u1ee3p cho t\u1ea5t c\u1ea3 c\u00e1c c\u00f4ng th\u1ee9c n\u1ea5u \u0103n, l\u00e0m b\u00e1nh, tr\u00e0, c\u00e0 ph\u00ea&#8230;\u0111\u1ec3 thay th\u1ebf \u0111\u01b0\u1eddng tinh luy\u1ec7n.<\/p>\n<p>&#8211; B\u1ea3o qu\u1ea3n n\u01a1i kho\u00e1ng m\u00e1t, t\u1ed1t nh\u1ea5t l\u00e0 b\u1ea3o qu\u1ea3n trong t\u1ee7 l\u1ea1nh, \u0111\u1eady k\u1ef9 sau khi m\u1edf s\u1ea3n ph\u1ea9m.<\/p>\n<p>&#8211; Trong tr\u01b0\u1eddng h\u1ee3p th\u1ea5y \u0111\u01b0\u1eddng d\u00ednh l\u1ea1i v\u1edbi nhau, b\u1ea1n ch\u1ec9 c\u1ea7n ch\u1ea1m nh\u1eb9 v\u00e0 l\u1eafc \u0111\u1ec3 t\u00e1ch r\u1eddi v\u00e0 s\u1eed d\u1ee5ng b\u00ecnh th\u01b0\u1eddng.<\/p>","protected":false},"excerpt":{"rendered":"<p>TH\u00d4NG TIN CHUNG Th\u01b0\u01a1ng hi\u1ec7u Cocugar Xu\u1ea5t x\u1ee9 Th\u00e1i Lan Th\u00e0nh ph\u1ea7n 100% \u0111\u01b0\u1eddng d\u1eeba h\u1eefu c\u01a1 Th\u00e1i Lan, kh\u00f4ng<\/p>","protected":false},"featured_media":33771,"comment_status":"open","ping_status":"closed","template":"","meta":[],"product_brand":[],"product_cat":[256,36],"product_tag":[],"class_list":{"0":"post-33766","1":"product","2":"type-product","3":"status-publish","4":"has-post-thumbnail","6":"product_cat-thuc-pham-huu-co","7":"product_cat-thuc-pham-tieu-dung","9":"first","10":"outofstock","11":"sale","12":"shipping-taxable","13":"purchasable","14":"product-type-variable"},"_links":{"self":[{"href":"https:\/\/havamall.vn\/en\/wp-json\/wp\/v2\/product\/33766"}],"collection":[{"href":"https:\/\/havamall.vn\/en\/wp-json\/wp\/v2\/product"}],"about":[{"href":"https:\/\/havamall.vn\/en\/wp-json\/wp\/v2\/types\/product"}],"replies":[{"embeddable":true,"href":"https:\/\/havamall.vn\/en\/wp-json\/wp\/v2\/comments?post=33766"}],"version-history":[{"count":0,"href":"https:\/\/havamall.vn\/en\/wp-json\/wp\/v2\/product\/33766\/revisions"}],"wp:featuredmedia":[{"embeddable":true,"href":"https:\/\/havamall.vn\/en\/wp-json\/wp\/v2\/media\/33771"}],"wp:attachment":[{"href":"https:\/\/havamall.vn\/en\/wp-json\/wp\/v2\/media?parent=33766"}],"wp:term":[{"taxonomy":"product_brand","embeddable":true,"href":"https:\/\/havamall.vn\/en\/wp-json\/wp\/v2\/product_brand?post=33766"},{"taxonomy":"product_cat","embeddable":true,"href":"https:\/\/havamall.vn\/en\/wp-json\/wp\/v2\/product_cat?post=33766"},{"taxonomy":"product_tag","embeddable":true,"href":"https:\/\/havamall.vn\/en\/wp-json\/wp\/v2\/product_tag?post=33766"}],"curies":[{"name":"wp","href":"https:\/\/api.w.org\/{rel}","templated":true}]}}