{"id":33689,"date":"2024-01-13T14:25:22","date_gmt":"2024-01-13T07:25:22","guid":{"rendered":"https:\/\/havamall.vn\/?post_type=product&#038;p=33689"},"modified":"2024-06-15T15:27:42","modified_gmt":"2024-06-15T08:27:42","slug":"muoi-ngu-vi-sel-de-bac-lieu-180g-seasoning-salt-five-spice","status":"publish","type":"product","link":"https:\/\/havamall.vn\/en\/shop\/muoi-ngu-vi-sel-de-bac-lieu-180g-seasoning-salt-five-spice\/","title":{"rendered":"Mu\u1ed1i Ng\u0169 V\u1ecb Sel De B\u1ea1c Li\u00eau 100g &#8211; Seasoning Salt Five Spice"},"content":{"rendered":"<h2><\/h2>\n<h2><strong>TH\u00d4NG TIN CHUNG<\/strong><\/h2>\n<table>\n<tbody>\n<tr>\n<td>Th\u01b0\u01a1ng hi\u1ec7u<\/td>\n<td>Sel De Bac Lieu<\/td>\n<\/tr>\n<tr>\n<td>Xu\u1ea5t x\u1ee9<\/td>\n<td>Vi\u1ec7t Nam<\/td>\n<\/tr>\n<tr>\n<td>Th\u00e0nh ph\u1ea7n<\/td>\n<td>Mu\u1ed1i tinh, \u1edbt s\u1ea5y kh\u00f4, b\u1ed9t qu\u1ebf \u1ed1ng, ti\u00eau \u0111en Ph\u00fa Qu\u1ed1c, ti\u1ec3u h\u1ed3i h\u01b0\u01a1ng, qu\u1ebf h\u1ed3i<\/td>\n<\/tr>\n<tr>\n<td>H\u1ea1n s\u1eed d\u1ee5ng<\/td>\n<td>12 th\u00e1ng k\u1ec3 t\u1eeb ng\u00e0y s\u1ea3n xu\u1ea5t.<\/td>\n<\/tr>\n<tr>\n<td>B\u1ea3o qu\u1ea3n<\/td>\n<td>N\u01a1i kh\u00f4 r\u00e1o, tho\u00e1ng m\u00e1t, \u0111\u1ea3m b\u1ea3o v\u1ec7 sinh an to\u00e0n th\u1ef1c ph\u1ea9m, tr\u00e1nh \u00e1nh s\u00e1ng m\u1eb7t tr\u1eddi chi\u1ebfu tr\u1ef1c ti\u1ebfp<\/td>\n<\/tr>\n<tr>\n<td>\u00a0Kh\u1ed1i l\u01b0\u1ee3ng<\/td>\n<td>100g<\/td>\n<\/tr>\n<\/tbody>\n<\/table>\n<p>Mu\u1ed1i ng\u0169 v\u1ecb B\u1ea1c Li\u00eau\u00a0gi\u00fap c\u00f4ng vi\u1ec7c n\u1ea5u n\u01b0\u1edbng c\u1ee7a b\u1ea1n l\u00ean m\u1ed9t t\u1ea7m cao m\u1edbi. H\u0169 mu\u1ed1i ng\u0169 v\u1ecb Sea-Salt Flakes B\u1ea1c Li\u00eau 180G mang t\u00ednh bi\u1ec3u t\u01b0\u1ee3ng n\u00e0y s\u1ebd khi\u1ebfn b\u1ea1n v\u00f4 c\u00f9ng h\u00e0i l\u00f2ng khi n\u1ea5u \u0103n v\u00e0 \u0111\u1ea3m b\u1ea3o r\u1eb1ng m\u1ecdi m\u00f3n \u0103n b\u1ea1n l\u00e0m \u0111\u1ec1u mang m\u1ed9t h\u01b0\u01a1ng v\u1ecb, ph\u01b0\u01a1ng ph\u00e1p m\u1edbi m\u00e0 b\u1ea1n s\u1ebd y\u00eau th\u00edch.<img fetchpriority=\"high\" decoding=\"async\" class=\"wp-image-33695 aligncenter\" src=\"https:\/\/havamall.vn\/wp-content\/uploads\/2024\/01\/276302693_520778726342410_7688249786090470231_n-1-300x122.jpeg\" alt=\"\" width=\"732\" height=\"298\" srcset=\"https:\/\/havamall.vn\/wp-content\/uploads\/2024\/01\/276302693_520778726342410_7688249786090470231_n-1-300x122.jpeg 300w, https:\/\/havamall.vn\/wp-content\/uploads\/2024\/01\/276302693_520778726342410_7688249786090470231_n-1-600x245.jpeg 600w, https:\/\/havamall.vn\/wp-content\/uploads\/2024\/01\/276302693_520778726342410_7688249786090470231_n-1-1200x489.jpeg 1200w, https:\/\/havamall.vn\/wp-content\/uploads\/2024\/01\/276302693_520778726342410_7688249786090470231_n-1-768x313.jpeg 768w, https:\/\/havamall.vn\/wp-content\/uploads\/2024\/01\/276302693_520778726342410_7688249786090470231_n-1-1024x417.jpeg 1024w, https:\/\/havamall.vn\/wp-content\/uploads\/2024\/01\/276302693_520778726342410_7688249786090470231_n-1.jpeg 1440w\" sizes=\"(max-width: 732px) 100vw, 732px\" \/><br \/>\nMu\u1ed1i ng\u0169 v\u1ecb B\u1ea1c Li\u00eau\u00a0\u0111\u01b0\u1ee3c c\u00e1c \u0111\u1ea7u b\u1ebfp \u1edf Vi\u1ec7t Nam y\u00eau th\u00edch v\u00ec l\u00e0 lo\u1ea1i mu\u1ed1i bi\u1ec3n t\u1ed1t \u0111\u1ea1t ti\u00eau chu\u1ea9n v\u1ec1 an to\u00e0n v\u1ec7 sinh th\u1ef1c ph\u1ea9m v\u00e0 qu\u1ea3n l\u00fd theo QCVN 9-1: 2011\/BYT \u0111\u1ed1i v\u1edbi mu\u1ed1i I\u1ed1t.<\/p>\n<p><img decoding=\"async\" class=\"wp-image-33690 aligncenter\" src=\"https:\/\/havamall.vn\/wp-content\/uploads\/2024\/01\/348855155_642192560794649_5024281631139119764_n-300x300.jpeg\" alt=\"\" width=\"725\" height=\"725\" srcset=\"https:\/\/havamall.vn\/wp-content\/uploads\/2024\/01\/348855155_642192560794649_5024281631139119764_n-300x300.jpeg 300w, https:\/\/havamall.vn\/wp-content\/uploads\/2024\/01\/348855155_642192560794649_5024281631139119764_n-600x600.jpeg 600w, https:\/\/havamall.vn\/wp-content\/uploads\/2024\/01\/348855155_642192560794649_5024281631139119764_n-1200x1200.jpeg 1200w, https:\/\/havamall.vn\/wp-content\/uploads\/2024\/01\/348855155_642192560794649_5024281631139119764_n-150x150.jpeg 150w, https:\/\/havamall.vn\/wp-content\/uploads\/2024\/01\/348855155_642192560794649_5024281631139119764_n-768x768.jpeg 768w, https:\/\/havamall.vn\/wp-content\/uploads\/2024\/01\/348855155_642192560794649_5024281631139119764_n-1024x1024.jpeg 1024w, https:\/\/havamall.vn\/wp-content\/uploads\/2024\/01\/348855155_642192560794649_5024281631139119764_n-100x100.jpeg 100w, https:\/\/havamall.vn\/wp-content\/uploads\/2024\/01\/348855155_642192560794649_5024281631139119764_n.jpeg 1440w\" sizes=\"(max-width: 725px) 100vw, 725px\" \/><\/p>\n<p>Mu\u1ed1i ng\u0169 v\u1ecb B\u1ea1c Li\u00eau \u0111\u01b0\u1ee3c l\u00e0m b\u1eb1ng ph\u01b0\u01a1ng ph\u00e1p thu ho\u1ea1ch truy\u1ec1n th\u1ed1ng t\u1ea1i B\u1ea1c Li\u00eau k\u1ebft h\u1ee3p v\u1edbi 5 lo\u1ea1i gia v\u1ecb g\u1ed3m \u1edbt s\u1ea5y kh\u00f4, b\u1ed9t qu\u1ebf \u1ed1ng, ti\u00eau \u0111en Ph\u00fa Qu\u1ed1c, ti\u1ec3u h\u1ed3i h\u01b0\u01a1ng, qu\u1ebf h\u1ed3i, \u0111\u1eb7c tr\u01b0ng cho \u0111\u1ed9 t\u01b0\u01a1i v\u00e0 h\u01b0\u01a1ng v\u1ecb s\u1ea1ch tinh khi\u1ebft. Nh\u1eefng h\u1ea1t mu\u1ed1i m\u1ecbn, nhanh ch\u00f3ng h\u00f2a tan d\u1ec5 n\u00eam n\u1ebfm v\u1edbi h\u1ea7u h\u1ebft c\u00e1c m\u00f3n \u0103n l\u00e0 s\u1ea3n ph\u1ea9m kh\u00f4ng th\u1ec3 thi\u1ebfu cho m\u1ed9t cu\u1ed9c s\u1ed1ng kh\u1ecfe m\u1ea1nh.<\/p>\n<h2><img decoding=\"async\" class=\"wp-image-33693 aligncenter\" src=\"https:\/\/havamall.vn\/wp-content\/uploads\/2024\/01\/276997830_521249709628645_8049527833728117703_n-300x300.jpeg\" alt=\"\" width=\"732\" height=\"732\" srcset=\"https:\/\/havamall.vn\/wp-content\/uploads\/2024\/01\/276997830_521249709628645_8049527833728117703_n-300x300.jpeg 300w, https:\/\/havamall.vn\/wp-content\/uploads\/2024\/01\/276997830_521249709628645_8049527833728117703_n-600x600.jpeg 600w, https:\/\/havamall.vn\/wp-content\/uploads\/2024\/01\/276997830_521249709628645_8049527833728117703_n-150x150.jpeg 150w, https:\/\/havamall.vn\/wp-content\/uploads\/2024\/01\/276997830_521249709628645_8049527833728117703_n-768x768.jpeg 768w, https:\/\/havamall.vn\/wp-content\/uploads\/2024\/01\/276997830_521249709628645_8049527833728117703_n-100x100.jpeg 100w, https:\/\/havamall.vn\/wp-content\/uploads\/2024\/01\/276997830_521249709628645_8049527833728117703_n.jpeg 870w\" sizes=\"(max-width: 732px) 100vw, 732px\" \/><\/h2>\n<h2><strong>\u0110\u1eb7c \u0111i\u1ec3m s\u1ea3n ph\u1ea9m<\/strong><\/h2>\n<ul>\n<li>Mu\u1ed1i bi\u1ec3n B\u1ea1c Li\u00eau ch\u1ee9a c\u00e1c kho\u00e1ng ch\u1ea5t, c\u00f9ng h\u01b0\u01a1ng v\u1ecb t\u1ef1 nhi\u00ean thu ho\u1ea1ch ch\u00ednh t\u1eeb ru\u1ed9ng mu\u1ed1i B\u1ea1c Li\u00eau.<\/li>\n<li>T\u0103ng h\u01b0\u01a1ng v\u1ecb c\u1ee7a th\u1ee9c \u0103n m\u1ed9t c\u00e1ch t\u1ef1 nhi\u00ean<\/li>\n<li>L\u00fd t\u01b0\u1edfng \u0111\u1ec3 n\u1ea5u c\u00e1c m\u00f3n \u0103n ho\u1eb7c l\u00e0m gia v\u1ecb<\/li>\n<li>S\u1ea1ch, t\u01b0\u01a1i, kh\u00f4ng c\u00f3 v\u1ecb \u0111\u1eafng<\/li>\n<li>\u0110\u01b0\u1ee3c ch\u1ebf t\u1ea1o kh\u00f4ng c\u00f3 ch\u1ea5t ph\u1ee5 gia.<\/li>\n<li>\u0110\u01b0\u1ee3c s\u1ea3n xu\u1ea5t t\u1ea1i B\u1ea1c Li\u00eau \u0111\u1ea1t ti\u00eau chu\u1ea9n ch\u1ea5t l\u01b0\u1ee3ng theo QCVN 9-1: 2011\/BYT \u0111\u1ed1i v\u1edbi mu\u1ed1i I\u1ed1t.<\/li>\n<\/ul>\n<p><img loading=\"lazy\" decoding=\"async\" class=\"wp-image-33691 aligncenter\" src=\"https:\/\/havamall.vn\/wp-content\/uploads\/2024\/01\/274880449_503565004730449_7529494991075964401_n-300x300.jpeg\" alt=\"\" width=\"736\" height=\"736\" srcset=\"https:\/\/havamall.vn\/wp-content\/uploads\/2024\/01\/274880449_503565004730449_7529494991075964401_n-300x300.jpeg 300w, https:\/\/havamall.vn\/wp-content\/uploads\/2024\/01\/274880449_503565004730449_7529494991075964401_n-600x600.jpeg 600w, https:\/\/havamall.vn\/wp-content\/uploads\/2024\/01\/274880449_503565004730449_7529494991075964401_n-1200x1200.jpeg 1200w, https:\/\/havamall.vn\/wp-content\/uploads\/2024\/01\/274880449_503565004730449_7529494991075964401_n-150x150.jpeg 150w, https:\/\/havamall.vn\/wp-content\/uploads\/2024\/01\/274880449_503565004730449_7529494991075964401_n-768x768.jpeg 768w, https:\/\/havamall.vn\/wp-content\/uploads\/2024\/01\/274880449_503565004730449_7529494991075964401_n-1024x1024.jpeg 1024w, https:\/\/havamall.vn\/wp-content\/uploads\/2024\/01\/274880449_503565004730449_7529494991075964401_n-100x100.jpeg 100w, https:\/\/havamall.vn\/wp-content\/uploads\/2024\/01\/274880449_503565004730449_7529494991075964401_n.jpeg 1440w\" sizes=\"(max-width: 736px) 100vw, 736px\" \/><\/p>","protected":false},"excerpt":{"rendered":"<p>TH\u00d4NG TIN CHUNG Th\u01b0\u01a1ng hi\u1ec7u Sel De Bac Lieu Xu\u1ea5t x\u1ee9 Vi\u1ec7t Nam Th\u00e0nh ph\u1ea7n Mu\u1ed1i tinh, \u1edbt s\u1ea5y kh\u00f4,<\/p>","protected":false},"featured_media":33696,"comment_status":"open","ping_status":"closed","template":"","meta":[],"product_brand":[],"product_cat":[595,36,134],"product_tag":[],"class_list":{"0":"post-33689","1":"product","2":"type-product","3":"status-publish","4":"has-post-thumbnail","6":"product_cat-gia-vi-va-che-bien","7":"product_cat-thuc-pham-tieu-dung","8":"product_cat-thucpham-saykho","10":"first","11":"instock","12":"sale","13":"shipping-taxable","14":"purchasable","15":"product-type-simple"},"_links":{"self":[{"href":"https:\/\/havamall.vn\/en\/wp-json\/wp\/v2\/product\/33689"}],"collection":[{"href":"https:\/\/havamall.vn\/en\/wp-json\/wp\/v2\/product"}],"about":[{"href":"https:\/\/havamall.vn\/en\/wp-json\/wp\/v2\/types\/product"}],"replies":[{"embeddable":true,"href":"https:\/\/havamall.vn\/en\/wp-json\/wp\/v2\/comments?post=33689"}],"version-history":[{"count":0,"href":"https:\/\/havamall.vn\/en\/wp-json\/wp\/v2\/product\/33689\/revisions"}],"wp:featuredmedia":[{"embeddable":true,"href":"https:\/\/havamall.vn\/en\/wp-json\/wp\/v2\/media\/33696"}],"wp:attachment":[{"href":"https:\/\/havamall.vn\/en\/wp-json\/wp\/v2\/media?parent=33689"}],"wp:term":[{"taxonomy":"product_brand","embeddable":true,"href":"https:\/\/havamall.vn\/en\/wp-json\/wp\/v2\/product_brand?post=33689"},{"taxonomy":"product_cat","embeddable":true,"href":"https:\/\/havamall.vn\/en\/wp-json\/wp\/v2\/product_cat?post=33689"},{"taxonomy":"product_tag","embeddable":true,"href":"https:\/\/havamall.vn\/en\/wp-json\/wp\/v2\/product_tag?post=33689"}],"curies":[{"name":"wp","href":"https:\/\/api.w.org\/{rel}","templated":true}]}}