{"id":33682,"date":"2024-01-13T11:32:17","date_gmt":"2024-01-13T04:32:17","guid":{"rendered":"https:\/\/havamall.vn\/?post_type=product&#038;p=33682"},"modified":"2024-01-13T11:41:47","modified_gmt":"2024-01-13T04:41:47","slug":"hoa-kho-say-lanh-trang-tri-mon-an-havafoodies-5g-edible-flowers","status":"publish","type":"product","link":"https:\/\/havamall.vn\/en\/shop\/hoa-kho-say-lanh-trang-tri-mon-an-havafoodies-5g-edible-flowers\/","title":{"rendered":"Hoa Kh\u00f4 S\u1ea5y L\u1ea1nh Trang Tr\u00ed M\u00f3n \u0102n Havafoodies 5g &#8211; Edible Flowers"},"content":{"rendered":"<h2><\/h2>\n<h2><strong>TH\u00d4NG TIN CHUNG<\/strong><\/h2>\n<table>\n<tbody>\n<tr>\n<td>Th\u01b0\u01a1ng hi\u1ec7u<\/td>\n<td>Havafoodies<\/td>\n<\/tr>\n<tr>\n<td>Xu\u1ea5t x\u1ee9<\/td>\n<td>Trung Qu\u1ed1c<\/td>\n<\/tr>\n<tr>\n<td>Th\u00e0nh ph\u1ea7n<\/td>\n<td>Hoa kh\u00f4 s\u1ea5y l\u1ea1nh<\/td>\n<\/tr>\n<tr>\n<td>H\u1ea1n s\u1eed d\u1ee5ng<\/td>\n<td>24 th\u00e1ng k\u1ec3 t\u1eeb ng\u00e0y s\u1ea3n xu\u1ea5t.<\/td>\n<\/tr>\n<tr>\n<td>B\u1ea3o qu\u1ea3n<\/td>\n<td>\u0110\u1ec3 n\u01a1i kh\u00f4 r\u00e1o, tho\u00e1ng m\u00e1t, tr\u00e1nh \u00e1nh n\u1eafng tr\u1ef1c ti\u1ebfp<\/td>\n<\/tr>\n<tr>\n<td>Kh\u1ed1i l\u01b0\u1ee3ng<\/td>\n<td>5g<\/td>\n<\/tr>\n<\/tbody>\n<\/table>\n<p class=\"Normal\">Hoa \u0103n \u0111\u01b0\u1ee3c \u0111ang l\u00e0 xu h\u01b0\u1edbng \u1ea9m th\u1ef1c tuy\u1ec7t v\u1eddi. Trong khi hoa th\u01b0\u1eddng xu\u1ea5t hi\u1ec7n trong nh\u1eefng th\u00e1ng m\u00f9a xu\u00e2n v\u00e0 h\u00e8, nh\u01b0ng \u0111\u1ed9 ph\u1ed5 bi\u1ebfn s\u1ebd kh\u00f4ng d\u1eebng l\u1ea1i khi c\u00e1c nh\u00e0 h\u00e0ng s\u1eed d\u1ee5ng n\u00f3 quanh n\u0103m. Hoa kh\u00f4 r\u1ea5t \u0111\u01b0\u1ee3c \u01b0a chu\u1ed9ng trong trang tr\u00ed b\u00e1nh v\u00e0 s\u1eed d\u1ee5ng trong salad, lo\u00e0i hoa n\u00e0y v\u1edbi nhi\u1ec1u m\u00e0u s\u1eafc s\u1ebd \u0111em \u0111\u1ebfn s\u1ef1 m\u1edbi l\u1ea1 trong c\u00e1c m\u00f3n b\u00e1nh, m\u00f3n \u0103n c\u1ee7a b\u1ea1n \u0111\u00f3.<img fetchpriority=\"high\" decoding=\"async\" class=\"wp-image-33687 aligncenter\" src=\"https:\/\/havamall.vn\/wp-content\/uploads\/2024\/01\/Screen-Shot-2024-01-13-at-11.21.08-AM-300x227.png\" alt=\"\" width=\"661\" height=\"500\" srcset=\"https:\/\/havamall.vn\/wp-content\/uploads\/2024\/01\/Screen-Shot-2024-01-13-at-11.21.08-AM-300x227.png 300w, https:\/\/havamall.vn\/wp-content\/uploads\/2024\/01\/Screen-Shot-2024-01-13-at-11.21.08-AM-600x455.png 600w, https:\/\/havamall.vn\/wp-content\/uploads\/2024\/01\/Screen-Shot-2024-01-13-at-11.21.08-AM-768x582.png 768w, https:\/\/havamall.vn\/wp-content\/uploads\/2024\/01\/Screen-Shot-2024-01-13-at-11.21.08-AM-1024x776.png 1024w, https:\/\/havamall.vn\/wp-content\/uploads\/2024\/01\/Screen-Shot-2024-01-13-at-11.21.08-AM.png 1086w\" sizes=\"(max-width: 661px) 100vw, 661px\" \/><\/p>\n<p class=\"Normal\">Nh\u1eefng c\u00e1nh v\u00e0 n\u1ee5 hoa m\u00e0u s\u1eafc b\u1eaft m\u1eaft l\u00e0 n\u00e9t \u0111i\u1ec3m xuy\u1ebfn tuy\u1ec7t v\u1eddi cho c\u00e1c m\u00f3n b\u00e1nh, c\u0169ng nh\u01b0 tr\u00ean c\u00e1c m\u00f3n salad s\u1eafc m\u00e0u, m\u00f3n \u0103n ph\u1ee5 v\u00e0 m\u00f3n tr\u00e1ng mi\u1ec7ng. Nhi\u1ec1u \u0111\u1ea7u b\u1ebfp c\u0169ng d\u00f9ng c\u00e1c lo\u00e0i hoa n\u00e0y tr\u00ean nh\u1eefng ly cocktail, sinh t\u1ed1 v\u00e0 tr\u00e0.<\/p>\n<p><img decoding=\"async\" class=\"wp-image-33685 aligncenter\" src=\"https:\/\/havamall.vn\/wp-content\/uploads\/2024\/01\/flower-pressed-shortbread-cookies7-1110x791-300x214.jpeg\" alt=\"\" width=\"665\" height=\"475\" srcset=\"https:\/\/havamall.vn\/wp-content\/uploads\/2024\/01\/flower-pressed-shortbread-cookies7-1110x791-300x214.jpeg 300w, https:\/\/havamall.vn\/wp-content\/uploads\/2024\/01\/flower-pressed-shortbread-cookies7-1110x791-600x428.jpeg 600w, https:\/\/havamall.vn\/wp-content\/uploads\/2024\/01\/flower-pressed-shortbread-cookies7-1110x791-768x547.jpeg 768w, https:\/\/havamall.vn\/wp-content\/uploads\/2024\/01\/flower-pressed-shortbread-cookies7-1110x791-1024x730.jpeg 1024w, https:\/\/havamall.vn\/wp-content\/uploads\/2024\/01\/flower-pressed-shortbread-cookies7-1110x791.jpeg 1110w\" sizes=\"(max-width: 665px) 100vw, 665px\" \/><\/p>\n<p>Hoa \u0103n \u0111\u01b0\u1ee3c ch\u1ee9a c\u00e1c ch\u1ea5t dinh d\u01b0\u1ee1ng th\u1ef1c v\u1eadt, flavonoid v\u00e0 ch\u1ea5t ch\u1ed1ng oxy h\u00f3a, t\u1ea5t c\u1ea3 \u0111\u1ec1u c\u00f3 th\u1ec3 gi\u00fap gi\u1ea3m nguy c\u01a1 m\u1eafc m\u1ed9t s\u1ed1 v\u1ea5n \u0111\u1ec1 s\u1ee9c kh\u1ecfe nh\u01b0 ung th\u01b0 v\u00e0 b\u1ec7nh tim.\u00a0H\u1ea7u h\u1ebft c\u00e1c lo\u1ea1i hoa \u0103n \u0111\u01b0\u1ee3c nh\u01b0 hoa h\u1ed3ng v\u00e0 hoa lavenders \u0111\u1ec1u ch\u1ee9a vitamin A, C v\u00e0 E. \u201d\u00a0Ch\u1ea5t ch\u1ed1ng oxy h\u00f3a c\u0169ng b\u1ea3o v\u1ec7 c\u01a1 th\u1ec3 kh\u1ecfi t\u00e1c h\u1ea1i c\u1ee7a c\u00e1c g\u1ed1c t\u1ef1 do, c\u00f3 li\u00ean quan \u0111\u1ebfn b\u1ec7nh t\u1eadt v\u00e0 l\u00e3o h\u00f3a, \u00a0flavon trong hoa l\u00e0 m\u1ed9t \u0111i\u1ec3m c\u1ed9ng l\u1edbn v\u00e0 gi\u00e1 tr\u1ecb nhi\u1ec7t l\u01b0\u1ee3ng th\u1ea5p c\u1ee7a ch\u00fang c\u00f3 th\u1ec3 gi\u00fap gi\u1ea3m c\u00e2n.<\/p>\n<p><img decoding=\"async\" class=\"wp-image-33686 aligncenter\" src=\"https:\/\/havamall.vn\/wp-content\/uploads\/2024\/01\/maxresdefault-300x142.jpeg\" alt=\"\" width=\"669\" height=\"317\" srcset=\"https:\/\/havamall.vn\/wp-content\/uploads\/2024\/01\/maxresdefault-300x142.jpeg 300w, https:\/\/havamall.vn\/wp-content\/uploads\/2024\/01\/maxresdefault-600x283.jpeg 600w, https:\/\/havamall.vn\/wp-content\/uploads\/2024\/01\/maxresdefault-1200x567.jpeg 1200w, https:\/\/havamall.vn\/wp-content\/uploads\/2024\/01\/maxresdefault-768x363.jpeg 768w, https:\/\/havamall.vn\/wp-content\/uploads\/2024\/01\/maxresdefault-1024x483.jpeg 1024w, https:\/\/havamall.vn\/wp-content\/uploads\/2024\/01\/maxresdefault.jpeg 1203w\" sizes=\"(max-width: 669px) 100vw, 669px\" \/><\/p>\n<h2><strong>C\u00f4ng d\u1ee5ng c\u1ee7a hoa s\u1ea5y kh\u00f4<\/strong><\/h2>\n<p>&#8211; Trang tr\u00ed: Hoa c\u00f3 th\u1ec3 s\u1eed d\u1ee5ng \u0111\u1ec3 trang tr\u00ed b\u00e1nh, hoa \u0103n \u0111\u01b0\u1ee3c n\u00ean c\u0169ng c\u00f3 th\u1ec3 l\u00e0m cho c\u00e1c m\u00f3n salad hay g\u1ecfi cu\u1ed1n healthy c\u1ee7a b\u1ea1n tr\u1edf n\u00ean b\u1eaft m\u1eaft h\u01a1n<\/p>\n<p>&#8211; Gi\u1ea3m s\u01b0ng m\u1ee5n, h\u1ed7 tr\u1ee3 \u0111i\u1ec1u ho\u00e0\u00a0l\u01b0\u1ee3ng cholesterol: C\u00e1c lo\u1ea1i hoa nhi\u1ec1u m\u00e0u s\u1eafc n\u00e0y ch\u1ee9 axit salicylic c\u0169ng nh\u01b0 saponin nh\u1ea5t \u0111\u1ecbnh gi\u00fap l\u00e0m m\u00e1t, v\u00e0 c\u00f3 gi\u00e1 tr\u1ecb dinh d\u01b0\u1ee1ng nh\u1ea5t \u0111\u1ecbnh.<\/p>\n<p>&#8211; Gi\u00fap tinh th\u1ea7n t\u1ed1t h\u01a1n:\u00a0D\u00f9 l\u00e0 \u0111em trang tr\u00ed hay \u0111\u1ec3 \u0103n, hoa pansy \u0111\u1ec1u c\u00f3 m\u1ed9t \u00fd ngh\u0129a tinh th\u1ea7n s\u00e2u s\u1eafc. \u0110\u00e2y l\u00e0 lo\u00e0i hoa c\u00f3 kh\u1ea3 n\u0103ng mang l\u1ea1i s\u1ef1 th\u01b0 th\u00e1i cho tinh th\u1ea7n v\u00e0 s\u1ee9c kh\u1ecfe. Hoa pansy c\u00f2n c\u00f3 ngh\u0129a l\u00e0 \u201cheartsease\u201d &#8211; s\u1ef1 th\u01b0 th\u00e1i, t\u0129nh l\u1eb7ng trong t\u00e2m h\u1ed3n.<\/p>\n<p><img loading=\"lazy\" decoding=\"async\" class=\"wp-image-33684 aligncenter\" src=\"https:\/\/havamall.vn\/wp-content\/uploads\/2024\/01\/EdibleFlowersHer86m2byThuyDao12-300x200.jpeg\" alt=\"\" width=\"685\" height=\"456\" srcset=\"https:\/\/havamall.vn\/wp-content\/uploads\/2024\/01\/EdibleFlowersHer86m2byThuyDao12-300x200.jpeg 300w, https:\/\/havamall.vn\/wp-content\/uploads\/2024\/01\/EdibleFlowersHer86m2byThuyDao12-600x400.jpeg 600w, https:\/\/havamall.vn\/wp-content\/uploads\/2024\/01\/EdibleFlowersHer86m2byThuyDao12-768x512.jpeg 768w, https:\/\/havamall.vn\/wp-content\/uploads\/2024\/01\/EdibleFlowersHer86m2byThuyDao12.jpeg 1000w\" sizes=\"(max-width: 685px) 100vw, 685px\" \/><\/p>","protected":false},"excerpt":{"rendered":"<p>TH\u00d4NG TIN CHUNG Th\u01b0\u01a1ng hi\u1ec7u Havafoodies Xu\u1ea5t x\u1ee9 Trung Qu\u1ed1c Th\u00e0nh ph\u1ea7n Hoa kh\u00f4 s\u1ea5y l\u1ea1nh H\u1ea1n s\u1eed d\u1ee5ng 24<\/p>","protected":false},"featured_media":33688,"comment_status":"open","ping_status":"closed","template":"","meta":[],"product_brand":[],"product_cat":[36,134],"product_tag":[],"class_list":{"0":"post-33682","1":"product","2":"type-product","3":"status-publish","4":"has-post-thumbnail","6":"product_cat-thuc-pham-tieu-dung","7":"product_cat-thucpham-saykho","9":"first","10":"instock","11":"sale","12":"shipping-taxable","13":"purchasable","14":"product-type-simple"},"_links":{"self":[{"href":"https:\/\/havamall.vn\/en\/wp-json\/wp\/v2\/product\/33682"}],"collection":[{"href":"https:\/\/havamall.vn\/en\/wp-json\/wp\/v2\/product"}],"about":[{"href":"https:\/\/havamall.vn\/en\/wp-json\/wp\/v2\/types\/product"}],"replies":[{"embeddable":true,"href":"https:\/\/havamall.vn\/en\/wp-json\/wp\/v2\/comments?post=33682"}],"version-history":[{"count":0,"href":"https:\/\/havamall.vn\/en\/wp-json\/wp\/v2\/product\/33682\/revisions"}],"wp:featuredmedia":[{"embeddable":true,"href":"https:\/\/havamall.vn\/en\/wp-json\/wp\/v2\/media\/33688"}],"wp:attachment":[{"href":"https:\/\/havamall.vn\/en\/wp-json\/wp\/v2\/media?parent=33682"}],"wp:term":[{"taxonomy":"product_brand","embeddable":true,"href":"https:\/\/havamall.vn\/en\/wp-json\/wp\/v2\/product_brand?post=33682"},{"taxonomy":"product_cat","embeddable":true,"href":"https:\/\/havamall.vn\/en\/wp-json\/wp\/v2\/product_cat?post=33682"},{"taxonomy":"product_tag","embeddable":true,"href":"https:\/\/havamall.vn\/en\/wp-json\/wp\/v2\/product_tag?post=33682"}],"curies":[{"name":"wp","href":"https:\/\/api.w.org\/{rel}","templated":true}]}}