{"id":33653,"date":"2024-01-12T11:41:40","date_gmt":"2024-01-12T04:41:40","guid":{"rendered":"https:\/\/havamall.vn\/?post_type=product&#038;p=33653"},"modified":"2025-03-20T17:06:34","modified_gmt":"2025-03-20T10:06:34","slug":"xuc-xich-casademont-salchichon-classic-100g","status":"publish","type":"product","link":"https:\/\/havamall.vn\/en\/shop\/xuc-xich-casademont-salchichon-classic-100g\/","title":{"rendered":"X\u00fac X\u00edch T\u00e2y Ban Nha Salchich\u00f3n Classic Casademont 100g"},"content":{"rendered":"<h2><\/h2>\n<h2><strong>TH\u00d4NG TIN CHUNG<\/strong><\/h2>\n<table>\n<tbody>\n<tr>\n<td>Nh\u00e0 s\u1ea3n xu\u1ea5t<\/td>\n<td>Casademont<\/td>\n<\/tr>\n<tr>\n<td>Xu\u1ea5t x\u1ee9<\/td>\n<td>T\u00e2y B\u00e2n Nha<\/td>\n<\/tr>\n<tr>\n<td>Th\u00e0nh ph\u1ea7n<\/td>\n<td>Th\u1ecbt l\u1ee3n n\u1ea1c v\u00e0 m\u1ed9t s\u1ed1 nguy\u00ean li\u1ec7u, gia v\u1ecb kh\u00e1c.<\/td>\n<\/tr>\n<tr>\n<td>Quy c\u00e1ch \u0111\u00f3ng g\u00f3i<\/td>\n<td>\u0110\u01b0\u1ee3c c\u1eaft l\u00e1t v\u1edbi kh\u1ed1i l\u01b0\u1ee3ng 100g<\/td>\n<\/tr>\n<tr>\n<td>B\u1ea3o qu\u1ea3n<\/td>\n<td>\u0110\u1ec3 ng\u0103n m\u00e1t t\u1ee7 l\u1ea1nh<\/td>\n<\/tr>\n<tr>\n<td>H\u01b0\u1edbng d\u1eabn s\u1eed d\u1ee5ng<\/td>\n<td>Th\u01b0\u1edfng th\u1ee9c tr\u1ef1c ti\u1ebfp ho\u1eb7c \u0103n k\u00e8m v\u1edbi salad, c\u01a1m, m\u00ec\u2026<\/td>\n<\/tr>\n<\/tbody>\n<\/table>\n<p>X\u00fac x\u00edch Casademont Salchich\u00f3n Classic 100g l\u00e0 s\u1ea3n ph\u1ea9m n\u1ed5i ti\u1ebfng th\u1ebf gi\u1edbi, v\u1edbi h\u01b0\u01a1ng v\u1ecb th\u01a1m ngon, h\u00e0i ho\u00e0 c\u00e1c gia v\u1ecb, cu\u1ed1n h\u00fat ng\u01b0\u1eddi d\u00f9ng ngay t\u1eeb mi\u1ebfng \u0111\u1ea7u ti\u00ean.<\/p>\n<p><strong>X\u00fac x\u00edch Casademont Salchich\u00f3n Classic 100g<\/strong>\u00a0n\u1ed5i ti\u1ebfng th\u1ebf gi\u1edbi b\u1edfi \u0111\u01b0\u1ee3c s\u1ea3n xu\u1ea5t tr\u00ean d\u00e2y chuy\u1ec1n c\u00f4ng ngh\u1ec7 hi\u1ec7n \u0111\u1ea1i \u0111\u1ea3m b\u1ea3o ch\u1ea5t l\u01b0\u1ee3ng c\u1ee7a T\u00e2y Ban Nha. S\u1ea3n ph\u1ea9m c\u00f3 h\u01b0\u01a1ng v\u1ecb th\u01a1m ngon, h\u00e0i ho\u00e0 c\u00e1c gia v\u1ecb, cu\u1ed1n h\u00fat ng\u01b0\u1eddi d\u00f9ng ngay t\u1eeb mi\u1ebfng \u0111\u1ea7u ti\u00ean.<\/p>\n<p><img fetchpriority=\"high\" decoding=\"async\" class=\"wp-image-33654 aligncenter\" src=\"https:\/\/havamall.vn\/wp-content\/uploads\/2025\/03\/43175590_1234014843404241_1198228289978630144_n-300x200.jpg\" alt=\"\" width=\"704\" height=\"469\" \/><\/p>\n<p><strong>X\u00fac x\u00edch Casademont<\/strong>\u00a0\u0111\u01b0\u1ee3c ch\u1ebf bi\u1ebfn ho\u00e0n to\u00e0n t\u1eeb nguy\u00ean li\u1ec7u th\u1ecbt s\u1ea1ch, kh\u00f4ng c\u00f3 ho\u00e1 ch\u1ea5t b\u1ea3o qu\u1ea3n \u0111\u1ed9c h\u1ea1i, an to\u00e0n tuy\u1ec7t \u0111\u1ed1i cho s\u1ee9c kh\u1ecfe ng\u01b0\u1eddi ti\u00eau d\u00f9ng. B\u1ea1n c\u00f3 th\u1ec3 th\u01b0\u1edfng th\u1ee9c s\u1ea3n ph\u1ea9m n\u00e0y tr\u1ef1c ti\u1ebfp m\u00e0 kh\u00f4ng ph\u1ea3i ch\u1ebf bi\u1ebfn n\u00ean r\u1ea5t th\u00edch h\u1ee3p cho nh\u1eefng ng\u01b0\u1eddi b\u1eadn r\u1ed9n. Ho\u1eb7c \u0103n x\u00fac x\u00edch k\u00e8m v\u1edbi salad, c\u01a1m ho\u1eb7c m\u00ec c\u0169ng r\u1ea5t h\u1ea5p d\u1eabn.<\/p>\n<p><img decoding=\"async\" class=\"wp-image-33655 aligncenter\" src=\"https:\/\/havamall.vn\/wp-content\/uploads\/2025\/03\/115843677_1792380900900963_2690659081347640926_n-300x300.jpg\" alt=\"\" width=\"706\" height=\"706\" \/><\/p>\n<p>Th\u00e0nh ph\u1ea7n c\u1ee7a\u00a0<strong>x\u00fac x\u00edch Casademont Salchich\u00f3n Classic<\/strong>\u00a0\u0111\u01b0\u1ee3c l\u00e0m t\u1eeb th\u1ecbt heo T\u00e2y Ban Nha ch\u1ee9a h\u00e0m l\u01b0\u1ee3ng protein r\u1ea5t h\u1eefu \u00edch cho s\u1ef1 t\u0103ng tr\u01b0\u1edfng v\u00e0 duy tr\u00ec c\u01a1 b\u1eafp cho c\u01a1 th\u1ec3. \u0110\u1ed3ng th\u1eddi, m\u1ee1 c\u1ee7a th\u1ecbt heo T\u00e2y ban nha c\u00f2n ch\u1ee9a Omega 9 r\u1ea5t c\u00f3 l\u1ee3i cho s\u1ee9c kh\u1ecfe, gi\u00fap ki\u1ec3m so\u00e1t \u0111\u01b0\u1eddng huy\u1ebft hi\u1ec7u qu\u1ea3, c\u00e2n b\u1eb1ng \u0111\u01b0\u1ee3c n\u1ed3ng \u0111\u1ed9 cholesterol t\u1ed1t v\u00e0 x\u1ea5u.<\/p>\n<p>Trong th\u1ecbt heo T\u00e2y Ban Nha c\u00f2n c\u00f3 ch\u1ee9a nhi\u1ec1u l\u01b0\u1ee3ng Acid Oleic \u2013 m\u1ed9t ch\u1ea5t b\u00e9o t\u1ed1t cho tim m\u1ea1ch, \u0111i\u1ec1u ho\u00e0 m\u1ea1ch m\u00e1u, \u0111\u1ec1 ph\u00f2ng nh\u1ed3i m\u00e1u c\u01a1 tim v\u00e0 c\u00e1c r\u1ed1i lo\u1ea1n tim m\u1ea1ch. Ngo\u00e0i ra, trong\u00a0<strong>x\u00fac x\u00edch Casademont Salchich\u00f3n Classic 100g<\/strong>\u00a0c\u00f2n ch\u1ee9a c\u00e1c vitamin v\u00e0 kho\u00e1ng ch\u1ea5t nh\u01b0 vitamin B, B12, Selenium, K\u1ebdm, S\u1eaft\u2026<\/p>\n<p><img decoding=\"async\" class=\"wp-image-33657 aligncenter\" src=\"https:\/\/havamall.vn\/wp-content\/uploads\/2025\/03\/42059368_1224394031032989_8724554311759036416_n-300x200.jpg\" alt=\"\" width=\"700\" height=\"466\" \/><\/p>\n<h2>C\u00e1ch b\u1ea3o qu\u1ea3n x\u00fac x\u00edch Casademont<\/h2>\n<p><strong>X\u00fac x\u00edch Casademont Salchich\u00f3n Classic 100g<\/strong>\u00a0l\u00e0 th\u1ef1c ph\u1ea9m v\u00f4 c\u00f9ng b\u1ed5 d\u01b0\u1ee1ng, kh\u00f4ng ch\u1ec9 ngon mi\u1ec7ng m\u00e0 c\u00f2n t\u1ed1t cho s\u1ee9c kh\u1ecfe. V\u00ec th\u1ebf, \u0111\u01b0\u1ee3c nhi\u1ec1u ng\u01b0\u1eddi ti\u00eau d\u00f9ng t\u00ecm mua \u0111\u1ec3 b\u1ed5 sung v\u00e0o b\u1eefa \u0103n cho gia \u0111\u00ecnh. Tuy nhi\u00ean, x\u00fac x\u00edch l\u00e0 s\u1ea3n ph\u1ea9m \u0111\u01b0\u1ee3c l\u00e0m ch\u00edn s\u1eb5n n\u00ean c\u1ea7n \u0111\u01b0\u1ee3c b\u1ea3o qu\u1ea3n trong t\u1ee7 l\u1ea1nh \u0111\u1ec3 x\u00fac x\u00edch gi\u1eef nguy\u00ean h\u01b0\u01a1ng v\u1ecb th\u01a1m ngon v\u1ed1n c\u00f3.<\/p>\n<p>B\u1ea1n n\u00ean b\u1ea3o qu\u1ea3n\u00a0<strong>x\u00fac x\u00edch Casademont<\/strong>\u00a0trong ng\u0103n m\u00e1t t\u1ee7 l\u1ea1nh v\u1edbi nhi\u1ec7t \u0111\u1ed9 t\u1eeb 0 \u0111\u1ebfn 4 \u0111\u1ed9 C. \u0110\u1ed3ng th\u1eddi, c\u1ea7n ch\u00fa \u00fd \u0111\u1ebfn h\u1ea1n s\u1eed d\u1ee5ng in tr\u00ean bao b\u00ec nh\u1eb1m l\u01b0u \u00fd kh\u00f4ng \u0111\u1ec3 x\u00fac x\u00edch b\u1ecb h\u1ecfng. Mu\u1ed1n \u0111\u1ec3 x\u00fac x\u00edch \u0111\u01b0\u1ee3c l\u00e2u h\u01a1n, h\u00e3y b\u1ea3o qu\u1ea3n ch\u00fang trong ng\u0103n \u0111\u00e1 v\u00e0 n\u1ebfu mu\u1ed1n th\u01b0\u1edfng th\u1ee9c c\u1ea7n cho xu\u1ed1ng ng\u0103n m\u00e1t \u0111\u1ec3 r\u00e3 \u0111\u00f4ng.<\/p>\n<p>B\u1ea1n c\u1ea7n l\u01b0u \u00fd r\u1eb1ng, x\u00fac x\u00edch \u0111\u1ec3 qu\u00e1 l\u00e2u trong t\u1ee7 l\u1ea1nh s\u1ebd c\u00f3 hi\u1ec7n t\u01b0\u1ee3ng nh\u1edbt b\u00ean ngo\u00e0i ho\u1eb7c c\u00f3 m\u00f9i chua. N\u1ebfu xu\u1ea5t hi\u1ec7n t\u00ecnh tr\u1ea1ng \u0111\u00f3 th\u00ec b\u1ea1n kh\u00f4ng n\u00ean s\u1eed d\u1ee5ng n\u1eefa. N\u1ebfu \u0111\u00e3 m\u1edf g\u00f3i x\u00fac x\u00edch th\u00ec b\u1ea1n n\u00ean b\u1ea3o qu\u1ea3n ngay \u1edf ng\u0103n \u0111\u00f4ng v\u00e0 s\u1eed d\u1ee5ng h\u1ebft trong v\u00f2ng 2 ng\u00e0y. Ngo\u00e0i ra, b\u1ea3o qu\u1ea3n x\u00fac x\u00edch c\u1ea7n \u0111\u1ec3 trong h\u1ed9p k\u00edn \u0111\u1ec3 tr\u00e1nh kh\u00f4ng b\u1ecb l\u1eabn m\u00f9i th\u1ee9c \u0103n kh\u00e1c b\u00e1m v\u00e0o.<\/p>\n<p><img loading=\"lazy\" decoding=\"async\" class=\"wp-image-33647 aligncenter\" src=\"https:\/\/havamall.vn\/wp-content\/uploads\/2025\/03\/60076895_1388289857976738_3413090775032922112_n-300x200.jpg\" alt=\"\" width=\"707\" height=\"471\" \/><\/p>","protected":false},"excerpt":{"rendered":"<p>TH\u00d4NG TIN CHUNG Nh\u00e0 s\u1ea3n xu\u1ea5t Casademont Xu\u1ea5t x\u1ee9 T\u00e2y B\u00e2n Nha Th\u00e0nh ph\u1ea7n Th\u1ecbt l\u1ee3n n\u1ea1c v\u00e0 m\u1ed9t s\u1ed1<\/p>","protected":false},"featured_media":33658,"comment_status":"open","ping_status":"closed","template":"","meta":[],"product_brand":[],"product_cat":[683,275,36],"product_tag":[],"class_list":{"0":"post-33653","1":"product","2":"type-product","3":"status-publish","4":"has-post-thumbnail","6":"product_cat-nhap-khau-tay-ban-nha","7":"product_cat-thuc-pham-dong-lanh","8":"product_cat-thuc-pham-tieu-dung","10":"first","11":"instock","12":"sale","13":"shipping-taxable","14":"purchasable","15":"product-type-simple"},"_links":{"self":[{"href":"https:\/\/havamall.vn\/en\/wp-json\/wp\/v2\/product\/33653"}],"collection":[{"href":"https:\/\/havamall.vn\/en\/wp-json\/wp\/v2\/product"}],"about":[{"href":"https:\/\/havamall.vn\/en\/wp-json\/wp\/v2\/types\/product"}],"replies":[{"embeddable":true,"href":"https:\/\/havamall.vn\/en\/wp-json\/wp\/v2\/comments?post=33653"}],"version-history":[{"count":0,"href":"https:\/\/havamall.vn\/en\/wp-json\/wp\/v2\/product\/33653\/revisions"}],"wp:featuredmedia":[{"embeddable":true,"href":"https:\/\/havamall.vn\/en\/wp-json\/wp\/v2\/media\/33658"}],"wp:attachment":[{"href":"https:\/\/havamall.vn\/en\/wp-json\/wp\/v2\/media?parent=33653"}],"wp:term":[{"taxonomy":"product_brand","embeddable":true,"href":"https:\/\/havamall.vn\/en\/wp-json\/wp\/v2\/product_brand?post=33653"},{"taxonomy":"product_cat","embeddable":true,"href":"https:\/\/havamall.vn\/en\/wp-json\/wp\/v2\/product_cat?post=33653"},{"taxonomy":"product_tag","embeddable":true,"href":"https:\/\/havamall.vn\/en\/wp-json\/wp\/v2\/product_tag?post=33653"}],"curies":[{"name":"wp","href":"https:\/\/api.w.org\/{rel}","templated":true}]}}