{"id":33635,"date":"2024-01-12T10:56:09","date_gmt":"2024-01-12T03:56:09","guid":{"rendered":"https:\/\/havamall.vn\/?post_type=product&#038;p=33635"},"modified":"2025-03-20T17:06:50","modified_gmt":"2025-03-20T10:06:50","slug":"xuc-xich-salchichon-chorizo-duo-casademont-100g","status":"publish","type":"product","link":"https:\/\/havamall.vn\/en\/shop\/xuc-xich-salchichon-chorizo-duo-casademont-100g\/","title":{"rendered":"X\u00fac X\u00edch T\u00e2y Ban Nha Salchich\u00f3n Chorizo Duo Casademont 100g"},"content":{"rendered":"<h2><\/h2>\n<h2><strong>TH\u00d4NG TIN CHUNG<\/strong><\/h2>\n<table>\n<tbody>\n<tr>\n<td>Nh\u00e0 s\u1ea3n xu\u1ea5t<\/td>\n<td>Casademont<\/td>\n<\/tr>\n<tr>\n<td>Xu\u1ea5t x\u1ee9<\/td>\n<td>T\u00e2y B\u00e2n Nha<\/td>\n<\/tr>\n<tr>\n<td>Th\u00e0nh ph\u1ea7n<\/td>\n<td>Th\u1ecbt l\u1ee3n \u0111en Iberia c\u1eaft nh\u1ecf \u0111\u00e3 l\u00e0m kh\u00f4 v\u00e0 gia v\u1ecb<\/td>\n<\/tr>\n<tr>\n<td>Quy c\u00e1ch \u0111\u00f3ng g\u00f3i<\/td>\n<td>\u0110\u01b0\u1ee3c c\u1eaft l\u00e1t v\u1edbi kh\u1ed1i l\u01b0\u1ee3ng 100g<\/td>\n<\/tr>\n<tr>\n<td>B\u1ea3o qu\u1ea3n<\/td>\n<td>\u0110\u1ec3 ng\u0103n m\u00e1t t\u1ee7 l\u1ea1nh<\/td>\n<\/tr>\n<tr>\n<td>H\u01b0\u1edbng d\u1eabn s\u1eed d\u1ee5ng<\/td>\n<td>D\u00f9ng x\u00fac x\u00edch tr\u1ef1c ti\u1ebfp v\u1edbi v\u1edbi ph\u00f4 mai v\u00e0 r\u01b0\u1ee3u vang<\/td>\n<\/tr>\n<\/tbody>\n<\/table>\n<p><img fetchpriority=\"high\" decoding=\"async\" class=\"wp-image-33642 aligncenter\" src=\"https:\/\/havamall.vn\/wp-content\/uploads\/2025\/03\/Salami_Thuc-Pham-Plaza-1-300x300.jpg\" alt=\"\" width=\"708\" height=\"708\" \/><\/p>\n<p>X\u00fac x\u00edch Casademont Salchich\u00f3n Chorizo Duo 100g l\u00e0 m\u1ed9t nh\u1eefng lo\u1ea1i x\u1ee9c x\u00edch n\u1ed5i ti\u1ebfng \u1edf T\u00e2y Ban Nha, n\u00f3 c\u0169ng th\u01b0\u1eddng \u0111\u01b0\u1ee3c d\u00f9ng nh\u01b0 m\u00f3n khai v\u1ecb ho\u1eb7c l\u00e0 m\u00f3n \u0103n b\u1eefa ti\u1ec7c r\u01b0\u1ee3u nh\u1eb9.<\/p>\n<p>X\u00fac x\u00edch Casademont Salchich\u00f3n Chorizo Duo 100g\u00a0l\u00e0 m\u1ed9t x\u00fac x\u00edch truy\u1ec1n th\u1ed1ng c\u1ee7a T\u00e2y Ban Nha. S\u1ef1 \u0111a d\u1ea1ng n\u00e0y \u0111\u01b0\u1ee3c l\u00e0m t\u1eeb nh\u1eefng mi\u1ebfng th\u1ecbt ch\u1ea5t l\u01b0\u1ee3ng t\u1eeb l\u1ee3n cho \u0103n th\u1ee9c \u0103n gia s\u00fac, t\u1ea9m gia v\u1ecb v\u1edbi mu\u1ed1i bi\u1ec3n, h\u1ea1t ti\u00eau \u0111en, nh\u1ee5c \u0111\u1eadu kh\u1ea5u v\u00e0 r\u01b0\u1ee3u tr\u1eafng. Nh\u1ed3i v\u00e0o v\u1ecf b\u1ecdc t\u1ef1 nhi\u00ean v\u00e0 \u0111\u1ec3 t\u1eeb t\u1eeb tr\u01b0\u1edfng th\u00e0nh trong h\u1ea7m trong kho\u1ea3ng th\u1eddi gian t\u1eeb 4 \u0111\u1ebfn 5 th\u00e1ng.<\/p>\n<p>Tu\u1ef3 v\u00e0o nh\u01b0 c\u1ea7u m\u00e0 nh\u00e0 s\u1ea3n xu\u1ea5t s\u1ebd cung c\u1ea5p \u0111\u00f3ng g\u00f3i h\u00fat ch\u00e2n kh\u00f4ng m\u1ed9t n\u1eeda ho\u1eb7c to\u00e0n b\u1ed9 (b\u00e1n bu\u00f4n trong h\u1ed9p 7 ho\u1eb7c 10 Kg.). C\u0169ng c\u00f3 s\u1eb5n c\u1eaft s\u1eb5n trong g\u00f3i 100 gram b\u1ea1n c\u00f3 th\u1ec3 \u0103n li\u1ec1n.<\/p>\n<h2><img decoding=\"async\" class=\"wp-image-33639 aligncenter\" src=\"https:\/\/havamall.vn\/wp-content\/uploads\/2025\/03\/414675682_392570243288785_3328059895222103102_n-300x248.jpg\" alt=\"\" width=\"711\" height=\"588\" \/><\/h2>\n<h2><strong>Gi\u1edbi thi\u1ec7u X\u00fac x\u00edch Casademont Salchich\u00f3n Chorizo Duo 100g<\/strong><\/h2>\n<p>\u0110\u1ec3 c\u00f3 th\u1ec3 l\u00e0m ra \u0111\u01b0\u1ee3c ph\u1ea7n x\u00fac x\u00edch Casademont Salchich\u00f3n Chorizo Duo 100g ch\u1ea5t l\u01b0\u1ee3ng th\u00ec nh\u00e0 s\u1ea3n xu\u1ea5t ph\u1ea3i ch\u1ecdn \u0111\u01b0\u1ee3c con l\u1ee3n \u0111en t\u1ed1t nh\u1ea5t v\u00e0 ph\u1ea7n th\u1ecbt ngon c\u1ee7a l\u1ee3n \u0111\u1ec3 th\u00e0nh.<\/p>\n<p>Sau khi l\u1ea5y \u0111\u01b0\u1ee3c nh\u1eefng ph\u1ea7n th\u1ecbt c\u1ee7a l\u1ee3n \u0111\u00e8n th\u00ec th\u1ecbt s\u1ebd \u0111\u01b0\u1ee3c xoay nhuy\u1ec5n v\u00e0 tr\u1ed9n v\u1edbi gia v\u1ecb: h\u1ea1t ti\u00eau, rau kinh gi\u1edbi, t\u1ecfi, nh\u1ee5c \u0111\u1eadu kh\u1ea5u v\u00e0 mu\u1ed1i. \u0110i\u1ec3m kh\u00e1c bi\u1ec7t gi\u1eefa chorizo \u200b\u200bv\u00e0 Salchich\u00f3n, ch\u00ednh l\u00e0 ph\u1ea7n th\u1ecbt c\u1ee7a Salchich\u00f3n \u0111\u01b0\u1ee3c b\u0103m nhuy\u1ec5n h\u01a1n v\u00e0 n\u00f3 s\u1eed ti\u00eau ch\u1ee9 kh\u00f4ng ph\u1ea3i \u1edbt nh\u01b0 chorizo.<\/p>\n<p>Do \u0111\u00f3 \u0111i\u1ec3m s\u00e1ng trong\u00a0<strong>x\u00fac x\u00edch Casademont Salchich\u00f3n Chorizo Duo 100g<\/strong>\u00a0ch\u00ednh l\u00e0 ti\u00eau. Khi\u1ebfn cho m\u00f3n \u0103n th\u01a1m v\u00e0 ngon h\u01a1n, v\u00ec ko v\u1ecb cay c\u1ee7a \u1edbt n\u00ean tr\u1ebb con r\u1ea5t th\u00edch lo\u1ea1i x\u00fac x\u00edch \u1ee7 n\u00e0y.<\/p>\n<p>Sau khi tr\u1ed9n nh\u00e2n xong th\u00ec ng\u01b0\u1eddi ta s\u1ebd nh\u00e9t ph\u1ea7n th\u1ecbt n\u00e0y v\u00e0o trong ru\u1ed9t, s\u1ebd \u0111\u01b0\u1ee3c ph\u01a1i kh\u00f4 trong kh\u00f4ng kh\u00ed kho\u1ea3ng 4 th\u00e1ng. \u0110\u1ec3 c\u00f3 th\u1ec3 t\u1ea1o n\u00ean h\u01b0\u01a1ng v\u1ecb \u0111\u1eb7c tr\u01b0ng cho m\u00f3n x\u00fac x\u00edch.<\/p>\n<p><img decoding=\"async\" class=\"wp-image-33638 aligncenter\" src=\"https:\/\/havamall.vn\/wp-content\/uploads\/2025\/03\/335930273_522779630035349_1420976222568448110_n-300x300.jpg\" alt=\"\" width=\"718\" height=\"718\" \/><\/p>\n<h2><strong>\u0110\u1eb7c \u0111i\u1ec3m nh\u1eadn d\u1ea1ng c\u1ee7a Salchich\u00f3n<\/strong><\/h2>\n<p>M\u1ed9t trong nh\u1eefng \u0111\u1eb7c \u0111i\u1ec3m \u0111\u1eb7c tr\u01b0ng nh\u1ea5t c\u1ee7a salchich\u00f3n l\u00e0 m\u00e0u \u0111\u1ecf \u0111\u1eadm v\u00e0 r\u1ef1c r\u1ee1 . Ngo\u00e0i ra, v\u1ebft c\u1eaft \u0111\u1ed3ng nh\u1ea5t, m\u1ecbn v\u00e0 m\u00e0u s\u1eafc \u0111\u01b0\u1ee3c li\u00ean k\u1ebft t\u1ed1t, kh\u00f4ng c\u00f3 b\u1ea5t k\u1ef3 s\u1ef1 \u0111\u1ed5i m\u00e0u k\u1ef3 l\u1ea1 n\u00e0o. B\u1eb1ng m\u1eaft th\u01b0\u1eddng, b\u1ea1n ho\u00e0n to\u00e0n c\u00f3 th\u1ec3 ph\u00e2n bi\u1ec7t \u0111\u01b0\u1ee3c \u0111\u00e2u l\u00e0 mi\u1ebfng th\u1ecbt, mi\u1ebfng m\u1ee1 nh\u1ecf v\u00e0 h\u1ea1t ti\u00eau (tr\u01b0\u1eddng h\u1ee3p kh\u00f4ng \u0111\u01b0\u1ee3c xay).<\/p>\n<p>B\u00ean trong m\u00e0u \u0111\u1ecf c\u1ee7a\u00a0<strong>x\u00fac x\u00edch Casademont Salchich\u00f3n Chorizo Duo 100g<\/strong>\u00a0t\u01b0\u01a1ng ph\u1ea3n v\u1edbi b\u00ean ngo\u00e0i c\u00f3 m\u00e0u tr\u1eafng, \u0111\u01b0\u1ee3c h\u00ecnh th\u00e0nh t\u1eeb m\u1ed9t h\u1ec7 th\u1ef1c v\u1eadt m\u00e0u tr\u1eafng nh\u1ea1t \u0111\u01b0\u1ee3c t\u1ea1o ra trong qu\u00e1 tr\u00ecnh l\u00e0m kh\u00f4.<\/p>\n<p><img loading=\"lazy\" decoding=\"async\" class=\"wp-image-33636 aligncenter\" src=\"https:\/\/havamall.vn\/wp-content\/uploads\/2025\/03\/295093303_169432968909275_3026332187677213309_n-300x300.jpg\" alt=\"\" width=\"727\" height=\"727\" \/><br \/>\nSalchich\u00f3n c\u00f3 m\u1ed9t k\u1ebft c\u1ea5u ch\u1eafc ch\u1eafn v\u00e0 nh\u1ecf g\u1ecdn; N\u00f3 c\u0169ng c\u00f3 m\u1ed9t h\u01b0\u01a1ng v\u1ecb tinh t\u1ebf v\u00e0 ng\u1ecdt ng\u00e0o t\u01b0\u01a1ng ph\u1ea3n v\u1edbi c\u00e1c gia v\u1ecb cay, t\u1ea1o ra h\u01b0\u01a1ng th\u01a1m v\u00e0 h\u01b0\u01a1ng v\u1ecb r\u1ea5t \u0111\u1eb7c tr\u01b0ng.<\/p>\n<p>N\u1ebfu nh\u01b0 b\u1ea1n mu\u1ed1n th\u01b0\u1edfng th\u1ee9c \u0111\u01b0\u1ee3c x<strong>\u00fac x\u00edch Casademont Salchich\u00f3n Chorizo Duo 100g<\/strong>\u00a0ch\u00ednh h\u00e3ng m\u00e0 kh\u00f4ng bi\u1ebft mua t\u1ea1i \u0111\u00e2u th\u00ec b\u1ea1n h\u00e3y \u0111\u1ebfn v\u1edbi https:\/\/artisanfinefood.com n\u01a1i chuy\u00ean cung c\u1ea5p c\u00e1c s\u1ea3n ph\u1ea9m nh\u1eadp kh\u1ea9u ch\u1ea5t l\u01b0\u1ee3ng.<\/p>\n<p><img loading=\"lazy\" decoding=\"async\" class=\"wp-image-33637 aligncenter\" src=\"https:\/\/havamall.vn\/wp-content\/uploads\/2025\/03\/299957739_175949268257645_5570197613141685252_n-300x225.jpg\" alt=\"\" width=\"742\" height=\"556\" \/><\/p>","protected":false},"excerpt":{"rendered":"<p>TH\u00d4NG TIN CHUNG Nh\u00e0 s\u1ea3n xu\u1ea5t Casademont Xu\u1ea5t x\u1ee9 T\u00e2y B\u00e2n Nha Th\u00e0nh ph\u1ea7n Th\u1ecbt l\u1ee3n \u0111en Iberia c\u1eaft nh\u1ecf<\/p>","protected":false},"featured_media":33641,"comment_status":"open","ping_status":"closed","template":"","meta":[],"product_brand":[],"product_cat":[683,275,36],"product_tag":[],"class_list":{"0":"post-33635","1":"product","2":"type-product","3":"status-publish","4":"has-post-thumbnail","6":"product_cat-nhap-khau-tay-ban-nha","7":"product_cat-thuc-pham-dong-lanh","8":"product_cat-thuc-pham-tieu-dung","10":"first","11":"instock","12":"sale","13":"shipping-taxable","14":"purchasable","15":"product-type-simple"},"_links":{"self":[{"href":"https:\/\/havamall.vn\/en\/wp-json\/wp\/v2\/product\/33635"}],"collection":[{"href":"https:\/\/havamall.vn\/en\/wp-json\/wp\/v2\/product"}],"about":[{"href":"https:\/\/havamall.vn\/en\/wp-json\/wp\/v2\/types\/product"}],"replies":[{"embeddable":true,"href":"https:\/\/havamall.vn\/en\/wp-json\/wp\/v2\/comments?post=33635"}],"version-history":[{"count":0,"href":"https:\/\/havamall.vn\/en\/wp-json\/wp\/v2\/product\/33635\/revisions"}],"wp:featuredmedia":[{"embeddable":true,"href":"https:\/\/havamall.vn\/en\/wp-json\/wp\/v2\/media\/33641"}],"wp:attachment":[{"href":"https:\/\/havamall.vn\/en\/wp-json\/wp\/v2\/media?parent=33635"}],"wp:term":[{"taxonomy":"product_brand","embeddable":true,"href":"https:\/\/havamall.vn\/en\/wp-json\/wp\/v2\/product_brand?post=33635"},{"taxonomy":"product_cat","embeddable":true,"href":"https:\/\/havamall.vn\/en\/wp-json\/wp\/v2\/product_cat?post=33635"},{"taxonomy":"product_tag","embeddable":true,"href":"https:\/\/havamall.vn\/en\/wp-json\/wp\/v2\/product_tag?post=33635"}],"curies":[{"name":"wp","href":"https:\/\/api.w.org\/{rel}","templated":true}]}}