{"id":33629,"date":"2024-01-11T17:27:09","date_gmt":"2024-01-11T10:27:09","guid":{"rendered":"https:\/\/havamall.vn\/?post_type=product&#038;p=33629"},"modified":"2024-01-12T09:18:26","modified_gmt":"2024-01-12T02:18:26","slug":"dung-cu-cat-banh-kem-12-tang-tien-dung-cho-nha-bep","status":"publish","type":"product","link":"https:\/\/havamall.vn\/en\/shop\/dung-cu-cat-banh-kem-12-tang-tien-dung-cho-nha-bep\/","title":{"rendered":"D\u1ee5ng C\u1ee5 C\u1eaft B\u00e1nh Kem 1,2 T\u1ea7ng Ti\u1ec7n D\u1ee5ng Cho Nh\u00e0 B\u1ebfp"},"content":{"rendered":"<p>B\u00ean c\u1ea1nh nguy\u00ean li\u1ec7u th\u00ec c\u00e1c d\u1ee5ng c\u1ee5 l\u00e0m b\u00e1nh l\u00e0 y\u1ebfu t\u1ed1 kh\u00f4ng th\u1ec3 thi\u1ebfu \u0111\u1ec3 t\u1ea1o n\u00ean nh\u1eefng m\u1ebb b\u00e1nh th\u00e0nh c\u00f4ng. C\u00f3 r\u1ea5t nhi\u1ec1u d\u1ee5ng c\u1ee5 kh\u00e1c nhau v\u1edbi nhi\u1ec1u c\u00f4ng d\u1ee5ng, k\u00edch th\u01b0\u1edbc v\u00e0 t\u00ednh n\u0103ng ri\u00eang bi\u1ec7t. Nh\u01b0ng ch\u00fang \u0111\u1ec1u c\u00f3 chung m\u1ed9t \u0111\u00edch \u0111\u1ebfn, \u0111\u00f3 l\u00e0 mang l\u1ea1i s\u1ef1 ho\u00e0n h\u1ea3o cho b\u00e1nh v\u00e0 h\u1ed7 tr\u1ee3 ng\u01b0\u1eddi l\u00e0m b\u00e1nh t\u1ed1i \u0111a nh\u1ea5t.<\/p>\n<p>Ri\u00eang v\u1edbi c\u00e1c d\u1ee5ng c\u1ee5 l\u00e0m b\u00e1nh, ng\u01b0\u1eddi ta kh\u00f4ng th\u1ec3 b\u1ecf qua nh\u1eefng v\u1eadt c\u1eaft v\u00e0 v\u00e9t b\u1ed9t ph\u1ed5 bi\u1ebfn. \u0110\u1ed1i v\u1edbi nh\u1eefng th\u1ee3 l\u00e0m b\u00e1nh t\u1ea1i gia th\u00ec c\u00e1c d\u1ee5ng c\u1ee5 n\u00e0y kh\u00f4ng qu\u00e1 \u0111a d\u1ea1ng. Nh\u01b0ng t\u1ea1i c\u00e1c ti\u1ec7m b\u00e1nh, l\u00f2 b\u00e1nh th\u00ec vi\u1ec7c c\u1eaft, v\u00e9t b\u1ed9t ch\u1eafc ch\u1eafn kh\u00f4ng th\u1ec3 thi\u1ebfu.<\/p>\n<p><img fetchpriority=\"high\" decoding=\"async\" class=\"wp-image-33630 aligncenter\" src=\"https:\/\/havamall.vn\/wp-content\/uploads\/2024\/01\/8af7b0c8e8ee1d0fc823f0f1bc998601-300x300.jpeg\" alt=\"\" width=\"657\" height=\"657\" srcset=\"https:\/\/havamall.vn\/wp-content\/uploads\/2024\/01\/8af7b0c8e8ee1d0fc823f0f1bc998601-300x300.jpeg 300w, https:\/\/havamall.vn\/wp-content\/uploads\/2024\/01\/8af7b0c8e8ee1d0fc823f0f1bc998601-600x600.jpeg 600w, https:\/\/havamall.vn\/wp-content\/uploads\/2024\/01\/8af7b0c8e8ee1d0fc823f0f1bc998601-150x150.jpeg 150w, https:\/\/havamall.vn\/wp-content\/uploads\/2024\/01\/8af7b0c8e8ee1d0fc823f0f1bc998601-768x768.jpeg 768w, https:\/\/havamall.vn\/wp-content\/uploads\/2024\/01\/8af7b0c8e8ee1d0fc823f0f1bc998601-100x100.jpeg 100w, https:\/\/havamall.vn\/wp-content\/uploads\/2024\/01\/8af7b0c8e8ee1d0fc823f0f1bc998601.jpeg 1024w\" sizes=\"(max-width: 657px) 100vw, 657px\" \/><\/p>\n<div id=\"we-advert1841\" class=\"we-advert\">\n<div class=\"owl-carousel owl-theme slider-custom-carousel owl-loaded owl-drag\">\n<div class=\"owl-stage-outer\">\n<div class=\"owl-stage\">\n<div class=\"owl-item\">\n<div class=\"we-advert-item\">\n<div class=\"we-advert-item-ctn\">\n<div class=\"we-advert-item-head\"><\/div>\n<\/div>\n<\/div>\n<\/div>\n<\/div>\n<\/div>\n<\/div>\n<\/div>\n<p>Trong ng\u00e0nh b\u00e1nh, d\u1ee5ng c\u1ee5 chia t\u1ea7ng b\u00e1nh ph\u1ed5 bi\u1ebfn nh\u1ea5t l\u00e0 nh\u1eefng lo\u1ea1i dao chuy\u00ean d\u1ee5ng. Tuy nhi\u00ean, n\u1ebfu b\u1ea1n bi\u1ebft \u0111\u1ebfn Cake slicer th\u00ec \u0111\u00e2y ch\u00ednh l\u00e0 d\u1ee5ng c\u1ee5 chia t\u1ea7ng b\u00e1nh hi\u1ec7u qu\u1ea3 nh\u1ea5t. N\u00f3 c\u00f3 c\u00f4ng d\u1ee5ng c\u1eaft c\u00e1c kh\u1ed1i b\u00e1nh th\u00e0nh t\u1eebng ph\u1ea7n. Nh\u1eefng ng\u01b0\u1eddi th\u1ee3 l\u00e0m b\u00e1nh kem l\u00e0 ng\u01b0\u1eddi d\u00f9ng d\u1ee5ng c\u1ee5 n\u00e0y nhi\u1ec1u nh\u1ea5t. C\u00e1c kh\u1ed1i b\u00e1nh sau khi \u0111\u01b0\u1ee3c c\u1eaft \u0111\u1ec1u v\u1edbi nhau, c\u00f3 th\u1ec3 \u0111\u1ea3m b\u1ea3o t\u00ednh th\u1ea9m m\u1ef9, kh\u00f3 v\u1ee1 v\u00e0 tha h\u1ed3 tr\u00e9t th\u00eam kem ho\u1eb7c m\u1ee9t l\u00ean b\u1ec1 m\u1eb7t.<\/p>\n<p><img decoding=\"async\" class=\"wp-image-33631 aligncenter\" src=\"https:\/\/havamall.vn\/wp-content\/uploads\/2024\/01\/79d2df60d8518fc99cf396d8c3526cb5-300x300.jpeg\" alt=\"\" width=\"665\" height=\"665\" srcset=\"https:\/\/havamall.vn\/wp-content\/uploads\/2024\/01\/79d2df60d8518fc99cf396d8c3526cb5-300x300.jpeg 300w, https:\/\/havamall.vn\/wp-content\/uploads\/2024\/01\/79d2df60d8518fc99cf396d8c3526cb5-600x600.jpeg 600w, https:\/\/havamall.vn\/wp-content\/uploads\/2024\/01\/79d2df60d8518fc99cf396d8c3526cb5-150x150.jpeg 150w, https:\/\/havamall.vn\/wp-content\/uploads\/2024\/01\/79d2df60d8518fc99cf396d8c3526cb5-768x768.jpeg 768w, https:\/\/havamall.vn\/wp-content\/uploads\/2024\/01\/79d2df60d8518fc99cf396d8c3526cb5-1024x1024.jpeg 1024w, https:\/\/havamall.vn\/wp-content\/uploads\/2024\/01\/79d2df60d8518fc99cf396d8c3526cb5.jpeg 1200w, https:\/\/havamall.vn\/wp-content\/uploads\/2024\/01\/79d2df60d8518fc99cf396d8c3526cb5-100x100.jpeg 100w\" sizes=\"(max-width: 665px) 100vw, 665px\" \/><\/p>\n<p>Trong ng\u00e0nh b\u00e1nh, d\u1ee5ng c\u1ee5 chia t\u1ea7ng b\u00e1nh ph\u1ed5 bi\u1ebfn nh\u1ea5t l\u00e0 nh\u1eefng lo\u1ea1i dao chuy\u00ean d\u1ee5ng. Tuy nhi\u00ean, n\u1ebfu b\u1ea1n bi\u1ebft \u0111\u1ebfn Cake slicer th\u00ec \u0111\u00e2y ch\u00ednh l\u00e0 d\u1ee5ng c\u1ee5 chia t\u1ea7ng b\u00e1nh hi\u1ec7u qu\u1ea3 nh\u1ea5t. N\u00f3 c\u00f3 c\u00f4ng d\u1ee5ng c\u1eaft c\u00e1c kh\u1ed1i b\u00e1nh th\u00e0nh t\u1eebng ph\u1ea7n. Nh\u1eefng ng\u01b0\u1eddi th\u1ee3 l\u00e0m b\u00e1nh kem l\u00e0 ng\u01b0\u1eddi d\u00f9ng d\u1ee5ng c\u1ee5 n\u00e0y nhi\u1ec1u nh\u1ea5t. C\u00e1c kh\u1ed1i b\u00e1nh sau khi \u0111\u01b0\u1ee3c c\u1eaft \u0111\u1ec1u v\u1edbi nhau, c\u00f3 th\u1ec3 \u0111\u1ea3m b\u1ea3o t\u00ednh th\u1ea9m m\u1ef9, kh\u00f3 v\u1ee1 v\u00e0 tha h\u1ed3 tr\u00e9t th\u00eam kem ho\u1eb7c m\u1ee9t l\u00ean b\u1ec1 m\u1eb7t.<\/p>\n<p><img decoding=\"async\" class=\"wp-image-33632 aligncenter\" src=\"https:\/\/havamall.vn\/wp-content\/uploads\/2024\/01\/75c50781133141e179eb64042e4a23a5-300x300.jpeg\" alt=\"\" width=\"686\" height=\"686\" srcset=\"https:\/\/havamall.vn\/wp-content\/uploads\/2024\/01\/75c50781133141e179eb64042e4a23a5-300x300.jpeg 300w, https:\/\/havamall.vn\/wp-content\/uploads\/2024\/01\/75c50781133141e179eb64042e4a23a5-600x600.jpeg 600w, https:\/\/havamall.vn\/wp-content\/uploads\/2024\/01\/75c50781133141e179eb64042e4a23a5-150x150.jpeg 150w, https:\/\/havamall.vn\/wp-content\/uploads\/2024\/01\/75c50781133141e179eb64042e4a23a5-100x100.jpeg 100w, https:\/\/havamall.vn\/wp-content\/uploads\/2024\/01\/75c50781133141e179eb64042e4a23a5.jpeg 750w\" sizes=\"(max-width: 686px) 100vw, 686px\" \/><\/p>\n<h2><strong>\u0110\u1eb6C \u0110I\u1ec2M N\u1ed4I B\u1eacT C\u1ee6A S\u1ea2N PH\u1ea8M<\/strong><\/h2>\n<p>&#8211; Ch\u1ea5t li\u1ec7u ch\u1eafc ch\u1eafn: M\u00e1y san b\u00e1nh n\u00e0y \u0111\u01b0\u1ee3c l\u00e0m t\u1eeb ch\u1ea5t li\u1ec7u cao c\u1ea5p, c\u00f3 \u0111\u1ed9 b\u1ec1n cao cho th\u1eddi gian s\u1eed d\u1ee5ng l\u00e2u d\u00e0i. Thao t\u00e1c \u0111\u01a1n gi\u1ea3n: D\u1ee5ng c\u1ee5 san b\u00e1nh c\u00f3 c\u1ea5u t\u1ea1o \u0111\u01a1n gi\u1ea3n, ti\u1ec7n d\u1ee5ng v\u00e0 ti\u1ec7n l\u1ee3i.<\/p>\n<p>&#8211; C\u1eaft \u0111\u01b0\u1eddng ch\u00ednh x\u00e1c: D\u1ee5ng c\u1ee5 san ph\u1eb3ng b\u00e1nh ng\u1ecdt \u0111i k\u00e8m v\u1edbi vi\u1ec7c c\u1eaft \u0111\u01b0\u1eddng, gi\u00fap vi\u1ec7c c\u1eaft l\u00e1t tr\u1edf n\u00ean hi\u1ec7u qu\u1ea3 v\u00e0 \u0111\u1ed3ng \u0111\u1ec1u.<\/p>\n<p>&#8211; C\u1ea5u tr\u00fac c\u00f3 th\u1ec3 \u0111i\u1ec1u ch\u1ec9nh: M\u00e1y x\u1ebfp l\u1edbp b\u00e1nh n\u00e0y \u0111\u01b0\u1ee3c thi\u1ebft k\u1ebf v\u1edbi ch\u1ee9c n\u0103ng \u0111i\u1ec1u ch\u1ec9nh, thu\u1eadn ti\u1ec7n v\u00e0 hi\u1ec7u qu\u1ea3.<\/p>\n<p>&#8211; S\u1eed d\u1ee5ng r\u1ed9ng r\u00e3i: L\u00e0 m\u1ed9t c\u00f4ng c\u1ee5 l\u00e0m b\u00e1nh thi\u1ebft th\u1ef1c, m\u00e1y t\u1ea1o l\u1edbp b\u00e1nh n\u00e0y th\u00edch h\u1ee3p \u0111\u1ec3 s\u1eed d\u1ee5ng trong ti\u1ec7m b\u00e1nh v\u00e0 gia \u0111\u00ecnh.<\/p>","protected":false},"excerpt":{"rendered":"<p>B\u00ean c\u1ea1nh nguy\u00ean li\u1ec7u th\u00ec c\u00e1c d\u1ee5ng c\u1ee5 l\u00e0m b\u00e1nh l\u00e0 y\u1ebfu t\u1ed1 kh\u00f4ng th\u1ec3 thi\u1ebfu \u0111\u1ec3 t\u1ea1o n\u00ean nh\u1eefng<\/p>","protected":false},"featured_media":33633,"comment_status":"open","ping_status":"closed","template":"","meta":[],"product_brand":[],"product_cat":[393,35],"product_tag":[],"class_list":{"0":"post-33629","1":"product","2":"type-product","3":"status-publish","4":"has-post-thumbnail","6":"product_cat-bep-phong-an","7":"product_cat-nha-cua-doi-song","9":"first","10":"instock","11":"sale","12":"shipping-taxable","13":"purchasable","14":"product-type-simple"},"_links":{"self":[{"href":"https:\/\/havamall.vn\/en\/wp-json\/wp\/v2\/product\/33629"}],"collection":[{"href":"https:\/\/havamall.vn\/en\/wp-json\/wp\/v2\/product"}],"about":[{"href":"https:\/\/havamall.vn\/en\/wp-json\/wp\/v2\/types\/product"}],"replies":[{"embeddable":true,"href":"https:\/\/havamall.vn\/en\/wp-json\/wp\/v2\/comments?post=33629"}],"version-history":[{"count":0,"href":"https:\/\/havamall.vn\/en\/wp-json\/wp\/v2\/product\/33629\/revisions"}],"wp:featuredmedia":[{"embeddable":true,"href":"https:\/\/havamall.vn\/en\/wp-json\/wp\/v2\/media\/33633"}],"wp:attachment":[{"href":"https:\/\/havamall.vn\/en\/wp-json\/wp\/v2\/media?parent=33629"}],"wp:term":[{"taxonomy":"product_brand","embeddable":true,"href":"https:\/\/havamall.vn\/en\/wp-json\/wp\/v2\/product_brand?post=33629"},{"taxonomy":"product_cat","embeddable":true,"href":"https:\/\/havamall.vn\/en\/wp-json\/wp\/v2\/product_cat?post=33629"},{"taxonomy":"product_tag","embeddable":true,"href":"https:\/\/havamall.vn\/en\/wp-json\/wp\/v2\/product_tag?post=33629"}],"curies":[{"name":"wp","href":"https:\/\/api.w.org\/{rel}","templated":true}]}}