{"id":33592,"date":"2024-01-05T15:18:05","date_gmt":"2024-01-05T08:18:05","guid":{"rendered":"https:\/\/havamall.vn\/?post_type=product&#038;p=33592"},"modified":"2024-01-05T15:19:54","modified_gmt":"2024-01-05T08:19:54","slug":"set-qua-tet-vegan-box-cao-cap-havafoodies-phu-hop-voi-nguoi-an-thuan-chay","status":"publish","type":"product","link":"https:\/\/havamall.vn\/en\/shop\/set-qua-tet-vegan-box-cao-cap-havafoodies-phu-hop-voi-nguoi-an-thuan-chay\/","title":{"rendered":"Set Qu\u00e0 T\u1ebft Vegan Box Cao C\u1ea5p Havafoodies Ph\u00f9 H\u1ee3p V\u1edbi Ng\u01b0\u1eddi \u0102n Thu\u1ea7n Chay"},"content":{"rendered":"<p>\u00dd ngh\u0129a tr\u1ecdn v\u1eb9n c\u1ee7a h\u1ed9p qu\u00e0 t\u1ebft l\u00e0 l\u1eddi tri \u00e2n c\u00e1c c\u1ed9ng s\u1ef1 \u0111\u00e3 lu\u00f4n \u0111\u1ed3ng h\u00e0nh v\u01b0\u1ee3t qua kh\u00f3 kh\u0103n, l\u00e0 d\u1ecbp \u0111\u1ec3 trao nh\u1eefng m\u00f3n qu\u00e0 tr\u1ecdn \u0111\u1ea7y \u00fd ngh\u0129a. Set qu\u00e0 t\u1ebft ch\u00ednh l\u00e0 m\u00f3n qu\u00e0 k\u1ebft n\u1ed1i gi\u1eefa doanh nghi\u1ec7p v\u1edbi \u0111\u1ed1i t\u00e1c, kh\u00e1ch h\u00e0ng, c\u00e1c c\u1ed9ng s\u1ef1 \u0111\u00e3 \u0111\u1ed3ng h\u00e0nh c\u00f9ng c\u00f4ng ty trong nh\u1eefng n\u0103m qua.<\/p>\n<p><img fetchpriority=\"high\" decoding=\"async\" class=\"wp-image-33585 aligncenter\" src=\"https:\/\/havamall.vn\/wp-content\/uploads\/2024\/01\/Havafoodies-Proposal-Tet-2022-01-1200x675-300x169.png\" alt=\"\" width=\"872\" height=\"491\" srcset=\"https:\/\/havamall.vn\/wp-content\/uploads\/2024\/01\/Havafoodies-Proposal-Tet-2022-01-1200x675-300x169.png 300w, https:\/\/havamall.vn\/wp-content\/uploads\/2024\/01\/Havafoodies-Proposal-Tet-2022-01-1200x675-600x338.png 600w, https:\/\/havamall.vn\/wp-content\/uploads\/2024\/01\/Havafoodies-Proposal-Tet-2022-01-1200x675-768x432.png 768w, https:\/\/havamall.vn\/wp-content\/uploads\/2024\/01\/Havafoodies-Proposal-Tet-2022-01-1200x675-1024x576.png 1024w, https:\/\/havamall.vn\/wp-content\/uploads\/2024\/01\/Havafoodies-Proposal-Tet-2022-01-1200x675.png 1200w\" sizes=\"(max-width: 872px) 100vw, 872px\" \/>\u00a0B\u1ed9 qu\u00e0 t\u1eb7ng t\u1ebft l\u00e0 m\u1ed9t m\u00f3n qu\u00e0 \u00fd ngh\u0129a v\u00e0 \u0111\u00e1ng y\u00eau \u0111\u01b0\u1ee3c t\u1eb7ng trong d\u1ecbp T\u1ebft Nguy\u00ean \u0110\u00e1n. Kh\u00e1i ni\u1ec7m n\u00e0y bao g\u1ed3m m\u1ed9t lo\u1ea1t c\u00e1c s\u1ea3n ph\u1ea9m ho\u1eb7c m\u00f3n qu\u00e0 \u0111\u01b0\u1ee3c s\u1eafp x\u1ebfp c\u1ea9n th\u1eadn th\u00e0nh m\u1ed9t b\u1ed9 qu\u00e0 t\u1eb7ng th\u1ec3 hi\u1ec7n l\u00f2ng tri \u00e2n v\u00e0 l\u1eddi ch\u00fac t\u1ed1t \u0111\u1eb9p \u0111\u1ed1i v\u1edbi ng\u01b0\u1eddi nh\u1eadn. B\u1ed9 qu\u00e0 t\u1eb7ng t\u1ebft kh\u00f4ng ch\u1ec9 \u0111\u01a1n thu\u1ea7n l\u00e0 m\u1ed9t m\u00f3n qu\u00e0 m\u00e0 c\u00f2n mang theo nh\u1eefng th\u00f4ng \u0111i\u1ec7p \u1ea9n ch\u1ee9a v\u1ec1 t\u00ecnh c\u1ea3m v\u00e0 hy v\u1ecdng cho n\u0103m m\u1edbi.<\/p>\n<p>B\u1ed9 qu\u00e0 t\u1eb7ng t\u1ebft \u0111\u01b0\u1ee3c xem l\u00e0 m\u1ed9t l\u1ef1a ch\u1ecdn t\u1ed1t trong m\u00f9a T\u1ebft b\u1edfi n\u00f3 th\u1ec3 hi\u1ec7n t\u00ecnh c\u1ea3m v\u00e0 l\u1eddi ch\u00fac t\u1ed1t \u0111\u1eb9p. Thay v\u00ec ch\u1ec9 \u0111\u01a1n gi\u1ea3n t\u1eb7ng m\u1ed9t m\u00f3n qu\u00e0 \u0111\u01a1n l\u1ebb, b\u1ed9 qu\u00e0 t\u1eb7ng t\u1ebft cho ph\u00e9p ng\u01b0\u1eddi t\u1eb7ng t\u1ed5 ch\u1ee9c c\u00e1c s\u1ea3n ph\u1ea9m th\u00e0nh m\u1ed9t g\u00f3i qu\u00e0 h\u1ea5p d\u1eabn, bi\u1ec3u t\u01b0\u1ee3ng c\u1ee7a s\u1ef1 chu to\u00e0n v\u00e0 ch\u0103m s\u00f3c.<\/p>\n<p><img decoding=\"async\" class=\"wp-image-33586 aligncenter\" src=\"https:\/\/havamall.vn\/wp-content\/uploads\/2024\/01\/Havafoodies-Proposal-Tet-2022-07-1200x675-300x169.png\" alt=\"\" width=\"870\" height=\"490\" srcset=\"https:\/\/havamall.vn\/wp-content\/uploads\/2024\/01\/Havafoodies-Proposal-Tet-2022-07-1200x675-300x169.png 300w, https:\/\/havamall.vn\/wp-content\/uploads\/2024\/01\/Havafoodies-Proposal-Tet-2022-07-1200x675-600x338.png 600w, https:\/\/havamall.vn\/wp-content\/uploads\/2024\/01\/Havafoodies-Proposal-Tet-2022-07-1200x675-768x432.png 768w, https:\/\/havamall.vn\/wp-content\/uploads\/2024\/01\/Havafoodies-Proposal-Tet-2022-07-1200x675-1024x576.png 1024w, https:\/\/havamall.vn\/wp-content\/uploads\/2024\/01\/Havafoodies-Proposal-Tet-2022-07-1200x675.png 1200w\" sizes=\"(max-width: 870px) 100vw, 870px\" \/><\/p>\n<p>S\u1ea3n ph\u1ea9m qu\u00e0 T\u1ebft shop HAVAMALL\u00a0To\u00e0n b\u1ed9 h\u00e0ng h\u00f3a \u0111\u1ec1u l\u00e0 h\u00e0ng nh\u1eadp kh\u1ea9u nguy\u00ean \u0111ai nguy\u00ean ki\u1ec7n khi\u1ebfn ng\u01b0\u1eddi nh\u1eadn c\u1ea3m th\u1ea5y v\u00f4 c\u00f9ng \u1ea5n t\u01b0\u1ee3ng. H\u1ed9p qu\u00e0 c\u00f3 m\u00e0u s\u1eafc, ki\u1ec3u d\u00e1ng r\u1ea5t nh\u00e3 nh\u1eb7n, \u0111a d\u1ea1ng v\u00e0 \u0111\u1ed9c \u0111\u00e1o. N\u00f3i kh\u00f4ng v\u1edbi h\u00e0ng gi\u1ea3, h\u00e0ng k\u00e9m ch\u1ea5t l\u01b0\u1ee3ng. T\u1ea5t c\u1ea3 \u0111\u1ec1u \u0111\u01b0\u1ee3c ki\u1ec3m \u0111\u1ecbnh ch\u1eb7t ch\u1ebd, 100% s\u1ea3n ph\u1ea9m ch\u00ednh han<\/p>\n<p>V\u00f4 c\u00f9ng ti\u1ec7n l\u1ee3i khi b\u1ea1n c\u00f3 th\u1ec3 ho\u00e0n to\u00e0n y\u00ean t\u00e2m d\u00f9 \u0111\u00f3ng g\u00f3i s\u1eb5n nh\u01b0ng c\u00e1c s\u1ea3n ph\u1ea9m trong gi\u1ecf qu\u00e0 v\u1eabn \u0111\u1ea1t ch\u1ea5t l\u01b0\u1ee3ng cao, \u0111\u1ea3m b\u1ea3o t\u00ednh \u0111\u1eb3ng c\u1ea5p, sang tr\u1ecdng.<\/p>\n<p><img decoding=\"async\" class=\"wp-image-33584 aligncenter\" src=\"https:\/\/havamall.vn\/wp-content\/uploads\/2024\/01\/850e54b2-f2b5-4b44-adde-ad6ca13e67b1-199x300.jpeg\" alt=\"\" width=\"869\" height=\"1310\" srcset=\"https:\/\/havamall.vn\/wp-content\/uploads\/2024\/01\/850e54b2-f2b5-4b44-adde-ad6ca13e67b1-199x300.jpeg 199w, https:\/\/havamall.vn\/wp-content\/uploads\/2024\/01\/850e54b2-f2b5-4b44-adde-ad6ca13e67b1-600x905.jpeg 600w, https:\/\/havamall.vn\/wp-content\/uploads\/2024\/01\/850e54b2-f2b5-4b44-adde-ad6ca13e67b1-1200x1809.jpeg 1200w, https:\/\/havamall.vn\/wp-content\/uploads\/2024\/01\/850e54b2-f2b5-4b44-adde-ad6ca13e67b1-768x1158.jpeg 768w, https:\/\/havamall.vn\/wp-content\/uploads\/2024\/01\/850e54b2-f2b5-4b44-adde-ad6ca13e67b1-679x1024.jpeg 679w, https:\/\/havamall.vn\/wp-content\/uploads\/2024\/01\/850e54b2-f2b5-4b44-adde-ad6ca13e67b1.jpeg 1698w\" sizes=\"(max-width: 869px) 100vw, 869px\" \/><\/p>\n<p><span class=\"text\">Set qu\u00e0 t\u1eb7ng cao c\u1ea5p, mang h\u01b0\u01a1ng v\u1ecb \u0111\u1ed9c \u0111\u00e1o nh\u1eadp kh\u1ea9u thu\u1ea7n chay \u0111a d\u1ea1ng s\u1ef1 l\u1ef1a ch\u1ecdn v\u1edbi ph\u00f4 mai th\u1ef1c v\u1eadt, d\u1ea7u m\u00f9 t\u1ea1c, siro l\u00e1 phong, th\u1ecbt \u0111\u1ea1m th\u1ef1c v\u1eadt, tr\u1ee9ng c\u00e1 caviar chay&#8230; Mang l\u1ea1i tr\u1ea3i nghi\u1ec7m \u1ea9m th\u1ef1c ch\u00e2u \u00c2u m\u1ed9t c\u00e1ch tr\u1ecdn v\u1eb9n, kh\u00f3 qu\u00ean d\u00e0nh cho c\u00e1c b\u1eefa ti\u1ec7c ch\u00fac m\u1eebng n\u0103m m\u1edbi. \ufe0f<\/span><\/p>\n<p>Theo nhi\u1ec1u nghi\u00ean c\u1ee9u v\u1ec1 dinh d\u01b0\u1ee1ng, \u0103n chay c\u00f3 nhi\u1ec1u l\u1ee3i \u00edch t\u1ed1t cho s\u1ee9c kh\u1ecfe. B\u1edfi vi\u1ec7c \u0103n chay cung c\u1ea5p cho c\u01a1 th\u1ec3 m\u1ed9t l\u01b0\u1ee3ng l\u1edbn ch\u1ea5t x\u01a1, s\u1eaft v\u00e0 nhi\u1ec1u ch\u1ea5t dinh d\u01b0\u1ee1ng kh\u00e1c.<\/p>\n<p>\u0102n chay v\u00e0o d\u1ecbp t\u1ebft truy\u1ec1n th\u1ed1ng c\u0169ng l\u00e0 m\u1ed9t c\u00e1ch \u0103n v\u1eeba c\u00f3 l\u1ee3i cho s\u1ee9c kh\u1ecfe v\u1eeba c\u00f3 gi\u00e1 tr\u1ecb tinh th\u1ea7n \u0111\u1eb7c bi\u1ec7t. Vi\u1ec7c t\u1eb7ng qu\u00e0 t\u1ebft cho ng\u01b0\u1eddi \u0103n chay c\u1ea7n r\u1ea5t nhi\u1ec1u s\u1ef1 tinh t\u1ebf b\u1edfi v\u00ec ph\u1ea3i tu\u00e2n th\u1ee7 theo nguy\u00ean t\u1eafc chay t\u1ecbnh.\u00a0<span class=\"text\">Set Vegan Box s\u1ebd l\u00e0 m\u00f3n qu\u00e0 v\u00f4 c\u00f9ng \u0111\u1eb7c bi\u1ec7t \u0111\u1ec3 bi\u1ebfu t\u1eb7ng ng\u01b0\u1eddi th\u00e2n, b\u1ea1n b\u00e8, \u0111\u1ed1i t\u00e1c hay kh\u00e1ch h\u00e0ng.<\/span><img loading=\"lazy\" decoding=\"async\" class=\"wp-image-33594 aligncenter\" src=\"https:\/\/havamall.vn\/wp-content\/uploads\/2024\/01\/5d6b4d15-0552-407d-ad36-a6a1ba0532b2-300x292.jpeg\" alt=\"\" width=\"875\" height=\"851\" srcset=\"https:\/\/havamall.vn\/wp-content\/uploads\/2024\/01\/5d6b4d15-0552-407d-ad36-a6a1ba0532b2-300x292.jpeg 300w, https:\/\/havamall.vn\/wp-content\/uploads\/2024\/01\/5d6b4d15-0552-407d-ad36-a6a1ba0532b2-600x584.jpeg 600w, https:\/\/havamall.vn\/wp-content\/uploads\/2024\/01\/5d6b4d15-0552-407d-ad36-a6a1ba0532b2-1200x1167.jpeg 1200w, https:\/\/havamall.vn\/wp-content\/uploads\/2024\/01\/5d6b4d15-0552-407d-ad36-a6a1ba0532b2-768x747.jpeg 768w, https:\/\/havamall.vn\/wp-content\/uploads\/2024\/01\/5d6b4d15-0552-407d-ad36-a6a1ba0532b2-1024x996.jpeg 1024w, https:\/\/havamall.vn\/wp-content\/uploads\/2024\/01\/5d6b4d15-0552-407d-ad36-a6a1ba0532b2.jpeg 1840w\" sizes=\"(max-width: 875px) 100vw, 875px\" \/><\/p>\n<div id=\"toc_container\" class=\"no_bullets\">\n<ul class=\"toc_list\">\n<li style=\"list-style-type: none\"><\/li>\n<\/ul>\n<\/div>\n<h2><strong><span class=\"text\">Set Vegan Box nh\u00e0 Havamall bao g\u1ed3m:<\/span><\/strong><\/h2>\n<p>1. <a href=\"https:\/\/havamall.vn\/shop\/ba-chi-ba-roi-chay-everbest-500g-malaysia-vegetarian-layer-meat-everbest-500g-nhap-khau-malaysia\/\">Ba Ch\u1ec9 \u2013 Ba r\u1ecdi chay Everbest 500g Malaysia<\/a><\/p>\n<p>2. <a href=\"https:\/\/havamall.vn\/shop\/dau-hu-kho-an-do-nutrela-hop-220g-soya-chunks\/\">\u0110\u1eadu H\u1ee7 Kh\u00f4 \u1ea4n \u0110\u1ed9 Nutrela H\u1ed9p 220g \u2013 Soya Chunks (\u0102n Chay \u0110\u01b0\u1ee3c)<\/a><\/p>\n<p>3. <a href=\"https:\/\/havamall.vn\/shop\/dau-mu-tat-fortune-kachi-ghani-chai-thuy-tinh-200ml-mustard-oil\/\">D\u1ea7u M\u00f9 T\u1ea1t Fortune Kachi Ghani Chai Nh\u1ef1a 200ml<\/a><\/p>\n<p>4. <a href=\"https:\/\/havamall.vn\/shop\/pho-mai-thuc-vat-phu-hop-voi-nguoi-an-thuan-chay-hop-150g-cheese-product-with-vegetable-oil\/\">Ph\u00f4 Mai Th\u1ef1c V\u1eadt Ph\u00f9 H\u1ee3p V\u1edbi Ng\u01b0\u1eddi \u0102n Thu\u1ea7n Chay H\u1ed9p 150g<\/a><\/p>\n<p>5. <a href=\"https:\/\/havamall.vn\/shop\/trung-ca-tam-chay-nhap-khau-nga-100g-%d0%b8%d0%bc%d0%b8%d1%82%d0%b8%d1%80%d0%be%d0%b2%d0%b0%d0%bd%d0%bd%d0%b0%d1%8f-%d1%87%d0%b5%d1%80%d0%bd%d0%b0%d1%8f-%d0%b8%d0%ba%d1%80%d0%b0-vegan\/\">Tr\u1ee9ng C\u00e1 T\u1ea7m Chay Nh\u1eadp Kh\u1ea9u Nga 100g<\/a><\/p>\n<p>6. <a href=\"https:\/\/havamall.vn\/shop\/siro-cay-la-phong-canada-macdonalds-chai-90ml-maple-syrup\/\">Siro C\u00e2y L\u00e1 Phong Canada Macdonald\u2019s Chai Thu\u1ef7 Tinh 125ml<\/a><\/p>\n<p>7. <a href=\"https:\/\/havamall.vn\/shop\/thit-burger-thuan-chay-dong-lanh-unconventional-vegan-180g\/\">Th\u1ecbt Burger Thu\u1ea7n Chay \u0110\u00f4ng L\u1ea1nh Unconventional Vegan 180g<\/a><\/p>\n<p><img loading=\"lazy\" decoding=\"async\" class=\"wp-image-33596 aligncenter\" src=\"https:\/\/havamall.vn\/wp-content\/uploads\/2024\/01\/855b09f8-d10b-47e1-985d-d6b1e1d0eb0a-300x183.jpeg\" alt=\"\" width=\"652\" height=\"398\" srcset=\"https:\/\/havamall.vn\/wp-content\/uploads\/2024\/01\/855b09f8-d10b-47e1-985d-d6b1e1d0eb0a-300x183.jpeg 300w, https:\/\/havamall.vn\/wp-content\/uploads\/2024\/01\/855b09f8-d10b-47e1-985d-d6b1e1d0eb0a-600x366.jpeg 600w, https:\/\/havamall.vn\/wp-content\/uploads\/2024\/01\/855b09f8-d10b-47e1-985d-d6b1e1d0eb0a-1200x732.jpeg 1200w, https:\/\/havamall.vn\/wp-content\/uploads\/2024\/01\/855b09f8-d10b-47e1-985d-d6b1e1d0eb0a-768x468.jpeg 768w, https:\/\/havamall.vn\/wp-content\/uploads\/2024\/01\/855b09f8-d10b-47e1-985d-d6b1e1d0eb0a-1024x624.jpeg 1024w, https:\/\/havamall.vn\/wp-content\/uploads\/2024\/01\/855b09f8-d10b-47e1-985d-d6b1e1d0eb0a.jpeg 1988w\" sizes=\"(max-width: 652px) 100vw, 652px\" \/><\/p>","protected":false},"excerpt":{"rendered":"<p>\u00dd ngh\u0129a tr\u1ecdn v\u1eb9n c\u1ee7a h\u1ed9p qu\u00e0 t\u1ebft l\u00e0 l\u1eddi tri \u00e2n c\u00e1c c\u1ed9ng s\u1ef1 \u0111\u00e3 lu\u00f4n \u0111\u1ed3ng h\u00e0nh v\u01b0\u1ee3t<\/p>","protected":false},"featured_media":33593,"comment_status":"open","ping_status":"closed","template":"","meta":[],"product_brand":[],"product_cat":[409,40,36],"product_tag":[],"class_list":{"0":"post-33592","1":"product","2":"type-product","3":"status-publish","4":"has-post-thumbnail","6":"product_cat-hop-qua-set-qua","7":"product_cat-sieuthi-giasi","8":"product_cat-thuc-pham-tieu-dung","10":"first","11":"instock","12":"sale","13":"shipping-taxable","14":"purchasable","15":"product-type-simple"},"_links":{"self":[{"href":"https:\/\/havamall.vn\/en\/wp-json\/wp\/v2\/product\/33592"}],"collection":[{"href":"https:\/\/havamall.vn\/en\/wp-json\/wp\/v2\/product"}],"about":[{"href":"https:\/\/havamall.vn\/en\/wp-json\/wp\/v2\/types\/product"}],"replies":[{"embeddable":true,"href":"https:\/\/havamall.vn\/en\/wp-json\/wp\/v2\/comments?post=33592"}],"version-history":[{"count":0,"href":"https:\/\/havamall.vn\/en\/wp-json\/wp\/v2\/product\/33592\/revisions"}],"wp:featuredmedia":[{"embeddable":true,"href":"https:\/\/havamall.vn\/en\/wp-json\/wp\/v2\/media\/33593"}],"wp:attachment":[{"href":"https:\/\/havamall.vn\/en\/wp-json\/wp\/v2\/media?parent=33592"}],"wp:term":[{"taxonomy":"product_brand","embeddable":true,"href":"https:\/\/havamall.vn\/en\/wp-json\/wp\/v2\/product_brand?post=33592"},{"taxonomy":"product_cat","embeddable":true,"href":"https:\/\/havamall.vn\/en\/wp-json\/wp\/v2\/product_cat?post=33592"},{"taxonomy":"product_tag","embeddable":true,"href":"https:\/\/havamall.vn\/en\/wp-json\/wp\/v2\/product_tag?post=33592"}],"curies":[{"name":"wp","href":"https:\/\/api.w.org\/{rel}","templated":true}]}}