{"id":33588,"date":"2024-01-05T14:53:31","date_gmt":"2024-01-05T07:53:31","guid":{"rendered":"https:\/\/havamall.vn\/?post_type=product&#038;p=33588"},"modified":"2024-01-05T14:53:32","modified_gmt":"2024-01-05T07:53:32","slug":"set-qua-tet-cold-cut-thuong-hang-havafoodies","status":"publish","type":"product","link":"https:\/\/havamall.vn\/en\/shop\/set-qua-tet-cold-cut-thuong-hang-havafoodies\/","title":{"rendered":"Set Qu\u00e0 T\u1ebft &#8220;Cold Cut&#8221; Th\u01b0\u1ee3ng H\u1ea1ng Havafoodies"},"content":{"rendered":"<p>\u00dd ngh\u0129a tr\u1ecdn v\u1eb9n c\u1ee7a h\u1ed9p qu\u00e0 t\u1ebft l\u00e0 l\u1eddi tri \u00e2n c\u00e1c c\u1ed9ng s\u1ef1 \u0111\u00e3 lu\u00f4n \u0111\u1ed3ng h\u00e0nh v\u01b0\u1ee3t qua kh\u00f3 kh\u0103n, l\u00e0 d\u1ecbp \u0111\u1ec3 trao nh\u1eefng m\u00f3n qu\u00e0 tr\u1ecdn \u0111\u1ea7y \u00fd ngh\u0129a. Set qu\u00e0 t\u1ebft ch\u00ednh l\u00e0 m\u00f3n qu\u00e0 k\u1ebft n\u1ed1i gi\u1eefa doanh nghi\u1ec7p v\u1edbi \u0111\u1ed1i t\u00e1c, kh\u00e1ch h\u00e0ng, c\u00e1c c\u1ed9ng s\u1ef1 \u0111\u00e3 \u0111\u1ed3ng h\u00e0nh c\u00f9ng c\u00f4ng ty trong nh\u1eefng n\u0103m qua.<\/p>\n<p><img fetchpriority=\"high\" decoding=\"async\" class=\"wp-image-33585 aligncenter\" src=\"https:\/\/havamall.vn\/wp-content\/uploads\/2024\/01\/Havafoodies-Proposal-Tet-2022-01-1200x675-300x169.png\" alt=\"\" width=\"872\" height=\"491\" srcset=\"https:\/\/havamall.vn\/wp-content\/uploads\/2024\/01\/Havafoodies-Proposal-Tet-2022-01-1200x675-300x169.png 300w, https:\/\/havamall.vn\/wp-content\/uploads\/2024\/01\/Havafoodies-Proposal-Tet-2022-01-1200x675-600x338.png 600w, https:\/\/havamall.vn\/wp-content\/uploads\/2024\/01\/Havafoodies-Proposal-Tet-2022-01-1200x675-768x432.png 768w, https:\/\/havamall.vn\/wp-content\/uploads\/2024\/01\/Havafoodies-Proposal-Tet-2022-01-1200x675-1024x576.png 1024w, https:\/\/havamall.vn\/wp-content\/uploads\/2024\/01\/Havafoodies-Proposal-Tet-2022-01-1200x675.png 1200w\" sizes=\"(max-width: 872px) 100vw, 872px\" \/>\u00a0B\u1ed9 qu\u00e0 t\u1eb7ng t\u1ebft l\u00e0 m\u1ed9t m\u00f3n qu\u00e0 \u00fd ngh\u0129a v\u00e0 \u0111\u00e1ng y\u00eau \u0111\u01b0\u1ee3c t\u1eb7ng trong d\u1ecbp T\u1ebft Nguy\u00ean \u0110\u00e1n. Kh\u00e1i ni\u1ec7m n\u00e0y bao g\u1ed3m m\u1ed9t lo\u1ea1t c\u00e1c s\u1ea3n ph\u1ea9m ho\u1eb7c m\u00f3n qu\u00e0 \u0111\u01b0\u1ee3c s\u1eafp x\u1ebfp c\u1ea9n th\u1eadn th\u00e0nh m\u1ed9t b\u1ed9 qu\u00e0 t\u1eb7ng th\u1ec3 hi\u1ec7n l\u00f2ng tri \u00e2n v\u00e0 l\u1eddi ch\u00fac t\u1ed1t \u0111\u1eb9p \u0111\u1ed1i v\u1edbi ng\u01b0\u1eddi nh\u1eadn. B\u1ed9 qu\u00e0 t\u1eb7ng t\u1ebft kh\u00f4ng ch\u1ec9 \u0111\u01a1n thu\u1ea7n l\u00e0 m\u1ed9t m\u00f3n qu\u00e0 m\u00e0 c\u00f2n mang theo nh\u1eefng th\u00f4ng \u0111i\u1ec7p \u1ea9n ch\u1ee9a v\u1ec1 t\u00ecnh c\u1ea3m v\u00e0 hy v\u1ecdng cho n\u0103m m\u1edbi.<\/p>\n<p>B\u1ed9 qu\u00e0 t\u1eb7ng t\u1ebft \u0111\u01b0\u1ee3c xem l\u00e0 m\u1ed9t l\u1ef1a ch\u1ecdn t\u1ed1t trong m\u00f9a T\u1ebft b\u1edfi n\u00f3 th\u1ec3 hi\u1ec7n t\u00ecnh c\u1ea3m v\u00e0 l\u1eddi ch\u00fac t\u1ed1t \u0111\u1eb9p. Thay v\u00ec ch\u1ec9 \u0111\u01a1n gi\u1ea3n t\u1eb7ng m\u1ed9t m\u00f3n qu\u00e0 \u0111\u01a1n l\u1ebb, b\u1ed9 qu\u00e0 t\u1eb7ng t\u1ebft cho ph\u00e9p ng\u01b0\u1eddi t\u1eb7ng t\u1ed5 ch\u1ee9c c\u00e1c s\u1ea3n ph\u1ea9m th\u00e0nh m\u1ed9t g\u00f3i qu\u00e0 h\u1ea5p d\u1eabn, bi\u1ec3u t\u01b0\u1ee3ng c\u1ee7a s\u1ef1 chu to\u00e0n v\u00e0 ch\u0103m s\u00f3c.<\/p>\n<p><img decoding=\"async\" class=\"wp-image-33586 aligncenter\" src=\"https:\/\/havamall.vn\/wp-content\/uploads\/2024\/01\/Havafoodies-Proposal-Tet-2022-07-1200x675-300x169.png\" alt=\"\" width=\"870\" height=\"490\" srcset=\"https:\/\/havamall.vn\/wp-content\/uploads\/2024\/01\/Havafoodies-Proposal-Tet-2022-07-1200x675-300x169.png 300w, https:\/\/havamall.vn\/wp-content\/uploads\/2024\/01\/Havafoodies-Proposal-Tet-2022-07-1200x675-600x338.png 600w, https:\/\/havamall.vn\/wp-content\/uploads\/2024\/01\/Havafoodies-Proposal-Tet-2022-07-1200x675-768x432.png 768w, https:\/\/havamall.vn\/wp-content\/uploads\/2024\/01\/Havafoodies-Proposal-Tet-2022-07-1200x675-1024x576.png 1024w, https:\/\/havamall.vn\/wp-content\/uploads\/2024\/01\/Havafoodies-Proposal-Tet-2022-07-1200x675.png 1200w\" sizes=\"(max-width: 870px) 100vw, 870px\" \/><\/p>\n<p>S\u1ea3n ph\u1ea9m qu\u00e0 T\u1ebft shop HAVAMALL\u00a0To\u00e0n b\u1ed9 h\u00e0ng h\u00f3a \u0111\u1ec1u l\u00e0 h\u00e0ng nh\u1eadp kh\u1ea9u nguy\u00ean \u0111ai nguy\u00ean ki\u1ec7n khi\u1ebfn ng\u01b0\u1eddi nh\u1eadn c\u1ea3m th\u1ea5y v\u00f4 c\u00f9ng \u1ea5n t\u01b0\u1ee3ng. H\u1ed9p qu\u00e0 c\u00f3 m\u00e0u s\u1eafc, ki\u1ec3u d\u00e1ng r\u1ea5t nh\u00e3 nh\u1eb7n, \u0111a d\u1ea1ng v\u00e0 \u0111\u1ed9c \u0111\u00e1o. N\u00f3i kh\u00f4ng v\u1edbi h\u00e0ng gi\u1ea3, h\u00e0ng k\u00e9m ch\u1ea5t l\u01b0\u1ee3ng. T\u1ea5t c\u1ea3 \u0111\u1ec1u \u0111\u01b0\u1ee3c ki\u1ec3m \u0111\u1ecbnh ch\u1eb7t ch\u1ebd, 100% s\u1ea3n ph\u1ea9m ch\u00ednh han<\/p>\n<p>V\u00f4 c\u00f9ng ti\u1ec7n l\u1ee3i khi b\u1ea1n c\u00f3 th\u1ec3 ho\u00e0n to\u00e0n y\u00ean t\u00e2m d\u00f9 \u0111\u00f3ng g\u00f3i s\u1eb5n nh\u01b0ng c\u00e1c s\u1ea3n ph\u1ea9m trong gi\u1ecf qu\u00e0 v\u1eabn \u0111\u1ea1t ch\u1ea5t l\u01b0\u1ee3ng cao, \u0111\u1ea3m b\u1ea3o t\u00ednh \u0111\u1eb3ng c\u1ea5p, sang tr\u1ecdng.<\/p>\n<p><img decoding=\"async\" class=\"wp-image-33584 aligncenter\" src=\"https:\/\/havamall.vn\/wp-content\/uploads\/2024\/01\/850e54b2-f2b5-4b44-adde-ad6ca13e67b1-199x300.jpeg\" alt=\"\" width=\"869\" height=\"1310\" srcset=\"https:\/\/havamall.vn\/wp-content\/uploads\/2024\/01\/850e54b2-f2b5-4b44-adde-ad6ca13e67b1-199x300.jpeg 199w, https:\/\/havamall.vn\/wp-content\/uploads\/2024\/01\/850e54b2-f2b5-4b44-adde-ad6ca13e67b1-600x905.jpeg 600w, https:\/\/havamall.vn\/wp-content\/uploads\/2024\/01\/850e54b2-f2b5-4b44-adde-ad6ca13e67b1-1200x1809.jpeg 1200w, https:\/\/havamall.vn\/wp-content\/uploads\/2024\/01\/850e54b2-f2b5-4b44-adde-ad6ca13e67b1-768x1158.jpeg 768w, https:\/\/havamall.vn\/wp-content\/uploads\/2024\/01\/850e54b2-f2b5-4b44-adde-ad6ca13e67b1-679x1024.jpeg 679w, https:\/\/havamall.vn\/wp-content\/uploads\/2024\/01\/850e54b2-f2b5-4b44-adde-ad6ca13e67b1.jpeg 1698w\" sizes=\"(max-width: 869px) 100vw, 869px\" \/><\/p>\n<p><span class=\"text\">Cold cut \u0111\u01b0\u1ee3c x\u1ebfp &amp; trang tr\u00ed v\u00f4 c\u00f9ng \u0111\u1eb9p m\u1eaft. Tr\u1edf th\u00e0nh m\u00f3n qu\u00e0 t\u1eb7ng \u0111\u01b0\u1ee3c \u01b0a chu\u1ed9ng nh\u1ea5t hi\u1ec7n nay v\u1edbi s\u1ef1 cao c\u1ea5p v\u00e0 tinh t\u1ebf. K\u1ebft h\u1ee3p ho\u00e0n h\u1ea3o gi\u1eefa c\u00e1c lo\u1ea1i th\u1ecbt mu\u1ed1i iberico h\u1ea3o h\u1ea1ng, cheese, oliu,&#8230; \u0110\u00e2y s\u1ebd l\u00e0 \u0111i\u1ec3m nh\u1ea5n t\u1ea1o n\u00ean \u1ea5n t\u01b0\u1ee3ng d\u00e0nh cho ng\u01b0\u1eddi nh\u1eadn. V\u1edbi Set h\u1ed9p qu\u00e0 t\u1eb7ng v\u1edbi h\u01b0\u01a1ng v\u1ecb \u0111\u1eb7c s\u1eafc, tr\u1ee9 danh n\u1ed5i ti\u1ebfng \u0111\u1ebfn t\u1eeb \u00dd<\/span><\/p>\n<p><span class=\"text\">Set Cold Cut Th\u01b0\u1ee3ng H\u1ea1ng d\u00e0nh cho 8-10 ng\u01b0\u1eddi Chu\u1ea9n v\u1ecb b\u1edfi th\u1ecbt heo mu\u1ed1i th\u01b0\u1ee3ng h\u1ea1ng, oliu nh\u1eadp kh\u1ea9u t\u1eeb T\u00e2y Ban Nha, ph\u00f4 mai t\u1eeb \u00dd, Salami Nga&#8230;.V\u00e0 ho\u00e0n h\u1ea3o b\u1edfi c\u00e1c m\u00f3n \u0103n k\u00e8m nh\u01b0 ph\u00f4 mai Gouda, Brie, oliu, b\u00e1nh m\u00ec, nho xanh,&#8230;<\/span><\/p>\n<p><img loading=\"lazy\" decoding=\"async\" class=\"wp-image-33589 aligncenter\" src=\"https:\/\/havamall.vn\/wp-content\/uploads\/2024\/01\/12cbcbad-8adf-4040-89b4-ada83699ef0c-300x292.jpeg\" alt=\"\" width=\"864\" height=\"841\" srcset=\"https:\/\/havamall.vn\/wp-content\/uploads\/2024\/01\/12cbcbad-8adf-4040-89b4-ada83699ef0c-300x292.jpeg 300w, https:\/\/havamall.vn\/wp-content\/uploads\/2024\/01\/12cbcbad-8adf-4040-89b4-ada83699ef0c-600x584.jpeg 600w, https:\/\/havamall.vn\/wp-content\/uploads\/2024\/01\/12cbcbad-8adf-4040-89b4-ada83699ef0c-1200x1167.jpeg 1200w, https:\/\/havamall.vn\/wp-content\/uploads\/2024\/01\/12cbcbad-8adf-4040-89b4-ada83699ef0c-768x747.jpeg 768w, https:\/\/havamall.vn\/wp-content\/uploads\/2024\/01\/12cbcbad-8adf-4040-89b4-ada83699ef0c-1024x996.jpeg 1024w, https:\/\/havamall.vn\/wp-content\/uploads\/2024\/01\/12cbcbad-8adf-4040-89b4-ada83699ef0c.jpeg 1844w\" sizes=\"(max-width: 864px) 100vw, 864px\" \/><\/p>\n<h2><strong>Set qu\u00e0 t\u1eb7ng Cold Cut nh\u00e0 Havamall bao g\u1ed3m<\/strong><\/h2>\n<p><span class=\"text\">1. <a href=\"https:\/\/havamall.vn\/shop\/salami-cat-lat-xong-khoi-120g\/\">Salami C\u1eaft L\u00e1t X\u00f4ng Kh\u00f3i 120g <\/a><\/span><\/p>\n<p><span class=\"text\">2.<a href=\"https:\/\/havamall.vn\/shop\/thit-heo-ma-dui-muoi-300g-nhap-khau-y-prosciutto-crudo\/\"> Th\u1ecbt Heo M\u00e1 \u0110\u00f9i Mu\u1ed1i 300g Nh\u1eadp Kh\u1ea9u \u00dd <\/a><\/span><\/p>\n<p><span class=\"text\">3. <a href=\"https:\/\/havamall.vn\/shop\/snack-happy-tos-bap-vi-cay-ngot-tortilla-chips-chili-140g\/\">Snack Happy Tos B\u1eafp <\/a><\/span><\/p>\n<p><span class=\"text\">4. <a href=\"https:\/\/havamall.vn\/shop\/sot-que-tay-pikt-chopt-goi-75g-cold-blended-basil-paste\/\">S\u1ed1t Qu\u1ebf T\u00e2y Pikt &amp; Chopt G\u00f3i 75g <\/a><\/span><\/p>\n<p><span class=\"text\">5. <a href=\"https:\/\/havamall.vn\/shop\/pho-mai-camembert-hieu-smilla-food-hop-125g-camembert-cheese\/\">Ph\u00f4 Mai Camembert Hi\u1ec7u Smilla Food H\u1ed9p 125g <\/a><\/span><\/p>\n<p><span class=\"text\">6. <a href=\"https:\/\/havamall.vn\/shop\/pho-mai-cheddar-do-red-cheese-cheddar150g\/\">Ph\u00f4 Mai Cheddar \u0110\u1ecf \u2013 Red Cheese Cheddar 150g <\/a><\/span><\/p>\n<p><span class=\"text\">7. <a href=\"https:\/\/havamall.vn\/shop\/trai-oliu-xanh-khong-hat-crespo-333gr-pitted-green-olives\/\">Tr\u00e1i Oliu Xanh Kh\u00f4ng H\u1ea1t Crespo 333gr\u00a0<\/a><\/span><\/p>\n<p><img loading=\"lazy\" decoding=\"async\" class=\"wp-image-33590 aligncenter\" src=\"https:\/\/havamall.vn\/wp-content\/uploads\/2024\/01\/6c63df41-776a-4d61-9d7b-875cd566e6ea-300x300.jpeg\" alt=\"\" width=\"650\" height=\"650\" srcset=\"https:\/\/havamall.vn\/wp-content\/uploads\/2024\/01\/6c63df41-776a-4d61-9d7b-875cd566e6ea-300x300.jpeg 300w, https:\/\/havamall.vn\/wp-content\/uploads\/2024\/01\/6c63df41-776a-4d61-9d7b-875cd566e6ea-150x150.jpeg 150w, https:\/\/havamall.vn\/wp-content\/uploads\/2024\/01\/6c63df41-776a-4d61-9d7b-875cd566e6ea-100x100.jpeg 100w\" sizes=\"(max-width: 650px) 100vw, 650px\" \/><\/p>","protected":false},"excerpt":{"rendered":"<p>\u00dd ngh\u0129a tr\u1ecdn v\u1eb9n c\u1ee7a h\u1ed9p qu\u00e0 t\u1ebft l\u00e0 l\u1eddi tri \u00e2n c\u00e1c c\u1ed9ng s\u1ef1 \u0111\u00e3 lu\u00f4n \u0111\u1ed3ng h\u00e0nh v\u01b0\u1ee3t<\/p>","protected":false},"featured_media":33591,"comment_status":"open","ping_status":"closed","template":"","meta":[],"product_brand":[],"product_cat":[409,40,36],"product_tag":[],"class_list":{"0":"post-33588","1":"product","2":"type-product","3":"status-publish","4":"has-post-thumbnail","6":"product_cat-hop-qua-set-qua","7":"product_cat-sieuthi-giasi","8":"product_cat-thuc-pham-tieu-dung","10":"first","11":"instock","12":"sale","13":"shipping-taxable","14":"purchasable","15":"product-type-simple"},"_links":{"self":[{"href":"https:\/\/havamall.vn\/en\/wp-json\/wp\/v2\/product\/33588"}],"collection":[{"href":"https:\/\/havamall.vn\/en\/wp-json\/wp\/v2\/product"}],"about":[{"href":"https:\/\/havamall.vn\/en\/wp-json\/wp\/v2\/types\/product"}],"replies":[{"embeddable":true,"href":"https:\/\/havamall.vn\/en\/wp-json\/wp\/v2\/comments?post=33588"}],"version-history":[{"count":0,"href":"https:\/\/havamall.vn\/en\/wp-json\/wp\/v2\/product\/33588\/revisions"}],"wp:featuredmedia":[{"embeddable":true,"href":"https:\/\/havamall.vn\/en\/wp-json\/wp\/v2\/media\/33591"}],"wp:attachment":[{"href":"https:\/\/havamall.vn\/en\/wp-json\/wp\/v2\/media?parent=33588"}],"wp:term":[{"taxonomy":"product_brand","embeddable":true,"href":"https:\/\/havamall.vn\/en\/wp-json\/wp\/v2\/product_brand?post=33588"},{"taxonomy":"product_cat","embeddable":true,"href":"https:\/\/havamall.vn\/en\/wp-json\/wp\/v2\/product_cat?post=33588"},{"taxonomy":"product_tag","embeddable":true,"href":"https:\/\/havamall.vn\/en\/wp-json\/wp\/v2\/product_tag?post=33588"}],"curies":[{"name":"wp","href":"https:\/\/api.w.org\/{rel}","templated":true}]}}