{"id":33533,"date":"2023-12-29T10:23:23","date_gmt":"2023-12-29T03:23:23","guid":{"rendered":"https:\/\/havamall.vn\/?post_type=product&#038;p=33533"},"modified":"2023-12-29T10:23:23","modified_gmt":"2023-12-29T03:23:23","slug":"nho-kho-my-khong-hat-ph-hop-giay-100g-raisins","status":"publish","type":"product","link":"https:\/\/havamall.vn\/en\/shop\/nho-kho-my-khong-hat-ph-hop-giay-100g-raisins\/","title":{"rendered":"Nho Kh\u00f4 M\u1ef9 Kh\u00f4ng H\u1ea1t PH H\u1ed9p Gi\u1ea5y 100g &#8211; Raisins"},"content":{"rendered":"<div class=\"o9v6fnle cxmmr5t8 oygrvhab hcukyx3x c1et5uql ii04i59q\">\n<h3><\/h3>\n<h2><strong>TH\u00d4NG TIN S\u1ea2N PH\u1ea8M<\/strong><\/h2>\n<table>\n<tbody>\n<tr>\n<td>Th\u01b0\u01a1ng hi\u1ec7u<\/td>\n<td>PH<\/td>\n<\/tr>\n<tr>\n<td>Xu\u1ea5t x\u1ee9<\/td>\n<td>M\u1ef9<\/td>\n<\/tr>\n<tr>\n<td>Th\u00e0nh ph\u1ea7n<\/td>\n<td>Nho kh\u00f4 \u0111en kh\u00f4ng h\u1ea1t, d\u1ea7u h\u01b0\u1edbng d\u01b0\u01a1ng<\/td>\n<\/tr>\n<tr>\n<td>H\u1ea1n s\u1eed d\u1ee5ng<\/td>\n<td>12 th\u00e1ng k\u1ec3 t\u1eeb ng\u00e0y s\u1ea3n xu\u1ea5t.<\/td>\n<\/tr>\n<tr>\n<td>B\u1ea3o qu\u1ea3n<\/td>\n<td>\u0110\u1ec3 n\u01a1i kh\u00f4 r\u00e1o, tho\u00e1ng m\u00e1t, tr\u00e1nh \u00e1nh n\u1eafng tr\u1ef1c ti\u1ebfp<\/td>\n<\/tr>\n<tr>\n<td>Kh\u1ed1i l\u01b0\u1ee3ng<\/td>\n<td>100g<\/td>\n<\/tr>\n<\/tbody>\n<\/table>\n<p dir=\"auto\">Nho Kh\u00f4 Raisins \u0111\u1ea3m b\u1ea3o \u0111\u1ed9 ng\u1ecdt l\u00fd t\u01b0\u1edfng v\u00e0 h\u00ecnh \u1ea3nh s\u1ea3n ph\u1ea9m nh\u01b0 t\u00ean g\u1ecdi, lu\u00f4n ch\u1ecdn l\u1ef1a k\u1ef9 l\u01b0\u1ee1ng t\u1eebng tr\u00e1i nho, ph\u01a1i kh\u00f4 t\u1ef1 nhi\u00ean d\u01b0\u1edbi \u00e1nh n\u1eafng M\u1eb7t Tr\u1eddi sau khi thu ho\u1ea1ch v\u00e0 h\u1ea5p l\u1ea1i v\u1edbi n\u01b0\u1edbc \u0111\u1ec3 nho c\u00f3 \u0111\u1ed9 m\u1ec1m d\u1ebbo.<\/p>\n<p dir=\"auto\">V\u1edbi cam k\u1ebft v\u1ec1 \u0111\u1ed9 t\u01b0\u01a1i ngon c\u0169ng nh\u01b0 ch\u1ea5t l\u01b0\u1ee3ng c\u1ee7a s\u1ea3n ph\u1ea9m khi \u0111\u1ebfn tay ng\u01b0\u1eddi ti\u00eau d\u00f9ng, s\u1ea3n ph\u1ea9m kh\u00f4ng h\u1ec1 th\u00eam \u0111\u01b0\u1eddng, ch\u1ea5t b\u1ea3o qu\u1ea3n hay b\u1ea5t k\u1ef3 ch\u1ea5t h\u00f3a h\u1ecdc n\u00e0o c\u00f9ng v\u1edbi nho.<\/p>\n<p dir=\"auto\"><img fetchpriority=\"high\" decoding=\"async\" class=\"wp-image-33534 aligncenter\" src=\"https:\/\/havamall.vn\/wp-content\/uploads\/2023\/12\/Screen-Shot-2023-12-29-at-10.01.58-AM-300x296.png\" alt=\"\" width=\"630\" height=\"622\" srcset=\"https:\/\/havamall.vn\/wp-content\/uploads\/2023\/12\/Screen-Shot-2023-12-29-at-10.01.58-AM-300x296.png 300w, https:\/\/havamall.vn\/wp-content\/uploads\/2023\/12\/Screen-Shot-2023-12-29-at-10.01.58-AM-600x591.png 600w, https:\/\/havamall.vn\/wp-content\/uploads\/2023\/12\/Screen-Shot-2023-12-29-at-10.01.58-AM-768x757.png 768w, https:\/\/havamall.vn\/wp-content\/uploads\/2023\/12\/Screen-Shot-2023-12-29-at-10.01.58-AM-100x100.png 100w, https:\/\/havamall.vn\/wp-content\/uploads\/2023\/12\/Screen-Shot-2023-12-29-at-10.01.58-AM.png 843w\" sizes=\"(max-width: 630px) 100vw, 630px\" \/><\/p>\n<p dir=\"auto\">Nho Kh\u00f4 Raisins l\u00e0 m\u1ed9t m\u00f3n \u0103n tuy\u1ec7t v\u1eddi \u0111\u1ec3 l\u00e0m h\u00e0i l\u00f2ng nh\u1eefng t\u00edn \u0111\u1ed3 th\u00edch ng\u1ecdt nh\u01b0ng v\u1eabn t\u1ed1t cho s\u1ee9c kho\u1ebb v\u00e0 b\u1ed5 d\u01b0\u1ee1ng. B\u1ea1n c\u00f3 th\u1ec3 d\u1ec5 d\u00e0ng mang theo v\u00e0 th\u01b0\u1edfng th\u1ee9c b\u1ea5t c\u1ee9 l\u00fac n\u00e0o m\u1ed9t c\u00e1ch ti\u1ec7n l\u1ee3i, mang \u0111\u1ebfn m\u1ed9t b\u1eefa \u0103n nh\u1eb9 t\u01b0\u01a1i ngon cho m\u00ecnh. Nho kh\u00f4 r\u1ea5t th\u00edch h\u1ee3p l\u00e0m m\u00f3n \u0103n nh\u1eb9 \u00a0t\u1ea1i v\u0103n ph\u00f2ng, c\u0169ng nh\u01b0 cho tr\u1ebb mang theo trong t\u00fai \u0111\u1ec3 \u0103n tr\u01b0a v\u00e0 th\u1eadm ch\u00ed l\u00e0m b\u1eefa s\u00e1ng nhanh g\u1ecdn cho nh\u1eefng bu\u1ed5i s\u00e1ng b\u1eadn r\u1ed9n.<\/p>\n<\/div>\n<div dir=\"auto\"><img decoding=\"async\" class=\"wp-image-25358 aligncenter\" src=\"https:\/\/havamall.vn\/wp-content\/uploads\/2022\/02\/sernik-z-300x225.png\" alt=\"\" width=\"629\" height=\"472\" srcset=\"https:\/\/havamall.vn\/wp-content\/uploads\/2022\/02\/sernik-z-300x225.png 300w, https:\/\/havamall.vn\/wp-content\/uploads\/2022\/02\/sernik-z-430x323.png 430w, https:\/\/havamall.vn\/wp-content\/uploads\/2022\/02\/sernik-z-150x113.png 150w, https:\/\/havamall.vn\/wp-content\/uploads\/2022\/02\/sernik-z-700x525.png 700w, https:\/\/havamall.vn\/wp-content\/uploads\/2022\/02\/sernik-z-768x576.png 768w, https:\/\/havamall.vn\/wp-content\/uploads\/2022\/02\/sernik-z-1024x768.png 1024w, https:\/\/havamall.vn\/wp-content\/uploads\/2022\/02\/sernik-z.png 1200w, https:\/\/havamall.vn\/wp-content\/uploads\/2022\/02\/sernik-z-600x450.png 600w\" sizes=\"(max-width: 629px) 100vw, 629px\" \/><\/div>\n<div dir=\"auto\">\n<h2><strong>\u01afU \u0110I\u1ec2M C\u1ee6A S\u1ea2N PH\u1ea8M<\/strong><\/h2>\n<\/div>\n<p>\u2013 Nho kh\u00f4 c\u00f3 c\u00f4ng d\u1ee5ng v\u00f4 c\u00f9ng to l\u1edbn \u0111\u1ed1i v\u1edbi s\u1ee9c kh\u1ecfe: l\u00e0m t\u0103ng l\u01b0\u1ee3ng h\u1ed3ng c\u1ea7u trong m\u00e1u, b\u1ed5 sung canxi, gi\u1ea3m \u0111\u1ed9c t\u1ed1 cho c\u01a1 th\u1ec3, mang l\u1ea1i nhi\u1ec1u \u00edch l\u1ee3i cho n\u00e3o b\u1ed9, gi\u1ea3m stress, c\u00f3 l\u1ee3i cho tim m\u1ea1ch, h\u1ec7 kh\u00e1ng th\u1ec3 v\u00e0 nh\u1ea5t l\u00e0 ch\u1ed1ng l\u00e3o h\u00f3a k\u00e9o d\u00e0i tu\u1ed5i thanh xu\u00e2n, lo\u1ea1i b\u1ecf cholesterol c\u00f3 h\u1ea1i cho c\u01a1 th\u1ec3\u2026<\/p>\n<p>\u2013 S\u1ea3n ph\u1ea9m kh\u00f4ng ch\u1ee9a ch\u1ea5t b\u1ea3o qu\u1ea3n, h\u1ea1t nho mang h\u01b0\u01a1ng v\u1ecb t\u1ef1 nhi\u00ean, m\u1ec1m ng\u1ecdt v\u00e0 \u0111\u1ecdng l\u1ea1i v\u1ecb th\u01a1m nguy\u00ean ch\u1ea5t.<\/p>\n<p>\u2013 Nh\u1eefng h\u1ea1t nho kh\u00f4 \u0111\u01b0\u1ee3c b\u1ea3o qu\u1ea3n trong h\u1ed9p k\u00edn, gi\u1eef \u0111\u01b0\u1ee3c ch\u1ea5t l\u01b0\u1ee3ng v\u00e0 h\u01b0\u01a1ng v\u1ecb th\u01a1m ngon trong kho\u1ea3ng th\u1eddi gian d\u00e0i.<\/p>\n<p>\u2013 Thi\u1ebft k\u1ebf h\u1ed9p ngo\u00e0i \u0111\u1eb9p m\u1eaft ph\u00f9 h\u1ee3p l\u00e0 m\u1ed9t m\u00f3n qu\u00e0 t\u1eb7ng \u00fd ngh\u0129a d\u00e0nh cho nh\u1eefng ng\u01b0\u1eddi th\u00e2n y\u00eau c\u1ee7a b\u1ea1n.<\/p>\n<p><img decoding=\"async\" class=\"wp-image-25360 aligncenter\" src=\"https:\/\/havamall.vn\/wp-content\/uploads\/2022\/02\/yen-mach-300x300.png\" alt=\"\" width=\"625\" height=\"625\" srcset=\"https:\/\/havamall.vn\/wp-content\/uploads\/2022\/02\/yen-mach-300x300.png 300w, https:\/\/havamall.vn\/wp-content\/uploads\/2022\/02\/yen-mach-430x430.png 430w, https:\/\/havamall.vn\/wp-content\/uploads\/2022\/02\/yen-mach-150x150.png 150w, https:\/\/havamall.vn\/wp-content\/uploads\/2022\/02\/yen-mach-700x700.png 700w, https:\/\/havamall.vn\/wp-content\/uploads\/2022\/02\/yen-mach-768x768.png 768w, https:\/\/havamall.vn\/wp-content\/uploads\/2022\/02\/yen-mach-1024x1024.png 1024w, https:\/\/havamall.vn\/wp-content\/uploads\/2022\/02\/yen-mach-1200x1200.png 1200w, https:\/\/havamall.vn\/wp-content\/uploads\/2022\/02\/yen-mach-600x600.png 600w, https:\/\/havamall.vn\/wp-content\/uploads\/2022\/02\/yen-mach-100x100.png 100w, https:\/\/havamall.vn\/wp-content\/uploads\/2022\/02\/yen-mach.png 1244w\" sizes=\"(max-width: 625px) 100vw, 625px\" \/><\/p>\n<h2><strong>H\u01b0\u1edbng d\u1eabn s\u1eed d\u1ee5ng:<\/strong><\/h2>\n<p>&gt; D\u00f9ng l\u00e0m m\u00f3n \u0103n nh\u1eb9 l\u00e0nh m\u1ea1nh<\/p>\n<p>&gt; S\u1eed d\u1ee5ng v\u1edbi ng\u0169 c\u1ed1c, s\u1eefa chua,&#8230; \u0111\u1ec3 l\u00e0m m\u00f3n \u0103n s\u00e1ng<\/p>\n<p>&gt; Cho tr\u1ebb mang \u0111i h\u1ecdc \u0103n tr\u01b0a<\/p>\n<p>&gt; B\u1ed5 sung cho c\u00e1c c\u00f4ng th\u1ee9c b\u1eefa \u0103n t\u1ed1i<\/p>\n<p>&gt; D\u00f9ng v\u1edbi granola v\u00e0 s\u1eefa chua.<\/p>\n<p><img loading=\"lazy\" decoding=\"async\" class=\"wp-image-33536 aligncenter\" src=\"https:\/\/havamall.vn\/wp-content\/uploads\/2023\/12\/img2371-4647-300x300.jpeg\" alt=\"\" width=\"655\" height=\"655\" srcset=\"https:\/\/havamall.vn\/wp-content\/uploads\/2023\/12\/img2371-4647-300x300.jpeg 300w, https:\/\/havamall.vn\/wp-content\/uploads\/2023\/12\/img2371-4647-600x600.jpeg 600w, https:\/\/havamall.vn\/wp-content\/uploads\/2023\/12\/img2371-4647-1200x1201.jpeg 1200w, https:\/\/havamall.vn\/wp-content\/uploads\/2023\/12\/img2371-4647-150x150.jpeg 150w, https:\/\/havamall.vn\/wp-content\/uploads\/2023\/12\/img2371-4647-768x769.jpeg 768w, https:\/\/havamall.vn\/wp-content\/uploads\/2023\/12\/img2371-4647-1024x1024.jpeg 1024w, https:\/\/havamall.vn\/wp-content\/uploads\/2023\/12\/img2371-4647-100x100.jpeg 100w, https:\/\/havamall.vn\/wp-content\/uploads\/2023\/12\/img2371-4647.jpeg 1364w\" sizes=\"(max-width: 655px) 100vw, 655px\" \/><\/p>","protected":false},"excerpt":{"rendered":"<p>TH\u00d4NG TIN S\u1ea2N PH\u1ea8M Th\u01b0\u01a1ng hi\u1ec7u PH Xu\u1ea5t x\u1ee9 M\u1ef9 Th\u00e0nh ph\u1ea7n Nho kh\u00f4 \u0111en kh\u00f4ng h\u1ea1t, d\u1ea7u h\u01b0\u1edbng d\u01b0\u01a1ng<\/p>","protected":false},"featured_media":33537,"comment_status":"open","ping_status":"closed","template":"","meta":[],"product_brand":[],"product_cat":[133],"product_tag":[],"class_list":{"0":"post-33533","1":"product","2":"type-product","3":"status-publish","4":"has-post-thumbnail","6":"product_cat-banh-keo-chocolate","8":"first","9":"instock","10":"sale","11":"shipping-taxable","12":"purchasable","13":"product-type-simple"},"_links":{"self":[{"href":"https:\/\/havamall.vn\/en\/wp-json\/wp\/v2\/product\/33533"}],"collection":[{"href":"https:\/\/havamall.vn\/en\/wp-json\/wp\/v2\/product"}],"about":[{"href":"https:\/\/havamall.vn\/en\/wp-json\/wp\/v2\/types\/product"}],"replies":[{"embeddable":true,"href":"https:\/\/havamall.vn\/en\/wp-json\/wp\/v2\/comments?post=33533"}],"version-history":[{"count":0,"href":"https:\/\/havamall.vn\/en\/wp-json\/wp\/v2\/product\/33533\/revisions"}],"wp:featuredmedia":[{"embeddable":true,"href":"https:\/\/havamall.vn\/en\/wp-json\/wp\/v2\/media\/33537"}],"wp:attachment":[{"href":"https:\/\/havamall.vn\/en\/wp-json\/wp\/v2\/media?parent=33533"}],"wp:term":[{"taxonomy":"product_brand","embeddable":true,"href":"https:\/\/havamall.vn\/en\/wp-json\/wp\/v2\/product_brand?post=33533"},{"taxonomy":"product_cat","embeddable":true,"href":"https:\/\/havamall.vn\/en\/wp-json\/wp\/v2\/product_cat?post=33533"},{"taxonomy":"product_tag","embeddable":true,"href":"https:\/\/havamall.vn\/en\/wp-json\/wp\/v2\/product_tag?post=33533"}],"curies":[{"name":"wp","href":"https:\/\/api.w.org\/{rel}","templated":true}]}}