{"id":33525,"date":"2023-12-28T15:46:49","date_gmt":"2023-12-28T08:46:49","guid":{"rendered":"https:\/\/havamall.vn\/?post_type=product&#038;p=33525"},"modified":"2025-03-20T15:35:36","modified_gmt":"2025-03-20T08:35:36","slug":"bot-lam-banh-khaman-dhokla-an-do-gits-hop-giay-180g","status":"publish","type":"product","link":"https:\/\/havamall.vn\/en\/shop\/bot-lam-banh-khaman-dhokla-an-do-gits-hop-giay-180g\/","title":{"rendered":"B\u1ed9t L\u00e0m B\u00e1nh Khaman Dhokla \u1ea4n \u0110\u1ed9 Gits H\u1ed9p Gi\u1ea5y 180g"},"content":{"rendered":"<h3><\/h3>\n<h3><strong>TH\u00d4NG TIN S\u1ea2N PH\u1ea8M<\/strong><\/h3>\n<table>\n<tbody>\n<tr>\n<td>Th\u01b0\u01a1ng hi\u1ec7u<\/td>\n<td>Gits<\/td>\n<\/tr>\n<tr>\n<td>Xu\u1ea5t x\u1ee9<\/td>\n<td>\u1ea4n \u0110\u1ed9<\/td>\n<\/tr>\n<tr>\n<td>Th\u00e0nh ph\u1ea7n<\/td>\n<td>B\u1ed9t \u0111\u1eadu g\u00e0, \u0111\u01b0\u1eddng, b\u1ed9t m\u00ec semola, mu\u1ed1i, ngh\u1ec7,&#8230;<\/td>\n<\/tr>\n<tr>\n<td>H\u1ea1n s\u1eed d\u1ee5ng<\/td>\n<td>24 th\u00e1ng k\u1ec3 t\u1eeb ng\u00e0y s\u1ea3n xu\u1ea5t.<\/td>\n<\/tr>\n<tr>\n<td>B\u1ea3o qu\u1ea3n<\/td>\n<td>B\u1ea3o qu\u1ea3n n\u1edbi kh\u00f4 r\u00e1o, kho\u00e1ng m\u00e1t. Sau khi m\u1edf s\u1ea3n ph\u1ea9m n\u00ean \u0111\u1eady k\u00edn n\u1ebfu ch\u01b0a s\u1eed d\u1ee5ng h\u1ebft v\u00e0 b\u1ea3o b\u1ea3o m\u00e1t kh\u00f4ng qu\u00e1 1 ng\u00e0y<\/td>\n<\/tr>\n<tr>\n<td>Kh\u1ed1i l\u01b0\u1ee3ng t\u1ecbnh<\/td>\n<td>180g<\/td>\n<\/tr>\n<\/tbody>\n<\/table>\n<p><img fetchpriority=\"high\" decoding=\"async\" class=\"wp-image-33530 aligncenter\" src=\"https:\/\/havamall.vn\/wp-content\/uploads\/2025\/03\/8f139142-47e4-49e0-b400-ea878c43a904.__CR00970600_PT0_SX970_V1___-300x186.jpg\" alt=\"\" width=\"642\" height=\"398\" \/>\u1ea8m th\u1ef1c truy\u1ec1n th\u1ed1ng c\u1ee7a \u1ea4n \u0110\u1ed9 ch\u1ee7 y\u1ebfu l\u00e0 s\u1ef1 k\u1ebft h\u1ee3p gi\u1eefa c\u00e1c lo\u1ea1i gia v\u1ecb v\u00e0 h\u01b0\u01a1ng v\u1ecb. T\u01b0\u01a1ng t\u1ef1 nh\u01b0 s\u1ef1 \u0111a d\u1ea1ng v\u1ec1 v\u0103n h\u00f3a v\u00e0 ng\u00f4n ng\u1eef, phong c\u00e1ch \u1ea9m th\u1ef1c \u1edf \u1ea4n \u0110\u1ed9 thay \u0111\u1ed5i theo t\u1eebng n\u01a1i v\u1edbi m\u1ed7i c\u00e1ch ch\u1ebf bi\u1ebfn, c\u00e1ch th\u01b0\u1edfng th\u1ee9c kh\u00e1c nhau. M\u1ed7i n\u1ec1n \u1ea9m th\u1ef1c ph\u1ee5 \u0111\u1ec1u c\u00f3 nh\u1eefng m\u00f3n \u0103n \u0111\u1ed9c \u0111\u00e1o c\u1ee7a ri\u00eang n\u00f3 song t\u1ea5t c\u1ea3 ch\u00fang \u0111\u1ec1u \u0111\u1ea7y m\u00e0u s\u1eafc v\u00e0 h\u1ea5p d\u1eabn.<\/p>\n<p><img decoding=\"async\" class=\"wp-image-33527 aligncenter\" src=\"https:\/\/havamall.vn\/wp-content\/uploads\/2025\/03\/76762529_10156924881503562_6202793349431164928_n-300x300.png\" alt=\"\" width=\"639\" height=\"639\" \/><\/p>\n<p>\u0110\u1ed3 \u0103n nh\u1eb9 chay \u1edf \u1ea4n \u0110\u1ed9 kh\u00f4ng m\u00f3n n\u00e0o ngon h\u01a1n m\u00f3n dhoklas, l\u00e0m t\u1eeb g\u1ea1o v\u00e0 \u0111\u1eadu g\u00e0. B\u1ed9t g\u1ea1o l\u00ean men \u0111\u01b0\u1ee3c tr\u1ed9n v\u1edbi \u0111\u1eadu g\u00e0 v\u00e0 h\u1ea5p ch\u00edn, sau \u0111\u00f3 \u0111\u01b0\u1ee3c trang tr\u00ed v\u1edbi h\u1ea1t m\u00f9 t\u1ea1t v\u00e0 rau m\u00f9i. Trong s\u1ed1 r\u1ea5t nhi\u1ec1u m\u00f3n \u0103n chay t\u1eeb Gujarat, dhokla \u0111\u01b0\u1ee3c cho l\u00e0 ti\u1ec1n th\u00e2n.<\/p>\n<p>N\u1ebfu b\u1ea1n \u0111ang trong ch\u1ebf \u0111\u1ed9 gi\u1ea3m b\u00e9o nghi\u00eam ng\u1eb7t, kh\u00f4ng \u0103n \u0111\u01b0\u1ee3c nh\u1eefng th\u1ee9 qu\u00e1 d\u1ea7u m\u1ee1 th\u00ec Dhokla ch\u00ednh l\u00e0 m\u00f3n\u00a0\u1ea9m th\u1ef1c \u0111\u01b0\u1eddng ph\u1ed1 \u1ea4n \u0110\u1ed9\u00a0ph\u00f9 h\u1ee3p nh\u1ea5t cho b\u1ea1n r\u1ed3i \u0111\u1ea5y.<\/p>\n<p><img decoding=\"async\" class=\"wp-image-33526 aligncenter\" src=\"https:\/\/havamall.vn\/wp-content\/uploads\/2025\/03\/16114874_10154363734338562_4319025126766982765_n-300x251.png\" alt=\"\" width=\"636\" height=\"532\" \/><\/p>\n<p>B\u1ed9t l\u00e0m b\u00e1nh\u00a0Dhokla\u00a0\u0111\u01b0\u1ee3c l\u00e0m t\u1eeb c\u01a1m v\u00e0 \u0111\u1eadu channa hay c\u00f2n g\u1ecdi l\u00e0 \u0111\u1eadu g\u00e0 ho\u1eb7c b\u1ed9t garam \u2013 lo\u1ea1i b\u1ed9t c\u0169ng \u0111\u01b0\u1ee3c l\u00e0m t\u1eeb \u0111\u1eadu, th\u00eam m\u1ed9t v\u00e0i gia v\u1ecb kh\u00e1c nh\u01b0 g\u1eebng, b\u1ed9t \u1edbt v\u00e0 b\u1ed9t soda, ng\u00e2m qua \u0111\u00eam cho m\u1ec1m sau \u0111\u00f3 n\u1ea5u nh\u1eeb cho \u0111\u1ebfn khi n\u00f3 \u0111\u00f3ng th\u00e0nh m\u1ed9t kh\u1ed1i th\u00ec l\u1ea5y ra x\u1eaft mi\u1ebfng v\u1eeba ph\u1ea3i \u0111\u1ec3 \u0103n.<\/p>\n<p><img loading=\"lazy\" decoding=\"async\" class=\"wp-image-33528 aligncenter\" src=\"https:\/\/havamall.vn\/wp-content\/uploads\/2025\/03\/5b61bf49e5013e1f1ecf9261308a549f-300x252.jpg\" alt=\"\" width=\"633\" height=\"531\" \/><\/p>\n<p>B\u00e1nh l\u00e0m t\u1eeb b\u1ed9t Gits c\u00f3 \u0111\u1ed9 b\u00f4ng x\u1ed1p g\u1ea7n gi\u1ed1ng b\u00e1nh b\u00f4ng lan n\u00ean r\u1ea5t th\u00edch h\u1ee3p \u0111\u1ec3 \u0103n nh\u1eb9, khi \u0103n s\u1ebd d\u00f9ng k\u00e8m v\u1edbi \u1edbt chi\u00ean, s\u1ed1t chutney v\u00e0 d\u1eeba n\u1ea1o. T\u1ea1i sao n\u00f3i m\u00f3n \u0103n n\u00e0y ph\u00f9 h\u1ee3p v\u1edbi c\u00e1c b\u1ea1n th\u00e8m th\u1ecbt nh\u01b0ng \u0111ang \u0103n ki\u00eang, v\u00ec d\u00f9 n\u00f3 kh\u00f4ng h\u1ec1 c\u00f3 th\u1ecbt nh\u01b0ng l\u1ea1i\u00a0c\u00f3 nguy\u00ean li\u1ec7u t\u1eeb \u0111\u1eadu g\u00e0 n\u00ean s\u1ebd cho b\u1ea1n c\u1ea3m gi\u00e1c c\u1ee7a \u201cth\u1ecbt\u201d.<\/p>\n<p><img loading=\"lazy\" decoding=\"async\" class=\"wp-image-33529 aligncenter\" src=\"https:\/\/havamall.vn\/wp-content\/uploads\/2025\/03\/89321556_10157226509813562_7510903833602555904_n-300x300.jpg\" alt=\"\" width=\"632\" height=\"632\" \/><\/p>\n<div><\/div>","protected":false},"excerpt":{"rendered":"<p>TH\u00d4NG TIN S\u1ea2N PH\u1ea8M Th\u01b0\u01a1ng hi\u1ec7u Gits Xu\u1ea5t x\u1ee9 \u1ea4n \u0110\u1ed9 Th\u00e0nh ph\u1ea7n B\u1ed9t \u0111\u1eadu g\u00e0, \u0111\u01b0\u1eddng, b\u1ed9t m\u00ec semola,<\/p>","protected":false},"featured_media":33531,"comment_status":"open","ping_status":"closed","template":"","meta":[],"product_brand":[],"product_cat":[681,36],"product_tag":[],"class_list":{"0":"post-33525","1":"product","2":"type-product","3":"status-publish","4":"has-post-thumbnail","6":"product_cat-nhap-khau-an-do","7":"product_cat-thuc-pham-tieu-dung","9":"first","10":"instock","11":"sale","12":"shipping-taxable","13":"purchasable","14":"product-type-simple"},"_links":{"self":[{"href":"https:\/\/havamall.vn\/en\/wp-json\/wp\/v2\/product\/33525"}],"collection":[{"href":"https:\/\/havamall.vn\/en\/wp-json\/wp\/v2\/product"}],"about":[{"href":"https:\/\/havamall.vn\/en\/wp-json\/wp\/v2\/types\/product"}],"replies":[{"embeddable":true,"href":"https:\/\/havamall.vn\/en\/wp-json\/wp\/v2\/comments?post=33525"}],"version-history":[{"count":0,"href":"https:\/\/havamall.vn\/en\/wp-json\/wp\/v2\/product\/33525\/revisions"}],"wp:featuredmedia":[{"embeddable":true,"href":"https:\/\/havamall.vn\/en\/wp-json\/wp\/v2\/media\/33531"}],"wp:attachment":[{"href":"https:\/\/havamall.vn\/en\/wp-json\/wp\/v2\/media?parent=33525"}],"wp:term":[{"taxonomy":"product_brand","embeddable":true,"href":"https:\/\/havamall.vn\/en\/wp-json\/wp\/v2\/product_brand?post=33525"},{"taxonomy":"product_cat","embeddable":true,"href":"https:\/\/havamall.vn\/en\/wp-json\/wp\/v2\/product_cat?post=33525"},{"taxonomy":"product_tag","embeddable":true,"href":"https:\/\/havamall.vn\/en\/wp-json\/wp\/v2\/product_tag?post=33525"}],"curies":[{"name":"wp","href":"https:\/\/api.w.org\/{rel}","templated":true}]}}