{"id":33510,"date":"2023-12-28T11:41:17","date_gmt":"2023-12-28T04:41:17","guid":{"rendered":"https:\/\/havamall.vn\/?post_type=product&#038;p=33510"},"modified":"2023-12-28T11:41:17","modified_gmt":"2023-12-28T04:41:17","slug":"banh-quy-lua-mi-nguyen-cam-mcvities-digestive-mini-hop-2275g","status":"publish","type":"product","link":"https:\/\/havamall.vn\/en\/shop\/banh-quy-lua-mi-nguyen-cam-mcvities-digestive-mini-hop-2275g\/","title":{"rendered":"B\u00e1nh Quy L\u00faa M\u00ec Nguy\u00ean C\u00e1m McVitie&#8217;s Digestive Mini H\u1ed9p 227,5g"},"content":{"rendered":"<h2><\/h2>\n<h2><strong>TH\u00d4NG TIN CHUNG<\/strong><\/h2>\n<table>\n<tbody>\n<tr>\n<td>Th\u01b0\u01a1ng hi\u1ec7u<\/td>\n<td>Mc Vitie\u2019s<\/td>\n<\/tr>\n<tr>\n<td>Xu\u1ea5t x\u1ee9<\/td>\n<td>\u1ea4n \u0110\u1ed9<\/td>\n<\/tr>\n<tr>\n<td>Th\u00e0nh ph\u1ea7n<\/td>\n<td>B\u1ed9t m\u00ec tinh ch\u1ebf,d\u1ea7u th\u1ef1c v\u00e2t,\u00a0 b\u1ed9t m\u00ec, c\u00e1m l\u00faa m\u00ec, \u0111\u01b0\u1eddng, siro, c\u00e1m y\u1ebfn m\u1ea1ch<\/td>\n<\/tr>\n<tr>\n<td>H\u1ea1n s\u1eed d\u1ee5ng<\/td>\n<td>14 th\u00e1ng k\u1ec3 t\u1eeb ng\u00e0y s\u1ea3n xu\u1ea5t.<\/td>\n<\/tr>\n<tr>\n<td>B\u1ea3o qu\u1ea3n<\/td>\n<td>N\u01a1i kh\u00f4 r\u00e1o, tho\u00e1ng m\u00e1t, \u0111\u1ea3m b\u1ea3o v\u1ec7 sinh an to\u00e0n th\u1ef1c ph\u1ea9m, tr\u00e1nh \u00e1nh s\u00e1ng m\u1eb7t tr\u1edbi chi\u1ebfu tr\u1ef1c ti\u1ebfp<\/td>\n<\/tr>\n<tr>\n<td>\u00a0Kh\u1ed1i l\u01b0\u1ee3ng<\/td>\n<td>227.5g<\/td>\n<\/tr>\n<\/tbody>\n<\/table>\n<p>H\u1ed9p b\u00e1nh Mc Vitie\u2019s 227.5g \u2013\u00a0l\u00e0 lo\u1ea1i b\u00e1nh quy l\u00faa m\u00ec nguy\u00ean c\u00e1m truy\u1ec1n th\u1ed1ng. McVitie\u2019s Digestive Orginal c\u00f3 v\u1ecb ng\u1ecdt d\u1ecbu, tan ngay trong mi\u1ec7ng. M\u00f9i th\u01a1m l\u00faa m\u00ec r\u1ea5t \u0111\u1eb7c tr\u01b0ng, b\u00e1nh h\u00ecnh tr\u00f2n, gi\u00f2n r\u1ee5m\u2026 Logo Mc Vitie\u2019s d\u1eadp n\u1ed5i tr\u00ean b\u00e1nh r\u1ea5t sang tr\u1ecdng. Th\u00edch h\u1ee3p s\u1eed d\u1ee5ng nh\u01b0 m\u00f3n \u0103n v\u1eb7t h\u00e0ng ng\u00e0y trong gi\u1edd x\u1ebf s\u00e1ng\/chi\u1ec1u ; kh\u00f4ng g\u00e2y ng\u1ea5y, ng\u00e1n v\u00ec ko c\u00f3 v\u1ecb b\u01a1 n\u1ed3ng.<img fetchpriority=\"high\" decoding=\"async\" class=\"wp-image-33512 aligncenter\" src=\"https:\/\/havamall.vn\/wp-content\/uploads\/2023\/12\/ef2b489e2fd3d5d6d66dcf99dbdebe59-300x200.jpeg\" alt=\"\" width=\"746\" height=\"497\" srcset=\"https:\/\/havamall.vn\/wp-content\/uploads\/2023\/12\/ef2b489e2fd3d5d6d66dcf99dbdebe59-300x200.jpeg 300w, https:\/\/havamall.vn\/wp-content\/uploads\/2023\/12\/ef2b489e2fd3d5d6d66dcf99dbdebe59-600x400.jpeg 600w, https:\/\/havamall.vn\/wp-content\/uploads\/2023\/12\/ef2b489e2fd3d5d6d66dcf99dbdebe59-1200x800.jpeg 1200w, https:\/\/havamall.vn\/wp-content\/uploads\/2023\/12\/ef2b489e2fd3d5d6d66dcf99dbdebe59-768x512.jpeg 768w, https:\/\/havamall.vn\/wp-content\/uploads\/2023\/12\/ef2b489e2fd3d5d6d66dcf99dbdebe59-1024x683.jpeg 1024w\" sizes=\"(max-width: 746px) 100vw, 746px\" \/><\/p>\n<p>B\u00e1nh quy l\u00faa m\u00ec nguy\u00ean c\u00e1m truy\u1ec1n th\u1ed1ng McVitie\u2019s Digestive Orginal cung c\u1ea5p nhi\u1ec1u d\u01b0\u1ee1ng ch\u1ea5t v\u00e0 vitamin h\u01a1n l\u00faa m\u00ec th\u00f4ng th\u01b0\u1eddng. Gi\u00e0u ch\u1ea5t x\u01a1 b\u1ed5 sung th\u00eam nhu c\u1ea7u ch\u1ea5t x\u01a1, t\u1ea1o c\u1ea3m gi\u00e1c no nhanh v\u00e0 no l\u00e2u m\u00e0 v\u1eabn \u0111\u1ea3m b\u1ea3o s\u1ee9c kh\u1ecfe. B\u00e1nh \u00edt \u0111\u01b0\u1eddng v\u00e0 ng\u1ecdt d\u1ecbu, ph\u00f9 h\u1ee3p cho nh\u1eefng ng\u01b0\u1eddi \u0103n ki\u00eang gi\u1ea3m b\u00e9o, gi\u1eef d\u00e1ng.<\/p>\n<p><img decoding=\"async\" class=\"wp-image-33513 aligncenter\" src=\"https:\/\/havamall.vn\/wp-content\/uploads\/2023\/12\/csm_sliderwhole_704a9821eb-200x300.jpeg\" alt=\"\" width=\"739\" height=\"1109\" srcset=\"https:\/\/havamall.vn\/wp-content\/uploads\/2023\/12\/csm_sliderwhole_704a9821eb-200x300.jpeg 200w, https:\/\/havamall.vn\/wp-content\/uploads\/2023\/12\/csm_sliderwhole_704a9821eb-600x900.jpeg 600w, https:\/\/havamall.vn\/wp-content\/uploads\/2023\/12\/csm_sliderwhole_704a9821eb.jpeg 640w\" sizes=\"(max-width: 739px) 100vw, 739px\" \/><\/p>\n<p>\u0110\u01b0\u1ee3c ph\u00e1t minh t\u1ea1i Scotland v\u00e0o n\u0103m 1893, nh\u1eefng chi\u1ebfc b\u00e1nh quy l\u00faa m\u00ec th\u01a1m ngon v\u1eabn \u0111\u01b0\u1ee3c n\u01b0\u1edbng theo c\u00f4ng th\u1ee9c truy\u1ec1n th\u1ed1ng. C\u00e1c th\u00e0nh ph\u1ea7n t\u1ef1 nhi\u00ean, l\u00faa m\u00ec v\u00e0 b\u1ed9t m\u00ec \u0111\u01b0\u1ee3c ch\u1ecdn l\u1ecdc v\u00e0 m\u1ed9t ch\u00fat mu\u1ed1i \u0111\u1ea3m b\u1ea3o h\u01b0\u01a1ng v\u1ecb \u0111\u1ed9c \u0111\u00e1o, kh\u00f4ng qu\u00e1 ng\u1ecdt. Nh\u1edd ch\u1ee9a b\u1ed9t m\u00ec nguy\u00ean c\u00e1m, b\u00e1nh gi\u00f2n tan trong mi\u1ec7ng v\u00e0 c\u0169ng l\u00e0 m\u1ed9t ngu\u1ed3n ch\u1ea5t x\u01a1 c\u00f3 gi\u00e1 tr\u1ecb. B\u00e1nh quy mang l\u1ea1i ni\u1ec1m vui cho c\u1ea3 gia \u0111\u00ecnh.<\/p>\n<p><img decoding=\"async\" class=\"wp-image-33511 aligncenter\" src=\"https:\/\/havamall.vn\/wp-content\/uploads\/2023\/12\/396681888_756942156239306_6280082289953681534_n-300x279.jpeg\" alt=\"\" width=\"735\" height=\"684\" srcset=\"https:\/\/havamall.vn\/wp-content\/uploads\/2023\/12\/396681888_756942156239306_6280082289953681534_n-300x279.jpeg 300w, https:\/\/havamall.vn\/wp-content\/uploads\/2023\/12\/396681888_756942156239306_6280082289953681534_n-600x558.jpeg 600w, https:\/\/havamall.vn\/wp-content\/uploads\/2023\/12\/396681888_756942156239306_6280082289953681534_n-768x714.jpeg 768w, https:\/\/havamall.vn\/wp-content\/uploads\/2023\/12\/396681888_756942156239306_6280082289953681534_n-1024x952.jpeg 1024w, https:\/\/havamall.vn\/wp-content\/uploads\/2023\/12\/396681888_756942156239306_6280082289953681534_n.jpeg 1080w\" sizes=\"(max-width: 735px) 100vw, 735px\" \/><\/p>\n<p>H\u1ed9p B\u00e1nh Quy L\u00faa M\u00ec McVities 227.5g (tr\u00f2n) \u0111\u01b0\u1ee3c s\u1ea3n xu\u1ea5t theo c\u00f4ng th\u1ee9c l\u00e0m b\u00e1nh hi\u1ec7n \u0111\u1ea1i, ti\u00eau chu\u1ea9n ch\u00e2u \u00c2u, nguy\u00ean li\u1ec7u ho\u00e0n to\u00e0n t\u1ef1 nhi\u00ean, \u0111\u01b0\u1ee3c ki\u1ec3m \u0111\u1ecbnh nghi\u00eam ng\u1eb7t, kh\u00f4ng ch\u1ea5t b\u1ea3o qu\u1ea3n. B\u00e1nh \u0111\u01b0\u1ee3c \u0111\u00f3ng g\u00f3i sang tr\u1ecdng, tinh t\u1ebf. Ph\u00f9 h\u1ee3p l\u00e0m qu\u00e0 t\u1eb7ng cho \u0111\u1ed1i t\u00e1c, b\u1ea1n b\u00e8 v\u00e0 ng\u01b0\u1eddi th\u00e2n c\u1ee7a b\u1ea1n\u2026 trong c\u00e1c d\u1ecbp L\u1ec5, T\u1ebft.<\/p>","protected":false},"excerpt":{"rendered":"<p>TH\u00d4NG TIN CHUNG Th\u01b0\u01a1ng hi\u1ec7u Mc Vitie\u2019s Xu\u1ea5t x\u1ee9 \u1ea4n \u0110\u1ed9 Th\u00e0nh ph\u1ea7n B\u1ed9t m\u00ec tinh ch\u1ebf,d\u1ea7u th\u1ef1c v\u00e2t,\u00a0 b\u1ed9t<\/p>","protected":false},"featured_media":33514,"comment_status":"open","ping_status":"closed","template":"","meta":[],"product_brand":[],"product_cat":[36,133],"product_tag":[],"class_list":{"0":"post-33510","1":"product","2":"type-product","3":"status-publish","4":"has-post-thumbnail","6":"product_cat-thuc-pham-tieu-dung","7":"product_cat-banh-keo-chocolate","9":"first","10":"instock","11":"sale","12":"shipping-taxable","13":"purchasable","14":"product-type-simple"},"_links":{"self":[{"href":"https:\/\/havamall.vn\/en\/wp-json\/wp\/v2\/product\/33510"}],"collection":[{"href":"https:\/\/havamall.vn\/en\/wp-json\/wp\/v2\/product"}],"about":[{"href":"https:\/\/havamall.vn\/en\/wp-json\/wp\/v2\/types\/product"}],"replies":[{"embeddable":true,"href":"https:\/\/havamall.vn\/en\/wp-json\/wp\/v2\/comments?post=33510"}],"version-history":[{"count":0,"href":"https:\/\/havamall.vn\/en\/wp-json\/wp\/v2\/product\/33510\/revisions"}],"wp:featuredmedia":[{"embeddable":true,"href":"https:\/\/havamall.vn\/en\/wp-json\/wp\/v2\/media\/33514"}],"wp:attachment":[{"href":"https:\/\/havamall.vn\/en\/wp-json\/wp\/v2\/media?parent=33510"}],"wp:term":[{"taxonomy":"product_brand","embeddable":true,"href":"https:\/\/havamall.vn\/en\/wp-json\/wp\/v2\/product_brand?post=33510"},{"taxonomy":"product_cat","embeddable":true,"href":"https:\/\/havamall.vn\/en\/wp-json\/wp\/v2\/product_cat?post=33510"},{"taxonomy":"product_tag","embeddable":true,"href":"https:\/\/havamall.vn\/en\/wp-json\/wp\/v2\/product_tag?post=33510"}],"curies":[{"name":"wp","href":"https:\/\/api.w.org\/{rel}","templated":true}]}}