{"id":33503,"date":"2023-12-28T10:47:28","date_gmt":"2023-12-28T03:47:28","guid":{"rendered":"https:\/\/havamall.vn\/?post_type=product&#038;p=33503"},"modified":"2023-12-28T10:47:29","modified_gmt":"2023-12-28T03:47:29","slug":"keo-trai-cay-fox-hop-180g-vi-ngau-nhien-foxs-crystal-clear-fruity-mints-candy","status":"publish","type":"product","link":"https:\/\/havamall.vn\/en\/shop\/keo-trai-cay-fox-hop-180g-vi-ngau-nhien-foxs-crystal-clear-fruity-mints-candy\/","title":{"rendered":"K\u1eb9o Tr\u00e1i C\u00e2y Fox H\u1ed9p 180g (V\u1ecb Ng\u1eabu Nhi\u00ean) &#8211; Fox&#8217;s Crystal Clear Fruity Mints Candy"},"content":{"rendered":"<h2><strong>TH\u00d4NG TIN CHUNG<\/strong><\/h2>\n<table>\n<tbody>\n<tr>\n<td>Th\u01b0\u01a1ng hi\u1ec7u<\/td>\n<td>Fox\u2019s<\/td>\n<\/tr>\n<tr>\n<td>Xu\u1ea5t x\u1ee9<\/td>\n<td>Indonesia<\/td>\n<\/tr>\n<tr>\n<td>Th\u00e0nh ph\u1ea7n<\/td>\n<td>\u0110\u01b0\u1eddng, siro glucose, acid lactic, h\u01b0\u01a1ng li\u1ec7u gi\u1ed1ng t\u1ef1 nhi\u00ean v\u00e0 chi\u1ebft xu\u1ea5t t\u1eeb cam, blackcurrant v\u00e0 chanh, h\u01b0\u01a1ng li\u1ec7u v\u00e0 ch\u1ea5t chi\u1ebft xu\u1ea5t qu\u1ea3 d\u00e2u t\u00e2y, ph\u1ea9m m\u00e0u th\u1ef1c ph\u1ea9m t\u1ef1 nhi\u00ean<\/td>\n<\/tr>\n<tr>\n<td>H\u1ea1n s\u1eed d\u1ee5ng<\/td>\n<td>24 th\u00e1ng k\u1ec3 t\u1eeb ng\u00e0y s\u1ea3n xu\u1ea5t.<\/td>\n<\/tr>\n<tr>\n<td>B\u1ea3o qu\u1ea3n<\/td>\n<td>N\u01a1i kh\u00f4 r\u00e1o, tho\u00e1ng m\u00e1t, \u0111\u1ea3m b\u1ea3o v\u1ec7 sinh an to\u00e0n th\u1ef1c ph\u1ea9m, tr\u00e1nh \u00e1nh s\u00e1ng m\u1eb7t tr\u1edbi chi\u1ebfu tr\u1ef1c ti\u1ebfp<\/td>\n<\/tr>\n<tr>\n<td>\u00a0Kh\u1ed1i l\u01b0\u1ee3ng<\/td>\n<td>180g<\/td>\n<\/tr>\n<\/tbody>\n<\/table>\n<p>K\u1eb9o tr\u00e1i c\u00e2y Fox\u2019s\u00a0\u0111\u01b0\u1ee3c r\u1ea5t nhi\u1ec1u ng\u01b0\u1eddi l\u1ef1a ch\u1ecdn\u00a0b\u1edfi nh\u1eefng nguy\u00ean li\u1ec7u ch\u1ecdn l\u1ecdc t\u1ef1 nhi\u00ean, an to\u00e0n cho s\u1ee9c kh\u1ecfe ng\u01b0\u1eddi s\u1eed d\u1ee5ng. Nh\u1eefng vi\u00ean k\u1eb9o \u0111\u1ea7y m\u00e0u s\u1eafc ch\u1eafc ch\u1eafn s\u1ebd cu\u1ed1n h\u00fat b\u1ea1n t\u1eeb l\u1ea7n \u0111\u1ea7u th\u01b0\u1edfng th\u1ee9c.\u00a0Kh\u00f4ng nh\u1eefng th\u1ebf s\u1ea3n ph\u1ea9m c\u00f3 h\u01b0\u01a1ng v\u1ecb tr\u00e1i c\u00e2y quen thu\u1ed9c nh\u01b0 cam, chanh, nho \u0111en v\u00e0 d\u00e2u t\u00e2y cho b\u1ea1n tho\u1ea3i m\u00e1i\u00a0l\u1ef1a ch\u1ecdn h\u01b0\u01a1ng v\u1ecb m\u00e0\u00a0m\u00ecnh y\u00eau th\u00edch.<\/p>\n<p><img fetchpriority=\"high\" decoding=\"async\" class=\"wp-image-33505 aligncenter\" src=\"https:\/\/havamall.vn\/wp-content\/uploads\/2023\/12\/342715204_903815384307705_4485964010801580616_n-240x300.jpeg\" alt=\"\" width=\"702\" height=\"877\" srcset=\"https:\/\/havamall.vn\/wp-content\/uploads\/2023\/12\/342715204_903815384307705_4485964010801580616_n-240x300.jpeg 240w, https:\/\/havamall.vn\/wp-content\/uploads\/2023\/12\/342715204_903815384307705_4485964010801580616_n-600x750.jpeg 600w, https:\/\/havamall.vn\/wp-content\/uploads\/2023\/12\/342715204_903815384307705_4485964010801580616_n-1200x1501.jpeg 1200w, https:\/\/havamall.vn\/wp-content\/uploads\/2023\/12\/342715204_903815384307705_4485964010801580616_n-768x960.jpeg 768w, https:\/\/havamall.vn\/wp-content\/uploads\/2023\/12\/342715204_903815384307705_4485964010801580616_n-819x1024.jpeg 819w, https:\/\/havamall.vn\/wp-content\/uploads\/2023\/12\/342715204_903815384307705_4485964010801580616_n.jpeg 1349w\" sizes=\"(max-width: 702px) 100vw, 702px\" \/><\/p>\n<p>Ngo\u00e0i ra, v\u1edbi c\u00f4ng ngh\u1ec7 s\u1ea3n xu\u1ea5t hi\u1ec7n \u0111\u1ea1i, s\u1ea3n ph\u1ea9m \u0111\u1ea1t ti\u00eau chu\u1ea9n v\u1ec7 sinh th\u1ef1c ph\u1ea9m, an to\u00e0n cho s\u1ee9c kh\u1ecfe ng\u01b0\u1eddi d\u00f9ng.\u00a0K\u1eb9o tr\u00e1i c\u00e2y Fox\u2019s\u00a0ch\u1eafc ch\u1eafn s\u1ebd l\u00e0 m\u00f3n qu\u00e0 h\u1ea5p d\u1eabn d\u00e0nh cho c\u00e1c em nh\u1ecf.\u00a0S\u1ea3n ph\u1ea9m \u0111\u00f3ng h\u1ed9p ti\u1ec7n l\u1ee3i cho vi\u1ec7c s\u1eed d\u1ee5ng v\u00e0 b\u1ea3o qu\u1ea3n.<\/p>\n<div id=\"tab_content_product_introduction\" class=\"tab-content active\">\n<p>V\u1ecb ng\u1ecdt c\u1ee7a k\u1eb9o c\u00f9ng v\u1ecb tr\u00e1i c\u00e2y ch\u1eafc h\u1eb3n s\u1ebd mang \u0111\u1ebfn cho ng\u01b0\u1eddi d\u00f9ng s\u1ef1 th\u00edch th\u00fa khi th\u01b0\u1edfng th\u1ee9c. L\u01b0\u1ee3ng \u0111\u01b0\u1eddng trong k\u1eb9o s\u1ebd gi\u00fap b\u1ed5 sung vitamin C cho c\u01a1 th\u1ec3 ngay khi c\u1ea7n thi\u1ebft.\u00a0K\u1eb9o tr\u00e1i c\u00e2y Fox\u2019s\u00a0ph\u00f9 h\u1ee3p v\u1edbi nhi\u1ec1u m\u1ee5c \u0111\u00edch s\u1eed d\u1ee5ng kh\u00e1c nhau, c\u00f3 th\u1ec3 v\u1eeba l\u00e0m \u0111\u1ed3 \u0103n v\u1eb7t v\u1eeba l\u00e0m \u0111\u1ed3 ch\u01a1i, \u0111em l\u1ea1i cho b\u00e9 ni\u1ec1m vui m\u1ed7i khi s\u1eed d\u1ee5ng.<\/p>\n<p><img decoding=\"async\" class=\"wp-image-33504 aligncenter\" src=\"https:\/\/havamall.vn\/wp-content\/uploads\/2023\/12\/86318059_10157592084770412_1964975764445069312_n-241x300.jpeg\" alt=\"\" width=\"695\" height=\"865\" srcset=\"https:\/\/havamall.vn\/wp-content\/uploads\/2023\/12\/86318059_10157592084770412_1964975764445069312_n-241x300.jpeg 241w, https:\/\/havamall.vn\/wp-content\/uploads\/2023\/12\/86318059_10157592084770412_1964975764445069312_n-600x748.jpeg 600w, https:\/\/havamall.vn\/wp-content\/uploads\/2023\/12\/86318059_10157592084770412_1964975764445069312_n.jpeg 770w\" sizes=\"(max-width: 695px) 100vw, 695px\" \/><\/p>\n<p>K\u1eb9o Fox&#8217;s c\u00f3 th\u00e0nh ph\u1ea7n l\u00e0m t\u1eeb nguy\u00ean li\u1ec7u \u0111\u01b0\u1eddng, h\u01b0\u01a1ng b\u1ea1c h\u00e0 t\u1ef1 nhi\u00ean v\u00e0 mu\u1ed1i, siro glucose \u0111\u00e3 qua qu\u00e1 tr\u00ecnh ki\u1ec3m \u0111\u1ecbnh k\u1ef9 l\u01b0\u1ee1ng, an to\u00e0n cho s\u1ee9c kh\u1ecfe ng\u01b0\u1eddi d\u00f9ng. S\u1ea3n ph\u1ea9m thu\u1ed9c th\u01b0\u01a1ng hi\u1ec7u uy t\u00edn n\u00ean nh\u1eadn \u0111\u01b0\u1ee3c s\u1ef1 tin c\u1eady t\u1eeb ng\u01b0\u1eddi ti\u00eau d\u00f9ng.<\/p>\n<p>K\u1eb9o c\u00f3 h\u01b0\u01a1ng b\u1ea1c h\u00e0 th\u01a1m ngon, h\u1ea5p d\u1eabn s\u1ebd mang l\u1ea1i cho b\u1ea1n nh\u1eefng ph\u00fat gi\u1ea3i tr\u00ed v\u00e0 th\u01b0\u1edfng th\u1ee9c k\u1eb9o th\u1eadt tuy\u1ec7t v\u1eddi b\u00ean c\u1ea1nh b\u1ea1n b\u00e8 ho\u1eb7c ng\u01b0\u1eddi th\u00e2n. S\u1ea3n ph\u1ea9m \u0111\u00f3ng h\u1ed9p nh\u1ecf g\u1ecdn, c\u00f3 th\u1ec3 mang theo b\u00ean m\u00ecnh khi ra ngo\u00e0i.<\/p>\n<p><img decoding=\"async\" class=\"wp-image-33506 aligncenter\" src=\"https:\/\/havamall.vn\/wp-content\/uploads\/2023\/12\/Se3d4f93341a0414ea09a5d4e2a1088b6d-300x300.jpeg\" alt=\"\" width=\"685\" height=\"685\" srcset=\"https:\/\/havamall.vn\/wp-content\/uploads\/2023\/12\/Se3d4f93341a0414ea09a5d4e2a1088b6d-300x300.jpeg 300w, https:\/\/havamall.vn\/wp-content\/uploads\/2023\/12\/Se3d4f93341a0414ea09a5d4e2a1088b6d-600x600.jpeg 600w, https:\/\/havamall.vn\/wp-content\/uploads\/2023\/12\/Se3d4f93341a0414ea09a5d4e2a1088b6d-150x150.jpeg 150w, https:\/\/havamall.vn\/wp-content\/uploads\/2023\/12\/Se3d4f93341a0414ea09a5d4e2a1088b6d-768x768.jpeg 768w, https:\/\/havamall.vn\/wp-content\/uploads\/2023\/12\/Se3d4f93341a0414ea09a5d4e2a1088b6d-100x100.jpeg 100w, https:\/\/havamall.vn\/wp-content\/uploads\/2023\/12\/Se3d4f93341a0414ea09a5d4e2a1088b6d.jpeg 800w\" sizes=\"(max-width: 685px) 100vw, 685px\" \/><\/p>\n<p>K\u1eb9o b\u1ea1c h\u00e0 Fox&#8217;s \u0111\u01b0\u1ee3c s\u1ea3n xu\u1ea5t tr\u00ean d\u00e2y chuy\u1ec1n kh\u00e9p k\u00edn, \u0111\u00e1p \u1ee9ng ti\u00eau chu\u1ea9n ch\u1ea5t l\u01b0\u1ee3ng cao. S\u1ea3n ph\u1ea9m kh\u00f4ng ch\u1ee9a h\u00f3a ch\u1ea5t hay ch\u1ea5t b\u1ea3o qu\u1ea3n, \u0111\u1ea3m b\u1ea3o an to\u00e0n cho s\u1ee9c kh\u1ecfe ng\u01b0\u1eddi d\u00f9ng.<\/p>\n<h2><strong>\u0110\u1eb6C \u0110I\u1ec2M N\u00d4I B\u1eacT C\u1ee6A S\u1ea2N PH\u1ea8M<\/strong><\/h2>\n<ul>\n<li>H\u01b0\u01a1ng v\u1ecb th\u01a1m ngon, b\u1ed5 d\u01b0\u1ee1ng<\/li>\n<li>Nh\u1eefng vi\u00ean k\u1eb9o xinh x\u1eafn, \u0111\u1ea7y m\u00e0u s\u1eafc<\/li>\n<li>An to\u00e0n cho s\u1ee9c kh\u1ecfe ng\u01b0\u1eddi s\u1eed d\u1ee5ng<\/li>\n<\/ul>\n<p><img loading=\"lazy\" decoding=\"async\" class=\"wp-image-33507 aligncenter\" src=\"https:\/\/havamall.vn\/wp-content\/uploads\/2023\/12\/Se7a830b121b84e71ad288182f26594fe1-300x300.jpeg\" alt=\"\" width=\"679\" height=\"679\" srcset=\"https:\/\/havamall.vn\/wp-content\/uploads\/2023\/12\/Se7a830b121b84e71ad288182f26594fe1-300x300.jpeg 300w, https:\/\/havamall.vn\/wp-content\/uploads\/2023\/12\/Se7a830b121b84e71ad288182f26594fe1-600x600.jpeg 600w, https:\/\/havamall.vn\/wp-content\/uploads\/2023\/12\/Se7a830b121b84e71ad288182f26594fe1-150x150.jpeg 150w, https:\/\/havamall.vn\/wp-content\/uploads\/2023\/12\/Se7a830b121b84e71ad288182f26594fe1-768x768.jpeg 768w, https:\/\/havamall.vn\/wp-content\/uploads\/2023\/12\/Se7a830b121b84e71ad288182f26594fe1-100x100.jpeg 100w, https:\/\/havamall.vn\/wp-content\/uploads\/2023\/12\/Se7a830b121b84e71ad288182f26594fe1.jpeg 800w\" sizes=\"(max-width: 679px) 100vw, 679px\" \/><\/p>\n<\/div>","protected":false},"excerpt":{"rendered":"<p>TH\u00d4NG TIN CHUNG Th\u01b0\u01a1ng hi\u1ec7u Fox\u2019s Xu\u1ea5t x\u1ee9 Indonesia Th\u00e0nh ph\u1ea7n \u0110\u01b0\u1eddng, siro glucose, acid lactic, h\u01b0\u01a1ng li\u1ec7u gi\u1ed1ng t\u1ef1<\/p>","protected":false},"featured_media":33508,"comment_status":"open","ping_status":"closed","template":"","meta":[],"product_brand":[],"product_cat":[36,133],"product_tag":[],"class_list":{"0":"post-33503","1":"product","2":"type-product","3":"status-publish","4":"has-post-thumbnail","6":"product_cat-thuc-pham-tieu-dung","7":"product_cat-banh-keo-chocolate","9":"first","10":"instock","11":"sale","12":"shipping-taxable","13":"purchasable","14":"product-type-simple"},"_links":{"self":[{"href":"https:\/\/havamall.vn\/en\/wp-json\/wp\/v2\/product\/33503"}],"collection":[{"href":"https:\/\/havamall.vn\/en\/wp-json\/wp\/v2\/product"}],"about":[{"href":"https:\/\/havamall.vn\/en\/wp-json\/wp\/v2\/types\/product"}],"replies":[{"embeddable":true,"href":"https:\/\/havamall.vn\/en\/wp-json\/wp\/v2\/comments?post=33503"}],"version-history":[{"count":0,"href":"https:\/\/havamall.vn\/en\/wp-json\/wp\/v2\/product\/33503\/revisions"}],"wp:featuredmedia":[{"embeddable":true,"href":"https:\/\/havamall.vn\/en\/wp-json\/wp\/v2\/media\/33508"}],"wp:attachment":[{"href":"https:\/\/havamall.vn\/en\/wp-json\/wp\/v2\/media?parent=33503"}],"wp:term":[{"taxonomy":"product_brand","embeddable":true,"href":"https:\/\/havamall.vn\/en\/wp-json\/wp\/v2\/product_brand?post=33503"},{"taxonomy":"product_cat","embeddable":true,"href":"https:\/\/havamall.vn\/en\/wp-json\/wp\/v2\/product_cat?post=33503"},{"taxonomy":"product_tag","embeddable":true,"href":"https:\/\/havamall.vn\/en\/wp-json\/wp\/v2\/product_tag?post=33503"}],"curies":[{"name":"wp","href":"https:\/\/api.w.org\/{rel}","templated":true}]}}