{"id":33496,"date":"2023-12-27T17:08:13","date_gmt":"2023-12-27T10:08:13","guid":{"rendered":"https:\/\/havamall.vn\/?post_type=product&#038;p=33496"},"modified":"2023-12-27T17:08:59","modified_gmt":"2023-12-27T10:08:59","slug":"chai-socola-hanh-nhan-king-henry-tiramisu-120g","status":"publish","type":"product","link":"https:\/\/havamall.vn\/en\/shop\/chai-socola-hanh-nhan-king-henry-tiramisu-120g\/","title":{"rendered":"Chai Socola H\u1ea1nh Nh\u00e2n King Henry Tiramisu 120g"},"content":{"rendered":"<h2><\/h2>\n<h2><strong>TH\u00d4NG TIN CHUNG<\/strong><\/h2>\n<table>\n<tbody>\n<tr>\n<td>Th\u01b0\u01a1ng hi\u1ec7u<\/td>\n<td>King Henry<\/td>\n<\/tr>\n<tr>\n<td>Xu\u1ea5t x\u1ee9<\/td>\n<td>Anh<\/td>\n<\/tr>\n<tr>\n<td>Th\u00e0nh ph\u1ea7n<\/td>\n<td>B\u1ed9t cacao, h\u1ea1nh nh\u00e2n, \u0111\u01b0\u1eddng,&#8230;<\/td>\n<\/tr>\n<tr>\n<td>H\u1ea1n s\u1eed d\u1ee5ng<\/td>\n<td>18 th\u00e1ng k\u1ec3 t\u1eeb ng\u00e0y s\u1ea3n xu\u1ea5t.<\/td>\n<\/tr>\n<tr>\n<td>B\u1ea3o qu\u1ea3n<\/td>\n<td>\u0110\u1ec3 n\u01a1i kh\u00f4 r\u00e1o, tho\u00e1ng m\u00e1t, tr\u00e1nh \u00e1nh n\u1eafng tr\u1ef1c ti\u1ebfp<\/td>\n<\/tr>\n<tr>\n<td>Kh\u1ed1i l\u01b0\u1ee3ng t\u1ecbnh<\/td>\n<td>120g<\/td>\n<\/tr>\n<\/tbody>\n<\/table>\n<p>Chocolate Tiramisu l\u00e0 m\u1ed9t s\u00e1ng t\u1ea1o ngon mi\u1ec7ng b\u1edfi s\u1ef1 k\u1ebft h\u1ee3p tinh t\u1ebf c\u1ee7a hai th\u00e0nh ph\u1ea7n ch\u00ednh: chocolate v\u00e0 h\u1ea1t h\u1ea1nh nh\u00e2n th\u01a1m ngon, gi\u00f2n ng\u1ecdt. M\u1ed7i nguy\u00ean li\u1ec7u \u0111\u1ec1u \u0111\u01b0\u1ee3c tuy\u1ec3n ch\u1ecdn c\u1ea9n th\u1eadn \u0111\u1ec3 mang \u0111\u1ebfn nh\u1eefng s\u1ea3n ph\u1ea9m t\u1ed1t nh\u1ea5t cho kh\u00e1ch h\u00e0ng. S\u1ef1 h\u00f2a quy\u1ec7n gi\u1eefa h\u01b0\u01a1ng v\u1ecb \u0111\u1eadm \u0111\u00e0 c\u1ee7a h\u1ea1nh nh\u00e2n v\u00e0 n\u00e9t \u0111\u1eb7c bi\u1ec7t c\u1ee7a socola t\u1ea1o n\u00ean m\u1ed9t vi\u00ean k\u1eb9o v\u00f4 c\u00f9ng \u0111\u1ed9c \u0111\u00e1o.<\/p>\n<p><img fetchpriority=\"high\" decoding=\"async\" class=\"wp-image-33500 aligncenter\" src=\"https:\/\/havamall.vn\/wp-content\/uploads\/2023\/12\/Screen-Shot-2023-12-27-at-5.05.55-PM-300x292.png\" alt=\"\" width=\"664\" height=\"646\" srcset=\"https:\/\/havamall.vn\/wp-content\/uploads\/2023\/12\/Screen-Shot-2023-12-27-at-5.05.55-PM-300x292.png 300w, https:\/\/havamall.vn\/wp-content\/uploads\/2023\/12\/Screen-Shot-2023-12-27-at-5.05.55-PM-600x584.png 600w, https:\/\/havamall.vn\/wp-content\/uploads\/2023\/12\/Screen-Shot-2023-12-27-at-5.05.55-PM-768x748.png 768w, https:\/\/havamall.vn\/wp-content\/uploads\/2023\/12\/Screen-Shot-2023-12-27-at-5.05.55-PM.png 838w\" sizes=\"(max-width: 664px) 100vw, 664px\" \/><\/p>\n<p>H\u1ea1nh nh\u00e2n th\u01b0\u1eddng \u0111\u01b0\u1ee3c th\u00eam v\u00e0o Chocolate Tiramisu \u0111\u1ec3 cung c\u1ea5p \u0111\u1ed9 gi\u00f2n v\u00e0 h\u01b0\u01a1ng v\u1ecb \u0111\u1ed9c \u0111\u00e1o, socola th\u01b0\u1eddng \u0111\u01b0\u1ee3c s\u1eed d\u1ee5ng \u0111\u1ec3 bao ph\u1ee7 k\u1eb9o, t\u1ea1o l\u1edbp h\u01b0\u01a1ng v\u1ecb socola ng\u1ecdt v\u00e0 \u0111\u1eafng th\u00fa v\u1ecb. T\u1ea5t c\u1ea3 t\u1ea1o n\u00ean s\u1ef1 t\u01b0\u01a1i ngon v\u00e0 b\u00e9o ng\u1eady cho t\u1eebng vi\u00ean Chocolate Tiramisu.<\/p>\n<p>Chai Socola King Henry Tiramisu &#8211; 120g v\u1edbi h\u1ea1nh nh\u00e2n l\u00e0 m\u1ed9t s\u1ea3n ph\u1ea9m socola th\u01b0\u1ee3ng h\u1ea1ng v\u1edbi h\u01b0\u01a1ng v\u1ecb \u0111\u1eb7c bi\u1ec7t c\u1ee7a Tiramisu v\u00e0 h\u1ea1nh nh\u00e2n th\u01a1m ngon. S\u1ea3n ph\u1ea9m n\u00e0y kh\u00f4ng ch\u1ec9 l\u00e0 m\u00f3n ngon, m\u00e0 c\u00f2n l\u00e0 s\u1ef1 k\u1ebft h\u1ee3p ho\u00e0n h\u1ea3o gi\u1eefa socola v\u00e0 h\u1ea1nh nh\u00e2n.<\/p>\n<p><img decoding=\"async\" class=\"wp-image-33498 aligncenter\" src=\"https:\/\/havamall.vn\/wp-content\/uploads\/2023\/12\/ruou-tiramisu-socola-hanh-nhan-vang-300x300.jpeg\" alt=\"\" width=\"697\" height=\"697\" srcset=\"https:\/\/havamall.vn\/wp-content\/uploads\/2023\/12\/ruou-tiramisu-socola-hanh-nhan-vang-300x300.jpeg 300w, https:\/\/havamall.vn\/wp-content\/uploads\/2023\/12\/ruou-tiramisu-socola-hanh-nhan-vang-600x600.jpeg 600w, https:\/\/havamall.vn\/wp-content\/uploads\/2023\/12\/ruou-tiramisu-socola-hanh-nhan-vang-150x150.jpeg 150w, https:\/\/havamall.vn\/wp-content\/uploads\/2023\/12\/ruou-tiramisu-socola-hanh-nhan-vang-768x768.jpeg 768w, https:\/\/havamall.vn\/wp-content\/uploads\/2023\/12\/ruou-tiramisu-socola-hanh-nhan-vang-100x100.jpeg 100w, https:\/\/havamall.vn\/wp-content\/uploads\/2023\/12\/ruou-tiramisu-socola-hanh-nhan-vang.jpeg 800w\" sizes=\"(max-width: 697px) 100vw, 697px\" \/><\/p>\n<p>Chai Socola King Henry Tiramisu mang \u0111\u1ebfn h\u01b0\u01a1ng v\u1ecb \u0111\u1ed9c \u0111\u00e1o c\u1ee7a Tiramisu, h\u00f2a quy\u1ec7n v\u1edbi socola th\u01a1m ngon. \u0110\u00e2y l\u00e0 m\u00f3n \u0103n l\u00fd t\u01b0\u1edfng cho nh\u1eefng ng\u01b0\u1eddi y\u00eau th\u00edch h\u01b0\u01a1ng v\u1ecb b\u00e1nh Tiramisu ng\u1ecdt ng\u00e0o v\u00e0 b\u00e9o ng\u1eady.<\/p>\n<p>Socola King Henry lu\u00f4n n\u1ed5i ti\u1ebfng v\u1edbi ch\u1ea5t l\u01b0\u1ee3ng v\u00e0 \u0111\u1ed9 t\u01b0\u01a1i ngon. S\u1ea3n ph\u1ea9m n\u00e0y kh\u00f4ng l\u00e0m ngo\u1ea1i l\u1ec7, \u0111\u1ea3m b\u1ea3o b\u1ea1n th\u01b0\u1edfng th\u1ee9c h\u01b0\u01a1ng v\u1ecb socola ngon nh\u1ea5t. Chai 120g l\u00e0 m\u1ed9t k\u00edch th\u01b0\u1edbc l\u00fd t\u01b0\u1edfng \u0111\u1ec3 th\u01b0\u1edfng th\u1ee9c trong th\u1eddi gian d\u00e0i ho\u1eb7c \u0111\u1ec3 t\u1eb7ng qu\u00e0 cho ng\u01b0\u1eddi th\u00e2n y\u00eau.\u00a0H\u1ed9p k\u1eb9o nh\u1ecf xinh, \u0111\u00e1ng y\u00eau, l\u00e0 l\u1ef1a ch\u1ecdn l\u00fd t\u01b0\u1edfng \u0111\u1ec3 th\u00eam v\u00e0o gi\u1ecf qu\u00e0 ho\u1eb7c l\u00e0m qu\u00e0 t\u1eb7ng trong c\u00e1c d\u1ecbp l\u1ec5 T\u1ebft, l\u1ec5 h\u1ed9i.<\/p>\n<p><img decoding=\"async\" class=\"wp-image-33497 aligncenter\" src=\"https:\/\/havamall.vn\/wp-content\/uploads\/2023\/12\/406871120_1460024274842717_5116379945049398256_n-225x300.jpeg\" alt=\"\" width=\"687\" height=\"916\" srcset=\"https:\/\/havamall.vn\/wp-content\/uploads\/2023\/12\/406871120_1460024274842717_5116379945049398256_n-225x300.jpeg 225w, https:\/\/havamall.vn\/wp-content\/uploads\/2023\/12\/406871120_1460024274842717_5116379945049398256_n-600x800.jpeg 600w, https:\/\/havamall.vn\/wp-content\/uploads\/2023\/12\/406871120_1460024274842717_5116379945049398256_n-1200x1600.jpeg 1200w, https:\/\/havamall.vn\/wp-content\/uploads\/2023\/12\/406871120_1460024274842717_5116379945049398256_n-768x1024.jpeg 768w, https:\/\/havamall.vn\/wp-content\/uploads\/2023\/12\/406871120_1460024274842717_5116379945049398256_n.jpeg 1536w\" sizes=\"(max-width: 687px) 100vw, 687px\" \/><\/p>","protected":false},"excerpt":{"rendered":"<p>TH\u00d4NG TIN CHUNG Th\u01b0\u01a1ng hi\u1ec7u King Henry Xu\u1ea5t x\u1ee9 Anh Th\u00e0nh ph\u1ea7n B\u1ed9t cacao, h\u1ea1nh nh\u00e2n, \u0111\u01b0\u1eddng,&#8230; H\u1ea1n s\u1eed d\u1ee5ng<\/p>","protected":false},"featured_media":33501,"comment_status":"open","ping_status":"closed","template":"","meta":[],"product_brand":[],"product_cat":[36,133],"product_tag":[],"class_list":{"0":"post-33496","1":"product","2":"type-product","3":"status-publish","4":"has-post-thumbnail","6":"product_cat-thuc-pham-tieu-dung","7":"product_cat-banh-keo-chocolate","9":"first","10":"instock","11":"sale","12":"shipping-taxable","13":"purchasable","14":"product-type-simple"},"_links":{"self":[{"href":"https:\/\/havamall.vn\/en\/wp-json\/wp\/v2\/product\/33496"}],"collection":[{"href":"https:\/\/havamall.vn\/en\/wp-json\/wp\/v2\/product"}],"about":[{"href":"https:\/\/havamall.vn\/en\/wp-json\/wp\/v2\/types\/product"}],"replies":[{"embeddable":true,"href":"https:\/\/havamall.vn\/en\/wp-json\/wp\/v2\/comments?post=33496"}],"version-history":[{"count":0,"href":"https:\/\/havamall.vn\/en\/wp-json\/wp\/v2\/product\/33496\/revisions"}],"wp:featuredmedia":[{"embeddable":true,"href":"https:\/\/havamall.vn\/en\/wp-json\/wp\/v2\/media\/33501"}],"wp:attachment":[{"href":"https:\/\/havamall.vn\/en\/wp-json\/wp\/v2\/media?parent=33496"}],"wp:term":[{"taxonomy":"product_brand","embeddable":true,"href":"https:\/\/havamall.vn\/en\/wp-json\/wp\/v2\/product_brand?post=33496"},{"taxonomy":"product_cat","embeddable":true,"href":"https:\/\/havamall.vn\/en\/wp-json\/wp\/v2\/product_cat?post=33496"},{"taxonomy":"product_tag","embeddable":true,"href":"https:\/\/havamall.vn\/en\/wp-json\/wp\/v2\/product_tag?post=33496"}],"curies":[{"name":"wp","href":"https:\/\/api.w.org\/{rel}","templated":true}]}}