{"id":33488,"date":"2023-12-27T16:09:06","date_gmt":"2023-12-27T09:09:06","guid":{"rendered":"https:\/\/havamall.vn\/?post_type=product&#038;p=33488"},"modified":"2023-12-27T16:09:07","modified_gmt":"2023-12-27T09:09:07","slug":"banh-quy-eudora-meo-than-tai-hop-giay-110g-butter-cookies-assorted","status":"publish","type":"product","link":"https:\/\/havamall.vn\/en\/shop\/banh-quy-eudora-meo-than-tai-hop-giay-110g-butter-cookies-assorted\/","title":{"rendered":"B\u00e1nh Quy EUDORA M\u00e8o Th\u1ea7n T\u00e0i H\u1ed9p Gi\u1ea5y 110g &#8211; Butter Cookies &amp; Assorted"},"content":{"rendered":"<h2><\/h2>\n<h2><strong>TH\u00d4NG TIN CHUNG<\/strong><\/h2>\n<table>\n<tbody>\n<tr>\n<td>Th\u01b0\u01a1ng hi\u1ec7u<\/td>\n<td>EUDORA<\/td>\n<\/tr>\n<tr>\n<td>Xu\u1ea5t x\u1ee9<\/td>\n<td>Indonesia<\/td>\n<\/tr>\n<tr>\n<td>Th\u00e0nh ph\u1ea7n<\/td>\n<td>B\u1ed9t m\u00ec, \u0111\u01b0\u1eddng, b\u01a1, d\u1ea7u c\u1ecd, b\u1ed9t \u0111\u1eadu n\u00e0nh, b\u1ed9t cacao,&#8230;<\/td>\n<\/tr>\n<tr>\n<td>H\u1ea1n s\u1eed d\u1ee5ng<\/td>\n<td>12 th\u00e1ng k\u1ec3 t\u1eeb ng\u00e0y s\u1ea3n xu\u1ea5t.<\/td>\n<\/tr>\n<tr>\n<td>B\u1ea3o qu\u1ea3n<\/td>\n<td>\u0110\u1ec3 n\u01a1i kh\u00f4 r\u00e1o, tho\u00e1ng m\u00e1t, tr\u00e1nh \u00e1nh n\u1eafng tr\u1ef1c ti\u1ebfp<\/td>\n<\/tr>\n<tr>\n<td>Kh\u1ed1i l\u01b0\u1ee3ng t\u1ecbnh<\/td>\n<td>110g<\/td>\n<\/tr>\n<\/tbody>\n<\/table>\n<p class=\"p\">B\u00e1nh quy EUDORA M\u00e8o Th\u1ea7n t\u00e0i h\u1ed9p gi\u1ea5y 110g c\u00f3 ki\u1ec3u d\u00e1ng sang tr\u1ecdng, m\u00e0u s\u1eafc \u0111\u1eb9p. V\u1edbi h\u01b0\u01a1ng v\u1ecb th\u01a1m ngon, \u0111\u1eadm \u0111\u00e0, B\u00e1nh quy EUDORA M\u00e8o Th\u1ea7n t\u00e0i h\u1ed9p gi\u1ea5y 110g l\u00e0 m\u00f3n \u0103n nh\u1eb9 l\u00fd t\u01b0\u1edfng cho m\u1ecdi l\u1ee9a tu\u1ed5i, ph\u00f9 h\u1ee3p v\u1edbi nh\u1eefng bu\u1ed5i sum h\u1ecdp gia \u0111\u00ecnh hay nh\u1eefng d\u1ecbp l\u1ec5, t\u1ebft.<\/p>\n<p class=\"p\">B\u00e1nh \u0111\u01b0\u1ee3c l\u00e0m t\u1eeb nh\u1eefng nguy\u00ean li\u1ec7u cao c\u1ea5p, bao g\u1ed3m b\u1ed9t m\u00ec, \u0111\u01b0\u1eddng, b\u01a1, s\u1eefa,\u2026 mang \u0111\u1ebfn h\u01b0\u01a1ng v\u1ecb th\u01a1m ngon, \u0111\u1eadm \u0111\u00e0 c\u1ee7a \u1ea9m th\u1ef1c. B\u00e1nh c\u00f3 v\u1ecb ng\u1ecdt thanh c\u1ee7a \u0111\u01b0\u1eddng, h\u00f2a quy\u1ec7n v\u1edbi v\u1ecb b\u00e9o ng\u1eady c\u1ee7a b\u01a1, t\u1ea1o n\u00ean m\u1ed9t h\u01b0\u01a1ng v\u1ecb kh\u00f3 c\u01b0\u1ee1ng.<img fetchpriority=\"high\" decoding=\"async\" class=\"wp-image-33491 aligncenter\" src=\"https:\/\/havamall.vn\/wp-content\/uploads\/2023\/12\/vn-11134201-23030-gbxw9jmmzqovde-300x300.jpeg\" alt=\"\" width=\"797\" height=\"797\" srcset=\"https:\/\/havamall.vn\/wp-content\/uploads\/2023\/12\/vn-11134201-23030-gbxw9jmmzqovde-300x300.jpeg 300w, https:\/\/havamall.vn\/wp-content\/uploads\/2023\/12\/vn-11134201-23030-gbxw9jmmzqovde-600x600.jpeg 600w, https:\/\/havamall.vn\/wp-content\/uploads\/2023\/12\/vn-11134201-23030-gbxw9jmmzqovde-150x150.jpeg 150w, https:\/\/havamall.vn\/wp-content\/uploads\/2023\/12\/vn-11134201-23030-gbxw9jmmzqovde-768x768.jpeg 768w, https:\/\/havamall.vn\/wp-content\/uploads\/2023\/12\/vn-11134201-23030-gbxw9jmmzqovde-100x100.jpeg 100w, https:\/\/havamall.vn\/wp-content\/uploads\/2023\/12\/vn-11134201-23030-gbxw9jmmzqovde.jpeg 1024w\" sizes=\"(max-width: 797px) 100vw, 797px\" \/><\/p>\n<p class=\"p\">B\u00e1nh quy EUDORA M\u00e8o Th\u1ea7n t\u00e0i h\u1ed9p gi\u1ea5y 110g \u0111\u01b0\u1ee3c n\u01b0\u1edbng gi\u00f2n tan, khi c\u1eafn v\u00e0o s\u1ebd nghe ti\u1ebfng \u201cr\u1ed9p r\u1ed9p\u201d r\u1ea5t vui tai. B\u00e1nh c\u00f3 \u0111\u1ed9 gi\u00f2n v\u1eeba ph\u1ea3i, kh\u00f4ng qu\u00e1 c\u1ee9ng c\u0169ng kh\u00f4ng qu\u00e1 m\u1ec1m, khi\u1ebfn ng\u01b0\u1eddi \u0103n c\u1ea3m th\u1ea5y th\u00edch th\u00fa.<\/p>\n<p>B\u00e1nh quy EUDORA M\u00e8o Th\u1ea7n t\u00e0i h\u1ed9p gi\u1ea5y 110g b\u1ed5 d\u01b0\u1ee1ng, th\u01a1m ngon, th\u00edch h\u1ee3p l\u00e0m m\u00f3n \u0103n nh\u1eb9 cho nh\u1eefng ng\u01b0\u1eddi b\u1eadn r\u1ed9n, k\u1ec3 c\u1ea3 tr\u1ebb em. B\u00e1nh \u0111\u01b0\u1ee3c \u0111\u00f3ng h\u1ed9p ti\u1ec7n d\u1ee5ng, d\u1ec5 b\u1ea3o qu\u1ea3n v\u00e0 d\u00f9ng \u0111\u01b0\u1ee3c l\u00e2u. B\u1ea1n c\u0169ng c\u00f3 th\u1ec3 mang theo d\u1ec5 d\u00e0ng trong nh\u1eefng chuy\u1ebfn \u0111i ch\u01a1i, picnic \u0111\u1ec3 c\u00f9ng chia s\u1ebb v\u1edbi m\u1ecdi ng\u01b0\u1eddi hay d\u00e0nh l\u00e0m qu\u00e0 t\u1eb7ng cho b\u1ea1n b\u00e8, ng\u01b0\u1eddi th\u00e2n.<\/p>\n<p><img decoding=\"async\" class=\"wp-image-33489 aligncenter\" src=\"https:\/\/havamall.vn\/wp-content\/uploads\/2023\/12\/3165ae259fcd8b3fb7af8298d57728dd-300x300.jpeg\" alt=\"\" width=\"784\" height=\"784\" srcset=\"https:\/\/havamall.vn\/wp-content\/uploads\/2023\/12\/3165ae259fcd8b3fb7af8298d57728dd-300x300.jpeg 300w, https:\/\/havamall.vn\/wp-content\/uploads\/2023\/12\/3165ae259fcd8b3fb7af8298d57728dd-600x600.jpeg 600w, https:\/\/havamall.vn\/wp-content\/uploads\/2023\/12\/3165ae259fcd8b3fb7af8298d57728dd-150x150.jpeg 150w, https:\/\/havamall.vn\/wp-content\/uploads\/2023\/12\/3165ae259fcd8b3fb7af8298d57728dd-768x768.jpeg 768w, https:\/\/havamall.vn\/wp-content\/uploads\/2023\/12\/3165ae259fcd8b3fb7af8298d57728dd-100x100.jpeg 100w, https:\/\/havamall.vn\/wp-content\/uploads\/2023\/12\/3165ae259fcd8b3fb7af8298d57728dd.jpeg 800w\" sizes=\"(max-width: 784px) 100vw, 784px\" \/><\/p>\n<p>B\u00e1nh quy EUDORA M\u00e8o Th\u1ea7n t\u00e0i h\u1ed9p gi\u1ea5y 110g \u0111\u01b0\u1ee3c l\u00e0m t\u1eeb nh\u1eefng nguy\u00ean li\u1ec7u ch\u1ecdn l\u1ecdc, tr\u00ean d\u00e2y chuy\u1ec1n s\u1ea3n xu\u1ea5t hi\u1ec7n \u0111\u1ea1i, \u0111\u1ea3m b\u1ea3o an to\u00e0n tuy\u1ec7t \u0111\u1ed1i cho ng\u01b0\u1eddi s\u1eed d\u1ee5ng. H\u01b0\u01a1ng v\u1ecb ho\u00e0n h\u1ea3o l\u1ea1i gi\u00e0u dinh d\u01b0\u1ee1ng, l\u00e0 m\u00f3n b\u00e1nh \u0103n nh\u1eb9 m\u00e0 ai c\u0169ng n\u00ean th\u1eed \u00edt nh\u1ea5t m\u1ed9t l\u1ea7n, \u0111\u1ea3m b\u1ea3o s\u1ea3n ph\u1ea9m lu\u00f4n t\u01b0\u01a1i m\u1edbi th\u01a1m ngon.<\/p>\n<p><img decoding=\"async\" class=\"wp-image-33490 aligncenter\" src=\"https:\/\/havamall.vn\/wp-content\/uploads\/2023\/12\/mceu_10799384031673429508050-300x200.jpeg\" alt=\"\" width=\"779\" height=\"519\" srcset=\"https:\/\/havamall.vn\/wp-content\/uploads\/2023\/12\/mceu_10799384031673429508050-300x200.jpeg 300w, https:\/\/havamall.vn\/wp-content\/uploads\/2023\/12\/mceu_10799384031673429508050-600x400.jpeg 600w, https:\/\/havamall.vn\/wp-content\/uploads\/2023\/12\/mceu_10799384031673429508050-768x512.jpeg 768w, https:\/\/havamall.vn\/wp-content\/uploads\/2023\/12\/mceu_10799384031673429508050-1024x683.jpeg 1024w, https:\/\/havamall.vn\/wp-content\/uploads\/2023\/12\/mceu_10799384031673429508050.jpeg 1200w\" sizes=\"(max-width: 779px) 100vw, 779px\" \/><\/p>\n<h2><strong>\u0110\u1eb6C \u0110I\u1ec2M N\u1ed4I B\u1eacT C\u1ee6A S\u00c1N PH\u1ea8M<\/strong><\/h2>\n<p>\u2013 S\u1ea3n ph\u1ea9m c\u00f3 h\u01b0\u01a1ng v\u1ecb th\u01a1m ngon c\u1ee7a nh\u1eefng nguy\u00ean li\u1ec7u t\u1ef1 nhi\u00ean \u0111\u01b0\u1ee3c ch\u1ecdn l\u1ecdc k\u0129 c\u00e0ng.<\/p>\n<p>\u2013 B\u00e1nh gi\u1ea5y c\u1ee9ng sang tr\u1ecdng, m\u00e0u s\u1eafc \u0111\u1eb9p l\u00e0 m\u00f3n qu\u00e0 t\u1eb7ng \u00fd ngh\u0129a cho nh\u1eefng d\u1ecbp \u0111\u1eb7c bi\u1ec7t.<\/p>\n<p>\u2013 B\u00e1nh quy EUDORA M\u00e8o Th\u1ea7n t\u00e0i h\u1ed9p gi\u1ea5y 110g gi\u00f2n r\u1ee5m, th\u01a1m ngon kh\u00f3 c\u01b0\u1ee1ng. B\u00e1nh d\u1ec5 \u0103n, h\u01b0\u01a1ng v\u1ecb th\u01a1m ngon, h\u1ee3p v\u1edbi nhi\u1ec1u kh\u1ea9u v\u1ecb ng\u01b0\u1eddi d\u00f9ng.<\/p>","protected":false},"excerpt":{"rendered":"<p>TH\u00d4NG TIN CHUNG Th\u01b0\u01a1ng hi\u1ec7u EUDORA Xu\u1ea5t x\u1ee9 Indonesia Th\u00e0nh ph\u1ea7n B\u1ed9t m\u00ec, \u0111\u01b0\u1eddng, b\u01a1, d\u1ea7u c\u1ecd, b\u1ed9t \u0111\u1eadu n\u00e0nh,<\/p>","protected":false},"featured_media":33492,"comment_status":"open","ping_status":"closed","template":"","meta":[],"product_brand":[],"product_cat":[36,133],"product_tag":[],"class_list":{"0":"post-33488","1":"product","2":"type-product","3":"status-publish","4":"has-post-thumbnail","6":"product_cat-thuc-pham-tieu-dung","7":"product_cat-banh-keo-chocolate","9":"first","10":"instock","11":"sale","12":"shipping-taxable","13":"purchasable","14":"product-type-simple"},"_links":{"self":[{"href":"https:\/\/havamall.vn\/en\/wp-json\/wp\/v2\/product\/33488"}],"collection":[{"href":"https:\/\/havamall.vn\/en\/wp-json\/wp\/v2\/product"}],"about":[{"href":"https:\/\/havamall.vn\/en\/wp-json\/wp\/v2\/types\/product"}],"replies":[{"embeddable":true,"href":"https:\/\/havamall.vn\/en\/wp-json\/wp\/v2\/comments?post=33488"}],"version-history":[{"count":0,"href":"https:\/\/havamall.vn\/en\/wp-json\/wp\/v2\/product\/33488\/revisions"}],"wp:featuredmedia":[{"embeddable":true,"href":"https:\/\/havamall.vn\/en\/wp-json\/wp\/v2\/media\/33492"}],"wp:attachment":[{"href":"https:\/\/havamall.vn\/en\/wp-json\/wp\/v2\/media?parent=33488"}],"wp:term":[{"taxonomy":"product_brand","embeddable":true,"href":"https:\/\/havamall.vn\/en\/wp-json\/wp\/v2\/product_brand?post=33488"},{"taxonomy":"product_cat","embeddable":true,"href":"https:\/\/havamall.vn\/en\/wp-json\/wp\/v2\/product_cat?post=33488"},{"taxonomy":"product_tag","embeddable":true,"href":"https:\/\/havamall.vn\/en\/wp-json\/wp\/v2\/product_tag?post=33488"}],"curies":[{"name":"wp","href":"https:\/\/api.w.org\/{rel}","templated":true}]}}