{"id":33470,"date":"2023-12-26T16:30:35","date_gmt":"2023-12-26T09:30:35","guid":{"rendered":"https:\/\/havamall.vn\/?post_type=product&#038;p=33470"},"modified":"2025-08-19T15:06:26","modified_gmt":"2025-08-19T08:06:26","slug":"socola-ferrero-collection-3-mau-15-vien-172g","status":"publish","type":"product","link":"https:\/\/havamall.vn\/en\/shop\/socola-ferrero-collection-3-mau-15-vien-172g\/","title":{"rendered":"Socola Ferrero Collection 3 M\u00e0u 15 Vi\u00ean 172g"},"content":{"rendered":"<h2><strong>TH\u00d4NG TIN CHUNG<\/strong><\/h2>\n<table>\n<tbody>\n<tr>\n<td>Th\u01b0\u01a1ng hi\u1ec7u<\/td>\n<td>Ferrero Rocher<\/td>\n<\/tr>\n<tr>\n<td>Xu\u1ea5t x\u1ee9<\/td>\n<td>\u00dd<\/td>\n<\/tr>\n<tr>\n<td>Th\u00e0nh ph\u1ea7n<\/td>\n<td>Socola\u00a0s\u1eefa, \u0111\u01b0\u1eddng, b\u01a1 cacao, kh\u1ed1i l\u01b0\u1ee3ng cacao, s\u1eefa b\u1ed9t t\u00e1ch kem, b\u01a1 c\u00f4 \u0111\u1eb7c, mu\u1ed1i, vani,&#8230;<\/td>\n<\/tr>\n<tr>\n<td>H\u1ea1n s\u1eed d\u1ee5ng<\/td>\n<td>12 th\u00e1ng k\u1ec3 t\u1eeb ng\u00e0y s\u1ea3n xu\u1ea5t.<\/td>\n<\/tr>\n<tr>\n<td>B\u1ea3o qu\u1ea3n<\/td>\n<td>\u0110\u1ec3 n\u01a1i kh\u00f4 r\u00e1o, tho\u00e1ng m\u00e1t, tr\u00e1nh \u00e1nh n\u1eafng tr\u1ef1c ti\u1ebfp<\/td>\n<\/tr>\n<tr>\n<td>Kh\u1ed1i l\u01b0\u1ee3ng t\u1ecbnh<\/td>\n<td>172g<\/td>\n<\/tr>\n<\/tbody>\n<\/table>\n<p>Th\u00e0nh l\u1eadp ngay t\u1eeb \u0111\u1ea7u nh\u1eefng n\u0103m 80 c\u1ee7a th\u1ebf k\u1ef7 XX,\u00a0<strong>socola Ferrero Rocher<\/strong>\u00a0\u0111\u01b0\u1ee3c coi l\u00e0 ni\u1ec1m t\u1ef1 h\u00e0o to l\u1edbn m\u00e0 \u1ea9m th\u1ef1c n\u01b0\u1edbc \u00dd \u0111\u00e3 lan t\u1ecfa ra kh\u1eafp 5 ch\u00e2u 4 b\u1ec3. Gi\u00e1 tr\u1ecb tinh hoa m\u00e0 th\u01b0\u01a1ng hi\u1ec7u n\u00e0y \u0111em l\u1ea1i \u0111\u01b0\u1ee3c \u201cg\u00f3i g\u1ecdn\u201d trong nh\u1eefng vi\u00ean chocolate \u0111\u1eadm \u0111\u00e0, th\u01a1m ngon, c\u1ef1c k\u1ef3 truy\u1ec1n th\u1ed1ng. Ng\u01b0\u1eddi ta y\u00eau th\u00edch\u00a0chocolate Ferrero Collection th\u01b0\u1eddng b\u1edfi 2 l\u00fd do ch\u00ednh: h\u01b0\u01a1ng v\u1ecb ng\u1ecdt ng\u00e0o, h\u1ea5p d\u1eabn c\u00f9ng v\u1ebb ngo\u00e0i sang ch\u1ea3nh, tinh t\u1ebf, \u201ckh\u00f4ng l\u1eabn v\u00e0o \u0111\u00e2u \u0111\u01b0\u1ee3c\u201d.<\/p>\n<p><img fetchpriority=\"high\" decoding=\"async\" class=\"wp-image-33472 aligncenter\" src=\"https:\/\/havamall.com\/wp-content\/uploads\/2025\/08\/1be0ae2a-2bd8-48a9-a954-01cc2e8f790f-300x300.jpg\" alt=\"\" width=\"744\" height=\"744\" \/><\/p>\n<p>Nh\u1eefng t\u00edn \u0111\u1ed3 h\u1ea3o ng\u1ecdt v\u1eabn th\u01b0\u1eddng truy\u1ec1n tai nhau v\u1ec1 c\u00f4ng th\u1ee9c \u0111\u1ed9c \u0111\u00e1o c\u1ee7a\u00a0Socola Ferrero Collection, \u0111\u00f3 l\u00e0 b\u1eefa ti\u1ec7c v\u1ecb gi\u00e1c ho\u00e0n h\u1ea3o c\u1ee7a b\u1ed9t cacao, s\u1eefa t\u01b0\u01a1i c\u00f9ng h\u1ea1t ph\u1ec9 rang v\u00e0 h\u1ea1nh nh\u00e2n th\u01a1m b\u00f9i.<\/p>\n<p>Tuy kh\u00f4ng s\u1edf h\u1eefu qu\u00e1 nhi\u1ec1u h\u01b0\u01a1ng v\u1ecb nh\u01b0ng m\u1ed7i s\u1ea3n ph\u1ea9m m\u00e0 Ferrero Rocher mang \u0111\u1ebfn \u0111\u1ec1u \u0111\u1eb7c bi\u1ec7t v\u00e0 th\u01a1m ngon \u0111\u1ebfn l\u1ea1. Trong s\u1ed1 \u0111\u00f3 ph\u1ea3i k\u1ec3 \u0111\u1ebfn socola Ferrero Collection 15 vi\u00ean \u2013 m\u1ed9t phi\u00ean b\u1ea3n qu\u00e0 t\u1eb7ng ho\u00e0n h\u1ea3o cho d\u1ecbp n\u0103m m\u1edbi v\u00e0 ng\u00e0y l\u1ec5 t\u00ecnh nh\u00e2n \u0111ang \u0111\u1ebfn g\u1ea7n.<\/p>\n<p><img decoding=\"async\" class=\"wp-image-33473 aligncenter\" src=\"https:\/\/havamall.com\/wp-content\/uploads\/2025\/08\/81MwKlh4q4L-300x300.jpg\" alt=\"\" width=\"738\" height=\"738\" \/><\/p>\n<p><strong>Socola Ferrero Collection\u00a0<\/strong>\u201c\u0111\u00e1nh th\u1ee9c\u201d v\u1ecb gi\u00e1c v\u1edbi h\u01b0\u01a1ng th\u01a1m ng\u1ecdt ng\u00e0o c\u1ee7a s\u1eefa, v\u1ecb \u0111\u1eadm \u0111\u00e0 \u0111\u1eb7c tr\u01b0ng t\u1eeb b\u1ed9t cacao nguy\u00ean ch\u1ea5t, c\u00f9ng v\u1edbi \u0111\u00f3 l\u00e0 c\u1ea3m gi\u00e1c b\u00f9i b\u00f9i, gi\u00f2n tan c\u1ee7a h\u1ea1t ph\u1ec9 v\u00e0 h\u1ea1nh nh\u00e2n rang th\u01a1m l\u1eebng. T\u1eebng nguy\u00ean li\u1ec7u \u0111\u1ec1u \u0111\u01b0\u1ee3c ch\u1ecdn l\u1ecdc v\u00e0 x\u1eed l\u00fd m\u1ed9t c\u00e1ch tinh t\u1ebf nh\u1eb1m gi\u1eef l\u1ea1i nh\u1eefng g\u00ec t\u1ef1 nhi\u00ean nh\u1ea5t b\u00ean trong khoang mi\u1ec7ng c\u1ee7a b\u1ea1n. Socola Ferrero Collection 15 vi\u00ean mang h\u1eadu v\u1ecb ng\u1ecdt d\u1ecbu, v\u1eeba ph\u1ea3i n\u00ean d\u00f9 c\u00f3 th\u01b0\u1edfng th\u1ee9c nhi\u1ec1u l\u1eabn \u0111i ch\u0103ng n\u1eefa th\u00ec c\u1ea3m gi\u00e1c \u201cth\u00f2m th\u00e8m\u201d, say \u0111\u1eafm v\u1eabn lu\u00f4n l\u00e0 tr\u1ea3i nghi\u1ec7m kh\u00f3 qu\u00ean c\u1ee7a m\u00f3n tr\u00e1ng mi\u1ec7ng h\u1ea5p d\u1eabn n\u00e0y.<\/p>\n<p><img decoding=\"async\" class=\"wp-image-33475 aligncenter\" src=\"https:\/\/havamall.com\/wp-content\/uploads\/2025\/08\/d97190398a2b9e19286e063ca3d205a1-300x300.jpg\" alt=\"\" width=\"739\" height=\"739\" \/><\/p>\n<p id=\"attachment_8633\" class=\"wp-caption aligncenter\">Thay v\u00ec vi\u1ec7c l\u1ef1a ch\u1ecdn t\u1eebng h\u01b0\u01a1ng v\u1ecb truy\u1ec1n th\u1ed1ng, c\u00e1c b\u1ea1n c\u00f3 th\u1ec3 s\u1edf h\u1eefu ngay cho m\u00ecnh nh\u1eefng h\u1ed9p\u00a0Socola Ferrero Collection 15 vi\u00ean th\u01a1m ngon, cu\u1ed1n h\u00fat, \u0111\u01b0\u1ee3c ch\u1ecdn l\u1ef1a tinh t\u1ebf t\u1eeb 3 h\u01b0\u01a1ng v\u1ecb \u201c\u0111\u1eaft kh\u00e1ch\u201d nh\u1ea5t c\u1ee7a Ferrero Rocher.<\/p>\n<p><img loading=\"lazy\" decoding=\"async\" class=\"wp-image-33474 aligncenter\" src=\"https:\/\/havamall.com\/wp-content\/uploads\/2025\/08\/29511509_1981511648834592_7106618834428882904_n-300x300.png\" alt=\"\" width=\"733\" height=\"733\" \/><\/p>\n<h2><strong>Socola Ferrero Collection phi\u00ean b\u1ea3n h\u1ed9p qu\u00e0 mang \u0111\u1ebfn 3 h\u01b0\u01a1ng v\u1ecb \u0111\u1eadm \u0111\u00e0, cu\u1ed1n h\u00fat cho c\u00e1c b\u1ea1n l\u1ef1a ch\u1ecdn<\/strong><\/h2>\n<ul>\n<li><strong>Ferrero Rocher:<\/strong>\u00a0socola s\u1eefa r\u1eafc v\u1ee5n h\u1ea1t ph\u1ec9 truy\u1ec1n th\u1ed1ng. B\u00ean trong l\u00e0 l\u1edbp b\u00e1nh wafer gi\u00f2n tan nh\u00e2n h\u1ea1t ph\u1ec9 rang th\u01a1m b\u00f9i.<\/li>\n<li><strong>Ferrero Rondnoir:\u00a0<\/strong>socola \u0111en b\u1ecdc h\u1ea1t ph\u1ec9 rang, ph\u00eda ngo\u00e0i l\u00e0 v\u1ee5n cacao tr\u1ed9n v\u1ecf b\u00e1nh wafer gi\u00f2n th\u01a1m, cu\u1ed1n h\u00fat.<\/li>\n<li><strong>Confetteria Raffaello:\u00a0<\/strong>socola tr\u1eafng nh\u00e2n h\u1ea1t h\u1ea1nh nh\u00e2n California v\u1edbi v\u1ee5n d\u1eeba non ng\u1ecdt thanh, tinh t\u1ebf bao ph\u1ee7 ph\u00eda ngo\u00e0i.<\/li>\n<\/ul>\n<p><img loading=\"lazy\" decoding=\"async\" class=\"wp-image-33476 aligncenter\" src=\"https:\/\/havamall.com\/wp-content\/uploads\/2025\/08\/b895120b-13f9-403b-8ee3-25f6559ea777-300x300.jpg\" alt=\"\" width=\"730\" height=\"730\" \/><\/p>","protected":false},"excerpt":{"rendered":"<p>TH\u00d4NG TIN CHUNG Th\u01b0\u01a1ng hi\u1ec7u Ferrero Rocher Xu\u1ea5t x\u1ee9 \u00dd Th\u00e0nh ph\u1ea7n Socola\u00a0s\u1eefa, \u0111\u01b0\u1eddng, b\u01a1 cacao, kh\u1ed1i l\u01b0\u1ee3ng cacao, s\u1eefa<\/p>","protected":false},"featured_media":33477,"comment_status":"open","ping_status":"closed","template":"","meta":[],"product_brand":[],"product_cat":[36,133],"product_tag":[],"class_list":{"0":"post-33470","1":"product","2":"type-product","3":"status-publish","4":"has-post-thumbnail","6":"product_cat-thuc-pham-tieu-dung","7":"product_cat-banh-keo-chocolate","9":"first","10":"outofstock","11":"sale","12":"shipping-taxable","13":"purchasable","14":"product-type-simple"},"_links":{"self":[{"href":"https:\/\/havamall.vn\/en\/wp-json\/wp\/v2\/product\/33470"}],"collection":[{"href":"https:\/\/havamall.vn\/en\/wp-json\/wp\/v2\/product"}],"about":[{"href":"https:\/\/havamall.vn\/en\/wp-json\/wp\/v2\/types\/product"}],"replies":[{"embeddable":true,"href":"https:\/\/havamall.vn\/en\/wp-json\/wp\/v2\/comments?post=33470"}],"version-history":[{"count":0,"href":"https:\/\/havamall.vn\/en\/wp-json\/wp\/v2\/product\/33470\/revisions"}],"wp:featuredmedia":[{"embeddable":true,"href":"https:\/\/havamall.vn\/en\/wp-json\/wp\/v2\/media\/33477"}],"wp:attachment":[{"href":"https:\/\/havamall.vn\/en\/wp-json\/wp\/v2\/media?parent=33470"}],"wp:term":[{"taxonomy":"product_brand","embeddable":true,"href":"https:\/\/havamall.vn\/en\/wp-json\/wp\/v2\/product_brand?post=33470"},{"taxonomy":"product_cat","embeddable":true,"href":"https:\/\/havamall.vn\/en\/wp-json\/wp\/v2\/product_cat?post=33470"},{"taxonomy":"product_tag","embeddable":true,"href":"https:\/\/havamall.vn\/en\/wp-json\/wp\/v2\/product_tag?post=33470"}],"curies":[{"name":"wp","href":"https:\/\/api.w.org\/{rel}","templated":true}]}}