{"id":33451,"date":"2023-12-21T17:23:17","date_gmt":"2023-12-21T10:23:17","guid":{"rendered":"https:\/\/havamall.vn\/?post_type=product&#038;p=33451"},"modified":"2025-09-29T15:22:23","modified_gmt":"2025-09-29T08:22:23","slug":"duong-mia-tho-nau-mitr-phol-1kg-brown-sugar","status":"publish","type":"product","link":"https:\/\/havamall.vn\/en\/shop\/duong-mia-tho-nau-mitr-phol-1kg-brown-sugar\/","title":{"rendered":"\u0110\u01b0\u1eddng M\u00eda Th\u00f4 N\u00e2u Mitr Phol 1kg &#8211; Brown Sugar"},"content":{"rendered":"<h2><strong>TH\u00d4NG TIN CHUNG<\/strong><\/h2>\n<table>\n<tbody>\n<tr>\n<td>Th\u01b0\u01a1ng hi\u1ec7u<\/td>\n<td>Mitr Phol<\/td>\n<\/tr>\n<tr>\n<td>Xu\u1ea5t x\u1ee9<\/td>\n<td>Th\u00e1i Lan<\/td>\n<\/tr>\n<tr>\n<td>Th\u00e0nh ph\u1ea7n<\/td>\n<td>100% \u0111\u01b0\u1eddng n\u00e2u nguy\u00ean ch\u1ea5t<\/td>\n<\/tr>\n<tr>\n<td>H\u1ea1n s\u1eed d\u1ee5ng<\/td>\n<td>18 th\u00e1ng k\u1ec3 t\u1eeb ng\u00e0y s\u1ea3n xu\u1ea5t.<\/td>\n<\/tr>\n<tr>\n<td>B\u1ea3o qu\u1ea3n<\/td>\n<td>\u0110\u1ec3 n\u01a1i kh\u00f4 r\u00e1o, tho\u00e1ng m\u00e1t, tr\u00e1nh \u00e1nh n\u1eafng tr\u1ef1c ti\u1ebfp<\/td>\n<\/tr>\n<tr>\n<td>Kh\u1ed1i l\u01b0\u1ee3ng t\u1ecbnh<\/td>\n<td>1kg<\/td>\n<\/tr>\n<\/tbody>\n<\/table>\n<p>\u0110\u01b0\u1eddng m\u00eda n\u00e2u\u00a0Mitr Phol xu\u1ea5t x\u1ee9 t\u1eeb Th\u00e1i Lan, \u0111\u01b0\u1ee3c s\u1ea3n xu\u1ea5t t\u1eeb ngu\u1ed3n nguy\u00ean li\u1ec7u khai th\u00e1c t\u1ea1i c\u00e1c ru\u1ed9ng m\u00eda canh t\u00e1c h\u1eefu c\u01a1 m\u00e0 kh\u00f4ng s\u1eed d\u1ee5ng c\u00e1c ch\u1ea5t h\u00f3a h\u1ecdc. S\u1ea3n ph\u1ea9m n\u00e0y \u0111\u01b0\u1ee3c s\u1ea3n xu\u1ea5t theo d\u00e2y chuy\u1ec1n ch\u1ea5t l\u01b0\u1ee3ng ti\u00eau chu\u1ea9n \u0111\u1ec3 \u0111\u1ea1t \u0111\u01b0\u1ee3c ch\u1ea5t l\u01b0\u1ee3ng t\u1ed1t nh\u1ea5t v\u00e0 v\u1ecb ng\u1ecdt t\u1ef1 nhi\u00ean, \u0111\u1ea1t 3 ti\u00eau chu\u1ea9n qu\u1ed1c t\u1ebf uy t\u00edn: USDA, EU v\u00e0 JAS.<img fetchpriority=\"high\" decoding=\"async\" class=\"wp-image-33454 aligncenter\" src=\"https:\/\/havamall.com\/wp-content\/uploads\/2025\/09\/e2e05a128999cddc30bfdc19e30857dd-300x200.jpg\" alt=\"\" width=\"833\" height=\"555\" \/><\/p>\n<p>\u0110\u01b0\u01a1\u0300ng mi\u0301a th\u00f4\u00a0co\u0301 ma\u0300u t\u1eeb m\u00e0u v\u00e0ng v\u00e0ng \u0111\u1ebfn n\u00e2u v\u00e0ng, n\u00e2u, n\u00e2u s\u1eabm v\u00e0 gi\u1ed1ng nh\u01b0 m\u00e0u s\u00f4 c\u00f4 la \u0111en, t\u00f9y thu\u1ed9c v\u00e0o m\u01b0\u0301c \u0111\u00f4\u0323 n\u00e2\u0301u , th\u01a1\u0300i ti\u00ea\u0301t lu\u0301c thu hoa\u0323ch va\u0300 tu\u0300y thu\u00f4\u0323c va\u0300o gi\u00f4\u0301ng mi\u0301a. Gi\u00f4\u0301ng mi\u0301a ti\u0301m c\u00f4\u0309 cho ra \u0111\u01b0\u01a1\u0300ng ma\u0300u n\u00e2u s\u00e2\u0303m, gi\u00f4\u0301ng mi\u0301a tr\u0103\u0301ng cho ra \u0111\u01b0\u01a1\u0300ng ma\u0300u va\u0300ng.<\/p>\n<p><img decoding=\"async\" class=\"wp-image-33452 aligncenter\" src=\"https:\/\/havamall.com\/wp-content\/uploads\/2025\/09\/9057d219d9ac838679d3d5aaa19533c5-300x300.jpg\" alt=\"\" width=\"893\" height=\"893\" \/><\/p>\n<p>\u0110\u01b0\u01a1\u0300ng mi\u0301a th\u00f4 c\u0169ng t\u1eadp h\u1ee3p m\u1ed9t s\u1ed1 l\u01b0\u1ee3ng \u0111\u00e1ng k\u1ec3 c\u1ee7a c\u00e1c mu\u1ed1i s\u1eaft (iron) r\u00e2\u0301t t\u1ed1t cho s\u1ee9c kh\u1ecfe, \u0111\u1eb7c bi\u1ec7t \u0111\u1ed1i v\u1edbi nh\u1eefng ng\u01b0\u1eddi b\u1ecb thi\u1ebfu m\u00e1u ho\u1eb7c thi\u1ebfu s\u1eaft. B\u00ean c\u1ea1nh \u0111\u00f3, \u0111\u01b0\u1eddng mi\u0301a th\u00f4 c\u0169ng ch\u1ee9a ca\u0301c mu\u1ed1i kho\u00e1ng m\u00e0 r\u1ea5t c\u00f3 l\u1ee3i cho c\u01a1 th\u1ec3. B\u1ea1n c\u00f3 th\u00ea\u0309 ca\u0309m nh\u00e2\u0323n khi ng\u1eadm m\u1ed9t cu\u0323c \u0111\u01b0\u01a1\u0300ng mi\u0301a th\u00f4 \u0111\u1ec3 n\u00f3 tan trong mi\u00ea\u0323ng va\u0300 c\u1ea3m nh\u1eadn \u0111\u01b0\u1ee3c m\u1ed9t ch\u00fat mu\u1ed1i tr\u00ean l\u01b0\u1ee1i. Va\u0300 \u0111\u00e2y la\u0300 mu\u00f4\u0301i khoa\u0301ng t\u01b0\u0323 nhi\u00ean \u0111\u01b0\u01a1\u0323c mi\u0301a t\u00f4\u0309ng h\u01a1\u0323p t\u01b0\u0300 \u0111\u00e2\u0301t.<\/p>\n<p><img decoding=\"async\" class=\"wp-image-33453 aligncenter\" src=\"https:\/\/havamall.com\/wp-content\/uploads\/2025\/09\/277789361_5130373117028146_428984426566127674_n-300x300.jpg\" alt=\"\" width=\"848\" height=\"848\" \/><\/p>\n<p>H\u01a1n n\u1eefa, \u0111\u01b0\u1eddng mi\u0301a th\u00f4 l\u00e0 r\u1ea5t t\u1ed1t trong vai tro\u0300 la\u0300 1 ta\u0301c nh\u00e2n l\u00e0m s\u1ea1ch. N\u00f3 l\u00e0m s\u1ea1ch ph\u1ed5i, d\u1ea1 d\u00e0y, ru\u1ed9t, th\u1ef1c qu\u1ea3n v\u00e0 \u0111\u01b0\u1eddng h\u00f4 h\u1ea5p. Nh\u1eefng ng\u01b0\u1eddi la\u0300m vi\u00ea\u0323c trong bu\u0323i b\u0103\u0323m nh\u01b0 ca\u0309nh sa\u0301t giao th\u00f4ng, ki\u0303 s\u01b0 c\u00f4ng tri\u0300nh, \u0111i ngoa\u0300i \u0111\u01b0\u01a1\u0300ng bu\u0323i b\u0103\u0323m \u0111\u01b0\u1ee3c khuy\u1ebfn kh\u00edch d\u00f9ng m\u1ed9t li\u1ec1u \u0111\u01b0\u01a1\u0300ng mi\u0301a th\u00f4 h\u0103\u0300ng nga\u0300y . \u0110\u01b0\u01a1\u0300ng mi\u0301a th\u00f4 co\u0301 th\u00ea\u0309 tr\u01a1\u0323 giu\u0301p cho ca\u0301c b\u1ec7nh nh\u01b0 hen suy\u1ec5n, ho, c\u1ea3m l\u1ea1nh, v\u00e0 t\u1eafc ngh\u1ebdn trong l\u1ed3ng ng\u1ef1c. \u01a0\u0309 \u00c2\u0301n \u0110\u00f4\u0323 ng\u01b0\u01a1\u0300i ta s\u01b0\u0309 du\u0323ng \u0111\u01b0\u01a1\u0300ng mi\u0301a th\u00f4 cho 1 s\u00f4\u0301 mo\u0301n \u0103n nhe\u0323 nh\u0103\u0300m giu\u0301p s\u01b0\u01a1\u0309i \u00e2\u0301m c\u01a1 th\u00ea\u0309 trong mu\u0300a \u0111\u00f4ng.<\/p>\n<h2><strong>C\u00f4ng d\u1ee5ng s\u1ea3n ph\u1ea9m:<\/strong><\/h2>\n<p>\u2013 Cung c\u1ea5p mu\u1ed1i kho\u00e1ng v\u00e0 mu\u1ed1i s\u1eaft (iron) r\u00e2\u0301t t\u1ed1t cho s\u1ee9c kh\u1ecfe. \u0110\u1eb7c bi\u1ec7t \u0111\u1ed1i v\u1edbi nh\u1eefng ng\u01b0\u1eddi b\u1ecb thi\u1ebfu m\u00e1u ho\u1eb7c thi\u1ebfu s\u1eaft.<\/p>\n<p>\u2013 L\u00e0m s\u1ea1ch ph\u1ed5i, d\u1ea1 d\u00e0y, ru\u1ed9t, th\u1ef1c qu\u1ea3n v\u00e0 \u0111\u01b0\u1eddng h\u00f4 h\u1ea5p.<\/p>\n<p>\u2013 H\u1ed7 tr\u1ee3 b\u1ec7nh ca\u0301c b\u1ec7nh nh\u01b0 hen suy\u1ec5n, ho, c\u1ea3m l\u1ea1nh, v\u00e0 t\u1eafc ngh\u1ebdn trong l\u1ed3ng ng\u1ef1c.<\/p>\n<p><img loading=\"lazy\" decoding=\"async\" class=\"wp-image-33455 aligncenter\" src=\"https:\/\/havamall.com\/wp-content\/uploads\/2025\/09\/32157228_1758619214203570_2192786284433375232_n-300x300.jpg\" alt=\"\" width=\"831\" height=\"831\" \/><\/p>\n<h2><strong>\u01afu \u0111i\u1ec3m c\u1ee7a s\u1ea3n ph\u1ea9m<\/strong><\/h2>\n<p>\u2013 S\u1ea3n ph\u1ea9m h\u1eefu c\u01a1, \u0111\u01b0\u1ee3c nu\u00f4i tr\u1ed3ng t\u1eeb h\u1ea1t gi\u1ed1ng thu\u1ea7n ch\u1ee7ng, kh\u00f4ng lai hay bi\u1ebfn \u0111\u1ed5i gen<\/p>\n<p>\u2013 Ch\u1ee9a l\u01b0\u1ee3ng mu\u1ed1i kho\u00e1ng cao v\u00e0 d\u1ec5 s\u1eed d\u1ee5ng, \u0111\u01b0\u1ee3c ch\u1ee9ng nh\u1eadn USDA, EU, JAS<\/p>\n<p>\u2013 T\u1ea5t c\u1ea3 s\u1ea3n ph\u1ea9m t\u1ea1i Havamall \u0111\u1ec1u mang n\u0103ng l\u01b0\u1ee3ng c\u1ee7a t\u00ecnh y\u00eau th\u01b0\u01a1ng v\u00e0 s\u1ef1 b\u00ecnh y\u00ean. T\u1eeb c\u00e1i T\u00e2m, ch\u00fang t\u00f4i cam k\u1ebft mang \u0111\u1ebfn nh\u1eefng s\u1ea3n ph\u1ea9m t\u1ed1t nh\u1ea5t cho ng\u01b0\u1eddi ti\u00eau d\u00f9ng.<\/p>","protected":false},"excerpt":{"rendered":"<p>TH\u00d4NG TIN CHUNG Th\u01b0\u01a1ng hi\u1ec7u Mitr Phol Xu\u1ea5t x\u1ee9 Th\u00e1i Lan Th\u00e0nh ph\u1ea7n 100% \u0111\u01b0\u1eddng n\u00e2u nguy\u00ean ch\u1ea5t H\u1ea1n s\u1eed<\/p>","protected":false},"featured_media":33456,"comment_status":"open","ping_status":"closed","template":"","meta":[],"product_brand":[],"product_cat":[36],"product_tag":[],"class_list":{"0":"post-33451","1":"product","2":"type-product","3":"status-publish","4":"has-post-thumbnail","6":"product_cat-thuc-pham-tieu-dung","8":"first","9":"outofstock","10":"sale","11":"shipping-taxable","12":"purchasable","13":"product-type-simple"},"_links":{"self":[{"href":"https:\/\/havamall.vn\/en\/wp-json\/wp\/v2\/product\/33451"}],"collection":[{"href":"https:\/\/havamall.vn\/en\/wp-json\/wp\/v2\/product"}],"about":[{"href":"https:\/\/havamall.vn\/en\/wp-json\/wp\/v2\/types\/product"}],"replies":[{"embeddable":true,"href":"https:\/\/havamall.vn\/en\/wp-json\/wp\/v2\/comments?post=33451"}],"version-history":[{"count":0,"href":"https:\/\/havamall.vn\/en\/wp-json\/wp\/v2\/product\/33451\/revisions"}],"wp:featuredmedia":[{"embeddable":true,"href":"https:\/\/havamall.vn\/en\/wp-json\/wp\/v2\/media\/33456"}],"wp:attachment":[{"href":"https:\/\/havamall.vn\/en\/wp-json\/wp\/v2\/media?parent=33451"}],"wp:term":[{"taxonomy":"product_brand","embeddable":true,"href":"https:\/\/havamall.vn\/en\/wp-json\/wp\/v2\/product_brand?post=33451"},{"taxonomy":"product_cat","embeddable":true,"href":"https:\/\/havamall.vn\/en\/wp-json\/wp\/v2\/product_cat?post=33451"},{"taxonomy":"product_tag","embeddable":true,"href":"https:\/\/havamall.vn\/en\/wp-json\/wp\/v2\/product_tag?post=33451"}],"curies":[{"name":"wp","href":"https:\/\/api.w.org\/{rel}","templated":true}]}}