{"id":33421,"date":"2023-12-21T14:59:18","date_gmt":"2023-12-21T07:59:18","guid":{"rendered":"https:\/\/havamall.vn\/?post_type=product&#038;p=33421"},"modified":"2023-12-21T14:59:18","modified_gmt":"2023-12-21T07:59:18","slug":"sot-nghe-pikt-chopt-goi-75g-cold-blended-turmeric-paste","status":"publish","type":"product","link":"https:\/\/havamall.vn\/en\/shop\/sot-nghe-pikt-chopt-goi-75g-cold-blended-turmeric-paste\/","title":{"rendered":"S\u1ed1t Ngh\u1ec7  Pikt &amp; Chopt G\u00f3i 75g &#8211; Cold Blended Turmeric Paste"},"content":{"rendered":"<h2><strong>TH\u00d4NG TIN CHUNG<\/strong><\/h2>\n<table>\n<tbody>\n<tr>\n<td>Th\u01b0\u01a1ng hi\u1ec7u<\/td>\n<td>Pikt &amp; Chopt<\/td>\n<\/tr>\n<tr>\n<td>Xu\u1ea5t x\u1ee9<\/td>\n<td>Vi\u1ec7t Nam<\/td>\n<\/tr>\n<tr>\n<td>Th\u00e0nh ph\u1ea7n<\/td>\n<td>Ngh\u1ec7 (61%), Xi-r\u00f4 Glucose, Whey protein, D\u1ea7u th\u1ef1c v\u1eadt (\u0110\u1eadu n\u00e0nh), Mu\u1ed1i, Axit th\u1ef1c ph\u1ea9m (Natri Lactate, Axit Citric, Axit axetic), Ch\u1ea5t l\u00e0m \u0111\u1eb7c (Tinh b\u1ed9t khoai t\u00e2y bi\u1ebfn t\u00ednh, Xanthan Gum).<\/td>\n<\/tr>\n<tr>\n<td>H\u1ea1n s\u1eed d\u1ee5ng<\/td>\n<td>18 th\u00e1ng k\u1ec3 t\u1eeb ng\u00e0y s\u1ea3n xu\u1ea5t.<\/td>\n<\/tr>\n<tr>\n<td>B\u1ea3o qu\u1ea3n<\/td>\n<td>\u0110\u1ec3 n\u01a1i kh\u00f4 r\u00e1o, tho\u00e1ng m\u00e1t, tr\u00e1nh \u00e1nh n\u1eafng tr\u1ef1c ti\u1ebfp<\/td>\n<\/tr>\n<tr>\n<td>Kh\u1ed1i l\u01b0\u1ee3ng t\u1ecbnh<\/td>\n<td>75g<\/td>\n<\/tr>\n<\/tbody>\n<\/table>\n<p>Ngh\u1ec7 l\u00e0 m\u1ed9t lo\u1ea1i gia v\u1ecb quen thu\u1ed9c c\u00f3 t\u00e1c d\u1ee5ng kh\u00e1ng vi\u00eam, gi\u1ea3m \u0111au m\u1ea1nh m\u1ebd v\u00e0 nhi\u1ec1u c\u00f4ng d\u1ee5ng t\u1ed1t cho s\u1ee9c kh\u1ecfe. Tuy nhi\u00ean, ti\u00eau th\u1ee5 qu\u00e1 nhi\u1ec1u ngh\u1ec7 c\u00f3 th\u1ec3 d\u1eabn \u0111\u1ebfn nhi\u1ec1u b\u1ea5t l\u1ee3i.<\/p>\n<div class=\"ContentODM\">\n<div class=\"detail-content afcbc-body\">\n<p>Ngh\u1ec7 (turmeric) l\u00e0 lo\u1ea1i gia v\u1ecb \u0111\u01b0\u1ee3c s\u1eed d\u1ee5ng kh\u00e1 ph\u1ed5 bi\u1ebfn \u1edf nhi\u1ec1u n\u01b0\u1edbc ch\u00e2u \u00c1 t\u1eeb r\u1ea5t l\u00e2u \u0111\u1eddi. Ngh\u1ec7 c\u00f2n \u0111\u01b0\u1ee3c g\u1ecdi l\u00e0 m\u1ed9t trong nh\u1eefng &#8220;si\u00eau th\u1ef1c ph\u1ea9m&#8221; mang l\u1ea1i l\u1ee3i \u00edch ch\u1ed1ng oxy h\u00f3a m\u1ea1nh m\u1ebd nh\u1edd ho\u1ea1t t\u00ednh g\u1ecdi l\u00e0 curcumin. M\u1eb7c d\u00f9 curcumin mang l\u1ea1i r\u1ea5t nhi\u1ec1u l\u1ee3i \u00edch s\u1ee9c kh\u1ecfe ti\u1ec1m n\u0103ng, nh\u01b0ng m\u1ed9t s\u1ed1 nghi\u00ean c\u1ee9u cho th\u1ea5y ngh\u1ec7 c\u0169ng c\u00f3 t\u00e1c d\u1ee5ng ph\u1ee5 ti\u1ec1m \u1ea9n.<\/p>\n<p><img fetchpriority=\"high\" decoding=\"async\" class=\"wp-image-33432 aligncenter\" src=\"https:\/\/havamall.vn\/wp-content\/uploads\/2023\/12\/aa659670c98f86c507f2cfa5aa338752.w1772.h1142-1-300x193.jpg\" alt=\"\" width=\"730\" height=\"470\" srcset=\"https:\/\/havamall.vn\/wp-content\/uploads\/2023\/12\/aa659670c98f86c507f2cfa5aa338752.w1772.h1142-1-300x193.jpg 300w, https:\/\/havamall.vn\/wp-content\/uploads\/2023\/12\/aa659670c98f86c507f2cfa5aa338752.w1772.h1142-1-600x387.jpg 600w, https:\/\/havamall.vn\/wp-content\/uploads\/2023\/12\/aa659670c98f86c507f2cfa5aa338752.w1772.h1142-1-1200x773.jpg 1200w, https:\/\/havamall.vn\/wp-content\/uploads\/2023\/12\/aa659670c98f86c507f2cfa5aa338752.w1772.h1142-1-768x495.jpg 768w, https:\/\/havamall.vn\/wp-content\/uploads\/2023\/12\/aa659670c98f86c507f2cfa5aa338752.w1772.h1142-1-1024x660.jpg 1024w, https:\/\/havamall.vn\/wp-content\/uploads\/2023\/12\/aa659670c98f86c507f2cfa5aa338752.w1772.h1142-1.jpg 1772w\" sizes=\"(max-width: 730px) 100vw, 730px\" \/><\/p>\n<p>Ngh\u1ec7 c\u00f2n ch\u1ee9a m\u1ed9t l\u01b0\u1ee3ng s\u1eaft v\u00e0 mangan cao c\u0169ng nh\u01b0 h\u00e0m l\u01b0\u1ee3ng v\u1eeba ph\u1ea3i c\u1ee7a vitamin B6 v\u00e0 kali. \u0110\u00e2y \u0111\u1ec1u l\u00e0 nh\u1eefng ch\u1ea5t c\u00f3 vai tr\u00f2 quan tr\u1ecdng \u0111\u1ed1i v\u1edbi ho\u1ea1t \u0111\u1ed9ng trao \u0111\u1ed5i ch\u1ea5t c\u1ee7a t\u1ebf b\u00e0o v\u00e0 gi\u00fap\u00a0t\u0103ng c\u01b0\u1eddng mi\u1ec5n d\u1ecbch.<\/p>\n<\/div>\n<\/div>\n<p>S\u1ed1t Ngh\u1ec7 Pikt &amp; Chopt G\u00f3i 75g \u0111\u01b0\u1ee3c s\u1eed d\u1ee5ng \u0111\u1ec3 t\u1ea1o m\u00e0u v\u00e0 t\u1ea1o h\u01b0\u01a1ng v\u1ecb cho m\u00f9 t\u1ea1t, d\u01b0a chua, t\u01b0\u01a1ng \u1edbt, t\u01b0\u01a1ng \u1edbt v\u00e0 c\u00e1c m\u00f3n c\u01a1m c\u0169ng nh\u01b0 b\u01a1 v\u00e0 pho m\u00e1t. N\u00f3 c\u0169ng \u0111\u01b0\u1ee3c s\u1eed d\u1ee5ng trong h\u1ed7n h\u1ee3p gia v\u1ecb \u1edf Carib\u00ea, \u1ea4n \u0110\u1ed9, B\u1eafc Phi, Trung \u0110\u00f4ng v\u00e0 Indonesia nh\u01b0 b\u1ed9t c\u00e0 ri v\u00e0 rendangs.<img decoding=\"async\" class=\"wp-image-33440 aligncenter\" src=\"https:\/\/havamall.vn\/wp-content\/uploads\/2023\/12\/turmeric-paste-1-300x199.jpeg\" alt=\"\" width=\"739\" height=\"490\" srcset=\"https:\/\/havamall.vn\/wp-content\/uploads\/2023\/12\/turmeric-paste-1-300x199.jpeg 300w, https:\/\/havamall.vn\/wp-content\/uploads\/2023\/12\/turmeric-paste-1-600x398.jpeg 600w, https:\/\/havamall.vn\/wp-content\/uploads\/2023\/12\/turmeric-paste-1-1200x795.jpeg 1200w, https:\/\/havamall.vn\/wp-content\/uploads\/2023\/12\/turmeric-paste-1-768x509.jpeg 768w, https:\/\/havamall.vn\/wp-content\/uploads\/2023\/12\/turmeric-paste-1-1024x679.jpeg 1024w, https:\/\/havamall.vn\/wp-content\/uploads\/2023\/12\/turmeric-paste-1.jpeg 1230w\" sizes=\"(max-width: 739px) 100vw, 739px\" \/><\/p>\n<p>\u0110\u01b0\u1ee3c s\u1ea3n xu\u1ea5t theo c\u00f4ng ngh\u1ec7 hi\u1ec7n \u0111\u1ea1i, c\u00e1c kh\u00e2u t\u1eeb l\u00fac ch\u1ecdn nguy\u00ean li\u1ec7u ch\u1ebf bi\u1ebfn, \u0111\u00f3ng chai \u0111\u1ec1u di\u1ec5n ra kh\u00e9p k\u00edn d\u01b0\u1edbi s\u1ef1 gi\u00e1m s\u00e1t nghi\u00eam ng\u1eb7t, kh\u00f4ng ch\u1ee9a h\u00f3a ch\u1ea5t \u0111\u1ed9c h\u1ea1i, ch\u1ea5t b\u1ea3o qu\u1ea3n c\u00f3 h\u1ea1i cho s\u1ee9c kh\u1ecfe, \u0111\u1ea3m b\u1ea3o an to\u00e0n v\u1ec7 sinh v\u00e0 an to\u00e0n cho s\u1ee9c kh\u1ecfe ng\u01b0\u1eddi ti\u00eau d\u00f9ng.<\/p>\n<p>S\u1ea3n ph\u1ea9m th\u00edch h\u1ee3p d\u00f9ng v\u1edbi c\u00e1c m\u00f3n \u0103n nh\u01b0 m\u1ef1c n\u01b0\u1edbng, h\u1ea3i s\u1ea3n h\u1ea5p, h\u1ea3i s\u1ea3n t\u1ea9m b\u1ed9t chi\u00ean, th\u1ecbt g\u00e0, c\u00e0 ri\u2026gi\u00fap cho m\u00f3n \u0103n t\u0103ng th\u00eam h\u01b0\u01a1ng v\u1ecb th\u01a1m ngon, t\u1ea1o s\u1ef1 h\u1ea5p d\u1eabn cho m\u00f3n, k\u00edch th\u00edch v\u1ecb gi\u00e1c, ph\u00f9 v\u1edbi v\u1edbi \u0111a s\u1ed1 ng\u01b0\u1eddi ti\u00eau d\u00f9ng.<\/p>\n<p><img decoding=\"async\" class=\"wp-image-33441 aligncenter\" src=\"https:\/\/havamall.vn\/wp-content\/uploads\/2023\/12\/turmeric-paste-used-for-a-turmeric-latte-300x200.jpeg\" alt=\"\" width=\"745\" height=\"496\" srcset=\"https:\/\/havamall.vn\/wp-content\/uploads\/2023\/12\/turmeric-paste-used-for-a-turmeric-latte-300x200.jpeg 300w, https:\/\/havamall.vn\/wp-content\/uploads\/2023\/12\/turmeric-paste-used-for-a-turmeric-latte.jpeg 900w\" sizes=\"(max-width: 745px) 100vw, 745px\" \/><\/p>\n<h2><strong>\u01afU \u0110I\u1ec2M C\u1ee6A S\u1ea2N PH\u1ea8M<\/strong><\/h2>\n<p>&#8211; S\u1ed1t ngh\u1ec7 n\u00e0y c\u00f3 th\u1ec3 s\u1eed d\u1ee5ng trong m\u1ed9t s\u1ed1 m\u00f3n \u0103n c\u00f3 d\u00f9ng \u0111\u1ebfn ngh\u1ec7 nh\u01b0 c\u01a1m chi\u00ean ngh\u1ec7, m\u00f3n kho, m\u00f3n b\u00fan x\u00e0o ngh\u1ec7, canh chu\u1ed1i \u0111\u1eadu&#8230;<\/p>\n<p>&#8211; C\u00e1ch n\u00e0y gi\u00fap b\u1ea1n ti\u1ebft ki\u1ec7m \u0111\u01b0\u1ee3c r\u1ea5t nhi\u1ec1u th\u1eddi gian khi n\u1ea5u c\u00e1c m\u00f3n \u0103n d\u00f9ng t\u1edbi ngh\u1ec7 t\u01b0\u01a1i.<\/p>\n<p><img loading=\"lazy\" decoding=\"async\" class=\"wp-image-33439 aligncenter\" src=\"https:\/\/havamall.vn\/wp-content\/uploads\/2023\/12\/Turmeric-tea-lemon-ginger-ice-cubes-300x300.jpeg\" alt=\"\" width=\"747\" height=\"747\" srcset=\"https:\/\/havamall.vn\/wp-content\/uploads\/2023\/12\/Turmeric-tea-lemon-ginger-ice-cubes-300x300.jpeg 300w, https:\/\/havamall.vn\/wp-content\/uploads\/2023\/12\/Turmeric-tea-lemon-ginger-ice-cubes-600x600.jpeg 600w, https:\/\/havamall.vn\/wp-content\/uploads\/2023\/12\/Turmeric-tea-lemon-ginger-ice-cubes-150x150.jpeg 150w, https:\/\/havamall.vn\/wp-content\/uploads\/2023\/12\/Turmeric-tea-lemon-ginger-ice-cubes-768x768.jpeg 768w, https:\/\/havamall.vn\/wp-content\/uploads\/2023\/12\/Turmeric-tea-lemon-ginger-ice-cubes-1024x1024.jpeg 1024w, https:\/\/havamall.vn\/wp-content\/uploads\/2023\/12\/Turmeric-tea-lemon-ginger-ice-cubes.jpeg 1200w, https:\/\/havamall.vn\/wp-content\/uploads\/2023\/12\/Turmeric-tea-lemon-ginger-ice-cubes-100x100.jpeg 100w\" sizes=\"(max-width: 747px) 100vw, 747px\" \/><\/p>","protected":false},"excerpt":{"rendered":"<p>TH\u00d4NG TIN CHUNG Th\u01b0\u01a1ng hi\u1ec7u Pikt &amp; Chopt Xu\u1ea5t x\u1ee9 Vi\u1ec7t Nam Th\u00e0nh ph\u1ea7n Ngh\u1ec7 (61%), Xi-r\u00f4 Glucose, Whey protein,<\/p>","protected":false},"featured_media":33442,"comment_status":"open","ping_status":"closed","template":"","meta":[],"product_brand":[],"product_cat":[36],"product_tag":[],"class_list":{"0":"post-33421","1":"product","2":"type-product","3":"status-publish","4":"has-post-thumbnail","6":"product_cat-thuc-pham-tieu-dung","8":"first","9":"instock","10":"sale","11":"shipping-taxable","12":"purchasable","13":"product-type-simple"},"_links":{"self":[{"href":"https:\/\/havamall.vn\/en\/wp-json\/wp\/v2\/product\/33421"}],"collection":[{"href":"https:\/\/havamall.vn\/en\/wp-json\/wp\/v2\/product"}],"about":[{"href":"https:\/\/havamall.vn\/en\/wp-json\/wp\/v2\/types\/product"}],"replies":[{"embeddable":true,"href":"https:\/\/havamall.vn\/en\/wp-json\/wp\/v2\/comments?post=33421"}],"version-history":[{"count":0,"href":"https:\/\/havamall.vn\/en\/wp-json\/wp\/v2\/product\/33421\/revisions"}],"wp:featuredmedia":[{"embeddable":true,"href":"https:\/\/havamall.vn\/en\/wp-json\/wp\/v2\/media\/33442"}],"wp:attachment":[{"href":"https:\/\/havamall.vn\/en\/wp-json\/wp\/v2\/media?parent=33421"}],"wp:term":[{"taxonomy":"product_brand","embeddable":true,"href":"https:\/\/havamall.vn\/en\/wp-json\/wp\/v2\/product_brand?post=33421"},{"taxonomy":"product_cat","embeddable":true,"href":"https:\/\/havamall.vn\/en\/wp-json\/wp\/v2\/product_cat?post=33421"},{"taxonomy":"product_tag","embeddable":true,"href":"https:\/\/havamall.vn\/en\/wp-json\/wp\/v2\/product_tag?post=33421"}],"curies":[{"name":"wp","href":"https:\/\/api.w.org\/{rel}","templated":true}]}}