{"id":33420,"date":"2023-12-21T15:50:19","date_gmt":"2023-12-21T08:50:19","guid":{"rendered":"https:\/\/havamall.vn\/?post_type=product&#038;p=33420"},"modified":"2023-12-21T15:50:19","modified_gmt":"2023-12-21T08:50:19","slug":"sot-ot-pikt-chopt-goi-75g-cold-blended-chilli-paste","status":"publish","type":"product","link":"https:\/\/havamall.vn\/en\/shop\/sot-ot-pikt-chopt-goi-75g-cold-blended-chilli-paste\/","title":{"rendered":"S\u1ed1t \u1edat Pikt &amp; Chopt G\u00f3i 75g &#8211; Cold Blended Chilli Paste"},"content":{"rendered":"<h2><\/h2>\n<h2><strong>TH\u00d4NG TIN CHUNG<\/strong><\/h2>\n<table>\n<tbody>\n<tr>\n<td>Th\u01b0\u01a1ng hi\u1ec7u<\/td>\n<td>Pikt &amp; Chopt<\/td>\n<\/tr>\n<tr>\n<td>Xu\u1ea5t x\u1ee9<\/td>\n<td>Vi\u1ec7t Nam<\/td>\n<\/tr>\n<tr>\n<td>Th\u00e0nh ph\u1ea7n<\/td>\n<td>\u1edat (61%), Xi-r\u00f4 Glucose, Whey protein, D\u1ea7u th\u1ef1c v\u1eadt (\u0110\u1eadu n\u00e0nh), Mu\u1ed1i, Axit th\u1ef1c ph\u1ea9m (Natri Lactate, Axit Citric, Axit axetic), Ch\u1ea5t l\u00e0m \u0111\u1eb7c (Tinh b\u1ed9t khoai t\u00e2y bi\u1ebfn t\u00ednh, Xanthan Gum).<\/td>\n<\/tr>\n<tr>\n<td>H\u1ea1n s\u1eed d\u1ee5ng<\/td>\n<td>18 th\u00e1ng k\u1ec3 t\u1eeb ng\u00e0y s\u1ea3n xu\u1ea5t.<\/td>\n<\/tr>\n<tr>\n<td>B\u1ea3o qu\u1ea3n<\/td>\n<td>\u0110\u1ec3 n\u01a1i kh\u00f4 r\u00e1o, tho\u00e1ng m\u00e1t, tr\u00e1nh \u00e1nh n\u1eafng tr\u1ef1c ti\u1ebfp<\/td>\n<\/tr>\n<tr>\n<td>Kh\u1ed1i l\u01b0\u1ee3ng t\u1ecbnh<\/td>\n<td>75g<\/td>\n<\/tr>\n<\/tbody>\n<\/table>\n<p>S\u1ed1t \u1edat Pikt &amp; Chopt G\u00f3i 75g ti\u1ec7n l\u1ee3i v\u00e0 d\u1ec5 d\u00e0ng \u0111\u1ec3 s\u1eed d\u1ee5ng, s\u1ed1t \u1edbt tr\u1ed9n l\u1ea1nh Pikt &amp; Chopt l\u00e0 m\u1ed9t gia v\u1ecb th\u01a1m v\u00e0 cay ho\u00e0n h\u1ea3o cho b\u1ea5t k\u1ef3 m\u00f3n \u0103n n\u00e0o v\u00e0 \u0111\u1eb7c bi\u1ec7t ph\u00f9 h\u1ee3p v\u1edbi c\u00e1c m\u00f3n x\u00e0o ch\u00e2u \u00c1, c\u00e0 ri \u1ea4n \u0110\u1ed9 v\u00e0 c\u00e1c m\u00f3n \u0103n Mexico.<\/p>\n<p><img fetchpriority=\"high\" decoding=\"async\" class=\"wp-image-33432 aligncenter\" src=\"https:\/\/havamall.vn\/wp-content\/uploads\/2023\/12\/aa659670c98f86c507f2cfa5aa338752.w1772.h1142-1-300x193.jpg\" alt=\"\" width=\"588\" height=\"378\" srcset=\"https:\/\/havamall.vn\/wp-content\/uploads\/2023\/12\/aa659670c98f86c507f2cfa5aa338752.w1772.h1142-1-300x193.jpg 300w, https:\/\/havamall.vn\/wp-content\/uploads\/2023\/12\/aa659670c98f86c507f2cfa5aa338752.w1772.h1142-1-600x387.jpg 600w, https:\/\/havamall.vn\/wp-content\/uploads\/2023\/12\/aa659670c98f86c507f2cfa5aa338752.w1772.h1142-1-1200x773.jpg 1200w, https:\/\/havamall.vn\/wp-content\/uploads\/2023\/12\/aa659670c98f86c507f2cfa5aa338752.w1772.h1142-1-768x495.jpg 768w, https:\/\/havamall.vn\/wp-content\/uploads\/2023\/12\/aa659670c98f86c507f2cfa5aa338752.w1772.h1142-1-1024x660.jpg 1024w, https:\/\/havamall.vn\/wp-content\/uploads\/2023\/12\/aa659670c98f86c507f2cfa5aa338752.w1772.h1142-1.jpg 1772w\" sizes=\"(max-width: 588px) 100vw, 588px\" \/><\/p>\n<p>\u0110\u01b0\u1ee3c s\u1ea3n xu\u1ea5t theo c\u00f4ng ngh\u1ec7 hi\u1ec7n \u0111\u1ea1i, c\u00e1c kh\u00e2u t\u1eeb l\u00fac ch\u1ecdn nguy\u00ean li\u1ec7u ch\u1ebf bi\u1ebfn, \u0111\u00f3ng chai \u0111\u1ec1u di\u1ec5n ra kh\u00e9p k\u00edn d\u01b0\u1edbi s\u1ef1 gi\u00e1m s\u00e1t nghi\u00eam ng\u1eb7t, kh\u00f4ng ch\u1ee9a h\u00f3a ch\u1ea5t \u0111\u1ed9c h\u1ea1i, ch\u1ea5t b\u1ea3o qu\u1ea3n c\u00f3 h\u1ea1i cho s\u1ee9c kh\u1ecfe, \u0111\u1ea3m b\u1ea3o an to\u00e0n v\u1ec7 sinh v\u00e0 an to\u00e0n cho s\u1ee9c kh\u1ecfe ng\u01b0\u1eddi ti\u00eau d\u00f9ng.<\/p>\n<p>S\u1ea3n ph\u1ea9m th\u00edch h\u1ee3p d\u00f9ng v\u1edbi c\u00e1c m\u00f3n \u0103n nh\u01b0 m\u1ef1c n\u01b0\u1edbng, h\u1ea3i s\u1ea3n h\u1ea5p, h\u1ea3i s\u1ea3n t\u1ea9m b\u1ed9t chi\u00ean, th\u1ecbt g\u00e0, c\u00e0 ri\u2026gi\u00fap cho m\u00f3n \u0103n t\u0103ng th\u00eam h\u01b0\u01a1ng v\u1ecb th\u01a1m ngon, t\u1ea1o s\u1ef1 h\u1ea5p d\u1eabn cho m\u00f3n, k\u00edch th\u00edch v\u1ecb gi\u00e1c, ph\u00f9 v\u1edbi v\u1edbi \u0111a s\u1ed1 ng\u01b0\u1eddi ti\u00eau d\u00f9ng.<\/p>\n<p><img decoding=\"async\" class=\"aligncenter\" src=\"https:\/\/havamall.vn\/wp-content\/uploads\/2021\/05\/top-cac-mon-an-lam-tu-tuong-ot-han-quoc-ngon-kho-cuong-3.png\" alt=\"TOP 5 c\u00e1c m\u00f3n \u0103n l\u00e0m t\u1eeb t\u01b0\u01a1ng \u1edbt H\u00e0n Qu\u1ed1c ngon kh\u00f3 c\u01b0\u1ee1ng\" width=\"577\" height=\"395\" \/><\/p>\n<p><span style=\"font-weight: 400\">\u1edat c\u00f2n c\u00f3 t\u00e1c d\u1ee5ng r\u1ea5t t\u1ed1t cho vi\u1ec7c gi\u1ea3m c\u00e2n, gi\u00fap ng\u0103n ng\u1eeba l\u00e3o h\u00f3a, gi\u1eef cho c\u01a1 th\u1ec3 tr\u1ebb l\u00e2u. Trong b\u1ed9t \u1edbt ch\u1ee9a nhi\u1ec1u d\u01b0\u1ee1ng ch\u1ea5t, vitamin A, C, kali \u0111i\u1ec1u ti\u1ebft ch\u1ee9c n\u0103ng sinh l\u00fd c\u01a1 th\u1ec3, h\u1ed7 tr\u1ee3 ti\u00eau h\u00f3a, \u0111\u1ed1t ch\u00e1y m\u1ee1 th\u1eeba..<\/span><\/p>\n<h4><strong>H\u01b0\u1edbng d\u1eabn s\u1eed d\u1ee5ng:<\/strong><\/h4>\n<p>&#8211; L\u00e0m gia v\u1ecb cho c\u00e1c m\u00f3n \u0103n, t\u1ea1o m\u00e0u m\u00f3n \u0103n<strong>,\u00a0<\/strong>\u01b0\u1edbp nguy\u00ean li\u1ec7u tr\u01b0\u1edbc khi ch\u1ebf bi\u1ebfn\u2026<\/p>\n<p><span style=\"font-weight: 400\">&#8211; D\u00f9ng trong t\u1ea9m \u01b0\u1edbp v\u00e0 ch\u1ebf bi\u1ebfn c\u00e1c m\u00f3n n\u01b0\u1edbng, l\u1ea9u, chi\u00ean, x\u1ea3o, \u2026\u00a0 l\u00e0 gia v\u1ecb kh\u00f4ng th\u1ec3 thi\u1ebfu trong m\u00f3n kim chi, Tom Yum.<\/span><\/p>\n<p><img decoding=\"async\" class=\"wp-image-19972 aligncenter\" src=\"https:\/\/havamall.vn\/wp-content\/uploads\/2021\/05\/ce0ce9367083bad41931c6b3b3d0bdd4-1-200x300.jpg\" alt=\"\" width=\"543\" height=\"815\" srcset=\"https:\/\/havamall.vn\/wp-content\/uploads\/2021\/05\/ce0ce9367083bad41931c6b3b3d0bdd4-1-200x300.jpg 200w, https:\/\/havamall.vn\/wp-content\/uploads\/2021\/05\/ce0ce9367083bad41931c6b3b3d0bdd4-1-430x645.jpg 430w, https:\/\/havamall.vn\/wp-content\/uploads\/2021\/05\/ce0ce9367083bad41931c6b3b3d0bdd4-1-150x225.jpg 150w, https:\/\/havamall.vn\/wp-content\/uploads\/2021\/05\/ce0ce9367083bad41931c6b3b3d0bdd4-1-700x1050.jpg 700w, https:\/\/havamall.vn\/wp-content\/uploads\/2021\/05\/ce0ce9367083bad41931c6b3b3d0bdd4-1-768x1152.jpg 768w, https:\/\/havamall.vn\/wp-content\/uploads\/2021\/05\/ce0ce9367083bad41931c6b3b3d0bdd4-1-683x1024.jpg 683w, https:\/\/havamall.vn\/wp-content\/uploads\/2021\/05\/ce0ce9367083bad41931c6b3b3d0bdd4-1-1200x1800.jpg 1200w, https:\/\/havamall.vn\/wp-content\/uploads\/2021\/05\/ce0ce9367083bad41931c6b3b3d0bdd4-1-600x900.jpg 600w, https:\/\/havamall.vn\/wp-content\/uploads\/2021\/05\/ce0ce9367083bad41931c6b3b3d0bdd4-1.jpg 1456w\" sizes=\"(max-width: 543px) 100vw, 543px\" \/><\/p>\n<h4><\/h4>","protected":false},"excerpt":{"rendered":"<p>TH\u00d4NG TIN CHUNG Th\u01b0\u01a1ng hi\u1ec7u Pikt &amp; Chopt Xu\u1ea5t x\u1ee9 Vi\u1ec7t Nam Th\u00e0nh ph\u1ea7n \u1edat (61%), Xi-r\u00f4 Glucose, Whey protein,<\/p>","protected":false},"featured_media":33443,"comment_status":"open","ping_status":"closed","template":"","meta":[],"product_brand":[],"product_cat":[36],"product_tag":[],"class_list":{"0":"post-33420","1":"product","2":"type-product","3":"status-publish","4":"has-post-thumbnail","6":"product_cat-thuc-pham-tieu-dung","8":"first","9":"instock","10":"sale","11":"shipping-taxable","12":"purchasable","13":"product-type-simple"},"_links":{"self":[{"href":"https:\/\/havamall.vn\/en\/wp-json\/wp\/v2\/product\/33420"}],"collection":[{"href":"https:\/\/havamall.vn\/en\/wp-json\/wp\/v2\/product"}],"about":[{"href":"https:\/\/havamall.vn\/en\/wp-json\/wp\/v2\/types\/product"}],"replies":[{"embeddable":true,"href":"https:\/\/havamall.vn\/en\/wp-json\/wp\/v2\/comments?post=33420"}],"version-history":[{"count":0,"href":"https:\/\/havamall.vn\/en\/wp-json\/wp\/v2\/product\/33420\/revisions"}],"wp:featuredmedia":[{"embeddable":true,"href":"https:\/\/havamall.vn\/en\/wp-json\/wp\/v2\/media\/33443"}],"wp:attachment":[{"href":"https:\/\/havamall.vn\/en\/wp-json\/wp\/v2\/media?parent=33420"}],"wp:term":[{"taxonomy":"product_brand","embeddable":true,"href":"https:\/\/havamall.vn\/en\/wp-json\/wp\/v2\/product_brand?post=33420"},{"taxonomy":"product_cat","embeddable":true,"href":"https:\/\/havamall.vn\/en\/wp-json\/wp\/v2\/product_cat?post=33420"},{"taxonomy":"product_tag","embeddable":true,"href":"https:\/\/havamall.vn\/en\/wp-json\/wp\/v2\/product_tag?post=33420"}],"curies":[{"name":"wp","href":"https:\/\/api.w.org\/{rel}","templated":true}]}}