{"id":33419,"date":"2023-12-21T13:28:56","date_gmt":"2023-12-21T06:28:56","guid":{"rendered":"https:\/\/havamall.vn\/?post_type=product&#038;p=33419"},"modified":"2023-12-21T14:05:58","modified_gmt":"2023-12-21T07:05:58","slug":"sot-sa-pikt-chopt-goi-75g-cold-blended-lemon-grass-paste","status":"publish","type":"product","link":"https:\/\/havamall.vn\/en\/shop\/sot-sa-pikt-chopt-goi-75g-cold-blended-lemon-grass-paste\/","title":{"rendered":"S\u1ed1t S\u1ea3 Pikt &amp; Chopt G\u00f3i 75g &#8211; Cold Blended Lemon Grass Paste"},"content":{"rendered":"<h2><\/h2>\n<h2><strong>TH\u00d4NG TIN CHUNG<\/strong><\/h2>\n<table>\n<tbody>\n<tr>\n<td>Th\u01b0\u01a1ng hi\u1ec7u<\/td>\n<td>Pikt &amp; Chopt<\/td>\n<\/tr>\n<tr>\n<td>Xu\u1ea5t x\u1ee9<\/td>\n<td>Vi\u1ec7t Nam<\/td>\n<\/tr>\n<tr>\n<td>Th\u00e0nh ph\u1ea7n<\/td>\n<td>S\u1ea3 (61%), Xi-r\u00f4 Glucose, Whey protein, D\u1ea7u th\u1ef1c v\u1eadt (\u0110\u1eadu n\u00e0nh), Mu\u1ed1i, Axit th\u1ef1c ph\u1ea9m (Natri Lactate, Axit Citric, Axit axetic), Ch\u1ea5t l\u00e0m \u0111\u1eb7c (Tinh b\u1ed9t khoai t\u00e2y bi\u1ebfn t\u00ednh, Xanthan Gum).<\/td>\n<\/tr>\n<tr>\n<td>H\u1ea1n s\u1eed d\u1ee5ng<\/td>\n<td>18 th\u00e1ng k\u1ec3 t\u1eeb ng\u00e0y s\u1ea3n xu\u1ea5t.<\/td>\n<\/tr>\n<tr>\n<td>B\u1ea3o qu\u1ea3n<\/td>\n<td>\u0110\u1ec3 n\u01a1i kh\u00f4 r\u00e1o, tho\u00e1ng m\u00e1t, tr\u00e1nh \u00e1nh n\u1eafng tr\u1ef1c ti\u1ebfp<\/td>\n<\/tr>\n<tr>\n<td>Kh\u1ed1i l\u01b0\u1ee3ng t\u1ecbnh<\/td>\n<td>75g<\/td>\n<\/tr>\n<\/tbody>\n<\/table>\n<p>S\u1ea3 l\u00e0 m\u1ed9t trong nh\u1eefng lo\u1ea1i\u00a0 rau m\u00eam v\u00f4 c\u00f9ng quen thu\u1ed9c v\u1edbi c\u00e1c m\u00f3n ngon trong gia \u0111\u00ecnh Vi\u1ec7t. S\u1ea3 mang l\u1ea1i h\u01b0\u01a1ng v\u1ecb th\u01a1m n\u1ed3ng, \u0111\u1eadm \u0111\u00e0 v\u00e0 cay cay \u0111\u1eb7c bi\u1ec7t. Trong s\u1ea3 c\u00f3 ch\u1ee9a nhi\u1ec1u lo\u1ea1i vitamin nh\u01b0: A, C, B1, B2, B3, B5, B6 v\u00e0 axit folic r\u1ea5t t\u1ed1t \u0111\u1ec3 nu\u00f4i d\u01b0\u1ee1ng l\u00e0n da. Ngo\u00e0i ra, n\u00f3 c\u00f2n ch\u1ee9a nhi\u1ec1u lo\u1ea1i kho\u00e1ng ch\u1ea5t quan tr\u1ecdng nh\u01b0: Kali, Canxi, Magie, Photpho, Mangan, \u0110\u1ed3ng, K\u1ebdm v\u00e0 S\u1eaft gi\u00fap l\u00e0n da \u0111\u01b0\u1ee3c c\u0103ng kh\u1ecfe v\u00e0 tr\u00e0n \u0111\u1ea7y s\u1ee9c s\u1ed1ng.<\/p>\n<p><img fetchpriority=\"high\" decoding=\"async\" class=\"wp-image-33432 aligncenter\" src=\"https:\/\/havamall.vn\/wp-content\/uploads\/2023\/12\/aa659670c98f86c507f2cfa5aa338752.w1772.h1142-1-300x193.jpg\" alt=\"\" width=\"672\" height=\"432\" srcset=\"https:\/\/havamall.vn\/wp-content\/uploads\/2023\/12\/aa659670c98f86c507f2cfa5aa338752.w1772.h1142-1-300x193.jpg 300w, https:\/\/havamall.vn\/wp-content\/uploads\/2023\/12\/aa659670c98f86c507f2cfa5aa338752.w1772.h1142-1-600x387.jpg 600w, https:\/\/havamall.vn\/wp-content\/uploads\/2023\/12\/aa659670c98f86c507f2cfa5aa338752.w1772.h1142-1-1200x773.jpg 1200w, https:\/\/havamall.vn\/wp-content\/uploads\/2023\/12\/aa659670c98f86c507f2cfa5aa338752.w1772.h1142-1-768x495.jpg 768w, https:\/\/havamall.vn\/wp-content\/uploads\/2023\/12\/aa659670c98f86c507f2cfa5aa338752.w1772.h1142-1-1024x660.jpg 1024w, https:\/\/havamall.vn\/wp-content\/uploads\/2023\/12\/aa659670c98f86c507f2cfa5aa338752.w1772.h1142-1.jpg 1772w\" sizes=\"(max-width: 672px) 100vw, 672px\" \/><\/p>\n<p>\u0110\u1eb7c bi\u1ec7t, t\u00ednh kh\u00e1ng khu\u1ea9n v\u00e0 ch\u1ea5t ch\u1ed1ng oxy h\u00f3a trong s\u1ea3 gi\u00fap ng\u0103n ng\u1eeba l\u00e3o h\u00f3a da, n\u1ebfp nh\u0103n \u0111\u1ed3ng th\u1eddi gi\u1ea3i quy\u1ebft c\u00e1c v\u1ea5n \u0111\u1ec1 v\u1ec1 vi\u00eam nang l\u00f4ng, vi\u00eam m\u00f4 t\u1ebf b\u00e0o \u0111\u1ea5y. S\u1ed1t s\u1ea3 Pikt &amp; Chopt l\u00e0 s\u1ea3n ph\u1ea9m gi\u00fap c\u00e1c b\u00e0 n\u1ed9i tr\u1ee3 ti\u1ebft ki\u1ec7m th\u1eddi gian n\u1ea5u n\u01b0\u1edbng nh\u01b0ng v\u1eabn gi\u1eef \u0111\u01b0\u1ee3c h\u01b0\u01a1ng v\u1ecb th\u01a1m ngon c\u1ee7a m\u00f3n \u0103n.<\/p>\n<p><img decoding=\"async\" class=\"wp-image-33435 aligncenter\" src=\"https:\/\/havamall.vn\/wp-content\/uploads\/2023\/12\/Xot-gia-vi-hoan-chinh-Barona-Xao-Sa-Otfd-300x255.png\" alt=\"\" width=\"671\" height=\"571\" srcset=\"https:\/\/havamall.vn\/wp-content\/uploads\/2023\/12\/Xot-gia-vi-hoan-chinh-Barona-Xao-Sa-Otfd-300x255.png 300w, https:\/\/havamall.vn\/wp-content\/uploads\/2023\/12\/Xot-gia-vi-hoan-chinh-Barona-Xao-Sa-Otfd-768x652.png 768w, https:\/\/havamall.vn\/wp-content\/uploads\/2023\/12\/Xot-gia-vi-hoan-chinh-Barona-Xao-Sa-Otfd.png 800w\" sizes=\"(max-width: 671px) 100vw, 671px\" \/><\/p>\n<p>\u0110\u01b0\u1ee3c s\u1ea3n xu\u1ea5t theo c\u00f4ng ngh\u1ec7 hi\u1ec7n \u0111\u1ea1i, c\u00e1c kh\u00e2u t\u1eeb l\u00fac ch\u1ecdn nguy\u00ean li\u1ec7u ch\u1ebf bi\u1ebfn, \u0111\u00f3ng chai \u0111\u1ec1u di\u1ec5n ra kh\u00e9p k\u00edn d\u01b0\u1edbi s\u1ef1 gi\u00e1m s\u00e1t nghi\u00eam ng\u1eb7t, kh\u00f4ng ch\u1ee9a h\u00f3a ch\u1ea5t \u0111\u1ed9c h\u1ea1i, ch\u1ea5t b\u1ea3o qu\u1ea3n c\u00f3 h\u1ea1i cho s\u1ee9c kh\u1ecfe, \u0111\u1ea3m b\u1ea3o an to\u00e0n v\u1ec7 sinh v\u00e0 an to\u00e0n cho s\u1ee9c kh\u1ecfe ng\u01b0\u1eddi ti\u00eau d\u00f9ng.<\/p>\n<p><img decoding=\"async\" class=\"wp-image-33433 aligncenter\" src=\"https:\/\/havamall.vn\/wp-content\/uploads\/2023\/12\/cach-lam-chan-ga-ngam-sa-ot-kieu-thai-20230614034404-e-300x182.jpeg\" alt=\"\" width=\"677\" height=\"411\" srcset=\"https:\/\/havamall.vn\/wp-content\/uploads\/2023\/12\/cach-lam-chan-ga-ngam-sa-ot-kieu-thai-20230614034404-e-300x182.jpeg 300w, https:\/\/havamall.vn\/wp-content\/uploads\/2023\/12\/cach-lam-chan-ga-ngam-sa-ot-kieu-thai-20230614034404-e-600x363.jpeg 600w, https:\/\/havamall.vn\/wp-content\/uploads\/2023\/12\/cach-lam-chan-ga-ngam-sa-ot-kieu-thai-20230614034404-e-1200x727.jpeg 1200w, https:\/\/havamall.vn\/wp-content\/uploads\/2023\/12\/cach-lam-chan-ga-ngam-sa-ot-kieu-thai-20230614034404-e-768x465.jpeg 768w, https:\/\/havamall.vn\/wp-content\/uploads\/2023\/12\/cach-lam-chan-ga-ngam-sa-ot-kieu-thai-20230614034404-e-1024x620.jpeg 1024w, https:\/\/havamall.vn\/wp-content\/uploads\/2023\/12\/cach-lam-chan-ga-ngam-sa-ot-kieu-thai-20230614034404-e.jpeg 1280w\" sizes=\"(max-width: 677px) 100vw, 677px\" \/><\/p>\n<p>S\u1ea3n ph\u1ea9m th\u00edch h\u1ee3p d\u00f9ng v\u1edbi c\u00e1c m\u00f3n \u0103n nh\u01b0 m\u1ef1c n\u01b0\u1edbng, h\u1ea3i s\u1ea3n h\u1ea5p, h\u1ea3i s\u1ea3n t\u1ea9m b\u1ed9t chi\u00ean, th\u1ecbt g\u00e0, l\u1ea9u th\u00e1i\u2026gi\u00fap cho m\u00f3n \u0103n t\u0103ng th\u00eam h\u01b0\u01a1ng v\u1ecb th\u01a1m ngon, t\u1ea1o s\u1ef1 h\u1ea5p d\u1eabn cho m\u00f3n, k\u00edch th\u00edch v\u1ecb gi\u00e1c, ph\u00f9 v\u1edbi v\u1edbi \u0111a s\u1ed1 ng\u01b0\u1eddi ti\u00eau d\u00f9ng.<\/p>\n<p><img loading=\"lazy\" decoding=\"async\" class=\"wp-image-33434 aligncenter\" src=\"https:\/\/havamall.vn\/wp-content\/uploads\/2023\/12\/Xot-gia-vi-hoan-chinh-Barona-Xao-Sa-Otd1-300x254.png\" alt=\"\" width=\"681\" height=\"577\" srcset=\"https:\/\/havamall.vn\/wp-content\/uploads\/2023\/12\/Xot-gia-vi-hoan-chinh-Barona-Xao-Sa-Otd1-300x254.png 300w, https:\/\/havamall.vn\/wp-content\/uploads\/2023\/12\/Xot-gia-vi-hoan-chinh-Barona-Xao-Sa-Otd1-600x509.png 600w, https:\/\/havamall.vn\/wp-content\/uploads\/2023\/12\/Xot-gia-vi-hoan-chinh-Barona-Xao-Sa-Otd1-768x651.png 768w, https:\/\/havamall.vn\/wp-content\/uploads\/2023\/12\/Xot-gia-vi-hoan-chinh-Barona-Xao-Sa-Otd1.png 800w\" sizes=\"(max-width: 681px) 100vw, 681px\" \/><\/p>","protected":false},"excerpt":{"rendered":"<p>TH\u00d4NG TIN CHUNG Th\u01b0\u01a1ng hi\u1ec7u Pikt &amp; Chopt Xu\u1ea5t x\u1ee9 Vi\u1ec7t Nam Th\u00e0nh ph\u1ea7n S\u1ea3 (61%), Xi-r\u00f4 Glucose, Whey protein,<\/p>","protected":false},"featured_media":33436,"comment_status":"open","ping_status":"closed","template":"","meta":[],"product_brand":[],"product_cat":[36],"product_tag":[],"class_list":{"0":"post-33419","1":"product","2":"type-product","3":"status-publish","4":"has-post-thumbnail","6":"product_cat-thuc-pham-tieu-dung","8":"first","9":"instock","10":"sale","11":"shipping-taxable","12":"purchasable","13":"product-type-simple"},"_links":{"self":[{"href":"https:\/\/havamall.vn\/en\/wp-json\/wp\/v2\/product\/33419"}],"collection":[{"href":"https:\/\/havamall.vn\/en\/wp-json\/wp\/v2\/product"}],"about":[{"href":"https:\/\/havamall.vn\/en\/wp-json\/wp\/v2\/types\/product"}],"replies":[{"embeddable":true,"href":"https:\/\/havamall.vn\/en\/wp-json\/wp\/v2\/comments?post=33419"}],"version-history":[{"count":0,"href":"https:\/\/havamall.vn\/en\/wp-json\/wp\/v2\/product\/33419\/revisions"}],"wp:featuredmedia":[{"embeddable":true,"href":"https:\/\/havamall.vn\/en\/wp-json\/wp\/v2\/media\/33436"}],"wp:attachment":[{"href":"https:\/\/havamall.vn\/en\/wp-json\/wp\/v2\/media?parent=33419"}],"wp:term":[{"taxonomy":"product_brand","embeddable":true,"href":"https:\/\/havamall.vn\/en\/wp-json\/wp\/v2\/product_brand?post=33419"},{"taxonomy":"product_cat","embeddable":true,"href":"https:\/\/havamall.vn\/en\/wp-json\/wp\/v2\/product_cat?post=33419"},{"taxonomy":"product_tag","embeddable":true,"href":"https:\/\/havamall.vn\/en\/wp-json\/wp\/v2\/product_tag?post=33419"}],"curies":[{"name":"wp","href":"https:\/\/api.w.org\/{rel}","templated":true}]}}