{"id":33418,"date":"2023-12-21T16:41:28","date_gmt":"2023-12-21T09:41:28","guid":{"rendered":"https:\/\/havamall.vn\/?post_type=product&#038;p=33418"},"modified":"2023-12-21T16:41:28","modified_gmt":"2023-12-21T09:41:28","slug":"sot-que-tay-pikt-chopt-goi-75g-cold-blended-basil-paste","status":"publish","type":"product","link":"https:\/\/havamall.vn\/en\/shop\/sot-que-tay-pikt-chopt-goi-75g-cold-blended-basil-paste\/","title":{"rendered":"S\u1ed1t Qu\u1ebf T\u00e2y Pikt &amp; Chopt G\u00f3i 75g &#8211; Cold Blended Basil Paste"},"content":{"rendered":"<div><\/div>\n<div>\n<h2><strong>TH\u00d4NG TIN CHUNG<\/strong><\/h2>\n<table>\n<tbody>\n<tr>\n<td>Th\u01b0\u01a1ng hi\u1ec7u<\/td>\n<td>Pikt &amp; Chopt<\/td>\n<\/tr>\n<tr>\n<td>Xu\u1ea5t x\u1ee9<\/td>\n<td>Vi\u1ec7t Nam<\/td>\n<\/tr>\n<tr>\n<td>Th\u00e0nh ph\u1ea7n<\/td>\n<td>H\u00fang qu\u1ebf t\u00e2y (61%), Xi-r\u00f4 Glucose, Whey protein, D\u1ea7u th\u1ef1c v\u1eadt (\u0110\u1eadu n\u00e0nh), Mu\u1ed1i, Axit th\u1ef1c ph\u1ea9m (Natri Lactate, Axit Citric, Axit axetic), Ch\u1ea5t l\u00e0m \u0111\u1eb7c (Tinh b\u1ed9t khoai t\u00e2y bi\u1ebfn t\u00ednh, Xanthan Gum).<\/td>\n<\/tr>\n<tr>\n<td>H\u1ea1n s\u1eed d\u1ee5ng<\/td>\n<td>18 th\u00e1ng k\u1ec3 t\u1eeb ng\u00e0y s\u1ea3n xu\u1ea5t.<\/td>\n<\/tr>\n<tr>\n<td>B\u1ea3o qu\u1ea3n<\/td>\n<td>\u0110\u1ec3 n\u01a1i kh\u00f4 r\u00e1o, tho\u00e1ng m\u00e1t, tr\u00e1nh \u00e1nh n\u1eafng tr\u1ef1c ti\u1ebfp<\/td>\n<\/tr>\n<tr>\n<td>Kh\u1ed1i l\u01b0\u1ee3ng t\u1ecbnh<\/td>\n<td>75g<\/td>\n<\/tr>\n<\/tbody>\n<\/table>\n<\/div>\n<div>H\u00fang qu\u1ebf \u1edf Vi\u1ec7t Nam thu\u1ed9c lo\u00e0i h\u00fang ph\u1ed5 bi\u1ebfn v\u00f9ng \u0110\u00f4ng Nam \u00c1 (nhi\u1ec1u ng\u01b0\u1eddi cho r\u1eb1ng c\u00e2y c\u00f3 g\u1ed1c xu\u1ea5t x\u1ee9 t\u1eeb Trung Qu\u1ed1c v\u00e0 \u1ea4n \u0110\u1ed9, th\u01b0\u1eddng \u0111\u01b0\u1ee3c ch\u00e2u \u00c2u bi\u1ebft \u0111\u1ebfn v\u1edbi t\u00ean g\u1ecdi h\u00fang Th\u00e1i (Thai basil) c\u00f3 m\u00f9i d\u1ecbu nh\u1eb9 h\u01a1n h\u00fang qu\u1ebf \u1edf ch\u00e2u \u00c2u, tho\u1ea3ng h\u01b0\u01a1ng v\u1ecb qu\u1ebf. L\u00e1 v\u00e0 ng\u1ecdn non h\u00fang qu\u1ebf \u0111\u01b0\u1ee3c s\u1eed d\u1ee5ng nh\u01b0 m\u1ed9t lo\u1ea1i rau th\u01a1m \u0103n k\u00e8m trong c\u00e1c m\u00f3n nh\u01b0 l\u00f2ng l\u1ee3n, ti\u1ebft canh, th\u1ecbt v\u1ecbt, b\u00fan ch\u1ea3, b\u00fan b\u00f2 Hu\u1ebf, ph\u1edf (mi\u1ec1n Nam).<img fetchpriority=\"high\" decoding=\"async\" class=\"wp-image-33449 aligncenter\" src=\"https:\/\/havamall.vn\/wp-content\/uploads\/2023\/12\/basil-pesto-3733-1-800x533-300x200.jpeg\" alt=\"\" width=\"775\" height=\"516\" srcset=\"https:\/\/havamall.vn\/wp-content\/uploads\/2023\/12\/basil-pesto-3733-1-800x533-300x200.jpeg 300w, https:\/\/havamall.vn\/wp-content\/uploads\/2023\/12\/basil-pesto-3733-1-800x533-600x400.jpeg 600w, https:\/\/havamall.vn\/wp-content\/uploads\/2023\/12\/basil-pesto-3733-1-800x533-768x512.jpeg 768w, https:\/\/havamall.vn\/wp-content\/uploads\/2023\/12\/basil-pesto-3733-1-800x533.jpeg 800w\" sizes=\"(max-width: 775px) 100vw, 775px\" \/><\/div>\n<div><\/div>\n<div>Trong c\u00e2y h\u00fang qu\u1ebf c\u00f3 t\u1eeb 0,4 \u0111\u1ebfn 0,8% tinh d\u1ea7u. Tinh d\u1ea7u m\u00e0u v\u00e0ng nh\u1ea1t, th\u01a1m nh\u1eb9 d\u1ec5 ch\u1ecbu. Nhi\u1ec1u n\u01a1i tr\u00ean th\u1ebf gi\u1edbi \u0111\u00e3 tr\u1ed3ng h\u00fang qu\u1ebf \u1edf quy m\u00f4 c\u00f4ng nghi\u1ec7p ch\u1ee7 y\u1ebfu l\u00e0m ngu\u1ed3n c\u00e2y cho nguy\u00ean li\u1ec7u c\u1ea5t tinh d\u1ea7u ho\u1eb7c l\u00e0m ch\u1ea5t th\u01a1m. Trong d\u00e2n gian c\u00f3 th\u1ec3 l\u1ea5y c\u00e2y s\u1eafc u\u1ed1ng ch\u1eefa s\u1ed1t; k\u1ebft h\u1ee3p c\u00e1c lo\u1ea1i l\u00e1 \u0111\u1ec3 \u0111un n\u01b0\u1edbc t\u1eafm, n\u01b0\u1edbc x\u00f4ng l\u00e0m cho ra m\u1ed3 h\u00f4i; ch\u1eefa \u0111au d\u1ea1 d\u00e0y, \u0103n u\u1ed1ng kh\u00f4ng ti\u00eau; th\u00f4ng ti\u1ec3u; x\u00fac mi\u1ec7ng v\u00e0 ng\u1eadm ch\u1eefa \u0111au, s\u00e2u r\u0103ng. Th\u01b0\u1eddng s\u1eed d\u1ee5ng c\u1ea3 c\u00e0nh gi\u00e0, l\u00e1 v\u00e0 hoa.<\/div>\n<div><img decoding=\"async\" class=\"wp-image-33447 aligncenter\" src=\"https:\/\/havamall.vn\/wp-content\/uploads\/2023\/12\/79bd31c5d48d188bcd73b3e9629c23ba.jpg_720x720q80-300x300.jpg\" alt=\"\" width=\"778\" height=\"778\" srcset=\"https:\/\/havamall.vn\/wp-content\/uploads\/2023\/12\/79bd31c5d48d188bcd73b3e9629c23ba.jpg_720x720q80-300x300.jpg 300w, https:\/\/havamall.vn\/wp-content\/uploads\/2023\/12\/79bd31c5d48d188bcd73b3e9629c23ba.jpg_720x720q80-600x600.jpg 600w, https:\/\/havamall.vn\/wp-content\/uploads\/2023\/12\/79bd31c5d48d188bcd73b3e9629c23ba.jpg_720x720q80-150x150.jpg 150w, https:\/\/havamall.vn\/wp-content\/uploads\/2023\/12\/79bd31c5d48d188bcd73b3e9629c23ba.jpg_720x720q80-100x100.jpg 100w, https:\/\/havamall.vn\/wp-content\/uploads\/2023\/12\/79bd31c5d48d188bcd73b3e9629c23ba.jpg_720x720q80.jpg 720w\" sizes=\"(max-width: 778px) 100vw, 778px\" \/><\/div>\n<div>\n<p>\u0110\u01b0\u1ee3c s\u1ea3n xu\u1ea5t theo c\u00f4ng ngh\u1ec7 hi\u1ec7n \u0111\u1ea1i, c\u00e1c kh\u00e2u t\u1eeb l\u00fac ch\u1ecdn nguy\u00ean li\u1ec7u ch\u1ebf bi\u1ebfn, \u0111\u00f3ng chai \u0111\u1ec1u di\u1ec5n ra kh\u00e9p k\u00edn d\u01b0\u1edbi s\u1ef1 gi\u00e1m s\u00e1t nghi\u00eam ng\u1eb7t, kh\u00f4ng ch\u1ee9a h\u00f3a ch\u1ea5t \u0111\u1ed9c h\u1ea1i, ch\u1ea5t b\u1ea3o qu\u1ea3n c\u00f3 h\u1ea1i cho s\u1ee9c kh\u1ecfe, \u0111\u1ea3m b\u1ea3o an to\u00e0n v\u1ec7 sinh v\u00e0 an to\u00e0n cho s\u1ee9c kh\u1ecfe ng\u01b0\u1eddi ti\u00eau d\u00f9ng.<\/p>\n<p>S\u1ea3n ph\u1ea9m th\u00edch h\u1ee3p d\u00f9ng v\u1edbi c\u00e1c m\u00f3n \u0103n nh\u01b0 gi\u00fap cho m\u00f3n \u0103n t\u0103ng th\u00eam h\u01b0\u01a1ng v\u1ecb th\u01a1m ngon, t\u1ea1o s\u1ef1 h\u1ea5p d\u1eabn cho m\u00f3n, k\u00edch th\u00edch v\u1ecb gi\u00e1c, ph\u00f9 v\u1edbi v\u1edbi \u0111a s\u1ed1 ng\u01b0\u1eddi ti\u00eau d\u00f9ng. S\u1ed1t Qu\u1ebf T\u00e2y Pikt &amp; Chopt G\u00f3i 75g \u0111\u01b0\u1ee3c s\u1eed d\u1ee5ng ph\u1ed5 bi\u1ebfn trong l\u00e0m b\u00e1nh v\u00e0 c\u00e1c m\u00f3n \u0103n \u0111\u1eb7c tr\u01b0ng ch\u00e2u \u00c2u. l\u00e1 basil h\u1eefu c\u01a1 d\u00f9ng \u0111\u1ec3 l\u00e0m s\u1ed1t (s\u1ed1t c\u00f3 c\u00e0 chua) trong c\u00e1c m\u00f3n \u0103n ki\u1ec3u \u00dd, s\u1ed1t Pesto. Ngo\u00e0i ra ch\u00fang c\u00f2n \u0111\u01b0\u1ee3c th\u00eam v\u00e0o trong nh\u00e2n b\u00e1nh ho\u1eb7c c\u00e1c m\u00f3n salad.<\/p>\n<p><img decoding=\"async\" class=\"wp-image-33448 aligncenter\" src=\"https:\/\/havamall.vn\/wp-content\/uploads\/2023\/12\/Coriander-Chutney-05-225x300.jpeg\" alt=\"\" width=\"769\" height=\"1025\" srcset=\"https:\/\/havamall.vn\/wp-content\/uploads\/2023\/12\/Coriander-Chutney-05-225x300.jpeg 225w, https:\/\/havamall.vn\/wp-content\/uploads\/2023\/12\/Coriander-Chutney-05-600x800.jpeg 600w, https:\/\/havamall.vn\/wp-content\/uploads\/2023\/12\/Coriander-Chutney-05-768x1024.jpeg 768w, https:\/\/havamall.vn\/wp-content\/uploads\/2023\/12\/Coriander-Chutney-05.jpeg 1200w\" sizes=\"(max-width: 769px) 100vw, 769px\" \/><\/p>\n<\/div>","protected":false},"excerpt":{"rendered":"<p>TH\u00d4NG TIN CHUNG Th\u01b0\u01a1ng hi\u1ec7u Pikt &amp; Chopt Xu\u1ea5t x\u1ee9 Vi\u1ec7t Nam Th\u00e0nh ph\u1ea7n H\u00fang qu\u1ebf t\u00e2y (61%), Xi-r\u00f4 Glucose,<\/p>","protected":false},"featured_media":33450,"comment_status":"open","ping_status":"closed","template":"","meta":[],"product_brand":[],"product_cat":[36],"product_tag":[],"class_list":{"0":"post-33418","1":"product","2":"type-product","3":"status-publish","4":"has-post-thumbnail","6":"product_cat-thuc-pham-tieu-dung","8":"first","9":"instock","10":"sale","11":"shipping-taxable","12":"purchasable","13":"product-type-simple"},"_links":{"self":[{"href":"https:\/\/havamall.vn\/en\/wp-json\/wp\/v2\/product\/33418"}],"collection":[{"href":"https:\/\/havamall.vn\/en\/wp-json\/wp\/v2\/product"}],"about":[{"href":"https:\/\/havamall.vn\/en\/wp-json\/wp\/v2\/types\/product"}],"replies":[{"embeddable":true,"href":"https:\/\/havamall.vn\/en\/wp-json\/wp\/v2\/comments?post=33418"}],"version-history":[{"count":0,"href":"https:\/\/havamall.vn\/en\/wp-json\/wp\/v2\/product\/33418\/revisions"}],"wp:featuredmedia":[{"embeddable":true,"href":"https:\/\/havamall.vn\/en\/wp-json\/wp\/v2\/media\/33450"}],"wp:attachment":[{"href":"https:\/\/havamall.vn\/en\/wp-json\/wp\/v2\/media?parent=33418"}],"wp:term":[{"taxonomy":"product_brand","embeddable":true,"href":"https:\/\/havamall.vn\/en\/wp-json\/wp\/v2\/product_brand?post=33418"},{"taxonomy":"product_cat","embeddable":true,"href":"https:\/\/havamall.vn\/en\/wp-json\/wp\/v2\/product_cat?post=33418"},{"taxonomy":"product_tag","embeddable":true,"href":"https:\/\/havamall.vn\/en\/wp-json\/wp\/v2\/product_tag?post=33418"}],"curies":[{"name":"wp","href":"https:\/\/api.w.org\/{rel}","templated":true}]}}