{"id":33417,"date":"2023-12-21T11:02:52","date_gmt":"2023-12-21T04:02:52","guid":{"rendered":"https:\/\/havamall.vn\/?post_type=product&#038;p=33417"},"modified":"2023-12-21T11:02:53","modified_gmt":"2023-12-21T04:02:53","slug":"sot-gung-pikt-chopt-goi-75g-cold-blended-ginger-paste","status":"publish","type":"product","link":"https:\/\/havamall.vn\/en\/shop\/sot-gung-pikt-chopt-goi-75g-cold-blended-ginger-paste\/","title":{"rendered":"S\u1ed1t G\u1eebng Pikt &amp; Chopt G\u00f3i 75g &#8211; Cold Blended Ginger Paste"},"content":{"rendered":"<h2 id=\"tw-target-text\" class=\"tw-data-text tw-text-large XcVN5d tw-ta\"><\/h2>\n<h2><strong>TH\u00d4NG TIN CHUNG<\/strong><\/h2>\n<table>\n<tbody>\n<tr>\n<td>Th\u01b0\u01a1ng hi\u1ec7u<\/td>\n<td>Pikt &amp; Chopt<\/td>\n<\/tr>\n<tr>\n<td>Xu\u1ea5t x\u1ee9<\/td>\n<td>Vi\u1ec7t Nam<\/td>\n<\/tr>\n<tr>\n<td>Th\u00e0nh ph\u1ea7n<\/td>\n<td>G\u1eebng t\u01b0\u01a1i (61%), Xi-r\u00f4 Glucose, Whey protein, D\u1ea7u th\u1ef1c v\u1eadt (\u0110\u1eadu n\u00e0nh), Mu\u1ed1i, Axit th\u1ef1c ph\u1ea9m (Natri Lactate, Axit Citric, Axit axetic), Ch\u1ea5t l\u00e0m \u0111\u1eb7c (Tinh b\u1ed9t khoai t\u00e2y bi\u1ebfn t\u00ednh, Xanthan Gum).<\/td>\n<\/tr>\n<tr>\n<td>H\u1ea1n s\u1eed d\u1ee5ng<\/td>\n<td>18 th\u00e1ng k\u1ec3 t\u1eeb ng\u00e0y s\u1ea3n xu\u1ea5t.<\/td>\n<\/tr>\n<tr>\n<td>B\u1ea3o qu\u1ea3n<\/td>\n<td>\u0110\u1ec3 n\u01a1i kh\u00f4 r\u00e1o, tho\u00e1ng m\u00e1t, tr\u00e1nh \u00e1nh n\u1eafng tr\u1ef1c ti\u1ebfp<\/td>\n<\/tr>\n<tr>\n<td>Kh\u1ed1i l\u01b0\u1ee3ng t\u1ecbnh<\/td>\n<td>75g<\/td>\n<\/tr>\n<\/tbody>\n<\/table>\n<p>G\u1eebng l\u00e0 lo\u1ea1i gia v\u1ecb c\u00f3 t\u00ednh \u1ea5m n\u00f3ng, \u0111em l\u1ea1i nhi\u1ec1u t\u00e1c d\u1ee5ng nh\u01b0 ch\u1eefa c\u1ea3m l\u1ea1nh, gi\u1ea3m s\u1ed1t, nhu\u1eadn h\u1ecdng, \u1ea5m b\u1ee5ng. Ngo\u00e0i ra khi k\u1ebft h\u1ee3p g\u1eebng v\u1edbi c\u00e1c m\u00f3n \u0103n s\u1ebd gi\u00fap cho m\u00f3n \u0103n th\u00eam ph\u1ea7n h\u1ea5p d\u1eabn, nh\u1ea5t l\u00e0 khi b\u1ea1n k\u1ebft h\u1ee3p g\u1eebng v\u1edbi c\u00e1c m\u00f3n h\u1ea3i s\u1ea3n.<\/p>\n<p><img fetchpriority=\"high\" decoding=\"async\" class=\"wp-image-33424 aligncenter\" src=\"https:\/\/havamall.vn\/wp-content\/uploads\/2023\/12\/aa659670c98f86c507f2cfa5aa338752.w1772.h1142-300x193.jpg\" alt=\"\" width=\"756\" height=\"487\" srcset=\"https:\/\/havamall.vn\/wp-content\/uploads\/2023\/12\/aa659670c98f86c507f2cfa5aa338752.w1772.h1142-300x193.jpg 300w, https:\/\/havamall.vn\/wp-content\/uploads\/2023\/12\/aa659670c98f86c507f2cfa5aa338752.w1772.h1142-600x387.jpg 600w, https:\/\/havamall.vn\/wp-content\/uploads\/2023\/12\/aa659670c98f86c507f2cfa5aa338752.w1772.h1142-1200x773.jpg 1200w, https:\/\/havamall.vn\/wp-content\/uploads\/2023\/12\/aa659670c98f86c507f2cfa5aa338752.w1772.h1142-768x495.jpg 768w, https:\/\/havamall.vn\/wp-content\/uploads\/2023\/12\/aa659670c98f86c507f2cfa5aa338752.w1772.h1142-1024x660.jpg 1024w, https:\/\/havamall.vn\/wp-content\/uploads\/2023\/12\/aa659670c98f86c507f2cfa5aa338752.w1772.h1142.jpg 1772w\" sizes=\"(max-width: 756px) 100vw, 756px\" \/><\/p>\n<p>S\u1ed1t G\u1eebng Pikt &amp; Chopt G\u00f3i 75g ti\u1ec7n l\u1ee3i v\u00e0 d\u1ec5 d\u00e0ng \u0111\u1ec3 s\u1eed d\u1ee5ng, b\u1ed9t g\u1eebng tr\u1ed9n ngu\u1ed9i Pikt &amp; Chopt l\u00e0 m\u1ed9t s\u1ef1 b\u1ed5 sung ho\u00e0n h\u1ea3o v\u00e0 th\u01a1m ngon cho c\u00e1c m\u00f3n x\u00e0o, n\u01b0\u1edbc x\u1ed1t v\u00e0 c\u00e0 ri. \u0110\u1ec3 kh\u00e1c bi\u1ec7t, h\u00e3y th\u00eam b\u1ed9t g\u1eebng tr\u1ed9n l\u1ea1nh Pikt &amp; Chopt v\u00e0o tr\u00e0 n\u00f3ng v\u00e0 n\u01b0\u1edbc tr\u00e1i c\u00e2y \u0111\u1ec3 th\u00eam h\u01b0\u01a1ng v\u1ecb \u1ea5m n\u00f3ng \u0111\u1eb7c bi\u1ec7t v\u00e0 th\u01a1m.<\/p>\n<p>\u0110\u01b0\u1ee3c s\u1ea3n xu\u1ea5t theo c\u00f4ng ngh\u1ec7 hi\u1ec7n \u0111\u1ea1i, c\u00e1c kh\u00e2u t\u1eeb l\u00fac ch\u1ecdn nguy\u00ean li\u1ec7u ch\u1ebf bi\u1ebfn, \u0111\u00f3ng chai \u0111\u1ec1u di\u1ec5n ra kh\u00e9p k\u00edn d\u01b0\u1edbi s\u1ef1 gi\u00e1m s\u00e1t nghi\u00eam ng\u1eb7t, kh\u00f4ng ch\u1ee9a h\u00f3a ch\u1ea5t \u0111\u1ed9c h\u1ea1i, ch\u1ea5t b\u1ea3o qu\u1ea3n c\u00f3 h\u1ea1i cho s\u1ee9c kh\u1ecfe, \u0111\u1ea3m b\u1ea3o an to\u00e0n v\u1ec7 sinh v\u00e0 an to\u00e0n cho s\u1ee9c kh\u1ecfe ng\u01b0\u1eddi ti\u00eau d\u00f9ng.<\/p>\n<p><img decoding=\"async\" class=\"wp-image-33426 aligncenter\" src=\"https:\/\/havamall.vn\/wp-content\/uploads\/2023\/12\/xot-gia-vi-hoan-chinh-barona-kho-gung-300x200.png\" alt=\"\" width=\"753\" height=\"502\" srcset=\"https:\/\/havamall.vn\/wp-content\/uploads\/2023\/12\/xot-gia-vi-hoan-chinh-barona-kho-gung-300x200.png 300w, https:\/\/havamall.vn\/wp-content\/uploads\/2023\/12\/xot-gia-vi-hoan-chinh-barona-kho-gung-600x400.png 600w, https:\/\/havamall.vn\/wp-content\/uploads\/2023\/12\/xot-gia-vi-hoan-chinh-barona-kho-gung-1200x800.png 1200w, https:\/\/havamall.vn\/wp-content\/uploads\/2023\/12\/xot-gia-vi-hoan-chinh-barona-kho-gung-768x512.png 768w, https:\/\/havamall.vn\/wp-content\/uploads\/2023\/12\/xot-gia-vi-hoan-chinh-barona-kho-gung-1024x683.png 1024w\" sizes=\"(max-width: 753px) 100vw, 753px\" \/><\/p>\n<p>S\u1ea3n ph\u1ea9m th\u00edch h\u1ee3p d\u00f9ng v\u1edbi c\u00e1c m\u00f3n \u0103n nh\u01b0 m\u1ef1c n\u01b0\u1edbng, h\u1ea3i s\u1ea3n h\u1ea5p, h\u1ea3i s\u1ea3n t\u1ea9m b\u1ed9t chi\u00ean, ch\u1ea3 gi\u00f2, khoai t\u00e2y chi\u00ean, ph\u1edf&#8230;gi\u00fap cho m\u00f3n \u0103n t\u0103ng th\u00eam h\u01b0\u01a1ng v\u1ecb th\u01a1m ngon, t\u1ea1o s\u1ef1 h\u1ea5p d\u1eabn cho m\u00f3n, k\u00edch th\u00edch v\u1ecb gi\u00e1c, ph\u00f9 v\u1edbi v\u1edbi \u0111a s\u1ed1 ng\u01b0\u1eddi ti\u00eau d\u00f9ng<\/p>\n<h2><strong>C\u00d4NG D\u1ee4NG C\u1ee6A G\u1eeaNG<\/strong><\/h2>\n<ul>\n<li>G\u1eebng c\u00f3 t\u00ednh h\u00e0n, v\u1ecb cay n\u00f3ng gi\u00fap gi\u1ea3i c\u1ea3m, k\u00edch th\u00edch to\u00e1t m\u1ed3 h\u00f4i, long \u0111\u1eddm.<\/li>\n<li>C\u00f3 t\u00e1c d\u1ee5ng trong l\u00e0m \u0111\u1eb9p c\u0169ng nh\u01b0 gi\u00fap t\u0103ng c\u01b0\u1eddng,\u00a0h\u1ed7 tr\u1ee3 s\u1ee9c kh\u1ecfe.<\/li>\n<li>Gi\u00fap kh\u00e1ng vi\u00eam, gi\u1ea3m \u0111au, kh\u00e1ng khu\u1ea9n, l\u00e0m l\u01b0u th\u00f4ng m\u00e1u, ch\u1ed1ng giun s\u00e1n, gi\u00fap ng\u0103n ng\u1eeba nguy c\u01a1 l\u00e3o h\u00f3a.<\/li>\n<li>Ng\u0103n ng\u1eeba vi\u00eam kh\u1edbp, gi\u1ea3m \u0111au n\u1eeda \u0111\u1ea7u, ch\u1ed1ng bu\u1ed3n n\u00f4n, r\u1ed1i lo\u1ea1n h\u1ec7 khu\u1ea9n ru\u1ed9t, \u0111au b\u1ee5ng kinh nguy\u1ec7t, nhi\u1ec5m khu\u1ea9n tai,\u00a0b\u1ea3o v\u1ec7 s\u1ee9c kh\u1ecfe tim m\u1ea1ch\u2026<\/li>\n<\/ul>\n<h2><img decoding=\"async\" class=\"wp-image-33423 aligncenter\" src=\"https:\/\/havamall.vn\/wp-content\/uploads\/2023\/12\/4c6c7bfe6e80fccee6b41ba48b3d63df-300x119.jpeg\" alt=\"\" width=\"708\" height=\"281\" srcset=\"https:\/\/havamall.vn\/wp-content\/uploads\/2023\/12\/4c6c7bfe6e80fccee6b41ba48b3d63df-300x119.jpeg 300w, https:\/\/havamall.vn\/wp-content\/uploads\/2023\/12\/4c6c7bfe6e80fccee6b41ba48b3d63df-600x237.jpeg 600w, https:\/\/havamall.vn\/wp-content\/uploads\/2023\/12\/4c6c7bfe6e80fccee6b41ba48b3d63df-1200x474.jpeg 1200w, https:\/\/havamall.vn\/wp-content\/uploads\/2023\/12\/4c6c7bfe6e80fccee6b41ba48b3d63df-768x304.jpeg 768w, https:\/\/havamall.vn\/wp-content\/uploads\/2023\/12\/4c6c7bfe6e80fccee6b41ba48b3d63df-1024x405.jpeg 1024w, https:\/\/havamall.vn\/wp-content\/uploads\/2023\/12\/4c6c7bfe6e80fccee6b41ba48b3d63df.jpeg 1356w\" sizes=\"(max-width: 708px) 100vw, 708px\" \/><\/h2>\n<h2><b>H\u01af\u1edaNG D\u1eaaN S\u1eec D\u1ee4NG<\/b><\/h2>\n<ul>\n<li>N\u1ea5u canh: S\u1ed1t G\u1eebng th\u01b0\u1eddng \u0111\u01b0\u1ee3c th\u00eam v\u00e0o c\u00e1c lo\u1ea1i canh nh\u01b0 canh g\u00e0, canh h\u1ea3i s\u1ea3n ho\u1eb7c canh chua \u0111\u1ec3 t\u1ea1o h\u01b0\u01a1ng v\u1ecb th\u01a1m ngon v\u00e0 gi\u00fap t\u1ea1o c\u1ea3m gi\u00e1c \u1ea5m trong c\u01a1 th\u1ec3.<\/li>\n<li>M\u00f3n x\u00e0o: S\u1ed1t G\u1eebng c\u00f3 th\u1ec3 \u0111\u01b0\u1ee3c s\u1eed d\u1ee5ng \u0111\u1ec3 x\u00e0o v\u1edbi th\u1ecbt, h\u1ea3i s\u1ea3n ho\u1eb7c rau \u0111\u1ec3 t\u1ea1o h\u01b0\u01a1ng v\u1ecb cay nh\u1eb9 v\u00e0 \u0111\u1eb7c tr\u01b0ng c\u1ee7a g\u1eebng.<\/li>\n<li>S\u1ed1t: S\u1ed1t G\u1eebng c\u00f3 th\u1ec3 \u0111\u01b0\u1ee3c s\u1eed d\u1ee5ng \u0111\u1ec3 l\u00e0m s\u1ed1t cho m\u00f3n \u0103n, v\u00ed d\u1ee5 nh\u01b0 s\u1ed1t g\u1eebng v\u00e0 h\u00e0nh cho sushi ho\u1eb7c s\u1ed1t g\u1eebng v\u00e0 t\u1ecfi cho m\u00f3n l\u1ea9u.<\/li>\n<\/ul>\n<p><img loading=\"lazy\" decoding=\"async\" class=\"wp-image-33422 aligncenter\" src=\"https:\/\/havamall.vn\/wp-content\/uploads\/2023\/12\/0caa2d77b380e64e7521f0eb0087adc2-300x119.jpeg\" alt=\"\" width=\"718\" height=\"285\" srcset=\"https:\/\/havamall.vn\/wp-content\/uploads\/2023\/12\/0caa2d77b380e64e7521f0eb0087adc2-300x119.jpeg 300w, https:\/\/havamall.vn\/wp-content\/uploads\/2023\/12\/0caa2d77b380e64e7521f0eb0087adc2-600x237.jpeg 600w, https:\/\/havamall.vn\/wp-content\/uploads\/2023\/12\/0caa2d77b380e64e7521f0eb0087adc2-1200x474.jpeg 1200w, https:\/\/havamall.vn\/wp-content\/uploads\/2023\/12\/0caa2d77b380e64e7521f0eb0087adc2-768x304.jpeg 768w, https:\/\/havamall.vn\/wp-content\/uploads\/2023\/12\/0caa2d77b380e64e7521f0eb0087adc2-1024x405.jpeg 1024w, https:\/\/havamall.vn\/wp-content\/uploads\/2023\/12\/0caa2d77b380e64e7521f0eb0087adc2.jpeg 1356w\" sizes=\"(max-width: 718px) 100vw, 718px\" \/><\/p>","protected":false},"excerpt":{"rendered":"<p>TH\u00d4NG TIN CHUNG Th\u01b0\u01a1ng hi\u1ec7u Pikt &amp; Chopt Xu\u1ea5t x\u1ee9 Vi\u1ec7t Nam Th\u00e0nh ph\u1ea7n G\u1eebng t\u01b0\u01a1i (61%), Xi-r\u00f4 Glucose, Whey<\/p>","protected":false},"featured_media":33427,"comment_status":"open","ping_status":"closed","template":"","meta":[],"product_brand":[],"product_cat":[36],"product_tag":[],"class_list":{"0":"post-33417","1":"product","2":"type-product","3":"status-publish","4":"has-post-thumbnail","6":"product_cat-thuc-pham-tieu-dung","8":"first","9":"instock","10":"sale","11":"shipping-taxable","12":"purchasable","13":"product-type-simple"},"_links":{"self":[{"href":"https:\/\/havamall.vn\/en\/wp-json\/wp\/v2\/product\/33417"}],"collection":[{"href":"https:\/\/havamall.vn\/en\/wp-json\/wp\/v2\/product"}],"about":[{"href":"https:\/\/havamall.vn\/en\/wp-json\/wp\/v2\/types\/product"}],"replies":[{"embeddable":true,"href":"https:\/\/havamall.vn\/en\/wp-json\/wp\/v2\/comments?post=33417"}],"version-history":[{"count":0,"href":"https:\/\/havamall.vn\/en\/wp-json\/wp\/v2\/product\/33417\/revisions"}],"wp:featuredmedia":[{"embeddable":true,"href":"https:\/\/havamall.vn\/en\/wp-json\/wp\/v2\/media\/33427"}],"wp:attachment":[{"href":"https:\/\/havamall.vn\/en\/wp-json\/wp\/v2\/media?parent=33417"}],"wp:term":[{"taxonomy":"product_brand","embeddable":true,"href":"https:\/\/havamall.vn\/en\/wp-json\/wp\/v2\/product_brand?post=33417"},{"taxonomy":"product_cat","embeddable":true,"href":"https:\/\/havamall.vn\/en\/wp-json\/wp\/v2\/product_cat?post=33417"},{"taxonomy":"product_tag","embeddable":true,"href":"https:\/\/havamall.vn\/en\/wp-json\/wp\/v2\/product_tag?post=33417"}],"curies":[{"name":"wp","href":"https:\/\/api.w.org\/{rel}","templated":true}]}}