{"id":33416,"date":"2023-12-21T11:39:26","date_gmt":"2023-12-21T04:39:26","guid":{"rendered":"https:\/\/havamall.vn\/?post_type=product&#038;p=33416"},"modified":"2023-12-21T11:39:27","modified_gmt":"2023-12-21T04:39:27","slug":"sot-ngo-ri-pikt-chopt-goi-75g-cold-blended-coriander-paste","status":"publish","type":"product","link":"https:\/\/havamall.vn\/en\/shop\/sot-ngo-ri-pikt-chopt-goi-75g-cold-blended-coriander-paste\/","title":{"rendered":"S\u1ed1t Ng\u00f2 R\u00ed Pikt &amp; Chopt G\u00f3i 75g &#8211; Cold Blended Coriander Paste"},"content":{"rendered":"<h2><\/h2>\n<h2><strong>TH\u00d4NG TIN CHUNG<\/strong><\/h2>\n<table>\n<tbody>\n<tr>\n<td>Th\u01b0\u01a1ng hi\u1ec7u<\/td>\n<td>Pikt &amp; Chopt<\/td>\n<\/tr>\n<tr>\n<td>Xu\u1ea5t x\u1ee9<\/td>\n<td>Vi\u1ec7t Nam<\/td>\n<\/tr>\n<tr>\n<td>Th\u00e0nh ph\u1ea7n<\/td>\n<td>Ng\u00f2 r\u00ed (61%), Xi-r\u00f4 Glucose, Whey protein, D\u1ea7u th\u1ef1c v\u1eadt (\u0110\u1eadu n\u00e0nh), Mu\u1ed1i, Axit th\u1ef1c ph\u1ea9m (Natri Lactate, Axit Citric, Axit axetic), Ch\u1ea5t l\u00e0m \u0111\u1eb7c (Tinh b\u1ed9t khoai t\u00e2y bi\u1ebfn t\u00ednh, Xanthan Gum).<\/td>\n<\/tr>\n<tr>\n<td>H\u1ea1n s\u1eed d\u1ee5ng<\/td>\n<td>18 th\u00e1ng k\u1ec3 t\u1eeb ng\u00e0y s\u1ea3n xu\u1ea5t.<\/td>\n<\/tr>\n<tr>\n<td>B\u1ea3o qu\u1ea3n<\/td>\n<td>\u0110\u1ec3 n\u01a1i kh\u00f4 r\u00e1o, tho\u00e1ng m\u00e1t, tr\u00e1nh \u00e1nh n\u1eafng tr\u1ef1c ti\u1ebfp<\/td>\n<\/tr>\n<tr>\n<td>Kh\u1ed1i l\u01b0\u1ee3ng t\u1ecbnh<\/td>\n<td>75g<\/td>\n<\/tr>\n<\/tbody>\n<\/table>\n<p>Ng\u00f2 r\u00ed l\u00e0 m\u1ed9t lo\u1ea1i rau gia v\u1ecb c\u00f3 t\u00ean khoa h\u1ecdc l\u00e0 Coriandrum Sativum L., thu\u1ed9c h\u1ecd Hoa t\u00e1n \u2013 Apiaceae<i>.\u00a0<\/i>\u1ede mi\u1ec1n B\u1eafc, ng\u01b0\u1eddi d\u00e2n th\u01b0\u1eddng g\u1ecdi lo\u1ea1i rau n\u00e0y v\u1edbi c\u00e1i t\u00ean l\u00e0 c\u00e2y rau m\u00f9i hay m\u00f9i ta. Ngo\u00e0i ra, c\u00e2y c\u00f2n c\u00f3 c\u00e1c t\u00ean g\u1ecdi kh\u00e1c nh\u01b0 h\u01b0\u01a1ng tuy, h\u1ed3 tuy, ng\u1ed5 th\u01a1m hay nguy\u00ean tuy\u2026<\/p>\n<p>Ngo\u00e0i m\u00e0u s\u1eafc v\u00e0 h\u01b0\u01a1ng v\u1ecb, ng\u00f2 r\u00ed c\u00f2n b\u1ed5 sung dinh d\u01b0\u1ee1ng cho kh\u1ea9u ph\u1ea7n. M\u1ed9t ph\u1ea7n t\u01b0 c\u1ed1c ch\u1ee9a l\u00e1 ng\u00f2 r\u00ed cung c\u1ea5p 16% gi\u00e1 tr\u1ecb vitamin K c\u1ea7n c\u00f3 m\u1ed7i ng\u00e0y.\u00a0Vitamin K\u00a0s\u1ebd h\u1ed7 tr\u1ee3 x\u01b0\u01a1ng v\u00e0 gi\u00fap v\u1ebft th\u01b0\u01a1ng mau l\u00e0nh. B\u00ean c\u1ea1nh \u0111\u00f3, ng\u00f2 r\u00ed c\u0169ng cung c\u1ea5p 5%\u00a0vitamin A\u00a0v\u00e0 2% vitamin C c\u1ea7n c\u00f3 m\u1ed7i ng\u00e0y. \u0110\u00e2y l\u00e0 2 lo\u1ea1i vitamin ch\u1ecbu tr\u00e1ch nhi\u1ec7m v\u1ec1 ch\u1ee9c n\u0103ng mi\u1ec5n d\u1ecbch c\u1ee7a c\u01a1 th\u1ec3.<\/p>\n<p><img fetchpriority=\"high\" decoding=\"async\" class=\"wp-image-33424 aligncenter\" src=\"https:\/\/havamall.vn\/wp-content\/uploads\/2023\/12\/aa659670c98f86c507f2cfa5aa338752.w1772.h1142-300x193.jpg\" alt=\"\" width=\"769\" height=\"495\" srcset=\"https:\/\/havamall.vn\/wp-content\/uploads\/2023\/12\/aa659670c98f86c507f2cfa5aa338752.w1772.h1142-300x193.jpg 300w, https:\/\/havamall.vn\/wp-content\/uploads\/2023\/12\/aa659670c98f86c507f2cfa5aa338752.w1772.h1142-600x387.jpg 600w, https:\/\/havamall.vn\/wp-content\/uploads\/2023\/12\/aa659670c98f86c507f2cfa5aa338752.w1772.h1142-1200x773.jpg 1200w, https:\/\/havamall.vn\/wp-content\/uploads\/2023\/12\/aa659670c98f86c507f2cfa5aa338752.w1772.h1142-768x495.jpg 768w, https:\/\/havamall.vn\/wp-content\/uploads\/2023\/12\/aa659670c98f86c507f2cfa5aa338752.w1772.h1142-1024x660.jpg 1024w, https:\/\/havamall.vn\/wp-content\/uploads\/2023\/12\/aa659670c98f86c507f2cfa5aa338752.w1772.h1142.jpg 1772w\" sizes=\"(max-width: 769px) 100vw, 769px\" \/><\/p>\n<p>S\u1ed1t ng\u00f2 r\u00ed tuy c\u00f2n xa l\u1ea1 v\u1edbi nhi\u1ec1u ng\u01b0\u1eddi nh\u01b0ng l\u1ea1i r\u1ea5t \u0111\u01b0\u1ee3c \u01b0a chu\u1ed9ng \u1edf c\u00e1c n\u01b0\u1edbc Ch\u00e2u \u00c1. S\u1ed1t ng\u00f2\u00a0\u0111\u01b0\u1ee3c n\u1ea5u k\u00e8m v\u1edbi c\u00e1c m\u00f3n \u0103n nh\u01b0: \u01b0\u1edbp th\u1ecbt n\u01b0\u1edbng c\u00e1, n\u1ea5u canh, ph\u1edf, c\u00e1c m\u00f3n x\u00e0o \u2026 V\u1edbi h\u01b0\u01a1ng th\u01a1m \u0111\u1eb7c tr\u01b0ng v\u00e0 ri\u00eang bi\u1ec7t s\u1ebd gi\u00fap cho m\u00f3n \u0103n tr\u1edf n\u00ean h\u1ea5p d\u1eabn, l\u1ea1 mi\u1ec7ng, th\u01a1m ngon.<\/p>\n<p>S\u1ed1t Ng\u00f2 R\u00ed Pikt &amp; Chopt G\u00f3i 75g ti\u1ec7n l\u1ee3i v\u00e0 d\u1ec5 d\u00e0ng \u0111\u1ec3 s\u1eed d\u1ee5ng, b\u1ed9t ng\u00f2 r\u00ed tr\u1ed9n ngu\u1ed9i Pikt &amp; Chopt l\u00e0 m\u1ed9t s\u1ef1 b\u1ed5 sung ho\u00e0n h\u1ea3o v\u00e0 th\u01a1m ngon cho c\u00e1c m\u00f3n x\u00e0o, n\u01b0\u1edbc x\u1ed1t v\u00e0 c\u00e0 ri.<\/p>\n<p><img decoding=\"async\" class=\"wp-image-33428 aligncenter\" src=\"https:\/\/havamall.vn\/wp-content\/uploads\/2023\/12\/Easy-Chimichurri-200x300.jpeg\" alt=\"\" width=\"765\" height=\"1148\" srcset=\"https:\/\/havamall.vn\/wp-content\/uploads\/2023\/12\/Easy-Chimichurri-200x300.jpeg 200w, https:\/\/havamall.vn\/wp-content\/uploads\/2023\/12\/Easy-Chimichurri-600x900.jpeg 600w, https:\/\/havamall.vn\/wp-content\/uploads\/2023\/12\/Easy-Chimichurri-768x1152.jpeg 768w, https:\/\/havamall.vn\/wp-content\/uploads\/2023\/12\/Easy-Chimichurri-683x1024.jpeg 683w, https:\/\/havamall.vn\/wp-content\/uploads\/2023\/12\/Easy-Chimichurri.jpeg 1200w\" sizes=\"(max-width: 765px) 100vw, 765px\" \/><\/p>\n<p>\u0110\u01b0\u1ee3c s\u1ea3n xu\u1ea5t theo c\u00f4ng ngh\u1ec7 hi\u1ec7n \u0111\u1ea1i, c\u00e1c kh\u00e2u t\u1eeb l\u00fac ch\u1ecdn nguy\u00ean li\u1ec7u ch\u1ebf bi\u1ebfn, \u0111\u00f3ng chai \u0111\u1ec1u di\u1ec5n ra kh\u00e9p k\u00edn d\u01b0\u1edbi s\u1ef1 gi\u00e1m s\u00e1t nghi\u00eam ng\u1eb7t, kh\u00f4ng ch\u1ee9a h\u00f3a ch\u1ea5t \u0111\u1ed9c h\u1ea1i, ch\u1ea5t b\u1ea3o qu\u1ea3n c\u00f3 h\u1ea1i cho s\u1ee9c kh\u1ecfe, \u0111\u1ea3m b\u1ea3o an to\u00e0n v\u1ec7 sinh v\u00e0 an to\u00e0n cho s\u1ee9c kh\u1ecfe ng\u01b0\u1eddi ti\u00eau d\u00f9ng.<\/p>\n<p>S\u1ea3n ph\u1ea9m th\u00edch h\u1ee3p d\u00f9ng v\u1edbi c\u00e1c m\u00f3n \u0103n nh\u01b0 m\u1ef1c n\u01b0\u1edbng, h\u1ea3i s\u1ea3n h\u1ea5p, h\u1ea3i s\u1ea3n t\u1ea9m b\u1ed9t chi\u00ean, ch\u1ea3 gi\u00f2, khoai t\u00e2y chi\u00ean, ph\u1edf\u2026gi\u00fap cho m\u00f3n \u0103n t\u0103ng th\u00eam h\u01b0\u01a1ng v\u1ecb th\u01a1m ngon, t\u1ea1o s\u1ef1 h\u1ea5p d\u1eabn cho m\u00f3n, k\u00edch th\u00edch v\u1ecb gi\u00e1c, ph\u00f9 v\u1edbi v\u1edbi \u0111a s\u1ed1 ng\u01b0\u1eddi ti\u00eau d\u00f9ng.<\/p>\n<p><img decoding=\"async\" class=\"wp-image-33430 aligncenter\" src=\"https:\/\/havamall.vn\/wp-content\/uploads\/2023\/12\/Screen-Shot-2023-12-21-at-11.37.15-AM-300x224.png\" alt=\"\" width=\"771\" height=\"576\" srcset=\"https:\/\/havamall.vn\/wp-content\/uploads\/2023\/12\/Screen-Shot-2023-12-21-at-11.37.15-AM-300x224.png 300w, https:\/\/havamall.vn\/wp-content\/uploads\/2023\/12\/Screen-Shot-2023-12-21-at-11.37.15-AM-600x448.png 600w, https:\/\/havamall.vn\/wp-content\/uploads\/2023\/12\/Screen-Shot-2023-12-21-at-11.37.15-AM-768x574.png 768w, https:\/\/havamall.vn\/wp-content\/uploads\/2023\/12\/Screen-Shot-2023-12-21-at-11.37.15-AM-1024x765.png 1024w, https:\/\/havamall.vn\/wp-content\/uploads\/2023\/12\/Screen-Shot-2023-12-21-at-11.37.15-AM.png 1123w\" sizes=\"(max-width: 771px) 100vw, 771px\" \/><\/p>\n<h2><strong>H\u01af\u1edaNG D\u1eaaN S\u1eec D\u1ee4NG<\/strong><\/h2>\n<p>&#8211; S\u1ea3n ph\u1ea9m th\u00edch h\u1ee3p d\u00f9ng v\u1edbi c\u00e1c m\u00f3n \u0103n nh\u01b0 m\u1ef1c n\u01b0\u1edbng, h\u1ea3i s\u1ea3n h\u1ea5p, h\u1ea3i s\u1ea3n t\u1ea9m b\u1ed9t chi\u00ean, ch\u1ea3 gi\u00f2, khoai t\u00e2y chi\u00ean, ph\u1edf\u2026gi\u00fap cho m\u00f3n \u0103n t\u0103ng th\u00eam h\u01b0\u01a1ng v\u1ecb th\u01a1m ngon.<\/p>\n<p>&#8211; N\u1ea5u canh, \u0103n k\u00e8m v\u1edbi salad, s\u00fap,\u00a0ch\u00e1o, th\u1ecbt lu\u1ed9c, c\u00e1c m\u00f3n \u0111\u01b0\u1ee3c l\u00e0m t\u1eeb c\u00e1 s\u1ebd gi\u00fap kh\u1eed m\u00f9i, t\u0103ng h\u01b0\u01a1ng v\u1ecb, gi\u00fap b\u1ea1n th\u01b0\u1edfng th\u1ee9c m\u00f3n \u0103n ngon mi\u1ec7ng h\u01a1n.<\/p>\n<p><img loading=\"lazy\" decoding=\"async\" class=\"wp-image-33429 aligncenter\" src=\"https:\/\/havamall.vn\/wp-content\/uploads\/2023\/12\/Green-Curry-Paste-14-200x300.jpeg\" alt=\"\" width=\"775\" height=\"1163\" srcset=\"https:\/\/havamall.vn\/wp-content\/uploads\/2023\/12\/Green-Curry-Paste-14-200x300.jpeg 200w, https:\/\/havamall.vn\/wp-content\/uploads\/2023\/12\/Green-Curry-Paste-14-600x900.jpeg 600w, https:\/\/havamall.vn\/wp-content\/uploads\/2023\/12\/Green-Curry-Paste-14-768x1152.jpeg 768w, https:\/\/havamall.vn\/wp-content\/uploads\/2023\/12\/Green-Curry-Paste-14-683x1024.jpeg 683w, https:\/\/havamall.vn\/wp-content\/uploads\/2023\/12\/Green-Curry-Paste-14.jpeg 1200w\" sizes=\"(max-width: 775px) 100vw, 775px\" \/><\/p>","protected":false},"excerpt":{"rendered":"<p>TH\u00d4NG TIN CHUNG Th\u01b0\u01a1ng hi\u1ec7u Pikt &amp; Chopt Xu\u1ea5t x\u1ee9 Vi\u1ec7t Nam Th\u00e0nh ph\u1ea7n Ng\u00f2 r\u00ed (61%), Xi-r\u00f4 Glucose, Whey<\/p>","protected":false},"featured_media":33431,"comment_status":"open","ping_status":"closed","template":"","meta":[],"product_brand":[],"product_cat":[36],"product_tag":[],"class_list":{"0":"post-33416","1":"product","2":"type-product","3":"status-publish","4":"has-post-thumbnail","6":"product_cat-thuc-pham-tieu-dung","8":"first","9":"instock","10":"sale","11":"shipping-taxable","12":"purchasable","13":"product-type-simple"},"_links":{"self":[{"href":"https:\/\/havamall.vn\/en\/wp-json\/wp\/v2\/product\/33416"}],"collection":[{"href":"https:\/\/havamall.vn\/en\/wp-json\/wp\/v2\/product"}],"about":[{"href":"https:\/\/havamall.vn\/en\/wp-json\/wp\/v2\/types\/product"}],"replies":[{"embeddable":true,"href":"https:\/\/havamall.vn\/en\/wp-json\/wp\/v2\/comments?post=33416"}],"version-history":[{"count":0,"href":"https:\/\/havamall.vn\/en\/wp-json\/wp\/v2\/product\/33416\/revisions"}],"wp:featuredmedia":[{"embeddable":true,"href":"https:\/\/havamall.vn\/en\/wp-json\/wp\/v2\/media\/33431"}],"wp:attachment":[{"href":"https:\/\/havamall.vn\/en\/wp-json\/wp\/v2\/media?parent=33416"}],"wp:term":[{"taxonomy":"product_brand","embeddable":true,"href":"https:\/\/havamall.vn\/en\/wp-json\/wp\/v2\/product_brand?post=33416"},{"taxonomy":"product_cat","embeddable":true,"href":"https:\/\/havamall.vn\/en\/wp-json\/wp\/v2\/product_cat?post=33416"},{"taxonomy":"product_tag","embeddable":true,"href":"https:\/\/havamall.vn\/en\/wp-json\/wp\/v2\/product_tag?post=33416"}],"curies":[{"name":"wp","href":"https:\/\/api.w.org\/{rel}","templated":true}]}}