{"id":33409,"date":"2023-12-20T16:09:28","date_gmt":"2023-12-20T09:09:28","guid":{"rendered":"https:\/\/havamall.vn\/?post_type=product&#038;p=33409"},"modified":"2025-03-19T10:23:34","modified_gmt":"2025-03-19T03:23:34","slug":"ruou-vang-aleixo-native-do-12-5-chai-250ml","status":"publish","type":"product","link":"https:\/\/havamall.vn\/en\/shop\/ruou-vang-aleixo-native-do-12-5-chai-250ml\/","title":{"rendered":"R\u01b0\u1ee3u Vang Aleixo Native \u0110\u1ecf 12.5% Chai 250ml"},"content":{"rendered":"<h2><\/h2>\n<h2 id=\"tw-target-text\" class=\"tw-data-text tw-text-large XcVN5d tw-ta\"><strong>TH\u00d4NG TIN CHUNG<\/strong><\/h2>\n<table>\n<tbody>\n<tr>\n<td>Th\u01b0\u01a1ng hi\u1ec7u<\/td>\n<td>Real Cave do Cedro<\/td>\n<\/tr>\n<tr>\n<td>Xu\u1ea5t x\u1ee9<\/td>\n<td>B\u1ed3 \u0110\u00e0o Nha<\/td>\n<\/tr>\n<tr>\n<td>Lo\u1ea1i vang<\/td>\n<td>R\u01b0\u1ee3u vang \u0111\u1ecf<\/td>\n<\/tr>\n<tr>\n<td>N\u1ed3ng \u0111\u1ed9<\/td>\n<td>13,2%<\/td>\n<\/tr>\n<tr>\n<td>Gi\u1ed1ng nho<\/td>\n<td>blend<\/td>\n<\/tr>\n<tr>\n<td>Th\u1ec3 t\u00edch<\/td>\n<td>250ml<\/td>\n<\/tr>\n<\/tbody>\n<\/table>\n<p>Aleixo Native l\u00e0 m\u1ed9t chai r\u01b0\u1ee3u vang v\u00f4 c\u00f9ng th\u01a1m ngon c\u1ee7a B\u1ed3 \u0110\u00e0o Nha, \u0111\u01b0\u1ee3c l\u00e0m t\u1eeb h\u1ed7n h\u1ee3p c\u00e1c gi\u1ed1ng nho \u0111\u1ecf t\u1ea1i \u0111\u1ecba ph\u01b0\u01a1ng. Vang \u0111\u01b0\u01a1c \u0111\u00f3ng trong chai mini c\u00f3 dung t\u00edch 250 ml, r\u1ea5t xinh x\u1eafn v\u00e0 nh\u1ecf g\u1ecdn. Ngo\u00e0i ra vang c\u00f2n c\u00f3 thi\u1ebft k\u1ebf n\u1eafp gi\u1eadt r\u1ea5t th\u00f4ng minh v\u00e0 ti\u1ec7n d\u1ee5ng, kh\u00f4ng c\u1ea7n ph\u1ea3i s\u1eed d\u1ee5ng d\u1ee5ng c\u1ee5 khui b\u1ea1n v\u1eabn c\u00f3 th\u1ec3 c\u00f3 r\u01b0\u1ee3u vang \u0111\u1ec3 u\u1ed1ng.<\/p>\n<p><img fetchpriority=\"high\" decoding=\"async\" class=\"wp-image-33411 aligncenter\" src=\"https:\/\/havamall.vn\/wp-content\/uploads\/2025\/03\/z4172406595664_d0adcf50d31de77973f01a30ea64d590-300x225.jpg\" alt=\"\" width=\"652\" height=\"489\" \/><\/p>\n<p>R\u01b0\u1ee3u vang \u0111\u1ecf Aleixo\u00a0hay c\u00f2n \u0111\u01b0\u1ee3c g\u1ecdi l\u00e0 R\u01b0\u1ee3u Vang \u0110\u1ecf \u2013 Aleixo Native Red. Xu\u1ea5t t\u1eeb \u0111\u1ea5t n\u01b0\u1edbc B\u1ed3 \u0110\u00e0o Nha. \u0110\u01b0\u1ee3c xem nh\u01b0 l\u00e0 m\u1ed9t bi\u1ec3u t\u01b0\u1ee3ng, m\u1ed9t b\u01b0\u1edbc \u0111\u1ed9t ph\u00e1 m\u1edbi trong d\u00f2ng R\u01b0\u1ee3u Vang. V\u1edbi thi\u1ebft k\u1ebf hi\u1ec7n \u0111\u1ea1i, nh\u1ecf g\u1ecdn v\u00e0 ti\u1ec7n l\u1ee3i nh\u01b0ng kh\u00f4ng k\u00e9m ph\u1ea7n sang tr\u1ecdng,\u2026.<span id=\"So_luoc_ve_lich_su_thuong_hieu_ruou_vang_do_Aleixo\" class=\"ez-toc-section\"><\/span><\/p>\n<p>REAL CAVE DO CEDRO\u00a0l\u00e0 m\u1ed9t x\u01b0\u1edfng r\u01b0\u1ee3u vang truy\u1ec1n th\u1ed1ng gia \u0111\u00ecnh n\u1ed5i ti\u1ebfng t\u1ea1i B\u1ed3 \u0110\u00e0o Nha th\u00e0nh l\u1eadp t\u1eeb 1951. V\u00ec l\u00e0 t\u00e2m huy\u1ebft ,ni\u1ec1m t\u1ef1 h\u00e0o c\u1ee7a gia \u0111\u00ecnh n\u00ean ch\u1ea5t l\u01b0\u1ee3ng c\u1ee7a s\u1ea3n ph\u1ea9m r\u1ea5t \u0111\u01b0\u1ee3c ch\u00fa tr\u1ecdng tr\u00ean n\u1ec1n t\u1ea3ng t\u00f4n tr\u1ecdng gi\u00e1 tr\u1ecb truy\u1ec1n th\u1ed1ng k\u1ebft h\u1ee3p c\u00f4ng ngh\u1ec7 hi\u1ec7n \u0111\u1ea1i nh\u1ea5t \u0111\u1ec3 \u0111\u01b0a ra th\u1ecb tr\u01b0\u1eddng s\u1ea3n ph\u1ea9m r\u01b0\u1ee3u vang c\u00f3 ch\u1ea5t l\u01b0\u1ee3ng cao.<\/p>\n<p><img decoding=\"async\" class=\"wp-image-33412 aligncenter\" src=\"https:\/\/havamall.vn\/wp-content\/uploads\/2025\/03\/174107718_3851304724976674_2376891941421102553_n-300x300.jpg\" alt=\"\" width=\"658\" height=\"658\" \/><\/p>\n<h2><span id=\"Gioi_thieu_ve_ruou_vang_do_Aleixo\" class=\"ez-toc-section\"><\/span><strong>Gi\u1edbi thi\u1ec7u v\u1ec1 r\u01b0\u1ee3u vang \u0111\u1ecf Aleixo<\/strong><\/h2>\n<p>R\u01b0\u1ee3u vang \u0111\u1ecf Aleixo Native l\u00e0 m\u1ed9t chai r\u01b0\u1ee3u vang v\u00f4 c\u00f9ng th\u01a1m ngon c\u1ee7a B\u1ed3 \u0110\u00e0o Nha. \u0110\u01b0\u1ee3c l\u00e0m t\u1eeb h\u1ed7n h\u1ee3p c\u00e1c gi\u1ed1ng nho \u0111\u1ecf t\u1ea1i \u0111\u1ecba ph\u01b0\u01a1ng. Vang \u0111\u01b0\u01a1c \u0111\u00f3ng trong chai mini c\u00f3 dung t\u00edch 250 ml, r\u1ea5t xinh x\u1eafn v\u00e0 nh\u1ecf g\u1ecdn. Ngo\u00e0i ra vang c\u00f2n c\u00f3 thi\u1ebft k\u1ebf n\u1eafp gi\u1eadt r\u1ea5t th\u00f4ng minh v\u00e0 ti\u1ec7n d\u1ee5ng. Kh\u00f4ng c\u1ea7n ph\u1ea3i s\u1eed d\u1ee5ng d\u1ee5ng c\u1ee5 khui b\u1ea1n v\u1eabn c\u00f3 th\u1ec3 c\u00f3 r\u01b0\u1ee3u vang \u0111\u1ec3 u\u1ed1ng.<\/p>\n<div class=\"o9v6fnle cxmmr5t8 oygrvhab hcukyx3x c1et5uql ii04i59q\">\n<p dir=\"auto\">D\u00f2ng r\u01b0\u1ee3u vang \u0111\u1ecf Aleixo mini \u0111\u01b0\u1ee3c xem nh\u01b0 l\u00e0 m\u1ed9t bi\u1ec3u t\u01b0\u1ee3ng, m\u1ed9t b\u01b0\u1edbc \u0111\u1ed9t ph\u00e1 trong ng\u00e0nh c\u00f4ng nghi\u1ec7p r\u01b0\u1ee3u vang. Thi\u1ebft k\u1ebf hi\u1ec7n \u0111\u1ea1i, nh\u1ecf g\u1ecdn c\u1ef1c th\u00edch h\u1ee3p v\u1edbi xu h\u01b0\u1edbng x\u00e3 h\u1ed9i ng\u00e0y c\u00e0ng ph\u00e1t tri\u1ec3n. Dung t\u00edch 250ml, n\u1eafp b\u1eadt ti\u1ec7n d\u1ee5ng, h\u01b0\u01a1ng v\u1ecb t\u01b0\u01a1i m\u1edbi, d\u1ec5 d\u00e0ng mang theo c\u00e1c bu\u1ed5i d\u00e3 ngo\u1ea1i, \u0111i bi\u1ec3n\u2026 B\u1ea1n kh\u00f4ng c\u1ea7n ph\u1ea3i m\u1edf m\u1ed9t chai l\u1edbn r\u1ed3i sau \u0111\u00f3 th\u1ea5y ti\u1ebfc nu\u1ed1i v\u00ec l\u00e3ng ph\u00ed kh\u00f4ng u\u1ed1ng h\u1ebft. V\u1edbi Aleixo, b\u1ea1n u\u1ed1ng \u0111\u1ebfn \u0111\u00e2u m\u1edf \u0111\u1ebfn \u0111\u00f3 v\u00f4 c\u00f9ng ti\u1ec7n d\u1ee5ng.<\/p>\n<p dir=\"auto\">R\u01b0\u1ee3u vang \u0111\u1ecf Aleixo Native u\u1ed1ng \u00edt h\u01a1n nh\u01b0ng ngon v\u00e0 s\u00e0nh \u0111i\u1ec7u h\u01a1n. Chai r\u01b0\u1ee3u vang mini kh\u00f4ng ch\u1ec9 gi\u1eef \u0111\u01b0\u1ee3c c\u1ea3m gi\u00e1c nh\u01b0 u\u1ed1ng vang truy\u1ec1n th\u1ed1ng, m\u00e0 c\u00f2n mang l\u1ea1i c\u01a1 h\u1ed9i nh\u1ea5m nh\u00e1p lo\u1ea1i vang hi\u1ebfm v\u00e0 h\u1ea3o h\u1ea1ng.<\/p>\n<p dir=\"auto\"><img decoding=\"async\" class=\"wp-image-33410 aligncenter\" src=\"https:\/\/havamall.vn\/wp-content\/uploads\/2025\/03\/120k-300x300.jpg\" alt=\"\" width=\"648\" height=\"648\" \/><\/p>\n<\/div>\n<h2><span id=\"Mo_ta_huong_vi_cua_vang_do_Aleixo\" class=\"ez-toc-section\"><\/span><strong>M\u00f4 t\u1ea3 h\u01b0\u01a1ng v\u1ecb c\u1ee7a vang \u0111\u1ecf Aleixo<\/strong><\/h2>\n<p>R\u01b0\u1ee3u vang \u0111\u1ecf Aleixo c\u00f3 m\u00e0u \u0111\u1ecf Ruby t\u01b0\u01a1i m\u1edbi v\u1edbi h\u01b0\u01a1ng th\u01a1m t\u01b0\u01a1i m\u00e1t tr\u00e0n ng\u1eadp v\u1ecb qu\u1ea3 \u0111\u1ecf nh\u01b0 d\u00e2u t\u00e2y, anh \u0111\u00e0o, hoa violet, ch\u00fat v\u1ecb c\u1ee7a vanila v\u00f4 c\u00f9ng \u0111\u1eb7c s\u1eafc. V\u1ecb ch\u00e1t nh\u1eb9 nh\u00e0ng d\u1ec5 u\u1ed1ng, r\u1ea5t ph\u00f9 h\u1ee3p v\u1edbi phong c\u00e1ch tr\u1ebb trung c\u1ee7a gi\u1edbi tr\u1ebb. Do tannin kh\u00f4ng cao, r\u01b0\u1ee3u c\u00f3 th\u1ec3 k\u1ebft h\u1ee3p v\u1edbi h\u1ea7u nh\u01b0 m\u1ecdi m\u00f3n \u0103n (th\u01b0\u1eddng th\u1ecbt \u0111\u1ecf, ph\u00f4 mai,, m\u1ef3 \u00dd,\u2026 s\u1ebd h\u1ee3p nh\u1ea5t). R\u01b0\u1ee3u vang u\u1ed1ng ngon nh\u1ea5t \u1edf nhi\u1ec7t \u0111\u1ed9 12-16 \u0111\u1ed9 C.<\/p>\n<p><img loading=\"lazy\" decoding=\"async\" class=\"wp-image-33413 aligncenter\" src=\"https:\/\/havamall.vn\/wp-content\/uploads\/2023\/12\/Screen-Shot-2023-12-20-at-4.06.33-PM-300x292.png\" alt=\"\" width=\"674\" height=\"656\" \/><\/p>","protected":false},"excerpt":{"rendered":"<p>TH\u00d4NG TIN CHUNG Th\u01b0\u01a1ng hi\u1ec7u Real Cave do Cedro Xu\u1ea5t x\u1ee9 B\u1ed3 \u0110\u00e0o Nha Lo\u1ea1i vang R\u01b0\u1ee3u vang \u0111\u1ecf N\u1ed3ng<\/p>","protected":false},"featured_media":33414,"comment_status":"open","ping_status":"closed","template":"","meta":[],"product_brand":[],"product_cat":[677,36,135],"product_tag":[],"class_list":{"0":"post-33409","1":"product","2":"type-product","3":"status-publish","4":"has-post-thumbnail","6":"product_cat-cac-nuoc-khac","7":"product_cat-thuc-pham-tieu-dung","8":"product_cat-sua-do-uong","10":"first","11":"instock","12":"sale","13":"shipping-taxable","14":"purchasable","15":"product-type-simple"},"_links":{"self":[{"href":"https:\/\/havamall.vn\/en\/wp-json\/wp\/v2\/product\/33409"}],"collection":[{"href":"https:\/\/havamall.vn\/en\/wp-json\/wp\/v2\/product"}],"about":[{"href":"https:\/\/havamall.vn\/en\/wp-json\/wp\/v2\/types\/product"}],"replies":[{"embeddable":true,"href":"https:\/\/havamall.vn\/en\/wp-json\/wp\/v2\/comments?post=33409"}],"version-history":[{"count":0,"href":"https:\/\/havamall.vn\/en\/wp-json\/wp\/v2\/product\/33409\/revisions"}],"wp:featuredmedia":[{"embeddable":true,"href":"https:\/\/havamall.vn\/en\/wp-json\/wp\/v2\/media\/33414"}],"wp:attachment":[{"href":"https:\/\/havamall.vn\/en\/wp-json\/wp\/v2\/media?parent=33409"}],"wp:term":[{"taxonomy":"product_brand","embeddable":true,"href":"https:\/\/havamall.vn\/en\/wp-json\/wp\/v2\/product_brand?post=33409"},{"taxonomy":"product_cat","embeddable":true,"href":"https:\/\/havamall.vn\/en\/wp-json\/wp\/v2\/product_cat?post=33409"},{"taxonomy":"product_tag","embeddable":true,"href":"https:\/\/havamall.vn\/en\/wp-json\/wp\/v2\/product_tag?post=33409"}],"curies":[{"name":"wp","href":"https:\/\/api.w.org\/{rel}","templated":true}]}}