{"id":33402,"date":"2023-12-20T15:30:05","date_gmt":"2023-12-20T08:30:05","guid":{"rendered":"https:\/\/havamall.vn\/?post_type=product&#038;p=33402"},"modified":"2023-12-20T15:40:37","modified_gmt":"2023-12-20T08:40:37","slug":"ruou-vang-aleixo-native-trang-12-5-chai-250ml","status":"publish","type":"product","link":"https:\/\/havamall.vn\/en\/shop\/ruou-vang-aleixo-native-trang-12-5-chai-250ml\/","title":{"rendered":"R\u01b0\u1ee3u Vang Aleixo Native Tr\u1eafng 12.5% Chai 250ml"},"content":{"rendered":"<h2><\/h2>\n<h2 id=\"tw-target-text\" class=\"tw-data-text tw-text-large XcVN5d tw-ta\"><strong>TH\u00d4NG TIN CHUNG<\/strong><\/h2>\n<table>\n<tbody>\n<tr>\n<td>Th\u01b0\u01a1ng hi\u1ec7u<\/td>\n<td>Real Cave do Cedro<\/td>\n<\/tr>\n<tr>\n<td>Xu\u1ea5t x\u1ee9<\/td>\n<td>B\u1ed3 \u0110\u00e0o Nha<\/td>\n<\/tr>\n<tr>\n<td>Lo\u1ea1i vang<\/td>\n<td>R\u01b0\u1ee3u vang tr\u1eafng<\/td>\n<\/tr>\n<tr>\n<td>N\u1ed3ng \u0111\u1ed9<\/td>\n<td>13,2%<\/td>\n<\/tr>\n<tr>\n<td>Gi\u1ed1ng nho<\/td>\n<td>blend<\/td>\n<\/tr>\n<tr>\n<td>Th\u1ec3 t\u00edch<\/td>\n<td>250ml<\/td>\n<\/tr>\n<\/tbody>\n<\/table>\n<p>Aleixo Native l\u00e0 m\u1ed9t chai r\u01b0\u1ee3u vang v\u00f4 c\u00f9ng th\u01a1m ngon c\u1ee7a B\u1ed3 \u0110\u00e0o Nha, \u0111\u01b0\u1ee3c l\u00e0m t\u1eeb h\u1ed7n h\u1ee3p c\u00e1c gi\u1ed1ng nho \u0111\u1ecf t\u1ea1i \u0111\u1ecba ph\u01b0\u01a1ng. Vang \u0111\u01b0\u01a1c \u0111\u00f3ng trong chai mini c\u00f3 dung t\u00edch 250 ml, r\u1ea5t xinh x\u1eafn v\u00e0 nh\u1ecf g\u1ecdn. Ngo\u00e0i ra vang c\u00f2n c\u00f3 thi\u1ebft k\u1ebf n\u1eafp gi\u1eadt r\u1ea5t th\u00f4ng minh v\u00e0 ti\u1ec7n d\u1ee5ng, kh\u00f4ng c\u1ea7n ph\u1ea3i s\u1eed d\u1ee5ng d\u1ee5ng c\u1ee5 khui b\u1ea1n v\u1eabn c\u00f3 th\u1ec3 c\u00f3 r\u01b0\u1ee3u vang \u0111\u1ec3 u\u1ed1ng.<img fetchpriority=\"high\" decoding=\"async\" class=\"wp-image-33405 aligncenter\" src=\"https:\/\/havamall.vn\/wp-content\/uploads\/2023\/12\/Nhung-chai-vang-trang-ngon-tu-nho-sauvignon-blanc-2-1024x1024-300x300.png\" alt=\"\" width=\"678\" height=\"678\" srcset=\"https:\/\/havamall.vn\/wp-content\/uploads\/2023\/12\/Nhung-chai-vang-trang-ngon-tu-nho-sauvignon-blanc-2-1024x1024-300x300.png 300w, https:\/\/havamall.vn\/wp-content\/uploads\/2023\/12\/Nhung-chai-vang-trang-ngon-tu-nho-sauvignon-blanc-2-1024x1024-600x600.png 600w, https:\/\/havamall.vn\/wp-content\/uploads\/2023\/12\/Nhung-chai-vang-trang-ngon-tu-nho-sauvignon-blanc-2-1024x1024-150x150.png 150w, https:\/\/havamall.vn\/wp-content\/uploads\/2023\/12\/Nhung-chai-vang-trang-ngon-tu-nho-sauvignon-blanc-2-1024x1024-768x768.png 768w, https:\/\/havamall.vn\/wp-content\/uploads\/2023\/12\/Nhung-chai-vang-trang-ngon-tu-nho-sauvignon-blanc-2-1024x1024-100x100.png 100w, https:\/\/havamall.vn\/wp-content\/uploads\/2023\/12\/Nhung-chai-vang-trang-ngon-tu-nho-sauvignon-blanc-2-1024x1024.png 1024w\" sizes=\"(max-width: 678px) 100vw, 678px\" \/><\/p>\n<p>Real Cave do Cedro l\u00e0 m\u1ed9t nh\u00e0 m\u00e1y s\u1ea3n xu\u1ea5t r\u01b0\u1ee3u vang truy\u1ec1n th\u1ed1ng gia \u0111\u00ecnh n\u1ed5i ti\u1ebfng t\u1ea1i B\u1ed3 \u0110\u00e0o Nha, \u0111\u01b0\u1ee3c th\u00e0nh l\u1eadp t\u1eeb 1951. Mang theo t\u00e2m huy\u1ebft\u00a0 v\u00e0 ni\u1ec1m t\u1ef1 h\u00e0o gia \u0111\u00ecnh, c\u00e1c s\u1ea3n ph\u1ea9m c\u1ee7a h\u00e3ng lu\u00f4n ch\u00fa tr\u1ecdng \u0111\u1ebfn ch\u1ea5t l\u01b0\u1ee3ng v\u00e0 h\u01b0\u1edbng \u0111\u1ebfn ng\u01b0\u1eddi ti\u00eau d\u00f9ng. D\u1ef1a tr\u00ean s\u1ef1 t\u00f4n tr\u1ecdng nh\u1eefng gi\u00e1 tr\u1ecb truy\u1ec1n th\u1ed1ng, c\u1ed9ng th\u00eam vi\u1ec7c ti\u1ebfp thu c\u00e1c c\u00f4ng ngh\u1ec7 hi\u1ec7n \u0111\u1ea1i, h\u1ecd \u0111\u00e3 cho ra \u0111\u1eddi c\u00e1c d\u00f2ng s\u1ea3n ph\u1ea9m r\u01b0\u1ee3u vang c\u00f3 ch\u1ea5t l\u01b0\u1ee3ng cao v\u00e0 h\u1ee3p th\u1ecb hi\u1ebfu ng\u01b0\u1eddi ti\u00eau d\u00f9ng.<\/p>\n<p><img decoding=\"async\" class=\"wp-image-33406 aligncenter\" src=\"https:\/\/havamall.vn\/wp-content\/uploads\/2023\/12\/Ly-ruou-vang-trang-1-scaled-200x300.jpeg\" alt=\"\" width=\"675\" height=\"1013\" srcset=\"https:\/\/havamall.vn\/wp-content\/uploads\/2023\/12\/Ly-ruou-vang-trang-1-scaled-200x300.jpeg 200w, https:\/\/havamall.vn\/wp-content\/uploads\/2023\/12\/Ly-ruou-vang-trang-1-scaled-600x900.jpeg 600w, https:\/\/havamall.vn\/wp-content\/uploads\/2023\/12\/Ly-ruou-vang-trang-1-scaled-1200x1800.jpeg 1200w, https:\/\/havamall.vn\/wp-content\/uploads\/2023\/12\/Ly-ruou-vang-trang-1-scaled-768x1152.jpeg 768w, https:\/\/havamall.vn\/wp-content\/uploads\/2023\/12\/Ly-ruou-vang-trang-1-scaled-683x1024.jpeg 683w, https:\/\/havamall.vn\/wp-content\/uploads\/2023\/12\/Ly-ruou-vang-trang-1-scaled.jpeg 1707w\" sizes=\"(max-width: 675px) 100vw, 675px\" \/><\/p>\n<p>D\u00f2ng r\u01b0\u1ee3u vang mini Aleixo mini \u0111\u01b0\u1ee3c xem nh\u01b0 l\u00e0 m\u1ed9t bi\u1ec3u t\u01b0\u1ee3ng, m\u1ed9t b\u01b0\u1edbc \u0111\u1ed9t ph\u00e1 trong ng\u00e0nh c\u00f4ng nghi\u1ec7p r\u01b0\u1ee3u vang. Thi\u1ebft k\u1ebf hi\u1ec7n \u0111\u1ea1i, nh\u1ecf g\u1ecdn c\u1ef1c th\u00edch h\u1ee3p v\u1edbi xu h\u01b0\u1edbng x\u00e3 h\u1ed9i ng\u00e0y c\u00e0ng ph\u00e1t tri\u1ec3n. Dung t\u00edch 250ml nh\u1ecf g\u1ecdn, n\u1eafp b\u1eadt ti\u1ec7n d\u1ee5ng, h\u01b0\u01a1ng v\u1ecb t\u01b0\u01a1i m\u1edbi, d\u1ec5 d\u00e0ng mang theo c\u00e1c bu\u1ed5i d\u00e3 ngo\u1ea1i, \u0111i bi\u1ec3n. V\u1edbi Aleixo, b\u1ea1n u\u1ed1ng \u0111\u1ebfn \u0111\u00e2u m\u1edf \u0111\u1ebfn \u0111\u00f3 v\u00f4 c\u00f9ng ti\u1ec7n d\u1ee5ng.<\/p>\n<p><img decoding=\"async\" class=\"wp-image-33407 aligncenter\" src=\"https:\/\/havamall.vn\/wp-content\/uploads\/2023\/12\/carmenchadonnay-230x300.png\" alt=\"\" width=\"675\" height=\"881\" srcset=\"https:\/\/havamall.vn\/wp-content\/uploads\/2023\/12\/carmenchadonnay-230x300.png 230w, https:\/\/havamall.vn\/wp-content\/uploads\/2023\/12\/carmenchadonnay-600x784.png 600w, https:\/\/havamall.vn\/wp-content\/uploads\/2023\/12\/carmenchadonnay-768x1003.png 768w, https:\/\/havamall.vn\/wp-content\/uploads\/2023\/12\/carmenchadonnay-784x1024.png 784w, https:\/\/havamall.vn\/wp-content\/uploads\/2023\/12\/carmenchadonnay.png 960w\" sizes=\"(max-width: 675px) 100vw, 675px\" \/><\/p>\n<p>R\u01b0\u1ee3u vang Aleixo\u00a0Native c\u00f3 m\u00e0u \u0111\u1ecf ruby \u0111\u1eb7c tr\u01b0ng. H\u01b0\u01a1ng th\u01a1m t\u01b0\u01a1i m\u00e1t tr\u00e0n ng\u1eadp v\u1ecb qu\u1ea3 \u0111\u1ecf nh\u01b0 d\u00e2u t\u00e2y, anh \u0111\u00e0o, hoa violet, ch\u00fat v\u1ecb c\u1ee7a vanila v\u00f4 c\u00f9ng \u0111\u1eb7c s\u1eafc. V\u1ecb ch\u00e1t nh\u1eb9 nh\u00e0ng d\u1ec5 u\u1ed1ng, r\u1ea5t ph\u00f9 h\u1ee3p v\u1edbi phong c\u00e1ch tr\u1ebb trung c\u1ee7a gi\u1edbi tr\u1ebb. Do tannin kh\u00f4ng cao, r\u01b0\u1ee3u c\u00f3 th\u1ec3 k\u1ebft h\u1ee3p v\u1edbi h\u1ea7u nh\u01b0 m\u1ecdi m\u00f3n \u0103n (th\u01b0\u1eddng th\u1ecbt \u0111\u1ecf, ph\u00f4 mai, m\u1ef3 \u00dd,\u2026 s\u1ebd h\u1ee3p nh\u1ea5t). R\u01b0\u1ee3u vang u\u1ed1ng ngon nh\u1ea5t \u1edf nhi\u1ec7t \u0111\u1ed9 12-16 \u0111\u1ed9 C.<\/p>\n<p><img loading=\"lazy\" decoding=\"async\" class=\"wp-image-33408 aligncenter\" src=\"https:\/\/havamall.vn\/wp-content\/uploads\/2023\/12\/cach-cam-ly-ruou-vang-dung-cach-300x300.jpeg\" alt=\"\" width=\"674\" height=\"674\" srcset=\"https:\/\/havamall.vn\/wp-content\/uploads\/2023\/12\/cach-cam-ly-ruou-vang-dung-cach-300x300.jpeg 300w, https:\/\/havamall.vn\/wp-content\/uploads\/2023\/12\/cach-cam-ly-ruou-vang-dung-cach-600x600.jpeg 600w, https:\/\/havamall.vn\/wp-content\/uploads\/2023\/12\/cach-cam-ly-ruou-vang-dung-cach-150x150.jpeg 150w, https:\/\/havamall.vn\/wp-content\/uploads\/2023\/12\/cach-cam-ly-ruou-vang-dung-cach-768x768.jpeg 768w, https:\/\/havamall.vn\/wp-content\/uploads\/2023\/12\/cach-cam-ly-ruou-vang-dung-cach-1024x1024.jpeg 1024w, https:\/\/havamall.vn\/wp-content\/uploads\/2023\/12\/cach-cam-ly-ruou-vang-dung-cach.jpeg 1200w, https:\/\/havamall.vn\/wp-content\/uploads\/2023\/12\/cach-cam-ly-ruou-vang-dung-cach-100x100.jpeg 100w\" sizes=\"(max-width: 674px) 100vw, 674px\" \/><\/p>","protected":false},"excerpt":{"rendered":"<p>TH\u00d4NG TIN CHUNG Th\u01b0\u01a1ng hi\u1ec7u Real Cave do Cedro Xu\u1ea5t x\u1ee9 B\u1ed3 \u0110\u00e0o Nha Lo\u1ea1i vang R\u01b0\u1ee3u vang tr\u1eafng N\u1ed3ng<\/p>","protected":false},"featured_media":33403,"comment_status":"open","ping_status":"closed","template":"","meta":[],"product_brand":[],"product_cat":[36],"product_tag":[],"class_list":{"0":"post-33402","1":"product","2":"type-product","3":"status-publish","4":"has-post-thumbnail","6":"product_cat-thuc-pham-tieu-dung","8":"first","9":"instock","10":"sale","11":"shipping-taxable","12":"purchasable","13":"product-type-simple"},"_links":{"self":[{"href":"https:\/\/havamall.vn\/en\/wp-json\/wp\/v2\/product\/33402"}],"collection":[{"href":"https:\/\/havamall.vn\/en\/wp-json\/wp\/v2\/product"}],"about":[{"href":"https:\/\/havamall.vn\/en\/wp-json\/wp\/v2\/types\/product"}],"replies":[{"embeddable":true,"href":"https:\/\/havamall.vn\/en\/wp-json\/wp\/v2\/comments?post=33402"}],"version-history":[{"count":0,"href":"https:\/\/havamall.vn\/en\/wp-json\/wp\/v2\/product\/33402\/revisions"}],"wp:featuredmedia":[{"embeddable":true,"href":"https:\/\/havamall.vn\/en\/wp-json\/wp\/v2\/media\/33403"}],"wp:attachment":[{"href":"https:\/\/havamall.vn\/en\/wp-json\/wp\/v2\/media?parent=33402"}],"wp:term":[{"taxonomy":"product_brand","embeddable":true,"href":"https:\/\/havamall.vn\/en\/wp-json\/wp\/v2\/product_brand?post=33402"},{"taxonomy":"product_cat","embeddable":true,"href":"https:\/\/havamall.vn\/en\/wp-json\/wp\/v2\/product_cat?post=33402"},{"taxonomy":"product_tag","embeddable":true,"href":"https:\/\/havamall.vn\/en\/wp-json\/wp\/v2\/product_tag?post=33402"}],"curies":[{"name":"wp","href":"https:\/\/api.w.org\/{rel}","templated":true}]}}