{"id":33394,"date":"2023-12-20T14:35:20","date_gmt":"2023-12-20T07:35:20","guid":{"rendered":"https:\/\/havamall.vn\/?post_type=product&#038;p=33394"},"modified":"2025-03-19T10:22:00","modified_gmt":"2025-03-19T03:22:00","slug":"ruou-vang-do-phap-croix-du-pin-cabernet-sauvignon-750ml","status":"publish","type":"product","link":"https:\/\/havamall.vn\/en\/shop\/ruou-vang-do-phap-croix-du-pin-cabernet-sauvignon-750ml\/","title":{"rendered":"R\u01b0\u1ee3u Vang \u0110\u1ecf Ph\u00e1p Croix Du Pin Cabernet Sauvignon 2021 750ml"},"content":{"rendered":"<h2><\/h2>\n<h2><strong>TH\u00d4NG TIN S\u1ea2N PH\u1ea8M<\/strong><\/h2>\n<table>\n<tbody>\n<tr>\n<td>Th\u01b0\u01a1ng hi\u1ec7u<\/td>\n<td>La Croix du Pin<\/td>\n<\/tr>\n<tr>\n<td>Xu\u1ea5t x\u1ee9<\/td>\n<td>Ph\u00e1p<\/td>\n<\/tr>\n<tr>\n<td>Lo\u1ea1i vang<\/td>\n<td>R\u01b0\u1ee3u vang \u0111\u1ecf<\/td>\n<\/tr>\n<tr>\n<td>N\u1ed3ng \u0111\u1ed9<\/td>\n<td>13,5%<\/td>\n<\/tr>\n<tr>\n<td>Gi\u1ed1ng nho<\/td>\n<td>Cabernet Sauvignon<\/td>\n<\/tr>\n<tr>\n<td>Th\u1ec3 t\u00edch<\/td>\n<td>750ml<\/td>\n<\/tr>\n<\/tbody>\n<\/table>\n<p>La Croix du Pin\u00a0l\u00e0 th\u01b0\u01a1ng hi\u1ec7u r\u01b0\u1ee3u vang \u0111\u1ea1i di\u1ec7n cho s\u1ef1 \u0111\u01a1n gi\u1ea3n v\u00e0 tinh t\u1ebf \u0111\u1ebfn t\u1eeb mi\u1ec1n nam n\u01b0\u1edbc Ph\u00e1p, mang l\u1ea1i ch\u1ea5t l\u01b0\u1ee3ng v\u01b0\u1ee3t tr\u1ed9i v\u1ec1 gi\u00e1 tr\u1ecb. Ch\u00ednh v\u00ec v\u1eady, \u0111\u00e2y ch\u00ednh l\u00e0 s\u1ef1 l\u1ef1a ch\u1ecdn ho\u00e0n h\u1ea3o cho c\u00e1c b\u1eefa ti\u1ec7c, \u0111\u1ea3m b\u1ea3o xu\u1ea5t x\u1ee9 v\u00e0 ch\u1ea5t l\u01b0\u1ee3ng tuy\u1ec7t h\u1ea3o.<\/p>\n<p>D\u00f2ng r\u01b0\u1ee3u n\u00e0y c\u0169ng t\u1eebng \u0111\u1ea1t \u0111\u01b0\u1ee3c Huy ch\u01b0\u01a1ng \u0111\u1ed3ng cu\u1ed9c thi R\u01b0\u1ee3u vang qu\u1ed1c t\u1ebf Miami (Miami International Wine Challenge) n\u0103m 2013.<img fetchpriority=\"high\" decoding=\"async\" class=\"wp-image-33400 aligncenter\" src=\"https:\/\/havamall.vn\/wp-content\/uploads\/2025\/03\/370685901_710095317799493_7749377051110785365_n-240x300.jpg\" alt=\"\" width=\"680\" height=\"850\" \/><\/p>\n<p>Vang \u0111\u1ecf La Croix Du Pin Ph\u00e1p l\u00e0 d\u00f2ng s\u1ea3n ph\u1ea9m c\u1ee7a th\u01b0\u01a1ng hi\u1ec7u r\u01b0\u1ee3u vang \u0111\u1ea1i di\u1ec7n cho s\u1ef1 \u0111\u01a1n gi\u1ea3n v\u00e0 tinh t\u1ebf \u0111\u1ebfn t\u1eeb mi\u1ec1n nam n\u01b0\u1edbc Ph\u00e1p, h\u01b0\u01a1ng v\u1ecb tr\u00f2n tr\u1ecba, pha l\u1eabn nhi\u1ec1u lo\u1ea1i h\u01b0\u01a1ng v\u1ecb kh\u00e1c nhau c\u00f9ng m\u1ed9t ch\u00fat ch\u00e1t nh\u1eb9.<\/p>\n<p>R\u01b0\u1ee3u vang La Croix du Pin l\u00e0 chai vang \u0111\u1ecf \u0111\u01b0\u1ee3c s\u1ea3n xu\u1ea5t t\u1eeb c\u00e1c lo\u1ea1i nho \u0111\u01b0\u1ee3c h\u00e1i t\u1ea1i Ph\u00e1p. S\u1ea3n ph\u1ea9m mang m\u00e0u \u0111\u1ecf Ruby qu\u00fd ph\u00e1i k\u1ebft h\u1ee3p v\u1edbi h\u01b0\u01a1ng v\u1ecb c\u1ee7a d\u00e2u t\u00e2y t\u01b0\u01a1i, th\u01a1m l\u1eebng c\u1ee7a cafe, cay n\u1ed3ng c\u1ee7a h\u1ea1t ti\u00eau \u0111en c\u00f9ng m\u00f9i v\u1ecb n\u1ed3ng n\u00e0n c\u1ee7a m\u1eadt ong, m\u00f9i \u0111\u1eb7c tr\u01b0ng c\u1ee7a c\u00e2y s\u1ed3i \u0111\u00e3 t\u1ea1o ra chai r\u01b0\u1ee3u th\u01a1m ngon th\u01b0\u1ee3ng h\u1ea1ng mang l\u1ea1i s\u1ef1 cu\u1ed1n h\u00fat m\u00e3i kh\u00f4ng ng\u1eebng cho nh\u1eefng ng\u01b0\u1eddi y\u00eau vang v\u00e0 s\u1ebd l\u00e0 tr\u1ea3i nghi\u1ec7m tuy\u1ec7t v\u1eddi kh\u00f3 phai m\u1edd.<\/p>\n<p><img decoding=\"async\" class=\"wp-image-33395 aligncenter\" src=\"https:\/\/havamall.vn\/wp-content\/uploads\/2025\/03\/jhfhdfhd-scaled-300x200.jpg\" alt=\"\" width=\"679\" height=\"452\" \/><\/p>\n<p>K\u1ebft h\u1ee3p t\u1eeb nhi\u1ec1u lo\u1ea1i nho ch\u00edn \u0111\u1ecf kh\u00e1c nhau \u0111\u00f3 l\u00e0 nho Cabernet Sauvignon, Cabernet Franc v\u00e0 Merlot, chai r\u01b0\u1ee3u vang n\u00e0y l\u00e0 s\u1ef1 c\u1ea3m nh\u1eadn \u0111\u1ea7y \u0111\u1ee7 v\u1ec1 h\u01b0\u01a1ng v\u1ecb c\u1ee7a t\u1eebng qu\u1ea3 nho. H\u01a1n th\u1ebf n\u1eefa khi th\u01b0\u1edfng th\u1ee9c ch\u00fang ta c\u0169ng c\u00f3 th\u1ec3 c\u1ea3m nh\u1eadn \u0111\u01b0\u1ee3c s\u1ef1 rung \u0111\u1ed9ng \u0111\u1ebfn t\u1eeb h\u01b0\u01a1ng v\u1ecb c\u1ee7a tuy\u1ebft t\u00f9ng, qu\u1ebf, \u0111inh h\u01b0\u01a1ng, \u0111\u00e0o hay m\u1eadn ch\u00edn.<\/p>\n<p>Nh\u1eefng \u1ea5n t\u01b0\u1ee3ng d\u00e0nh cho r\u01b0\u1ee3u vang n\u01b0\u1edbc Ph\u00e1p s\u1ebd c\u00f2n l\u01b0u luy\u1ebfn m\u00e3i trong l\u00f2ng nh\u1eefng ai \u0111\u00e3 t\u1eebng c\u00f3 d\u1ecbp \u0111\u01b0\u1ee3c ti\u1ebfp x\u00fac v\u1edbi s\u1ea3n ph\u1ea9m r\u01b0\u1ee3u vang n\u00e0y. Mu\u1ed1n cho chai r\u01b0\u1ee3u vang \u0111\u01b0\u1ee3c t\u1ed1t h\u01a1n n\u1eefa th\u00ec vi\u1ec7c u\u1ed1ng vang th\u1ebf n\u00e0o l\u00e0 \u0111\u00fang c\u00e1ch c\u0169ng r\u1ea5t quan tr\u1ecdng.<\/p>\n<p><img decoding=\"async\" class=\"wp-image-33399 aligncenter\" src=\"https:\/\/havamall.vn\/wp-content\/uploads\/2025\/03\/19247699_1696830580344421_7817811095376742040_n-1-300x300.jpg\" alt=\"\" width=\"695\" height=\"695\" \/><\/p>\n<p>B\u1ea1n n\u00ean l\u1ef1a ch\u1ecdn nh\u1eefng m\u00f3n \u0103n ph\u1ed5 bi\u1ebfn \u0111\u01b0\u1ee3c s\u1eed d\u1ee5ng c\u00f9ng v\u1edbi s\u1ea3n ph\u1ea9m r\u01b0\u1ee3u vang \u0111\u00f3 l\u00e0 th\u1ecbt \u0111\u1ecf n\u01b0\u1edbng, g\u00e0 n\u01b0\u1edbng nh\u01b0 th\u1ecbt c\u1eebu ho\u1eb7c th\u1ecbt l\u1ee3n n\u01b0\u1edbng \u1edf m\u1ee9c nhi\u1ec7t u\u1ed1ng vang kho\u1ea3ng 16-18 \u0111\u1ed9. R\u01b0\u1ee3u s\u1ebd \u0111\u1ec3 l\u1ea1i k\u1ebft th\u00fac ng\u1ecdt ng\u00e0o nh\u1ea5t gi\u00e0nh t\u1eb7ng qu\u00fd kh\u00e1ch h\u00e0ng.<\/p>\n<p>R\u01b0\u1ee3u Vang Ph\u00e1p La Croix du Pin l\u00e0 m\u1ed9t l\u1ef1a ch\u1ecdn ho\u00e0n h\u1ea3o cho nh\u1eefng ai mu\u1ed1n th\u01b0\u1edfng th\u1ee9c m\u1ed9t lo\u1ea1i r\u01b0\u1ee3u vang Ph\u00e1p ngon, \u0111\u1eadm \u0111\u00e0 v\u00e0 tinh t\u1ebf. R\u01b0\u1ee3u l\u00e0 m\u1ed9t m\u00f3n qu\u00e0 \u00fd ngh\u0129a cho nh\u1eefng d\u1ecbp \u0111\u1eb7c bi\u1ec7t nh\u01b0 sinh nh\u1eadt, k\u1ef7 ni\u1ec7m, l\u1ec5 t\u1ebft ho\u1eb7c ti\u1ec7c nh\u1ecf. R\u01b0\u1ee3u c\u0169ng l\u00e0 m\u1ed9t s\u1ea3n ph\u1ea9m ch\u1ea5t l\u01b0\u1ee3ng cao \u0111\u1ec3 b\u1ed5 sung v\u00e0o b\u1ed9 s\u01b0u t\u1eadp r\u01b0\u1ee3u vang c\u1ee7a b\u1ea1n.<\/p>\n<p><img loading=\"lazy\" decoding=\"async\" class=\"wp-image-33397 aligncenter\" src=\"https:\/\/havamall.vn\/wp-content\/uploads\/2025\/03\/cac-loai-ruou-vang-pho-bien-o-viet-nam-300x169.jpg\" alt=\"\" width=\"716\" height=\"403\" \/><\/p>","protected":false},"excerpt":{"rendered":"<p>TH\u00d4NG TIN S\u1ea2N PH\u1ea8M Th\u01b0\u01a1ng hi\u1ec7u La Croix du Pin Xu\u1ea5t x\u1ee9 Ph\u00e1p Lo\u1ea1i vang R\u01b0\u1ee3u vang \u0111\u1ecf N\u1ed3ng \u0111\u1ed9<\/p>","protected":false},"featured_media":33446,"comment_status":"open","ping_status":"closed","template":"","meta":[],"product_brand":[],"product_cat":[671,36,135],"product_tag":[],"class_list":{"0":"post-33394","1":"product","2":"type-product","3":"status-publish","4":"has-post-thumbnail","6":"product_cat-nhap-khau-phap","7":"product_cat-thuc-pham-tieu-dung","8":"product_cat-sua-do-uong","10":"first","11":"instock","12":"sale","13":"shipping-taxable","14":"purchasable","15":"product-type-simple"},"_links":{"self":[{"href":"https:\/\/havamall.vn\/en\/wp-json\/wp\/v2\/product\/33394"}],"collection":[{"href":"https:\/\/havamall.vn\/en\/wp-json\/wp\/v2\/product"}],"about":[{"href":"https:\/\/havamall.vn\/en\/wp-json\/wp\/v2\/types\/product"}],"replies":[{"embeddable":true,"href":"https:\/\/havamall.vn\/en\/wp-json\/wp\/v2\/comments?post=33394"}],"version-history":[{"count":0,"href":"https:\/\/havamall.vn\/en\/wp-json\/wp\/v2\/product\/33394\/revisions"}],"wp:featuredmedia":[{"embeddable":true,"href":"https:\/\/havamall.vn\/en\/wp-json\/wp\/v2\/media\/33446"}],"wp:attachment":[{"href":"https:\/\/havamall.vn\/en\/wp-json\/wp\/v2\/media?parent=33394"}],"wp:term":[{"taxonomy":"product_brand","embeddable":true,"href":"https:\/\/havamall.vn\/en\/wp-json\/wp\/v2\/product_brand?post=33394"},{"taxonomy":"product_cat","embeddable":true,"href":"https:\/\/havamall.vn\/en\/wp-json\/wp\/v2\/product_cat?post=33394"},{"taxonomy":"product_tag","embeddable":true,"href":"https:\/\/havamall.vn\/en\/wp-json\/wp\/v2\/product_tag?post=33394"}],"curies":[{"name":"wp","href":"https:\/\/api.w.org\/{rel}","templated":true}]}}