{"id":33368,"date":"2023-12-19T17:04:26","date_gmt":"2023-12-19T10:04:26","guid":{"rendered":"https:\/\/havamall.vn\/?post_type=product&#038;p=33368"},"modified":"2025-09-29T15:19:03","modified_gmt":"2025-09-29T08:19:03","slug":"pho-mai-camembert-hieu-smilla-food-hop-125g-camembert-cheese","status":"publish","type":"product","link":"https:\/\/havamall.vn\/en\/shop\/pho-mai-camembert-hieu-smilla-food-hop-125g-camembert-cheese\/","title":{"rendered":"Ph\u00f4 Mai Camembert Hi\u1ec7u Smilla Food H\u1ed9p 125g &#8211; Camembert Cheese"},"content":{"rendered":"<h2><\/h2>\n<h2><strong>TH\u00d4NG TIN CHUNG<\/strong><\/h2>\n<table>\n<tbody>\n<tr>\n<td>Th\u01b0\u01a1ng hi\u1ec7u<\/td>\n<td>Smilla Food<\/td>\n<\/tr>\n<tr>\n<td>Xu\u1ea5t x\u1ee9<\/td>\n<td>\u0110an M\u1ea1ch<\/td>\n<\/tr>\n<tr>\n<td>Th\u00e0nh ph\u1ea7n<\/td>\n<td>S\u1eefa b\u00f2 thanh tr\u00f9ng, men d\u1ecbch v\u1ecb, men axit lactic, men m\u1ed1c<\/td>\n<\/tr>\n<tr>\n<td>H\u1ea1n s\u1eed d\u1ee5ng<\/td>\n<td>12 th\u00e1ng k\u1ec3 t\u1eeb ng\u00e0y s\u1ea3n xu\u1ea5t.<\/td>\n<\/tr>\n<tr>\n<td>B\u1ea3o qu\u1ea3n<\/td>\n<td>B\u1ea3o qu\u1ea3n \u1edf nhi\u1ec7t \u0111\u1ed9 t\u1eeb 2-5 \u0111\u1ed9 C<\/td>\n<\/tr>\n<tr>\n<td>Kh\u1ed1i l\u01b0\u1ee3ng t\u1ecbnh<\/td>\n<td>125g<\/td>\n<\/tr>\n<\/tbody>\n<\/table>\n<p>Ph\u00f4 mai Camembert Smilla Food 125g c\u00f3 \u0111\u1ed9 m\u1ec1m v\u1eeba ph\u1ea3i, h\u01b0\u01a1ng b\u00e9o th\u01a1m c\u00f9ng v\u1ecb m\u1eb1n m\u1eb7n \u0111\u1eb7c tr\u01b0ng c\u1ee7a ph\u00f4 mai. B\u1ea1n c\u00f3 th\u1ec3 s\u1eed d\u1ee5ng \u0111\u1ec3 d\u00f9ng tr\u1ef1c ti\u1ebfp c\u00f9ng b\u00e1nh m\u00ec, tr\u00e1i c\u00e2y ho\u1eb7c s\u1eed d\u1ee5ng l\u00e0m nguy\u00ean li\u1ec7u khi l\u00e0m b\u00e1nh,\u2026<\/p>\n<p>Ph\u00f4 mai Camembert Smilla Food 125g \u0111em \u0111\u1ebfn cho ng\u01b0\u1eddi d\u00f9ng h\u01b0\u01a1ng v\u1ecb th\u01a1m ngon v\u00e0 \u0111\u1ea7y \u0111\u1ee7 ch\u1ea5t dinh d\u01b0\u1ee1ng, n\u0103ng l\u01b0\u1ee3ng c\u1ea7n thi\u1ebft cho m\u1ed9t ng\u00e0y l\u00e0m vi\u1ec7c, h\u1ecdc t\u1eadp n\u0103ng \u0111\u1ed9ng.<\/p>\n<p><img fetchpriority=\"high\" decoding=\"async\" class=\"wp-image-33369 aligncenter\" src=\"https:\/\/havamall.com\/wp-content\/uploads\/2025\/09\/Smilla_Kategoribilleder_800x800_1-300x300.jpg\" alt=\"\" width=\"621\" height=\"621\" \/>\u00a0Ph\u00f4 mai c\u00f3 l\u1edbp v\u1ecf m\u00e0u tr\u1eafng \u0111\u1eb7c bi\u1ec7t, n\u00f3 l\u00e0 m\u1ed1c Penicillium m\u00e0u tr\u1eafng \u0103n \u0111\u01b0\u1ee3c r\u1ea5t m\u1ecbn v\u00e0 r\u1ea5t ngon. K\u1ebft c\u1ea5u ru\u1ed9t b\u00ean trong \u0111\u1eb7c bi\u1ec7t v\u00e0 h\u01b0\u01a1ng v\u1ecb th\u01a1m ngon \u0111\u1eb7c tr\u01b0ng c\u1ee7a ph\u00f4 mai Smilla Food<\/p>\n<p>Ph\u00f4 mai ch\u1ee9a men vi sinh, r\u1ea5t c\u00f3 l\u1ee3i cho \u0111\u01b0\u1eddng ti\u00eau h\u00f3a, gi\u00fap c\u01a1 th\u1ec3 h\u1ea5p thu th\u1ee9c \u0103n t\u1ed1t h\u01a1n v\u00e0 c\u1ea3i thi\u1ec7n s\u1ee9c kh\u1ecfe. Ph\u00f4 mai cung c\u1ea5p l\u01b0\u1ee3ng protein \u0111\u00e1ng k\u1ec3, ch\u00fang mang l\u1ea1i c\u00e1c axit amin thi\u1ebft y\u1ebfu gi\u00fap x\u00e2y d\u1ef1ng t\u1ebf b\u00e0o kh\u1ecfe m\u1ea1nh, r\u1ea5t t\u1ed1t cho s\u1ee9c kh\u1ecfe c\u1ee7a c\u1ea3 ng\u01b0\u1eddi l\u1edbn v\u00e0 tr\u1ebb em.<\/p>\n<p><img decoding=\"async\" class=\"wp-image-33377 aligncenter\" src=\"https:\/\/havamall.com\/wp-content\/uploads\/2025\/09\/102399025_3462176133809848_6660798418379603968_n-300x300.jpg\" alt=\"\" width=\"626\" height=\"626\" \/><\/p>\n<p>S\u1ea3n ph\u1ea9m \u0111\u00f3ng h\u1ed9p nh\u1ecf g\u1ecdn cho b\u1ea1n d\u1ec5 d\u00e0ng s\u1eed d\u1ee5ng v\u00e0 b\u1ea3o qu\u1ea3n.<i>\u00a0<\/i>S\u1ea3n ph\u1ea9m gi\u1eef\u00a0h\u01b0\u01a1ng v\u1ecb ngon nh\u1ea5t khi \u0111\u01b0\u1ee3c ch\u1ebf bi\u1ebfn \u1edf nhi\u1ec7t \u0111\u1ed9 ph\u00f2ng. B\u1ecf kh\u1ecfi t\u1ee7\u00a0kho\u1ea3ng 45 ph\u00fat tr\u01b0\u1edbc khi ch\u1ebf bi\u1ebfn. N\u00ean \u0111\u1ec3\u00a0l\u1edbp v\u1ecf \u0111\u01b0\u1ee3c gi\u1eef nguy\u00ean v\u1eb9nc\u00f3 \u0111\u1ed9 m\u1ec1m v\u1eeba ph\u1ea3i, h\u01b0\u01a1ng b\u00e9o th\u01a1m c\u00f9ng v\u1ecb m\u1eb1n m\u1eb7n \u0111\u1eb7c tr\u01b0ng c\u1ee7a ph\u00f4 mai. S\u1ea3n ph\u1ea9m d\u1ec5 d\u00e0ng \u0103n tr\u1ef1c ti\u1ebfp, d\u00f9ng k\u00e8m v\u1edbi b\u00e1nh m\u00ec ho\u1eb7c ch\u1ebf bi\u1ebfn th\u00e0nh nhi\u1ec1u m\u00f3n \u0103n h\u1ea5p d\u1eabn.<\/p>\n<p><img decoding=\"async\" class=\"wp-image-33375 aligncenter\" src=\"https:\/\/havamall.com\/wp-content\/uploads\/2025\/09\/346624389_206061312350339_465543709831716098_n-300x300.jpg\" alt=\"\" width=\"618\" height=\"618\" \/><\/p>\n<h3><strong>\u0110\u1eb7c \u0111i\u1ec3m n\u1ed5i b\u1eadt c\u1ee7a s\u1ea3n ph\u1ea9m:<\/strong><\/h3>\n<p>&gt; C\u00f3 \u0111\u1ed9 m\u1ec1m v\u1eeba ph\u1ea3i, h\u01b0\u01a1ng b\u00e9o th\u01a1m c\u00f9ng v\u1ecb m\u1eb1n m\u1eb7n \u0111\u1eb7c tr\u01b0ng c\u1ee7a ph\u00f4 mai.<\/p>\n<p>&gt; C\u00f3 l\u1ee3i cho \u0111\u01b0\u1eddng ti\u00eau h\u00f3a, cung c\u1ea5p l\u01b0\u1ee3ng protein \u0111\u00e1ng k\u1ec3, ch\u00fang mang l\u1ea1i c\u00e1c axit amin thi\u1ebft y\u1ebfu gi\u00fap x\u00e2y d\u1ef1ng t\u1ebf b\u00e0o kh\u1ecfe m\u1ea1nh, r\u1ea5t t\u1ed1t cho s\u1ee9c kh\u1ecfe c\u1ee7a c\u1ea3 ng\u01b0\u1eddi l\u1edbn v\u00e0 tr\u1ebb em.<\/p>\n<h3><img loading=\"lazy\" decoding=\"async\" class=\"wp-image-33373 aligncenter\" src=\"https:\/\/havamall.com\/wp-content\/uploads\/2025\/09\/301294781_5960744400619663_8458688494455074098_n-300x298.jpg\" alt=\"\" width=\"616\" height=\"612\" \/><\/h3>\n<h3><strong>H\u01b0\u1edbng d\u1eabn s\u1eed d\u1ee5ng:<\/strong><\/h3>\n<p>\u2013 D\u00f9ng tr\u1ef1c ti\u1ebfp ho\u1eb7c ch\u1ebf bi\u1ebfn m\u00f3n \u0103n kh\u00e1c.<\/p>\n<p>\u2013 Ph\u00f4 mai Camembert Smilla Food 125g c\u00f3 \u0111\u01b0\u1ee3c h\u01b0\u01a1ng v\u1ecb ngon nh\u1ea5t khi \u0111\u01b0\u1ee3c ch\u1ebf bi\u1ebfn \u1edf nhi\u1ec7t \u0111\u1ed9 ph\u00f2ng. H\u00e3y l\u1ea5y phomai ra kh\u1ecfi t\u1ee7 l\u1ea1nh kho\u1ea3ng 45 ph\u00fat tr\u01b0\u1edbc khi ch\u1ebf bi\u1ebfn.<\/p>\n<p>\u2013 Nh\u00fang con dao c\u1eaft phomai v\u00e0o n\u01b0\u1edbc n\u00f3ng \u0111\u1ec3 phomai kh\u00f4ng b\u1ecb d\u00ednh v\u00e0o n\u00f3.<\/p>\n<p>S\u1ea3n ph\u1ea9m hi\u1ec7n \u0111\u00e3 c\u00f3 m\u1eb7t t\u1ea1i Havamall.<\/p>\n<p><img loading=\"lazy\" decoding=\"async\" class=\"wp-image-33372 aligncenter\" src=\"https:\/\/havamall.com\/wp-content\/uploads\/2025\/09\/69864647_2815299261830875_9112355133777248256_n-300x300.jpg\" alt=\"\" width=\"630\" height=\"630\" \/><\/p>","protected":false},"excerpt":{"rendered":"<p>TH\u00d4NG TIN CHUNG Th\u01b0\u01a1ng hi\u1ec7u Smilla Food Xu\u1ea5t x\u1ee9 \u0110an M\u1ea1ch Th\u00e0nh ph\u1ea7n S\u1eefa b\u00f2 thanh tr\u00f9ng, men d\u1ecbch v\u1ecb,<\/p>","protected":false},"featured_media":33371,"comment_status":"open","ping_status":"closed","template":"","meta":[],"product_brand":[],"product_cat":[677,275,36],"product_tag":[],"class_list":{"0":"post-33368","1":"product","2":"type-product","3":"status-publish","4":"has-post-thumbnail","6":"product_cat-cac-nuoc-khac","7":"product_cat-thuc-pham-dong-lanh","8":"product_cat-thuc-pham-tieu-dung","10":"first","11":"outofstock","12":"sale","13":"shipping-taxable","14":"purchasable","15":"product-type-simple"},"_links":{"self":[{"href":"https:\/\/havamall.vn\/en\/wp-json\/wp\/v2\/product\/33368"}],"collection":[{"href":"https:\/\/havamall.vn\/en\/wp-json\/wp\/v2\/product"}],"about":[{"href":"https:\/\/havamall.vn\/en\/wp-json\/wp\/v2\/types\/product"}],"replies":[{"embeddable":true,"href":"https:\/\/havamall.vn\/en\/wp-json\/wp\/v2\/comments?post=33368"}],"version-history":[{"count":0,"href":"https:\/\/havamall.vn\/en\/wp-json\/wp\/v2\/product\/33368\/revisions"}],"wp:featuredmedia":[{"embeddable":true,"href":"https:\/\/havamall.vn\/en\/wp-json\/wp\/v2\/media\/33371"}],"wp:attachment":[{"href":"https:\/\/havamall.vn\/en\/wp-json\/wp\/v2\/media?parent=33368"}],"wp:term":[{"taxonomy":"product_brand","embeddable":true,"href":"https:\/\/havamall.vn\/en\/wp-json\/wp\/v2\/product_brand?post=33368"},{"taxonomy":"product_cat","embeddable":true,"href":"https:\/\/havamall.vn\/en\/wp-json\/wp\/v2\/product_cat?post=33368"},{"taxonomy":"product_tag","embeddable":true,"href":"https:\/\/havamall.vn\/en\/wp-json\/wp\/v2\/product_tag?post=33368"}],"curies":[{"name":"wp","href":"https:\/\/api.w.org\/{rel}","templated":true}]}}