{"id":33361,"date":"2023-12-19T16:29:51","date_gmt":"2023-12-19T09:29:51","guid":{"rendered":"https:\/\/havamall.vn\/?post_type=product&#038;p=33361"},"modified":"2023-12-21T10:17:56","modified_gmt":"2023-12-21T03:17:56","slug":"thit-uc-ga-fillet-thuan-chay-dong-lanh-unconventional-vegan-180g","status":"publish","type":"product","link":"https:\/\/havamall.vn\/en\/shop\/thit-uc-ga-fillet-thuan-chay-dong-lanh-unconventional-vegan-180g\/","title":{"rendered":"Th\u1ecbt \u1ee8c G\u00e0 Fillet Thu\u1ea7n Chay \u0110\u00f4ng L\u1ea1nh Unconventional Vegan 180g"},"content":{"rendered":"<h2><\/h2>\n<h2><strong>TH\u00d4NG TIN CHUNG<\/strong><\/h2>\n<table>\n<tbody>\n<tr>\n<td>Th\u01b0\u01a1ng hi\u1ec7u<\/td>\n<td>Unconventional Vegan<\/td>\n<\/tr>\n<tr>\n<td>Xu\u1ea5t x\u1ee9<\/td>\n<td>\u00dd<\/td>\n<\/tr>\n<tr>\n<td>Th\u00e0nh ph\u1ea7n<\/td>\n<td>N\u01b0\u1edbc, protein \u0111\u1eadu n\u00e0nh c\u00f4 \u0111\u1eb7c v\u00e0 l\u00faa m\u00ec, d\u1ea7u th\u1ef1c v\u1eadt, gia v\u1ecb, h\u01b0\u01a1ng th\u1ecbt g\u00e0,\u2026<\/td>\n<\/tr>\n<tr>\n<td>H\u1ea1n s\u1eed d\u1ee5ng<\/td>\n<td>14 th\u00e1ng k\u1ec3 t\u1eeb ng\u00e0y s\u1ea3n xu\u1ea5t.<\/td>\n<\/tr>\n<tr>\n<td>B\u1ea3o qu\u1ea3n<\/td>\n<td>B\u1ea3o qu\u1ea3n \u0111\u00f4ng l\u1ea1nh<\/td>\n<\/tr>\n<tr>\n<td>Kh\u1ed1i l\u01b0\u1ee3ng t\u1ecbnh<\/td>\n<td>180g<\/td>\n<\/tr>\n<\/tbody>\n<\/table>\n<p>Ng\u00e0y nay \u0103n chay kh\u00f4ng ch\u1ec9 v\u00e0o ng\u00e0y r\u1eb1m, ng\u00e0y c\u00fang gi\u1ed7 m\u00e0 t\u1ea5t c\u1ea3 c\u00e1c ng\u00e0y trong tu\u1ea7n n\u1ebfu b\u1ea1n \u0103n chay tr\u01b0\u1eddng. V\u1edbi ngu\u1ed3n nguy\u00ean li\u1ec7u chay \u0111a d\u1ea1ng, phong ph\u00fa, d\u1ec5 t\u00ecm khi\u1ebfn b\u1ea1n tho\u1ea3 s\u1ee9c tr\u1ed5 t\u00e0i \u201c\u0111\u1ea7u b\u1ebfp\u201d ch\u00ednh trong gia \u0111\u00ecnh nh\u1ecf c\u1ee7a m\u00ecnh.<\/p>\n<p>Unconventional Vegan l\u00e0 c\u00f4ng ty chuy\u00ean cung c\u1ea5p c\u00e1c lo\u1ea1i th\u1ef1c ph\u1ea9m thu\u1ea7n chay ch\u1ea5t l\u01b0\u1ee3ng gi\u00fap cho vi\u1ec7c \u0103n chay d\u1ec5 d\u00e0ng h\u01a1n v\u00e0 gi\u1ea3m c\u00e1c t\u00e1c \u0111\u1ed9ng ti\u00eau c\u1ef1c \u0111\u1ebfn m\u00f4i tr\u01b0\u1eddng, m\u00e0 v\u1eabn gi\u1eef \u0111\u01b0\u1ee3c h\u01b0\u01a1ng v\u1ecb v\u00e0 k\u1ebft c\u1ea5u th\u1ef1c ph\u1ea9m gi\u1ed1ng v\u1edbi th\u1ecbt nh\u1ea5t c\u00f3 th\u1ec3.<\/p>\n<p><img fetchpriority=\"high\" decoding=\"async\" class=\"wp-image-33363 aligncenter\" src=\"https:\/\/havamall.vn\/wp-content\/uploads\/2023\/12\/316534202_173054698739261_4625593040909377847_n-300x300.jpeg\" alt=\"\" width=\"747\" height=\"747\" srcset=\"https:\/\/havamall.vn\/wp-content\/uploads\/2023\/12\/316534202_173054698739261_4625593040909377847_n-300x300.jpeg 300w, https:\/\/havamall.vn\/wp-content\/uploads\/2023\/12\/316534202_173054698739261_4625593040909377847_n-600x600.jpeg 600w, https:\/\/havamall.vn\/wp-content\/uploads\/2023\/12\/316534202_173054698739261_4625593040909377847_n-150x150.jpeg 150w, https:\/\/havamall.vn\/wp-content\/uploads\/2023\/12\/316534202_173054698739261_4625593040909377847_n-768x768.jpeg 768w, https:\/\/havamall.vn\/wp-content\/uploads\/2023\/12\/316534202_173054698739261_4625593040909377847_n-1024x1024.jpeg 1024w, https:\/\/havamall.vn\/wp-content\/uploads\/2023\/12\/316534202_173054698739261_4625593040909377847_n-100x100.jpeg 100w, https:\/\/havamall.vn\/wp-content\/uploads\/2023\/12\/316534202_173054698739261_4625593040909377847_n.jpeg 1080w\" sizes=\"(max-width: 747px) 100vw, 747px\" \/><\/p>\n<p>V\u00ec c\u00e1c l\u00fd do li\u00ean quan \u0111\u1ebfn s\u1ee9c kho\u1ebb, th\u1ecbt th\u1ef1c v\u1eadt t\u1eeb l\u00e2u \u0111\u00e3 l\u00e0 xu h\u01b0\u1edbng ti\u00eau d\u00f9ng \u0111\u01b0\u1ee3c \u01b0a chu\u1ed9ng t\u1ea1i nhi\u1ec1u n\u01b0\u1edbc tr\u00ean th\u1ebf gi\u1edbi.\u00a0N\u1ebfu \u0111\u1eb7t c\u1ea1nh th\u1ecbt g\u00e0 th\u1eadt, th\u1ecbt g\u00e0 l\u00e0m t\u1eeb th\u1ecbt th\u1ef1c v\u1eadt nh\u00ecn kh\u00f4ng c\u00f3 g\u00ec kh\u00e1c bi\u1ec7t.<\/p>\n<p>\u0110i\u1ec1u tuy\u1ec7t v\u1eddi c\u1ee7a \u1ee9c g\u00e0 chay Unconventional Vegan l\u00e0 b\u1ea1n c\u00f3 th\u1ec3 \u0103n k\u00e8m v\u1edbi b\u1ea5t c\u1ee9 g\u00ec m\u00e0 b\u1ea1n mu\u1ed1n. V\u00e0 \u01b0u \u0111i\u1ec3m c\u1ee7a th\u1ecbt g\u00e0 nh\u00e0 Unconventional Vegan \u0111\u00f3 l\u00e0 ch\u00fang r\u1ea5t m\u1ec1m v\u00e0 gi\u00e0u h\u01b0\u01a1ng v\u1ecb n\u00ean \u0111\u1eebng ng\u1ea1c nhi\u00ean n\u1ebfu b\u1ea1n kh\u00f4ng nh\u1eadn ra \u0111\u00f3 l\u00e0 th\u1ecbt chay.<\/p>\n<p><img decoding=\"async\" class=\"wp-image-33367 aligncenter\" src=\"https:\/\/havamall.vn\/wp-content\/uploads\/2023\/12\/Screen-Shot-2023-12-19-at-2.36.41-PM-300x292.png\" alt=\"\" width=\"751\" height=\"731\" srcset=\"https:\/\/havamall.vn\/wp-content\/uploads\/2023\/12\/Screen-Shot-2023-12-19-at-2.36.41-PM-300x292.png 300w, https:\/\/havamall.vn\/wp-content\/uploads\/2023\/12\/Screen-Shot-2023-12-19-at-2.36.41-PM-600x583.png 600w, https:\/\/havamall.vn\/wp-content\/uploads\/2023\/12\/Screen-Shot-2023-12-19-at-2.36.41-PM.png 750w\" sizes=\"(max-width: 751px) 100vw, 751px\" \/><\/p>\n<p>N\u1ea1c g\u00e0 chay\u00a0Unconventional Vegan l\u00e0 m\u00f3n \u0103n gi\u00e0u dinh d\u01b0\u1ee1ng \u0111\u01b0\u1ee3c ch\u1ebf bi\u1ebfn t\u1eeb 100% \u0111\u1eadu n\u00e0nh nguy\u00ean ch\u1ea5t\u00a0 mang \u0111\u1ebfn nh\u1eefng m\u00f3n \u0103n chay \u0111\u1eb7c s\u1eafc, gi\u00e0u dinh d\u01b0\u1ee1ng, l\u00e0nh m\u1ea1nh cho s\u1ee9c kh\u1ecfe.<\/p>\n<p>N\u1ea1c g\u00e0 chay\u00a0Unconventional Vegan \u0111\u01b0\u1ee3c s\u1ea3n xu\u1ea5t tr\u00ean d\u00e2y chuy\u1ec1n c\u00f4ng ngh\u1ec7 hi\u1ec7n \u0111\u1ea1i, kh\u00f4ng s\u1eed d\u1ee5ng ch\u1ea5t b\u1ea3o qu\u1ea3n, h\u00e0n the , ch\u1ea5t t\u1ea1o h\u00ecnh v\u00e0 c\u00e1c ph\u1ee5 gia \u0111\u1ed9c hai, \u0111\u01b0\u1ee3c ch\u1ee9ng nh\u1eadn \u0111\u1ea1t chu\u1ea9n v\u1ec7 sinh an to\u00e0n th\u1ef1c ph\u1ea9m, c\u1ef1c k\u1ef3 an to\u00e0n v\u1edbi s\u1ee9c kh\u1ecfe ng\u01b0\u1eddi d\u00f9ng.<\/p>\n<p><img decoding=\"async\" class=\"wp-image-33362 aligncenter\" src=\"https:\/\/havamall.vn\/wp-content\/uploads\/2023\/12\/283466278_117203364324395_350684123261786934_n-274x300.jpeg\" alt=\"\" width=\"759\" height=\"831\" srcset=\"https:\/\/havamall.vn\/wp-content\/uploads\/2023\/12\/283466278_117203364324395_350684123261786934_n-274x300.jpeg 274w, https:\/\/havamall.vn\/wp-content\/uploads\/2023\/12\/283466278_117203364324395_350684123261786934_n-600x657.jpeg 600w, https:\/\/havamall.vn\/wp-content\/uploads\/2023\/12\/283466278_117203364324395_350684123261786934_n-1200x1314.jpeg 1200w, https:\/\/havamall.vn\/wp-content\/uploads\/2023\/12\/283466278_117203364324395_350684123261786934_n-768x841.jpeg 768w, https:\/\/havamall.vn\/wp-content\/uploads\/2023\/12\/283466278_117203364324395_350684123261786934_n-935x1024.jpeg 935w, https:\/\/havamall.vn\/wp-content\/uploads\/2023\/12\/283466278_117203364324395_350684123261786934_n.jpeg 1870w\" sizes=\"(max-width: 759px) 100vw, 759px\" \/><\/p>\n<h2><strong>M\u00f3n \u0103n t\u1eeb th\u1ecbt g\u00e0 chay<\/strong><\/h2>\n<p>&#8211; X\u00e0o s\u1ea3 ngh\u1ec7 &#8211; x\u00e0o th\u1eadp c\u1ea9m<\/p>\n<p>&#8211; N\u1ea5u ti\u00eau, n\u1ea5u lagu, n\u1ea5u c\u00e0 ri<\/p>\n<p>&#8211; X\u00e0o rau c\u1ee7, x\u00e0o m\u00ec<\/p>\n<p>&#8211; B\u0103m nh\u1ecf n\u1ea5u ch\u00e1o, n\u1ea5u canh<\/p>\n<p>&#8211; Chi\u1ebfn x\u00e9 tr\u1ed9n g\u1ecfi, chi\u00ean c\u01a1m<\/p>\n<p>&#8211; Chi\u00ean xi\u00ean que<\/p>\n<p>&#8211; H\u01b0\u1edbng d\u1eabn s\u1eed d\u1ee5ng: r\u1ea3 \u0111\u00f4ng, x\u00e0o ( v\u1edbi rau, m\u00ec, c\u01a1m..), chi\u00ean ho\u1eb7c n\u1ea5u canh\u2026<\/p>\n<p><img loading=\"lazy\" decoding=\"async\" class=\"wp-image-33366 aligncenter\" src=\"https:\/\/havamall.vn\/wp-content\/uploads\/2023\/12\/Screen-Shot-2023-12-19-at-2.37.23-PM-300x280.png\" alt=\"\" width=\"754\" height=\"704\" srcset=\"https:\/\/havamall.vn\/wp-content\/uploads\/2023\/12\/Screen-Shot-2023-12-19-at-2.37.23-PM-300x280.png 300w, https:\/\/havamall.vn\/wp-content\/uploads\/2023\/12\/Screen-Shot-2023-12-19-at-2.37.23-PM-600x560.png 600w, https:\/\/havamall.vn\/wp-content\/uploads\/2023\/12\/Screen-Shot-2023-12-19-at-2.37.23-PM.png 751w\" sizes=\"(max-width: 754px) 100vw, 754px\" \/><\/p>","protected":false},"excerpt":{"rendered":"<p>TH\u00d4NG TIN CHUNG Th\u01b0\u01a1ng hi\u1ec7u Unconventional Vegan Xu\u1ea5t x\u1ee9 \u00dd Th\u00e0nh ph\u1ea7n N\u01b0\u1edbc, protein \u0111\u1eadu n\u00e0nh c\u00f4 \u0111\u1eb7c v\u00e0 l\u00faa<\/p>","protected":false},"featured_media":33365,"comment_status":"open","ping_status":"closed","template":"","meta":[],"product_brand":[],"product_cat":[275,36],"product_tag":[],"class_list":{"0":"post-33361","1":"product","2":"type-product","3":"status-publish","4":"has-post-thumbnail","6":"product_cat-thuc-pham-dong-lanh","7":"product_cat-thuc-pham-tieu-dung","9":"first","10":"instock","11":"sale","12":"shipping-taxable","13":"purchasable","14":"product-type-simple"},"_links":{"self":[{"href":"https:\/\/havamall.vn\/en\/wp-json\/wp\/v2\/product\/33361"}],"collection":[{"href":"https:\/\/havamall.vn\/en\/wp-json\/wp\/v2\/product"}],"about":[{"href":"https:\/\/havamall.vn\/en\/wp-json\/wp\/v2\/types\/product"}],"replies":[{"embeddable":true,"href":"https:\/\/havamall.vn\/en\/wp-json\/wp\/v2\/comments?post=33361"}],"version-history":[{"count":0,"href":"https:\/\/havamall.vn\/en\/wp-json\/wp\/v2\/product\/33361\/revisions"}],"wp:featuredmedia":[{"embeddable":true,"href":"https:\/\/havamall.vn\/en\/wp-json\/wp\/v2\/media\/33365"}],"wp:attachment":[{"href":"https:\/\/havamall.vn\/en\/wp-json\/wp\/v2\/media?parent=33361"}],"wp:term":[{"taxonomy":"product_brand","embeddable":true,"href":"https:\/\/havamall.vn\/en\/wp-json\/wp\/v2\/product_brand?post=33361"},{"taxonomy":"product_cat","embeddable":true,"href":"https:\/\/havamall.vn\/en\/wp-json\/wp\/v2\/product_cat?post=33361"},{"taxonomy":"product_tag","embeddable":true,"href":"https:\/\/havamall.vn\/en\/wp-json\/wp\/v2\/product_tag?post=33361"}],"curies":[{"name":"wp","href":"https:\/\/api.w.org\/{rel}","templated":true}]}}