{"id":33328,"date":"2023-12-19T11:17:26","date_gmt":"2023-12-19T04:17:26","guid":{"rendered":"https:\/\/havamall.vn\/?post_type=product&#038;p=33328"},"modified":"2023-12-20T11:00:18","modified_gmt":"2023-12-20T04:00:18","slug":"sot-mayonnaise-vi-nam-truffle-3-plantin-100g-mayonnaise-a-la-truffe-dhiver-3-aromatisee","status":"publish","type":"product","link":"https:\/\/havamall.vn\/en\/shop\/sot-mayonnaise-vi-nam-truffle-3-plantin-100g-mayonnaise-a-la-truffe-dhiver-3-aromatisee\/","title":{"rendered":"S\u1ed1t Mayonnaise V\u1ecb N\u1ea5m Truffle 3%  Plantin 100G &#8211; Mayonnaise \u00e0 la Truffe D&#8217;Hiver 3% , Aromatis\u00e9e"},"content":{"rendered":"<h2><\/h2>\n<h2><strong>TH\u00d4NG TIN CHUNG<\/strong><\/h2>\n<table>\n<tbody>\n<tr>\n<td>Th\u01b0\u01a1ng hi\u1ec7u<\/td>\n<td>Plantin<\/td>\n<\/tr>\n<tr>\n<td>Xu\u1ea5t x\u1ee9<\/td>\n<td>Ph\u00e1p<\/td>\n<\/tr>\n<tr>\n<td>Th\u00e0nh ph\u1ea7n<\/td>\n<td>D\u1ea7u h\u01b0\u1edbng d\u01b0\u01a1ng, n\u01b0\u1edbc, l\u00f2ng \u0111\u1ecf tr\u1ee9ng, m\u00f9 t\u1ea1t, n\u1ea5m truffle m\u00f9a \u0111\u00f4ng (3%),&#8230;<\/td>\n<\/tr>\n<tr>\n<td>H\u1ea1n s\u1eed d\u1ee5ng<\/td>\n<td>18 th\u00e1ng k\u1ec3 t\u1eeb ng\u00e0y s\u1ea3n xu\u1ea5t.<\/td>\n<\/tr>\n<tr>\n<td>B\u1ea3o qu\u1ea3n<\/td>\n<td>N\u01a1i kh\u00f4 r\u00e1o, tho\u00e1ng m\u00e1t, \u0111\u1ea3m b\u1ea3o v\u1ec7 sinh an to\u00e0n th\u1ef1c ph\u1ea9m, tr\u00e1nh \u00e1nh s\u00e1ng m\u1eb7t tr\u1eddi chi\u1ebfu tr\u1ef1c ti\u1ebfp<\/td>\n<\/tr>\n<tr>\n<td>\u00a0Kh\u1ed1i l\u01b0\u1ee3ng<\/td>\n<td>100g<\/td>\n<\/tr>\n<\/tbody>\n<\/table>\n<p>Mayonnaise Truffle \u0111\u01b0\u1ee3c \u0111\u1ef1ng trong l\u1ecd 100 gram ti\u1ec7n d\u1ee5ng, th\u1ec3 hi\u1ec7n s\u1ef1 c\u00e2n b\u1eb1ng ho\u00e0n h\u1ea3o gi\u1eefa v\u1ecb kem c\u1ee7a s\u1ed1t mayonnaise v\u00e0 h\u01b0\u01a1ng th\u01a1m n\u1ed3ng n\u00e0n c\u1ee7a n\u1ea5m truffle.\u00a0L\u1edbp n\u1ec1n c\u1ee7a s\u1ed1t mayonnaise s\u1eed d\u1ee5ng nguy\u00ean li\u1ec7u ch\u1ea5t l\u01b0\u1ee3ng cao.\u00a0Nh\u00e2n v\u1eadt ch\u00ednh c\u1ee7a lo\u1ea1i s\u1ed1t mayonnaise n\u00e0y l\u00e0 Truffle hi\u1ec7n \u1edf m\u1ee9c 3%. M\u00f9i th\u01a1m \u0111\u1eb7c bi\u1ec7t v\u00e0 h\u01b0\u01a1ng v\u1ecb \u0111\u1eadm \u0111\u00e0 c\u1ee7a n\u00f3 h\u00f2a quy\u1ec7n h\u00e0i h\u00f2a v\u1edbi s\u1ed1t mayonnaise, t\u1ea1o n\u00ean m\u1ed9t b\u1ea3n giao h\u01b0\u1edfng h\u01b0\u01a1ng v\u1ecb l\u00e0m h\u00e0i l\u00f2ng kh\u1ea9u v\u1ecb.<\/p>\n<p><img fetchpriority=\"high\" decoding=\"async\" class=\"wp-image-33330 aligncenter\" src=\"https:\/\/havamall.vn\/wp-content\/uploads\/2023\/12\/3-5-6-263x300.jpeg\" alt=\"\" width=\"677\" height=\"772\" srcset=\"https:\/\/havamall.vn\/wp-content\/uploads\/2023\/12\/3-5-6-263x300.jpeg 263w, https:\/\/havamall.vn\/wp-content\/uploads\/2023\/12\/3-5-6-600x684.jpeg 600w, https:\/\/havamall.vn\/wp-content\/uploads\/2023\/12\/3-5-6-768x875.jpeg 768w, https:\/\/havamall.vn\/wp-content\/uploads\/2023\/12\/3-5-6.jpeg 786w\" sizes=\"(max-width: 677px) 100vw, 677px\" \/><\/p>\n<p>S\u1ed1t mayonnaise l\u00e0 m\u1ed9t lo\u1ea1i s\u1ed1t \u0111\u01b0\u1ee3c nhi\u1ec1u ng\u01b0\u1eddi y\u00eau th\u00edch b\u1edfi h\u01b0\u01a1ng v\u1ecb th\u01a1m, b\u00e9o v\u00e0 th\u01b0\u1eddng s\u1eed d\u1ee5ng trong c\u00e1c m\u00f3n tr\u1ed9n nh\u01b0 salad,&#8230; S\u1ed1t Mayonnaise v\u1ecb n\u1ea5m Truffle c\u00f3 th\u00eam h\u01b0\u01a1ng th\u01a1m \u0111\u1eb7c bi\u1ec7t c\u1ee7a n\u1ea5m trufle cao c\u1ea5p l\u00e0m cho s\u1ed1t mayonnais Plantin \u0111\u01b0\u1ee3c y\u00eau th\u00edch nhi\u1ec1u h\u01a1n. D\u00f9ng \u0111\u1ec3 ch\u1ea5m b\u1ea5t c\u1ee9 \u0111\u1ed3 \u0103n g\u00ec b\u1ea1n mu\u1ed1n \u0111\u1eb7c bi\u1ec7t h\u1ee3p ph\u1ebft b\u00e1nh m\u00ec, \u0103n k\u00e8m c\u00e1 h\u1ed3i hun kh\u00f3i, th\u1ecbt b\u00f2,\u2026<\/p>\n<p><img decoding=\"async\" class=\"wp-image-33334 aligncenter\" src=\"https:\/\/havamall.vn\/wp-content\/uploads\/2023\/12\/winter-truffle-flavoured-mayonnaise-truffle-content-3-300x300.jpeg\" alt=\"\" width=\"677\" height=\"677\" srcset=\"https:\/\/havamall.vn\/wp-content\/uploads\/2023\/12\/winter-truffle-flavoured-mayonnaise-truffle-content-3-300x300.jpeg 300w, https:\/\/havamall.vn\/wp-content\/uploads\/2023\/12\/winter-truffle-flavoured-mayonnaise-truffle-content-3-600x600.jpeg 600w, https:\/\/havamall.vn\/wp-content\/uploads\/2023\/12\/winter-truffle-flavoured-mayonnaise-truffle-content-3-150x150.jpeg 150w, https:\/\/havamall.vn\/wp-content\/uploads\/2023\/12\/winter-truffle-flavoured-mayonnaise-truffle-content-3-768x768.jpeg 768w, https:\/\/havamall.vn\/wp-content\/uploads\/2023\/12\/winter-truffle-flavoured-mayonnaise-truffle-content-3-100x100.jpeg 100w, https:\/\/havamall.vn\/wp-content\/uploads\/2023\/12\/winter-truffle-flavoured-mayonnaise-truffle-content-3.jpeg 1000w\" sizes=\"(max-width: 677px) 100vw, 677px\" \/><\/p>\n<p>Black Summer Truffle Mayonnaise l\u00e0 m\u00f3n \u0103n k\u00e8m l\u00fd t\u01b0\u1edfng cho nhi\u1ec1u m\u00f3n \u0103n. B\u1ea1n c\u00f3 th\u1ec3 s\u1eed d\u1ee5ng n\u00f3 \u0111\u1ec3 t\u1ea1o h\u01b0\u01a1ng v\u1ecb cho c\u00e1, \u0111\u1ed9ng v\u1eadt c\u00f3 v\u1ecf, th\u1ecbt, c\u00e1c m\u00f3n \u0103n ngu\u1ed9i, th\u1ecbt lu\u1ed9c v\u00e0 salad. K\u1ebft c\u1ea5u kem v\u00e0 h\u01b0\u01a1ng v\u1ecb n\u1ea5m truffle bao b\u1ecdc khi\u1ebfn n\u00f3 tr\u1edf th\u00e0nh s\u1ef1 l\u1ef1a ch\u1ecdn linh ho\u1ea1t \u0111\u1ec3 n\u00e2ng t\u1ea7m b\u1ea5t k\u1ef3 m\u00f3n \u0103n n\u00e0o l\u00ean m\u1ee9c \u0111\u1ed9 tinh t\u1ebf cao h\u01a1n. Th\u00eam ch\u00fat ng\u1ecdt ng\u00e0o sang tr\u1ecdng cho b\u1eefa \u0103n c\u1ee7a b\u1ea1n v\u1edbi lo\u1ea1i s\u1ed1t mayonnaise th\u01a1m ngon v\u00e0 \u0111\u1ed9c \u0111\u00e1o n\u00e0y.<\/p>\n<p><img decoding=\"async\" class=\"wp-image-33331 aligncenter\" src=\"https:\/\/havamall.vn\/wp-content\/uploads\/2023\/12\/truffle-aioli-1200x1200-1-300x300.jpeg\" alt=\"\" width=\"679\" height=\"679\" srcset=\"https:\/\/havamall.vn\/wp-content\/uploads\/2023\/12\/truffle-aioli-1200x1200-1-300x300.jpeg 300w, https:\/\/havamall.vn\/wp-content\/uploads\/2023\/12\/truffle-aioli-1200x1200-1-600x600.jpeg 600w, https:\/\/havamall.vn\/wp-content\/uploads\/2023\/12\/truffle-aioli-1200x1200-1-150x150.jpeg 150w, https:\/\/havamall.vn\/wp-content\/uploads\/2023\/12\/truffle-aioli-1200x1200-1-768x768.jpeg 768w, https:\/\/havamall.vn\/wp-content\/uploads\/2023\/12\/truffle-aioli-1200x1200-1-1024x1024.jpeg 1024w, https:\/\/havamall.vn\/wp-content\/uploads\/2023\/12\/truffle-aioli-1200x1200-1.jpeg 1200w, https:\/\/havamall.vn\/wp-content\/uploads\/2023\/12\/truffle-aioli-1200x1200-1-100x100.jpeg 100w\" sizes=\"(max-width: 679px) 100vw, 679px\" \/><\/p>\n<p>V\u00ec mayonnaise ch\u1ee7 y\u1ebfu l\u00e0 d\u1ea7u, n\u00ean n\u00f3 l\u00e0 m\u1ed9t lo\u1ea1i gia v\u1ecb gi\u00e0u ch\u1ea5t b\u00e9o kh\u00f4ng b\u00e3o h\u00f2a v\u00e0 gi\u00e0u calo. N\u00ean v\u00ec th\u1ebf, n\u1ebfu b\u1ea1n \u0111ang \u0103n ki\u00eang \u00edt ch\u1ea5t b\u00e9o ho\u1eb7c \u00edt calo, th\u00ec ph\u1ea3i ki\u1ec3m so\u00e1t kh\u1ea9u ph\u1ea7n s\u1ed1t mayonnaise m\u00e0 b\u1ea1n ti\u00eau th\u1ee5 nh\u00e9. Ngo\u00e0i ra, b\u1ea1n v\u1eabn n\u00ean \u0103n th\u00eam c\u00e1c lo\u1ea1i rau l\u00e1 xanh \u0111\u1ec3 b\u1ed5 sung c\u00e1c ch\u1ea5t dinh d\u01b0\u1ee1ng c\u00f9ng v\u1edbi t\u1eadp luy\u1ec7n th\u1ec3 d\u1ee5c, th\u1ec3 thao \u0111\u1ec3 c\u00f3 m\u1ed9t c\u01a1 th\u1ec3 kh\u1ecfe m\u1ea1nh nha.<\/p>\n<p>\u0110\u1ec3 b\u1ea3o qu\u1ea3n s\u1ed1t mayonnaise \u0111\u01b0\u1ee3c l\u00e2u h\u01a1n, b\u1ea1n c\u00f3 th\u1ec3 \u0111\u1eb7t s\u1ed1t \u1edf ng\u0103n m\u00e1t c\u1eeda t\u1ee7 l\u1ea1nh. Th\u00f4ng th\u01b0\u1eddng, \u0111\u1eb7t s\u1ed1t \u1edf v\u1ecb tr\u00ed n\u00e0y b\u1ea1n s\u1ebd c\u00f3 th\u1ec3 b\u1ea3o qu\u1ea3n \u0111\u01b0\u1ee3c t\u1eeb 2 &#8211; 3 th\u00e1ng. B\u1ea1n kh\u00f4ng n\u00ean b\u1ea3o qu\u1ea3n s\u1ed1t mayonnaise \u0111\u00f4ng l\u1ea1nh, v\u00ec khi r\u00e3 \u0111\u00f4ng s\u1ed1t s\u1ebd kh\u00f4ng c\u00f2n gi\u1eef nguy\u00ean \u0111\u01b0\u1ee3c h\u01b0\u01a1ng v\u1ecb ban \u0111\u1ea7u m\u00e0 s\u1ebd m\u1ea5t ngon v\u00e0 kh\u00f4ng c\u00f2n m\u1ec1m, m\u1ecbn.<\/p>\n<p><img loading=\"lazy\" decoding=\"async\" class=\"wp-image-33329 aligncenter\" src=\"https:\/\/havamall.vn\/wp-content\/uploads\/2023\/12\/Screen-Shot-2023-12-19-at-11.08.29-AM-copy-300x290.png\" alt=\"\" width=\"689\" height=\"666\" srcset=\"https:\/\/havamall.vn\/wp-content\/uploads\/2023\/12\/Screen-Shot-2023-12-19-at-11.08.29-AM-copy-300x290.png 300w, https:\/\/havamall.vn\/wp-content\/uploads\/2023\/12\/Screen-Shot-2023-12-19-at-11.08.29-AM-copy-600x580.png 600w, https:\/\/havamall.vn\/wp-content\/uploads\/2023\/12\/Screen-Shot-2023-12-19-at-11.08.29-AM-copy-768x742.png 768w, https:\/\/havamall.vn\/wp-content\/uploads\/2023\/12\/Screen-Shot-2023-12-19-at-11.08.29-AM-copy.png 843w\" sizes=\"(max-width: 689px) 100vw, 689px\" \/><\/p>\n<h2><strong>TH\u00c0NH PH\u1ea6N DINH D\u01af\u1ee0NG<\/strong><\/h2>\n<p>&#8211; M\u1ed9t c\u1ed1c mayonnaise c\u00f3 kho\u1ea3ng 1440 calo, 24g ch\u1ea5t b\u00e9o b\u00e3o h\u00f2a v\u00e0 160g ch\u1ea5t b\u00e9o.<\/p>\n<p>&#8211; 100g mayonnaise c\u00f3 ch\u1ee9a vitamin v\u00e0 kho\u00e1ng ch\u1ea5t nh\u01b0 20g kali, 635mg natri, 1g protein, 42mg cholesterol, 1% m\u1ed7i vitamin A, vitamin B12, vitamin D v\u00e0 s\u1eaft.<\/p>\n<p>&#8211; N\u00f3 c\u0169ng ch\u1ee9a vitamin E v\u00e0 K gi\u00fap t\u0103ng c\u01b0\u1eddng s\u1ee9c kh\u1ecfe cho da v\u00e0 t\u00f3c.<\/p>\n<p><img loading=\"lazy\" decoding=\"async\" class=\"wp-image-33332 aligncenter\" src=\"https:\/\/havamall.vn\/wp-content\/uploads\/2023\/12\/unnamed-300x300.jpeg\" alt=\"\" width=\"702\" height=\"702\" srcset=\"https:\/\/havamall.vn\/wp-content\/uploads\/2023\/12\/unnamed-300x300.jpeg 300w, https:\/\/havamall.vn\/wp-content\/uploads\/2023\/12\/unnamed-600x600.jpeg 600w, https:\/\/havamall.vn\/wp-content\/uploads\/2023\/12\/unnamed-1200x1200.jpeg 1200w, https:\/\/havamall.vn\/wp-content\/uploads\/2023\/12\/unnamed-150x150.jpeg 150w, https:\/\/havamall.vn\/wp-content\/uploads\/2023\/12\/unnamed-768x768.jpeg 768w, https:\/\/havamall.vn\/wp-content\/uploads\/2023\/12\/unnamed-1024x1024.jpeg 1024w, https:\/\/havamall.vn\/wp-content\/uploads\/2023\/12\/unnamed-100x100.jpeg 100w\" sizes=\"(max-width: 702px) 100vw, 702px\" \/><\/p>","protected":false},"excerpt":{"rendered":"<p>TH\u00d4NG TIN CHUNG Th\u01b0\u01a1ng hi\u1ec7u Plantin Xu\u1ea5t x\u1ee9 Ph\u00e1p Th\u00e0nh ph\u1ea7n D\u1ea7u h\u01b0\u1edbng d\u01b0\u01a1ng, n\u01b0\u1edbc, l\u00f2ng \u0111\u1ecf tr\u1ee9ng, m\u00f9 t\u1ea1t,<\/p>","protected":false},"featured_media":33335,"comment_status":"open","ping_status":"closed","template":"","meta":[],"product_brand":[],"product_cat":[36],"product_tag":[],"class_list":{"0":"post-33328","1":"product","2":"type-product","3":"status-publish","4":"has-post-thumbnail","6":"product_cat-thuc-pham-tieu-dung","8":"first","9":"instock","10":"sale","11":"shipping-taxable","12":"purchasable","13":"product-type-simple"},"_links":{"self":[{"href":"https:\/\/havamall.vn\/en\/wp-json\/wp\/v2\/product\/33328"}],"collection":[{"href":"https:\/\/havamall.vn\/en\/wp-json\/wp\/v2\/product"}],"about":[{"href":"https:\/\/havamall.vn\/en\/wp-json\/wp\/v2\/types\/product"}],"replies":[{"embeddable":true,"href":"https:\/\/havamall.vn\/en\/wp-json\/wp\/v2\/comments?post=33328"}],"version-history":[{"count":0,"href":"https:\/\/havamall.vn\/en\/wp-json\/wp\/v2\/product\/33328\/revisions"}],"wp:featuredmedia":[{"embeddable":true,"href":"https:\/\/havamall.vn\/en\/wp-json\/wp\/v2\/media\/33335"}],"wp:attachment":[{"href":"https:\/\/havamall.vn\/en\/wp-json\/wp\/v2\/media?parent=33328"}],"wp:term":[{"taxonomy":"product_brand","embeddable":true,"href":"https:\/\/havamall.vn\/en\/wp-json\/wp\/v2\/product_brand?post=33328"},{"taxonomy":"product_cat","embeddable":true,"href":"https:\/\/havamall.vn\/en\/wp-json\/wp\/v2\/product_cat?post=33328"},{"taxonomy":"product_tag","embeddable":true,"href":"https:\/\/havamall.vn\/en\/wp-json\/wp\/v2\/product_tag?post=33328"}],"curies":[{"name":"wp","href":"https:\/\/api.w.org\/{rel}","templated":true}]}}