{"id":33309,"date":"2023-12-18T15:42:49","date_gmt":"2023-12-18T08:42:49","guid":{"rendered":"https:\/\/havamall.vn\/?post_type=product&#038;p=33309"},"modified":"2023-12-20T11:07:15","modified_gmt":"2023-12-20T04:07:15","slug":"giam-hat-balsamic-tran-chau-vi-nam-truffle-christine-le-tennier-200g-black-truffle-and-white-balsamic-vinegar-flavor-pearls","status":"publish","type":"product","link":"https:\/\/havamall.vn\/en\/shop\/giam-hat-balsamic-tran-chau-vi-nam-truffle-christine-le-tennier-200g-black-truffle-and-white-balsamic-vinegar-flavor-pearls\/","title":{"rendered":"Gi\u1ea5m H\u1ea1t Balsamic Tr\u00e2n Ch\u00e2u V\u1ecb N\u1ea5m Truffle Christine Le Tennier 200g &#8211; Black Truffle And White Balsamic Vinegar Flavor Pearls"},"content":{"rendered":"<h2><\/h2>\n<h2><strong>TH\u00d4NG TIN CHUNG<\/strong><\/h2>\n<table>\n<tbody>\n<tr>\n<td>Th\u01b0\u01a1ng hi\u1ec7u<\/td>\n<td>\n<p id=\"tw-target-text\" class=\"tw-data-text tw-text-large tw-ta\" dir=\"ltr\"><span class=\"Y2IQFc\" lang=\"vi\">Christine Le Tennier<\/span><\/p>\n<\/td>\n<\/tr>\n<tr>\n<td>Xu\u1ea5t x\u1ee9<\/td>\n<td>Ph\u00e1p<\/td>\n<\/tr>\n<tr>\n<td>Th\u00e0nh ph\u1ea7n<\/td>\n<td>\n<p id=\"tw-target-text\" class=\"tw-data-text tw-text-large tw-ta\" dir=\"ltr\"><span class=\"Y2IQFc\" lang=\"vi\">Gia v\u1ecb balsamic tr\u1eafng v\u1edbi 70% n\u1ea5m truffle (nho tr\u1eafng \u0111\u1eadm \u0111\u1eb7c, gi\u1ea5m nho (sulphites), n\u1ea5m truffle \u0111en xay (Tuber Aestivum vitt. 1%),&#8230;<\/span><\/p>\n<\/td>\n<\/tr>\n<tr>\n<td>H\u1ea1n s\u1eed d\u1ee5ng<\/td>\n<td>15 th\u00e1ng k\u1ec3 t\u1eeb ng\u00e0y s\u1ea3n xu\u1ea5t.<\/td>\n<\/tr>\n<tr>\n<td>B\u1ea3o qu\u1ea3n<\/td>\n<td>B\u1ea3o qu\u1ea3n nghi\u1ec7t \u0111\u1ed9 ph\u00f2ng, sau khi m\u1edf n\u1eafp b\u1ea3o qu\u1ea3n ng\u0103n m\u00e1t t\u1ee7 l\u1ea1nh v\u00e0 s\u1eed d\u1ee5ng trong 5 ng\u00e0y<\/td>\n<\/tr>\n<tr>\n<td>\u00a0Kh\u1ed1i l\u01b0\u1ee3ng<\/td>\n<td>200g<\/td>\n<\/tr>\n<\/tbody>\n<\/table>\n<p dir=\"ltr\">Gi\u1ea5m balsamic v\u1ed1n \u0111\u00e3 \u0111\u1eb7c bi\u1ec7t nay k\u1ebft h\u1ee3p th\u00eam c\u00f9ng v\u1edbi n\u1ea5m c\u1ee5c c\u00e0ng l\u00e0m cho m\u00f3n \u0103n tr\u1edf n\u00ean \u0111\u1ed9c \u0111\u00e1o v\u00e0 h\u1ea5p d\u1eabn. H\u01b0\u01a1ng th\u01a1m \u0111\u1eb7c tr\u01b0ng c\u1ee7a n\u1ea5m c\u1ee5c k\u1ebft h\u1ee3p v\u1edbi h\u01b0\u01a1ng v\u1ecb \u0111\u1eadm \u0111\u00e0 c\u1ee7a gi\u1ea5m balsamic truy\u1ec1n th\u1ed1ng gi\u00fap cho c\u00e1c m\u00f3n \u0103n th\u00eam m\u1edbi l\u1ea1, \u0111\u1ed9c \u0111\u00e1o.<\/p>\n<div class=\"xdj266r x11i5rnm xat24cr x1mh8g0r x1vvkbs x126k92a\">\n<div dir=\"auto\">Gi\u1ea5m h\u1ea1t v\u1ecb n\u1ea5m truffle\u00a0<span class=\"Y2IQFc\" lang=\"vi\">Christine Le Tennier<\/span> l\u00e0 s\u1ef1 b\u00f9ng n\u1ed5 v\u1ec1 h\u01b0\u01a1ng v\u1ecb v\u00e0 m\u00e0u s\u1eafc cho t\u1ea5t c\u1ea3 c\u00e1c \u0111\u1ea7u b\u1ebfp v\u00e0 nh\u1eefng ng\u01b0\u1eddi y\u00eau th\u00edch n\u1ea5u \u0103n, nh\u1eefng ng\u01b0\u1eddi kh\u00f4ng ng\u1ea1i th\u1eed th\u00e1ch v\u1edbi nh\u1eefng s\u00e1ng t\u1ea1o c\u1ee7a ri\u00eang m\u00ecnh.<\/div>\n<div dir=\"auto\"><img fetchpriority=\"high\" decoding=\"async\" class=\"wp-image-33310 aligncenter\" src=\"https:\/\/havamall.vn\/wp-content\/uploads\/2023\/12\/Yuzu-Flavour-Pearls-300x225.jpeg\" alt=\"\" width=\"679\" height=\"509\" srcset=\"https:\/\/havamall.vn\/wp-content\/uploads\/2023\/12\/Yuzu-Flavour-Pearls-300x225.jpeg 300w, https:\/\/havamall.vn\/wp-content\/uploads\/2023\/12\/Yuzu-Flavour-Pearls-600x450.jpeg 600w, https:\/\/havamall.vn\/wp-content\/uploads\/2023\/12\/Yuzu-Flavour-Pearls-768x575.jpeg 768w, https:\/\/havamall.vn\/wp-content\/uploads\/2023\/12\/Yuzu-Flavour-Pearls-1024x767.jpeg 1024w, https:\/\/havamall.vn\/wp-content\/uploads\/2023\/12\/Yuzu-Flavour-Pearls.jpeg 1029w\" sizes=\"(max-width: 679px) 100vw, 679px\" \/><\/div>\n<\/div>\n<div class=\"x11i5rnm xat24cr x1mh8g0r x1vvkbs xtlvy1s x126k92a\">\n<p dir=\"auto\">Kh\u00e1c v\u1edbi c\u00e1c lo\u1ea1i gi\u1ea5m th\u00f4ng th\u01b0\u1eddng \u0111\u01b0\u1ee3c l\u00e0m \u1edf d\u1ea1ng l\u1ecfng v\u00e0 \u0111\u00f3ng trong chai, gi\u1ea5m h\u1ea1t v\u1ecb n\u1ea5m truffle\u00a0<span class=\"Y2IQFc\" lang=\"vi\">Christine Le Tennier<\/span>\u0111\u01b0\u1ee3c c\u00f4 \u0111\u1ecdng l\u1ea1i th\u00e0nh t\u1eebng h\u1ea1t nh\u1ecf, trong su\u1ed1t kh\u00f4ng nh\u1eefng th\u01a1m ngon m\u00e0 c\u00f2n v\u00f4 c\u00f9ng \u0111\u1eb9p m\u1eaft, ph\u00f9 h\u1ee3p \u0111\u1ec3 trang tr\u00ed v\u00e0 t\u1ea1o h\u01b0\u01a1ng v\u1ecb cho m\u00f3n \u0103n. Gi\u1ea5m h\u1ea1t v\u1ecb n\u1ea5m truffle\u00a0<span class=\"Y2IQFc\" lang=\"vi\">Christine Le Tennier<\/span> \u0111\u01b0\u1ee3c c\u00f4 l\u1ea1i th\u00e0nh c\u00e1c vi\u00ean gi\u1ea5m v\u00f4 c\u00f9ng \u0111\u1eb9p m\u1eaft, tinh t\u1ebf, nh\u00ecn kh\u00f4ng kh\u00e1c g\u00ec caviar.<\/p>\n<p dir=\"auto\"><img decoding=\"async\" class=\"wp-image-33311 aligncenter\" src=\"https:\/\/havamall.vn\/wp-content\/uploads\/2023\/12\/491d3a8f95cc258305f1a1c43294e430-300x300.jpeg\" alt=\"\" width=\"909\" height=\"909\" srcset=\"https:\/\/havamall.vn\/wp-content\/uploads\/2023\/12\/491d3a8f95cc258305f1a1c43294e430-300x300.jpeg 300w, https:\/\/havamall.vn\/wp-content\/uploads\/2023\/12\/491d3a8f95cc258305f1a1c43294e430-600x600.jpeg 600w, https:\/\/havamall.vn\/wp-content\/uploads\/2023\/12\/491d3a8f95cc258305f1a1c43294e430-150x150.jpeg 150w, https:\/\/havamall.vn\/wp-content\/uploads\/2023\/12\/491d3a8f95cc258305f1a1c43294e430-768x768.jpeg 768w, https:\/\/havamall.vn\/wp-content\/uploads\/2023\/12\/491d3a8f95cc258305f1a1c43294e430-100x100.jpeg 100w, https:\/\/havamall.vn\/wp-content\/uploads\/2023\/12\/491d3a8f95cc258305f1a1c43294e430.jpeg 800w\" sizes=\"(max-width: 909px) 100vw, 909px\" \/><\/p>\n<\/div>\n<div class=\"x11i5rnm xat24cr x1mh8g0r x1vvkbs xtlvy1s x126k92a\">\n<p dir=\"auto\">Gi\u1ea5m h\u1ea1t v\u1ecb n\u1ea5m truffle\u00a0<span class=\"Y2IQFc\" lang=\"vi\">Christine Le Tennier\u00a0<\/span>kh\u00f4ng ch\u1ec9 \u0111\u1eb7c s\u1eafc khi \u0103n k\u00e8m c\u00e1 h\u1ed3i x\u00f4ng kh\u00f3i m\u00e0 c\u00f2n s\u1eed d\u1ee5ng \u0111\u01b0\u1ee3c trong t\u1ea5t c\u1ea3 c\u00e1c m\u00f3n \u00e2u, khai v\u1ecb, salad, tr\u00e1ng mi\u1ec7ng&#8230;100% kh\u00e1ch h\u00e0ng h\u00e0i l\u00f2ng v\u1edbi nh\u1eefng l\u1ecd d\u1ea5m h\u1ea1t v\u1eeba \u0111\u1eb9p v\u1eeba ngon n\u00e0y, \u0111\u1eb7c bi\u1ec7t \u0111i bi\u1ebfu t\u1eb7ng th\u00ec r\u1ea5t sang tr\u1ecdng. K\u1ebft h\u1ee3p c\u00e1c m\u00f3n \u0103n b\u1ea5t k\u1ef3 t\u1eeb salad, tr\u00e1i c\u00e2y, h\u1ea3i s\u1ea3n\u2026 cho t\u1edbi c\u00e1c m\u00f3n tr\u00e1ng mi\u1ec7ng, cocktail hay kem \u0111\u1ec1u ph\u00f9 h\u1ee3p.<\/p>\n<p dir=\"auto\"><img decoding=\"async\" class=\"wp-image-33312 aligncenter\" src=\"https:\/\/havamall.vn\/wp-content\/uploads\/2023\/12\/Cucumber-Wasabi-Flavour-Pearls-soup-300x225.jpeg\" alt=\"\" width=\"678\" height=\"508\" srcset=\"https:\/\/havamall.vn\/wp-content\/uploads\/2023\/12\/Cucumber-Wasabi-Flavour-Pearls-soup-300x225.jpeg 300w, https:\/\/havamall.vn\/wp-content\/uploads\/2023\/12\/Cucumber-Wasabi-Flavour-Pearls-soup-600x450.jpeg 600w, https:\/\/havamall.vn\/wp-content\/uploads\/2023\/12\/Cucumber-Wasabi-Flavour-Pearls-soup-1200x900.jpeg 1200w, https:\/\/havamall.vn\/wp-content\/uploads\/2023\/12\/Cucumber-Wasabi-Flavour-Pearls-soup-768x576.jpeg 768w, https:\/\/havamall.vn\/wp-content\/uploads\/2023\/12\/Cucumber-Wasabi-Flavour-Pearls-soup-1024x768.jpeg 1024w, https:\/\/havamall.vn\/wp-content\/uploads\/2023\/12\/Cucumber-Wasabi-Flavour-Pearls-soup.jpeg 1434w\" sizes=\"(max-width: 678px) 100vw, 678px\" \/><\/p>\n<h2><strong>H\u01af\u1edaNG D\u1eaaN S\u1eec D\u1ee4NG<\/strong><\/h2>\n<p dir=\"auto\">&#8211; S\u1eed d\u1ee5ng tr\u1ef1c ti\u1ebfp<\/p>\n<p dir=\"auto\">&#8211; Ch\u1ebf bi\u1ebfn c\u00e1c m\u00f3n \u0103n t\u1eeb c\u00e1, m\u00f3n c\u00e1 \u01b0\u1edbp chanh, gan ng\u1ed7ng, c\u00e1 h\u1ed3i,&#8230;<\/p>\n<p dir=\"auto\">&#8211;\u00a0K\u1ebft h\u1ee3p c\u00e1c m\u00f3n \u0103n b\u1ea5t k\u1ef3 t\u1eeb salad, tr\u00e1i c\u00e2y, h\u1ea3i s\u1ea3n\u2026 cho t\u1edbi c\u00e1c m\u00f3n tr\u00e1ng mi\u1ec7ng, cocktail hay kem \u0111\u1ec1u ph\u00f9 h\u1ee3p.<\/p>\n<p dir=\"auto\"><img loading=\"lazy\" decoding=\"async\" class=\"wp-image-33313 aligncenter\" src=\"https:\/\/havamall.vn\/wp-content\/uploads\/2023\/12\/d81750b2e5ea96ef9f240f7cfae8daf2-300x284.jpeg\" alt=\"\" width=\"695\" height=\"658\" srcset=\"https:\/\/havamall.vn\/wp-content\/uploads\/2023\/12\/d81750b2e5ea96ef9f240f7cfae8daf2-300x284.jpeg 300w, https:\/\/havamall.vn\/wp-content\/uploads\/2023\/12\/d81750b2e5ea96ef9f240f7cfae8daf2-600x567.jpeg 600w, https:\/\/havamall.vn\/wp-content\/uploads\/2023\/12\/d81750b2e5ea96ef9f240f7cfae8daf2.jpeg 735w\" sizes=\"(max-width: 695px) 100vw, 695px\" \/><\/p>\n<\/div>","protected":false},"excerpt":{"rendered":"<p>TH\u00d4NG TIN CHUNG Th\u01b0\u01a1ng hi\u1ec7u Christine Le Tennier Xu\u1ea5t x\u1ee9 Ph\u00e1p Th\u00e0nh ph\u1ea7n Gia v\u1ecb balsamic tr\u1eafng v\u1edbi 70% n\u1ea5m<\/p>","protected":false},"featured_media":33314,"comment_status":"open","ping_status":"closed","template":"","meta":[],"product_brand":[],"product_cat":[36],"product_tag":[],"class_list":{"0":"post-33309","1":"product","2":"type-product","3":"status-publish","4":"has-post-thumbnail","6":"product_cat-thuc-pham-tieu-dung","8":"first","9":"instock","10":"sale","11":"shipping-taxable","12":"purchasable","13":"product-type-simple"},"_links":{"self":[{"href":"https:\/\/havamall.vn\/en\/wp-json\/wp\/v2\/product\/33309"}],"collection":[{"href":"https:\/\/havamall.vn\/en\/wp-json\/wp\/v2\/product"}],"about":[{"href":"https:\/\/havamall.vn\/en\/wp-json\/wp\/v2\/types\/product"}],"replies":[{"embeddable":true,"href":"https:\/\/havamall.vn\/en\/wp-json\/wp\/v2\/comments?post=33309"}],"version-history":[{"count":0,"href":"https:\/\/havamall.vn\/en\/wp-json\/wp\/v2\/product\/33309\/revisions"}],"wp:featuredmedia":[{"embeddable":true,"href":"https:\/\/havamall.vn\/en\/wp-json\/wp\/v2\/media\/33314"}],"wp:attachment":[{"href":"https:\/\/havamall.vn\/en\/wp-json\/wp\/v2\/media?parent=33309"}],"wp:term":[{"taxonomy":"product_brand","embeddable":true,"href":"https:\/\/havamall.vn\/en\/wp-json\/wp\/v2\/product_brand?post=33309"},{"taxonomy":"product_cat","embeddable":true,"href":"https:\/\/havamall.vn\/en\/wp-json\/wp\/v2\/product_cat?post=33309"},{"taxonomy":"product_tag","embeddable":true,"href":"https:\/\/havamall.vn\/en\/wp-json\/wp\/v2\/product_tag?post=33309"}],"curies":[{"name":"wp","href":"https:\/\/api.w.org\/{rel}","templated":true}]}}