{"id":33229,"date":"2023-12-11T12:01:36","date_gmt":"2023-12-11T05:01:36","guid":{"rendered":"https:\/\/havamall.vn\/?post_type=product&#038;p=33229"},"modified":"2025-09-29T15:38:18","modified_gmt":"2025-09-29T08:38:18","slug":"thanh-gao-lut-hat-oc-cho-rong-bien-hop-90g-brown-rice-bar","status":"publish","type":"product","link":"https:\/\/havamall.vn\/en\/shop\/thanh-gao-lut-hat-oc-cho-rong-bien-hop-90g-brown-rice-bar\/","title":{"rendered":"Thanh G\u1ea1o L\u1ee9t H\u1ea1t \u00d3c Ch\u00f3 Rong Bi\u1ec3n H\u1ed9p 90g &#8211; Brown Rice Bar"},"content":{"rendered":"<div class=\"x11i5rnm xat24cr x1mh8g0r x1vvkbs xtlvy1s x126k92a\">\n<div class=\"x11i5rnm xat24cr x1mh8g0r x1vvkbs xtlvy1s x126k92a\">\n<div dir=\"auto\">\n<h2><\/h2>\n<h2><strong>TH\u00d4NG TIN CHUNG<\/strong><\/h2>\n<table>\n<tbody>\n<tr>\n<td>Th\u01b0\u01a1ng hi\u1ec7u<\/td>\n<td>FnV<\/td>\n<\/tr>\n<tr>\n<td>Xu\u1ea5t x\u1ee9<\/td>\n<td>Vi\u1ec7t Nam<\/td>\n<\/tr>\n<tr>\n<td>Th\u00e0nh ph\u1ea7n<\/td>\n<td>G\u1ea1o l\u1ee9t (45%), h\u1ea1t h\u1ea1nh nh\u00e2n, h\u1ea1t b\u00ed xanh, h\u1ea1t \u00f3c ch\u00f3, rong bi\u1ec3n (1%), m\u1eadt ong, d\u1ea7u tinh luy\u1ec7n, mu\u1ed1i, ch\u1ea5t \u0111i\u1ec1u v\u1ecb,&#8230;<\/td>\n<\/tr>\n<tr>\n<td>H\u1ea1n s\u1eed d\u1ee5ng<\/td>\n<td>6 th\u00e1ng k\u1ec3 t\u1eeb ng\u00e0y s\u1ea3n xu\u1ea5t.<\/td>\n<\/tr>\n<tr>\n<td>B\u1ea3o qu\u1ea3n<\/td>\n<td>N\u01a1i kh\u00f4 r\u00e1o, tho\u00e1ng m\u00e1t, \u0111\u1ea3m b\u1ea3o v\u1ec7 sinh an to\u00e0n th\u1ef1c ph\u1ea9m, tr\u00e1nh \u00e1nh s\u00e1ng m\u1eb7t tr\u1edbi chi\u1ebfu tr\u1ef1c ti\u1ebfp<\/td>\n<\/tr>\n<tr>\n<td>\u00a0Kh\u1ed1i l\u01b0\u1ee3ng<\/td>\n<td>90g<\/td>\n<\/tr>\n<\/tbody>\n<\/table>\n<p>B\u1ea1n l\u00e0 m\u1ed9t ng\u01b0\u1eddi th\u00edch \u0103n v\u1eb7t nh\u01b0ng l\u1ea1i \u0111ang trong li\u1ec7u tr\u00ecnh gi\u1ea3m c\u00e2n, ph\u1ea3i ki\u00eang nh\u1eefng m\u00f3n \u0103n v\u1eb7t v\u1edbi h\u01b0\u01a1ng v\u1ecb h\u1ea5p d\u1eabn nh\u01b0 b\u00e1nh quy, snack, tr\u00e0 s\u1eefa,\u2026 khi\u1ebfn vi\u1ec7c \u0103n ki\u00eang tr\u1edf n\u00ean kh\u00f3 kh\u0103n h\u01a1n. Hi\u1ec3u \u0111\u01b0\u1ee3c c\u1ea3m gi\u00e1c c\u1ee7a nhi\u1ec1u b\u1ea1n, Havamall h\u00f4m nay s\u1ebd \u0111em \u0111\u1ebfn m\u1ed9t m\u00f3n \u0103n v\u1eb7t gi\u1ea3m c\u00e2n ch\u1eafc ch\u1eafn s\u1ebd khi\u1ebfn c\u00f4 n\u00e0ng gi\u1ea3m c\u00e2n y\u00eau th\u00edch.<\/p>\n<p dir=\"ltr\">M\u00f3n \u0103n dinh d\u01b0\u1ee1ng thanh h\u1ea1t c\u00f3 m\u00f9i h\u01b0\u01a1ng t\u1ef1 nhi\u00ean t\u1eeb c\u00e1c lo\u1ea1i h\u1ea1t.\u00a0Khi \u0103n, thanh h\u1ea1t c\u00f3 \u0111\u1ed9 gi\u00f2n r\u1ea5t vui mi\u1ec7ng. Nh\u1edd \u0111\u00f3, m\u00e0 hi\u1ec7n nay kh\u00f4ng ch\u1ec9 ng\u01b0\u1eddi \u0103n ki\u00eang, m\u00e0 c\u00e1c b\u1ea1n theo ch\u1ebf \u0111\u1ed9 \u0103n l\u00e0nh m\u1ea1nh eat clean hay\u00a0keto c\u0169ng th\u01b0\u1eddng xuy\u00ean s\u1eed d\u1ee5ng thanh g\u1ea1o l\u1ee9t FnV.<\/p>\n<p dir=\"ltr\">\u00a0<img fetchpriority=\"high\" decoding=\"async\" class=\"wp-image-33241 aligncenter\" src=\"https:\/\/havamall.com\/wp-content\/uploads\/2025\/09\/376769826_268070392786156_3262513126156013255_n-300x300.jpg\" alt=\"\" width=\"694\" height=\"694\" \/><\/p>\n<p dir=\"ltr\">G\u00f3i thanh g\u1ea1o l\u1ee9t thanh g\u1ea1o l\u1ee9t FnV l\u00e0 s\u1ea3n ph\u1ea9m k\u1ebft h\u1ee3p c\u1ee7a g\u1ea1o l\u1ee9t s\u1ea5y c\u00f9ng \u1ee9c g\u00e0 v\u00e0 rong bi\u1ec3n th\u01a1m ngon, h\u1ea5p d\u1eabn.\u00a0\u0110\u1ed3 kh\u00f4 \u0103n li\u1ec1n FnV\u00a0gi\u00f2n r\u1ee5m v\u1edbi nhi\u1ec1u lo\u1ea1i h\u1ea1t t\u1ed1t cho s\u1ee9c kh\u1ecfe, \u0111\u1eb7c bi\u1ec7t\u00a0\u0111\u1ed3 kh\u00f4 \u0103n li\u1ec1n\u00a0nh\u01b0 g\u1ea1o l\u1ee9t\u00a0ph\u00f9 h\u1ee3p v\u1edbi ng\u01b0\u1eddi mu\u1ed1n gi\u1ea3m c\u00e2n, gi\u1eef d\u00e1ng.<\/p>\n<p dir=\"ltr\">C\u00e1c lo\u1ea1i h\u1ea1t c\u00f3 ch\u1ee9a c\u00e1c d\u1ea7u th\u1ef1c v\u1eadt t\u1ef1 nhi\u00ean \u0111\u01b0\u1ee3c nhi\u1ec1u chuy\u00ean gia khuy\u00ean d\u00f9ng. C\u00e1c lo\u1ea1i d\u1ea7u t\u1eeb h\u1ea1t n\u00e0y kh\u00f4ng nh\u1eefng kh\u00f4ng g\u00e2y h\u1ea1i \u0111\u1ebfn s\u1ee9c kh\u1ecfe, m\u00e0 c\u00f2n b\u1ed5 sung protein v\u00e0 c\u00e1c n\u0103ng l\u01b0\u1ee3ng t\u1ed1t, gi\u00fap c\u01a1 th\u1ec3 lu\u00f4n tr\u00e0n \u0111\u1ea7y n\u0103ng l\u01b0\u1ee3ng.<\/p>\n<p dir=\"ltr\"><img decoding=\"async\" class=\"wp-image-33240 aligncenter\" src=\"https:\/\/havamall.com\/wp-content\/uploads\/2025\/09\/338533575_186958694119990_8606282819502944974_n-225x300.jpg\" alt=\"\" width=\"700\" height=\"933\" \/><\/p>\n<h2><strong>\u0110\u1eb6C \u0110I\u1ec2M N\u1ed4I B\u1eacT C\u1ee6A S\u1ea2N PH\u1ea8M<\/strong><\/h2>\n<p>&gt; Mang h\u01b0\u01a1ng v\u1ecb nh\u1eb9 nh\u00e0ng, thanh khi\u1ebft; kh\u00e1c bi\u1ec7t nh\u1eefng m\u00f3n \u0103n d\u01b0 th\u1eeba ch\u1ea5t; hay m\u00f3n b\u00e1nh qu\u00e1 nhi\u1ec1u \u0111\u01b0\u1eddng b\u1ed9t.<\/p>\n<p>&gt; Ch\u1eafc ch\u1eafn s\u1ebd t\u1ea1o n\u00ean c\u01a1n s\u1ed1t m\u1edbi v\u00ec kh\u1ea3 n\u0103ng thanh l\u1ecdc, gi\u1ea3i nhi\u1ec7t, th\u1ea3i \u0111\u1ed9c t\u1ed1, nh\u1eb9 b\u1ee5ng, l\u1ea5y l\u1ea1i c\u1ea3m gi\u00e1c ngon mi\u1ec7ng sau chu\u1ed7i ng\u00e0y ch\u00e1n \u0103n.<\/p>\n<p>&gt; Thanh g\u1ea1o l\u1ee9t chu\u1ea9n ti\u00eau ch\u00ed 4K: Kh\u00f4ng \u0111\u01b0\u1eddng, kh\u00f4ng b\u1ed9t m\u00ec, kh\u00f4ng d\u1ea7u m\u1ee1, kh\u00f4ng ch\u1ea5t b\u1ea3o qu\u1ea3n.<\/p>\n<p>&gt; Ph\u00f9 h\u1ee3p v\u1edbi m\u1ecdi \u0111\u1ed1i t\u01b0\u1ee3ng, \u0111\u1eb7c bi\u1ec7t gi\u1edbi \u0103n ki\u00eang, mu\u1ed1n c\u1ea3i thi\u1ec7n s\u1ee9c kh\u1ecfe.<\/p>\n<div class=\"x11i5rnm xat24cr x1mh8g0r x1vvkbs xtlvy1s x126k92a\">\n<h2><img decoding=\"async\" class=\"wp-image-33242 aligncenter\" src=\"https:\/\/havamall.com\/wp-content\/uploads\/2025\/09\/384747111_280572008202661_3427925861957118645_n-300x300.jpg\" alt=\"\" width=\"707\" height=\"707\" \/><\/h2>\n<h2><strong>\u01afU \u0110I\u1ec2M C\u1ee6A S\u1ea2N PH\u1ea8M<\/strong><\/h2>\n<p dir=\"auto\">&#8211; V\u1edbi v\u1ecb ng\u1ecdt ng\u1ecdt c\u1ee7a m\u1eadt ong, th\u01a1m gi\u00f2n c\u1ee7a g\u1ea1o l\u1ee9t v\u00e0 h\u1ea1t dinh d\u01b0\u1ee1ng, v\u1ecb m\u1eb7n m\u1eb7n v\u1eeba \u0111\u1ee7 c\u1ee7a ch\u00e0 b\u00f4ng, \u1ee9c g\u00e0. T\u1ea1o n\u00ean h\u01b0\u01a1ng v\u1ecb si\u00eau cu\u1ed1n khi \u0103n, c\u1ea3m gi\u00e1c gi\u00f2n tan, v\u1ecb ng\u1ecdt v\u1eeba ph\u1ea3i kh\u00f4ng g\u00e2y ng\u00e1n.<\/p>\n<\/div>\n<div dir=\"auto\">&#8211; \u0110\u1eb7c bi\u1ec7t h\u01a1n n\u1eefa l\u00e0 s\u1ef1 k\u1ebft h\u1ee3p c\u1ee7a g\u1ea1o l\u1ee9t v\u00e0 h\u1ea1t dinh d\u01b0\u1ee1ng s\u1ebd khi\u1ebfn ch\u1ecb em c\u00f3 c\u1ea3m gi\u00e1c n\u00f3 l\u00e2u h\u01a1n, gi\u1ea3m c\u1ea3m gi\u00e1c th\u00e8m \u0103n, gi\u00fap ch\u1ecb em gi\u1ea3m c\u00e2n, gi\u1eef d\u00e1ng trong d\u1ecbp t\u1ebft n\u00e0y.<\/div>\n<div class=\"x11i5rnm xat24cr x1mh8g0r x1vvkbs xtlvy1s x126k92a\">\n<p dir=\"auto\">&#8211; V\u1edbi m\u1ee5c ti\u00eau \u0111\u1eb7t s\u1ee9c kh\u1ecfe kh\u00e1ch h\u00e0ng l\u00ean h\u00e0ng \u0111\u1ea7u, FnV lu\u00f4n l\u1ef1a ch\u1ecdn nh\u1eefng nguy\u00ean li\u1ec7u s\u1ea3n xu\u1ea5t s\u1ea1ch, an to\u00e0n v\u1edbi s\u1ee9c kh\u1ecfe.<\/p>\n<p dir=\"auto\">&#8211; \u0110a d\u1ea1ng k\u00edch th\u01b0\u1edbc v\u00e0 m\u1eabu m\u00e3 \u0111\u1ec3 ch\u1ecdn l\u1ef1a: h\u1ed9p gi\u1ea5y ch\u1eef nh\u1eadt, h\u1ed9p thi\u1ebfc trong v\u1edbi nhi\u1ec1u k\u00edch th\u01b0\u1edbc.<\/p>\n<\/div>\n<h2><img loading=\"lazy\" decoding=\"async\" class=\"wp-image-33243 aligncenter\" src=\"https:\/\/havamall.com\/wp-content\/uploads\/2025\/09\/322253332_571972514751710_3164178990622160230_n-300x300.jpg\" alt=\"\" width=\"713\" height=\"713\" \/><\/h2>\n<h2><strong>C\u00d4NG D\u1ee4NG C\u1ee6A S\u1ea2N PH\u1ea8M<\/strong><\/h2>\n<p>\u2013 H\u1ed7 tr\u1ecd gi\u1ea3m c\u00e2n.<\/p>\n<p>\u2013 B\u1ee9a s\u00e1ng nhanh g\u1ecdn calo ch\u01b0a t\u1edbi 40 calo m\u1ed9t thanh.<\/p>\n<p>\u2013 Dinh d\u01b0\u1ee1ng, nhi\u1ec1u ch\u1ea5t x\u01a1.<\/p>\n<p>\u2013 Ph\u00f9 h\u1ee3p cho ng\u01b0\u1eddi ti\u1ec3u \u0111\u01b0\u1eddng.<\/p>\n<p>\u2013 Ng\u01b0\u1eddi b\u1ecb huy\u1ebft \u00e1p.<\/p>\n<p>\u2013 \u0110\u00f3ng g\u00f3i t\u00fai ri\u00eang l\u1ebb t\u1eebng thanh d\u1ec5 d\u00e0ng b\u1ea3o qu\u1ea3n.<\/p>\n<p>\u2013 Thanh g\u1ea1o l\u1ee9t si\u00eau h\u1ea1t.<\/p>\n<p>\u2013 V\u1ecb th\u01a1m d\u1ec5 \u0103n.<\/p>\n<p>\u2013 C\u1ea3i thi\u1ec7n ti\u00eau h\u00f3a.<\/p>\n<p>\u2013 Gi\u1ea3m l\u01b0\u1ee3ng \u0111\u01b0\u1eddng trong m\u00e1u.<\/p>\n<\/div>\n<\/div>\n<\/div>","protected":false},"excerpt":{"rendered":"<p>TH\u00d4NG TIN CHUNG Th\u01b0\u01a1ng hi\u1ec7u FnV Xu\u1ea5t x\u1ee9 Vi\u1ec7t Nam Th\u00e0nh ph\u1ea7n G\u1ea1o l\u1ee9t (45%), h\u1ea1t h\u1ea1nh nh\u00e2n, h\u1ea1t b\u00ed<\/p>","protected":false},"featured_media":33244,"comment_status":"open","ping_status":"closed","template":"","meta":[],"product_brand":[],"product_cat":[36,133],"product_tag":[],"class_list":{"0":"post-33229","1":"product","2":"type-product","3":"status-publish","4":"has-post-thumbnail","6":"product_cat-thuc-pham-tieu-dung","7":"product_cat-banh-keo-chocolate","9":"first","10":"outofstock","11":"sale","12":"shipping-taxable","13":"purchasable","14":"product-type-simple"},"_links":{"self":[{"href":"https:\/\/havamall.vn\/en\/wp-json\/wp\/v2\/product\/33229"}],"collection":[{"href":"https:\/\/havamall.vn\/en\/wp-json\/wp\/v2\/product"}],"about":[{"href":"https:\/\/havamall.vn\/en\/wp-json\/wp\/v2\/types\/product"}],"replies":[{"embeddable":true,"href":"https:\/\/havamall.vn\/en\/wp-json\/wp\/v2\/comments?post=33229"}],"version-history":[{"count":0,"href":"https:\/\/havamall.vn\/en\/wp-json\/wp\/v2\/product\/33229\/revisions"}],"wp:featuredmedia":[{"embeddable":true,"href":"https:\/\/havamall.vn\/en\/wp-json\/wp\/v2\/media\/33244"}],"wp:attachment":[{"href":"https:\/\/havamall.vn\/en\/wp-json\/wp\/v2\/media?parent=33229"}],"wp:term":[{"taxonomy":"product_brand","embeddable":true,"href":"https:\/\/havamall.vn\/en\/wp-json\/wp\/v2\/product_brand?post=33229"},{"taxonomy":"product_cat","embeddable":true,"href":"https:\/\/havamall.vn\/en\/wp-json\/wp\/v2\/product_cat?post=33229"},{"taxonomy":"product_tag","embeddable":true,"href":"https:\/\/havamall.vn\/en\/wp-json\/wp\/v2\/product_tag?post=33229"}],"curies":[{"name":"wp","href":"https:\/\/api.w.org\/{rel}","templated":true}]}}