{"id":33169,"date":"2023-12-08T17:22:00","date_gmt":"2023-12-08T10:22:00","guid":{"rendered":"https:\/\/havamall.vn\/?post_type=product&#038;p=33169"},"modified":"2024-01-06T10:24:14","modified_gmt":"2024-01-06T03:24:14","slug":"pho-mai-ai-cap-labanita-hop-8-mieng-120g-processed-cheese","status":"publish","type":"product","link":"https:\/\/havamall.vn\/en\/shop\/pho-mai-ai-cap-labanita-hop-8-mieng-120g-processed-cheese\/","title":{"rendered":"Ph\u00f4 Mai Ai C\u1eadp Labanita H\u1ed9p 8 Mi\u1ebfng 120g- Processed Cheese"},"content":{"rendered":"<h2><\/h2>\n<h2><strong>TH\u00d4NG TIN CHUNG<\/strong><\/h2>\n<table>\n<tbody>\n<tr>\n<td>Th\u01b0\u01a1ng hi\u1ec7u<\/td>\n<td>Labanita<\/td>\n<\/tr>\n<tr>\n<td>Xu\u1ea5t x\u1ee9<\/td>\n<td>Ai C\u1eadp<\/td>\n<\/tr>\n<tr>\n<td>Th\u00e0nh ph\u1ea7n<\/td>\n<td>N\u01b0\u1edbc, ph\u00f4 mai 15% (s\u1eefa b\u00f2 thanh tr\u00f9ng, men lactic, men d\u1ecbch v\u1ecb), b\u01a1, \u0111\u1ea1m s\u1eefa, s\u1eefa b\u1ed9t t\u00e1ch b\u00e9o, ch\u1ea5t nh\u0169 h\u00f3a (INS 452 (i), INS 450 (i), INS 339 (iii)), mu\u1ed1i \u0103n, ch\u1ea5t l\u00e0m d\u00e0y (INS 407, INS 1422), ch\u1ea5t b\u1ea3o qu\u1ea3n Potassium Sorbate ((INS 202) &#8211; 1000 ppm)<\/td>\n<\/tr>\n<tr>\n<td>H\u1ea1n s\u1eed d\u1ee5ng<\/td>\n<td>12 th\u00e1ng k\u1ec3 t\u1eeb ng\u00e0y s\u1ea3n xu\u1ea5t.<\/td>\n<\/tr>\n<tr>\n<td>B\u1ea3o qu\u1ea3n<\/td>\n<td>B\u1ea3o qu\u1ea3n n\u01a1i kh\u00f4 r\u00e1o tho\u00e1ng m\u00e1t, nhi\u1ec7t \u0111\u1ed9 kh\u00f4ng qu\u00e1 25 \u0111\u1ed9 C<\/td>\n<\/tr>\n<tr>\n<td>Kh\u1ed1i l\u01b0\u1ee3ng<\/td>\n<td>120g<\/td>\n<\/tr>\n<\/tbody>\n<\/table>\n<p>Ph\u00f4 mai Labanita l\u00e0 d\u00f2ng ph\u00f4 mai cao c\u1ea5p \u0111\u1ebfn t\u1eeb \u0111\u1ea5t n\u01b0\u1edbc Ai C\u1eadp, \u0111\u01b0\u1ee3c ch\u1ebf bi\u1ebfn t\u1eeb nguy\u00ean li\u1ec7u ho\u00e0n to\u00e0n t\u1ef1 nhi\u00ean. V\u1edbi quy tr\u00ecnh s\u1ea3n xu\u1ea5t hi\u1ec7n \u0111\u1ea1i v\u00e0 c\u00f4ng th\u1ee9c ch\u1ebf bi\u1ebfn ri\u00eang, mang \u0111\u1ebfn s\u1ea3n ph\u1ea9m ch\u1ea5t l\u01b0\u1ee3ng t\u1ed1t nh\u1ea5t t\u1edbi ng\u01b0\u1eddi ti\u00eau d\u00f9ng.<\/p>\n<p><img fetchpriority=\"high\" decoding=\"async\" class=\"wp-image-33174 aligncenter\" src=\"https:\/\/havamall.vn\/wp-content\/uploads\/2023\/12\/391641789_342468781788001_4352272529500978803_n-300x300.jpeg\" alt=\"\" width=\"695\" height=\"695\" srcset=\"https:\/\/havamall.vn\/wp-content\/uploads\/2023\/12\/391641789_342468781788001_4352272529500978803_n-300x300.jpeg 300w, https:\/\/havamall.vn\/wp-content\/uploads\/2023\/12\/391641789_342468781788001_4352272529500978803_n-600x600.jpeg 600w, https:\/\/havamall.vn\/wp-content\/uploads\/2023\/12\/391641789_342468781788001_4352272529500978803_n-1200x1200.jpeg 1200w, https:\/\/havamall.vn\/wp-content\/uploads\/2023\/12\/391641789_342468781788001_4352272529500978803_n-150x150.jpeg 150w, https:\/\/havamall.vn\/wp-content\/uploads\/2023\/12\/391641789_342468781788001_4352272529500978803_n-768x768.jpeg 768w, https:\/\/havamall.vn\/wp-content\/uploads\/2023\/12\/391641789_342468781788001_4352272529500978803_n-1024x1024.jpeg 1024w, https:\/\/havamall.vn\/wp-content\/uploads\/2023\/12\/391641789_342468781788001_4352272529500978803_n-100x100.jpeg 100w, https:\/\/havamall.vn\/wp-content\/uploads\/2023\/12\/391641789_342468781788001_4352272529500978803_n.jpeg 2048w\" sizes=\"(max-width: 695px) 100vw, 695px\" \/><\/p>\n<p>Ph\u00f4 mai Labanita \u0111\u01b0\u1ee3c l\u00e0m t\u1eeb s\u1eefa b\u00f2 thanh tr\u00f9ng v\u00e0 s\u1eefa b\u1ed9t t\u00e1ch b\u00e9o, n\u00ean h\u00e0m l\u01b0\u1ee3ng canxi v\u00e0 protein cao t\u1ed1t cho s\u1ee9c kh\u1ecfe \u0111\u1eb7c bi\u1ec7t l\u00e0 v\u1edbi tr\u1ebb em. S\u1ea3n ph\u1ea9m m\u1ec1m m\u1ecbn, h\u01b0\u01a1ng v\u1ecb r\u1ea5t h\u1ea5p d\u1eabn, k\u00edch th\u00edch v\u1ecb gi\u00e1c. \u0102n ph\u00f4 mai t\u1ed1t cho s\u1ee9c kh\u1ecfe c\u1ee7a r\u0103ng v\u00ec ph\u00f4 mai l\u00e0 th\u1ee9c \u0103n t\u1ea1o ra ki\u1ec1m, gi\u00fap gi\u1ea3m \u0111\u1ed9 axit \u1edf mi\u1ec7ng nh\u1edd h\u00e0m l\u01b0\u1ee3ng canxi cao.<\/p>\n<p>Ph\u00f4 mai ch\u1ea5t l\u01b0\u1ee3ng, \u0111\u01b0\u1ee3c ch\u1ebf bi\u1ebfn t\u1eeb nguy\u00ean li\u1ec7u ho\u00e0n to\u00e0n t\u1ef1 nhi\u00ean, quy tr\u00ecnh s\u1ea3n xu\u1ea5t hi\u1ec7n \u0111\u1ea1i v\u00e0 c\u00f4ng th\u1ee9c ch\u1ebf bi\u1ebfn ri\u00eang, \u0111\u1ea3m b\u1ea3o mang \u0111\u1ebfn s\u1ea3n ph\u1ea9m ch\u1ea5t l\u01b0\u1ee3ng t\u1ed1t nh\u1ea5t t\u1edbi ng\u01b0\u1eddi ti\u00eau d\u00f9ng. Ph\u00f4 mai ch\u1ee9a men vi sinh, r\u1ea5t c\u00f3 l\u1ee3i cho \u0111\u01b0\u1eddng ti\u00eau h\u00f3a, gi\u00fap b\u00e9 h\u1ea5p thu th\u1ee9c \u0103n t\u1ed1t h\u01a1n v\u00e0 c\u1ea3i thi\u1ec7n s\u1ee9c kh\u1ecfe.<\/p>\n<p><img decoding=\"async\" class=\"wp-image-33185 aligncenter\" src=\"https:\/\/havamall.vn\/wp-content\/uploads\/2023\/12\/a2b4e520-cd3c-4731-bc71-3f1b5f81e6de-300x300.jpeg\" alt=\"\" width=\"705\" height=\"705\" srcset=\"https:\/\/havamall.vn\/wp-content\/uploads\/2023\/12\/a2b4e520-cd3c-4731-bc71-3f1b5f81e6de-300x300.jpeg 300w, https:\/\/havamall.vn\/wp-content\/uploads\/2023\/12\/a2b4e520-cd3c-4731-bc71-3f1b5f81e6de-150x150.jpeg 150w, https:\/\/havamall.vn\/wp-content\/uploads\/2023\/12\/a2b4e520-cd3c-4731-bc71-3f1b5f81e6de-100x100.jpeg 100w\" sizes=\"(max-width: 705px) 100vw, 705px\" \/><\/p>\n<h2><strong>\u00a0\u0110\u1eb7c \u0111i\u1ec3m n\u1ed5i b\u1eadt<\/strong><\/h2>\n<p>\u2013 V\u1ecb ph\u00f4 mai \u0111\u1eb7c tr\u01b0ng, th\u01a1m ngon<\/p>\n<p>\u2013 \u0110\u1ea3m b\u1ea3o an to\u00e0n cho s\u1ee9c kh\u1ecfe<\/p>\n<p>\u2013 S\u1eed d\u1ee5ng cho tr\u1ebb em tr\u00ean 6 th\u00e1ng tu\u1ed5i<\/p>\n<p>\u2013 S\u1ea3n ph\u1ea9m \u0111\u00f3ng g\u00f3i t\u1eebng mi\u1ebfng nh\u1ecf g\u1ecdn cho b\u1ea1n d\u1ec5 d\u00e0ng s\u1eed d\u1ee5ng v\u00e0 b\u1ea3o qu\u1ea3n.<\/p>\n<p><img decoding=\"async\" class=\"wp-image-33180 aligncenter\" src=\"https:\/\/havamall.vn\/wp-content\/uploads\/2023\/12\/Screen-Shot-2023-12-08-at-11.56.11-AM-300x300.png\" alt=\"\" width=\"714\" height=\"714\" srcset=\"https:\/\/havamall.vn\/wp-content\/uploads\/2023\/12\/Screen-Shot-2023-12-08-at-11.56.11-AM-300x300.png 300w, https:\/\/havamall.vn\/wp-content\/uploads\/2023\/12\/Screen-Shot-2023-12-08-at-11.56.11-AM-600x600.png 600w, https:\/\/havamall.vn\/wp-content\/uploads\/2023\/12\/Screen-Shot-2023-12-08-at-11.56.11-AM-150x150.png 150w, https:\/\/havamall.vn\/wp-content\/uploads\/2023\/12\/Screen-Shot-2023-12-08-at-11.56.11-AM-100x100.png 100w, https:\/\/havamall.vn\/wp-content\/uploads\/2023\/12\/Screen-Shot-2023-12-08-at-11.56.11-AM.png 751w\" sizes=\"(max-width: 714px) 100vw, 714px\" \/><\/p>\n<h2><strong>H\u01b0\u1edbng d\u1eabn s\u1eed d\u1ee5ng v\u00e0 b\u1ea3o qu\u1ea3n<\/strong><\/h2>\n<p>&#8211; S\u1eed d\u1ee5ng tr\u1ef1c ti\u1ebfp, ngon h\u01a1n khi tr\u1eef l\u1ea1nh, n\u00ean s\u1eed d\u1ee5ng h\u1ebft s\u1ea3n ph\u1ea9m trong v\u00f2ng m\u1ed9t th\u00e1ng sau khi m\u1edf h\u1ed9p.<\/p>\n<p>Ho\u1eb7c d\u00f9ng nh\u01b0 m\u00f3n \u0103n k\u00e8m, b\u1ed5 sung \u0111\u1ea7y \u0111\u1ee7 dinh d\u01b0\u1ee1ng v\u00e0o m\u1ed7i b\u1eefa s\u00e1ng.<\/p>\n<p>&#8211; C\u00f3 th\u1ec3 \u0103n k\u00e8m ho\u1eb7c ph\u1ebft l\u00ean b\u00e1nh m\u00ec.<\/p>\n<p>&#8211; C\u00f3 th\u1ec3 d\u00f9ng nh\u01b0 nguy\u00ean li\u1ec7u \u0111\u1ec3 l\u00e0m b\u00e1nh.<\/p>\n<p><img loading=\"lazy\" decoding=\"async\" class=\"wp-image-33186 aligncenter\" src=\"https:\/\/havamall.vn\/wp-content\/uploads\/2023\/12\/308417540_5680298842033270_3916959520398087171_n-300x300.jpeg\" alt=\"\" width=\"725\" height=\"725\" srcset=\"https:\/\/havamall.vn\/wp-content\/uploads\/2023\/12\/308417540_5680298842033270_3916959520398087171_n-300x300.jpeg 300w, https:\/\/havamall.vn\/wp-content\/uploads\/2023\/12\/308417540_5680298842033270_3916959520398087171_n-600x600.jpeg 600w, https:\/\/havamall.vn\/wp-content\/uploads\/2023\/12\/308417540_5680298842033270_3916959520398087171_n-1200x1200.jpeg 1200w, https:\/\/havamall.vn\/wp-content\/uploads\/2023\/12\/308417540_5680298842033270_3916959520398087171_n-150x150.jpeg 150w, https:\/\/havamall.vn\/wp-content\/uploads\/2023\/12\/308417540_5680298842033270_3916959520398087171_n-768x768.jpeg 768w, https:\/\/havamall.vn\/wp-content\/uploads\/2023\/12\/308417540_5680298842033270_3916959520398087171_n-1024x1024.jpeg 1024w, https:\/\/havamall.vn\/wp-content\/uploads\/2023\/12\/308417540_5680298842033270_3916959520398087171_n-100x100.jpeg 100w, https:\/\/havamall.vn\/wp-content\/uploads\/2023\/12\/308417540_5680298842033270_3916959520398087171_n.jpeg 2000w\" sizes=\"(max-width: 725px) 100vw, 725px\" \/><\/p>\n<h2><strong>H\u01b0\u1edbng d\u1eabn s\u1eed d\u1ee5ng<\/strong><\/h2>\n<p>\u2013 D\u00f9ng \u0103n tr\u1ef1c ti\u1ebfp v\u00e0 s\u1eed d\u1ee5ng tr\u01b0\u1edbc th\u1eddi h\u1ea1n ghi tr\u00ean bao b\u00ec.<\/p>\n<p>\u2013 Ch\u1ebf bi\u1ebfn th\u00e0nh nhi\u1ec1u m\u00f3n \u0103n, m\u00f3n b\u00e1nh kh\u00e1c nhau nh\u01b0 th\u1ea1ch ph\u00f4 mai, salad,\u2026<\/p>\n<h4><strong>H\u01b0\u1edbng d\u1eabn b\u1ea3o qu\u1ea3n:<\/strong><\/h4>\n<p>\u2013 B\u1ea3o qu\u1ea3n n\u01a1i kh\u00f4 r\u00e1o tho\u00e1ng m\u00e1t, tr\u00e1nh \u00e1nh n\u1eafng m\u1eb7t tr\u1eddi.<\/p>\n<p>\u2013 Nhi\u1ec7t \u0111\u1ed9 th\u00edch h\u1ee3p t\u1eeb 18\u00b0C -25\u00b0C.<\/p>\n<p>\u2013 N\u00ean s\u1eed d\u1ee5ng h\u1ebft s\u1ea3n ph\u1ea9m trong v\u00f2ng 1 th\u00e1ng sau khi m\u1edf h\u1ed9p.<\/p>\n<p><img loading=\"lazy\" decoding=\"async\" class=\"wp-image-33175 aligncenter\" src=\"https:\/\/havamall.vn\/wp-content\/uploads\/2023\/12\/283845716_5337400062989818_3710157012390964199_n-300x300.jpeg\" alt=\"\" width=\"731\" height=\"731\" srcset=\"https:\/\/havamall.vn\/wp-content\/uploads\/2023\/12\/283845716_5337400062989818_3710157012390964199_n-300x300.jpeg 300w, https:\/\/havamall.vn\/wp-content\/uploads\/2023\/12\/283845716_5337400062989818_3710157012390964199_n-600x600.jpeg 600w, https:\/\/havamall.vn\/wp-content\/uploads\/2023\/12\/283845716_5337400062989818_3710157012390964199_n-1200x1200.jpeg 1200w, https:\/\/havamall.vn\/wp-content\/uploads\/2023\/12\/283845716_5337400062989818_3710157012390964199_n-150x150.jpeg 150w, https:\/\/havamall.vn\/wp-content\/uploads\/2023\/12\/283845716_5337400062989818_3710157012390964199_n-768x768.jpeg 768w, https:\/\/havamall.vn\/wp-content\/uploads\/2023\/12\/283845716_5337400062989818_3710157012390964199_n-1024x1024.jpeg 1024w, https:\/\/havamall.vn\/wp-content\/uploads\/2023\/12\/283845716_5337400062989818_3710157012390964199_n-100x100.jpeg 100w, https:\/\/havamall.vn\/wp-content\/uploads\/2023\/12\/283845716_5337400062989818_3710157012390964199_n.jpeg 2000w\" sizes=\"(max-width: 731px) 100vw, 731px\" \/><\/p>","protected":false},"excerpt":{"rendered":"<p>TH\u00d4NG TIN CHUNG Th\u01b0\u01a1ng hi\u1ec7u Labanita Xu\u1ea5t x\u1ee9 Ai C\u1eadp Th\u00e0nh ph\u1ea7n N\u01b0\u1edbc, ph\u00f4 mai 15% (s\u1eefa b\u00f2 thanh tr\u00f9ng,<\/p>","protected":false},"featured_media":33178,"comment_status":"open","ping_status":"closed","template":"","meta":[],"product_brand":[],"product_cat":[36],"product_tag":[],"class_list":{"0":"post-33169","1":"product","2":"type-product","3":"status-publish","4":"has-post-thumbnail","6":"product_cat-thuc-pham-tieu-dung","8":"first","9":"instock","10":"sale","11":"shipping-taxable","12":"purchasable","13":"product-type-simple"},"_links":{"self":[{"href":"https:\/\/havamall.vn\/en\/wp-json\/wp\/v2\/product\/33169"}],"collection":[{"href":"https:\/\/havamall.vn\/en\/wp-json\/wp\/v2\/product"}],"about":[{"href":"https:\/\/havamall.vn\/en\/wp-json\/wp\/v2\/types\/product"}],"replies":[{"embeddable":true,"href":"https:\/\/havamall.vn\/en\/wp-json\/wp\/v2\/comments?post=33169"}],"version-history":[{"count":0,"href":"https:\/\/havamall.vn\/en\/wp-json\/wp\/v2\/product\/33169\/revisions"}],"wp:featuredmedia":[{"embeddable":true,"href":"https:\/\/havamall.vn\/en\/wp-json\/wp\/v2\/media\/33178"}],"wp:attachment":[{"href":"https:\/\/havamall.vn\/en\/wp-json\/wp\/v2\/media?parent=33169"}],"wp:term":[{"taxonomy":"product_brand","embeddable":true,"href":"https:\/\/havamall.vn\/en\/wp-json\/wp\/v2\/product_brand?post=33169"},{"taxonomy":"product_cat","embeddable":true,"href":"https:\/\/havamall.vn\/en\/wp-json\/wp\/v2\/product_cat?post=33169"},{"taxonomy":"product_tag","embeddable":true,"href":"https:\/\/havamall.vn\/en\/wp-json\/wp\/v2\/product_tag?post=33169"}],"curies":[{"name":"wp","href":"https:\/\/api.w.org\/{rel}","templated":true}]}}