{"id":33151,"date":"2023-12-05T16:22:48","date_gmt":"2023-12-05T09:22:48","guid":{"rendered":"https:\/\/havamall.vn\/?post_type=product&#038;p=33151"},"modified":"2023-12-05T17:09:14","modified_gmt":"2023-12-05T10:09:14","slug":"set-bong-duong-trang-tri-banh-kem-giang-sinh-15-hinh-christmas-edible-icing-decorations-set","status":"publish","type":"product","link":"https:\/\/havamall.vn\/en\/shop\/set-bong-duong-trang-tri-banh-kem-giang-sinh-15-hinh-christmas-edible-icing-decorations-set\/","title":{"rendered":"Set B\u00f4ng \u0110\u01b0\u1eddng Trang Tr\u00ed B\u00e1nh Kem Gi\u00e1ng Sinh 15 H\u00ecnh &#8211; Christmas Edible Icing Decorations Set"},"content":{"rendered":"<p>Gi\u00e1ng sinh v\u1ed1n l\u00e0 l\u1ec5 h\u1ed9i l\u1edbn trong v\u0103n h\u00f3a c\u1ee7a ng\u01b0\u1eddi ph\u01b0\u01a1ng T\u00e2y nh\u01b0ng k\u1ec3 t\u1eeb khi du nh\u1eadp t\u1edbi Vi\u1ec7t Nam \u0111\u00e2y c\u0169ng l\u00e0 m\u1ed9t ng\u00e0y l\u1ec5 l\u1edbn \u0111\u01b0\u1ee3c c\u00e1c b\u1ea1n tr\u1ebb \u0111\u00f3n nh\u1eadn. \u0110\u00e2y kh\u00f4ng ch\u1ec9 l\u00e0 m\u1ed9t ng\u00e0y c\u00f3 \u00fd ngh\u0129a tr\u1ecdng \u0111\u1ea1i v\u1edbi nh\u1eefng ng\u01b0\u1eddi theo C\u00f4ng gi\u00e1o m\u00e0 c\u00f2n l\u00e0 d\u1ecbp \u0111\u1ec3 nhi\u1ec1u ng\u01b0\u1eddi c\u00f3 th\u1ec3 qu\u00e2y qu\u1ea7n b\u00ean nhau v\u00e0 trao t\u1eb7ng nhau nh\u1eefng m\u00f3n qu\u00e0 \u0111\u1ea7y th\u00e2n th\u01b0\u01a1ng. Nh\u1eefng chi\u1ebfc b\u00e1nh Gi\u00e1ng sinh lu\u00f4n l\u00e0 s\u1ef1 l\u1ef1a ch\u1ecdn ho\u00e0n h\u1ea3o cho m\u00f3n qu\u00e0 \u00fd ngh\u0129a l\u1ea1i mang \u0111\u1eadm v\u0103n h\u00f3a ph\u01b0\u01a1ng T\u00e2y. \u0110\u1ec3 c\u00f3 m\u1ed9t chi\u1ebfc b\u00e1nh mang \u0111i t\u1eb7ng th\u00ec kh\u00f4ng th\u1ec3 n\u00e0o thi\u1ebfu \u0111i nh\u1eefng que c\u1eafm trang tr\u00ed d\u1ec5 th\u01b0\u01a1ng \u0111\u1eadm ch\u1ea5t Noel.<\/p>\n<p><img fetchpriority=\"high\" decoding=\"async\" class=\"wp-image-33152 aligncenter\" src=\"https:\/\/havamall.vn\/wp-content\/uploads\/2023\/12\/81Ed57a-IfL._AC_UF8941000_QL80_-300x300.jpg\" alt=\"\" width=\"666\" height=\"666\" srcset=\"https:\/\/havamall.vn\/wp-content\/uploads\/2023\/12\/81Ed57a-IfL._AC_UF8941000_QL80_-300x300.jpg 300w, https:\/\/havamall.vn\/wp-content\/uploads\/2023\/12\/81Ed57a-IfL._AC_UF8941000_QL80_-600x600.jpg 600w, https:\/\/havamall.vn\/wp-content\/uploads\/2023\/12\/81Ed57a-IfL._AC_UF8941000_QL80_-150x150.jpg 150w, https:\/\/havamall.vn\/wp-content\/uploads\/2023\/12\/81Ed57a-IfL._AC_UF8941000_QL80_-768x768.jpg 768w, https:\/\/havamall.vn\/wp-content\/uploads\/2023\/12\/81Ed57a-IfL._AC_UF8941000_QL80_-100x100.jpg 100w, https:\/\/havamall.vn\/wp-content\/uploads\/2023\/12\/81Ed57a-IfL._AC_UF8941000_QL80_.jpg 894w\" sizes=\"(max-width: 666px) 100vw, 666px\" \/><\/p>\n<p class=\"pdp-mod-product-badge-title\">Set b\u00f4ng \u0111\u01b0\u1eddng trang tr\u00ed B\u00e1nh Kem g\u1ed3m 15 h\u00ecnh ng\u01b0\u1eddi tuy\u1ebft v\u00e0 t\u1ea5t b\u1eaft m\u1eaft ng\u1ed9 ngh\u0129nh. S\u1ea3n ph\u1ea9m th\u01b0\u1eddng \u0111\u01b0\u1ee3c d\u00f9ng \u0111\u1ec3 trang tr\u00ed cho c\u00e1c lo\u1ea1i b\u00e1nh Gi\u00e1ng sinh nh\u01b0 b\u00e1nh kem, b\u00e1nh kh\u00fac c\u00e2y, b\u00e1nh cupcake,&#8230;<\/p>\n<p>Ngo\u00e0i socola chips d\u00f9ng \u0111\u1ec3 trang tr\u00ed b\u00e1nh th\u00ec c\u00f2n c\u00f3 b\u00f4ng \u0111\u01b0\u1eddng c\u0169ng \u0111\u01b0\u1ee3c s\u1eed d\u1ee5ng \u0111\u1ec3 t\u1ea1o l\u1edbp trang tr\u00ed \u0111\u1ea7y s\u1eafc m\u00e0u, gi\u00fap chi\u1ebfc b\u00e1nh c\u1ee7a b\u1ea1n th\u00eam ph\u1ea7n r\u1ef1c r\u1ee1 v\u00e0 thu h\u00fat \u00e1nh nh\u00ecn.<\/p>\n<p><img decoding=\"async\" class=\"wp-image-33153 aligncenter\" src=\"https:\/\/havamall.vn\/wp-content\/uploads\/2023\/12\/81ilVbhdVML-300x300.jpeg\" alt=\"\" width=\"664\" height=\"664\" srcset=\"https:\/\/havamall.vn\/wp-content\/uploads\/2023\/12\/81ilVbhdVML-300x300.jpeg 300w, https:\/\/havamall.vn\/wp-content\/uploads\/2023\/12\/81ilVbhdVML-600x600.jpeg 600w, https:\/\/havamall.vn\/wp-content\/uploads\/2023\/12\/81ilVbhdVML-1200x1200.jpeg 1200w, https:\/\/havamall.vn\/wp-content\/uploads\/2023\/12\/81ilVbhdVML-150x150.jpeg 150w, https:\/\/havamall.vn\/wp-content\/uploads\/2023\/12\/81ilVbhdVML-768x768.jpeg 768w, https:\/\/havamall.vn\/wp-content\/uploads\/2023\/12\/81ilVbhdVML-1024x1024.jpeg 1024w, https:\/\/havamall.vn\/wp-content\/uploads\/2023\/12\/81ilVbhdVML-100x100.jpeg 100w, https:\/\/havamall.vn\/wp-content\/uploads\/2023\/12\/81ilVbhdVML.jpeg 1500w\" sizes=\"(max-width: 664px) 100vw, 664px\" \/><\/p>\n<p>S\u1ea3n ph\u1ea9m \u0111\u1ea3m b\u1ea3o v\u1ec7 sinh an to\u00e0n th\u1ef1c ph\u1ea9m, t\u1ed1t cho s\u1ee9c kh\u1ecfe con ng\u01b0\u1eddi.\u00a0C\u1ed1m v\u1edbi v\u1ecb ng\u1ecdt s\u1ea7n s\u1eadt, h\u01a1i de khi c\u1eafn v\u00e0o t\u1ea1o v\u1ecb ng\u1ecdt m\u00e1t s\u1ebd khi\u1ebfn b\u1ea1n v\u00f4 c\u00f9ng th\u00edch th\u00fa. S\u1ea3n ph\u1ea9m \u0111em \u0111\u1ebfn m\u1ed9t ch\u1ea5t l\u01b0\u1ee3ng t\u1ed1t v\u00e0 m\u1ed9t h\u01b0\u01a1ng v\u1ecb ho\u00e0n h\u1ea3o.<\/p>\n<p>B\u00f4ng \u0111\u01b0\u1eddng c\u00f3 h\u01b0\u01a1ng v\u1ecb ng\u1ecdt t\u1ef1 nhi\u00ean h\u00f2a v\u1edbi h\u01b0\u01a1ng v\u1ecb tr\u00e1i c\u00e2y th\u01a1m th\u01a1m, gi\u00f2n v\u00e0 th\u01a1m ngon. S\u1ea3n ph\u1ea9m c\u00f3 \u0111\u1ee7 h\u00ecnh d\u1ea1ng ph\u00f9 h\u1ee3p \u0111\u1ec3 trang tr\u00ed, xinh x\u1eafn, r\u1ef1c r\u1ee1 s\u1eafc m\u00e0u. L\u00e0 l\u1ef1a ch\u1ecdn l\u00fd t\u01b0\u1edfng \u0111\u1ec3 l\u00e0m nh\u00e2n ho\u1eb7c trang tr\u00ed, khi trang tr\u00ed t\u1ea1o n\u00ean m\u1ed9t t\u1ed5ng h\u00f2a c\u00e1c m\u00e0u s\u1eafc n\u1ed5i b\u1eadt v\u00e0 \u0111\u1eb9p m\u1eaft.<\/p>\n<p><img decoding=\"async\" class=\"wp-image-33154 aligncenter\" src=\"https:\/\/havamall.vn\/wp-content\/uploads\/2023\/12\/81oJaQ9xFlL._AC_UF8941000_QL80_-300x300.jpg\" alt=\"\" width=\"670\" height=\"670\" srcset=\"https:\/\/havamall.vn\/wp-content\/uploads\/2023\/12\/81oJaQ9xFlL._AC_UF8941000_QL80_-300x300.jpg 300w, https:\/\/havamall.vn\/wp-content\/uploads\/2023\/12\/81oJaQ9xFlL._AC_UF8941000_QL80_-600x600.jpg 600w, https:\/\/havamall.vn\/wp-content\/uploads\/2023\/12\/81oJaQ9xFlL._AC_UF8941000_QL80_-150x150.jpg 150w, https:\/\/havamall.vn\/wp-content\/uploads\/2023\/12\/81oJaQ9xFlL._AC_UF8941000_QL80_-768x768.jpg 768w, https:\/\/havamall.vn\/wp-content\/uploads\/2023\/12\/81oJaQ9xFlL._AC_UF8941000_QL80_-100x100.jpg 100w, https:\/\/havamall.vn\/wp-content\/uploads\/2023\/12\/81oJaQ9xFlL._AC_UF8941000_QL80_.jpg 894w\" sizes=\"(max-width: 670px) 100vw, 670px\" \/><\/p>\n<p>B\u00f4ng \u0111\u01b0\u1eddng l\u00e0 m\u1ed9t trong nh\u1eefng nguy\u00ean li\u1ec7u trang tr\u00ed ph\u1ed5 bi\u1ebfn trong l\u00e0m b\u00e1nh, d\u00f9ng \u0111\u1ec3 r\u1eafc l\u00ean kem, m\u1eb7t b\u00e1nh kem, k\u1eb9o m\u00fat, socola, cakepops r\u1ea5t \u0111\u1eb9p m\u1eaft. \u0110\u1ed1i v\u1edbi kem, b\u00e1nh kem, sau khi ho\u00e0n t\u1ea5t kh\u00e2u tr\u00e9t kem cho b\u00e1nh, b\u1ea1n ch\u1ec9 c\u1ea7n r\u1eafc nh\u1eb9 m\u1ed9t l\u1edbp c\u1ed1m l\u00ean m\u1eb7t b\u00e1nh l\u00e0 \u0111\u00e3 c\u00f3 \u0111\u01b0\u1ee3c m\u1ed9t l\u1edbp trang tr\u00ed ho\u00e0n h\u1ea3o. V\u1edbi c\u00e1c lo\u1ea1i b\u00e1nh kh\u00f4ng d\u00ednh m\u00e0 mu\u1ed1n t\u1ea1o l\u1edbp trang tr\u00ed, b\u1ea1n c\u00f3 th\u1ec3 nh\u00fang qua socola ch\u1ea3y ho\u1eb7c m\u1eadt ong \u0111\u1ec3 t\u1ea1o \u0111\u1ed9 d\u00ednh tr\u01b0\u1edbc r\u1ed3i m\u1edbi l\u0103n qua c\u1ed1m.<\/p>\n<p><img loading=\"lazy\" decoding=\"async\" class=\"wp-image-33155 aligncenter\" src=\"https:\/\/havamall.vn\/wp-content\/uploads\/2023\/12\/Screen-Shot-2023-12-05-at-3.56.15-PM-240x300.png\" alt=\"\" width=\"666\" height=\"832\" srcset=\"https:\/\/havamall.vn\/wp-content\/uploads\/2023\/12\/Screen-Shot-2023-12-05-at-3.56.15-PM-240x300.png 240w, https:\/\/havamall.vn\/wp-content\/uploads\/2023\/12\/Screen-Shot-2023-12-05-at-3.56.15-PM.png 536w\" sizes=\"(max-width: 666px) 100vw, 666px\" \/><\/p>\n<h2><strong>\u0110\u1eb7c \u0111i\u1ec3m n\u1ed5i b\u1eadt c\u1ee7a:<\/strong><\/h2>\n<p>\u2013 B\u00f4ng \u0111\u01b0\u1eddng nhi\u1ec1u m\u00e0u c\u00f3 h\u01b0\u01a1ng v\u1ecb ng\u1ecdt t\u1ef1 nhi\u00ean, kh\u00f4ng ch\u1ea5t ho\u00e1 h\u1ecdc, ph\u1ea9m m\u00e0u \u0111\u1ed9c h\u1ea1i.<\/p>\n<p>\u2013 M\u00e0u s\u1eafc c\u1ed1m t\u01b0\u01a1i s\u00e1ng, phong ph\u00fa.<\/p>\n<p>\u2013 S\u1ea3n ph\u1ea9m c\u00f3 h\u00ecnh d\u1ea1ng kh\u00e1c nhau v\u00e0 xinh x\u1eafn, r\u1ef1c r\u1ee1 s\u1eafc m\u00e0u.<\/p>\n<p>\u2013 L\u00e0 l\u1ef1a ch\u1ecdn l\u00fd t\u01b0\u1edfng \u0111\u1ec3 l\u00e0m nh\u00e2n ho\u1eb7c trang tr\u00ed, khi trang tr\u00ed t\u1ea1o n\u00ean m\u1ed9t t\u1ed5ng h\u00f2a c\u00e1c m\u00e0u s\u1eafc n\u1ed5i b\u1eadt v\u00e0 \u0111\u1eb9p m\u1eaft.<\/p>\n<h2><img loading=\"lazy\" decoding=\"async\" class=\"wp-image-33156 aligncenter\" src=\"https:\/\/havamall.vn\/wp-content\/uploads\/2023\/12\/71M0BtLzBdL._AC_UF8941000_QL80_-300x300.jpg\" alt=\"\" width=\"673\" height=\"673\" srcset=\"https:\/\/havamall.vn\/wp-content\/uploads\/2023\/12\/71M0BtLzBdL._AC_UF8941000_QL80_-300x300.jpg 300w, https:\/\/havamall.vn\/wp-content\/uploads\/2023\/12\/71M0BtLzBdL._AC_UF8941000_QL80_-600x600.jpg 600w, https:\/\/havamall.vn\/wp-content\/uploads\/2023\/12\/71M0BtLzBdL._AC_UF8941000_QL80_-150x150.jpg 150w, https:\/\/havamall.vn\/wp-content\/uploads\/2023\/12\/71M0BtLzBdL._AC_UF8941000_QL80_-768x768.jpg 768w, https:\/\/havamall.vn\/wp-content\/uploads\/2023\/12\/71M0BtLzBdL._AC_UF8941000_QL80_-100x100.jpg 100w, https:\/\/havamall.vn\/wp-content\/uploads\/2023\/12\/71M0BtLzBdL._AC_UF8941000_QL80_.jpg 894w\" sizes=\"(max-width: 673px) 100vw, 673px\" \/><\/h2>\n<h2><strong>H\u01b0\u1edbng d\u1eabn s\u1eed d\u1ee5ng:<\/strong><\/h2>\n<p>\u2013 B\u00f4ng \u0111\u01b0\u1eddng nhi\u1ec1u m\u00e0u d\u00f9ng \u0111\u1ec3 trang tr\u00ed b\u00e1nh kem, b\u00e1nh quy, donut, c\u00e1c lo\u1ea1i k\u1eb9o, \u0111\u1ed3 u\u1ed1ng ho\u1eb7c tr\u1ed9n tr\u1ef1c ti\u1ebfp v\u1edbi b\u1ed9t l\u00e0m b\u00e1nh \u0111\u1ec3 t\u1ea1o m\u00e0u.<\/p>\n<p>\u2013 R\u1eafc l\u00ean m\u1eb7t b\u00e1nh \u0111\u1ec3 trang tr\u00ed ho\u1eb7c x\u1ebfp th\u00e0nh c\u00e1c h\u00ecnh trang tr\u00ed. Ph\u01b0\u01a1ng \u00e1n nhanh ch\u00f3ng \u0111\u1ec3 t\u1ea1o n\u00ean m\u1ed9t l\u1edbp trang tr\u00ed b\u00e1nh \u0111\u1eb9p m\u1eaft, thu h\u00fat v\u00e0 h\u1ea5p d\u1eabn.<\/p>\n<p>H\u01b0\u1edbng d\u1eabn b\u1ea3o qu\u1ea3n: t\u1ee7 m\u00e1t, n\u01a1i kh\u00f4 r\u00e1o, tho\u00e1ng m\u00e1t.<\/p>","protected":false},"excerpt":{"rendered":"<p>Gi\u00e1ng sinh v\u1ed1n l\u00e0 l\u1ec5 h\u1ed9i l\u1edbn trong v\u0103n h\u00f3a c\u1ee7a ng\u01b0\u1eddi ph\u01b0\u01a1ng T\u00e2y nh\u01b0ng k\u1ec3 t\u1eeb khi du nh\u1eadp<\/p>","protected":false},"featured_media":33157,"comment_status":"open","ping_status":"closed","template":"","meta":[],"product_brand":[],"product_cat":[36,133],"product_tag":[],"class_list":{"0":"post-33151","1":"product","2":"type-product","3":"status-publish","4":"has-post-thumbnail","6":"product_cat-thuc-pham-tieu-dung","7":"product_cat-banh-keo-chocolate","9":"first","10":"instock","11":"sale","12":"shipping-taxable","13":"purchasable","14":"product-type-simple"},"_links":{"self":[{"href":"https:\/\/havamall.vn\/en\/wp-json\/wp\/v2\/product\/33151"}],"collection":[{"href":"https:\/\/havamall.vn\/en\/wp-json\/wp\/v2\/product"}],"about":[{"href":"https:\/\/havamall.vn\/en\/wp-json\/wp\/v2\/types\/product"}],"replies":[{"embeddable":true,"href":"https:\/\/havamall.vn\/en\/wp-json\/wp\/v2\/comments?post=33151"}],"version-history":[{"count":0,"href":"https:\/\/havamall.vn\/en\/wp-json\/wp\/v2\/product\/33151\/revisions"}],"wp:featuredmedia":[{"embeddable":true,"href":"https:\/\/havamall.vn\/en\/wp-json\/wp\/v2\/media\/33157"}],"wp:attachment":[{"href":"https:\/\/havamall.vn\/en\/wp-json\/wp\/v2\/media?parent=33151"}],"wp:term":[{"taxonomy":"product_brand","embeddable":true,"href":"https:\/\/havamall.vn\/en\/wp-json\/wp\/v2\/product_brand?post=33151"},{"taxonomy":"product_cat","embeddable":true,"href":"https:\/\/havamall.vn\/en\/wp-json\/wp\/v2\/product_cat?post=33151"},{"taxonomy":"product_tag","embeddable":true,"href":"https:\/\/havamall.vn\/en\/wp-json\/wp\/v2\/product_tag?post=33151"}],"curies":[{"name":"wp","href":"https:\/\/api.w.org\/{rel}","templated":true}]}}