{"id":33084,"date":"2023-11-29T16:22:04","date_gmt":"2023-11-29T09:22:04","guid":{"rendered":"https:\/\/havamall.vn\/?post_type=product&#038;p=33084"},"modified":"2026-01-16T08:51:23","modified_gmt":"2026-01-16T01:51:23","slug":"la-co-ca-ri-kho-mdh-hop-25g-peacock-kasoori-methi","status":"publish","type":"product","link":"https:\/\/havamall.vn\/en\/shop\/la-co-ca-ri-kho-mdh-hop-25g-peacock-kasoori-methi\/","title":{"rendered":"L\u00e1 C\u1ecf C\u00e0 Ri Kh\u00f4 MDH H\u1ed9p 25g &#8211; Peacock Kasoori Methi"},"content":{"rendered":"<h2><strong>TH\u00d4NG TIN CHUNG<\/strong><\/h2>\n<table>\n<tbody>\n<tr>\n<td>Th\u01b0\u01a1ng hi\u1ec7u<\/td>\n<td>MDH<\/td>\n<\/tr>\n<tr>\n<td>Xu\u1ea5t x\u1ee9<\/td>\n<td>\u1ea2 R\u1eadp Th\u1ed1ng Nh\u1ea5t<\/td>\n<\/tr>\n<tr>\n<td>Th\u00e0nh ph\u1ea7n<\/td>\n<td>100% l\u00e1 c\u1ecf c\u00e0 ri kh\u00f4<\/td>\n<\/tr>\n<tr>\n<td>H\u1ea1n s\u1eed d\u1ee5ng<\/td>\n<td>15 th\u00e1ng k\u1ec3 t\u1eeb ng\u00e0y s\u1ea3n xu\u1ea5t.<\/td>\n<\/tr>\n<tr>\n<td>B\u1ea3o qu\u1ea3n<\/td>\n<td>B\u1ea3o qu\u1ea3n n\u01a1i kh\u00f4 r\u00e1o tho\u00e1ng m\u00e1t, tr\u00e1nh \u00e1nh n\u1eafng tr\u1ef1c ti\u1ebfp<\/td>\n<\/tr>\n<tr>\n<td>\u00a0Kh\u1ed1i l\u01b0\u1ee3ng<\/td>\n<td>25g<\/td>\n<\/tr>\n<\/tbody>\n<\/table>\n<p>Kasuri methi, l\u00e1 c\u1ecf ca ri c\u00f3 th\u1ec3 \u0111\u01b0\u1ee3c ph\u00e2n lo\u1ea1i l\u00e0 m\u1ed9t lo\u1ea1i th\u1ea3o m\u1ed9c kh\u00f4.V\u00ec v\u1eady, vi\u1ec7c s\u1eed d\u1ee5ng l\u00e1 c\u1ecf ca ri kh\u00f4 trong n\u1ea5u \u0103n t\u01b0\u01a1ng t\u1ef1 nh\u01b0 s\u1eed d\u1ee5ng h\u00fang qu\u1ebf, c\u1ecf x\u1ea1 h\u01b0\u01a1ng, h\u01b0\u01a1ng th\u1ea3o nh\u01b0 m\u1ed9t ch\u1ea5t t\u0103ng h\u01b0\u01a1ng v\u1ecb v\u00e0 m\u00f9i th\u01a1m. L\u00e1 c\u1ecf ca ri kh\u00f4 s\u1ebd l\u00e0m t\u0103ng h\u01b0\u01a1ng v\u1ecb khi \u0111\u01b0\u1ee3c th\u00eam v\u00e0o b\u1ea5t k\u1ef3 m\u00f3n \u0103n n\u00e0o.<\/p>\n<p><img fetchpriority=\"high\" decoding=\"async\" class=\"wp-image-33088 aligncenter\" src=\"https:\/\/havamall.com\/wp-content\/uploads\/2026\/01\/Screen-Shot-2023-11-29-at-4.14.00-PM-300x300.png\" alt=\"\" width=\"745\" height=\"745\" \/><\/p>\n<h2><strong>H\u01af\u1edaNG D\u1eaaN S\u1eec D\u1ee4NG<\/strong><\/h2>\n<p>&#8211; N\u00f3 \u0111\u01b0\u1ee3c th\u00eam v\u00e0o nh\u01b0 m\u1ed9t gia v\u1ecb v\u00e0o cu\u1ed1i qu\u00e1 tr\u00ecnh n\u1ea5u \u0103n.<\/p>\n<p>&#8211; B\u1ea1n c\u00f3 th\u1ec3 ch\u1ecdn n\u01b0\u1edbng l\u00e1 c\u1ecf ca ri kh\u00f4, v\u00e0 nghi\u1ec1n n\u00e1t m\u1ed9t ch\u00fat tr\u01b0\u1edbc khi th\u00eam v\u00e0o c\u00e1c m\u00f3n \u0103n ho\u1eb7c th\u00eam l\u00e1 kh\u00f4 tr\u1ef1c ti\u1ebfp.<\/p>\n<p>&#8211; Rang kh\u00f4 trong m\u1ed9t ph\u00fat ho\u1eb7c l\u00e2u h\u01a1n \u0111\u1ec3 t\u0103ng h\u01b0\u01a1ng v\u1ecb h\u01a1n n\u1eefa.<\/p>\n<p>&#8211; Kasuri Methi c\u00f3 th\u1ec3 d\u00f9ng \u0111\u1ec3 ch\u1ebf bi\u1ebfn m\u00f3n c\u00e0 ri ho\u1eb7c c\u00e1c m\u00f3n kh\u00f4.<\/p>\n<p>&#8211; N\u00f3 c\u0169ng c\u00f3 th\u1ec3 \u0111\u01b0\u1ee3c th\u00eam v\u00e0o n\u01b0\u1edbc ch\u1ea5m v\u00e0 \u0111\u1eb7c bi\u1ec7t t\u1ed1t v\u1edbi s\u1eefa chua v\u00e0 humous.<\/p>\n<p>&#8211; C\u1ecf ca ri kh\u00f4 c\u0169ng \u0111\u01b0\u1ee3c s\u1eed d\u1ee5ng \u0111\u1ec3 l\u00e0m b\u00e1nh m\u00ec\u00a0\u1ea4n \u0110\u1ed9.<\/p>\n<p><img decoding=\"async\" class=\"wp-image-33086 aligncenter\" src=\"https:\/\/havamall.com\/wp-content\/uploads\/2026\/01\/Screen-Shot-2023-11-29-at-3.42.50-PM-300x300.png\" alt=\"\" width=\"744\" height=\"744\" \/><\/p>\n<h2 id=\"mon_an_nao_hop_nhat_voi_kasuri_methi\"><strong>M\u00f3n \u0103n n\u00e0o h\u1ee3p nh\u1ea5t v\u1edbi Kasuri Methi<\/strong><\/h2>\n<ul>\n<li>L\u00e1 c\u1ecf ca ri kh\u00f4 r\u1ea5t d\u1ec5 d\u00f9ng v\u00e0 h\u1ee3p v\u1edbi h\u1ea7u h\u1ebft c\u00e1c lo\u1ea1i th\u1ef1c ph\u1ea9m. M\u1ed9t s\u1ed1 c\u00e1ch k\u1ebft h\u1ee3p t\u1ed1t nh\u1ea5t v\u1edbi l\u00e1 c\u1ecf ca ri kh\u00f4 l\u00e0:<\/li>\n<li>K\u1ebft h\u1ee3p t\u1ed1t nh\u1ea5t: &#8211; c\u00e1c lo\u1ea1i \u0111\u1eadu nh\u01b0 \u0111\u1eadu xanh, \u0111\u1eadu \u0111\u1ecf, \u0111\u1eadu l\u0103ng v\u00e0ng; C\u00e1c lo\u1ea1i rau gi\u00e0u tinh b\u1ed9t nh\u01b0 b\u00ed \u0111\u1ecf, khoai t\u00e2y, khoai lang, c\u00e0 r\u1ed1t, khoai m\u1ee1; Th\u1ecbt nh\u01b0 th\u1ecbt g\u00e0, th\u1ecbt c\u1eebu, th\u1ecbt b\u00f2; C\u00e1 v\u00e0 h\u1ea3i s\u1ea3n \u0111\u1eb7c bi\u1ec7t l\u00e0 t\u00f4m, c\u00e1 ch\u00e9p v\u00e0 cua.<\/li>\n<li>C\u00e1c c\u1eb7p gia v\u1ecb t\u1ed1t nh\u1ea5t &#8211; h\u1ea1t th\u00ec l\u00e0, b\u1ed9t th\u00ec l\u00e0, b\u1ed9t rau m\u00f9i, h\u1ea1t m\u00f9 t\u1ea1t,\u00a0b\u1ed9t garam masala.<\/li>\n<\/ul>\n<h2><img decoding=\"async\" class=\"wp-image-33087 aligncenter\" src=\"https:\/\/havamall.com\/wp-content\/uploads\/2026\/01\/118402767_185816712953327_3079204632821160221_n-300x300.jpg\" alt=\"\" width=\"746\" height=\"746\" \/><\/h2>\n<h2><strong>L\u1ee3i \u00edch c\u1ee7a l\u00e1 c\u1ecf c\u00e0 ri kh\u00f4 v\u1edbi s\u1ee9c kh\u1ecfe<\/strong><\/h2>\n<p>&gt; Gi\u00fap ti\u00eau h\u00f3a &#8211; Kasuri methi c\u00f3 nhi\u1ec1u ch\u1ea5t x\u01a1 h\u00f2a tan trong n\u01b0\u1edbc gi\u00fap gi\u1ea3m t\u00e1o b\u00f3n. \u0110\u00e2y l\u00e0 l\u00fd do t\u1ea1i sao nhi\u1ec1u lo\u1ea1i thu\u1ed1c Ayurvedic ti\u00eau h\u00f3a t\u1ef1 nhi\u00ean \u0111\u00e3 s\u1eed d\u1ee5ng c\u1ecf ca ri kh\u00f4 l\u00e0m m\u1ed9t trong nh\u1eefng th\u00e0nh ph\u1ea7n quan tr\u1ecdng.<\/p>\n<p>&gt; Duy tr\u00ec m\u1ee9c cholesterol l\u00e0nh m\u1ea1nh &#8211; Do h\u00e0m l\u01b0\u1ee3ng ch\u1ea5t x\u01a1 cao, n\u00f3 gi\u00fap c\u01a1 th\u1ec3 ng\u0103n ch\u1eb7n s\u1ef1 h\u1ea5p th\u1ee5 ti\u1ebfp c\u1eadn c\u1ee7a cholesterol b\u1eb1ng c\u00e1ch lo\u1ea1i b\u1ecf c\u00e1c axit b\u00e9o kh\u1ecfi c\u01a1 th\u1ec3.<\/p>\n<p>&gt; Ki\u1ec3m so\u00e1t b\u1ec7nh ti\u1ec3u \u0111\u01b0\u1eddng &#8211; H\u1ea1t methi Kasuri ng\u0103n ch\u1eb7n s\u1ef1 gia t\u0103ng m\u1ee9c \u0111\u1ed9 glucose b\u1eb1ng c\u00e1ch \u0111i\u1ec1u ch\u1ec9nh vi\u1ec7c s\u1ea3n xu\u1ea5t insulin trong c\u01a1 th\u1ec3, do \u0111\u00f3 ng\u0103n ng\u1eeba b\u1ec7nh ti\u1ec3u \u0111\u01b0\u1eddng lo\u1ea1i 2.<\/p>\n<p>&gt; H\u1ed7 tr\u1ee3 gi\u1ea3m c\u00e2n &#8211; H\u00e0m l\u01b0\u1ee3ng ch\u1ea5t x\u01a1 cao c\u0169ng gi\u00fap gi\u1ea3m nh\u1eefng kg th\u1eeba b\u1eb1ng c\u00e1ch h\u1ed7 tr\u1ee3 ti\u00eau h\u00f3a v\u00e0 duy tr\u00ec s\u1ef1 trao \u0111\u1ed5i ch\u1ea5t t\u1ed1t.<\/p>\n<p>&gt; Da v\u00e0 t\u00f3c kh\u1ecfe m\u1ea1nh &#8211; C\u00e1c \u0111\u1eb7c t\u00ednh kh\u00e1ng n\u1ea5m v\u00e0 kh\u00e1ng khu\u1ea9n c\u1ee7a c\u1ecf ca ri, gi\u00fap gi\u1eef cho l\u1ed7 ch\u00e2n l\u00f4ng tr\u00ean da m\u1eb7t kh\u00f4ng c\u00f3 m\u1ea7m b\u1ec7nh v\u00e0 kh\u1ecfe m\u1ea1nh. Thoa h\u1ed7n h\u1ee3p Kasuri methi xay th\u00e0nh b\u1ed9t gi\u00fap lo\u1ea1i b\u1ecf c\u00e1c nh\u01b0\u1ee3c \u0111i\u1ec3m tr\u00ean da. Trong khi h\u1ed7n h\u1ee3p n\u00e0y c\u0169ng gi\u00fap t\u0103ng c\u01b0\u1eddng s\u1ee9c kh\u1ecfe cho t\u00f3c v\u00e0 gi\u00fap t\u00f3c kh\u00f4ng b\u1ecb g\u00e0u!<\/p>","protected":false},"excerpt":{"rendered":"<p>TH\u00d4NG TIN CHUNG Th\u01b0\u01a1ng hi\u1ec7u MDH Xu\u1ea5t x\u1ee9 \u1ea2 R\u1eadp Th\u1ed1ng Nh\u1ea5t Th\u00e0nh ph\u1ea7n 100% l\u00e1 c\u1ecf c\u00e0 ri kh\u00f4<\/p>","protected":false},"featured_media":33089,"comment_status":"open","ping_status":"closed","template":"","meta":[],"product_brand":[],"product_cat":[595,36,134],"product_tag":[],"class_list":{"0":"post-33084","1":"product","2":"type-product","3":"status-publish","4":"has-post-thumbnail","6":"product_cat-gia-vi-va-che-bien","7":"product_cat-thuc-pham-tieu-dung","8":"product_cat-thucpham-saykho","10":"first","11":"instock","12":"sale","13":"shipping-taxable","14":"purchasable","15":"product-type-variable"},"_links":{"self":[{"href":"https:\/\/havamall.vn\/en\/wp-json\/wp\/v2\/product\/33084"}],"collection":[{"href":"https:\/\/havamall.vn\/en\/wp-json\/wp\/v2\/product"}],"about":[{"href":"https:\/\/havamall.vn\/en\/wp-json\/wp\/v2\/types\/product"}],"replies":[{"embeddable":true,"href":"https:\/\/havamall.vn\/en\/wp-json\/wp\/v2\/comments?post=33084"}],"version-history":[{"count":0,"href":"https:\/\/havamall.vn\/en\/wp-json\/wp\/v2\/product\/33084\/revisions"}],"wp:featuredmedia":[{"embeddable":true,"href":"https:\/\/havamall.vn\/en\/wp-json\/wp\/v2\/media\/33089"}],"wp:attachment":[{"href":"https:\/\/havamall.vn\/en\/wp-json\/wp\/v2\/media?parent=33084"}],"wp:term":[{"taxonomy":"product_brand","embeddable":true,"href":"https:\/\/havamall.vn\/en\/wp-json\/wp\/v2\/product_brand?post=33084"},{"taxonomy":"product_cat","embeddable":true,"href":"https:\/\/havamall.vn\/en\/wp-json\/wp\/v2\/product_cat?post=33084"},{"taxonomy":"product_tag","embeddable":true,"href":"https:\/\/havamall.vn\/en\/wp-json\/wp\/v2\/product_tag?post=33084"}],"curies":[{"name":"wp","href":"https:\/\/api.w.org\/{rel}","templated":true}]}}