{"id":33077,"date":"2023-11-29T15:32:40","date_gmt":"2023-11-29T08:32:40","guid":{"rendered":"https:\/\/havamall.vn\/?post_type=product&#038;p=33077"},"modified":"2026-01-16T08:52:00","modified_gmt":"2026-01-16T01:52:00","slug":"bot-gia-vi-mdh-chunky-chat-for-salads-savouries-100gr","status":"publish","type":"product","link":"https:\/\/havamall.vn\/en\/shop\/bot-gia-vi-mdh-chunky-chat-for-salads-savouries-100gr\/","title":{"rendered":"B\u1ed9t Gia V\u1ecb MDH Chunky Chat (for Salads &amp; Savouries) 100gr"},"content":{"rendered":"<h2><\/h2>\n<h2><strong>TH\u00d4NG TIN CHUNG<\/strong><\/h2>\n<table>\n<tbody>\n<tr>\n<td>Th\u01b0\u01a1ng hi\u1ec7u<\/td>\n<td>MDH<\/td>\n<\/tr>\n<tr>\n<td>Xu\u1ea5t x\u1ee9<\/td>\n<td>\u1ea2 R\u1eadp Th\u1ed1ng Nh\u1ea5t<\/td>\n<\/tr>\n<tr>\n<td>Th\u00e0nh ph\u1ea7n<\/td>\n<td>Xo\u00e0i kh\u00f4, mu\u1ed1i tr\u1eafng, mu\u1ed1i \u0111en, c\u00e2y th\u00ec l\u00e0, ti\u00eau \u0111en, x\u1ea1 h\u01b0\u01a1ng, h\u1ea1t l\u1ef1u, l\u00e1 b\u1ea1c h\u00e0, h\u1ea1t rau m\u00f9i, g\u1eebng kh\u00f4, nh\u1ee5c \u0111\u1eadu kh\u1ea5u, \u1edbt kh\u00f4, \u0111inh h\u01b0\u01a1ng, asafoetida, caraway\u2026<\/td>\n<\/tr>\n<tr>\n<td>H\u1ea1n s\u1eed d\u1ee5ng<\/td>\n<td>15 th\u00e1ng k\u1ec3 t\u1eeb ng\u00e0y s\u1ea3n xu\u1ea5t.<\/td>\n<\/tr>\n<tr>\n<td>B\u1ea3o qu\u1ea3n<\/td>\n<td>B\u1ea3o qu\u1ea3n n\u01a1i kh\u00f4 r\u00e1o tho\u00e1ng m\u00e1t, tr\u00e1nh \u00e1nh n\u1eafng tr\u1ef1c ti\u1ebfp<\/td>\n<\/tr>\n<tr>\n<td>\u00a0Kh\u1ed1i l\u01b0\u1ee3ng<\/td>\n<td>100g<\/td>\n<\/tr>\n<\/tbody>\n<\/table>\n<p>B\u1ed9t gia v\u1ecb Chunky Chat Masala\u00a0l\u00e0 lo\u1ea1i b\u1ed9t gia v\u1ecb d\u00e0nh ri\u00eang cho c\u00e1c m\u00f3n salad, rau c\u1ee7 qu\u1ea3 tr\u1ed9n ho\u1eb7c tr\u1ed9n k\u1ebft h\u1ee3p v\u1edbi th\u1ecbt, c\u00e1, t\u00f4m\u2026 Lo\u1ea1i\u00a0b\u1ed9t gia v\u1ecb \u1ea4n \u0110\u1ed9 n\u00e0y \u0111\u01b0\u1ee3c ch\u1ebf bi\u1ebfn t\u1eeb c\u00e1c lo\u1ea1i c\u00e2y, h\u1ea1t, l\u00e1 gia v\u1ecb t\u1ef1 nhi\u00ean n\u00ean r\u1ea5t t\u1ed1t cho s\u1ee9c kh\u1ecfe, \u0111\u1eb7c bi\u1ec7t n\u00f3 gi\u00fap m\u00f3n \u0103n ngon, \u0111\u1eadm v\u1ecb v\u00e0 h\u01b0\u01a1ng v\u1ecb \u0111\u1eadm \u0111\u00e0, th\u01a1m m\u00e0 c\u00e1c lo\u1ea1i gia v\u1ecb kh\u00e1c kh\u00f4ng c\u00f3 \u0111\u01b0\u1ee3c.<\/p>\n<p><img fetchpriority=\"high\" decoding=\"async\" class=\"wp-image-33079 aligncenter\" src=\"https:\/\/havamall.com\/wp-content\/uploads\/2026\/01\/235028064_367126638155666_7146192523231780179_n-300x300.jpg\" alt=\"\" width=\"786\" height=\"786\" \/><\/p>\n<p>\u0110\u00e2y l\u00e0 lo\u1ea1i b\u1ed9t gia v\u1ecb \u0111\u01b0\u1ee3c ch\u1ebf bi\u1ebfn, s\u1ea3n xu\u1ea5t t\u1eeb c\u00e1c th\u00e0nh ph\u1ea7n t\u1ef1 nhi\u00ean nh\u01b0: Xo\u00e0i kh\u00f4, mu\u1ed1i tr\u1eafng, mu\u1ed1i \u0111en, c\u00e2y th\u00ec l\u00e0, ti\u00eau \u0111en, x\u1ea1 h\u01b0\u01a1ng, h\u1ea1t l\u1ef1u, l\u00e1 b\u1ea1c h\u00e0, h\u1ea1t rau m\u00f9i, g\u1eebng kh\u00f4, nh\u1ee5c \u0111\u1eadu kh\u1ea5u, \u1edbt kh\u00f4, \u0111inh h\u01b0\u01a1ng, asafoetida, caraway\u2026<\/p>\n<p>Lo\u1ea1i b\u1ed9t n\u00e0y d\u00f9ng cho c\u00e1c m\u00f3n salad, gi\u00fap rau c\u1ee7 qu\u1ea3, th\u1ecbt c\u00e1 ngon, thanh m\u00e1t, \u0111\u1eadm \u0111\u00e0 h\u01a1n.<\/p>\n<p>\u0110\u00e2y l\u00e0 m\u1ed9t trong nh\u1eefng lo\u1ea1i b\u1ed9t gia v\u1ecb c\u1ee7a \u1ea4n \u0110\u1ed9, \u0111\u01b0\u1ee3c s\u1ea3n xu\u1ea5t b\u1edfi th\u01b0\u01a1ng hi\u1ec7u MDH. MDH l\u00e0 th\u01b0\u01a1ng hi\u1ec7u chuy\u00ean s\u1ea3n xu\u1ea5t c\u00e1c lo\u1ea1i b\u1ed9t gia v\u1ecb v\u00e0 c\u00f3 tr\u1ee5 s\u1edf \u1edf New Delhi &#8211; \u1ea4n \u0110\u1ed9. V\u00e0 MDH l\u00e0 th\u01b0\u01a1ng hi\u1ec7u s\u1ea3n xu\u1ea5t c\u00e1c lo\u1ea1i b\u1ed9t gia v\u1ecb l\u1edbn, l\u00e2u \u0111\u1eddi nh\u1ea5t \u1edf \u1ea4n \u0110\u1ed9 v\u1edbi ch\u1ea5t l\u01b0\u1ee3ng s\u1ea3n ph\u1ea9m \u0111\u01b0\u1ee3c ng\u01b0\u1eddi ti\u00eau d\u00f9ng \u0111\u00e1nh gi\u00e1 cao.<\/p>\n<p><img decoding=\"async\" class=\"wp-image-33080 aligncenter\" src=\"https:\/\/havamall.com\/wp-content\/uploads\/2026\/01\/313409745_654682366066757_7841079844249984366_n-300x300.jpg\" alt=\"\" width=\"796\" height=\"796\" \/><\/p>\n<h2><strong>Th\u00e0nh ph\u1ea7n dinh d\u01b0\u1ee1ng trong 100g\u00a0<\/strong><strong>b\u1ed9t gia v\u1ecb Chunky Chat Masala\u00a0<\/strong><\/h2>\n<table border=\"1\">\n<tbody>\n<tr>\n<td><strong>Ch\u1ea5t<\/strong><\/td>\n<td><strong>H\u00e0m l\u01b0\u1ee3ng dinh d\u01b0\u1ee1ng<\/strong><\/td>\n<td><strong>Ch\u1ea5t\u00a0<\/strong><\/td>\n<td><strong>H\u00e0m l\u01b0\u1ee3ng dinh d\u01b0\u1ee1ng<\/strong><\/td>\n<\/tr>\n<tr>\n<td>N\u0103ng l\u01b0\u1ee3ng<\/td>\n<td>165 kcal<\/td>\n<td>Ch\u1ea5t b\u00e9o b\u00e3o h\u00f2a<\/td>\n<td>1g<\/td>\n<\/tr>\n<tr>\n<td>Carbohydrate<\/td>\n<td>25g<\/td>\n<td>Protein<\/td>\n<td>5g<\/td>\n<\/tr>\n<tr>\n<td>\u0110\u01b0\u1eddng<\/td>\n<td>1g<\/td>\n<td>Natri<\/td>\n<td>18.4g<\/td>\n<\/tr>\n<tr>\n<td>Ch\u1ea5t x\u01a1<\/td>\n<td>1,5g<\/td>\n<td>Mu\u1ed1i<\/td>\n<td>46g<\/td>\n<\/tr>\n<tr>\n<td>Ch\u1ea5t b\u00e9o<\/td>\n<td>5g<\/td>\n<td><\/td>\n<td><\/td>\n<\/tr>\n<\/tbody>\n<\/table>\n<h2><strong><img decoding=\"async\" class=\"wp-image-33081 aligncenter\" src=\"https:\/\/havamall.com\/wp-content\/uploads\/2026\/01\/341044571_1907130552980628_6768153898814775410_n-240x300.jpg\" alt=\"\" width=\"815\" height=\"1019\" \/><\/strong><\/h2>\n<h2><strong>C\u00e1ch s\u1eed d\u1ee5ng b\u1ed9t gia v\u1ecb Chunky Chat Masala\u00a0<\/strong><\/h2>\n<p>S\u1eed d\u1ee5ng b\u1ed9t gia v\u1ecb n\u00e0y r\u1ea5t \u0111\u01a1n gi\u1ea3n, b\u1ea1n ch\u1ec9 c\u1ea7n l\u00e0m theo h\u01b0\u1edbng d\u1eabn sau:<\/p>\n<p><strong>B\u01b0\u1edbc 1:<\/strong>\u00a0Chu\u1ea9n b\u1ecb nguy\u00ean li\u1ec7u<\/p>\n<p>M\u00f3n l\u00e0m m\u00f3n salad rau, salad hoa qu\u1ea3, salad rau c\u1ee7 qu\u1ea3 hay k\u1ebft h\u1ee3p v\u1edbi th\u1ecbt b\u00f2 kh\u00f4, c\u00e1\u2026 th\u00ec n\u00ean chu\u1ea9n b\u1ecb \u0111\u1ea7y \u0111\u1ee7 c\u00e1c nguy\u00ean li\u1ec7u c\u1ea7n c\u00f3.<\/p>\n<p><strong>B\u01b0\u1edbc 2:<\/strong>\u00a0R\u1eeda s\u1ea1ch nguy\u00ean li\u1ec7u ch\u00ednh<\/p>\n<p><strong>B\u01b0\u1edbc 3:<\/strong>\u00a0C\u1eaft nh\u1ecf, v\u1eeba \u0103n c\u00e1c nguy\u00ean li\u1ec7u.<\/p>\n<p><strong>B\u01b0\u1edbc 4:<\/strong>\u00a0Tr\u1ed9n c\u00e1c nguy\u00ean li\u1ec7u v\u1edbi b\u1ed9t gia v\u1ecb<\/p>\n<p>\u1ede b\u01b0\u1edbc n\u00e0y, b\u1ea1n d\u00f9ng c\u00e1c lo\u1ea1i s\u1ed1t chuy\u00ean d\u1ee5ng v\u00e0 cho th\u00eam kho\u1ea3ng 1, 5 th\u00eca\u00a0<strong>b\u1ed9t gia v\u1ecb Chunky Chat Masala<\/strong>\u00a0v\u00e0o. Sau \u0111\u00f3 d\u00f9ng \u0111\u0169a, th\u00eca tr\u1ed9n \u0111\u1ec1u t\u1ea5t c\u1ea3 c\u00e1c h\u1ed7n h\u1ee3p l\u00ean v\u00e0 \u0111\u1ec3 kho\u1ea3ng 15 ph\u00fat \u0111\u1ec3 b\u1ed9t gia v\u1ecb ng\u1ea5m v\u00e0o c\u00e1c lo\u1ea1i rau c\u1ee7 qu\u1ea3.<\/p>\n<p><strong>B\u01b0\u1edbc 5:<\/strong>\u00a0Khi \u01b0\u1edbp \u0111\u1ee7 th\u1eddi gian, b\u1ea1n ki\u1ec3m tra m\u00f3n salad \u0111\u00e3 v\u1eeba \u0103n ch\u01b0a, n\u1ebfu v\u1eabn ch\u01b0a \u0111\u1eadm \u0111\u00e0 b\u1ea1n c\u00f3 th\u1ec3 cho th\u00eam \u00bd th\u00eca\u00a0b\u1ed9t gia v\u1ecb \u1ea4n \u0110\u1ed9 v\u00e0o v\u00e0 ti\u1ebfp t\u1ee5c tr\u1ed9n, \u0111\u1ec3 c\u00e1c nguy\u00ean li\u1ec7u trong kho\u1ea3ng 10 ph\u00fat n\u1eefa.<\/p>\n<p><strong>B\u01b0\u1edbc 6:<\/strong>\u00a0C\u00e1ch s\u1eed d\u1ee5ng b\u1ed9t gia v\u1ecb Chunky Chat Masala\u00a0r\u1ea5t \u0111\u01a1n gi\u1ea3n, d\u1ec5 l\u00e0m v\u00e0 b\u1ea1n c\u00f3 th\u1ec3 c\u1eaft b\u1edbt m\u1ed9t s\u1ed1 nguy\u00ean li\u1ec7u nh\u01b0 ti\u00eau, rau th\u00ec l\u00e0, \u1edbt kh\u00f4, \u0111\u01b0\u1eddng, mu\u1ed1i\u2026 v\u00ec trong b\u1ed9t gia v\u1ecb \u0111\u00e3 c\u00f3 \u0111\u1ea7y \u0111\u1ee7 c\u00e1c lo\u1ea1i gia v\u1ecb c\u1ea7n thi\u1ebft cho m\u00f3n salad r\u1ed3i.<\/p>\n<p><img loading=\"lazy\" decoding=\"async\" class=\"wp-image-33082 aligncenter\" src=\"https:\/\/havamall.com\/wp-content\/uploads\/2026\/01\/110312298_175022680699397_6949304075604496570_n-300x300.jpg\" alt=\"\" width=\"825\" height=\"825\" \/><\/p>\n<h2><strong>C\u00e1ch b\u1ea3o qu\u1ea3n b\u1ed9t gia v\u1ecb Chunky Chat Masala<\/strong><\/h2>\n<p>N\u1ebfu b\u1ea1n \u0111\u00e3 b\u00f3c t\u00e1ch b\u1ed9t ra kh\u1ecfi t\u00fai, b\u1ea1n c\u1ea7n chuy\u1ec3n s\u1ed1 b\u1ed9t c\u00f2n l\u1ea1i v\u00e0o l\u1ecd th\u1ee7y tinh \u0111\u1ec3 b\u1ea3o qu\u1ea3n v\u00e0 l\u01b0u \u00fd v\u1ec1 c\u00e1ch b\u1ea3o qu\u1ea3n nh\u01b0 sau:<\/p>\n<p>&#8211; Kh\u00f4ng d\u00f9ng th\u00eca \u01b0\u1edbt, \u0111ang s\u01a1 ch\u1ebf th\u1ee9c \u0103n \u0111\u1ec3 l\u1ea5y b\u1ed9t ra ngo\u00e0i.<\/p>\n<p>&#8211; \u0110\u1ec3 b\u1ed9t \u1edf n\u01a1i tho\u00e1ng m\u00e1t, kho\u1ea3ng 20- 25 \u0111\u1ed9.<\/p>\n<p>&#8211; Kh\u00f4ng \u0111\u1ec3 b\u1ed9t trong t\u1ee7 l\u1ea1nh v\u00e0 \u0111\u1ec3 \u1edf g\u1ea7n l\u00f2 n\u01b0\u1edbng, l\u00f2 vi s\u00f3ng, b\u1ebfp ga.<\/p>\n<p>&#8211; Kh\u00f4ng \u0111\u1ec3 b\u1ed9t \u1edf n\u01a1i \u1ea9m th\u1ea5p, chu\u1ed9t, b\u1ecd, gi\u00e1n c\u00f3 th\u1ec3 x\u00e2m nh\u1eadp.<\/p>\n<h2><strong><img loading=\"lazy\" decoding=\"async\" class=\"wp-image-33083 aligncenter\" src=\"https:\/\/havamall.com\/wp-content\/uploads\/2026\/01\/278391946_522122829322712_138859470263134156_n-300x300.jpg\" alt=\"\" width=\"818\" height=\"818\" \/><\/strong><\/h2>\n<h2><strong>C\u00e1ch l\u00e0m salad<\/strong><strong>\u00a0c\u1ee7 c\u1ea3i th\u01a1m ngon, chu\u1ea9n v\u1ecb<\/strong><\/h2>\n<h5><em><strong>Nguy\u00ean li\u1ec7u<\/strong><\/em><\/h5>\n<p>&#8211; 500g c\u1ee7 c\u1ea3i tr\u1eafng,\u00a0100g c\u1ee7 c\u1ea3i \u0111\u01b0\u1eddng<\/p>\n<p>&#8211; \u00bd qu\u1ea3 chanh,\u00a010g g\u1eebng t\u01b0\u01a1i th\u00e1i nh\u1ecf<\/p>\n<p>&#8211; 5 c\u00e2y rau m\u00f9i<\/p>\n<p>&#8211; B\u1ed9t gia v\u1ecb Chunky Chat Masala<\/p>\n<p>&#8211; 1 th\u00eca \u0111\u01b0\u1eddng tr\u1eafng<\/p>\n<p>&#8211; 50 c\u1ee7a d\u1ec1n<\/p>\n<h5><em><strong>C\u00e1ch l\u00e0m salad c\u1ee7 c\u1ea3i<\/strong><\/em><\/h5>\n<p><strong>B\u01b0\u1edbc 1:<\/strong>\u00a0R\u1eeda s\u1ea1ch c\u1ee7 c\u1ea3i \u0111\u01b0\u1eddng, g\u1eebng, c\u1ee7 c\u1ea3i tr\u1eafng, rau m\u00f9i sau \u0111\u00f3 \u0111\u1ec3 r\u00e1o n\u01b0\u1edbc.<\/p>\n<p><strong>B\u01b0\u1edbc 2:<\/strong>\u00a0Th\u00e1i, c\u1eaft c\u1ee7 c\u1ea3i th\u00e0nh t\u1eebng mi\u1ebfng m\u1ecfng, d\u1ea1ng s\u1ee3i. C\u1ee7 d\u1ec1n, g\u1eebng l\u00e1t m\u1ecfng, nh\u1ecf h\u01a1n c\u1ee7 c\u1ea3i.<\/p>\n<p><strong>B\u01b0\u1edbc 3:<\/strong>\u00a0V\u1eaft chanh v\u00e0o b\u00e1t, sau v\u1edbt h\u1ea1t chanh ra v\u00e0 \u0111\u1ed5 ph\u1ea7n n\u01b0\u1edbc c\u1ed1t chanh v\u00e0o ph\u1ea7n c\u1ee7 v\u1eeba th\u00e1i, c\u00e1t l\u00e1t.<\/p>\n<p><strong>B\u01b0\u1edbc 4:<\/strong>\u00a0B\u1ea1n cho th\u00eam \u0111\u01b0\u1eddng, mu\u1ed1i, rau m\u00f9i,\u00a0b\u1ed9t gia v\u1ecb Chunky Chat Masala v\u00e0o ph\u1ea7n c\u1ee7 c\u1ea3i, c\u1ee7 d\u1ec1n sau \u0111\u00f3 d\u00f9ng \u0111\u0169a ho\u1eb7c d\u00f9ng tay (tay \u0111eo bao tay nilon) b\u00f3p, tr\u1ed9n \u0111\u1ec1u h\u1ed7n h\u1ee3p \u0111\u1ec3 c\u00e1c nguy\u00ean li\u1ec7u ng\u1ea5m gia v\u1ecb.<\/p>\n<p><strong>B\u01b0\u1edbc 5:<\/strong>\u00a0Sau khi tr\u1ed9n, b\u01b0\u1edbp h\u1ed7n h\u1ee3p 15 ph\u00fat \u0111\u1ec3 c\u00e1c nguy\u00ean li\u1ec7u ng\u1ea5m v\u00e0o c\u1ee7 c\u1ea3i.<\/p>\n<p><strong>B\u01b0\u1edbc 6:<\/strong>\u00a0Ki\u1ec3m tra, \u0103n th\u1eed c\u1ee7 c\u1ea3i \u0111\u00e3 ng\u1ea5m c\u00e1c gia v\u1ecb, \u0103n gi\u00f2n, thanh m\u00e1t, kh\u00f4ng b\u1ecb \u0111\u1eafng l\u00e0 m\u00f3n salad c\u1ee7 c\u1ea3i c\u1ee7a b\u1ea1n \u0111\u00e3 \u0111\u1ea1t y\u00eau c\u1ea7u.<\/p>","protected":false},"excerpt":{"rendered":"<p>TH\u00d4NG TIN CHUNG Th\u01b0\u01a1ng hi\u1ec7u MDH Xu\u1ea5t x\u1ee9 \u1ea2 R\u1eadp Th\u1ed1ng Nh\u1ea5t Th\u00e0nh ph\u1ea7n Xo\u00e0i kh\u00f4, mu\u1ed1i tr\u1eafng, mu\u1ed1i \u0111en,<\/p>","protected":false},"featured_media":33078,"comment_status":"open","ping_status":"closed","template":"","meta":[],"product_brand":[],"product_cat":[595,681,36],"product_tag":[],"class_list":{"0":"post-33077","1":"product","2":"type-product","3":"status-publish","4":"has-post-thumbnail","6":"product_cat-gia-vi-va-che-bien","7":"product_cat-nhap-khau-an-do","8":"product_cat-thuc-pham-tieu-dung","10":"first","11":"instock","12":"shipping-taxable","13":"purchasable","14":"product-type-simple"},"_links":{"self":[{"href":"https:\/\/havamall.vn\/en\/wp-json\/wp\/v2\/product\/33077"}],"collection":[{"href":"https:\/\/havamall.vn\/en\/wp-json\/wp\/v2\/product"}],"about":[{"href":"https:\/\/havamall.vn\/en\/wp-json\/wp\/v2\/types\/product"}],"replies":[{"embeddable":true,"href":"https:\/\/havamall.vn\/en\/wp-json\/wp\/v2\/comments?post=33077"}],"version-history":[{"count":0,"href":"https:\/\/havamall.vn\/en\/wp-json\/wp\/v2\/product\/33077\/revisions"}],"wp:featuredmedia":[{"embeddable":true,"href":"https:\/\/havamall.vn\/en\/wp-json\/wp\/v2\/media\/33078"}],"wp:attachment":[{"href":"https:\/\/havamall.vn\/en\/wp-json\/wp\/v2\/media?parent=33077"}],"wp:term":[{"taxonomy":"product_brand","embeddable":true,"href":"https:\/\/havamall.vn\/en\/wp-json\/wp\/v2\/product_brand?post=33077"},{"taxonomy":"product_cat","embeddable":true,"href":"https:\/\/havamall.vn\/en\/wp-json\/wp\/v2\/product_cat?post=33077"},{"taxonomy":"product_tag","embeddable":true,"href":"https:\/\/havamall.vn\/en\/wp-json\/wp\/v2\/product_tag?post=33077"}],"curies":[{"name":"wp","href":"https:\/\/api.w.org\/{rel}","templated":true}]}}