{"id":33071,"date":"2023-11-29T14:52:15","date_gmt":"2023-11-29T07:52:15","guid":{"rendered":"https:\/\/havamall.vn\/?post_type=product&#038;p=33071"},"modified":"2025-09-28T16:56:01","modified_gmt":"2025-09-28T09:56:01","slug":"bot-gia-vi-an-do-kitchen-king-mdh-goi-100g","status":"publish","type":"product","link":"https:\/\/havamall.vn\/en\/shop\/bot-gia-vi-an-do-kitchen-king-mdh-goi-100g\/","title":{"rendered":"B\u1ed9t Gia V\u1ecb \u1ea4n \u0110\u1ed9 Kitchen King MDH G\u00f3i 100g"},"content":{"rendered":"<h2><\/h2>\n<h2><strong>TH\u00d4NG TIN CHUNG<\/strong><\/h2>\n<table>\n<tbody>\n<tr>\n<td>Th\u01b0\u01a1ng hi\u1ec7u<\/td>\n<td>MDH<\/td>\n<\/tr>\n<tr>\n<td>Xu\u1ea5t x\u1ee9<\/td>\n<td>\u1ea2 R\u1eadp Th\u1ed1ng Nh\u1ea5t<\/td>\n<\/tr>\n<tr>\n<td>Th\u00e0nh ph\u1ea7n<\/td>\n<td>rau m\u00f9i, th\u00ec l\u00e0, \u1edbt, ngh\u1ec7, h\u1ea1t ti\u00eau \u0111en, \u0111inh h\u01b0\u01a1ng, l\u00e1 c\u00e0 ri, mu\u1ed1i, h\u1ea1t nh\u1ee5c \u0111\u1eadu kh\u1ea5u, g\u1eebng kh\u00f4, h\u1ea1t b\u1ea1ch \u0111\u1eadu kh\u1ea5u, qu\u1ebf, l\u00e1 bay, xung, th\u00ec l\u00e0, caraway, m\u00f9 t\u1ea1t, t\u1ecfi m\u1ea3nh, h\u00e0nh t\u00e2y m\u1ea3nh, g\u1eady, b\u1ea1ch \u0111\u1eadu kh\u1ea5u Xanh, Asafoetida<\/td>\n<\/tr>\n<tr>\n<td>H\u1ea1n s\u1eed d\u1ee5ng<\/td>\n<td>15 th\u00e1ng k\u1ec3 t\u1eeb ng\u00e0y s\u1ea3n xu\u1ea5t.<\/td>\n<\/tr>\n<tr>\n<td>B\u1ea3o qu\u1ea3n<\/td>\n<td>B\u1ea3o qu\u1ea3n n\u01a1i kh\u00f4 r\u00e1o tho\u00e1ng m\u00e1t, tr\u00e1nh \u00e1nh n\u1eafng tr\u1ef1c ti\u1ebfp<\/td>\n<\/tr>\n<tr>\n<td>\u00a0Kh\u1ed1i l\u01b0\u1ee3ng<\/td>\n<td>100g<\/td>\n<\/tr>\n<\/tbody>\n<\/table>\n<p>Kh\u00e1m ph\u00e1 tr\u1ea3i nghi\u1ec7m &#8216;c\u00e0 ri&#8217; v\u1edbi s\u1ef1 pha tr\u1ed9n c\u1ed5 \u0111i\u1ec3n n\u00e0y mang \u0111\u1ebfn cho m\u00f3n c\u00e0 ri rau c\u1ee7 h\u01b0\u01a1ng v\u1ecb \u0111\u1eadm \u0111\u00e0 v\u00e0 h\u01b0\u01a1ng v\u1ecb nh\u1eb9 nh\u00e0ng, d\u1ecbu nh\u1eb9. Gia v\u1ecb c\u00e0 ri rau c\u1ee7 Kitchen King MDH \u0111\u01b0\u1ee3c l\u00e0m t\u1eeb rau m\u00f9i v\u00e0 ngh\u1ec7, h\u1ed7n h\u1ee3p n\u00e0y mang l\u1ea1i m\u00e0u v\u00e0ng th\u01a1m ngon cho m\u00f3n c\u00e0 ri.<\/p>\n<p>C\u00e0 ri l\u00e0 m\u1ed9t trong nh\u1eefng m\u00f3n \u0103n truy\u1ec1n th\u1ed1ng c\u1ee7a ng\u01b0\u1eddi \u1ea4n \u0110\u1ed9 v\u1edbi h\u01b0\u01a1ng v\u1ecb h\u1ea5p d\u1eabn v\u00e0 \u0111\u1eadm \u0111\u00e0. Gia v\u1ecb c\u00e0 ri rau c\u1ee7 Kitchen King MDH l\u00e0 c\u00f4ng th\u1ee9c \u0111\u01b0\u1ee3c khuy\u00ean d\u00f9ng \u0111\u1ec3 ch\u1ebf bi\u1ebfn m\u00f3n \u0103n chay \u0111\u01b0\u1ee3c nhi\u1ec1u ng\u01b0\u1eddi y\u00eau th\u00edch \u1edf \u1ea4n \u0110\u1ed9<\/p>\n<p><img fetchpriority=\"high\" decoding=\"async\" class=\"wp-image-33073 aligncenter\" src=\"https:\/\/havamall.com\/wp-content\/uploads\/2025\/09\/280717962_535223888012606_2975914751778120136_n-300x300.jpg\" alt=\"\" width=\"845\" height=\"845\" \/><\/p>\n<p>B\u1ed9t Gia V\u1ecb &#8211; Kitchen King Masala l\u00e0 m\u1ed9t s\u1ef1 pha tr\u1ed9n c\u1ee7a c\u00e1c lo\u1ea1i th\u1ea3o m\u1ed9c v\u00e0 gia v\u1ecb. N\u00f3 th\u01b0\u1eddng \u0111\u01b0\u1ee3c s\u1eed d\u1ee5ng trong \u1ea9m th\u1ef1c \u1ea4n \u0110\u1ed9 v\u00e0 Pakistan. Garam Masala \u0111\u01b0\u1ee3c s\u1eed d\u1ee5ng \u0111\u1ec3 th\u00eam nhi\u1ec7t v\u00e0 h\u01b0\u01a1ng v\u1ecb cho c\u1ea3 th\u1ecbt v\u00e0 c\u00e1c m\u00f3n chay.<\/p>\n<p><img decoding=\"async\" class=\"wp-image-33075 aligncenter\" src=\"https:\/\/havamall.com\/wp-content\/uploads\/2025\/09\/320509250_736223757933755_2985455188139045150_n-240x300.jpg\" alt=\"\" width=\"856\" height=\"1070\" \/><\/p>\n<h2><strong>C\u00f4ng th\u1ee9c ch\u1ebf bi\u1ebfn.<\/strong><\/h2>\n<h5><em><strong>Chu\u1ea9n b\u1ecb\u00a0<\/strong><\/em><\/h5>\n<p>Khoai t\u00e2y, \u0111\u1eadu &amp; ph\u00f4 mai: C\u1eaft 200g. Ph\u00f4 mai c\u1eaft th\u00e0nh kh\u1ed1i 2.5 cm v\u00e0 chi\u00ean ch\u00fang trong ghee \/ d\u1ea7u cho \u0111\u1ebfn khi v\u00e0ng.<\/p>\n<h5><em><strong>Ti\u1ebfn h\u00e0nh<\/strong><\/em><\/h5>\n<p>&gt; T\u00e1ch ri\u00eang 2 c\u1ee7 h\u00e0nh t\u00e2y x\u1eaft nh\u1ecf cho \u0111\u1ebfn khi v\u00e0ng trong n\u1eeda ch\u00e9n ghee \/ d\u1ea7u. Th\u00eam 2 qu\u1ea3 c\u00e0 chua x\u1eaft nh\u1ecf v\u00e0 n\u1ea5u trong 2 ph\u00fat.<\/p>\n<p>&gt; Th\u00eam\u00a0\u00bd mu\u1ed7ng c\u00e0 ph\u00ea mu\u1ed1i \u0111\u1ec3 n\u1ebfm, 3 mu\u1ed7ng c\u00e0 ph\u00ea \u1edbt Deggi Mirch. Th\u00eam g\u00f3i gia v\u1ecb Kitchen King v\u00e0 n\u1ea5u trong 3 ph\u00fat. Th\u00eam 4 c\u1ee7 khoai t\u00e2y b\u00f3c v\u1ecf, c\u1eaft theo chi\u1ec1u d\u1ecdc, v\u00e0 n\u1eeda c\u1ed1c \u0111\u1ea7y \u0111\u1eadu H\u00e0 Lan. Khu\u1ea5y trong 3 ph\u00fat.<\/p>\n<p>&gt; Th\u00eam kh\u1ed1i ph\u00f4 mai v\u00e0 \u0111un s\u00f4i th\u00eam 5 ph\u00fat cho \u0111\u1ebfn khi khoai t\u00e2y m\u1ec1m. R\u1eafc l\u00e1 th\u00ec l\u00e0 l\u00ean \u0111\u1ec1u, khu\u1ea5y v\u00e0 th\u01b0\u1edfng th\u1ee9c<\/p>\n<p><img decoding=\"async\" class=\"wp-image-33074 aligncenter\" src=\"https:\/\/havamall.com\/wp-content\/uploads\/2025\/09\/304864196_613010200233974_3736573492967901253_n-300x300.jpg\" alt=\"\" width=\"869\" height=\"869\" \/><\/p>","protected":false},"excerpt":{"rendered":"<p>TH\u00d4NG TIN CHUNG Th\u01b0\u01a1ng hi\u1ec7u MDH Xu\u1ea5t x\u1ee9 \u1ea2 R\u1eadp Th\u1ed1ng Nh\u1ea5t Th\u00e0nh ph\u1ea7n rau m\u00f9i, th\u00ec l\u00e0, \u1edbt, ngh\u1ec7,<\/p>","protected":false},"featured_media":33076,"comment_status":"open","ping_status":"closed","template":"","meta":[],"product_brand":[],"product_cat":[595,681,36],"product_tag":[],"class_list":{"0":"post-33071","1":"product","2":"type-product","3":"status-publish","4":"has-post-thumbnail","6":"product_cat-gia-vi-va-che-bien","7":"product_cat-nhap-khau-an-do","8":"product_cat-thuc-pham-tieu-dung","10":"first","11":"outofstock","12":"sale","13":"shipping-taxable","14":"purchasable","15":"product-type-simple"},"_links":{"self":[{"href":"https:\/\/havamall.vn\/en\/wp-json\/wp\/v2\/product\/33071"}],"collection":[{"href":"https:\/\/havamall.vn\/en\/wp-json\/wp\/v2\/product"}],"about":[{"href":"https:\/\/havamall.vn\/en\/wp-json\/wp\/v2\/types\/product"}],"replies":[{"embeddable":true,"href":"https:\/\/havamall.vn\/en\/wp-json\/wp\/v2\/comments?post=33071"}],"version-history":[{"count":0,"href":"https:\/\/havamall.vn\/en\/wp-json\/wp\/v2\/product\/33071\/revisions"}],"wp:featuredmedia":[{"embeddable":true,"href":"https:\/\/havamall.vn\/en\/wp-json\/wp\/v2\/media\/33076"}],"wp:attachment":[{"href":"https:\/\/havamall.vn\/en\/wp-json\/wp\/v2\/media?parent=33071"}],"wp:term":[{"taxonomy":"product_brand","embeddable":true,"href":"https:\/\/havamall.vn\/en\/wp-json\/wp\/v2\/product_brand?post=33071"},{"taxonomy":"product_cat","embeddable":true,"href":"https:\/\/havamall.vn\/en\/wp-json\/wp\/v2\/product_cat?post=33071"},{"taxonomy":"product_tag","embeddable":true,"href":"https:\/\/havamall.vn\/en\/wp-json\/wp\/v2\/product_tag?post=33071"}],"curies":[{"name":"wp","href":"https:\/\/api.w.org\/{rel}","templated":true}]}}