{"id":33053,"date":"2023-11-29T11:35:52","date_gmt":"2023-11-29T04:35:52","guid":{"rendered":"https:\/\/havamall.vn\/?post_type=product&#038;p=33053"},"modified":"2026-01-16T08:52:47","modified_gmt":"2026-01-16T01:52:47","slug":"bot-gia-vi-mdh-garam-masala-100g-mdh-garam-masala","status":"publish","type":"product","link":"https:\/\/havamall.vn\/en\/shop\/bot-gia-vi-mdh-garam-masala-100g-mdh-garam-masala\/","title":{"rendered":"B\u1ed9t Gia V\u1ecb MDH Garam Masala 100G &#8211; MDH Garam Masala"},"content":{"rendered":"<h2><\/h2>\n<h2><strong>TH\u00d4NG TIN CHUNG<\/strong><\/h2>\n<table>\n<tbody>\n<tr>\n<td>Th\u01b0\u01a1ng hi\u1ec7u<\/td>\n<td>MDH<\/td>\n<\/tr>\n<tr>\n<td>Xu\u1ea5t x\u1ee9<\/td>\n<td>\u1ea2 R\u1eadp Th\u1ed1ng Nh\u1ea5t<\/td>\n<\/tr>\n<tr>\n<td>Th\u00e0nh ph\u1ea7n<\/td>\n<td>B\u1ed9t ng\u00f2, b\u1ed9t \u1edbt \u0111\u1ecf, th\u00ec l\u00e0, h\u1ea1t ti\u00eau \u0111en, qu\u1ebf, g\u1eebng kh\u00f4, l\u00e1 qu\u1ebf, b\u1ea1ch \u0111\u1eadu kh\u1ea5u, \u0111inh h\u01b0\u01a1ng, nh\u1ee5c \u0111\u1eadu kh\u1ea5u, &#8230;<\/td>\n<\/tr>\n<tr>\n<td>H\u1ea1n s\u1eed d\u1ee5ng<\/td>\n<td>15 th\u00e1ng k\u1ec3 t\u1eeb ng\u00e0y s\u1ea3n xu\u1ea5t.<\/td>\n<\/tr>\n<tr>\n<td>B\u1ea3o qu\u1ea3n<\/td>\n<td>B\u1ea3o qu\u1ea3n n\u01a1i kh\u00f4 r\u00e1o tho\u00e1ng m\u00e1t, tr\u00e1nh \u00e1nh n\u1eafng tr\u1ef1c ti\u1ebfp<\/td>\n<\/tr>\n<tr>\n<td>\u00a0Kh\u1ed1i l\u01b0\u1ee3ng<\/td>\n<td>100g<\/td>\n<\/tr>\n<\/tbody>\n<\/table>\n<h2><strong>Garam masala l\u00e0 g\u00ec?<\/strong><\/h2>\n<p>B\u1ed9t Gia V\u1ecb \u1ea4n \u0110\u1ed9 Garam Masala MDH\u00a0 l\u00e0 m\u1ed9t s\u1ef1 pha tr\u1ed9n c\u1ee7a c\u00e1c lo\u1ea1i th\u1ea3o m\u1ed9c v\u00e0 gia v\u1ecb. N\u00f3 th\u01b0\u1eddng \u0111\u01b0\u1ee3c s\u1eed d\u1ee5ng trong \u1ea9m th\u1ef1c \u1ea4n \u0110\u1ed9 v\u00e0 Pakistan. Garam Masala \u0111\u01b0\u1ee3c s\u1eed d\u1ee5ng \u0111\u1ec3 th\u00eam nhi\u1ec7t v\u00e0 h\u01b0\u01a1ng v\u1ecb cho c\u1ea3 th\u1ecbt v\u00e0 c\u00e1c m\u00f3n chay.<\/p>\n<p>\u0110\u00f3 l\u00e0 m\u1ed9t h\u1ed7n h\u1ee3p\u00a0c\u00e1c lo\u1ea1i gia v\u1ecb\u00a0xay \u0111\u01b0\u1ee3c s\u1eed d\u1ee5ng r\u1ed9ng r\u00e3i trong \u1ea9m th\u1ef1c \u1ea4n \u0110\u1ed9. N\u00f3 \u0111\u00f4i khi \u0111\u01b0\u1ee3c s\u1eed d\u1ee5ng ri\u00eang, nh\u01b0ng th\u01b0\u1eddng \u0111\u01b0\u1ee3c tr\u1ed9n l\u1eabn v\u1edbi c\u00e1c gia v\u1ecb kh\u00e1c \u0111\u1ec3 t\u1ea1o n\u00ean m\u00f9i v\u1ecb \u0111a d\u1ea1ng.<\/p>\n<p><img fetchpriority=\"high\" decoding=\"async\" class=\"wp-image-33054 aligncenter\" src=\"https:\/\/havamall.com\/wp-content\/uploads\/2026\/01\/257288540_425467192321610_641801266025516519_n-300x300.jpg\" alt=\"\" width=\"812\" height=\"812\" \/><\/p>\n<div class=\"html-content pdp-product-highlights\">\n<p>Garam Masala l\u00e0 m\u1ed9t lo\u1ea1i h\u1ed7n h\u1ee3p gia v\u1ecb ch\u1ee7 y\u1ebfu trong qu\u00e1 tr\u00ecnh ch\u1ebf bi\u1ebfn m\u00f3n \u0103n \u1edf v\u00f9ng Punjab, mi\u1ec1n B\u1eafc \u1ea4n \u0110\u1ed9. Garam Masala c\u00f3 th\u1ec3 hi\u1ec3u \u0111\u01a1n gi\u1ea3n l\u00e0 h\u1ed7n h\u1ee3p c\u00e1c gia v\u1ecb n\u00f3ng. Tuy nhi\u00ean, n\u00f3 kh\u00f4ng nh\u1ea5t thi\u1ebft ph\u1ea3i c\u00f3 s\u1ef1 pha tr\u1ed9n c\u1ee7a c\u00e1c lo\u1ea1i gia v\u1ecb cay. Garam Masala c\u00f3 th\u1ec3 \u0111\u01b0\u1ee3c s\u1eed d\u1ee5ng ri\u00eang ho\u1eb7c tr\u1ed9n l\u1eabn c\u00f9ng c\u00e1c gia v\u1ecb kh\u00e1c khi ch\u1ebf bi\u1ebfn. Tr\u00ean th\u1ef1c t\u1ebf, kh\u00f4ng c\u00f3 m\u1ed9t c\u00f4ng th\u1ee9c Garam Masala chu\u1ea9n n\u00e0o m\u00e0 c\u00e1c \u0111\u1ea7u b\u1ebfp s\u1ebd t\u1ea1o ra n\u00f3 t\u00f9y thu\u1ed9c v\u00e0o s\u1edf th\u00edch c\u00e1 nh\u00e2n c\u0169ng nh\u01b0 kh\u1ea9u v\u1ecb v\u00f9ng mi\u1ec1n. Nh\u01b0ng ph\u1ea7n l\u1edbn, Garam Masala s\u1ebd b\u00e0o g\u1ed3m rau m\u00f9i, c\u00e2y th\u00ec l\u00e0, c\u00e2y b\u1ea1ch \u0111\u1eadu kh\u1ea5u, c\u00e2y \u0111inh h\u01b0\u01a1ng, ti\u00eau \u0111en, qu\u1ebf v\u00e0 h\u1ea1t nh\u1ee5c \u0111\u1eadu kh\u1ea5u.<\/p>\n<p><img decoding=\"async\" class=\"wp-image-33056 aligncenter\" src=\"https:\/\/havamall.com\/wp-content\/uploads\/2026\/01\/330855161_585750893411340_766109742060208470_n-300x300.jpg\" alt=\"\" width=\"820\" height=\"820\" \/><\/p>\n<\/div>\n<div class=\"html-content detail-content\">\n<p>B\u1ed9t Gia V\u1ecb \u1ea4n \u0110\u1ed9 Garam Masala MDH \u0111\u01b0\u1ee3c th\u00eam v\u00e0o c\u00e1c m\u00f3n \u0103n r\u1ea5t l\u00e2u tr\u01b0\u1edbc khi ph\u1ee5c v\u1ee5 \u0111\u1ec3 t\u0103ng c\u01b0\u1eddng gia v\u1ecb. Garam Masala c\u0169ng l\u00e0 gia v\u1ecb t\u1ea9m \u01b0\u1edbp tuy\u1ec7t v\u1eddi cho th\u1ecbt g\u00e0 ho\u1eb7c th\u1ecbt b\u00f2. \u0110\u00e2y c\u0169ng l\u00e0 h\u1ed7n h\u1ee3p gia v\u1ecb \u0111\u01b0\u1ee3c ch\u1ebf bi\u1ebfn s\u1eb5n \u0111\u1ec3 cho v\u00e0o n\u1ed3i c\u00e0 ri, kh\u00f4ng c\u1ea7n qu\u00e1 c\u1ea7u k\u1ef3 m\u00e0 v\u1eabn t\u1ea1o ra h\u01b0\u01a1ng v\u1ecb \u0111\u1eb7c tr\u01b0ng c\u1ee7a c\u00e0 ri \u1ea4n, t\u1ea1o \u1ea5n t\u01b0\u1ee3ng cho ng\u01b0\u1eddi \u0103n v\u1ec1 m\u1ed9t m\u00f3n \u0103n n\u1ed3ng n\u00e0n ngay khi ch\u1ea1m v\u00e0o \u0111\u1ea7u l\u01b0\u1ee1i c\u00f9ng h\u1eadu v\u1ecb m\u00e3i kh\u00f4ng phai.<\/p>\n<p><img decoding=\"async\" class=\"wp-image-33055 aligncenter\" src=\"https:\/\/havamall.com\/wp-content\/uploads\/2026\/01\/147116158_255148599353471_8224333085756142997_n-300x300.jpg\" alt=\"\" width=\"824\" height=\"824\" \/><\/p>\n<p>C\u00e1c lo\u1ea1i gia v\u1ecb t\u1ea1o n\u00ean garam masala th\u01b0\u1eddng \u0111\u01b0\u1ee3c n\u01b0\u1edbng \u0111\u1ec3 mang l\u1ea1i nhi\u1ec1u h\u01b0\u01a1ng th\u01a1m v\u00e0 sau \u0111\u00f3 s\u1ebd \u0111\u01b0\u1ee3c nghi\u1ec1n ra. T\u1eeb masala ch\u1ec9 \u0111\u01a1n gi\u1ea3n c\u00f3 ngh\u0129a l\u00e0 \u201cgia v\u1ecb\u201d, v\u00e0 garam c\u00f3 ngh\u0129a l\u00e0 \u201cn\u00f3ng\u201d. Do \u0111\u00f3 thu\u1eadt ng\u1eef garam masala c\u00f3 ngh\u0129a l\u00e0 \u201cgia v\u1ecb n\u00f3ng\u201d. Tuy nhi\u00ean, kh\u00f4ng ph\u1ea3i l\u00fac n\u00e0o garam masala c\u0169ng l\u00e0 m\u1ed9t h\u1ed7n h\u1ee3p \u0111\u1eb7c bi\u1ec7t cay.<\/p>\n<\/div>\n<h2><strong>Bi\u1ebfn th\u1ec3 c\u1ee7a Garam Masala<\/strong><\/h2>\n<p>M\u1ed9t b\u1ea5t ng\u1edd th\u00fa v\u1ecb l\u00e0 trong th\u1ef1c t\u1ebf, kh\u00f4ng c\u00f3 c\u00f4ng th\u1ee9c garam masala duy nh\u1ea5t. C\u00e1c th\u00e0nh ph\u1ea7n trong h\u1ed7n h\u1ee3p s\u1ebd kh\u00e1c nhau t\u00f9y theo khu v\u1ef1c c\u0169ng nh\u01b0 s\u1edf th\u00edch c\u00e1 nh\u00e2n c\u1ee7a m\u1ed7i \u0111\u1ea7u b\u1ebfp. Nh\u01b0ng \u0111\u1ed1i v\u1edbi h\u1ea7u h\u1ebft c\u00e1c ph\u1ea7n, garam masala s\u1ebd bao g\u1ed3m rau m\u00f9i, th\u00ec l\u00e0, b\u1ea1ch \u0111\u1eadu kh\u1ea5u, \u0111inh h\u01b0\u01a1ng, ti\u00eau \u0111en, qu\u1ebf v\u00e0 h\u1ea1t nh\u1ee5c \u0111\u1eadu kh\u1ea5u.<\/p>\n<p>Trong c\u00e1c bi\u1ebfn th\u1ec3 kh\u00e1c tr\u00ean garam masala, c\u00e1c th\u00e0nh ph\u1ea7n c\u00f3 th\u1ec3 bao g\u1ed3m ngh\u1ec7, ngh\u1ec7 t\u00e2y, h\u1ea1t th\u00ec l\u00e0, g\u1eebng, t\u1ecfi, h\u1ea1t m\u00f9 t\u1ea1t, mace, hoa h\u1ed3i, me, fenugreek, l\u00e1 nguy\u1ec7t qu\u1ebf ho\u1eb7c l\u00e1 Malabar.<\/p>\n<p><img loading=\"lazy\" decoding=\"async\" class=\"wp-image-33057 aligncenter\" src=\"https:\/\/havamall.com\/wp-content\/uploads\/2026\/01\/150471917_259076205627377_2608958535367311254_n-300x300.jpg\" alt=\"\" width=\"830\" height=\"830\" \/><\/p>\n<p>Trong \u1ea9m th\u1ef1c mi\u1ec1n b\u1eafc \u1ea4n \u0110\u1ed9, garam masala th\u01b0\u1eddng \u0111\u01b0\u1ee3c s\u1eed d\u1ee5ng \u1edf d\u1ea1ng b\u1ed9t, trong khi \u1edf ph\u1ea7n ph\u00eda nam c\u1ee7a \u0111\u1ea5t n\u01b0\u1edbc, garam masala th\u01b0\u1eddng \u0111\u01b0\u1ee3c d\u00f9ng v\u1edbi s\u1eefa d\u1eeba, gi\u1ea5m ho\u1eb7c n\u01b0\u1edbc.<\/p>\n<p>B\u1ea5t k\u1ef3 v\u0103n h\u00f3a n\u00e0o c\u0169ng n\u1ec1n \u1ea9m th\u1ef1c li\u00ean quan tr\u1ef1c ti\u1ebfp \u0111\u1ebfn s\u1ef1 g\u1ea7n g\u0169i c\u1ee7a n\u00f3 v\u1edbi \u0111\u01b0\u1eddng x\u00edch \u0111\u1ea1o. C\u00e0ng nhi\u1ec1u d\u00e2n s\u1ed1 s\u1ed1ng g\u1ea7n v\u1edbi \u0111\u01b0\u1eddng x\u00edch \u0111\u1ea1o, xu h\u01b0\u1edbng th\u1ee9c \u0103n \u1edf \u0111\u00f3 s\u1ebd c\u00e0ng n\u00f3ng h\u01a1n. \u0110i\u1ec1u n\u00e0y ch\u1ee7 y\u1ebfu l\u00e0 do th\u1ef1c t\u1ebf r\u1eb1ng \u1edbt s\u1ebd ph\u00e1t tri\u1ec3n m\u1ea1nh trong kh\u00ed h\u1eadu n\u00f3ng h\u01a1n. Do \u0111\u00f3, garam masala pha tr\u1ed9n t\u1eeb mi\u1ec1n nam \u1ea4n \u0110\u1ed9 s\u1ebd c\u00f3 xu h\u01b0\u1edbng n\u00f3ng h\u01a1n so v\u1edbi nh\u1eefng ng\u01b0\u1eddi \u1edf ph\u00eda b\u1eafc.<\/p>","protected":false},"excerpt":{"rendered":"<p>TH\u00d4NG TIN CHUNG Th\u01b0\u01a1ng hi\u1ec7u MDH Xu\u1ea5t x\u1ee9 \u1ea2 R\u1eadp Th\u1ed1ng Nh\u1ea5t Th\u00e0nh ph\u1ea7n B\u1ed9t ng\u00f2, b\u1ed9t \u1edbt \u0111\u1ecf, th\u00ec<\/p>","protected":false},"featured_media":33058,"comment_status":"open","ping_status":"closed","template":"","meta":[],"product_brand":[],"product_cat":[595,681,36],"product_tag":[],"class_list":{"0":"post-33053","1":"product","2":"type-product","3":"status-publish","4":"has-post-thumbnail","6":"product_cat-gia-vi-va-che-bien","7":"product_cat-nhap-khau-an-do","8":"product_cat-thuc-pham-tieu-dung","10":"first","11":"instock","12":"shipping-taxable","13":"purchasable","14":"product-type-simple"},"_links":{"self":[{"href":"https:\/\/havamall.vn\/en\/wp-json\/wp\/v2\/product\/33053"}],"collection":[{"href":"https:\/\/havamall.vn\/en\/wp-json\/wp\/v2\/product"}],"about":[{"href":"https:\/\/havamall.vn\/en\/wp-json\/wp\/v2\/types\/product"}],"replies":[{"embeddable":true,"href":"https:\/\/havamall.vn\/en\/wp-json\/wp\/v2\/comments?post=33053"}],"version-history":[{"count":0,"href":"https:\/\/havamall.vn\/en\/wp-json\/wp\/v2\/product\/33053\/revisions"}],"wp:featuredmedia":[{"embeddable":true,"href":"https:\/\/havamall.vn\/en\/wp-json\/wp\/v2\/media\/33058"}],"wp:attachment":[{"href":"https:\/\/havamall.vn\/en\/wp-json\/wp\/v2\/media?parent=33053"}],"wp:term":[{"taxonomy":"product_brand","embeddable":true,"href":"https:\/\/havamall.vn\/en\/wp-json\/wp\/v2\/product_brand?post=33053"},{"taxonomy":"product_cat","embeddable":true,"href":"https:\/\/havamall.vn\/en\/wp-json\/wp\/v2\/product_cat?post=33053"},{"taxonomy":"product_tag","embeddable":true,"href":"https:\/\/havamall.vn\/en\/wp-json\/wp\/v2\/product_tag?post=33053"}],"curies":[{"name":"wp","href":"https:\/\/api.w.org\/{rel}","templated":true}]}}