{"id":33045,"date":"2023-11-29T11:21:51","date_gmt":"2023-11-29T04:21:51","guid":{"rendered":"https:\/\/havamall.vn\/?post_type=product&#038;p=33045"},"modified":"2025-09-29T15:48:34","modified_gmt":"2025-09-29T08:48:34","slug":"bot-gia-vi-tra-sua-an-do-mdh-t-plus-masala-35gr","status":"publish","type":"product","link":"https:\/\/havamall.vn\/en\/shop\/bot-gia-vi-tra-sua-an-do-mdh-t-plus-masala-35gr\/","title":{"rendered":"B\u1ed9t Gia V\u1ecb Tr\u00e0 S\u1eefa \u1ea4n \u0110\u1ed9 MDH T- Plus Masala 35gr"},"content":{"rendered":"<h2><strong>Th\u00f4ng tin chi ti\u1ebft b\u1ed9t gia v\u1ecb tr\u00e0 s\u1eefa Tea Masala\u00a0<\/strong><\/h2>\n<div>\n<table border=\"1\" cellspacing=\"1\" cellpadding=\"1\">\n<tbody>\n<tr>\n<td>T\u00ean s\u1ea3n ph\u1ea9m\/Name<\/td>\n<td><strong>B\u1ed9t gia v\u1ecb tr\u00e0 s\u1eefa \u1ea4n \u0110\u1ed9\u00a0MDH T- Plus Masala<\/strong><\/td>\n<\/tr>\n<tr>\n<td>Th\u00e0nh ph\u1ea7n\/ Ingredients<\/td>\n<td>Dried Ginger, Cassia Bark (Taj), Green Cardamom, Cassia Leaves, Nutmeg, Clove, Black Pepper, Black Cardamom<\/td>\n<\/tr>\n<tr>\n<td>Kh\u1ed1i l\u01b0\u1ee3ng\/ Net Wt<\/td>\n<td>35gr<\/td>\n<\/tr>\n<tr>\n<td>Xu\u1ea5t x\u1ee9\/Made in<\/td>\n<td>\u1ea4n \u0110\u1ed9\/India<\/td>\n<\/tr>\n<tr>\n<td>H\u1ea1n s\u1eed d\u1ee5ng\/Expiry Date<\/td>\n<td>15 th\u00e1ng k\u1ec3 t\u1eeb ng\u00e0y s\u1ea3n xu\u1ea5t\/15 months from manufacturing date<\/td>\n<\/tr>\n<tr>\n<td>B\u1ea3o qu\u1ea3n\/Storage<\/td>\n<td>\u1ede n\u01a1i kh\u00f4 r\u00e1o tho\u00e1ng m\u00e1t\/Keep it in a cool dry place<\/td>\n<\/tr>\n<\/tbody>\n<\/table>\n<\/div>\n<p>Nh\u1eafc \u0111\u1ebfn\u00a0tr\u00e0 \u1ea4n \u0110\u1ed9\u00a0ch\u1eafc ch\u1eafn kh\u00f4ng th\u1ec3 n\u00e0o b\u1ecf qua tr\u00e0\u00a0Masala Chai\u00a0v\u1edbi v\u1ecb ng\u1ecdt, cay \u0111\u1eb7c tr\u01b0ng t\u1eeb nhi\u1ec1u lo\u1ea1i th\u1ea3o m\u1ed9c\/th\u1ea3o \u0111\u01b0\u1ee3c h\u00f2a quy\u1ec7n v\u1edbi nhau nh\u01b0 g\u1eebng, th\u1ea3o qu\u1ea3, \u0111inh h\u01b0\u01a1ng, nh\u1ee5c \u0111\u1eadu kh\u1ea5u, qu\u1ebf, th\u00ec l\u00e0, h\u1ea1t ti\u00eau \u0111en.\u00a0\u0110\u00e2y \u0111\u01b0\u1ee3c m\u1ec7nh danh l\u00e0 1 trong\u00a0c\u00e1c lo\u1ea1i tr\u00e0 nh\u1ea5t \u0111\u1ecbnh ph\u1ea3i th\u1eed khi \u0111\u1ebfn \u1ea4n \u0110\u1ed9.<\/p>\n<p><img fetchpriority=\"high\" decoding=\"async\" class=\"wp-image-33047 aligncenter\" src=\"https:\/\/havamall.com\/wp-content\/uploads\/2025\/09\/308983243_623810609153933_8835447068310571095_n-300x300.jpg\" alt=\"\" width=\"813\" height=\"813\" \/><\/p>\n<p>B\u1ed9t gia v\u1ecb tr\u00e0 s\u1eefa \u1ea4n \u0110\u1ed9 MDH T- Plus\u00a0Masala\u00a0c\u1ee7a IndianFoods l\u00e0 s\u1ea3n ph\u1ea9m \u0111\u01b0\u1ee3c h\u00f2a quy\u1ec7n\u00a0t\u1eeb nhi\u1ec1u lo\u1ea1i th\u1ea3o m\u1ed9c s\u1ebd mang \u0111\u1ebfn cho kh\u00e1ch h\u00e0ng m\u1ed9t ly Masala Chai c\u00f3 h\u01b0\u01a1ng v\u1ecb th\u01a1m n\u1ed3ng chu\u1ea9n v\u1ecb \u1ea4n v\u00e0 t\u1ed1t cho s\u1ee9c kh\u1ecfe, th\u01b0\u1edfng th\u1ee9c m\u00f3n tr\u00e0 s\u1eefa n\u1ed5i ti\u1ebfng th\u1ebf gi\u1edbi c\u1ee7a \u00c2n \u0110\u1ed9 ngay t\u1ea1i nh\u00e0.<\/p>\n<p>B\u1ed9t gia v\u1ecb tr\u00e0 s\u1eefa T-Plus Masala\u00a0l\u00e0 m\u1ed9t ngu\u1ed3n tuy\u1ec7t v\u1eddi cung c\u1ea5p ch\u1ea5t ch\u1ed1ng oxy h\u00f3a nh\u01b0 catechin v\u00e0 theaflavins. Nh\u1eefng ch\u1ea5t n\u00e0y ch\u1ed1ng l\u1ea1i stress v\u00e0 \u0111\u00f3ng m\u1ed9t vai tr\u00f2 trong vi\u1ec7c ng\u0103n ng\u1eeba ung th\u01b0 v\u00e0 c\u00e1c b\u1ec7nh kh\u00e1c.<\/p>\n<p><img decoding=\"async\" class=\"wp-image-33048 aligncenter\" src=\"https:\/\/havamall.com\/wp-content\/uploads\/2025\/09\/310133622_634867601381567_6392268613534931394_n-300x300.jpg\" alt=\"\" width=\"821\" height=\"821\" \/><\/p>\n<h2><strong>C\u00f4ng d\u1ee5ng c\u1ee7a b\u1ed9t gia v\u1ecb tr\u00e0 s\u1eefa Tea Masala<\/strong><\/h2>\n<ul>\n<li>Gi\u00e0u ch\u1ea5t ch\u1ed1ng oxy h\u00f3a<\/li>\n<li>N\u00e2ng cao s\u1ee9c kh\u1ecfe tim m\u1ea1ch<\/li>\n<li>C\u1ea3i thi\u1ec7n ti\u00eau h\u00f3a<\/li>\n<li>Gi\u1ea3m vi\u00eam<\/li>\n<li>T\u1ed1t cho r\u0103ng c\u1ee7a b\u1ea1n<\/li>\n<li>Ch\u1ed1ng c\u1ea3m l\u1ea1nh<\/li>\n<li>L\u00e0m d\u1ecbu c\u01a1n \u0111au kinh nguy\u1ec7t<\/li>\n<li>T\u1ed1t cho n\u00e3o b\u1ed9<\/li>\n<li>L\u00e0m d\u1ecbu c\u01a1n \u0111au h\u1ecdng<\/li>\n<li>T\u0103ng c\u01b0\u1eddng h\u1ec7 th\u1ed1ng mi\u1ec5n d\u1ecbch<\/li>\n<li>L\u00e0m d\u1ecbu c\u01a1n bu\u1ed3n n\u00f4n<\/li>\n<\/ul>\n<h2><img decoding=\"async\" class=\"wp-image-33049 aligncenter\" src=\"https:\/\/havamall.com\/wp-content\/uploads\/2025\/09\/316107426_672668680934792_2856924409769945952_n-240x300.jpg\" alt=\"\" width=\"831\" height=\"1039\" \/><\/h2>\n<h2><strong>Th\u00f4ng tin dinh d\u01b0\u1ee1ng\/ Nutrient<\/strong><\/h2>\n<table border=\"1\" cellspacing=\"1\" cellpadding=\"1\">\n<tbody>\n<tr>\n<td>Total Fat<\/td>\n<td>0,1g<\/td>\n<\/tr>\n<tr>\n<td>Saturated Fat<\/td>\n<td>0g<\/td>\n<\/tr>\n<tr>\n<td>Trans Fat<\/td>\n<td>0g<\/td>\n<\/tr>\n<tr>\n<td>Polyunsaturated Fat<\/td>\n<td>0g<\/td>\n<\/tr>\n<tr>\n<td>Monounsaturated Fat<\/td>\n<td>0g<\/td>\n<\/tr>\n<tr>\n<td>Cholesterol<\/td>\n<td>0g<\/td>\n<\/tr>\n<tr>\n<td>Sodium<\/td>\n<td>0,8g<\/td>\n<\/tr>\n<tr>\n<td>Total Carbohydrates<\/td>\n<td>1,4g<\/td>\n<\/tr>\n<tr>\n<td>Protein<\/td>\n<td>0,1g<\/td>\n<\/tr>\n<tr>\n<td>Sugars<\/td>\n<td>0g<\/td>\n<\/tr>\n<tr>\n<td>Fiber<\/td>\n<td>0,3g<\/td>\n<\/tr>\n<\/tbody>\n<\/table>\n<h2><strong><img loading=\"lazy\" decoding=\"async\" class=\"wp-image-33050 aligncenter\" src=\"https:\/\/havamall.com\/wp-content\/uploads\/2025\/09\/313403381_652450019623325_7039805695418884112_n-300x300.png\" alt=\"\" width=\"825\" height=\"825\" \/>C\u00e1ch s\u1eed d\u1ee5ng b\u1ed9t gia v\u1ecb tr\u00e0 s\u1eefa Tea\u00a0Masala<\/strong><\/h2>\n<h5><em><strong>L\u00e0m tr\u00e0 \u0111en<\/strong><\/em><\/h5>\n<ul>\n<li>\u0110\u1ed5 kho\u1ea3ng 400ml n\u01b0\u1edbc v\u00e0o n\u1ed3i. Sau \u0111\u00f3 th\u00eam b\u1ed9t tr\u00e0 ho\u1eb7c l\u00e1 tr\u00e0 t\u01b0\u01a1i. IndianFoods th\u01b0\u1eddng s\u1eed d\u1ee5ng 1 &#8211; 2 mu\u1ed7ng c\u00e0 ph\u00ea b\u1ed9t tr\u00e0 t\u00f9y thu\u1ed9c v\u00e0o nh\u00e3n hi\u1ec7u. B\u1ea1n c\u00f3 th\u1ec3 s\u1eed d\u1ee5ng nhi\u1ec1u h\u01a1n ho\u1eb7c \u00edt h\u01a1n t\u00f9y thu\u1ed9c v\u00e0o lo\u1ea1i tr\u00e0 b\u1ea1n \u0111ang s\u1eed d\u1ee5ng. N\u1ebfu s\u1eed d\u1ee5ng t\u00fai tr\u00e0 th\u00ec n\u00ean t\u1eeb 2 &#8211; 3 t\u00fai.<\/li>\n<li>\u0110un s\u00f4i v\u00e0 \u0111\u1ec3 nh\u1ecf l\u1eeda. Trong khi \u0111\u00f3 chu\u1ea9n b\u1ecb s\u1eb5n gia v\u1ecb.<\/li>\n<\/ul>\n<p><img loading=\"lazy\" decoding=\"async\" class=\"wp-image-33051 aligncenter\" src=\"https:\/\/havamall.com\/wp-content\/uploads\/2025\/09\/287650374_558412305693764_8325814330635144033_n-300x300.jpg\" alt=\"\" width=\"826\" height=\"826\" \/><\/p>\n<p><em><strong>N\u1ea5u tr\u00e0<\/strong><\/em><\/p>\n<ul>\n<li>Th\u00eam \u00bd th\u00eca b\u1ed9t gia v\u1ecb tr\u00e0 s\u1eefa Tea\u00a0Masala v\u00e0o n\u1ed3i tr\u00e0 \u0111ang \u0111un.<\/li>\n<li>B\u1ea1n c\u0169ng n\u00ean th\u00eam \u0111\u01b0\u1eddng \u1edf giai \u0111o\u1ea1n n\u00e0y. IndianFoods th\u01b0\u1eddng s\u1eed d\u1ee5ng 3 \u0111\u1ebfn 4 mu\u1ed7ng c\u00e0 ph\u00ea. B\u1ea1n c\u00f3 th\u1ec3 s\u1eed d\u1ee5ng \u00edt ho\u1eb7c nhi\u1ec1u t\u00f9y th\u00edch.<\/li>\n<li>Ti\u1ebfp theo \u0111\u1ed5 \u00bd \u0111\u1ebfn \u00be c\u1ed1c s\u1eefa b\u00e9o v\u00e0o tr\u00e0 \u0111en \u0111ang s\u00f4i. \u0110i\u1ec1u ch\u1ec9nh l\u01b0\u1ee3ng s\u1eefa khi c\u1ea7n thi\u1ebft.<\/li>\n<li>N\u1ebfu s\u1eed d\u1ee5ng t\u00fai tr\u00e0, h\u00e3y l\u1ea5y ch\u00fang ra kh\u1ecfi n\u1ed3i v\u00e0 \u0111\u1ec3 sang m\u1ed9t b\u00ean. \u0110un s\u00f4i t\u00fai tr\u00e0 qu\u00e1 l\u00e2u s\u1ebd \u0111\u1ec3 l\u1ea1i v\u1ecb \u0111\u1eafng. N\u1ebfu tr\u00e0 kh\u00f4ng \u0111\u1ee7 \u0111\u1eadm, b\u1ea1n c\u00f3 th\u1ec3 th\u00eam nhi\u1ec1u t\u00fai tr\u00e0 t\u1eeb l\u00fac b\u1eaft \u0111\u1ea7u n\u1ea5u.<\/li>\n<li>\u0110un s\u00f4i tr\u00e0 v\u00e0 \u0111un \u1edf l\u1eeda nh\u1ecf \u0111\u1ebfn trung b\u00ecnh cho \u0111\u1ebfn khi n\u01b0\u1edbc chuy\u1ec3n sang m\u00e0u s\u1eabm, trong 4 \u0111\u1ebfn 5 ph\u00fat. \u0110un nh\u1ecf l\u1eeda s\u1ebd gi\u00fap tr\u00e0 \u0111\u1eb7c l\u1ea1i. H\u00fang qu\u1ebf t\u01b0\u01a1i (tulsi) ho\u1eb7c l\u00e1 b\u1ea1c h\u00e0 c\u0169ng c\u00f3 th\u1ec3 th\u00eam v\u00e0o \u0111\u1ec3 l\u00e0m h\u01b0\u01a1ng v\u1ecb tr\u00e0 tr\u1edf n\u00ean m\u1edbi m\u1ebb h\u01a1n.<\/li>\n<\/ul>","protected":false},"excerpt":{"rendered":"<p>Th\u00f4ng tin chi ti\u1ebft b\u1ed9t gia v\u1ecb tr\u00e0 s\u1eefa Tea Masala\u00a0 T\u00ean s\u1ea3n ph\u1ea9m\/Name B\u1ed9t gia v\u1ecb tr\u00e0 s\u1eefa \u1ea4n<\/p>","protected":false},"featured_media":33052,"comment_status":"open","ping_status":"closed","template":"","meta":[],"product_brand":[],"product_cat":[681,36],"product_tag":[],"class_list":{"0":"post-33045","1":"product","2":"type-product","3":"status-publish","4":"has-post-thumbnail","6":"product_cat-nhap-khau-an-do","7":"product_cat-thuc-pham-tieu-dung","9":"first","10":"outofstock","11":"sale","12":"shipping-taxable","13":"purchasable","14":"product-type-simple"},"_links":{"self":[{"href":"https:\/\/havamall.vn\/en\/wp-json\/wp\/v2\/product\/33045"}],"collection":[{"href":"https:\/\/havamall.vn\/en\/wp-json\/wp\/v2\/product"}],"about":[{"href":"https:\/\/havamall.vn\/en\/wp-json\/wp\/v2\/types\/product"}],"replies":[{"embeddable":true,"href":"https:\/\/havamall.vn\/en\/wp-json\/wp\/v2\/comments?post=33045"}],"version-history":[{"count":0,"href":"https:\/\/havamall.vn\/en\/wp-json\/wp\/v2\/product\/33045\/revisions"}],"wp:featuredmedia":[{"embeddable":true,"href":"https:\/\/havamall.vn\/en\/wp-json\/wp\/v2\/media\/33052"}],"wp:attachment":[{"href":"https:\/\/havamall.vn\/en\/wp-json\/wp\/v2\/media?parent=33045"}],"wp:term":[{"taxonomy":"product_brand","embeddable":true,"href":"https:\/\/havamall.vn\/en\/wp-json\/wp\/v2\/product_brand?post=33045"},{"taxonomy":"product_cat","embeddable":true,"href":"https:\/\/havamall.vn\/en\/wp-json\/wp\/v2\/product_cat?post=33045"},{"taxonomy":"product_tag","embeddable":true,"href":"https:\/\/havamall.vn\/en\/wp-json\/wp\/v2\/product_tag?post=33045"}],"curies":[{"name":"wp","href":"https:\/\/api.w.org\/{rel}","templated":true}]}}