{"id":33032,"date":"2023-11-28T15:50:01","date_gmt":"2023-11-28T08:50:01","guid":{"rendered":"https:\/\/havamall.vn\/?post_type=product&#038;p=33032"},"modified":"2025-11-13T14:55:02","modified_gmt":"2025-11-13T07:55:02","slug":"nhan-long-tach-hat-dong-lanh-hop-550g-frozen-pitted-longan","status":"publish","type":"product","link":"https:\/\/havamall.vn\/en\/shop\/nhan-long-tach-hat-dong-lanh-hop-550g-frozen-pitted-longan\/","title":{"rendered":"Nh\u00e3n L\u1ed3ng T\u00e1ch H\u1ea1t \u0110\u00f4ng L\u1ea1nh H\u1ed9p 550g &#8211; Frozen Pitted Longan"},"content":{"rendered":"<div dir=\"auto\"><\/div>\n<div dir=\"auto\"><strong style=\"color: #1b1919;font-family: Karla, Arial, Helvetica, sans-serif;font-size: 24px\">TH\u00d4NG TIN CHUNG<\/strong><\/div>\n<div dir=\"auto\">\n<div dir=\"auto\">\n<table>\n<tbody>\n<tr>\n<td>Th\u01b0\u01a1ng hi\u1ec7u<\/td>\n<td>Andros<\/td>\n<\/tr>\n<tr>\n<td>Xu\u1ea5t x\u1ee9 th\u01b0\u01a1ng hi\u1ec7u<\/td>\n<td>Ph\u00e1p<\/td>\n<\/tr>\n<tr>\n<td>H\u1ea1n s\u1eed d\u1ee5ng<\/td>\n<td>12 th\u00e1ng k\u1ec3 t\u1eeb ng\u00e0y s\u1ea3n xu\u1ea5t<\/td>\n<\/tr>\n<tr>\n<td>H\u01b0\u1edbng d\u1eabn b\u1ea3o qu\u1ea3n<\/td>\n<td>B\u1ea3o qu\u1ea3n \u0111\u00f4ng l\u1ea1nh<\/td>\n<\/tr>\n<tr>\n<td>H\u01b0\u1edbng d\u1eabn s\u1eed d\u1ee5ng<\/td>\n<td>D\u00f9ng \u0111\u1ec3 pha ch\u1ebf n\u01b0\u1edbc u\u1ed1ng, l\u00e0m b\u00e1nh, n\u1ea5u \u0103n,\u2026<\/td>\n<\/tr>\n<tr>\n<td>Xu\u1ea5t x\u1ee9<\/td>\n<td>Vi\u1ec7t Nam<\/td>\n<\/tr>\n<tr>\n<td>Tr\u1ecdng l\u01b0\u1ee3ng s\u1ea3n ph\u1ea9m<\/td>\n<td>550g<\/td>\n<\/tr>\n<tr>\n<td>Quy c\u00e1ch \u0111\u00f3ng g\u00f3i<\/td>\n<td>H\u1ed9p 550g<\/td>\n<\/tr>\n<tr>\n<td>Th\u00e0nh ph\u1ea7n<\/td>\n<td>100% nh\u00e3n t\u00e1ch h\u1ea1t \u0111\u00f4ng l\u1ea1nh<\/td>\n<\/tr>\n<\/tbody>\n<\/table>\n<p>Andros Asia l\u00e0 c\u00f4ng ty c\u1ee7a Ph\u00e1p t\u1ea1i Vi\u1ec7t Nam, l\u00e0 chuy\u00ean gia s\u1ea3n xu\u1ea5t ch\u1ebf bi\u1ebfn c\u00e1c lo\u1ea1i tr\u00e1i c\u00e2y, nguy\u00ean li\u1ec7u chuy\u00ean d\u00f9ng trong l\u0129nh v\u1ef1c th\u1ee9c u\u1ed1ng v\u00e0 b\u00e1nh ng\u1ecdt.<\/p>\n<\/div>\n<p dir=\"auto\">ANDROS l\u00e0 c\u00f4ng ty gia \u0111\u00ecnh \u1edf v\u00f9ng ngo\u1ea1i \u00f4 Ph\u00e1p v\u1edbi nh\u1eefng gi\u00e1 tr\u1ecb \u0111\u00e1ng t\u1ef1 h\u00e0o trong h\u01a1n 100 n\u0103m v\u00e0 mong mu\u1ed1n ph\u00e1t tri\u1ec3n th\u00e0nh m\u1ed9t t\u1eadp \u0111o\u00e0n c\u00f4ng nghi\u00eap \u0111a qu\u1ed1c gia. M\u1eb7c d\u00f9 t\u1eeb x\u01b0a \u0111\u1ebfn nay tr\u00e1i c\u00e2y lu\u00f4n l\u00e0 d\u00f2ng s\u1ea3n ph\u1ea9m ch\u00ednh c\u1ee7a ANDROS, t\u1eadp \u0111o\u00e0n c\u00f2n m\u1edf r\u1ed9ng s\u1ea3n xu\u1ea5t th\u00eam nhi\u1ec1u s\u1ea3n ph\u1ea9m kh\u00e1c nh\u01b0 b\u00e1nh k\u1eb9o, s\u1ea3n ph\u1ea9m t\u1eeb s\u1eefa v\u00e0 \u0111\u1ed3 tr\u00e1ng mi\u00eang \u0111\u00f4ng l\u1ea1nh.<\/p>\n<p dir=\"auto\"><img fetchpriority=\"high\" decoding=\"async\" class=\"wp-image-33033 aligncenter\" src=\"https:\/\/havamall.vn\/wp-content\/uploads\/2023\/11\/285991042_1451365771965058_5461071468204350928_n-300x201.jpeg\" alt=\"\" width=\"781\" height=\"523\" srcset=\"https:\/\/havamall.vn\/wp-content\/uploads\/2023\/11\/285991042_1451365771965058_5461071468204350928_n-300x201.jpeg 300w, https:\/\/havamall.vn\/wp-content\/uploads\/2023\/11\/285991042_1451365771965058_5461071468204350928_n-600x402.jpeg 600w, https:\/\/havamall.vn\/wp-content\/uploads\/2023\/11\/285991042_1451365771965058_5461071468204350928_n-1200x804.jpeg 1200w, https:\/\/havamall.vn\/wp-content\/uploads\/2023\/11\/285991042_1451365771965058_5461071468204350928_n-768x515.jpeg 768w, https:\/\/havamall.vn\/wp-content\/uploads\/2023\/11\/285991042_1451365771965058_5461071468204350928_n-1024x686.jpeg 1024w, https:\/\/havamall.vn\/wp-content\/uploads\/2023\/11\/285991042_1451365771965058_5461071468204350928_n.jpeg 1800w\" sizes=\"(max-width: 781px) 100vw, 781px\" \/><\/p>\n<p dir=\"auto\">ANDROS Asia l\u00e0 chuy\u00ean gia s\u1ea3n xu\u1ea5t c\u00e1c lo\u1ea1i tr\u00e1i c\u00e2y t\u1eeb ngu\u1ed3n nguy\u00ean li\u00eau \u0111\u1ecba ph\u01b0\u01a1ng. V\u1edbi ni\u1ec1m \u0111am m\u00ea t\u1ea1o ra nh\u1eefng s\u1ea3n ph\u1ea9m tr\u00e1i c\u00e2y ch\u1ea5t l\u01b0\u1ee3ng v\u00e0 kinh nghi\u1ec7m l\u00e0m m\u1ee9t l\u00e2u \u0111\u1eddi, ANDROS \u0111a d\u1ea1ng h\u00f3a s\u1ea3n ph\u1ea9m \u0111\u1ec3 mang t\u1edbi nh\u1eefng d\u00f2ng s\u1ea3n ph\u1ea9m nguy\u00ean li\u1ec7u ch\u1ebf bi\u1ebfn th\u1ee9c u\u1ed1ng v\u00e0 b\u00e1nh ng\u1ecdt. M\u1ecdi s\u1ea3n ph\u1ea9m \u0111\u1ec1u \u0111\u01b0\u1ee3c ch\u1ebf bi\u1ebfn d\u1ef1a tr\u00ean n\u1eefng chuy\u00ean m\u00f4n v\u00e0 b\u00ed quy\u1ebft l\u00e2u \u0111\u1eddi t\u1eeb Ph\u00e1p.<\/p>\n<\/div>\n<div dir=\"auto\">\n<p>D\u00f2ng s\u1ea3n ph\u1ea9m Tr\u00e1i c\u00e2y \u0111\u00f4ng l\u1ea1nh v\u1edbi d\u00e2y chuy\u1ec1n c\u1ea5p \u0111\u00f4ng si\u00eau t\u1ed1c (IQF) 100% l\u00e0m t\u1eeb tr\u00e1i c\u00e2y t\u1ef1 nhi\u00ean v\u00e0 \u0111\u01b0\u1ee3c l\u1ef1a ch\u1ecdn k\u1ef9 l\u01b0\u1ee1ng, \u0111\u01b0\u1ee3c \u0111\u00f3ng g\u00f3i ti\u1ec7n l\u1ee3i \u0111\u1ec3 ph\u1ee5c v\u1ee5 m\u1ecdi nhu c\u1ea7u s\u1eed d\u1ee5ng su\u1ed1t c\u1ea3 n\u0103m.<\/p>\n<p><img decoding=\"async\" class=\"wp-image-33035 aligncenter\" src=\"https:\/\/havamall.vn\/wp-content\/uploads\/2023\/11\/Screen-Shot-2023-11-28-at-3.37.06-PM-300x288.png\" alt=\"\" width=\"779\" height=\"748\" srcset=\"https:\/\/havamall.vn\/wp-content\/uploads\/2023\/11\/Screen-Shot-2023-11-28-at-3.37.06-PM-300x288.png 300w, https:\/\/havamall.vn\/wp-content\/uploads\/2023\/11\/Screen-Shot-2023-11-28-at-3.37.06-PM-600x577.png 600w, https:\/\/havamall.vn\/wp-content\/uploads\/2023\/11\/Screen-Shot-2023-11-28-at-3.37.06-PM-768x738.png 768w, https:\/\/havamall.vn\/wp-content\/uploads\/2023\/11\/Screen-Shot-2023-11-28-at-3.37.06-PM.png 802w\" sizes=\"(max-width: 779px) 100vw, 779px\" \/><\/p>\n<div class=\"j83agx80\">\n<div class=\"dwo3fsh8 g5ia77u1 rt8b4zig n8ej3o3l agehan2d sk4xxmp2 rq0escxv q9uorilb kvgmc6g5 cxmmr5t8 oygrvhab hcukyx3x jb3vyjys rz4wbd8a qt6c0cv9 a8nywdso l9j0dhe7 i1ao9s8h k4urcfbm\">\n<div class=\"j83agx80 cbu4d94t sj5x9vvc cxgpxx05\">\n<div class=\"rq0escxv l9j0dhe7 du4w35lb j83agx80 pfnyh3mw jifvfom9 ll8tlv6m owycx6da btwxx1t3 hv4rvrfc dati1w0a jb3vyjys b5q2rw42 lq239pai mysgfdmx hddg9phg\">\n<div class=\"rq0escxv l9j0dhe7 du4w35lb j83agx80 cbu4d94t d2edcug0 hpfvmrgz rj1gh0hx buofh1pr g5gj957u o8rfisnq p8fzw8mz pcp91wgn iuny7tx3 ipjc6fyt\">\n<div class=\"j83agx80 cbu4d94t ew0dbk1b irj2b8pg\">\n<div class=\"qzhwtbm6 knvmm38d\">\n<div class=\"j83agx80 cbu4d94t ew0dbk1b irj2b8pg\">\n<div class=\"qzhwtbm6 knvmm38d\">\n<div class=\"kvgmc6g5 cxmmr5t8 oygrvhab hcukyx3x c1et5uql\">\n<p dir=\"auto\">Nh\u1eb1m mang \u0111\u1ebfn s\u1ef1 ti\u1ec7n l\u1ee3i cho ng\u01b0\u1eddi s\u1eed d\u1ee5ng, Andros \u0111\u00e3 s\u1ea3n xu\u1ea5t anh \u0111\u00e0o \u0111\u00f4ng l\u1ea1nh. Ph\u01b0\u01a1ng ph\u00e1p n\u00e0y v\u1eeba ti\u1ebft ki\u1ec7m th\u1eddi gian, v\u1eeba gi\u1ea3i quy\u1ebft lo l\u1eafng cho kh\u00e1ch h\u00e0ng khi th\u1ef1c ph\u1ea9m h\u1ecfng h\u00f3c. Tr\u1ea3i qua quy tr\u00ecnh kh\u00e9p kh\u00ed, c\u00e1c th\u00e0nh ph\u1ea7n dinh d\u01b0\u1ee1ng trong chanh d\u00e2y v\u1eabn \u0111\u01b0\u1ee3c gi\u1eef tr\u1ecdn v\u1eb9n.<\/p>\n<\/div>\n<\/div>\n<\/div>\n<\/div>\n<\/div>\n<\/div>\n<\/div>\n<\/div>\n<\/div>\n<\/div>\n<div class=\"j83agx80\">\n<div class=\"dwo3fsh8 g5ia77u1 rt8b4zig n8ej3o3l agehan2d sk4xxmp2 rq0escxv q9uorilb kvgmc6g5 cxmmr5t8 oygrvhab hcukyx3x jb3vyjys rz4wbd8a qt6c0cv9 a8nywdso l9j0dhe7 i1ao9s8h k4urcfbm\">\n<div class=\"j83agx80 cbu4d94t sj5x9vvc cxgpxx05\">\n<div class=\"rq0escxv l9j0dhe7 du4w35lb j83agx80 pfnyh3mw jifvfom9 ll8tlv6m owycx6da btwxx1t3 hv4rvrfc dati1w0a jb3vyjys b5q2rw42 lq239pai mysgfdmx hddg9phg\">\n<div class=\"rq0escxv l9j0dhe7 du4w35lb j83agx80 cbu4d94t d2edcug0 hpfvmrgz rj1gh0hx buofh1pr g5gj957u o8rfisnq p8fzw8mz pcp91wgn iuny7tx3 ipjc6fyt\">\n<div class=\"j83agx80 cbu4d94t ew0dbk1b irj2b8pg\">\n<div class=\"qzhwtbm6 knvmm38d\">\n<div class=\"j83agx80 cbu4d94t ew0dbk1b irj2b8pg\">\n<div class=\"qzhwtbm6 knvmm38d\">\n<div class=\"kvgmc6g5 cxmmr5t8 oygrvhab hcukyx3x c1et5uql\">\n<p dir=\"auto\">Tr\u00e1i nh\u00e3n l\u1ed3ng \u0111\u00f4ng l\u1ea1nh Andros l\u00e0 d\u00f2ng s\u1ea3n ph\u1ea9m tr\u00e1i c\u00e2y \u0111\u00f4ng l\u1ea1nh v\u1edbi d\u00e2y chuy\u1ec1n c\u1ea5p \u0111\u00f4ng si\u00eau t\u1ed1c (IQF) 100% l\u00e0m t\u1eeb tr\u00e1i c\u00e2y t\u1ef1 nhi\u00ean v\u00e0 \u0111\u01b0\u1ee3c l\u1ef1a ch\u1ecdn k\u1ef9 l\u01b0\u1ee1ng, \u0111\u01b0\u1ee3c \u0111\u00f3ng g\u00f3i ti\u1ec7n l\u1ee3i \u0111\u1ec3 ph\u1ee5c v\u1ee5 m\u1ecdi nhu c\u1ea7u s\u1eed d\u1ee5ng su\u1ed1t c\u1ea3 n\u0103m.<\/p>\n<p dir=\"auto\"><img decoding=\"async\" class=\"wp-image-33036 aligncenter\" src=\"https:\/\/havamall.vn\/wp-content\/uploads\/2023\/11\/Screen-Shot-2023-11-28-at-3.35.04-PM-300x291.png\" alt=\"\" width=\"777\" height=\"754\" srcset=\"https:\/\/havamall.vn\/wp-content\/uploads\/2023\/11\/Screen-Shot-2023-11-28-at-3.35.04-PM-300x291.png 300w, https:\/\/havamall.vn\/wp-content\/uploads\/2023\/11\/Screen-Shot-2023-11-28-at-3.35.04-PM-600x582.png 600w, https:\/\/havamall.vn\/wp-content\/uploads\/2023\/11\/Screen-Shot-2023-11-28-at-3.35.04-PM-768x745.png 768w, https:\/\/havamall.vn\/wp-content\/uploads\/2023\/11\/Screen-Shot-2023-11-28-at-3.35.04-PM.png 799w\" sizes=\"(max-width: 777px) 100vw, 777px\" \/><\/p>\n<div class=\"kvgmc6g5 cxmmr5t8 oygrvhab hcukyx3x c1et5uql ii04i59q\">\n<p dir=\"auto\">Tr\u00e1i c\u00e2y \u0111\u01b0\u1ee3c ch\u1ecdn t\u1eeb nh\u1eefng ngu\u1ed3n v\u00e0 gi\u1ed1ng t\u1ed1t nh\u1ea5t \u0111\u1ea3m b\u1ea3o kh\u00f4ng \u0111\u01b0\u1eddng, kh\u00f4ng ch\u1ea5t t\u1ea1o m\u00f9i, kh\u00f4ng ch\u1ea5t t\u1ea1o m\u00e0u, kh\u00f4ng ch\u1ea5t b\u1ea3o qu\u1ea3n n\u00ean r\u1ea5t an to\u00e0n cho ng\u01b0\u1eddi s\u1eed d\u1ee5ng. S\u1ea3n ph\u1ea9m \u0111\u01b0\u1ee3c l\u00e0m l\u1ea1nh ngay sau khi thu ho\u1ea1ch n\u00ean gi\u1eef \u0111\u01b0\u1ee3c tr\u1ecdn v\u1eb9n h\u01b0\u01a1ng v\u1ecb, \u0111\u1ed9 t\u01b0\u01a1i ngon c\u00f9ng c\u00e1c vitamin, kho\u00e1ng ch\u1ea5t.<\/p>\n<p>Nh\u00e3n c\u00f3 v\u1ecb ng\u1ecdt, t\u00ednh b\u00ecnh, qu\u1ea3 m\u00e0u v\u00e0ng n\u00e2u, h\u1ea1t \u0111en nh\u00e1nh, l\u1edbp c\u01a1m d\u00e0y m\u00e0u tr\u1eafng bao b\u1ecdc h\u1ea1t. Theo nghi\u00ean c\u1ee9u khoa h\u1ecdc, qu\u1ea3 nh\u00e3n c\u00f3 ch\u1ee9a c\u00e1c vi ch\u1ea5t nh\u01b0 S\u1eaft, Magie, K\u1ebdm, Kali, Photpho, Protein, ch\u1ea5t b\u00e9o, \u0111\u01b0\u1eddng Sacaroza, Glucoza.<\/p>\n<p><img loading=\"lazy\" decoding=\"async\" class=\"wp-image-33037 aligncenter\" src=\"https:\/\/havamall.vn\/wp-content\/uploads\/2023\/11\/Screen-Shot-2023-11-28-at-3.36.43-PM-300x289.png\" alt=\"\" width=\"775\" height=\"746\" srcset=\"https:\/\/havamall.vn\/wp-content\/uploads\/2023\/11\/Screen-Shot-2023-11-28-at-3.36.43-PM-300x289.png 300w, https:\/\/havamall.vn\/wp-content\/uploads\/2023\/11\/Screen-Shot-2023-11-28-at-3.36.43-PM-600x578.png 600w, https:\/\/havamall.vn\/wp-content\/uploads\/2023\/11\/Screen-Shot-2023-11-28-at-3.36.43-PM-768x739.png 768w, https:\/\/havamall.vn\/wp-content\/uploads\/2023\/11\/Screen-Shot-2023-11-28-at-3.36.43-PM.png 804w\" sizes=\"(max-width: 775px) 100vw, 775px\" \/><\/p>\n<h3><strong>C\u00d4NG D\u1ee4NG C\u1ee6A QU\u1ea2 NH\u00c3N<\/strong><\/h3>\n<p>\u2013 Nh\u00e3n c\u00f3 nhi\u1ec1u Vitamin A, C, axit h\u1eefu c\u01a1 v\u00e0 ch\u1ea5t x\u01a1 c\u00f3 t\u00e1c d\u1ee5ng r\u1ea5t t\u1ed1t cho s\u1ee9c kh\u1ecfe.<\/p>\n<p>\u2013 H\u00e0m l\u01b0\u1ee3ng vitamin C trong nh\u00e3n d\u1ed3i d\u00e0o gi\u00fap n\u00e2ng cao s\u1ee9c \u0111\u1ec1 kh\u00e1ng cho c\u01a1 th\u1ec3, ng\u0103n ng\u1eeba cao huy\u1ebft \u00e1p v\u00e0 m\u1ed9t s\u1ed1 b\u1ec7nh v\u1ec1 tim m\u1ea1ch.<\/p>\n<p>\u2013 Nh\u00e3n ch\u1ee9a nhi\u1ec1u d\u01b0\u1ee1ng ch\u1ea5t, \u0111\u1eb7c bi\u1ec7t l\u00e0 \u0111\u1ed3ng v\u00e0 canxi trong nh\u00e3n gi\u00fap x\u01b0\u01a1ng kh\u01a1\u0301p ch\u0103\u0301c kho\u0309e, giu\u0301p x\u01b0\u01a1ng pha\u0301t tri\u00ea\u0309n, ng\u01b0\u0300a b\u00ea\u0323nh loa\u0303ng x\u01b0\u01a1ng.<\/p>\n<p>\u2013 Trong qu\u1ea3 nh\u00e3n ch\u1ee9a h\u00e0m l\u01b0\u1ee3ng l\u1edbn ch\u1ea5t s\u1eaft gi\u00fap ph\u00f2ng ng\u1eeba \u0111\u01b0\u1ee3c b\u1ec7nh thi\u1ebfu m\u00e1u.<\/p>\n<p><img loading=\"lazy\" decoding=\"async\" class=\"wp-image-33038 aligncenter\" src=\"https:\/\/havamall.vn\/wp-content\/uploads\/2023\/11\/Screen-Shot-2023-11-28-at-3.43.40-PM-300x292.png\" alt=\"\" width=\"786\" height=\"765\" srcset=\"https:\/\/havamall.vn\/wp-content\/uploads\/2023\/11\/Screen-Shot-2023-11-28-at-3.43.40-PM-300x292.png 300w, https:\/\/havamall.vn\/wp-content\/uploads\/2023\/11\/Screen-Shot-2023-11-28-at-3.43.40-PM-600x585.png 600w, https:\/\/havamall.vn\/wp-content\/uploads\/2023\/11\/Screen-Shot-2023-11-28-at-3.43.40-PM.png 837w\" sizes=\"(max-width: 786px) 100vw, 786px\" \/><\/p>\n<\/div>\n<\/div>\n<\/div>\n<\/div>\n<\/div>\n<\/div>\n<\/div>\n<\/div>\n<\/div>\n<\/div>\n<\/div>\n<h2><strong>\u0110\u1eb6C \u0110I\u1ec2M N\u1ed4I B\u1eacT C\u1ee6A S\u1ea2N PH\u1ea8M<\/strong><\/h2>\n<p>&gt; T\u1eeb tr\u00e1i c\u00e2y ch\u00edn m\u1ecdng \u0111\u01b0\u1ee3c l\u1ef1a ch\u1ecdn k\u0129 l\u01b0\u1ee1ng t\u1eeb h\u1ec7 th\u1ed1ng cung c\u1ea5p c\u1ee7a ch\u00fang t\u00f4i<\/p>\n<p>&gt; \u0110\u01b0\u1ee3c ph\u00e2n lo\u1ea1i t\u1eadn tay v\u00e0 ch\u1ecdn l\u1ecdc ch\u1eb7t ch\u1ebd tr\u01b0\u1edbc khi \u0111\u00f3ng g\u00f3i<\/p>\n<p>&gt; Tr\u00e1i c\u00e2y \u0111\u01b0\u1ee3c ch\u1ecdn t\u1eeb nh\u1eefng ngu\u1ed3n v\u00e0 gi\u1ed1ng t\u1ed1t nh\u1ea5t<\/p>\n<p dir=\"auto\">&gt; 100% l\u00e0m t\u1eeb tr\u00e1i c\u00e2y t\u1ef1 nhi\u00ean<\/p>\n<p dir=\"auto\">&gt; \u0110\u01b0\u1ee3c ph\u00e2n lo\u1ea1i t\u1eadn tay, t\u00e1ch h\u1ea1t v\u00e0 v\u1ecf tr\u01b0\u1edbc khi \u0111\u00f3ng g\u00f3i<\/p>\n<p dir=\"auto\">&gt; D\u00e2y chuy\u1ec1n c\u1ea5p \u0111\u00f4ng si\u00eau t\u1ed1c IQF t\u00e1ch r\u1eddi gi\u1eef nguy\u00ean s\u1ef1 t\u01b0\u01a1i ngon, dinh d\u01b0\u1ee1ng<\/p>\n<\/div>","protected":false},"excerpt":{"rendered":"<p>TH\u00d4NG TIN CHUNG Th\u01b0\u01a1ng hi\u1ec7u Andros Xu\u1ea5t x\u1ee9 th\u01b0\u01a1ng hi\u1ec7u Ph\u00e1p H\u1ea1n s\u1eed d\u1ee5ng 12 th\u00e1ng k\u1ec3 t\u1eeb ng\u00e0y s\u1ea3n<\/p>","protected":false},"featured_media":33039,"comment_status":"open","ping_status":"closed","template":"","meta":[],"product_brand":[],"product_cat":[275,36],"product_tag":[],"class_list":{"0":"post-33032","1":"product","2":"type-product","3":"status-publish","4":"has-post-thumbnail","6":"product_cat-thuc-pham-dong-lanh","7":"product_cat-thuc-pham-tieu-dung","8":"pa_brand-andros","10":"first","11":"instock","12":"sale","13":"shipping-taxable","14":"purchasable","15":"product-type-simple"},"_links":{"self":[{"href":"https:\/\/havamall.vn\/en\/wp-json\/wp\/v2\/product\/33032"}],"collection":[{"href":"https:\/\/havamall.vn\/en\/wp-json\/wp\/v2\/product"}],"about":[{"href":"https:\/\/havamall.vn\/en\/wp-json\/wp\/v2\/types\/product"}],"replies":[{"embeddable":true,"href":"https:\/\/havamall.vn\/en\/wp-json\/wp\/v2\/comments?post=33032"}],"version-history":[{"count":0,"href":"https:\/\/havamall.vn\/en\/wp-json\/wp\/v2\/product\/33032\/revisions"}],"wp:featuredmedia":[{"embeddable":true,"href":"https:\/\/havamall.vn\/en\/wp-json\/wp\/v2\/media\/33039"}],"wp:attachment":[{"href":"https:\/\/havamall.vn\/en\/wp-json\/wp\/v2\/media?parent=33032"}],"wp:term":[{"taxonomy":"product_brand","embeddable":true,"href":"https:\/\/havamall.vn\/en\/wp-json\/wp\/v2\/product_brand?post=33032"},{"taxonomy":"product_cat","embeddable":true,"href":"https:\/\/havamall.vn\/en\/wp-json\/wp\/v2\/product_cat?post=33032"},{"taxonomy":"product_tag","embeddable":true,"href":"https:\/\/havamall.vn\/en\/wp-json\/wp\/v2\/product_tag?post=33032"}],"curies":[{"name":"wp","href":"https:\/\/api.w.org\/{rel}","templated":true}]}}